{"id":423791,"date":"2025-11-17T14:18:33","date_gmt":"2025-11-17T13:18:33","guid":{"rendered":"https:\/\/gr-100.com\/producto\/specialized-turbo-vado-4-0\/"},"modified":"2026-01-15T14:22:58","modified_gmt":"2026-01-15T12:22:58","slug":"specialized-turbo-vado-4-0","status":"publish","type":"product","link":"https:\/\/gr-100.com\/pt-pt\/producto\/specialized-turbo-vado-4-0\/","title":{"rendered":"Specialized Turbo Vado 4.0"},"content":{"rendered":"<ul>\n<li>POTENTE: Eres t\u00fa, s\u00f3lo que m\u00e1s r\u00e1pido &#8211; es 4x You. El sistema Turbo Full Power detecta la fuerza que aplicas a los pedales y la cuadruplica de forma natural para una experiencia que hace que subir cualquier cuesta o llegar a cualquier destino sea pan comido. Literalmente.  <\/li>\n<li>COMODIDAD Y CONFIANZA: La posici\u00f3n del cuerpo y la maniobrabilidad se han optimizado para ofrecer una comodidad de conducci\u00f3n, una confianza y un control insuperables. Los potentes frenos de disco hidr\u00e1ulicos controlan la velocidad, mientras que los neum\u00e1ticos de mayor tama\u00f1o proporcionan la m\u00e1xima tracci\u00f3n para girar y detenerse. <\/li>\n<li>LARGA DISTANCIA: Con una autonom\u00eda de conducci\u00f3n para llegar a cualquier lugar, recorre hasta 150 km con una sola carga.<\/li>\n<li>COMODIDAD: Mantente c\u00f3modo en el sill\u00edn con una horquilla de suspensi\u00f3n delantera de 80 mm, neum\u00e1ticos de mayor volumen y una tija de sill\u00edn con suspensi\u00f3n que suaviza los baches.<\/li>\n<li>SEGURIDAD: La Vado cuenta con bloqueo antirrobo integrado en la propia bicicleta. Evita que los posibles ladrones de bicicletas desactiven el motor con s\u00f3lo pulsar un bot\u00f3n para que nadie pueda encender el motor sin tu tel\u00e9fono conectado a la aplicaci\u00f3n Mission Control o tu pin personalizado. La bater\u00eda de la Vado se bloquea en la bicicleta o se puede llevar f\u00e1cilmente contigo. Y si alguien intenta mover tu bici sonar\u00e1 una alarma. L\u00e1rgate, ladr\u00f3n.    <\/li>\n<li>MEJOR CON EL TIEMPO: Porque nuestra tecnolog\u00eda nunca deja de mejorar, tampoco lo har\u00e1 tu experiencia de conducci\u00f3n. Con nuevas funciones, presentaciones y actualizaciones de firmware inal\u00e1mbricas, lleva tu experiencia de conducci\u00f3n al siguiente nivel cada vez que haya una actualizaci\u00f3n disponible. <\/li>\n<li>Motor Turbo Full Power 2.0 e Bateria de 710Wh &#8211; Integrados na estrutura de alum\u00ednio do Tero 4.0, eles efetivamente quadruplicam sua pr\u00f3pria pot\u00eancia, fornecendo muitos watts para facilitar o trabalho nas subidas mais \u00edngremes e fornecendo m\u00fasculo extra suficiente para permitir que voc\u00ea carregue seu equipamento de aventura, comida, crian\u00e7as e todos os seus sonhos sem suar. \u00c9 voc\u00ea, mas mais r\u00e1pido. Mas o que realmente diferencia este motor dos restantes \u00e9 a efici\u00eancia e fluidez com que se mistura com os seus pr\u00f3prios esfor\u00e7os.  <\/li>\n<li>MasterMind e Mission Control &#8211; O ecr\u00e3 MasterMind apresenta toda a informa\u00e7\u00e3o relevante sobre a sua condu\u00e7\u00e3o, permite o ajuste em tempo real dos n\u00edveis de assist\u00eancia e permite atualiza\u00e7\u00f5es para melhorar a sua moto ao longo do tempo. MasterMind integra-se perfeitamente com o aplicativo Mission Control para fornecer ferramentas de otimiza\u00e7\u00e3o de alcance, ajuste avan\u00e7ado, diagn\u00f3sticos em tempo real e muito mais.<\/li>\n<li>Eficacia Suave Probada &#8211; Hemos dise\u00f1ado un mecanismo de testpersonalizado para analizar los baches, incluso a la frecuencia m\u00e1s peque\u00f1a para aumentar la comodidad y la visi\u00f3n. Esa precisi\u00f3n, combinada con neum\u00e1ticos de mayor volumen y una horquilla de suspensi\u00f3n de 80 mm, allanar\u00e1 las carreteras ante tus ojos. <\/li>\n<li>Bloqueio do sistema Turbo &#8211; Use o aplicativo Mission Control para desativar o motor e ativar o alarme de movimento. Uma vez que o motor est\u00e1 bloqueado, apenas o propriet\u00e1rio pode desbloque\u00e1-lo. <\/li>\n<li>Bateria totalmente integrada no tubo inferior, remov\u00edvel e bloque\u00e1vel &#8211; F\u00e1cil de carregar, f\u00e1cil de fixar.<\/li>\n<li>Equipado com para-lamas DRYTECH, LED frontal, luz traseira e rack com capacidade para 27 kg. Preparado e aprovado para cadeiras de crian\u00e7a e para o transporte de um reboque de eixo traseiro. <\/li>\n<li>Long-Range &#8211; With a ride-anywhere range, go up to 90 miles (145 km) or 6.5 hours on a single charge (eco mode).<\/li>\n<li>ESPECIFICA\u00c7\u00d5ES T\u00c9CNICAS<\/li>\n<li>E-bike<br \/>\nCARGADOR<br \/>\nCustom charger, 42V4A w\/ Rosenberger plug, 100-240V<br \/>\nCABLEADO<br \/>\nCustom wire harness<br \/>\nUI\/REMOTE<br \/>\nMasterMind TCD, w\/handlebar remote, built-in anti-theft feature, Bluetooth\u00ae connectivity, customizable display pages<br \/>\nMOTOR<br \/>\nSpecialized 2.0, 70Nm torque, custom tuned motor, 250W nominal<br \/>\nBATER\u00cdA<br \/>\nSpecialized U2-710, alloy casing, state of charge display, 710Wh<\/li>\n<li>Cockpit<br \/>\nSILL\u00cdN<br \/>\nBridge Sport, Steel rails, 155mm<br \/>\nPU\u00d1OS<br \/>\nSpecialized Body Geometry Contour, lock-on<br \/>\nPOTENCIA<br \/>\nSpecialized Flowset, 3D-forged alloy, 20-degree rise, 31.8mm clamp<br \/>\nMANILLAR<br \/>\nSpecialized, alloy, 15-degree backsweep, 46mm rise, 31.8mm<br \/>\nTIJA DE SILL\u00cdN<br \/>\nSpring suspension, alloy, 40mm travel, 30.9mm, 2-bolt clamp, 34.9mm sleeve<\/li>\n<li>Frameset<br \/>\nABRAZ. SILL\u00cdN<br \/>\nAlloy, bolt-type, 34.9mm<br \/>\nCUADRO<br \/>\nE5 Aluminum, bottom bracket motor mount, fully integrated &amp;lockable downtube battery, internal cable routing, lock and front rack mount, sliding dropout <\/li>\n<li>Suspension<br \/>\nHORQUILLA<br \/>\nSR Suntour MobieA32, 80mm travel, lockout, fender-mounts, integrated light mount<\/li>\n<li>Brakes<br \/>\nFRENO TRASERO<br \/>\nSRAM Level, 2-piston caliper, hydraulic disc, 180mm<br \/>\nFRENO DELANTERO<br \/>\nSRAM Level, 2-piston caliper, hydraulic disc, 180mm<\/li>\n<li>Drivetrain<br \/>\nPLATOS<br \/>\nPraxis, 48T, 104BCD<br \/>\nPEDALIER<br \/>\nCustom alloy forged crankarms<br \/>\nPROTECTOR DE CADENA<br \/>\nCustom chaincover<br \/>\nCADENA<br \/>\nKMC e11S, 11-speed w\/ Missing Link\u2122<br \/>\nCAMBIO<br \/>\nSRAM NX, 11-speed<br \/>\nMANDOS DE CAMBIO<br \/>\nSRAM NX, 11-speed<br \/>\nCASETE<br \/>\nSRAM PG-1130, 11-speed, 11-42t<\/li>\n<li>Wheels &amp; tires<br \/>\nLLANTAS<br \/>\n650b disc, double-wall alloy, pinned, 32h<br \/>\nBUJE TRASERO<br \/>\nAlloy, sealed cartridge bearings, 12x148mm thru-axle, 32h<br \/>\nRADIOS<br \/>\nDT Swiss Industry<br \/>\nNEUM\u00c1TICO DEL.<br \/>\nPathfinder Sport Reflect, 650Bx2.3<br \/>\nNEUM\u00c1TICO TRASERO<br \/>\nPathfinder Sport Reflect, 650Bx2.3<br \/>\nBUJE DELANTERO<br \/>\nSpecialized alloy front hub disc, sealed cardridge bearings, 6-bolt, 15x110mm thru-axle, 32h<br \/>\nC\u00c1MARAS<br \/>\nStandard 40mm SV 650Bx1.75-2.4<\/li>\n<li>Acess\u00f3rios<br \/>\nFENDER<br \/>\nSpecialized Para-lamas DRYTECH, largura de 65mm, para-lamas de alum\u00ednio<br \/>\nLUZ FRONTAL<br \/>\nLezyne Ebike Hecto E65, 210 Lumen, 12V<br \/>\nTIMBRE<br \/>\nSino simples<br \/>\nLANTERNA TRASEIRA<br \/>\nSpanninga Commuter Glow XE, 12V<br \/>\nPEDAIS<br \/>\nSpecialized Trabalhador pendular c\/ fita adesiva e refletores<br \/>\nKICKSTAND<br \/>\nSpecialized , montagem de 40mm<br \/>\nPORTA-BAGAGENS<br \/>\nSuporte Specialized, interface MIK HD, suportes de alforges incorporados, carga m\u00e1xima de 27 kg<br \/>\nBLOQUEIO<br \/>\nBloqueio do sistema Turbo<\/li>\n<li>Weight<br \/>\nDINAMO<br \/>\n22.5kg (49 lb, 9.7 oz)<\/li>\n<\/ul>\n","protected":false},"excerpt":{"rendered":"<p>POTENTE: Eres t\u00fa, s\u00f3lo que m\u00e1s r\u00e1pido &#8211; es 4x You. El sistema Turbo Full Power detecta la fuerza que aplicas a los pedales y la cuadruplica de forma natural para una experiencia que hace que subir cualquier cuesta o llegar a cualquier destino sea pan comido. Literalmente. COMODIDAD Y CONFIANZA: La posici\u00f3n del cuerpo [&hellip;]<\/p>\n","protected":false},"featured_media":421336,"comment_status":"open","ping_status":"closed","template":"","meta":{"_acf_changed":false,"_et_pb_use_builder":"","_et_pb_old_content":"","_et_gb_content_width":"","inline_featured_image":false},"product_brand":[],"product_cat":[5374,4353,2459,5284,391,5280,5282,5260,5283,403],"product_tag":[],"class_list":{"0":"post-423791","1":"product","2":"type-product","3":"status-publish","4":"has-post-thumbnail","6":"product_cat-descontos","7":"product_cat-liquidacion-specialized","8":"product_cat-bicicletas-pt-pt-2","9":"product_cat-bicicletas-urbanas-pt-pt","10":"product_cat-eletricas","11":"product_cat-bicicletas-electricas-aluminio-pt-pt","12":"product_cat-bicicletas-electricas-paseo-pt-pt","13":"product_cat-bicicletas-electricas-specialized-pt-pt","14":"product_cat-bicicletas-electricas-trekking-pt-pt","15":"product_cat-outlet-pt-pt","16":"product_shipping_class-bicicletas-pt-pt","18":"first","19":"instock","20":"sale","21":"taxable","22":"shipping-taxable","23":"purchasable","24":"product-type-variable","25":"wvs-archive-product-wrapper"},"acf":[],"yoast_head":"<!-- This site is optimized with the Yoast SEO Premium plugin v26.7 (Yoast SEO v26.7) - https:\/\/yoast.com\/wordpress\/plugins\/seo\/ -->\n<title>Specialized Turbo Vado 4.0 GR-100<\/title>\n<meta name=\"description\" content=\"Tu bicicleta de transporte de alto rendimiento, que te llevar\u00e1 a donde quieras con una combinaci\u00f3n inigualable de velocidad, fiabilidad y confianza.\" \/>\n<meta name=\"robots\" content=\"index, follow, max-snippet:-1, max-image-preview:large, max-video-preview:-1\" \/>\n<link rel=\"canonical\" href=\"https:\/\/gr-100.com\/pt-pt\/producto\/specialized-turbo-vado-4-0\/\" \/>\n<meta property=\"og:locale\" content=\"pt_PT\" \/>\n<meta property=\"og:type\" content=\"article\" \/>\n<meta property=\"og:title\" content=\"Specialized Turbo Vado 4.0\" \/>\n<meta property=\"og:description\" content=\"Tu bicicleta de transporte de alto rendimiento, que te llevar\u00e1 a donde quieras con una combinaci\u00f3n inigualable de velocidad, fiabilidad y confianza.\" \/>\n<meta property=\"og:url\" content=\"https:\/\/gr-100.com\/pt-pt\/producto\/specialized-turbo-vado-4-0\/\" \/>\n<meta property=\"og:site_name\" content=\"Gr-100 Tienda de ciclismo Specialized\" \/>\n<meta property=\"article:publisher\" content=\"https:\/\/www.facebook.com\/Gr100Bikes\" \/>\n<meta property=\"article:modified_time\" content=\"2026-01-15T12:22:58+00:00\" \/>\n<meta property=\"og:image\" content=\"https:\/\/gr-100.com\/wp-content\/uploads\/2025\/11\/Diseno-sin-titulo-2025-11-17T125016.470.jpg\" \/>\n\t<meta property=\"og:image:width\" content=\"1000\" \/>\n\t<meta property=\"og:image:height\" content=\"1000\" \/>\n\t<meta property=\"og:image:type\" content=\"image\/jpeg\" \/>\n<meta name=\"twitter:card\" content=\"summary_large_image\" \/>\n<meta name=\"twitter:label1\" content=\"Tempo estimado de leitura\" \/>\n\t<meta name=\"twitter:data1\" content=\"5 minutos\" \/>\n<script type=\"application\/ld+json\" class=\"yoast-schema-graph\">{\"@context\":\"https:\/\/schema.org\",\"@graph\":[{\"@type\":\"WebPage\",\"@id\":\"https:\/\/gr-100.com\/pt-pt\/producto\/specialized-turbo-vado-4-0\/\",\"url\":\"https:\/\/gr-100.com\/pt-pt\/producto\/specialized-turbo-vado-4-0\/\",\"name\":\"Specialized Turbo Vado 4.0 GR-100\",\"isPartOf\":{\"@id\":\"https:\/\/gr-100.com\/#website\"},\"primaryImageOfPage\":{\"@id\":\"https:\/\/gr-100.com\/pt-pt\/producto\/specialized-turbo-vado-4-0\/#primaryimage\"},\"image\":{\"@id\":\"https:\/\/gr-100.com\/pt-pt\/producto\/specialized-turbo-vado-4-0\/#primaryimage\"},\"thumbnailUrl\":\"https:\/\/gr-100.com\/wp-content\/uploads\/2025\/11\/Diseno-sin-titulo-2025-11-17T125016.470.jpg\",\"datePublished\":\"2025-11-17T13:18:33+00:00\",\"dateModified\":\"2026-01-15T12:22:58+00:00\",\"description\":\"Tu bicicleta de transporte de alto rendimiento, que te llevar\u00e1 a donde quieras con una combinaci\u00f3n inigualable de velocidad, fiabilidad y confianza.\",\"breadcrumb\":{\"@id\":\"https:\/\/gr-100.com\/pt-pt\/producto\/specialized-turbo-vado-4-0\/#breadcrumb\"},\"inLanguage\":\"pt-PT\",\"potentialAction\":[{\"@type\":\"ReadAction\",\"target\":[\"https:\/\/gr-100.com\/pt-pt\/producto\/specialized-turbo-vado-4-0\/\"]}]},{\"@type\":\"ImageObject\",\"inLanguage\":\"pt-PT\",\"@id\":\"https:\/\/gr-100.com\/pt-pt\/producto\/specialized-turbo-vado-4-0\/#primaryimage\",\"url\":\"https:\/\/gr-100.com\/wp-content\/uploads\/2025\/11\/Diseno-sin-titulo-2025-11-17T125016.470.jpg\",\"contentUrl\":\"https:\/\/gr-100.com\/wp-content\/uploads\/2025\/11\/Diseno-sin-titulo-2025-11-17T125016.470.jpg\",\"width\":1000,\"height\":1000},{\"@type\":\"BreadcrumbList\",\"@id\":\"https:\/\/gr-100.com\/pt-pt\/producto\/specialized-turbo-vado-4-0\/#breadcrumb\",\"itemListElement\":[{\"@type\":\"ListItem\",\"position\":1,\"name\":\"Portada\",\"item\":\"https:\/\/gr-100.com\/en\/\"},{\"@type\":\"ListItem\",\"position\":2,\"name\":\"Productos\",\"item\":\"https:\/\/gr-100.com\/?post_type=product\"},{\"@type\":\"ListItem\",\"position\":3,\"name\":\"Specialized Turbo Vado 4.0\"}]},{\"@type\":\"WebSite\",\"@id\":\"https:\/\/gr-100.com\/#website\",\"url\":\"https:\/\/gr-100.com\/\",\"name\":\"Gr-100 Tienda de ciclismo Specialized\",\"description\":\"GR-100 tenemos todas las gamas de bicicletas Specialized al mejor precio.\",\"publisher\":{\"@id\":\"https:\/\/gr-100.com\/#organization\"},\"alternateName\":\"Gr-100 Bikes\",\"potentialAction\":[{\"@type\":\"SearchAction\",\"target\":{\"@type\":\"EntryPoint\",\"urlTemplate\":\"https:\/\/gr-100.com\/?s={search_term_string}\"},\"query-input\":{\"@type\":\"PropertyValueSpecification\",\"valueRequired\":true,\"valueName\":\"search_term_string\"}}],\"inLanguage\":\"pt-PT\"},{\"@type\":\"Organization\",\"@id\":\"https:\/\/gr-100.com\/#organization\",\"name\":\"Gr-100\",\"url\":\"https:\/\/gr-100.com\/\",\"logo\":{\"@type\":\"ImageObject\",\"inLanguage\":\"pt-PT\",\"@id\":\"https:\/\/gr-100.com\/#\/schema\/logo\/image\/\",\"url\":\"https:\/\/gr-100.com\/wp-content\/uploads\/2023\/08\/logo-gr-100-bikes.png\",\"contentUrl\":\"https:\/\/gr-100.com\/wp-content\/uploads\/2023\/08\/logo-gr-100-bikes.png\",\"width\":707,\"height\":284,\"caption\":\"Gr-100\"},\"image\":{\"@id\":\"https:\/\/gr-100.com\/#\/schema\/logo\/image\/\"},\"sameAs\":[\"https:\/\/www.facebook.com\/Gr100Bikes\",\"https:\/\/www.instagram.com\/gr100bikes\/\",\"https:\/\/www.tiktok.com\/@gr100bikes\",\"https:\/\/twitter.com\/gr100mtbteam\",\"https:\/\/www.youtube.com\/c\/GR100Specialized\"]}]}<\/script>\n<!-- \/ Yoast SEO Premium plugin. -->","yoast_head_json":{"title":"Specialized Turbo Vado 4.0 GR-100","description":"Tu bicicleta de transporte de alto rendimiento, que te llevar\u00e1 a donde quieras con una combinaci\u00f3n inigualable de velocidad, fiabilidad y confianza.","robots":{"index":"index","follow":"follow","max-snippet":"max-snippet:-1","max-image-preview":"max-image-preview:large","max-video-preview":"max-video-preview:-1"},"canonical":"https:\/\/gr-100.com\/pt-pt\/producto\/specialized-turbo-vado-4-0\/","og_locale":"pt_PT","og_type":"article","og_title":"Specialized Turbo Vado 4.0","og_description":"Tu bicicleta de transporte de alto rendimiento, que te llevar\u00e1 a donde quieras con una combinaci\u00f3n inigualable de velocidad, fiabilidad y confianza.","og_url":"https:\/\/gr-100.com\/pt-pt\/producto\/specialized-turbo-vado-4-0\/","og_site_name":"Gr-100 Tienda de ciclismo Specialized","article_publisher":"https:\/\/www.facebook.com\/Gr100Bikes","article_modified_time":"2026-01-15T12:22:58+00:00","og_image":[{"width":1000,"height":1000,"url":"https:\/\/gr-100.com\/wp-content\/uploads\/2025\/11\/Diseno-sin-titulo-2025-11-17T125016.470.jpg","type":"image\/jpeg"}],"twitter_card":"summary_large_image","twitter_misc":{"Tempo estimado de leitura":"5 minutos"},"schema":{"@context":"https:\/\/schema.org","@graph":[{"@type":"WebPage","@id":"https:\/\/gr-100.com\/pt-pt\/producto\/specialized-turbo-vado-4-0\/","url":"https:\/\/gr-100.com\/pt-pt\/producto\/specialized-turbo-vado-4-0\/","name":"Specialized Turbo Vado 4.0 GR-100","isPartOf":{"@id":"https:\/\/gr-100.com\/#website"},"primaryImageOfPage":{"@id":"https:\/\/gr-100.com\/pt-pt\/producto\/specialized-turbo-vado-4-0\/#primaryimage"},"image":{"@id":"https:\/\/gr-100.com\/pt-pt\/producto\/specialized-turbo-vado-4-0\/#primaryimage"},"thumbnailUrl":"https:\/\/gr-100.com\/wp-content\/uploads\/2025\/11\/Diseno-sin-titulo-2025-11-17T125016.470.jpg","datePublished":"2025-11-17T13:18:33+00:00","dateModified":"2026-01-15T12:22:58+00:00","description":"Tu bicicleta de transporte de alto rendimiento, que te llevar\u00e1 a donde quieras con una combinaci\u00f3n inigualable de velocidad, fiabilidad y confianza.","breadcrumb":{"@id":"https:\/\/gr-100.com\/pt-pt\/producto\/specialized-turbo-vado-4-0\/#breadcrumb"},"inLanguage":"pt-PT","potentialAction":[{"@type":"ReadAction","target":["https:\/\/gr-100.com\/pt-pt\/producto\/specialized-turbo-vado-4-0\/"]}]},{"@type":"ImageObject","inLanguage":"pt-PT","@id":"https:\/\/gr-100.com\/pt-pt\/producto\/specialized-turbo-vado-4-0\/#primaryimage","url":"https:\/\/gr-100.com\/wp-content\/uploads\/2025\/11\/Diseno-sin-titulo-2025-11-17T125016.470.jpg","contentUrl":"https:\/\/gr-100.com\/wp-content\/uploads\/2025\/11\/Diseno-sin-titulo-2025-11-17T125016.470.jpg","width":1000,"height":1000},{"@type":"BreadcrumbList","@id":"https:\/\/gr-100.com\/pt-pt\/producto\/specialized-turbo-vado-4-0\/#breadcrumb","itemListElement":[{"@type":"ListItem","position":1,"name":"Portada","item":"https:\/\/gr-100.com\/en\/"},{"@type":"ListItem","position":2,"name":"Productos","item":"https:\/\/gr-100.com\/?post_type=product"},{"@type":"ListItem","position":3,"name":"Specialized Turbo Vado 4.0"}]},{"@type":"WebSite","@id":"https:\/\/gr-100.com\/#website","url":"https:\/\/gr-100.com\/","name":"Gr-100 Tienda de ciclismo Specialized","description":"GR-100 tenemos todas las gamas de bicicletas Specialized al mejor precio.","publisher":{"@id":"https:\/\/gr-100.com\/#organization"},"alternateName":"Gr-100 Bikes","potentialAction":[{"@type":"SearchAction","target":{"@type":"EntryPoint","urlTemplate":"https:\/\/gr-100.com\/?s={search_term_string}"},"query-input":{"@type":"PropertyValueSpecification","valueRequired":true,"valueName":"search_term_string"}}],"inLanguage":"pt-PT"},{"@type":"Organization","@id":"https:\/\/gr-100.com\/#organization","name":"Gr-100","url":"https:\/\/gr-100.com\/","logo":{"@type":"ImageObject","inLanguage":"pt-PT","@id":"https:\/\/gr-100.com\/#\/schema\/logo\/image\/","url":"https:\/\/gr-100.com\/wp-content\/uploads\/2023\/08\/logo-gr-100-bikes.png","contentUrl":"https:\/\/gr-100.com\/wp-content\/uploads\/2023\/08\/logo-gr-100-bikes.png","width":707,"height":284,"caption":"Gr-100"},"image":{"@id":"https:\/\/gr-100.com\/#\/schema\/logo\/image\/"},"sameAs":["https:\/\/www.facebook.com\/Gr100Bikes","https:\/\/www.instagram.com\/gr100bikes\/","https:\/\/www.tiktok.com\/@gr100bikes","https:\/\/twitter.com\/gr100mtbteam","https:\/\/www.youtube.com\/c\/GR100Specialized"]}]}},"_links":{"self":[{"href":"https:\/\/gr-100.com\/pt-pt\/wp-json\/wp\/v2\/product\/423791","targetHints":{"allow":["GET"]}}],"collection":[{"href":"https:\/\/gr-100.com\/pt-pt\/wp-json\/wp\/v2\/product"}],"about":[{"href":"https:\/\/gr-100.com\/pt-pt\/wp-json\/wp\/v2\/types\/product"}],"replies":[{"embeddable":true,"href":"https:\/\/gr-100.com\/pt-pt\/wp-json\/wp\/v2\/comments?post=423791"}],"wp:featuredmedia":[{"embeddable":true,"href":"https:\/\/gr-100.com\/pt-pt\/wp-json\/wp\/v2\/media\/421336"}],"wp:attachment":[{"href":"https:\/\/gr-100.com\/pt-pt\/wp-json\/wp\/v2\/media?parent=423791"}],"wp:term":[{"taxonomy":"product_brand","embeddable":true,"href":"https:\/\/gr-100.com\/pt-pt\/wp-json\/wp\/v2\/product_brand?post=423791"},{"taxonomy":"product_cat","embeddable":true,"href":"https:\/\/gr-100.com\/pt-pt\/wp-json\/wp\/v2\/product_cat?post=423791"},{"taxonomy":"product_tag","embeddable":true,"href":"https:\/\/gr-100.com\/pt-pt\/wp-json\/wp\/v2\/product_tag?post=423791"}],"curies":[{"name":"wp","href":"https:\/\/api.w.org\/{rel}","templated":true}]}}