{"id":423809,"date":"2025-11-17T13:23:24","date_gmt":"2025-11-17T12:23:24","guid":{"rendered":"https:\/\/gr-100.com\/producto\/specialized-turbo-vado-s-igh\/"},"modified":"2025-11-17T13:23:24","modified_gmt":"2025-11-17T11:23:24","slug":"specialized-turbo-vado-s-igh","status":"publish","type":"product","link":"https:\/\/gr-100.com\/pt-pt\/producto\/specialized-turbo-vado-s-igh\/","title":{"rendered":"Specialized Turbo Vado S IGH"},"content":{"rendered":"<ul>\n<li>CONFORT\u00c1VEL E CONFI\u00c1VEL: A posi\u00e7\u00e3o do corpo e a manobrabilidade s\u00e3o optimizadas para te dar todo o conforto, confian\u00e7a e controlo de que necessitas. Os trav\u00f5es de disco hidr\u00e1ulicos ajudam-te a dominar a tua velocidade e os pneus maiores d\u00e3o-te mais tra\u00e7\u00e3o para as curvas e travagens. <\/li>\n<li>SUAVE: Concebemos um mecanismo de teste personalizado para analisar at\u00e9 os mais pequenos solavancos para melhorar o conforto e a visibilidade. Esta precis\u00e3o, juntamente com o espig\u00e3o de selim com suspens\u00e3o, pneus maiores e forqueta com curso de 80 mm, faz com que a estrada seja mais suave e macia do que a seda. <\/li>\n<li>SEGURO: O Vado S tem um bloqueio antirroubo integrado. Basta premires um bot\u00e3o para desligares o motor e evitares o roubo. S\u00f3 h\u00e1 duas formas de o voltar a ligar: ou o teu telem\u00f3vel est\u00e1 ligado \u00e0 aplica\u00e7\u00e3o Specialized ou introduzes o teu pin personalizado. Quanto \u00e0 bateria, podes tranc\u00e1-la para a deixar na bicicleta ou retir\u00e1-la e lev\u00e1-la contigo. Se algu\u00e9m tentar mover a bicicleta, soa um alarme. 100% \u00e0 prova de ladr\u00f5es!     <\/li>\n<li>O Vado S \u00e9 alimentado pelo nosso motor Turbo Full Power 2.2 que atinge 45 km\/h (L1E) e uma bateria de 710 Wh.<\/li>\n<li>O ecr\u00e3 MasterMind mostra-te todas as informa\u00e7\u00f5es de que precisas sobre a tua bicicleta. Podes ajustar o n\u00edvel de assist\u00eancia em tempo real, otimizar a autonomia, personalizar a tua experi\u00eancia nas defini\u00e7\u00f5es avan\u00e7adas, ver os diagn\u00f3sticos e aceder a muitas outras fun\u00e7\u00f5es. <\/li>\n<li>Bloqueio do sistema Turbo: Utiliza a aplica\u00e7\u00e3o Specialized para desligar o motor da tua bicicleta e ativar o alarme do sensor de movimento. Quando o motor est\u00e1 bloqueado, apenas o propriet\u00e1rio da bicicleta pode voltar a lig\u00e1-lo. <\/li>\n<li>A bateria est\u00e1 integrada no tubo inferior e pode ser retirada e bloqueada. \u00c9 f\u00e1cil de carregar e montar na bicicleta. <\/li>\n<li>Est\u00e1 equipada com guarda-lamas DRYTECH, luzes LED dianteiras e traseiras e um suporte traseiro HD de 27 kg. As cadeiras de crian\u00e7a e os atrelados de eixo traseiro podem ser fixados ao suporte. <\/li>\n<li>O radar Garmin incorporado detecta ve\u00edculos que se aproximam por tr\u00e1s a uma dist\u00e2ncia de at\u00e9 140 metros. Avisa-o da dist\u00e2ncia relativa e da velocidade dos ve\u00edculos que se aproximam atrav\u00e9s de alertas visuais, sonoros e t\u00e1cteis. <\/li>\n<li>O Enviolo AUTOMATiQ Internal Gear Hub (IGH) ajusta automaticamente as mudan\u00e7as de acordo com a tua cad\u00eancia de pedalada e as condi\u00e7\u00f5es ambientais.<\/li>\n<li>Com a bateria de longa dura\u00e7\u00e3o, podes viajar at\u00e9 100 km ou 4,5 horas com um \u00fanico carregamento (no modo Eco).<\/li>\n<li>Compat\u00edvel com o Turbo Basket (\u00e9 necess\u00e1rio um adaptador MIK) para que possas transportar tudo o que quiseres.<\/li>\n<li>ESPECIFICA\u00c7\u00d5ES T\u00c9CNICAS<\/li>\n<li>E-bike<br \/>\nCarregador<br \/>\nCarregador personalizado, 42V4A com ficha Rosenberger, 100-240V<br \/>\nEcr\u00e3 de controlo\/Remoto<br \/>\nMasterMind TCD, com comando no guiador, fun\u00e7\u00e3o antirroubo integrada, conetividade Bluetooth\u00ae, p\u00e1ginas de ecr\u00e3 personaliz\u00e1veis<br \/>\nMotor<br \/>\nSpecialized 2.2 S, 90Nm de bin\u00e1rio, motor personalizado, 45kph\/L1Eb, 250W nominal<br \/>\nBateria<br \/>\nSpecialized U2-710, caixa de liga leve, ecr\u00e3 do estado de carga, 710Wh<\/li>\n<li>Quadro<br \/>\nQuadro<br \/>\nE5 Alum\u00ednio, montagem do motor no suporte inferior, bateria totalmente integrada e bloque\u00e1vel no tubo inferior, encaminhamento interno dos cabos, bloqueio e montagem na cremalheira frontal, dropout deslizante<br \/>\nBra\u00e7adeira de selim<br \/>\nSpecialized Alloy, 34,9 mm<\/li>\n<li>Suspens\u00e3o<br \/>\nForquilha<br \/>\nROCKSHOX Recon Silver RL, curso de 80 mm, Motion-Control, montagem no guarda-lamas<\/li>\n<li>Trav\u00f5es<br \/>\nTrav\u00e3o dianteiro<br \/>\nTRP Zurich, hidr\u00e1ulico de 4 pist\u00f5es, sensor de luz de travagem integrado, rotor de 180 mm<br \/>\nTrav\u00e3o traseiro<br \/>\nTRP Zurich, hidr\u00e1ulico de 4 pist\u00f5es, sensor de luz de travagem integrado, rotor de 180 mm<\/li>\n<li>Transmiss\u00e3o<br \/>\nPedaleira<br \/>\nPedaleira forjada em liga met\u00e1lica personalizada<br \/>\nCapa de corrente<br \/>\nCapa de corrente personalizada<br \/>\nCorrente<br \/>\nCorreia Gates Carbon Drive CDX 122t, preta<br \/>\nCassete<br \/>\nPinh\u00e3o Gates Carbon Drive CDX 22t, prateado<br \/>\nCoroas<br \/>\nPinh\u00e3o Gates Carbon Drive CDX 50T, preto<br \/>\nDesviador traseiro<br \/>\nenviolo Interface de mudan\u00e7as AUTOMATiQ Pro<\/li>\n<li>Rodas e pneus<br \/>\nJantes<br \/>\nDisco 650b, liga de parede dupla, com pinos, 32h<br \/>\nRaios<br \/>\nDt Swiss Industry<br \/>\nPneu dianteiro<br \/>\nPathfinder Sport Reflect, 650Bx2.3<br \/>\nPneu traseiro<br \/>\nPathfinder Sport Reflect, 650Bx2.3<br \/>\nCubo dianteiro<br \/>\nDisco dianteiro em liga leve Specialized, rolamentos de cardridge selados, 6 parafusos, eixo passante 15x110mm, 32h<br \/>\nC\u00e2maras de ar<br \/>\nStandard 40mm SV 650Bx1.75-2.4<br \/>\nCubo traseiro<br \/>\nEnviolo Heavy Duty, 380% de alcance, 6 parafusos, 10x135mm, 32h<\/li>\n<li>Cockpit<br \/>\nSelim<br \/>\nPonte, carris Cr-Mo, 155 mm<br \/>\nEspig\u00e3o de selim<br \/>\nCane Creek Tudbuster ST, 375 mm de comprimento, 30,9 mm, manga de 34.9 mm<br \/>\nPunhos<br \/>\nERGON GA30<br \/>\nHaste<br \/>\nHaste Specialized Stealth, liga, 14 graus, 31,8 mm, suporte TCD integrado<br \/>\nGuiador<br \/>\nSpecialized, liga, 15 graus de inclina\u00e7\u00e3o para tr\u00e1s, 46 mm de altura, 31,8 mm<\/li>\n<li>Acess\u00f3rios<br \/>\nGuarda-lamas<br \/>\nSpecialized Para-lamas DRYTECH, largura de 65mm, para-lamas de alum\u00ednio<br \/>\nSWAT<br \/>\nEspelho retrovisor do guiador, alum\u00ednio<br \/>\nRadar<br \/>\nRadar Garmin<br \/>\nPedais<br \/>\nSpecialized Trabalhador pendular c\/ fita adesiva e refletores<br \/>\nP\u00e9 de cabra<br \/>\nSpecialized , montagem de 40mm<br \/>\nPorta-bagagens<br \/>\nSuporte Specialized, interface MIK HD, suportes de alforges incorporados, carga m\u00e1xima de 27 kg<br \/>\nCampainha<br \/>\nTrompa Supernova<br \/>\nLuz frontal<br \/>\nSupernova M99 PRO, personalizada, feixe alto\/baixo<br \/>\nLuz traseira<br \/>\nSupernova M99, personalizada, luz de trav\u00e3o\/placa de matr\u00edcula<br \/>\nCadeado<br \/>\nBloqueio do sistema Turbo<\/li>\n<li>Peso<br \/>\nPeso<br \/>\n28.09kg (61 lb, 14.8 oz)<br \/>\nTalla<br \/>\nMD<\/li>\n<\/ul>\n","protected":false},"excerpt":{"rendered":"<p>A Vado S redefiniu a mobilidade sobre duas rodas, transformando as tuas idas ao supermercado em verdadeiras miss\u00f5es de compras. Para ir ao encontro das necessidades daqueles que utilizam a sua bicicleta para se deslocarem pela cidade, a nova Vado S pode atingir os 45 km\/h. E f\u00e1-lo com o mesmo controlo, confian\u00e7a e conforto que os outros modelos Vado.  <\/p>\n","protected":false},"featured_media":421281,"comment_status":"open","ping_status":"closed","template":"","meta":{"_acf_changed":false,"_et_pb_use_builder":"","_et_pb_old_content":"","_et_gb_content_width":"","inline_featured_image":false},"product_brand":[],"product_cat":[5374,4353,2459,391,5280,5263,5282,5283,5281,403],"product_tag":[],"class_list":{"0":"post-423809","1":"product","2":"type-product","3":"status-publish","4":"has-post-thumbnail","6":"product_cat-descontos","7":"product_cat-liquidacion-specialized","8":"product_cat-bicicletas-pt-pt-2","9":"product_cat-eletricas","10":"product_cat-bicicletas-electricas-aluminio-pt-pt","11":"product_cat-bicicletas-de-montanha-electricas","12":"product_cat-bicicletas-electricas-paseo-pt-pt","13":"product_cat-bicicletas-electricas-trekking-pt-pt","14":"product_cat-bicicletas-electricas-urbanas-pt-pt","15":"product_cat-outlet-pt-pt","16":"product_shipping_class-bicicletas-pt-pt","18":"first","19":"instock","20":"sale","21":"taxable","22":"shipping-taxable","23":"purchasable","24":"product-type-variable","25":"wvs-archive-product-wrapper"},"acf":[],"yoast_head":"<!-- This site is optimized with the Yoast SEO Premium plugin v26.7 (Yoast SEO v26.7) - https:\/\/yoast.com\/wordpress\/plugins\/seo\/ -->\n<title>Specialized Turbo Vado S IGH GR-100<\/title>\n<meta name=\"description\" content=\"A Vado S redefiniu a mobilidade sobre duas rodas, transformando as tuas idas ao supermercado em verdadeiras miss\u00f5es de compras. Para ir ao encontro das necessidades daqueles que utilizam a sua bicicleta para se deslocarem pela cidade, a nova Vado S pode atingir os 45 km\/h. E f\u00e1-lo com o mesmo controlo, confian\u00e7a e conforto que os outros modelos Vado.\" \/>\n<meta name=\"robots\" content=\"index, follow, max-snippet:-1, max-image-preview:large, max-video-preview:-1\" \/>\n<link rel=\"canonical\" href=\"https:\/\/gr-100.com\/pt-pt\/producto\/specialized-turbo-vado-s-igh\/\" \/>\n<meta property=\"og:locale\" content=\"pt_PT\" \/>\n<meta property=\"og:type\" content=\"article\" \/>\n<meta property=\"og:title\" content=\"Specialized Turbo Vado S IGH\" \/>\n<meta property=\"og:description\" content=\"A Vado S redefiniu a mobilidade sobre duas rodas, transformando as tuas idas ao supermercado em verdadeiras miss\u00f5es de compras. Para ir ao encontro das necessidades daqueles que utilizam a sua bicicleta para se deslocarem pela cidade, a nova Vado S pode atingir os 45 km\/h. E f\u00e1-lo com o mesmo controlo, confian\u00e7a e conforto que os outros modelos Vado.\" \/>\n<meta property=\"og:url\" content=\"https:\/\/gr-100.com\/pt-pt\/producto\/specialized-turbo-vado-s-igh\/\" \/>\n<meta property=\"og:site_name\" content=\"Gr-100 Tienda de ciclismo Specialized\" \/>\n<meta property=\"article:publisher\" content=\"https:\/\/www.facebook.com\/Gr100Bikes\" \/>\n<meta property=\"og:image\" content=\"https:\/\/gr-100.com\/wp-content\/uploads\/2025\/11\/Diseno-sin-titulo-2025-11-17T120505.945.jpg\" \/>\n\t<meta property=\"og:image:width\" content=\"1000\" \/>\n\t<meta property=\"og:image:height\" content=\"1000\" \/>\n\t<meta property=\"og:image:type\" content=\"image\/jpeg\" \/>\n<meta name=\"twitter:card\" content=\"summary_large_image\" \/>\n<meta name=\"twitter:label1\" content=\"Tempo estimado de leitura\" \/>\n\t<meta name=\"twitter:data1\" content=\"4 minutos\" \/>\n<script type=\"application\/ld+json\" class=\"yoast-schema-graph\">{\"@context\":\"https:\/\/schema.org\",\"@graph\":[{\"@type\":\"WebPage\",\"@id\":\"https:\/\/gr-100.com\/pt-pt\/producto\/specialized-turbo-vado-s-igh\/\",\"url\":\"https:\/\/gr-100.com\/pt-pt\/producto\/specialized-turbo-vado-s-igh\/\",\"name\":\"Specialized Turbo Vado S IGH GR-100\",\"isPartOf\":{\"@id\":\"https:\/\/gr-100.com\/#website\"},\"primaryImageOfPage\":{\"@id\":\"https:\/\/gr-100.com\/pt-pt\/producto\/specialized-turbo-vado-s-igh\/#primaryimage\"},\"image\":{\"@id\":\"https:\/\/gr-100.com\/pt-pt\/producto\/specialized-turbo-vado-s-igh\/#primaryimage\"},\"thumbnailUrl\":\"https:\/\/gr-100.com\/wp-content\/uploads\/2025\/11\/Diseno-sin-titulo-2025-11-17T120505.945.jpg\",\"datePublished\":\"2025-11-17T12:23:24+00:00\",\"description\":\"A Vado S redefiniu a mobilidade sobre duas rodas, transformando as tuas idas ao supermercado em verdadeiras miss\u00f5es de compras. Para ir ao encontro das necessidades daqueles que utilizam a sua bicicleta para se deslocarem pela cidade, a nova Vado S pode atingir os 45 km\/h. E f\u00e1-lo com o mesmo controlo, confian\u00e7a e conforto que os outros modelos Vado.\",\"breadcrumb\":{\"@id\":\"https:\/\/gr-100.com\/pt-pt\/producto\/specialized-turbo-vado-s-igh\/#breadcrumb\"},\"inLanguage\":\"pt-PT\",\"potentialAction\":[{\"@type\":\"ReadAction\",\"target\":[\"https:\/\/gr-100.com\/pt-pt\/producto\/specialized-turbo-vado-s-igh\/\"]}]},{\"@type\":\"ImageObject\",\"inLanguage\":\"pt-PT\",\"@id\":\"https:\/\/gr-100.com\/pt-pt\/producto\/specialized-turbo-vado-s-igh\/#primaryimage\",\"url\":\"https:\/\/gr-100.com\/wp-content\/uploads\/2025\/11\/Diseno-sin-titulo-2025-11-17T120505.945.jpg\",\"contentUrl\":\"https:\/\/gr-100.com\/wp-content\/uploads\/2025\/11\/Diseno-sin-titulo-2025-11-17T120505.945.jpg\",\"width\":1000,\"height\":1000},{\"@type\":\"BreadcrumbList\",\"@id\":\"https:\/\/gr-100.com\/pt-pt\/producto\/specialized-turbo-vado-s-igh\/#breadcrumb\",\"itemListElement\":[{\"@type\":\"ListItem\",\"position\":1,\"name\":\"Portada\",\"item\":\"https:\/\/gr-100.com\/en\/\"},{\"@type\":\"ListItem\",\"position\":2,\"name\":\"Productos\",\"item\":\"https:\/\/gr-100.com\/?post_type=product\"},{\"@type\":\"ListItem\",\"position\":3,\"name\":\"Specialized Turbo Vado S IGH\"}]},{\"@type\":\"WebSite\",\"@id\":\"https:\/\/gr-100.com\/#website\",\"url\":\"https:\/\/gr-100.com\/\",\"name\":\"Gr-100 Tienda de ciclismo Specialized\",\"description\":\"GR-100 tenemos todas las gamas de bicicletas Specialized al mejor precio.\",\"publisher\":{\"@id\":\"https:\/\/gr-100.com\/#organization\"},\"alternateName\":\"Gr-100 Bikes\",\"potentialAction\":[{\"@type\":\"SearchAction\",\"target\":{\"@type\":\"EntryPoint\",\"urlTemplate\":\"https:\/\/gr-100.com\/?s={search_term_string}\"},\"query-input\":{\"@type\":\"PropertyValueSpecification\",\"valueRequired\":true,\"valueName\":\"search_term_string\"}}],\"inLanguage\":\"pt-PT\"},{\"@type\":\"Organization\",\"@id\":\"https:\/\/gr-100.com\/#organization\",\"name\":\"Gr-100\",\"url\":\"https:\/\/gr-100.com\/\",\"logo\":{\"@type\":\"ImageObject\",\"inLanguage\":\"pt-PT\",\"@id\":\"https:\/\/gr-100.com\/#\/schema\/logo\/image\/\",\"url\":\"https:\/\/gr-100.com\/wp-content\/uploads\/2023\/08\/logo-gr-100-bikes.png\",\"contentUrl\":\"https:\/\/gr-100.com\/wp-content\/uploads\/2023\/08\/logo-gr-100-bikes.png\",\"width\":707,\"height\":284,\"caption\":\"Gr-100\"},\"image\":{\"@id\":\"https:\/\/gr-100.com\/#\/schema\/logo\/image\/\"},\"sameAs\":[\"https:\/\/www.facebook.com\/Gr100Bikes\",\"https:\/\/www.instagram.com\/gr100bikes\/\",\"https:\/\/www.tiktok.com\/@gr100bikes\",\"https:\/\/twitter.com\/gr100mtbteam\",\"https:\/\/www.youtube.com\/c\/GR100Specialized\"]}]}<\/script>\n<!-- \/ Yoast SEO Premium plugin. -->","yoast_head_json":{"title":"Specialized Turbo Vado S IGH GR-100","description":"A Vado S redefiniu a mobilidade sobre duas rodas, transformando as tuas idas ao supermercado em verdadeiras miss\u00f5es de compras. Para ir ao encontro das necessidades daqueles que utilizam a sua bicicleta para se deslocarem pela cidade, a nova Vado S pode atingir os 45 km\/h. E f\u00e1-lo com o mesmo controlo, confian\u00e7a e conforto que os outros modelos Vado.","robots":{"index":"index","follow":"follow","max-snippet":"max-snippet:-1","max-image-preview":"max-image-preview:large","max-video-preview":"max-video-preview:-1"},"canonical":"https:\/\/gr-100.com\/pt-pt\/producto\/specialized-turbo-vado-s-igh\/","og_locale":"pt_PT","og_type":"article","og_title":"Specialized Turbo Vado S IGH","og_description":"A Vado S redefiniu a mobilidade sobre duas rodas, transformando as tuas idas ao supermercado em verdadeiras miss\u00f5es de compras. Para ir ao encontro das necessidades daqueles que utilizam a sua bicicleta para se deslocarem pela cidade, a nova Vado S pode atingir os 45 km\/h. E f\u00e1-lo com o mesmo controlo, confian\u00e7a e conforto que os outros modelos Vado.","og_url":"https:\/\/gr-100.com\/pt-pt\/producto\/specialized-turbo-vado-s-igh\/","og_site_name":"Gr-100 Tienda de ciclismo Specialized","article_publisher":"https:\/\/www.facebook.com\/Gr100Bikes","og_image":[{"width":1000,"height":1000,"url":"https:\/\/gr-100.com\/wp-content\/uploads\/2025\/11\/Diseno-sin-titulo-2025-11-17T120505.945.jpg","type":"image\/jpeg"}],"twitter_card":"summary_large_image","twitter_misc":{"Tempo estimado de leitura":"4 minutos"},"schema":{"@context":"https:\/\/schema.org","@graph":[{"@type":"WebPage","@id":"https:\/\/gr-100.com\/pt-pt\/producto\/specialized-turbo-vado-s-igh\/","url":"https:\/\/gr-100.com\/pt-pt\/producto\/specialized-turbo-vado-s-igh\/","name":"Specialized Turbo Vado S IGH GR-100","isPartOf":{"@id":"https:\/\/gr-100.com\/#website"},"primaryImageOfPage":{"@id":"https:\/\/gr-100.com\/pt-pt\/producto\/specialized-turbo-vado-s-igh\/#primaryimage"},"image":{"@id":"https:\/\/gr-100.com\/pt-pt\/producto\/specialized-turbo-vado-s-igh\/#primaryimage"},"thumbnailUrl":"https:\/\/gr-100.com\/wp-content\/uploads\/2025\/11\/Diseno-sin-titulo-2025-11-17T120505.945.jpg","datePublished":"2025-11-17T12:23:24+00:00","description":"A Vado S redefiniu a mobilidade sobre duas rodas, transformando as tuas idas ao supermercado em verdadeiras miss\u00f5es de compras. Para ir ao encontro das necessidades daqueles que utilizam a sua bicicleta para se deslocarem pela cidade, a nova Vado S pode atingir os 45 km\/h. E f\u00e1-lo com o mesmo controlo, confian\u00e7a e conforto que os outros modelos Vado.","breadcrumb":{"@id":"https:\/\/gr-100.com\/pt-pt\/producto\/specialized-turbo-vado-s-igh\/#breadcrumb"},"inLanguage":"pt-PT","potentialAction":[{"@type":"ReadAction","target":["https:\/\/gr-100.com\/pt-pt\/producto\/specialized-turbo-vado-s-igh\/"]}]},{"@type":"ImageObject","inLanguage":"pt-PT","@id":"https:\/\/gr-100.com\/pt-pt\/producto\/specialized-turbo-vado-s-igh\/#primaryimage","url":"https:\/\/gr-100.com\/wp-content\/uploads\/2025\/11\/Diseno-sin-titulo-2025-11-17T120505.945.jpg","contentUrl":"https:\/\/gr-100.com\/wp-content\/uploads\/2025\/11\/Diseno-sin-titulo-2025-11-17T120505.945.jpg","width":1000,"height":1000},{"@type":"BreadcrumbList","@id":"https:\/\/gr-100.com\/pt-pt\/producto\/specialized-turbo-vado-s-igh\/#breadcrumb","itemListElement":[{"@type":"ListItem","position":1,"name":"Portada","item":"https:\/\/gr-100.com\/en\/"},{"@type":"ListItem","position":2,"name":"Productos","item":"https:\/\/gr-100.com\/?post_type=product"},{"@type":"ListItem","position":3,"name":"Specialized Turbo Vado S IGH"}]},{"@type":"WebSite","@id":"https:\/\/gr-100.com\/#website","url":"https:\/\/gr-100.com\/","name":"Gr-100 Tienda de ciclismo Specialized","description":"GR-100 tenemos todas las gamas de bicicletas Specialized al mejor precio.","publisher":{"@id":"https:\/\/gr-100.com\/#organization"},"alternateName":"Gr-100 Bikes","potentialAction":[{"@type":"SearchAction","target":{"@type":"EntryPoint","urlTemplate":"https:\/\/gr-100.com\/?s={search_term_string}"},"query-input":{"@type":"PropertyValueSpecification","valueRequired":true,"valueName":"search_term_string"}}],"inLanguage":"pt-PT"},{"@type":"Organization","@id":"https:\/\/gr-100.com\/#organization","name":"Gr-100","url":"https:\/\/gr-100.com\/","logo":{"@type":"ImageObject","inLanguage":"pt-PT","@id":"https:\/\/gr-100.com\/#\/schema\/logo\/image\/","url":"https:\/\/gr-100.com\/wp-content\/uploads\/2023\/08\/logo-gr-100-bikes.png","contentUrl":"https:\/\/gr-100.com\/wp-content\/uploads\/2023\/08\/logo-gr-100-bikes.png","width":707,"height":284,"caption":"Gr-100"},"image":{"@id":"https:\/\/gr-100.com\/#\/schema\/logo\/image\/"},"sameAs":["https:\/\/www.facebook.com\/Gr100Bikes","https:\/\/www.instagram.com\/gr100bikes\/","https:\/\/www.tiktok.com\/@gr100bikes","https:\/\/twitter.com\/gr100mtbteam","https:\/\/www.youtube.com\/c\/GR100Specialized"]}]}},"_links":{"self":[{"href":"https:\/\/gr-100.com\/pt-pt\/wp-json\/wp\/v2\/product\/423809","targetHints":{"allow":["GET"]}}],"collection":[{"href":"https:\/\/gr-100.com\/pt-pt\/wp-json\/wp\/v2\/product"}],"about":[{"href":"https:\/\/gr-100.com\/pt-pt\/wp-json\/wp\/v2\/types\/product"}],"replies":[{"embeddable":true,"href":"https:\/\/gr-100.com\/pt-pt\/wp-json\/wp\/v2\/comments?post=423809"}],"wp:featuredmedia":[{"embeddable":true,"href":"https:\/\/gr-100.com\/pt-pt\/wp-json\/wp\/v2\/media\/421281"}],"wp:attachment":[{"href":"https:\/\/gr-100.com\/pt-pt\/wp-json\/wp\/v2\/media?parent=423809"}],"wp:term":[{"taxonomy":"product_brand","embeddable":true,"href":"https:\/\/gr-100.com\/pt-pt\/wp-json\/wp\/v2\/product_brand?post=423809"},{"taxonomy":"product_cat","embeddable":true,"href":"https:\/\/gr-100.com\/pt-pt\/wp-json\/wp\/v2\/product_cat?post=423809"},{"taxonomy":"product_tag","embeddable":true,"href":"https:\/\/gr-100.com\/pt-pt\/wp-json\/wp\/v2\/product_tag?post=423809"}],"curies":[{"name":"wp","href":"https:\/\/api.w.org\/{rel}","templated":true}]}}