{"id":423821,"date":"2025-09-29T12:10:05","date_gmt":"2025-09-29T11:10:05","guid":{"rendered":"https:\/\/gr-100.com\/producto\/specialized-s-works-turbo-creo-2-2026\/"},"modified":"2025-09-29T12:10:05","modified_gmt":"2025-09-29T10:10:05","slug":"specialized-s-works-turbo-creo-2-2026","status":"publish","type":"product","link":"https:\/\/gr-100.com\/pt-pt\/producto\/specialized-s-works-turbo-creo-2-2026\/","title":{"rendered":"Specialized S-Works Turbo Creo 2 2026"},"content":{"rendered":"<ul>\n<li>AMPLIFICACI\u00d3N SOBRENATURAL<br \/>\nEl nuevo sistema TURBO SL 1.2 ofrece una eficiencia l\u00edder en la industria, con una autonom\u00eda de hasta 5 horas. Genera un 33 % m\u00e1s de potencia (320 vatios) que su predecesor y entrega esa potencia dentro de una cadencia de pedaleo ideal, para una sensaci\u00f3n sobrenatural. Con un 43 % m\u00e1s de torque (50 Nm), la potencia se entrega al instante, facilitando incluso las subidas m\u00e1s empinadas. Pero cuando se trata de ruido, menos es m\u00e1s: redujimos los decibelios en un 40 %. Es literalmente silenciosa como un susurro.    <\/li>\n<li>NUEVAS CUBIERTAS, NUEVA CONFIANZA<br \/>\nNeum\u00e1ticos 700 x 50c de serie, pero con espacio para cubiertas de hasta 29&#8243; x 2.2. El gran volumen de neum\u00e1tico proporciona una conducci\u00f3n suave y segura incluso en los terrenos m\u00e1s dif\u00edciles. Y gracias a la potencia de la Creo 2, puedes llevar ese volumen a la carretera sin penalizaciones, para una experiencia de conducci\u00f3n fluida al siguiente nivel.  <\/li>\n<li>FUTURE SHOCK 3.0<br \/>\nLa Creo 2 incorpora Future Shock 3.0, con 20 mm de recorrido suave en el manillar, que reduce los impactos en un 53 %. Future Shock mantiene tus manos y el manillar estables, para una conducci\u00f3n m\u00e1s suave y controlada que te permite ir m\u00e1s r\u00e1pido, con mayor seguridad y confianza, adem\u00e1s de ayudarte a reducir la fatiga en jornadas largas sobre el sill\u00edn. <\/li>\n<li>GEOMETR\u00cdA DE CAPACIDAD<br \/>\nLa Creo 2 presenta nuestra geometr\u00eda m\u00e1s progresiva hasta la fecha, pensada para que domines desde amplias carreteras hasta senderos de gravel complicados con total confianza. Una posici\u00f3n de resistencia m\u00e1s ergon\u00f3mica te hace sentir mejor y te da el poder para pedalear todo el d\u00eda. <\/li>\n<li>AJUSTA, ACTIVA, BAJA EL CENTRO DE GRAVEDAD<br \/>\nUsa la tija telesc\u00f3pica para bajar tu centro de gravedad y mejorar el paso por curva y el control en cualquier tipo de terreno.<\/li>\n<li>CARGA Y SAL A RODAR<br \/>\nLleva poco o mucho en cada salida. La Creo 2 acepta una gran variedad de portabultos delanteros, traseros y tipo low-rider. \u00bfQui\u00e9n dijo que no puedes llevarlo todo?  <\/li>\n<li>T\u00da TIENES EL CONTROL<br \/>\nNuestra unidad de control para e-bikes m\u00e1s avanzada e intuitiva. Conecta la bici, el sistema Turbo OS, la app Specialized y al ciclista, todo en una pantalla protegida y de f\u00e1cil lectura. Con MicroTune, puedes ajustar el nivel de asistencia en tiempo real, optimizando el rendimiento y la gesti\u00f3n de autonom\u00eda al instante.  <\/li>\n<li>MASTERMIND TCU<br \/>\nEl MasterMind TCU es el cerebro de la bicicleta. Muestra toda la informaci\u00f3n relevante de tu ruta, permite ajustar los niveles de asistencia en tiempo real, habilita actualizaciones inal\u00e1mbricas para que tu bici mejore con el tiempo y se integra perfectamente con la app de Specialized para ajustes avanzados, diagn\u00f3sticos en ruta, pantalla personalizable \u00a1y mucho m\u00e1s! <\/li>\n<li>NUEVA APP DE SPECIALIZED<br \/>\nLa Creo 2 se integra totalmente con la nueva App Specialized, que te permite personalizar el comportamiento del motor. Puedes registrar tus rutas, personalizar pantallas, seguir tus datos, sincronizar con otras apps e incluso bloquear tu bici autom\u00e1ticamente con el sistema Turbo Auto-Lock para evitar robos. <\/li>\n<li>ESPECIFICA\u00c7\u00d5ES T\u00c9CNICAS<\/li>\n<li>E-Bike<br \/>\nCableado el\u00e9ctrico: Arn\u00e9s el\u00e9ctrico personalizado Specialized con puerto de carga<br \/>\nCargador: Cargador personalizado, sistema de 48V con conector SL<br \/>\nPantalla \/ Unidad de control:<br \/>\nSpecialized MasterMind TCU<br \/>\nMuestra el porcentaje de carga restante<br \/>\nHasta 120 configuraciones de pantalla personalizables<br \/>\nAjuste de asistencia MicroTune<br \/>\nActualizaciones por aire (OTA)<br \/>\nConectividad ANT+ \/ Bluetooth\u00ae<br \/>\nIncluye control remoto en el manillar<br \/>\nMotor: Motor personalizado Specialized 1.2 SL, ultraligero<br \/>\nBater\u00eda: Specialized SL1-320 integrada, 320 Wh<br \/>\nCuadro y Suspensi\u00f3n<\/li>\n<li>Cuadro:<br \/>\nCarbono FACT 11r<br \/>\nEjes pasantes delantero\/trasero<br \/>\nBater\u00eda completamente integrada en el tubo diagonal<br \/>\nGuiado interno de cables<br \/>\nSoportes para guardabarros y portabultos<br \/>\nEspaciado trasero: 12&#215;142 mm<br \/>\nAbrazadera del sill\u00edn: Specialized de aleaci\u00f3n, 31.8 mm<\/li>\n<li>Suspesi\u00f3n<br \/>\nHorquilla: Future Shock 3.3 con Smooth Boot, eje pasante 12&#215;100 mm, disco flat-mount<\/li>\n<li>Frenos<br \/>\nFreno delantero: SRAM RED AXS, disco hidr\u00e1ulico<br \/>\nFreno trasero: SRAM RED E1, disco hidr\u00e1ulico<\/li>\n<li>Transmisi\u00f3n<br \/>\nPlato: SRAM X-Sync Eagle, 44 dientes, BCD 107<br \/>\nBielas: SRAM Carbon DUB<br \/>\nManetas de cambio: SRAM RED AXS E1<br \/>\nCassette: SRAM XG-1295 Eagle, 12 velocidades, 10-50 dientes<br \/>\nCadena: SRAM XX1 Eagle<br \/>\nCambio trasero: SRAM XX1 Eagle AXS<\/li>\n<li>Ruedas y Neum\u00e1ticos<br \/>\nC\u00e1maras: 700&#215;32\/50 mm, v\u00e1lvula Presta de 48 mm<br \/>\nRueda delantera:<br \/>\nRoval Terra CLX II<br \/>\nAncho interno 25 mm<br \/>\nTubeless Ready<br \/>\nProfundidad 32 mm<br \/>\n21 radios<br \/>\nBuje Roval LF13 con rodamientos cer\u00e1micos SINC<br \/>\nFijaci\u00f3n Centerlock<br \/>\nR\u00e1dios DT Swiss Aerolite<br \/>\nRueda trasera:<br \/>\nRoval Terra CLX II<br \/>\n24 radios<br \/>\nBuje Roval LF14R2, sistema DT Swiss EXP<br \/>\nN\u00facleo SRAM XDR<br \/>\nCenterlock<br \/>\nR\u00e1dios DT Swiss Aerolite<br \/>\nNeum\u00e1tico delantero: Tracer TLR All Terrain Gravel 700x50c, compuesto GRIPTON T5<br \/>\nNeum\u00e1tico trasero: Tracer TLR All Terrain Gravel 700x50c, compuesto GRIPTON T5<\/li>\n<li>Cockpit y Componentes<br \/>\nManillar: Roval Terra de carbono, ca\u00edda 103 mm, alcance 70 mm, flare de 12\u00b0<br \/>\nPotencia: S-Works Future Stem con soporte integrado para computadora<br \/>\nSill\u00edn: S-Works Power con tecnolog\u00eda Mirror<br \/>\nTija de sill\u00edn:<br \/>\nSRAM Reverb AXS XPLR Dropper<br \/>\nTalla 49-52 cm: 50 mm de recorrido<br \/>\nTalla 54-61 cm: 75 mm de recorrido<br \/>\nPu\u00f1os: Supacaz Super Sticky Kush<\/li>\n<li>Detalles Adicionales<br \/>\nIdentificador de producto: 221805<br \/>\nCertificaci\u00f3n:<br \/>\nConforme a UL 2849 (sistema el\u00e9ctrico) y\/o UL 2271 (bater\u00eda)<br \/>\nCertificado por UL Solutions y\/o SGS<br \/>\nM\u00e1s informaci\u00f3n sobre regulaciones de bater\u00edas de iones de litio en NYC:<br \/>\nwww.nyc.gov\/fdny\/batteries<\/li>\n<li>Peso: 12,87 kg (28 lb, 6 oz)<br \/>\nTalla del modelo mostrado: 56<\/li>\n<\/ul>\n","protected":false},"excerpt":{"rendered":"<p>\u00bfCarretera o gravel? \u00bf5 millas o 5 horas? \u00bfSubir o bajar? \u00bfSufrir o sonre\u00edr? \u00bfM\u00e1s potencia o menos peso?<br \/>\nLa Creo 2 no se trata de elegir, se trata de tenerlo todo.<br \/>\nCon m\u00e1s potencia, gran autonom\u00eda, peso ligero, enorme espacio para neum\u00e1ticos y la innovadora Future Shock 3.0, rompe todas las categor\u00edas y hace posibles rutas que antes parec\u00edan imposibles.    <\/p>\n","protected":false},"featured_media":417820,"comment_status":"open","ping_status":"closed","template":"","meta":{"_acf_changed":false,"_et_pb_use_builder":"","_et_pb_old_content":"","_et_gb_content_width":"","inline_featured_image":false},"product_brand":[],"product_cat":[2459,391,5261,5273,5260,3346,5308],"product_tag":[],"class_list":{"0":"post-423821","1":"product","2":"type-product","3":"status-publish","4":"has-post-thumbnail","6":"product_cat-bicicletas-pt-pt-2","7":"product_cat-eletricas","8":"product_cat-bicicletas-electricas-de-carbono","9":"product_cat-bicicletas-electricas-de-cascalho","10":"product_cat-bicicletas-electricas-specialized-pt-pt","11":"product_cat-bicicletas-de-cascalho","12":"product_cat-bicicletas-de-gravel-specialized","13":"product_shipping_class-bicicletas-pt-pt","15":"first","16":"instock","17":"taxable","18":"shipping-taxable","19":"purchasable","20":"product-type-variable","21":"wvs-archive-product-wrapper"},"acf":[],"yoast_head":"<!-- This site is optimized with the Yoast SEO Premium plugin v26.7 (Yoast SEO v26.7) - https:\/\/yoast.com\/wordpress\/plugins\/seo\/ -->\n<title>Specialized S-Works Turbo Creo 2 2026 GR-100<\/title>\n<meta name=\"description\" content=\"\u00bfCarretera o gravel? \u00bf5 millas o 5 horas? \u00bfSubir o bajar? \u00bfSufrir o sonre\u00edr? \u00bfM\u00e1s potencia o menos peso?La Creo 2 no se trata de elegir, se trata de tenerlo todo.Con m\u00e1s potencia, gran autonom\u00eda, peso ligero, enorme espacio para neum\u00e1ticos y la innovadora Future Shock 3.0, rompe todas las categor\u00edas y hace posibles rutas que antes parec\u00edan imposibles.\" \/>\n<meta name=\"robots\" content=\"index, follow, max-snippet:-1, max-image-preview:large, max-video-preview:-1\" \/>\n<link rel=\"canonical\" href=\"https:\/\/gr-100.com\/pt-pt\/producto\/specialized-s-works-turbo-creo-2-2026\/\" \/>\n<meta property=\"og:locale\" content=\"pt_PT\" \/>\n<meta property=\"og:type\" content=\"article\" \/>\n<meta property=\"og:title\" content=\"Specialized S-Works Turbo Creo 2 2026\" \/>\n<meta property=\"og:description\" content=\"\u00bfCarretera o gravel? \u00bf5 millas o 5 horas? \u00bfSubir o bajar? \u00bfSufrir o sonre\u00edr? \u00bfM\u00e1s potencia o menos peso?La Creo 2 no se trata de elegir, se trata de tenerlo todo.Con m\u00e1s potencia, gran autonom\u00eda, peso ligero, enorme espacio para neum\u00e1ticos y la innovadora Future Shock 3.0, rompe todas las categor\u00edas y hace posibles rutas que antes parec\u00edan imposibles.\" \/>\n<meta property=\"og:url\" content=\"https:\/\/gr-100.com\/pt-pt\/producto\/specialized-s-works-turbo-creo-2-2026\/\" \/>\n<meta property=\"og:site_name\" content=\"Gr-100 Tienda de ciclismo Specialized\" \/>\n<meta property=\"article:publisher\" content=\"https:\/\/www.facebook.com\/Gr100Bikes\" \/>\n<meta property=\"og:image\" content=\"https:\/\/gr-100.com\/wp-content\/uploads\/2025\/09\/Diseno-sin-titulo-2025-09-29T114546.144.jpg\" \/>\n\t<meta property=\"og:image:width\" content=\"1000\" \/>\n\t<meta property=\"og:image:height\" content=\"1000\" \/>\n\t<meta property=\"og:image:type\" content=\"image\/jpeg\" \/>\n<meta name=\"twitter:card\" content=\"summary_large_image\" \/>\n<meta name=\"twitter:label1\" content=\"Tempo estimado de leitura\" \/>\n\t<meta name=\"twitter:data1\" content=\"5 minutos\" \/>\n<script type=\"application\/ld+json\" class=\"yoast-schema-graph\">{\"@context\":\"https:\/\/schema.org\",\"@graph\":[{\"@type\":\"WebPage\",\"@id\":\"https:\/\/gr-100.com\/pt-pt\/producto\/specialized-s-works-turbo-creo-2-2026\/\",\"url\":\"https:\/\/gr-100.com\/pt-pt\/producto\/specialized-s-works-turbo-creo-2-2026\/\",\"name\":\"Specialized S-Works Turbo Creo 2 2026 GR-100\",\"isPartOf\":{\"@id\":\"https:\/\/gr-100.com\/#website\"},\"primaryImageOfPage\":{\"@id\":\"https:\/\/gr-100.com\/pt-pt\/producto\/specialized-s-works-turbo-creo-2-2026\/#primaryimage\"},\"image\":{\"@id\":\"https:\/\/gr-100.com\/pt-pt\/producto\/specialized-s-works-turbo-creo-2-2026\/#primaryimage\"},\"thumbnailUrl\":\"https:\/\/gr-100.com\/wp-content\/uploads\/2025\/09\/Diseno-sin-titulo-2025-09-29T114546.144.jpg\",\"datePublished\":\"2025-09-29T11:10:05+00:00\",\"description\":\"\u00bfCarretera o gravel? \u00bf5 millas o 5 horas? \u00bfSubir o bajar? \u00bfSufrir o sonre\u00edr? \u00bfM\u00e1s potencia o menos peso?La Creo 2 no se trata de elegir, se trata de tenerlo todo.Con m\u00e1s potencia, gran autonom\u00eda, peso ligero, enorme espacio para neum\u00e1ticos y la innovadora Future Shock 3.0, rompe todas las categor\u00edas y hace posibles rutas que antes parec\u00edan imposibles.\",\"breadcrumb\":{\"@id\":\"https:\/\/gr-100.com\/pt-pt\/producto\/specialized-s-works-turbo-creo-2-2026\/#breadcrumb\"},\"inLanguage\":\"pt-PT\",\"potentialAction\":[{\"@type\":\"ReadAction\",\"target\":[\"https:\/\/gr-100.com\/pt-pt\/producto\/specialized-s-works-turbo-creo-2-2026\/\"]}]},{\"@type\":\"ImageObject\",\"inLanguage\":\"pt-PT\",\"@id\":\"https:\/\/gr-100.com\/pt-pt\/producto\/specialized-s-works-turbo-creo-2-2026\/#primaryimage\",\"url\":\"https:\/\/gr-100.com\/wp-content\/uploads\/2025\/09\/Diseno-sin-titulo-2025-09-29T114546.144.jpg\",\"contentUrl\":\"https:\/\/gr-100.com\/wp-content\/uploads\/2025\/09\/Diseno-sin-titulo-2025-09-29T114546.144.jpg\",\"width\":1000,\"height\":1000},{\"@type\":\"BreadcrumbList\",\"@id\":\"https:\/\/gr-100.com\/pt-pt\/producto\/specialized-s-works-turbo-creo-2-2026\/#breadcrumb\",\"itemListElement\":[{\"@type\":\"ListItem\",\"position\":1,\"name\":\"Portada\",\"item\":\"https:\/\/gr-100.com\/en\/\"},{\"@type\":\"ListItem\",\"position\":2,\"name\":\"Productos\",\"item\":\"https:\/\/gr-100.com\/?post_type=product\"},{\"@type\":\"ListItem\",\"position\":3,\"name\":\"Specialized S-Works Turbo Creo 2 2026\"}]},{\"@type\":\"WebSite\",\"@id\":\"https:\/\/gr-100.com\/#website\",\"url\":\"https:\/\/gr-100.com\/\",\"name\":\"Gr-100 Tienda de ciclismo Specialized\",\"description\":\"GR-100 tenemos todas las gamas de bicicletas Specialized al mejor precio.\",\"publisher\":{\"@id\":\"https:\/\/gr-100.com\/#organization\"},\"alternateName\":\"Gr-100 Bikes\",\"potentialAction\":[{\"@type\":\"SearchAction\",\"target\":{\"@type\":\"EntryPoint\",\"urlTemplate\":\"https:\/\/gr-100.com\/?s={search_term_string}\"},\"query-input\":{\"@type\":\"PropertyValueSpecification\",\"valueRequired\":true,\"valueName\":\"search_term_string\"}}],\"inLanguage\":\"pt-PT\"},{\"@type\":\"Organization\",\"@id\":\"https:\/\/gr-100.com\/#organization\",\"name\":\"Gr-100\",\"url\":\"https:\/\/gr-100.com\/\",\"logo\":{\"@type\":\"ImageObject\",\"inLanguage\":\"pt-PT\",\"@id\":\"https:\/\/gr-100.com\/#\/schema\/logo\/image\/\",\"url\":\"https:\/\/gr-100.com\/wp-content\/uploads\/2023\/08\/logo-gr-100-bikes.png\",\"contentUrl\":\"https:\/\/gr-100.com\/wp-content\/uploads\/2023\/08\/logo-gr-100-bikes.png\",\"width\":707,\"height\":284,\"caption\":\"Gr-100\"},\"image\":{\"@id\":\"https:\/\/gr-100.com\/#\/schema\/logo\/image\/\"},\"sameAs\":[\"https:\/\/www.facebook.com\/Gr100Bikes\",\"https:\/\/www.instagram.com\/gr100bikes\/\",\"https:\/\/www.tiktok.com\/@gr100bikes\",\"https:\/\/twitter.com\/gr100mtbteam\",\"https:\/\/www.youtube.com\/c\/GR100Specialized\"]}]}<\/script>\n<!-- \/ Yoast SEO Premium plugin. -->","yoast_head_json":{"title":"Specialized S-Works Turbo Creo 2 2026 GR-100","description":"\u00bfCarretera o gravel? \u00bf5 millas o 5 horas? \u00bfSubir o bajar? \u00bfSufrir o sonre\u00edr? \u00bfM\u00e1s potencia o menos peso?La Creo 2 no se trata de elegir, se trata de tenerlo todo.Con m\u00e1s potencia, gran autonom\u00eda, peso ligero, enorme espacio para neum\u00e1ticos y la innovadora Future Shock 3.0, rompe todas las categor\u00edas y hace posibles rutas que antes parec\u00edan imposibles.","robots":{"index":"index","follow":"follow","max-snippet":"max-snippet:-1","max-image-preview":"max-image-preview:large","max-video-preview":"max-video-preview:-1"},"canonical":"https:\/\/gr-100.com\/pt-pt\/producto\/specialized-s-works-turbo-creo-2-2026\/","og_locale":"pt_PT","og_type":"article","og_title":"Specialized S-Works Turbo Creo 2 2026","og_description":"\u00bfCarretera o gravel? \u00bf5 millas o 5 horas? \u00bfSubir o bajar? \u00bfSufrir o sonre\u00edr? \u00bfM\u00e1s potencia o menos peso?La Creo 2 no se trata de elegir, se trata de tenerlo todo.Con m\u00e1s potencia, gran autonom\u00eda, peso ligero, enorme espacio para neum\u00e1ticos y la innovadora Future Shock 3.0, rompe todas las categor\u00edas y hace posibles rutas que antes parec\u00edan imposibles.","og_url":"https:\/\/gr-100.com\/pt-pt\/producto\/specialized-s-works-turbo-creo-2-2026\/","og_site_name":"Gr-100 Tienda de ciclismo Specialized","article_publisher":"https:\/\/www.facebook.com\/Gr100Bikes","og_image":[{"width":1000,"height":1000,"url":"https:\/\/gr-100.com\/wp-content\/uploads\/2025\/09\/Diseno-sin-titulo-2025-09-29T114546.144.jpg","type":"image\/jpeg"}],"twitter_card":"summary_large_image","twitter_misc":{"Tempo estimado de leitura":"5 minutos"},"schema":{"@context":"https:\/\/schema.org","@graph":[{"@type":"WebPage","@id":"https:\/\/gr-100.com\/pt-pt\/producto\/specialized-s-works-turbo-creo-2-2026\/","url":"https:\/\/gr-100.com\/pt-pt\/producto\/specialized-s-works-turbo-creo-2-2026\/","name":"Specialized S-Works Turbo Creo 2 2026 GR-100","isPartOf":{"@id":"https:\/\/gr-100.com\/#website"},"primaryImageOfPage":{"@id":"https:\/\/gr-100.com\/pt-pt\/producto\/specialized-s-works-turbo-creo-2-2026\/#primaryimage"},"image":{"@id":"https:\/\/gr-100.com\/pt-pt\/producto\/specialized-s-works-turbo-creo-2-2026\/#primaryimage"},"thumbnailUrl":"https:\/\/gr-100.com\/wp-content\/uploads\/2025\/09\/Diseno-sin-titulo-2025-09-29T114546.144.jpg","datePublished":"2025-09-29T11:10:05+00:00","description":"\u00bfCarretera o gravel? \u00bf5 millas o 5 horas? \u00bfSubir o bajar? \u00bfSufrir o sonre\u00edr? \u00bfM\u00e1s potencia o menos peso?La Creo 2 no se trata de elegir, se trata de tenerlo todo.Con m\u00e1s potencia, gran autonom\u00eda, peso ligero, enorme espacio para neum\u00e1ticos y la innovadora Future Shock 3.0, rompe todas las categor\u00edas y hace posibles rutas que antes parec\u00edan imposibles.","breadcrumb":{"@id":"https:\/\/gr-100.com\/pt-pt\/producto\/specialized-s-works-turbo-creo-2-2026\/#breadcrumb"},"inLanguage":"pt-PT","potentialAction":[{"@type":"ReadAction","target":["https:\/\/gr-100.com\/pt-pt\/producto\/specialized-s-works-turbo-creo-2-2026\/"]}]},{"@type":"ImageObject","inLanguage":"pt-PT","@id":"https:\/\/gr-100.com\/pt-pt\/producto\/specialized-s-works-turbo-creo-2-2026\/#primaryimage","url":"https:\/\/gr-100.com\/wp-content\/uploads\/2025\/09\/Diseno-sin-titulo-2025-09-29T114546.144.jpg","contentUrl":"https:\/\/gr-100.com\/wp-content\/uploads\/2025\/09\/Diseno-sin-titulo-2025-09-29T114546.144.jpg","width":1000,"height":1000},{"@type":"BreadcrumbList","@id":"https:\/\/gr-100.com\/pt-pt\/producto\/specialized-s-works-turbo-creo-2-2026\/#breadcrumb","itemListElement":[{"@type":"ListItem","position":1,"name":"Portada","item":"https:\/\/gr-100.com\/en\/"},{"@type":"ListItem","position":2,"name":"Productos","item":"https:\/\/gr-100.com\/?post_type=product"},{"@type":"ListItem","position":3,"name":"Specialized S-Works Turbo Creo 2 2026"}]},{"@type":"WebSite","@id":"https:\/\/gr-100.com\/#website","url":"https:\/\/gr-100.com\/","name":"Gr-100 Tienda de ciclismo Specialized","description":"GR-100 tenemos todas las gamas de bicicletas Specialized al mejor precio.","publisher":{"@id":"https:\/\/gr-100.com\/#organization"},"alternateName":"Gr-100 Bikes","potentialAction":[{"@type":"SearchAction","target":{"@type":"EntryPoint","urlTemplate":"https:\/\/gr-100.com\/?s={search_term_string}"},"query-input":{"@type":"PropertyValueSpecification","valueRequired":true,"valueName":"search_term_string"}}],"inLanguage":"pt-PT"},{"@type":"Organization","@id":"https:\/\/gr-100.com\/#organization","name":"Gr-100","url":"https:\/\/gr-100.com\/","logo":{"@type":"ImageObject","inLanguage":"pt-PT","@id":"https:\/\/gr-100.com\/#\/schema\/logo\/image\/","url":"https:\/\/gr-100.com\/wp-content\/uploads\/2023\/08\/logo-gr-100-bikes.png","contentUrl":"https:\/\/gr-100.com\/wp-content\/uploads\/2023\/08\/logo-gr-100-bikes.png","width":707,"height":284,"caption":"Gr-100"},"image":{"@id":"https:\/\/gr-100.com\/#\/schema\/logo\/image\/"},"sameAs":["https:\/\/www.facebook.com\/Gr100Bikes","https:\/\/www.instagram.com\/gr100bikes\/","https:\/\/www.tiktok.com\/@gr100bikes","https:\/\/twitter.com\/gr100mtbteam","https:\/\/www.youtube.com\/c\/GR100Specialized"]}]}},"_links":{"self":[{"href":"https:\/\/gr-100.com\/pt-pt\/wp-json\/wp\/v2\/product\/423821","targetHints":{"allow":["GET"]}}],"collection":[{"href":"https:\/\/gr-100.com\/pt-pt\/wp-json\/wp\/v2\/product"}],"about":[{"href":"https:\/\/gr-100.com\/pt-pt\/wp-json\/wp\/v2\/types\/product"}],"replies":[{"embeddable":true,"href":"https:\/\/gr-100.com\/pt-pt\/wp-json\/wp\/v2\/comments?post=423821"}],"wp:featuredmedia":[{"embeddable":true,"href":"https:\/\/gr-100.com\/pt-pt\/wp-json\/wp\/v2\/media\/417820"}],"wp:attachment":[{"href":"https:\/\/gr-100.com\/pt-pt\/wp-json\/wp\/v2\/media?parent=423821"}],"wp:term":[{"taxonomy":"product_brand","embeddable":true,"href":"https:\/\/gr-100.com\/pt-pt\/wp-json\/wp\/v2\/product_brand?post=423821"},{"taxonomy":"product_cat","embeddable":true,"href":"https:\/\/gr-100.com\/pt-pt\/wp-json\/wp\/v2\/product_cat?post=423821"},{"taxonomy":"product_tag","embeddable":true,"href":"https:\/\/gr-100.com\/pt-pt\/wp-json\/wp\/v2\/product_tag?post=423821"}],"curies":[{"name":"wp","href":"https:\/\/api.w.org\/{rel}","templated":true}]}}