{"id":423873,"date":"2025-05-27T12:43:19","date_gmt":"2025-05-27T11:43:19","guid":{"rendered":"https:\/\/gr-100.com\/producto\/specialized-turbo-levo-4-comp-alloy-2026\/"},"modified":"2025-05-27T12:43:19","modified_gmt":"2025-05-27T10:43:19","slug":"specialized-turbo-levo-4-comp-alloy-2026","status":"publish","type":"product","link":"https:\/\/gr-100.com\/pt-pt\/producto\/specialized-turbo-levo-4-comp-alloy-2026\/","title":{"rendered":"Specialized Turbo Levo 4 Comp Alloy 2026"},"content":{"rendered":"<ul>\n<li>ESPECIFICA\u00c7\u00d5ES T\u00c9CNICAS<\/li>\n<li>E-Bike<br \/>\nPantalla \/ Control Remoto<br \/>\nNuevo sistema MasterMind T3 Display, pantalla a color de alta resoluci\u00f3n de 2.2&#8243;, totalmente personalizable mediante la aplicaci\u00f3n de Specialized.<br \/>\nMotor<br \/>\nMotor Specialized 3.1, 101 Nm de par, 666 W de potencia.<br \/>\nCargador<br \/>\nCargador Specialized de 4 amperios.<br \/>\nBater\u00eda<br \/>\nBater\u00eda de 840 Wh.<\/li>\n<li>Cuadro<br \/>\nAbrazadera de Sill\u00edn<br \/>\nAleaci\u00f3n, 38.6 mm.<br \/>\nCuadro<br \/>\nNuevo cuadro Levo 4 M5 de aleaci\u00f3n, 150 mm de recorrido, vainas ajustables, \u00e1ngulo de direcci\u00f3n ajustable, caja de pedalier ajustable, almacenamiento interno SWAT, espacio trasero de 148 mm, rueda delantera de 29&#8243; \/ trasera de 27.5&#8243;, compatible con horquilla de hasta 180 mm de recorrido.<\/li>\n<li>Suspensi\u00f3n<br \/>\nAmortiguador Trasero<br \/>\nFOX FLOAT X Performance con tecnolog\u00eda Specialized GENIE Shock, ajuste Trail Tune de Ride Dynamics, palanca de 2 posiciones, ajuste de rebote (LSR), medida 210&#215;55 mm.<br \/>\nHorquilla Delantera<br \/>\nFOX 36 Rhythm, 29&#8243;<br \/>\nTallas S2-S6: 160 mm de recorrido<br \/>\nTalla S1: 150 mm de recorrido<br \/>\nAmortiguador GRIP con ajuste Sweep, desplazamiento de 44 mm, eje pasante boost 15&#215;110 mm.<\/li>\n<li>Frenos<br \/>\nFreno Delantero<br \/>\nSRAM Maven Bronze, pinza de 4 pistones, freno hidr\u00e1ulico de disco, rotor Centerline de 220 mm.<br \/>\nFreno Trasero<br \/>\nSRAM Maven Bronze, pinza de 4 pistones, freno hidr\u00e1ulico de disco, rotor Centerline de 200 mm.<\/li>\n<li>Transmisi\u00f3n<br \/>\nCassette<br \/>\nSRAM XS-1275, 12 velocidades, 10-52t.<br \/>\nPlato<br \/>\nSRAM de 34 dientes, tipo T-Type, BCD 104, de acero.<br \/>\nCadena<br \/>\nSRAM GX Eagle T-Type Flattop, 12 velocidades.<br \/>\nMandos de Cambio<br \/>\nSRAM 90 trigger, 12 velocidades, cambio de un solo clic.<br \/>\nCambio Trasero<br \/>\nSRAM Eagle 90 T-Type.<br \/>\nBielas<br \/>\nSRAM S1000, interfaz ISIS, protector integrado, l\u00ednea de cadena de 55 mm, longitud 155 mm.<\/li>\n<li>Ruedas y Neum\u00e1ticos<br \/>\nNeum\u00e1tico Trasero<br \/>\nButcher, carcasa GRID GRAVITY, compuesto Gripton T9, 27.5&#215;2.4&#8243;.<br \/>\nNeum\u00e1tico Delantero<br \/>\nButcher, carcasa GRID GRAVITY, compuesto GRIPTON\u00ae T9, TLR, 27.5&#215;2.4&#8243;.<br \/>\nRadios<br \/>\nDT Swiss Industry.<br \/>\nBuje Delantero<br \/>\nAleaci\u00f3n, rodamientos sellados, eje pasante de 15&#215;110 mm, 28 orificios.<br \/>\nBuje Trasero<br \/>\nAleaci\u00f3n, rodamientos sellados, eje pasante de 12&#215;148 mm, 32 orificios.<br \/>\nLlantas<br \/>\nSpecialized de aleaci\u00f3n sin gancho (hookless), 30 mm de ancho interno, compatibles con sistema tubeless.<br \/>\nC\u00e1maras<br \/>\nEst\u00e1ndar, v\u00e1lvula Presta.<\/li>\n<li>Cockpit<br \/>\nPotencia<br \/>\nPotencia Trail de aleaci\u00f3n, di\u00e1metro de sujeci\u00f3n de 35 mm.<br \/>\nGuiador<br \/>\nSpecialized de aleaci\u00f3n 6061, 6\u00b0 de elevaci\u00f3n, 8\u00b0 de retroceso, 30 mm de altura:<br \/>\nS1-S2: ancho de 780 mm<br \/>\nS3-S6: ancho de 800 mm<br \/>\nSill\u00edn<br \/>\nBridge Comp con ra\u00edles huecos de cromo-molibdeno, disponibles en 155 mm \/ 143 mm.<br \/>\nPu\u00f1os<br \/>\nSpecialized Trail.<br \/>\nTija de Sill\u00edn<br \/>\nX-Fusion Manic, ajuste infinito, cabezal de dos tornillos, guiado de cable inferior, palanca remota SLR LE, di\u00e1metro 34.9 mm:<br \/>\nS1: 100 mm<br \/>\nS2: 125 mm<br \/>\nS3: 150 mm<br \/>\nS4: 170 mm<br \/>\nS5\/S6: 190 mm<\/li>\n<li>Accesorios<br \/>\nSWAT<br \/>\nCompartimento de almacenamiento interno en el tubo diagonal.<\/li>\n<li>Detalles del Producto<br \/>\nPeso<br \/>\n24.42 kg (53 lb, 13.4 oz)<br \/>\nTama\u00f1o del peso: Talla S4<\/li>\n<\/ul>\n<p>&nbsp;<\/p>\n","protected":false},"excerpt":{"rendered":"<p>ESPECIFICA\u00c7\u00d5ES T\u00c9CNICAS E-Bike Pantalla \/ Control Remoto Nuevo sistema MasterMind T3 Display, pantalla a color de alta resoluci\u00f3n de 2.2&#8243;, totalmente personalizable mediante la aplicaci\u00f3n de Specialized. Motor Motor Specialized 3.1, 101 Nm de par, 666 W de potencia. Cargador Cargador Specialized de 4 amperios. Bater\u00eda Bater\u00eda de 840 Wh. Cuadro Abrazadera de Sill\u00edn Aleaci\u00f3n, [&hellip;]<\/p>\n","protected":false},"featured_media":409324,"comment_status":"open","ping_status":"closed","template":"","meta":{"_acf_changed":false,"_et_pb_use_builder":"","_et_pb_old_content":"","_et_gb_content_width":"","inline_featured_image":false},"product_brand":[],"product_cat":[5393,2459,391,5280,5262,5263,5260,2483],"product_tag":[],"class_list":{"0":"post-423873","1":"product","2":"type-product","3":"status-publish","4":"has-post-thumbnail","6":"product_cat-bicicletas-electricas-levo-pt-pt","7":"product_cat-bicicletas-pt-pt-2","8":"product_cat-eletricas","9":"product_cat-bicicletas-electricas-aluminio-pt-pt","10":"product_cat-bicicletas-electricas-de-enduro-trail","11":"product_cat-bicicletas-de-montanha-electricas","12":"product_cat-bicicletas-electricas-specialized-pt-pt","13":"product_cat-bicicletas-especializadas","14":"product_shipping_class-bicicletas-pt-pt","16":"first","17":"instock","18":"taxable","19":"shipping-taxable","20":"purchasable","21":"product-type-variable","22":"wvs-archive-product-wrapper"},"acf":[],"yoast_head":"<!-- This site is optimized with the Yoast SEO Premium plugin v26.7 (Yoast SEO v26.7) - https:\/\/yoast.com\/wordpress\/plugins\/seo\/ -->\n<title>Specialized Turbo Levo 4 Comp Alloy 2026<\/title>\n<meta name=\"description\" content=\"Tan avanzada que te transforma en un c\u00edborg del ciclismo. Juntos son Sobrenaturales, reforzados con superpotencia, tracci\u00f3n, control y autonom\u00eda\" \/>\n<meta name=\"robots\" content=\"index, follow, max-snippet:-1, max-image-preview:large, max-video-preview:-1\" \/>\n<link rel=\"canonical\" href=\"https:\/\/gr-100.com\/pt-pt\/producto\/specialized-turbo-levo-4-comp-alloy-2026\/\" \/>\n<meta property=\"og:locale\" content=\"pt_PT\" \/>\n<meta property=\"og:type\" content=\"article\" \/>\n<meta property=\"og:title\" content=\"Specialized Turbo Levo 4 Comp Alloy 2026\" \/>\n<meta property=\"og:description\" content=\"Tan avanzada que te transforma en un c\u00edborg del ciclismo. Juntos son Sobrenaturales, reforzados con superpotencia, tracci\u00f3n, control y autonom\u00eda\" \/>\n<meta property=\"og:url\" content=\"https:\/\/gr-100.com\/pt-pt\/producto\/specialized-turbo-levo-4-comp-alloy-2026\/\" \/>\n<meta property=\"og:site_name\" content=\"Gr-100 Tienda de ciclismo Specialized\" \/>\n<meta property=\"article:publisher\" content=\"https:\/\/www.facebook.com\/Gr100Bikes\" \/>\n<meta property=\"og:image\" content=\"https:\/\/gr-100.com\/wp-content\/uploads\/2025\/05\/95226-540.png\" \/>\n\t<meta property=\"og:image:width\" content=\"1200\" \/>\n\t<meta property=\"og:image:height\" content=\"1200\" \/>\n\t<meta property=\"og:image:type\" content=\"image\/png\" \/>\n<meta name=\"twitter:card\" content=\"summary_large_image\" \/>\n<meta name=\"twitter:label1\" content=\"Tempo estimado de leitura\" \/>\n\t<meta name=\"twitter:data1\" content=\"2 minutos\" \/>\n<script type=\"application\/ld+json\" class=\"yoast-schema-graph\">{\"@context\":\"https:\/\/schema.org\",\"@graph\":[{\"@type\":\"WebPage\",\"@id\":\"https:\/\/gr-100.com\/pt-pt\/producto\/specialized-turbo-levo-4-comp-alloy-2026\/\",\"url\":\"https:\/\/gr-100.com\/pt-pt\/producto\/specialized-turbo-levo-4-comp-alloy-2026\/\",\"name\":\"Specialized Turbo Levo 4 Comp Alloy 2026\",\"isPartOf\":{\"@id\":\"https:\/\/gr-100.com\/#website\"},\"primaryImageOfPage\":{\"@id\":\"https:\/\/gr-100.com\/pt-pt\/producto\/specialized-turbo-levo-4-comp-alloy-2026\/#primaryimage\"},\"image\":{\"@id\":\"https:\/\/gr-100.com\/pt-pt\/producto\/specialized-turbo-levo-4-comp-alloy-2026\/#primaryimage\"},\"thumbnailUrl\":\"https:\/\/gr-100.com\/wp-content\/uploads\/2025\/05\/95226-540.png\",\"datePublished\":\"2025-05-27T11:43:19+00:00\",\"description\":\"Tan avanzada que te transforma en un c\u00edborg del ciclismo. Juntos son Sobrenaturales, reforzados con superpotencia, tracci\u00f3n, control y autonom\u00eda\",\"breadcrumb\":{\"@id\":\"https:\/\/gr-100.com\/pt-pt\/producto\/specialized-turbo-levo-4-comp-alloy-2026\/#breadcrumb\"},\"inLanguage\":\"pt-PT\",\"potentialAction\":[{\"@type\":\"ReadAction\",\"target\":[\"https:\/\/gr-100.com\/pt-pt\/producto\/specialized-turbo-levo-4-comp-alloy-2026\/\"]}]},{\"@type\":\"ImageObject\",\"inLanguage\":\"pt-PT\",\"@id\":\"https:\/\/gr-100.com\/pt-pt\/producto\/specialized-turbo-levo-4-comp-alloy-2026\/#primaryimage\",\"url\":\"https:\/\/gr-100.com\/wp-content\/uploads\/2025\/05\/95226-540.png\",\"contentUrl\":\"https:\/\/gr-100.com\/wp-content\/uploads\/2025\/05\/95226-540.png\",\"width\":1200,\"height\":1200},{\"@type\":\"BreadcrumbList\",\"@id\":\"https:\/\/gr-100.com\/pt-pt\/producto\/specialized-turbo-levo-4-comp-alloy-2026\/#breadcrumb\",\"itemListElement\":[{\"@type\":\"ListItem\",\"position\":1,\"name\":\"Portada\",\"item\":\"https:\/\/gr-100.com\/en\/\"},{\"@type\":\"ListItem\",\"position\":2,\"name\":\"Productos\",\"item\":\"https:\/\/gr-100.com\/?post_type=product\"},{\"@type\":\"ListItem\",\"position\":3,\"name\":\"Specialized Turbo Levo 4 Comp Alloy 2026\"}]},{\"@type\":\"WebSite\",\"@id\":\"https:\/\/gr-100.com\/#website\",\"url\":\"https:\/\/gr-100.com\/\",\"name\":\"Gr-100 Tienda de ciclismo Specialized\",\"description\":\"GR-100 tenemos todas las gamas de bicicletas Specialized al mejor precio.\",\"publisher\":{\"@id\":\"https:\/\/gr-100.com\/#organization\"},\"alternateName\":\"Gr-100 Bikes\",\"potentialAction\":[{\"@type\":\"SearchAction\",\"target\":{\"@type\":\"EntryPoint\",\"urlTemplate\":\"https:\/\/gr-100.com\/?s={search_term_string}\"},\"query-input\":{\"@type\":\"PropertyValueSpecification\",\"valueRequired\":true,\"valueName\":\"search_term_string\"}}],\"inLanguage\":\"pt-PT\"},{\"@type\":\"Organization\",\"@id\":\"https:\/\/gr-100.com\/#organization\",\"name\":\"Gr-100\",\"url\":\"https:\/\/gr-100.com\/\",\"logo\":{\"@type\":\"ImageObject\",\"inLanguage\":\"pt-PT\",\"@id\":\"https:\/\/gr-100.com\/#\/schema\/logo\/image\/\",\"url\":\"https:\/\/gr-100.com\/wp-content\/uploads\/2023\/08\/logo-gr-100-bikes.png\",\"contentUrl\":\"https:\/\/gr-100.com\/wp-content\/uploads\/2023\/08\/logo-gr-100-bikes.png\",\"width\":707,\"height\":284,\"caption\":\"Gr-100\"},\"image\":{\"@id\":\"https:\/\/gr-100.com\/#\/schema\/logo\/image\/\"},\"sameAs\":[\"https:\/\/www.facebook.com\/Gr100Bikes\",\"https:\/\/www.instagram.com\/gr100bikes\/\",\"https:\/\/www.tiktok.com\/@gr100bikes\",\"https:\/\/twitter.com\/gr100mtbteam\",\"https:\/\/www.youtube.com\/c\/GR100Specialized\"]}]}<\/script>\n<!-- \/ Yoast SEO Premium plugin. -->","yoast_head_json":{"title":"Specialized Turbo Levo 4 Comp Alloy 2026","description":"Tan avanzada que te transforma en un c\u00edborg del ciclismo. Juntos son Sobrenaturales, reforzados con superpotencia, tracci\u00f3n, control y autonom\u00eda","robots":{"index":"index","follow":"follow","max-snippet":"max-snippet:-1","max-image-preview":"max-image-preview:large","max-video-preview":"max-video-preview:-1"},"canonical":"https:\/\/gr-100.com\/pt-pt\/producto\/specialized-turbo-levo-4-comp-alloy-2026\/","og_locale":"pt_PT","og_type":"article","og_title":"Specialized Turbo Levo 4 Comp Alloy 2026","og_description":"Tan avanzada que te transforma en un c\u00edborg del ciclismo. Juntos son Sobrenaturales, reforzados con superpotencia, tracci\u00f3n, control y autonom\u00eda","og_url":"https:\/\/gr-100.com\/pt-pt\/producto\/specialized-turbo-levo-4-comp-alloy-2026\/","og_site_name":"Gr-100 Tienda de ciclismo Specialized","article_publisher":"https:\/\/www.facebook.com\/Gr100Bikes","og_image":[{"width":1200,"height":1200,"url":"https:\/\/gr-100.com\/wp-content\/uploads\/2025\/05\/95226-540.png","type":"image\/png"}],"twitter_card":"summary_large_image","twitter_misc":{"Tempo estimado de leitura":"2 minutos"},"schema":{"@context":"https:\/\/schema.org","@graph":[{"@type":"WebPage","@id":"https:\/\/gr-100.com\/pt-pt\/producto\/specialized-turbo-levo-4-comp-alloy-2026\/","url":"https:\/\/gr-100.com\/pt-pt\/producto\/specialized-turbo-levo-4-comp-alloy-2026\/","name":"Specialized Turbo Levo 4 Comp Alloy 2026","isPartOf":{"@id":"https:\/\/gr-100.com\/#website"},"primaryImageOfPage":{"@id":"https:\/\/gr-100.com\/pt-pt\/producto\/specialized-turbo-levo-4-comp-alloy-2026\/#primaryimage"},"image":{"@id":"https:\/\/gr-100.com\/pt-pt\/producto\/specialized-turbo-levo-4-comp-alloy-2026\/#primaryimage"},"thumbnailUrl":"https:\/\/gr-100.com\/wp-content\/uploads\/2025\/05\/95226-540.png","datePublished":"2025-05-27T11:43:19+00:00","description":"Tan avanzada que te transforma en un c\u00edborg del ciclismo. Juntos son Sobrenaturales, reforzados con superpotencia, tracci\u00f3n, control y autonom\u00eda","breadcrumb":{"@id":"https:\/\/gr-100.com\/pt-pt\/producto\/specialized-turbo-levo-4-comp-alloy-2026\/#breadcrumb"},"inLanguage":"pt-PT","potentialAction":[{"@type":"ReadAction","target":["https:\/\/gr-100.com\/pt-pt\/producto\/specialized-turbo-levo-4-comp-alloy-2026\/"]}]},{"@type":"ImageObject","inLanguage":"pt-PT","@id":"https:\/\/gr-100.com\/pt-pt\/producto\/specialized-turbo-levo-4-comp-alloy-2026\/#primaryimage","url":"https:\/\/gr-100.com\/wp-content\/uploads\/2025\/05\/95226-540.png","contentUrl":"https:\/\/gr-100.com\/wp-content\/uploads\/2025\/05\/95226-540.png","width":1200,"height":1200},{"@type":"BreadcrumbList","@id":"https:\/\/gr-100.com\/pt-pt\/producto\/specialized-turbo-levo-4-comp-alloy-2026\/#breadcrumb","itemListElement":[{"@type":"ListItem","position":1,"name":"Portada","item":"https:\/\/gr-100.com\/en\/"},{"@type":"ListItem","position":2,"name":"Productos","item":"https:\/\/gr-100.com\/?post_type=product"},{"@type":"ListItem","position":3,"name":"Specialized Turbo Levo 4 Comp Alloy 2026"}]},{"@type":"WebSite","@id":"https:\/\/gr-100.com\/#website","url":"https:\/\/gr-100.com\/","name":"Gr-100 Tienda de ciclismo Specialized","description":"GR-100 tenemos todas las gamas de bicicletas Specialized al mejor precio.","publisher":{"@id":"https:\/\/gr-100.com\/#organization"},"alternateName":"Gr-100 Bikes","potentialAction":[{"@type":"SearchAction","target":{"@type":"EntryPoint","urlTemplate":"https:\/\/gr-100.com\/?s={search_term_string}"},"query-input":{"@type":"PropertyValueSpecification","valueRequired":true,"valueName":"search_term_string"}}],"inLanguage":"pt-PT"},{"@type":"Organization","@id":"https:\/\/gr-100.com\/#organization","name":"Gr-100","url":"https:\/\/gr-100.com\/","logo":{"@type":"ImageObject","inLanguage":"pt-PT","@id":"https:\/\/gr-100.com\/#\/schema\/logo\/image\/","url":"https:\/\/gr-100.com\/wp-content\/uploads\/2023\/08\/logo-gr-100-bikes.png","contentUrl":"https:\/\/gr-100.com\/wp-content\/uploads\/2023\/08\/logo-gr-100-bikes.png","width":707,"height":284,"caption":"Gr-100"},"image":{"@id":"https:\/\/gr-100.com\/#\/schema\/logo\/image\/"},"sameAs":["https:\/\/www.facebook.com\/Gr100Bikes","https:\/\/www.instagram.com\/gr100bikes\/","https:\/\/www.tiktok.com\/@gr100bikes","https:\/\/twitter.com\/gr100mtbteam","https:\/\/www.youtube.com\/c\/GR100Specialized"]}]}},"_links":{"self":[{"href":"https:\/\/gr-100.com\/pt-pt\/wp-json\/wp\/v2\/product\/423873","targetHints":{"allow":["GET"]}}],"collection":[{"href":"https:\/\/gr-100.com\/pt-pt\/wp-json\/wp\/v2\/product"}],"about":[{"href":"https:\/\/gr-100.com\/pt-pt\/wp-json\/wp\/v2\/types\/product"}],"replies":[{"embeddable":true,"href":"https:\/\/gr-100.com\/pt-pt\/wp-json\/wp\/v2\/comments?post=423873"}],"wp:featuredmedia":[{"embeddable":true,"href":"https:\/\/gr-100.com\/pt-pt\/wp-json\/wp\/v2\/media\/409324"}],"wp:attachment":[{"href":"https:\/\/gr-100.com\/pt-pt\/wp-json\/wp\/v2\/media?parent=423873"}],"wp:term":[{"taxonomy":"product_brand","embeddable":true,"href":"https:\/\/gr-100.com\/pt-pt\/wp-json\/wp\/v2\/product_brand?post=423873"},{"taxonomy":"product_cat","embeddable":true,"href":"https:\/\/gr-100.com\/pt-pt\/wp-json\/wp\/v2\/product_cat?post=423873"},{"taxonomy":"product_tag","embeddable":true,"href":"https:\/\/gr-100.com\/pt-pt\/wp-json\/wp\/v2\/product_tag?post=423873"}],"curies":[{"name":"wp","href":"https:\/\/api.w.org\/{rel}","templated":true}]}}