{"id":423938,"date":"2025-05-13T10:32:02","date_gmt":"2025-05-13T09:32:02","guid":{"rendered":"https:\/\/gr-100.com\/producto\/specialized-como-5-0-igh-nb\/"},"modified":"2025-05-13T10:32:02","modified_gmt":"2025-05-13T08:32:02","slug":"specialized-como-5-0-igh-nb","status":"publish","type":"product","link":"https:\/\/gr-100.com\/pt-pt\/producto\/specialized-como-5-0-igh-nb\/","title":{"rendered":"Specialized Como 5.0 IGH NB"},"content":{"rendered":"<p>Como es una bicicleta el\u00e9ctrica relajada con una est\u00e9tica limpia y una posici\u00f3n de conducci\u00f3n erguida que ofrece comodidad y estilo. Esta potente bicicleta el\u00e9ctrica fue dise\u00f1ada para las calles de la ciudad y viene equipada con guardabarros, luces y un cuadro bajo de acceso bajo, lo que la hace perfecta para los desplazamientos diarios o para pasear por la ciudad.<br \/>\nComo ofrece la mejor combinaci\u00f3n de potencia, autonom\u00eda y facilidad de uso, a la vez que mantiene una versatilidad incre\u00edble. Nunca tendr\u00e1s que sacrificar la comodidad por el estilo. Te encontrar\u00e1s haciendo recados para volver a usarla.   <\/p>\n<ul>\n<li>C\u00d3MODA: Una posici\u00f3n erguida y un manejo suave est\u00e1n optimizados para brindar comodidad, confianza y control durante todo el d\u00eda.<\/li>\n<li>F\u00c1CIL DE USAR: El dise\u00f1o elegante de la Como y su cuadro de acceso bajo la convierten en una bicicleta el\u00e9ctrica accesible y funcional para el d\u00eda a d\u00eda.<\/li>\n<li>POTENTE: Eres t\u00fa, solo que m\u00e1s r\u00e1pida; es 4 veces m\u00e1s t\u00fa, para ser precisos. El sistema Turbo Full Power detecta la fuerza que aplicas a los pedales y amplifica tu esfuerzo de forma natural hasta cuatro veces, para una experiencia que te permite subir cualquier cuesta o llegar a cualquier destino sin esfuerzo. Literalmente.  <\/li>\n<li>SUAVE: Mant\u00e9n la comodidad en el sill\u00edn con una horquilla de suspensi\u00f3n delantera de 80 mm, neum\u00e1ticos de mayor volumen y una tija de sill\u00edn con suspensi\u00f3n suave que suaviza los baches.<\/li>\n<li>TURBO: El coraz\u00f3n de la Como es su tecnolog\u00eda Turbo, el sistema de bicicleta el\u00e9ctrica avanzado e integrado que ofrece una combinaci\u00f3n inigualable de potencia, sensaci\u00f3n natural, funciones antirrobo, consejos de entrenamiento y un ciclocomputador con todas las funciones.<\/li>\n<li>SEGURIDAD: La Como cuenta con antirrobo en la cerradura. Impide que los ladrones de bicicletas se apropien desactiv\u00e1ndolo con solo presionar un bot\u00f3n para que nadie pueda volver a encenderlo sin tu PIN personalizado. Para mayor protecci\u00f3n, la bater\u00eda de la Como se bloquea en la bicicleta o puedes llevarla contigo f\u00e1cilmente. \u00a1A por todas!   <\/li>\n<li>SILENCIOSA: El motor turbo de m\u00e1xima potencia proporciona una amplificaci\u00f3n suave, silenciosa y sin interrupciones para una conducci\u00f3n tranquila en cualquier terreno.<\/li>\n<li>El l\u00edmite de velocidad al que el motor deja de funcionar puede variar significativamente seg\u00fan la regi\u00f3n y se basa en los requisitos locales. Tambi\u00e9n puede afectar la autonom\u00eda: un l\u00edmite de velocidad m\u00e1s alto puede resultar en una menor autonom\u00eda. <\/li>\n<li>Gran autonom\u00eda: Con una autonom\u00eda que te permite disfrutar de hasta 100 km (62 millas) o 4,5 horas (modo eco).<\/li>\n<li>MasterMind y la app Specialized: La pantalla MasterMind muestra toda la informaci\u00f3n relevante sobre tu recorrido y permite ajustar los niveles de asistencia en tiempo real. MasterMind se integra a la perfecci\u00f3n con la app Specialized para ofrecer herramientas de optimizaci\u00f3n de autonom\u00eda, ajustes avanzados, diagn\u00f3sticos durante el recorrido y mucho m\u00e1s. <\/li>\n<li>La tecnolog\u00eda de cambio continuo enviolo AUTOMATiQ Internal Gear Hub (IGH) cambia de marcha autom\u00e1ticamente seg\u00fan el ritmo de pedaleo del ciclista, teniendo en cuenta los cambios del entorno. Al seleccionar la cadencia o el ritmo de pedaleo preferidos, los ciclistas pueden configurarlo y olvidarse de \u00e9l, lo que a\u00f1ade un nivel extra de seguridad y comodidad. <\/li>\n<li>Eficiencia suave comprobada: Dise\u00f1amos un mecanismo de prueba personalizado para analizar los baches incluso con la menor frecuencia para aumentar la comodidad y la visibilidad. Esa precisi\u00f3n, combinada con una tija de sill\u00edn suspendida, neum\u00e1ticos de mayor volumen y una horquilla de suspensi\u00f3n de 80 mm, te permitir\u00e1 arrasar con la carretera. <\/li>\n<li>Bloqueo del sistema Turbo: Usa la app Specialized para desactivar el motor de tu bicicleta y activar la alarma del sensor de movimiento. Una vez bloqueado, el motor solo podr\u00e1 ser activado por el propietario. <\/li>\n<li>Radar Garmin: Un sensor de radar Garmin integrado te avisa cuando se acerca tr\u00e1fico. La tecnolog\u00eda de radar de Garmin puede detectar coches a una distancia de hasta 140 metros. MasterMind enviar\u00e1 a los conductores una alerta visual, sonora y t\u00e1ctil sobre la distancia relativa y la velocidad del veh\u00edculo que se aproxima.  <\/li>\n<li>Bater\u00eda integrada en el tubo inferior, extra\u00edble y bloqueable: f\u00e1cil de cargar y de asegurar.<\/li>\n<li>Equipada con guardabarros DRYTECH, luces LED delanteras y traseras y portaequipajes trasero HD con capacidad de 27 kg. El portaequipajes trasero es compatible con sillas infantiles y la bicicleta tambi\u00e9n est\u00e1 homologada para remolcar un remolque de eje pasante. <\/li>\n<li>ESPECIFICA\u00c7\u00d5ES T\u00c9CNICAS<\/li>\n<li>PEDALES Specialized Commuter w\/ grip tape &amp; reflectors<\/li>\n<li>Integrated Garmin Radar, with custom information displayed directly on the Mastermind TCD<\/li>\n<li>SWAT Guiador espelho retrovisor, alum\u00ednio<\/li>\n<li>LUZ FRONTAL Lezyne, Ebike Power Stvzo E450+, 450 Lumen, 160Cm Wire, With Reflector<\/li>\n<li>LUZ TRASERA Spanninga, Stvzo, Commuter Glow With Brake XEr<\/li>\n<li>PATA DE CABRA Specialized kickstand, 40mm mount<\/li>\n<li>PORTABULTOS Specialized rack, MIK HD interface, built-in pannier mounts, 27kg max load<\/li>\n<li>GUARDABARROS Specialized DRYTECH fenders, 65mm width, aluminum fenderstay<\/li>\n<li>Bloqueio do sistema turbo PADLOCK<\/li>\n<li>TIMBRE Specialized brass bell<\/li>\n<\/ul>\n","protected":false},"excerpt":{"rendered":"<p>Como es una bicicleta el\u00e9ctrica relajada con una est\u00e9tica limpia y una posici\u00f3n de conducci\u00f3n erguida que ofrece comodidad y estilo. Esta potente bicicleta el\u00e9ctrica fue dise\u00f1ada para las calles de la ciudad y viene equipada con guardabarros, luces y un cuadro bajo de acceso bajo, lo que la hace perfecta para los desplazamientos diarios o para pasear por la ciudad. <\/p>\n","protected":false},"featured_media":408097,"comment_status":"open","ping_status":"closed","template":"","meta":{"_acf_changed":false,"_et_pb_use_builder":"","_et_pb_old_content":"","_et_gb_content_width":"","inline_featured_image":false},"product_brand":[],"product_cat":[4353,5284,391,5280,5282,5260,5283,5281,403],"product_tag":[],"class_list":{"0":"post-423938","1":"product","2":"type-product","3":"status-publish","4":"has-post-thumbnail","6":"product_cat-liquidacion-specialized","7":"product_cat-bicicletas-urbanas-pt-pt","8":"product_cat-eletricas","9":"product_cat-bicicletas-electricas-aluminio-pt-pt","10":"product_cat-bicicletas-electricas-paseo-pt-pt","11":"product_cat-bicicletas-electricas-specialized-pt-pt","12":"product_cat-bicicletas-electricas-trekking-pt-pt","13":"product_cat-bicicletas-electricas-urbanas-pt-pt","14":"product_cat-outlet-pt-pt","16":"first","17":"instock","18":"sale","19":"taxable","20":"shipping-taxable","21":"purchasable","22":"product-type-variable","23":"wvs-archive-product-wrapper"},"acf":[],"yoast_head":"<!-- This site is optimized with the Yoast SEO Premium plugin v26.7 (Yoast SEO v26.7) - https:\/\/yoast.com\/wordpress\/plugins\/seo\/ -->\n<title>Specialized Como 5.0 IGH NB GR-100 Specialized Como 5.0 IGH<\/title>\n<meta name=\"description\" content=\"Como es una bicicleta el\u00e9ctrica relajada con una est\u00e9tica limpia y una posici\u00f3n de conducci\u00f3n erguida que ofrece comodidad y estilo. Esta potente bicicleta el\u00e9ctrica fue dise\u00f1ada para las calles\" \/>\n<meta name=\"robots\" content=\"index, follow, max-snippet:-1, max-image-preview:large, max-video-preview:-1\" \/>\n<link rel=\"canonical\" href=\"https:\/\/gr-100.com\/pt-pt\/producto\/specialized-como-5-0-igh-nb\/\" \/>\n<meta property=\"og:locale\" content=\"pt_PT\" \/>\n<meta property=\"og:type\" content=\"article\" \/>\n<meta property=\"og:title\" content=\"Specialized Como 5.0 IGH NB\" \/>\n<meta property=\"og:description\" content=\"Como es una bicicleta el\u00e9ctrica relajada con una est\u00e9tica limpia y una posici\u00f3n de conducci\u00f3n erguida que ofrece comodidad y estilo. Esta potente bicicleta el\u00e9ctrica fue dise\u00f1ada para las calles\" \/>\n<meta property=\"og:url\" content=\"https:\/\/gr-100.com\/pt-pt\/producto\/specialized-como-5-0-igh-nb\/\" \/>\n<meta property=\"og:site_name\" content=\"Gr-100 Tienda de ciclismo Specialized\" \/>\n<meta property=\"article:publisher\" content=\"https:\/\/www.facebook.com\/Gr100Bikes\" \/>\n<meta property=\"og:image\" content=\"https:\/\/gr-100.com\/wp-content\/uploads\/2025\/05\/90425-20_COMO-50-IGH-UL-CST.jpg\" \/>\n\t<meta property=\"og:image:width\" content=\"1000\" \/>\n\t<meta property=\"og:image:height\" content=\"1000\" \/>\n\t<meta property=\"og:image:type\" content=\"image\/jpeg\" \/>\n<meta name=\"twitter:card\" content=\"summary_large_image\" \/>\n<meta name=\"twitter:label1\" content=\"Tempo estimado de leitura\" \/>\n\t<meta name=\"twitter:data1\" content=\"4 minutos\" \/>\n<script type=\"application\/ld+json\" class=\"yoast-schema-graph\">{\"@context\":\"https:\/\/schema.org\",\"@graph\":[{\"@type\":\"WebPage\",\"@id\":\"https:\/\/gr-100.com\/pt-pt\/producto\/specialized-como-5-0-igh-nb\/\",\"url\":\"https:\/\/gr-100.com\/pt-pt\/producto\/specialized-como-5-0-igh-nb\/\",\"name\":\"Specialized Como 5.0 IGH NB GR-100 Specialized Como 5.0 IGH\",\"isPartOf\":{\"@id\":\"https:\/\/gr-100.com\/#website\"},\"primaryImageOfPage\":{\"@id\":\"https:\/\/gr-100.com\/pt-pt\/producto\/specialized-como-5-0-igh-nb\/#primaryimage\"},\"image\":{\"@id\":\"https:\/\/gr-100.com\/pt-pt\/producto\/specialized-como-5-0-igh-nb\/#primaryimage\"},\"thumbnailUrl\":\"https:\/\/gr-100.com\/wp-content\/uploads\/2025\/05\/90425-20_COMO-50-IGH-UL-CST.jpg\",\"datePublished\":\"2025-05-13T09:32:02+00:00\",\"description\":\"Como es una bicicleta el\u00e9ctrica relajada con una est\u00e9tica limpia y una posici\u00f3n de conducci\u00f3n erguida que ofrece comodidad y estilo. Esta potente bicicleta el\u00e9ctrica fue dise\u00f1ada para las calles\",\"breadcrumb\":{\"@id\":\"https:\/\/gr-100.com\/pt-pt\/producto\/specialized-como-5-0-igh-nb\/#breadcrumb\"},\"inLanguage\":\"pt-PT\",\"potentialAction\":[{\"@type\":\"ReadAction\",\"target\":[\"https:\/\/gr-100.com\/pt-pt\/producto\/specialized-como-5-0-igh-nb\/\"]}]},{\"@type\":\"ImageObject\",\"inLanguage\":\"pt-PT\",\"@id\":\"https:\/\/gr-100.com\/pt-pt\/producto\/specialized-como-5-0-igh-nb\/#primaryimage\",\"url\":\"https:\/\/gr-100.com\/wp-content\/uploads\/2025\/05\/90425-20_COMO-50-IGH-UL-CST.jpg\",\"contentUrl\":\"https:\/\/gr-100.com\/wp-content\/uploads\/2025\/05\/90425-20_COMO-50-IGH-UL-CST.jpg\",\"width\":1000,\"height\":1000},{\"@type\":\"BreadcrumbList\",\"@id\":\"https:\/\/gr-100.com\/pt-pt\/producto\/specialized-como-5-0-igh-nb\/#breadcrumb\",\"itemListElement\":[{\"@type\":\"ListItem\",\"position\":1,\"name\":\"Portada\",\"item\":\"https:\/\/gr-100.com\/en\/\"},{\"@type\":\"ListItem\",\"position\":2,\"name\":\"Productos\",\"item\":\"https:\/\/gr-100.com\/?post_type=product\"},{\"@type\":\"ListItem\",\"position\":3,\"name\":\"Specialized Como 5.0 IGH NB\"}]},{\"@type\":\"WebSite\",\"@id\":\"https:\/\/gr-100.com\/#website\",\"url\":\"https:\/\/gr-100.com\/\",\"name\":\"Gr-100 Tienda de ciclismo Specialized\",\"description\":\"GR-100 tenemos todas las gamas de bicicletas Specialized al mejor precio.\",\"publisher\":{\"@id\":\"https:\/\/gr-100.com\/#organization\"},\"alternateName\":\"Gr-100 Bikes\",\"potentialAction\":[{\"@type\":\"SearchAction\",\"target\":{\"@type\":\"EntryPoint\",\"urlTemplate\":\"https:\/\/gr-100.com\/?s={search_term_string}\"},\"query-input\":{\"@type\":\"PropertyValueSpecification\",\"valueRequired\":true,\"valueName\":\"search_term_string\"}}],\"inLanguage\":\"pt-PT\"},{\"@type\":\"Organization\",\"@id\":\"https:\/\/gr-100.com\/#organization\",\"name\":\"Gr-100\",\"url\":\"https:\/\/gr-100.com\/\",\"logo\":{\"@type\":\"ImageObject\",\"inLanguage\":\"pt-PT\",\"@id\":\"https:\/\/gr-100.com\/#\/schema\/logo\/image\/\",\"url\":\"https:\/\/gr-100.com\/wp-content\/uploads\/2023\/08\/logo-gr-100-bikes.png\",\"contentUrl\":\"https:\/\/gr-100.com\/wp-content\/uploads\/2023\/08\/logo-gr-100-bikes.png\",\"width\":707,\"height\":284,\"caption\":\"Gr-100\"},\"image\":{\"@id\":\"https:\/\/gr-100.com\/#\/schema\/logo\/image\/\"},\"sameAs\":[\"https:\/\/www.facebook.com\/Gr100Bikes\",\"https:\/\/www.instagram.com\/gr100bikes\/\",\"https:\/\/www.tiktok.com\/@gr100bikes\",\"https:\/\/twitter.com\/gr100mtbteam\",\"https:\/\/www.youtube.com\/c\/GR100Specialized\"]}]}<\/script>\n<!-- \/ Yoast SEO Premium plugin. -->","yoast_head_json":{"title":"Specialized Como 5.0 IGH NB GR-100 Specialized Como 5.0 IGH","description":"Como es una bicicleta el\u00e9ctrica relajada con una est\u00e9tica limpia y una posici\u00f3n de conducci\u00f3n erguida que ofrece comodidad y estilo. Esta potente bicicleta el\u00e9ctrica fue dise\u00f1ada para las calles","robots":{"index":"index","follow":"follow","max-snippet":"max-snippet:-1","max-image-preview":"max-image-preview:large","max-video-preview":"max-video-preview:-1"},"canonical":"https:\/\/gr-100.com\/pt-pt\/producto\/specialized-como-5-0-igh-nb\/","og_locale":"pt_PT","og_type":"article","og_title":"Specialized Como 5.0 IGH NB","og_description":"Como es una bicicleta el\u00e9ctrica relajada con una est\u00e9tica limpia y una posici\u00f3n de conducci\u00f3n erguida que ofrece comodidad y estilo. Esta potente bicicleta el\u00e9ctrica fue dise\u00f1ada para las calles","og_url":"https:\/\/gr-100.com\/pt-pt\/producto\/specialized-como-5-0-igh-nb\/","og_site_name":"Gr-100 Tienda de ciclismo Specialized","article_publisher":"https:\/\/www.facebook.com\/Gr100Bikes","og_image":[{"width":1000,"height":1000,"url":"https:\/\/gr-100.com\/wp-content\/uploads\/2025\/05\/90425-20_COMO-50-IGH-UL-CST.jpg","type":"image\/jpeg"}],"twitter_card":"summary_large_image","twitter_misc":{"Tempo estimado de leitura":"4 minutos"},"schema":{"@context":"https:\/\/schema.org","@graph":[{"@type":"WebPage","@id":"https:\/\/gr-100.com\/pt-pt\/producto\/specialized-como-5-0-igh-nb\/","url":"https:\/\/gr-100.com\/pt-pt\/producto\/specialized-como-5-0-igh-nb\/","name":"Specialized Como 5.0 IGH NB GR-100 Specialized Como 5.0 IGH","isPartOf":{"@id":"https:\/\/gr-100.com\/#website"},"primaryImageOfPage":{"@id":"https:\/\/gr-100.com\/pt-pt\/producto\/specialized-como-5-0-igh-nb\/#primaryimage"},"image":{"@id":"https:\/\/gr-100.com\/pt-pt\/producto\/specialized-como-5-0-igh-nb\/#primaryimage"},"thumbnailUrl":"https:\/\/gr-100.com\/wp-content\/uploads\/2025\/05\/90425-20_COMO-50-IGH-UL-CST.jpg","datePublished":"2025-05-13T09:32:02+00:00","description":"Como es una bicicleta el\u00e9ctrica relajada con una est\u00e9tica limpia y una posici\u00f3n de conducci\u00f3n erguida que ofrece comodidad y estilo. Esta potente bicicleta el\u00e9ctrica fue dise\u00f1ada para las calles","breadcrumb":{"@id":"https:\/\/gr-100.com\/pt-pt\/producto\/specialized-como-5-0-igh-nb\/#breadcrumb"},"inLanguage":"pt-PT","potentialAction":[{"@type":"ReadAction","target":["https:\/\/gr-100.com\/pt-pt\/producto\/specialized-como-5-0-igh-nb\/"]}]},{"@type":"ImageObject","inLanguage":"pt-PT","@id":"https:\/\/gr-100.com\/pt-pt\/producto\/specialized-como-5-0-igh-nb\/#primaryimage","url":"https:\/\/gr-100.com\/wp-content\/uploads\/2025\/05\/90425-20_COMO-50-IGH-UL-CST.jpg","contentUrl":"https:\/\/gr-100.com\/wp-content\/uploads\/2025\/05\/90425-20_COMO-50-IGH-UL-CST.jpg","width":1000,"height":1000},{"@type":"BreadcrumbList","@id":"https:\/\/gr-100.com\/pt-pt\/producto\/specialized-como-5-0-igh-nb\/#breadcrumb","itemListElement":[{"@type":"ListItem","position":1,"name":"Portada","item":"https:\/\/gr-100.com\/en\/"},{"@type":"ListItem","position":2,"name":"Productos","item":"https:\/\/gr-100.com\/?post_type=product"},{"@type":"ListItem","position":3,"name":"Specialized Como 5.0 IGH NB"}]},{"@type":"WebSite","@id":"https:\/\/gr-100.com\/#website","url":"https:\/\/gr-100.com\/","name":"Gr-100 Tienda de ciclismo Specialized","description":"GR-100 tenemos todas las gamas de bicicletas Specialized al mejor precio.","publisher":{"@id":"https:\/\/gr-100.com\/#organization"},"alternateName":"Gr-100 Bikes","potentialAction":[{"@type":"SearchAction","target":{"@type":"EntryPoint","urlTemplate":"https:\/\/gr-100.com\/?s={search_term_string}"},"query-input":{"@type":"PropertyValueSpecification","valueRequired":true,"valueName":"search_term_string"}}],"inLanguage":"pt-PT"},{"@type":"Organization","@id":"https:\/\/gr-100.com\/#organization","name":"Gr-100","url":"https:\/\/gr-100.com\/","logo":{"@type":"ImageObject","inLanguage":"pt-PT","@id":"https:\/\/gr-100.com\/#\/schema\/logo\/image\/","url":"https:\/\/gr-100.com\/wp-content\/uploads\/2023\/08\/logo-gr-100-bikes.png","contentUrl":"https:\/\/gr-100.com\/wp-content\/uploads\/2023\/08\/logo-gr-100-bikes.png","width":707,"height":284,"caption":"Gr-100"},"image":{"@id":"https:\/\/gr-100.com\/#\/schema\/logo\/image\/"},"sameAs":["https:\/\/www.facebook.com\/Gr100Bikes","https:\/\/www.instagram.com\/gr100bikes\/","https:\/\/www.tiktok.com\/@gr100bikes","https:\/\/twitter.com\/gr100mtbteam","https:\/\/www.youtube.com\/c\/GR100Specialized"]}]}},"_links":{"self":[{"href":"https:\/\/gr-100.com\/pt-pt\/wp-json\/wp\/v2\/product\/423938","targetHints":{"allow":["GET"]}}],"collection":[{"href":"https:\/\/gr-100.com\/pt-pt\/wp-json\/wp\/v2\/product"}],"about":[{"href":"https:\/\/gr-100.com\/pt-pt\/wp-json\/wp\/v2\/types\/product"}],"replies":[{"embeddable":true,"href":"https:\/\/gr-100.com\/pt-pt\/wp-json\/wp\/v2\/comments?post=423938"}],"wp:featuredmedia":[{"embeddable":true,"href":"https:\/\/gr-100.com\/pt-pt\/wp-json\/wp\/v2\/media\/408097"}],"wp:attachment":[{"href":"https:\/\/gr-100.com\/pt-pt\/wp-json\/wp\/v2\/media?parent=423938"}],"wp:term":[{"taxonomy":"product_brand","embeddable":true,"href":"https:\/\/gr-100.com\/pt-pt\/wp-json\/wp\/v2\/product_brand?post=423938"},{"taxonomy":"product_cat","embeddable":true,"href":"https:\/\/gr-100.com\/pt-pt\/wp-json\/wp\/v2\/product_cat?post=423938"},{"taxonomy":"product_tag","embeddable":true,"href":"https:\/\/gr-100.com\/pt-pt\/wp-json\/wp\/v2\/product_tag?post=423938"}],"curies":[{"name":"wp","href":"https:\/\/api.w.org\/{rel}","templated":true}]}}