{"id":424240,"date":"2025-09-17T18:10:10","date_gmt":"2025-09-17T17:10:10","guid":{"rendered":"https:\/\/gr-100.com\/producto\/specialized-stumpjumper-15-pro-axs-2026-29\/"},"modified":"2025-09-17T18:10:10","modified_gmt":"2025-09-17T16:10:10","slug":"specialized-stumpjumper-15-pro-axs-2026-29","status":"publish","type":"product","link":"https:\/\/gr-100.com\/pt-pt\/producto\/specialized-stumpjumper-15-pro-axs-2026-29\/","title":{"rendered":"Specialized Stumpjumper 15 Pro AXS 2026 29"},"content":{"rendered":"<p><strong>CAPACIDAD INCRE\u00cdBLE:<\/strong> La tecnolog\u00eda de amortiguadores GENIE combina una conducci\u00f3n alegre y juguetona con una sensaci\u00f3n de DH sin fondo.<br \/>\n<strong>CONTROL M\u00c1XIMO:<\/strong> Tracci\u00f3n mejor que la &#8220;Bicicleta del A\u00f1o&#8221; Stumpjumper EVO.<br \/>\nPersonalizaci\u00f3n sin igual: ajuste de geometr\u00eda de seis posiciones, rueda mixta o 29&#8243;, curva de muelle ajustable y mucho m\u00e1s.<br \/>\nGENIE-The Magic Carpet Ride: La mayor innovaci\u00f3n de la Stumpjumper 15 es GENIE. Esta tecnolog\u00eda de amortiguador neum\u00e1tico pendiente de patente que hemos inventado cumple los tres deseos de cualquier rider: la sensaci\u00f3n y el control de un muelle, una mejor prevenci\u00f3n de hacer tope que un amortiguador de aire est\u00e1ndar y una &#8220;plataforma&#8221; ajustable para una sensaci\u00f3n juguetona.<br \/>\n<strong>ILLUMINANTE GENIE:<\/strong> GENIE combina el \u00edndice de elasticidad lineal de un muelle que mejora el control en la &#8220;zona de baches&#8221; con el \u00edndice de elasticidad progresivo de un muelle de aire al final del recorrido para evitar que se toque fondo. Verdaderamente, es lo mejor de ambos mundos, el muelle y el aire, con una mayor capacidad de ajuste. Di adi\u00f3s a los compromisos y hola al futuro de la conducci\u00f3n: Con una gesti\u00f3n de la fuerza de baches un 16,3% mejor que la de un amortiguador de aire tradicional, GENIE hace que la Stumpy 15 se conduzca como una bici con m\u00e1s recorrido. Por ejemplo, la Stumpjumper 15 (con 145 mm de recorrido de la rueda trasera) y nuestra Enduro (170 mm de recorrido) utilizan 101 mm de recorrido para absorber una fuerza de bache de 1080 N.<br \/>\n<strong>TRACCI\u00d3N AMPLIA:<\/strong> Extensas pruebas de campo demuestran que la Stumpjumper 15 con GENIE ofrece un 57% m\u00e1s de tracci\u00f3n que un amortiguador de aire est\u00e1ndar, ya que la tecnolog\u00eda GENIE proporciona un rendimiento flexible, similar al de un muelle, que mantiene la rueda en contacto con el suelo un mayor porcentaje de tiempo que un t\u00edpico amortiguador de aire.<br \/>\n<strong>ADI\u00d3S A HACER TOPES:<\/strong> Un 39% menos de bottom-outs que un amortiguador est\u00e1ndar. Durante los grandes impactos, se aprovecha de la tasa de aumento en el \u00faltimo 30% del recorrido del GENIE. Debido a esta tasa de subida pronunciada en dos etapas, GENIE reduce la frecuencia y la gravedad de los golpes de fondo.<br \/>\n<strong>GEOMETR\u00cdA OPTIMIZADA:<\/strong> La geometr\u00eda de esta bicicleta ofrece la capacidad de una bicicleta grande cuando la necesitas, una sensaci\u00f3n \u00e1gil en los tramos juguetones y un comportamiento \u00e1gil y eficiente en las subidas. El generoso puesto de mandos te centra en la bici, optimizando la tracci\u00f3n y el control en las curvas. El eje de pedalier bajo, el \u00e1ngulo lanzado de la direcci\u00f3n y el offest optimizado de la horquilla mantienen la estabilidad en terrenos abruptos.<br \/>\n<strong>MONTA A TU MANERA:<\/strong> La Stumpjumper 15 integra a la perfecci\u00f3n el ajuste geom\u00e9trico de referencia, lo que la convierte en la bicicleta de trail m\u00e1s personalizable de la historia. Seis ajustes geom\u00e9tricos distintos te permiten ajustar el rendimiento para cualquier estilo en cualquier terreno. El \u00e1ngulo de la direcci\u00f3n y la altura del eje de pedalier se pueden ajustar con precisi\u00f3n para conseguir estabilidad o espacio.<br \/>\n<strong>RUEDAS PARA TODOS:<\/strong> Con nuestros amortiguadores posventa, puedes elegir entre ruedas grandes delante y detr\u00e1s o mezclar las cosas con una trasera de 27,5&#8243; para una conducci\u00f3n m\u00e1s sensible y juguetona. No importa lo que elijas, la geometr\u00eda no se ve afectada.<br \/>\n<strong>LL\u00c9VALO TODO:<\/strong> el SWAT 4.0 en la Stumpjumper 15 aumenta el almacenamiento en el tubo diagonal, una innovaci\u00f3n de la que fuimos pioneros. Es el sistema de almacenamiento m\u00e1s resistente a la intemperie.<br \/>\n<strong>M\u00c1S FIABLE QUE T\u00da:<\/strong> Nuestras bicicletas de suspensi\u00f3n total est\u00e1n construidas para ser implacables, dise\u00f1adas para soportar a\u00f1os de duro pedaleo y respaldadas por el mejor soporte y pol\u00edticas para mantenerte en el camino. Nuestra insuperable garant\u00eda de por vida, sin preguntas, de los rodamientos de los pivotes de suspensi\u00f3n al propietario original es s\u00f3lo una de las formas en las que te tenemos cubierto. <\/p>\n<p>-Cuadro de carbono ultraligero FACT 11M<br \/>\n-Ruedas Roval Traverse SL II con bujes Industry Nine 1\/1<br \/>\n-La tecnolog\u00eda de suspensi\u00f3n FOX FLOAT Factory con patente pendiente Specialized GENIE proporciona el m\u00e1ximo agarre y tracci\u00f3n que se encuentran en un muelle lineal, la prevenci\u00f3n de hacer tope que se -encuentra en un amortiguador de aire progresivo, y la capacidad de ajustar el soporte a mitad y final del recorrido de forma independiente. Modo abierto y firme de 2 posiciones altamente ajustable con ajuste de compresi\u00f3n de modo abierto de 3 posiciones.<br \/>\n-Horquilla FOX FLOAT 36 Performance Elite con amortiguador GRIP X2<br \/>\n-Transmisi\u00f3n SRAM XO Eagle T-Type AXS<br \/>\n-Frenos de 4 pistones SRAM Maven Silver<br \/>\n-Tija Telesc\u00f3pica BikeYoke Revive Max<br \/>\n-Garant\u00eda de por vida para el primer comprador de los rodamientos del sistema de suspensi\u00f3n<br \/>\n-Compatible \u00fanicamente con transmisiones electr\u00f3nicas <\/p>\n<p><strong>ESPECIFICA\u00c7\u00d5ES<\/strong><\/p>\n<ul>\n<li>Cuadro<br \/>\n<strong>Abrazadera del sill\u00edn<\/strong><br \/>\nAlloy, 38.6mm<br \/>\n<strong>Cuadro<\/strong><br \/>\nFACT 11m carbon chassis and rear-end, Trail Geometry, SWAT\u2122 Door integration, head tube angle adjustment, threaded BB, internal brake and dropper cable routing, 12x148mm dropouts, sealed cartridge bearing pivots, SRAM UDH compatible, 145mm of travel<\/li>\n<li>Suspensi\u00f3n<br \/>\n<strong>Horquilla<\/strong><br \/>\nFOX FLOAT 36 Factory, GRIP X2 damper, HS and LS rebound and compression adjustment, 15x110mm QR axle, 44mm offset, S1:150mm of travel, S2-S6:160mm of travel<br \/>\n<strong>Amortiguador trasero<\/strong><br \/>\nFOX FLOAT X Factory with Specialized GENIE Shock Tech, Ride Dynamics Trail Tune, 2-position lever, LSC adjustment, LSR adjustment, 210x55mm<\/li>\n<li>Frenos<br \/>\n<strong>Freno delantero<\/strong><br \/>\nSRAM Maven Silver, 4-piston caliper, hydraulic disc, 200mm Centerline Rotor<br \/>\n<strong>Freno trasero<\/strong><br \/>\nSRAM Maven Silver, 4-piston caliper, hydraulic disc, S1-S2: 180mm, S3-S6: 200mm Centerline Rotor<\/li>\n<li>Transmiss\u00e3o<br \/>\n<strong>Manetas de cambio<\/strong><br \/>\nSRAM AXS POD Controller w\/discrete clamp<br \/>\n<strong>Caja de pedalier<\/strong><br \/>\nSRAM DUB Threaded Wide<br \/>\n<strong>Cadena<\/strong><br \/>\nSRAM X0<br \/>\n<strong>Platos y bielas<\/strong><br \/>\nSRAM X0 Eagle Crankset, 32T ring, Integrated Guard, 55mm Chainline, S1-S3:165mm, S4-S6: 170mm<br \/>\n<strong>Desviador trasero<\/strong><br \/>\nSRAM X0 Eagle Transmission<br \/>\n<strong>Cassette<\/strong><br \/>\nSRAM XS 1295, 12 speed, 10-52<\/li>\n<li>Ruedas y neum\u00e1ticos<br \/>\n<strong>Neum\u00e1tico delantero<\/strong><br \/>\nButcher, GRID TRAIL casing, Gripton T9 compound, 29X2.4<br \/>\n<strong>Neum\u00e1tico trasero<\/strong><br \/>\nEliminator, GRID TRAIL casing, GRIPTON\u00ae T7 compound, TLR, S1-S2: 27.5&#215;2.4, S3- S6: 29&#215;2.4&#8243;<br \/>\n<strong>Rueda delantera<\/strong><br \/>\nRoval Traverse SL II Rim, hookless carbon, 30mm inner width, tubeless ready, 29&#8243;, Industry 9 1\/1 Hub, 15x110mm, 28h, Sapim D-Light Spokes<br \/>\n<strong>Rueda trasera<\/strong><br \/>\nRoval Traverse SL II Rim, hookless carbon, 30mm inner width, tubeless ready, Industry 9 1\/1 Hub, 15x110mm, 28h, Sapim D-Light Spokes<br \/>\n<strong>C\u00e1maras<\/strong><br \/>\nStandard, Presta Valve<\/li>\n<li>Cabine de pilotagem<br \/>\n<strong>Tija del sill\u00edn<\/strong><br \/>\nBike Yoke, Revive Max 3.0, 34.9, S1: 125mm, S2: 160mm, S3-S4: 185mm, S5-S6: 213mm<br \/>\n<strong>Sill\u00edn<\/strong><br \/>\nBridge Expert with MIMIC, Hollow Ti rails, S1-S2: 155mm, S3-S6:143mm<br \/>\n<strong>Pu\u00f1os<\/strong><br \/>\nDeity Lockjaw Grips<br \/>\n<strong>Manillar<\/strong><br \/>\nDeity Speedway Carbon, 5-degree upsweep, 9-degree backsweep. S1-S2: 810 width, 30mm rise: S3-S6: 810 width, 50mm rise<br \/>\n<strong>Potencia<\/strong><br \/>\nDeity, 35mm clamp, 42mm length<\/li>\n<li>Peso<br \/>\n14.05 kg (30 lb, 15.6 oz)<\/li>\n<\/ul>\n","protected":false},"excerpt":{"rendered":"<p>La Stumpjumper 15 est\u00e1 aqu\u00ed para acabar con todas las ventajas y desventajas del trail. \u00bfDevora los baches como una bici grande? Comprobado. \u00bfControl de recorrido corto, diversi\u00f3n y eficiencia? Doblemente comprobado. \u00bfY qu\u00e9 tal una buena dosis de personalizaci\u00f3n para hacerla perfecta para el \u00fanico rider que realmente importa: t\u00fa? Comprobado, comprobado, comprobado.      <\/p>\n","protected":false},"featured_media":416359,"comment_status":"open","ping_status":"closed","template":"","meta":{"_acf_changed":false,"_et_pb_use_builder":"","_et_pb_old_content":"","_et_gb_content_width":"","inline_featured_image":false},"product_brand":[],"product_cat":[5377,5378,5376,5375,402],"product_tag":[],"class_list":{"0":"post-424240","1":"product","2":"type-product","3":"status-publish","4":"has-post-thumbnail","6":"product_cat-bicicletas-de-montanha-com-suspensao-dupla","7":"product_cat-bicicletas-de-montanha-de-29","8":"product_cat-bicicletas-de-montanha-em-carbono","9":"product_cat-bicicletas-de-montanha-specialized","10":"product_cat-montanha","11":"product_shipping_class-bicicletas-pt-pt","13":"first","14":"instock","15":"taxable","16":"shipping-taxable","17":"purchasable","18":"product-type-variable","19":"wvs-archive-product-wrapper"},"acf":[],"yoast_head":"<!-- This site is optimized with the Yoast SEO Premium plugin v26.7 (Yoast SEO v26.7) - https:\/\/yoast.com\/wordpress\/plugins\/seo\/ -->\n<title>Specialized Stumpjumper 15 Pro AXS 2026 29 GR-100<\/title>\n<meta name=\"description\" content=\"Carbono ultraligero FACT 11M. Roval Traverse SL II. suspensi\u00f3n FOX FLOAT Factory Specialized GENIE. SRAM X0 Eagle Transmission AXS. SRAM Maven Silver 4P\" \/>\n<meta name=\"robots\" content=\"index, follow, max-snippet:-1, max-image-preview:large, max-video-preview:-1\" \/>\n<link rel=\"canonical\" href=\"https:\/\/gr-100.com\/pt-pt\/producto\/specialized-stumpjumper-15-pro-axs-2026-29\/\" \/>\n<meta property=\"og:locale\" content=\"pt_PT\" \/>\n<meta property=\"og:type\" content=\"article\" \/>\n<meta property=\"og:title\" content=\"Specialized Stumpjumper 15 Pro AXS 2026 29\" \/>\n<meta property=\"og:description\" content=\"Carbono ultraligero FACT 11M. Roval Traverse SL II. suspensi\u00f3n FOX FLOAT Factory Specialized GENIE. SRAM X0 Eagle Transmission AXS. SRAM Maven Silver 4P\" \/>\n<meta property=\"og:url\" content=\"https:\/\/gr-100.com\/pt-pt\/producto\/specialized-stumpjumper-15-pro-axs-2026-29\/\" \/>\n<meta property=\"og:site_name\" content=\"Gr-100 Tienda de ciclismo Specialized\" \/>\n<meta property=\"article:publisher\" content=\"https:\/\/www.facebook.com\/Gr100Bikes\" \/>\n<meta property=\"og:image\" content=\"https:\/\/gr-100.com\/wp-content\/uploads\/2025\/09\/Stumpjumper-15-EVO-Pro-2026.jpg\" \/>\n\t<meta property=\"og:image:width\" content=\"1000\" \/>\n\t<meta property=\"og:image:height\" content=\"1000\" \/>\n\t<meta property=\"og:image:type\" content=\"image\/jpeg\" \/>\n<meta name=\"twitter:card\" content=\"summary_large_image\" \/>\n<meta name=\"twitter:label1\" content=\"Tempo estimado de leitura\" \/>\n\t<meta name=\"twitter:data1\" content=\"6 minutos\" \/>\n<script type=\"application\/ld+json\" class=\"yoast-schema-graph\">{\"@context\":\"https:\/\/schema.org\",\"@graph\":[{\"@type\":\"WebPage\",\"@id\":\"https:\/\/gr-100.com\/pt-pt\/producto\/specialized-stumpjumper-15-pro-axs-2026-29\/\",\"url\":\"https:\/\/gr-100.com\/pt-pt\/producto\/specialized-stumpjumper-15-pro-axs-2026-29\/\",\"name\":\"Specialized Stumpjumper 15 Pro AXS 2026 29 GR-100\",\"isPartOf\":{\"@id\":\"https:\/\/gr-100.com\/#website\"},\"primaryImageOfPage\":{\"@id\":\"https:\/\/gr-100.com\/pt-pt\/producto\/specialized-stumpjumper-15-pro-axs-2026-29\/#primaryimage\"},\"image\":{\"@id\":\"https:\/\/gr-100.com\/pt-pt\/producto\/specialized-stumpjumper-15-pro-axs-2026-29\/#primaryimage\"},\"thumbnailUrl\":\"https:\/\/gr-100.com\/wp-content\/uploads\/2025\/09\/Stumpjumper-15-EVO-Pro-2026.jpg\",\"datePublished\":\"2025-09-17T17:10:10+00:00\",\"description\":\"Carbono ultraligero FACT 11M. Roval Traverse SL II. suspensi\u00f3n FOX FLOAT Factory Specialized GENIE. SRAM X0 Eagle Transmission AXS. SRAM Maven Silver 4P\",\"breadcrumb\":{\"@id\":\"https:\/\/gr-100.com\/pt-pt\/producto\/specialized-stumpjumper-15-pro-axs-2026-29\/#breadcrumb\"},\"inLanguage\":\"pt-PT\",\"potentialAction\":[{\"@type\":\"ReadAction\",\"target\":[\"https:\/\/gr-100.com\/pt-pt\/producto\/specialized-stumpjumper-15-pro-axs-2026-29\/\"]}]},{\"@type\":\"ImageObject\",\"inLanguage\":\"pt-PT\",\"@id\":\"https:\/\/gr-100.com\/pt-pt\/producto\/specialized-stumpjumper-15-pro-axs-2026-29\/#primaryimage\",\"url\":\"https:\/\/gr-100.com\/wp-content\/uploads\/2025\/09\/Stumpjumper-15-EVO-Pro-2026.jpg\",\"contentUrl\":\"https:\/\/gr-100.com\/wp-content\/uploads\/2025\/09\/Stumpjumper-15-EVO-Pro-2026.jpg\",\"width\":1000,\"height\":1000},{\"@type\":\"BreadcrumbList\",\"@id\":\"https:\/\/gr-100.com\/pt-pt\/producto\/specialized-stumpjumper-15-pro-axs-2026-29\/#breadcrumb\",\"itemListElement\":[{\"@type\":\"ListItem\",\"position\":1,\"name\":\"Portada\",\"item\":\"https:\/\/gr-100.com\/en\/\"},{\"@type\":\"ListItem\",\"position\":2,\"name\":\"Productos\",\"item\":\"https:\/\/gr-100.com\/?post_type=product\"},{\"@type\":\"ListItem\",\"position\":3,\"name\":\"Specialized Stumpjumper 15 Pro AXS 2026 29\"}]},{\"@type\":\"WebSite\",\"@id\":\"https:\/\/gr-100.com\/#website\",\"url\":\"https:\/\/gr-100.com\/\",\"name\":\"Gr-100 Tienda de ciclismo Specialized\",\"description\":\"GR-100 tenemos todas las gamas de bicicletas Specialized al mejor precio.\",\"publisher\":{\"@id\":\"https:\/\/gr-100.com\/#organization\"},\"alternateName\":\"Gr-100 Bikes\",\"potentialAction\":[{\"@type\":\"SearchAction\",\"target\":{\"@type\":\"EntryPoint\",\"urlTemplate\":\"https:\/\/gr-100.com\/?s={search_term_string}\"},\"query-input\":{\"@type\":\"PropertyValueSpecification\",\"valueRequired\":true,\"valueName\":\"search_term_string\"}}],\"inLanguage\":\"pt-PT\"},{\"@type\":\"Organization\",\"@id\":\"https:\/\/gr-100.com\/#organization\",\"name\":\"Gr-100\",\"url\":\"https:\/\/gr-100.com\/\",\"logo\":{\"@type\":\"ImageObject\",\"inLanguage\":\"pt-PT\",\"@id\":\"https:\/\/gr-100.com\/#\/schema\/logo\/image\/\",\"url\":\"https:\/\/gr-100.com\/wp-content\/uploads\/2023\/08\/logo-gr-100-bikes.png\",\"contentUrl\":\"https:\/\/gr-100.com\/wp-content\/uploads\/2023\/08\/logo-gr-100-bikes.png\",\"width\":707,\"height\":284,\"caption\":\"Gr-100\"},\"image\":{\"@id\":\"https:\/\/gr-100.com\/#\/schema\/logo\/image\/\"},\"sameAs\":[\"https:\/\/www.facebook.com\/Gr100Bikes\",\"https:\/\/www.instagram.com\/gr100bikes\/\",\"https:\/\/www.tiktok.com\/@gr100bikes\",\"https:\/\/twitter.com\/gr100mtbteam\",\"https:\/\/www.youtube.com\/c\/GR100Specialized\"]}]}<\/script>\n<!-- \/ Yoast SEO Premium plugin. -->","yoast_head_json":{"title":"Specialized Stumpjumper 15 Pro AXS 2026 29 GR-100","description":"Carbono ultraligero FACT 11M. Roval Traverse SL II. suspensi\u00f3n FOX FLOAT Factory Specialized GENIE. SRAM X0 Eagle Transmission AXS. SRAM Maven Silver 4P","robots":{"index":"index","follow":"follow","max-snippet":"max-snippet:-1","max-image-preview":"max-image-preview:large","max-video-preview":"max-video-preview:-1"},"canonical":"https:\/\/gr-100.com\/pt-pt\/producto\/specialized-stumpjumper-15-pro-axs-2026-29\/","og_locale":"pt_PT","og_type":"article","og_title":"Specialized Stumpjumper 15 Pro AXS 2026 29","og_description":"Carbono ultraligero FACT 11M. Roval Traverse SL II. suspensi\u00f3n FOX FLOAT Factory Specialized GENIE. SRAM X0 Eagle Transmission AXS. SRAM Maven Silver 4P","og_url":"https:\/\/gr-100.com\/pt-pt\/producto\/specialized-stumpjumper-15-pro-axs-2026-29\/","og_site_name":"Gr-100 Tienda de ciclismo Specialized","article_publisher":"https:\/\/www.facebook.com\/Gr100Bikes","og_image":[{"width":1000,"height":1000,"url":"https:\/\/gr-100.com\/wp-content\/uploads\/2025\/09\/Stumpjumper-15-EVO-Pro-2026.jpg","type":"image\/jpeg"}],"twitter_card":"summary_large_image","twitter_misc":{"Tempo estimado de leitura":"6 minutos"},"schema":{"@context":"https:\/\/schema.org","@graph":[{"@type":"WebPage","@id":"https:\/\/gr-100.com\/pt-pt\/producto\/specialized-stumpjumper-15-pro-axs-2026-29\/","url":"https:\/\/gr-100.com\/pt-pt\/producto\/specialized-stumpjumper-15-pro-axs-2026-29\/","name":"Specialized Stumpjumper 15 Pro AXS 2026 29 GR-100","isPartOf":{"@id":"https:\/\/gr-100.com\/#website"},"primaryImageOfPage":{"@id":"https:\/\/gr-100.com\/pt-pt\/producto\/specialized-stumpjumper-15-pro-axs-2026-29\/#primaryimage"},"image":{"@id":"https:\/\/gr-100.com\/pt-pt\/producto\/specialized-stumpjumper-15-pro-axs-2026-29\/#primaryimage"},"thumbnailUrl":"https:\/\/gr-100.com\/wp-content\/uploads\/2025\/09\/Stumpjumper-15-EVO-Pro-2026.jpg","datePublished":"2025-09-17T17:10:10+00:00","description":"Carbono ultraligero FACT 11M. Roval Traverse SL II. suspensi\u00f3n FOX FLOAT Factory Specialized GENIE. SRAM X0 Eagle Transmission AXS. SRAM Maven Silver 4P","breadcrumb":{"@id":"https:\/\/gr-100.com\/pt-pt\/producto\/specialized-stumpjumper-15-pro-axs-2026-29\/#breadcrumb"},"inLanguage":"pt-PT","potentialAction":[{"@type":"ReadAction","target":["https:\/\/gr-100.com\/pt-pt\/producto\/specialized-stumpjumper-15-pro-axs-2026-29\/"]}]},{"@type":"ImageObject","inLanguage":"pt-PT","@id":"https:\/\/gr-100.com\/pt-pt\/producto\/specialized-stumpjumper-15-pro-axs-2026-29\/#primaryimage","url":"https:\/\/gr-100.com\/wp-content\/uploads\/2025\/09\/Stumpjumper-15-EVO-Pro-2026.jpg","contentUrl":"https:\/\/gr-100.com\/wp-content\/uploads\/2025\/09\/Stumpjumper-15-EVO-Pro-2026.jpg","width":1000,"height":1000},{"@type":"BreadcrumbList","@id":"https:\/\/gr-100.com\/pt-pt\/producto\/specialized-stumpjumper-15-pro-axs-2026-29\/#breadcrumb","itemListElement":[{"@type":"ListItem","position":1,"name":"Portada","item":"https:\/\/gr-100.com\/en\/"},{"@type":"ListItem","position":2,"name":"Productos","item":"https:\/\/gr-100.com\/?post_type=product"},{"@type":"ListItem","position":3,"name":"Specialized Stumpjumper 15 Pro AXS 2026 29"}]},{"@type":"WebSite","@id":"https:\/\/gr-100.com\/#website","url":"https:\/\/gr-100.com\/","name":"Gr-100 Tienda de ciclismo Specialized","description":"GR-100 tenemos todas las gamas de bicicletas Specialized al mejor precio.","publisher":{"@id":"https:\/\/gr-100.com\/#organization"},"alternateName":"Gr-100 Bikes","potentialAction":[{"@type":"SearchAction","target":{"@type":"EntryPoint","urlTemplate":"https:\/\/gr-100.com\/?s={search_term_string}"},"query-input":{"@type":"PropertyValueSpecification","valueRequired":true,"valueName":"search_term_string"}}],"inLanguage":"pt-PT"},{"@type":"Organization","@id":"https:\/\/gr-100.com\/#organization","name":"Gr-100","url":"https:\/\/gr-100.com\/","logo":{"@type":"ImageObject","inLanguage":"pt-PT","@id":"https:\/\/gr-100.com\/#\/schema\/logo\/image\/","url":"https:\/\/gr-100.com\/wp-content\/uploads\/2023\/08\/logo-gr-100-bikes.png","contentUrl":"https:\/\/gr-100.com\/wp-content\/uploads\/2023\/08\/logo-gr-100-bikes.png","width":707,"height":284,"caption":"Gr-100"},"image":{"@id":"https:\/\/gr-100.com\/#\/schema\/logo\/image\/"},"sameAs":["https:\/\/www.facebook.com\/Gr100Bikes","https:\/\/www.instagram.com\/gr100bikes\/","https:\/\/www.tiktok.com\/@gr100bikes","https:\/\/twitter.com\/gr100mtbteam","https:\/\/www.youtube.com\/c\/GR100Specialized"]}]}},"_links":{"self":[{"href":"https:\/\/gr-100.com\/pt-pt\/wp-json\/wp\/v2\/product\/424240","targetHints":{"allow":["GET"]}}],"collection":[{"href":"https:\/\/gr-100.com\/pt-pt\/wp-json\/wp\/v2\/product"}],"about":[{"href":"https:\/\/gr-100.com\/pt-pt\/wp-json\/wp\/v2\/types\/product"}],"replies":[{"embeddable":true,"href":"https:\/\/gr-100.com\/pt-pt\/wp-json\/wp\/v2\/comments?post=424240"}],"wp:featuredmedia":[{"embeddable":true,"href":"https:\/\/gr-100.com\/pt-pt\/wp-json\/wp\/v2\/media\/416359"}],"wp:attachment":[{"href":"https:\/\/gr-100.com\/pt-pt\/wp-json\/wp\/v2\/media?parent=424240"}],"wp:term":[{"taxonomy":"product_brand","embeddable":true,"href":"https:\/\/gr-100.com\/pt-pt\/wp-json\/wp\/v2\/product_brand?post=424240"},{"taxonomy":"product_cat","embeddable":true,"href":"https:\/\/gr-100.com\/pt-pt\/wp-json\/wp\/v2\/product_cat?post=424240"},{"taxonomy":"product_tag","embeddable":true,"href":"https:\/\/gr-100.com\/pt-pt\/wp-json\/wp\/v2\/product_tag?post=424240"}],"curies":[{"name":"wp","href":"https:\/\/api.w.org\/{rel}","templated":true}]}}