{"id":424616,"date":"2025-10-07T13:37:38","date_gmt":"2025-10-07T12:37:38","guid":{"rendered":"https:\/\/gr-100.com\/producto\/specialized-sirrus-x-1-0-step-through-2026\/"},"modified":"2025-10-07T13:37:38","modified_gmt":"2025-10-07T11:37:38","slug":"specialized-sirrus-x-1-0-step-through-2026","status":"publish","type":"product","link":"https:\/\/gr-100.com\/pt-pt\/producto\/specialized-sirrus-x-1-0-step-through-2026\/","title":{"rendered":"Specialized Sirrus X 1.0 Step Through 2026"},"content":{"rendered":"<ul>\n<li>SUAVE, CONFORT\u00c1VEL E EFICIENTE:<br \/>\nO Sirrus X oferece-te a condu\u00e7\u00e3o mais suave da sua classe. Gra\u00e7as a pneus mais largos e que inspiram confian\u00e7a, a uma posi\u00e7\u00e3o de condu\u00e7\u00e3o ligeiramente mais direita e a uma transmiss\u00e3o de coroa \u00fanica super-intuitiva. <\/li>\n<li>DESIGNED WITH THE RIDER IN MIND:<br \/>\nComo todas as bicicletas de performance Specialized, a geometria de cada quadro \u00e9 desenhada de forma \u00fanica. Isto significa que, para cada tamanho, os tamanhos dos tubos s\u00e3o especificamente selecionados para alcan\u00e7ar o equil\u00edbrio ideal entre rigidez, peso e capacidade de resposta, assegurando que, independentemente do tamanho que tenhas, vais experimentar a melhor pedalada do mundo. <\/li>\n<li>\u00c1gil:<br \/>\nO peso ultraleve l\u00edder na sua classe, a excecional efici\u00eancia de pedalada e a precis\u00e3o da dire\u00e7\u00e3o combinam-se para uma condu\u00e7\u00e3o confiante, quase telep\u00e1tica.<br \/>\nQuadro leve em liga A1, com passagem interna de cabos, 1,7 kg (3,5 lbs) mais leve.<br \/>\nM\u00e1ximo controlo atrav\u00e9s de mudan\u00e7as intuitivas com transmiss\u00e3o 1&#215;7 de grande alcance.<br \/>\nDesliza sem esfor\u00e7o em terrenos dif\u00edceis com os pneus Specialized Pathfinder 42c de rolamento r\u00e1pido, com o exclusivo composto de borracha Gripton.<\/li>\n<li>ESPECIFICACIONES T\u00c1CNICAS<\/li>\n<li>Quadro<br \/>\nQuadro: Alum\u00ednio Premium A1 Specialized, geometria Fitness, tubos c\u00f3nicos, passagem de cabos interna, trav\u00f5es de disco de montagem plana, aperto r\u00e1pido, suportes Plug + Play para porta-bagagens e guarda-lamas.<br \/>\nSuspens\u00e3o<br \/>\nForqueta: A\u00e7o Hi-Ten, trav\u00e3o de disco de montagem plana, suportes Plug + Play para guarda-lamas, suportes para porta-bagagens low rider, aperto r\u00e1pido.<\/li>\n<li>Trav\u00f5es<br \/>\nTrav\u00e3o da frente: Lee Chi, trav\u00e3o de disco mec\u00e2nico.<br \/>\nTrav\u00e3o de tr\u00e1s: Lee Chi, trav\u00e3o de disco mec\u00e2nico.<\/li>\n<li>Drivetrain<br \/>\nCorrente: KMC X8 com Missing Link\u2122.<br \/>\nRodas de corrente: A\u00e7o Narrow Wide 42T.<br \/>\nPedaleira: Prowheel Alloy<br \/>\nTamanhos XXS &#8211; XS: 165 mm<br \/>\nTamanhos S &#8211; M: 170 mm<br \/>\nTamanhos L &#8211; XL: 175 mm<br \/>\nDesviador traseiro: Shimano Acera, 8 velocidades.<br \/>\nShimano Altus SL-M315-7R, 7 velocidades.<br \/>\nSuporte inferior: c\u00f3nico quadrado, 68 mm.<br \/>\nCassete: microSHIFT CS-H074, 7 velocidades, 12-40T.<\/li>\n<li>Rodas e pneus<br \/>\nJantes: 700C para trav\u00e3o de disco, parede dupla em liga leve, profundidade 22 mm, largura interior 21 mm.<br \/>\nCubo dianteiro: Liga leve, trav\u00e3o de disco de 6 parafusos, rolamentos de esferas soltos, liberta\u00e7\u00e3o r\u00e1pida, 32 raios.<br \/>\nCubo traseiro: Liga leve, trav\u00e3o de disco de 6 parafusos, cubo livre para 8\/9 velocidades, rolamentos de esferas soltos, liberta\u00e7\u00e3o r\u00e1pida, 36 raios, eixo 10&#215;135 mm.<\/li>\n<li>Pneus:<br \/>\nDianteiro: Pathfinder Wirebead Fast Gravel 700x40C<br \/>\nTraseiro: Pathfinder Wirebead Fast Gravel 700x40C<br \/>\nRaios: A\u00e7o inoxid\u00e1vel, 14g.<br \/>\nC\u00e2maras: Standard 40mm SV, compat\u00edvel com 700&#215;32-50 mm.<\/li>\n<li>Cockpit<br \/>\nHaste: Liga forjada em 3D, 31,8 mm, 7\u00b0 de inclina\u00e7\u00e3o.<br \/>\nEspig\u00e3o do selim: Liga, recuo de 12 mm, grampo de 2 parafusos, 27,2 mm de di\u00e2metro.<br \/>\nGrampo do selim: Tipo aparafusado, 31,8 mm.<br \/>\nSelim: Bridge Sport, carris de a\u00e7o, 155\/143 mm de largura.<br \/>\nPunhos: Specialized Neutralizer, Body Geometry, com fecho.<br \/>\nGuiador: Specialized em liga leve, recuo de 15\u00b0, eleva\u00e7\u00e3o de 46 mm, 31,8 mm de di\u00e2metro.<\/li>\n<li>Acess\u00f3rios<br \/>\nPedais: Specialized, tipo de plataforma.<\/li>\n<li>Detalhes do produto<br \/>\nIdentifier: 222050<br \/>\nTamanho: MD (Medium)<br \/>\nPeso: 11,72 kg (25 lb, 13,4 oz)<\/li>\n<\/ul>\n","protected":false},"excerpt":{"rendered":"<p>Oferecendo uma combina\u00e7\u00e3o sem precedentes de conforto, efici\u00eancia e manuseamento \u00e1gil, o Sirrus X destaca-se no asfalto, em estradas de terra e em qualquer outro terreno.<\/p>\n","protected":false},"featured_media":419047,"comment_status":"open","ping_status":"closed","template":"","meta":{"_acf_changed":false,"_et_pb_use_builder":"","_et_pb_old_content":"","_et_gb_content_width":"","inline_featured_image":false},"product_brand":[],"product_cat":[2459,5284,378,5313],"product_tag":[],"class_list":{"0":"post-424616","1":"product","2":"type-product","3":"status-publish","4":"has-post-thumbnail","6":"product_cat-bicicletas-pt-pt-2","7":"product_cat-bicicletas-urbanas-pt-pt","8":"product_cat-estrada","9":"product_cat-bicicletas-carretera-specialized-pt-pt","10":"product_shipping_class-bicicletas-pt-pt","12":"first","13":"instock","14":"taxable","15":"shipping-taxable","16":"purchasable","17":"product-type-variable","18":"wvs-archive-product-wrapper"},"acf":[],"yoast_head":"<!-- This site is optimized with the Yoast SEO Premium plugin v26.7 (Yoast SEO v26.7) - https:\/\/yoast.com\/wordpress\/plugins\/seo\/ -->\n<title>Specialized Sirrus X 1.0 Step Through 2026 GR-100<\/title>\n<meta name=\"description\" content=\"Oferecendo uma combina\u00e7\u00e3o sem precedentes de conforto, efici\u00eancia e manuseamento \u00e1gil, o Sirrus X destaca-se no asfalto, em estradas de terra e em qualquer outro terreno.\" \/>\n<meta name=\"robots\" content=\"index, follow, max-snippet:-1, max-image-preview:large, max-video-preview:-1\" \/>\n<link rel=\"canonical\" href=\"https:\/\/gr-100.com\/pt-pt\/producto\/specialized-sirrus-x-1-0-step-through-2026\/\" \/>\n<meta property=\"og:locale\" content=\"pt_PT\" \/>\n<meta property=\"og:type\" content=\"article\" \/>\n<meta property=\"og:title\" content=\"Specialized Sirrus X 1.0 Step Through 2026\" \/>\n<meta property=\"og:description\" content=\"Oferecendo uma combina\u00e7\u00e3o sem precedentes de conforto, efici\u00eancia e manuseamento \u00e1gil, o Sirrus X destaca-se no asfalto, em estradas de terra e em qualquer outro terreno.\" \/>\n<meta property=\"og:url\" content=\"https:\/\/gr-100.com\/pt-pt\/producto\/specialized-sirrus-x-1-0-step-through-2026\/\" \/>\n<meta property=\"og:site_name\" content=\"Gr-100 Tienda de ciclismo Specialized\" \/>\n<meta property=\"article:publisher\" content=\"https:\/\/www.facebook.com\/Gr100Bikes\" \/>\n<meta property=\"og:image\" content=\"https:\/\/gr-100.com\/wp-content\/uploads\/2025\/10\/Diseno-sin-titulo-2025-10-07T132039.519.jpg\" \/>\n\t<meta property=\"og:image:width\" content=\"1000\" \/>\n\t<meta property=\"og:image:height\" content=\"1000\" \/>\n\t<meta property=\"og:image:type\" content=\"image\/jpeg\" \/>\n<meta name=\"twitter:card\" content=\"summary_large_image\" \/>\n<meta name=\"twitter:label1\" content=\"Tempo estimado de leitura\" \/>\n\t<meta name=\"twitter:data1\" content=\"3 minutos\" \/>\n<script type=\"application\/ld+json\" class=\"yoast-schema-graph\">{\"@context\":\"https:\/\/schema.org\",\"@graph\":[{\"@type\":\"WebPage\",\"@id\":\"https:\/\/gr-100.com\/pt-pt\/producto\/specialized-sirrus-x-1-0-step-through-2026\/\",\"url\":\"https:\/\/gr-100.com\/pt-pt\/producto\/specialized-sirrus-x-1-0-step-through-2026\/\",\"name\":\"Specialized Sirrus X 1.0 Step Through 2026 GR-100\",\"isPartOf\":{\"@id\":\"https:\/\/gr-100.com\/#website\"},\"primaryImageOfPage\":{\"@id\":\"https:\/\/gr-100.com\/pt-pt\/producto\/specialized-sirrus-x-1-0-step-through-2026\/#primaryimage\"},\"image\":{\"@id\":\"https:\/\/gr-100.com\/pt-pt\/producto\/specialized-sirrus-x-1-0-step-through-2026\/#primaryimage\"},\"thumbnailUrl\":\"https:\/\/gr-100.com\/wp-content\/uploads\/2025\/10\/Diseno-sin-titulo-2025-10-07T132039.519.jpg\",\"datePublished\":\"2025-10-07T12:37:38+00:00\",\"description\":\"Oferecendo uma combina\u00e7\u00e3o sem precedentes de conforto, efici\u00eancia e manuseamento \u00e1gil, o Sirrus X destaca-se no asfalto, em estradas de terra e em qualquer outro terreno.\",\"breadcrumb\":{\"@id\":\"https:\/\/gr-100.com\/pt-pt\/producto\/specialized-sirrus-x-1-0-step-through-2026\/#breadcrumb\"},\"inLanguage\":\"pt-PT\",\"potentialAction\":[{\"@type\":\"ReadAction\",\"target\":[\"https:\/\/gr-100.com\/pt-pt\/producto\/specialized-sirrus-x-1-0-step-through-2026\/\"]}]},{\"@type\":\"ImageObject\",\"inLanguage\":\"pt-PT\",\"@id\":\"https:\/\/gr-100.com\/pt-pt\/producto\/specialized-sirrus-x-1-0-step-through-2026\/#primaryimage\",\"url\":\"https:\/\/gr-100.com\/wp-content\/uploads\/2025\/10\/Diseno-sin-titulo-2025-10-07T132039.519.jpg\",\"contentUrl\":\"https:\/\/gr-100.com\/wp-content\/uploads\/2025\/10\/Diseno-sin-titulo-2025-10-07T132039.519.jpg\",\"width\":1000,\"height\":1000},{\"@type\":\"BreadcrumbList\",\"@id\":\"https:\/\/gr-100.com\/pt-pt\/producto\/specialized-sirrus-x-1-0-step-through-2026\/#breadcrumb\",\"itemListElement\":[{\"@type\":\"ListItem\",\"position\":1,\"name\":\"Portada\",\"item\":\"https:\/\/gr-100.com\/en\/\"},{\"@type\":\"ListItem\",\"position\":2,\"name\":\"Productos\",\"item\":\"https:\/\/gr-100.com\/?post_type=product\"},{\"@type\":\"ListItem\",\"position\":3,\"name\":\"Specialized Sirrus X 1.0 Step Through 2026\"}]},{\"@type\":\"WebSite\",\"@id\":\"https:\/\/gr-100.com\/#website\",\"url\":\"https:\/\/gr-100.com\/\",\"name\":\"Gr-100 Tienda de ciclismo Specialized\",\"description\":\"GR-100 tenemos todas las gamas de bicicletas Specialized al mejor precio.\",\"publisher\":{\"@id\":\"https:\/\/gr-100.com\/#organization\"},\"alternateName\":\"Gr-100 Bikes\",\"potentialAction\":[{\"@type\":\"SearchAction\",\"target\":{\"@type\":\"EntryPoint\",\"urlTemplate\":\"https:\/\/gr-100.com\/?s={search_term_string}\"},\"query-input\":{\"@type\":\"PropertyValueSpecification\",\"valueRequired\":true,\"valueName\":\"search_term_string\"}}],\"inLanguage\":\"pt-PT\"},{\"@type\":\"Organization\",\"@id\":\"https:\/\/gr-100.com\/#organization\",\"name\":\"Gr-100\",\"url\":\"https:\/\/gr-100.com\/\",\"logo\":{\"@type\":\"ImageObject\",\"inLanguage\":\"pt-PT\",\"@id\":\"https:\/\/gr-100.com\/#\/schema\/logo\/image\/\",\"url\":\"https:\/\/gr-100.com\/wp-content\/uploads\/2023\/08\/logo-gr-100-bikes.png\",\"contentUrl\":\"https:\/\/gr-100.com\/wp-content\/uploads\/2023\/08\/logo-gr-100-bikes.png\",\"width\":707,\"height\":284,\"caption\":\"Gr-100\"},\"image\":{\"@id\":\"https:\/\/gr-100.com\/#\/schema\/logo\/image\/\"},\"sameAs\":[\"https:\/\/www.facebook.com\/Gr100Bikes\",\"https:\/\/www.instagram.com\/gr100bikes\/\",\"https:\/\/www.tiktok.com\/@gr100bikes\",\"https:\/\/twitter.com\/gr100mtbteam\",\"https:\/\/www.youtube.com\/c\/GR100Specialized\"]}]}<\/script>\n<!-- \/ Yoast SEO Premium plugin. -->","yoast_head_json":{"title":"Specialized Sirrus X 1.0 Step Through 2026 GR-100","description":"Oferecendo uma combina\u00e7\u00e3o sem precedentes de conforto, efici\u00eancia e manuseamento \u00e1gil, o Sirrus X destaca-se no asfalto, em estradas de terra e em qualquer outro terreno.","robots":{"index":"index","follow":"follow","max-snippet":"max-snippet:-1","max-image-preview":"max-image-preview:large","max-video-preview":"max-video-preview:-1"},"canonical":"https:\/\/gr-100.com\/pt-pt\/producto\/specialized-sirrus-x-1-0-step-through-2026\/","og_locale":"pt_PT","og_type":"article","og_title":"Specialized Sirrus X 1.0 Step Through 2026","og_description":"Oferecendo uma combina\u00e7\u00e3o sem precedentes de conforto, efici\u00eancia e manuseamento \u00e1gil, o Sirrus X destaca-se no asfalto, em estradas de terra e em qualquer outro terreno.","og_url":"https:\/\/gr-100.com\/pt-pt\/producto\/specialized-sirrus-x-1-0-step-through-2026\/","og_site_name":"Gr-100 Tienda de ciclismo Specialized","article_publisher":"https:\/\/www.facebook.com\/Gr100Bikes","og_image":[{"width":1000,"height":1000,"url":"https:\/\/gr-100.com\/wp-content\/uploads\/2025\/10\/Diseno-sin-titulo-2025-10-07T132039.519.jpg","type":"image\/jpeg"}],"twitter_card":"summary_large_image","twitter_misc":{"Tempo estimado de leitura":"3 minutos"},"schema":{"@context":"https:\/\/schema.org","@graph":[{"@type":"WebPage","@id":"https:\/\/gr-100.com\/pt-pt\/producto\/specialized-sirrus-x-1-0-step-through-2026\/","url":"https:\/\/gr-100.com\/pt-pt\/producto\/specialized-sirrus-x-1-0-step-through-2026\/","name":"Specialized Sirrus X 1.0 Step Through 2026 GR-100","isPartOf":{"@id":"https:\/\/gr-100.com\/#website"},"primaryImageOfPage":{"@id":"https:\/\/gr-100.com\/pt-pt\/producto\/specialized-sirrus-x-1-0-step-through-2026\/#primaryimage"},"image":{"@id":"https:\/\/gr-100.com\/pt-pt\/producto\/specialized-sirrus-x-1-0-step-through-2026\/#primaryimage"},"thumbnailUrl":"https:\/\/gr-100.com\/wp-content\/uploads\/2025\/10\/Diseno-sin-titulo-2025-10-07T132039.519.jpg","datePublished":"2025-10-07T12:37:38+00:00","description":"Oferecendo uma combina\u00e7\u00e3o sem precedentes de conforto, efici\u00eancia e manuseamento \u00e1gil, o Sirrus X destaca-se no asfalto, em estradas de terra e em qualquer outro terreno.","breadcrumb":{"@id":"https:\/\/gr-100.com\/pt-pt\/producto\/specialized-sirrus-x-1-0-step-through-2026\/#breadcrumb"},"inLanguage":"pt-PT","potentialAction":[{"@type":"ReadAction","target":["https:\/\/gr-100.com\/pt-pt\/producto\/specialized-sirrus-x-1-0-step-through-2026\/"]}]},{"@type":"ImageObject","inLanguage":"pt-PT","@id":"https:\/\/gr-100.com\/pt-pt\/producto\/specialized-sirrus-x-1-0-step-through-2026\/#primaryimage","url":"https:\/\/gr-100.com\/wp-content\/uploads\/2025\/10\/Diseno-sin-titulo-2025-10-07T132039.519.jpg","contentUrl":"https:\/\/gr-100.com\/wp-content\/uploads\/2025\/10\/Diseno-sin-titulo-2025-10-07T132039.519.jpg","width":1000,"height":1000},{"@type":"BreadcrumbList","@id":"https:\/\/gr-100.com\/pt-pt\/producto\/specialized-sirrus-x-1-0-step-through-2026\/#breadcrumb","itemListElement":[{"@type":"ListItem","position":1,"name":"Portada","item":"https:\/\/gr-100.com\/en\/"},{"@type":"ListItem","position":2,"name":"Productos","item":"https:\/\/gr-100.com\/?post_type=product"},{"@type":"ListItem","position":3,"name":"Specialized Sirrus X 1.0 Step Through 2026"}]},{"@type":"WebSite","@id":"https:\/\/gr-100.com\/#website","url":"https:\/\/gr-100.com\/","name":"Gr-100 Tienda de ciclismo Specialized","description":"GR-100 tenemos todas las gamas de bicicletas Specialized al mejor precio.","publisher":{"@id":"https:\/\/gr-100.com\/#organization"},"alternateName":"Gr-100 Bikes","potentialAction":[{"@type":"SearchAction","target":{"@type":"EntryPoint","urlTemplate":"https:\/\/gr-100.com\/?s={search_term_string}"},"query-input":{"@type":"PropertyValueSpecification","valueRequired":true,"valueName":"search_term_string"}}],"inLanguage":"pt-PT"},{"@type":"Organization","@id":"https:\/\/gr-100.com\/#organization","name":"Gr-100","url":"https:\/\/gr-100.com\/","logo":{"@type":"ImageObject","inLanguage":"pt-PT","@id":"https:\/\/gr-100.com\/#\/schema\/logo\/image\/","url":"https:\/\/gr-100.com\/wp-content\/uploads\/2023\/08\/logo-gr-100-bikes.png","contentUrl":"https:\/\/gr-100.com\/wp-content\/uploads\/2023\/08\/logo-gr-100-bikes.png","width":707,"height":284,"caption":"Gr-100"},"image":{"@id":"https:\/\/gr-100.com\/#\/schema\/logo\/image\/"},"sameAs":["https:\/\/www.facebook.com\/Gr100Bikes","https:\/\/www.instagram.com\/gr100bikes\/","https:\/\/www.tiktok.com\/@gr100bikes","https:\/\/twitter.com\/gr100mtbteam","https:\/\/www.youtube.com\/c\/GR100Specialized"]}]}},"_links":{"self":[{"href":"https:\/\/gr-100.com\/pt-pt\/wp-json\/wp\/v2\/product\/424616","targetHints":{"allow":["GET"]}}],"collection":[{"href":"https:\/\/gr-100.com\/pt-pt\/wp-json\/wp\/v2\/product"}],"about":[{"href":"https:\/\/gr-100.com\/pt-pt\/wp-json\/wp\/v2\/types\/product"}],"replies":[{"embeddable":true,"href":"https:\/\/gr-100.com\/pt-pt\/wp-json\/wp\/v2\/comments?post=424616"}],"wp:featuredmedia":[{"embeddable":true,"href":"https:\/\/gr-100.com\/pt-pt\/wp-json\/wp\/v2\/media\/419047"}],"wp:attachment":[{"href":"https:\/\/gr-100.com\/pt-pt\/wp-json\/wp\/v2\/media?parent=424616"}],"wp:term":[{"taxonomy":"product_brand","embeddable":true,"href":"https:\/\/gr-100.com\/pt-pt\/wp-json\/wp\/v2\/product_brand?post=424616"},{"taxonomy":"product_cat","embeddable":true,"href":"https:\/\/gr-100.com\/pt-pt\/wp-json\/wp\/v2\/product_cat?post=424616"},{"taxonomy":"product_tag","embeddable":true,"href":"https:\/\/gr-100.com\/pt-pt\/wp-json\/wp\/v2\/product_tag?post=424616"}],"curies":[{"name":"wp","href":"https:\/\/api.w.org\/{rel}","templated":true}]}}