{"id":424641,"date":"2025-10-07T13:18:34","date_gmt":"2025-10-07T12:18:34","guid":{"rendered":"https:\/\/gr-100.com\/producto\/specialized-sirrus-x-1-0-2026\/"},"modified":"2025-10-07T13:18:34","modified_gmt":"2025-10-07T11:18:34","slug":"specialized-sirrus-x-1-0-2026","status":"publish","type":"product","link":"https:\/\/gr-100.com\/pt-pt\/producto\/specialized-sirrus-x-1-0-2026\/","title":{"rendered":"Specialized Sirrus X 1.0 2026"},"content":{"rendered":"<ul>\n<li>Cuadro ligero de aluminio A1 con guiado de cable interno, hasta 1.7 kg m\u00e1s ligero que otras bicicletas de su clase.<\/li>\n<li>M\u00e1ximo control y cambio intuitivo gracias a la transmisi\u00f3n de 1&#215;8 y unos frenos de disco hidr\u00e1ulicos muy potentes.<\/li>\n<li>Flota sobre terrenos irregulares con los neum\u00e1ticos Specialized Pathfinder 42c que ruedan rapid\u00edsimo y est\u00e1n hechos con nuestro compuesto Gripton.<\/li>\n<li>ESPECIFICA\u00c7\u00d5ES T\u00c9CNICAS<\/li>\n<li>Cuadro<br \/>\nMaterial del cuadro: Aluminio Premium Specialized A1<br \/>\nGeometr\u00eda: Fitness Geometry<br \/>\nTubos: Conificados (butted tubing)<br \/>\nCableado: Interno<br \/>\nMontaje de frenos: Flat-mount para frenos de disco<br \/>\nEjes: Cierre r\u00e1pido (quick-release)<br \/>\nSoportes: Plug + Play para portabultos y guardabarros<\/li>\n<li>Suspensi\u00f3n<br \/>\nHorquilla: Acero Hi-Ten<br \/>\nMontaje flat-mount para freno de disco<br \/>\nSoportes Plug + Play para guardabarros<br \/>\nSoportes para portabultos delantero (low rider)<br \/>\nCierre r\u00e1pido<\/li>\n<li>Frenos<br \/>\nFreno delantero: Lee Chi, freno de disco mec\u00e1nico<br \/>\nFreno trasero: Lee Chi, freno de disco mec\u00e1nico<\/li>\n<li>Transmisi\u00f3n<br \/>\nCadena: KMC X8 con eslab\u00f3n de conexi\u00f3n r\u00e1pida (Missing Link\u2122)<br \/>\nPlato: Narrow Wide de acero, 42 dientes<br \/>\nBielas: Prowheel de aleaci\u00f3n<br \/>\nLongitudes seg\u00fan talla:<br \/>\nXXS &#8211; XS: 165 mm<br \/>\nS &#8211; M: 170 mm<br \/>\nL &#8211; XL: 175 mm<br \/>\nCambio trasero: Shimano Acera, 8 velocidades<br \/>\nManeta de cambio: Shimano Altus SL-M315-7R, 7 velocidades<br \/>\nCaja de pedalier: Eje cuadrado (square-tapered), 68 mm<br \/>\nCassette: microSHIFT CS-H074, 12-40T, 7 velocidades<\/li>\n<li>Ruedas y Neum\u00e1ticos<br \/>\nLlantas: Aleaci\u00f3n de doble pared, freno de disco 700C, 22 mm de profundidad, 21 mm de ancho interno<br \/>\nBuje delantero: Aleaci\u00f3n, freno de disco de 6 tornillos, rodamientos a bolas sueltas, cierre r\u00e1pido, 32 radios<br \/>\nBuje trasero: Aleaci\u00f3n, freno de disco de 6 tornillos, n\u00facleo compatible con 8\/9 velocidades, rodamientos a bolas sueltas, cierre r\u00e1pido, 36 radios, eje 10&#215;135 mm<br \/>\nRadios: Acero inoxidable, calibre 14<br \/>\nNeum\u00e1ticos:<br \/>\nDelantero: Pathfinder Wirebead Fast Gravel 700x40C<br \/>\nTrasero: Pathfinder Wirebead Fast Gravel 700x40C<br \/>\nC\u00e1maras: V\u00e1lvula Schrader est\u00e1ndar, 40 mm, compatibles con cubiertas de 700&#215;32-50<\/li>\n<li>Cockpit<br \/>\nPotencia: Aleaci\u00f3n forjada en 3D, 31.8 mm, elevaci\u00f3n de 7\u00b0<br \/>\nTija de sill\u00edn: Aleaci\u00f3n, retroceso de 12 mm, sujeci\u00f3n de 2 tornillos, di\u00e1metro 27.2 mm<br \/>\nAbrazadera de sill\u00edn: Tipo tornillo, di\u00e1metro 31.8 mm<br \/>\nSill\u00edn: Bridge Sport, rieles de acero, ancho 155\/143 mm<br \/>\nPu\u00f1os: Specialized Neutralizer, Body Geometry, con sistema de bloqueo<br \/>\nManillar: Specialized de aleaci\u00f3n, retroceso de 15\u00b0, elevaci\u00f3n de 46 mm, di\u00e1metro 31.8 mm<\/li>\n<li>Accesorios<br \/>\nPedales: Specialized tipo plataforma<\/li>\n<li>Detalles del Producto<br \/>\nID del producto: 222048<br \/>\nTalla: LG (Grande)<br \/>\nPeso: (No especificado)<\/li>\n<\/ul>\n","protected":false},"excerpt":{"rendered":"<p>Cuadro ligero de aluminio A1 con guiado de cable interno, hasta 1.7 kg m\u00e1s ligero que otras bicicletas de su clase. M\u00e1ximo control y cambio intuitivo gracias a la transmisi\u00f3n de 1&#215;8 y unos frenos de disco hidr\u00e1ulicos muy potentes. Flota sobre terrenos irregulares con los neum\u00e1ticos Specialized Pathfinder 42c que ruedan rapid\u00edsimo y est\u00e1n [&hellip;]<\/p>\n","protected":false},"featured_media":418964,"comment_status":"open","ping_status":"closed","template":"","meta":{"_acf_changed":false,"_et_pb_use_builder":"","_et_pb_old_content":"","_et_gb_content_width":"","inline_featured_image":false},"product_brand":[],"product_cat":[2459,5284,378],"product_tag":[],"class_list":{"0":"post-424641","1":"product","2":"type-product","3":"status-publish","4":"has-post-thumbnail","6":"product_cat-bicicletas-pt-pt-2","7":"product_cat-bicicletas-urbanas-pt-pt","8":"product_cat-estrada","9":"product_shipping_class-bicicletas-pt-pt","11":"first","12":"instock","13":"taxable","14":"shipping-taxable","15":"purchasable","16":"product-type-variable","17":"wvs-archive-product-wrapper"},"acf":[],"yoast_head":"<!-- This site is optimized with the Yoast SEO Premium plugin v26.7 (Yoast SEO v26.7) - https:\/\/yoast.com\/wordpress\/plugins\/seo\/ -->\n<title>Specialized Sirrus X 1.0 2026 GR-100<\/title>\n<meta name=\"description\" content=\"Con una mezcla inigualable de comodidad, eficiencia y agilidad, la Sirrus X es una m\u00e1quina excelente para rodar sobre asfalto, tierra y cualquier terreno entre medias.\" \/>\n<meta name=\"robots\" content=\"index, follow, max-snippet:-1, max-image-preview:large, max-video-preview:-1\" \/>\n<link rel=\"canonical\" href=\"https:\/\/gr-100.com\/pt-pt\/producto\/specialized-sirrus-x-1-0-2026\/\" \/>\n<meta property=\"og:locale\" content=\"pt_PT\" \/>\n<meta property=\"og:type\" content=\"article\" \/>\n<meta property=\"og:title\" content=\"Specialized Sirrus X 1.0 2026\" \/>\n<meta property=\"og:description\" content=\"Con una mezcla inigualable de comodidad, eficiencia y agilidad, la Sirrus X es una m\u00e1quina excelente para rodar sobre asfalto, tierra y cualquier terreno entre medias.\" \/>\n<meta property=\"og:url\" content=\"https:\/\/gr-100.com\/pt-pt\/producto\/specialized-sirrus-x-1-0-2026\/\" \/>\n<meta property=\"og:site_name\" content=\"Gr-100 Tienda de ciclismo Specialized\" \/>\n<meta property=\"article:publisher\" content=\"https:\/\/www.facebook.com\/Gr100Bikes\" \/>\n<meta property=\"og:image\" content=\"https:\/\/gr-100.com\/wp-content\/uploads\/2025\/10\/Diseno-sin-titulo-2025-10-07T122015.882.jpg\" \/>\n\t<meta property=\"og:image:width\" content=\"1000\" \/>\n\t<meta property=\"og:image:height\" content=\"1000\" \/>\n\t<meta property=\"og:image:type\" content=\"image\/jpeg\" \/>\n<meta name=\"twitter:card\" content=\"summary_large_image\" \/>\n<meta name=\"twitter:label1\" content=\"Tempo estimado de leitura\" \/>\n\t<meta name=\"twitter:data1\" content=\"2 minutos\" \/>\n<script type=\"application\/ld+json\" class=\"yoast-schema-graph\">{\"@context\":\"https:\/\/schema.org\",\"@graph\":[{\"@type\":\"WebPage\",\"@id\":\"https:\/\/gr-100.com\/pt-pt\/producto\/specialized-sirrus-x-1-0-2026\/\",\"url\":\"https:\/\/gr-100.com\/pt-pt\/producto\/specialized-sirrus-x-1-0-2026\/\",\"name\":\"Specialized Sirrus X 1.0 2026 GR-100\",\"isPartOf\":{\"@id\":\"https:\/\/gr-100.com\/#website\"},\"primaryImageOfPage\":{\"@id\":\"https:\/\/gr-100.com\/pt-pt\/producto\/specialized-sirrus-x-1-0-2026\/#primaryimage\"},\"image\":{\"@id\":\"https:\/\/gr-100.com\/pt-pt\/producto\/specialized-sirrus-x-1-0-2026\/#primaryimage\"},\"thumbnailUrl\":\"https:\/\/gr-100.com\/wp-content\/uploads\/2025\/10\/Diseno-sin-titulo-2025-10-07T122015.882.jpg\",\"datePublished\":\"2025-10-07T12:18:34+00:00\",\"description\":\"Con una mezcla inigualable de comodidad, eficiencia y agilidad, la Sirrus X es una m\u00e1quina excelente para rodar sobre asfalto, tierra y cualquier terreno entre medias.\",\"breadcrumb\":{\"@id\":\"https:\/\/gr-100.com\/pt-pt\/producto\/specialized-sirrus-x-1-0-2026\/#breadcrumb\"},\"inLanguage\":\"pt-PT\",\"potentialAction\":[{\"@type\":\"ReadAction\",\"target\":[\"https:\/\/gr-100.com\/pt-pt\/producto\/specialized-sirrus-x-1-0-2026\/\"]}]},{\"@type\":\"ImageObject\",\"inLanguage\":\"pt-PT\",\"@id\":\"https:\/\/gr-100.com\/pt-pt\/producto\/specialized-sirrus-x-1-0-2026\/#primaryimage\",\"url\":\"https:\/\/gr-100.com\/wp-content\/uploads\/2025\/10\/Diseno-sin-titulo-2025-10-07T122015.882.jpg\",\"contentUrl\":\"https:\/\/gr-100.com\/wp-content\/uploads\/2025\/10\/Diseno-sin-titulo-2025-10-07T122015.882.jpg\",\"width\":1000,\"height\":1000},{\"@type\":\"BreadcrumbList\",\"@id\":\"https:\/\/gr-100.com\/pt-pt\/producto\/specialized-sirrus-x-1-0-2026\/#breadcrumb\",\"itemListElement\":[{\"@type\":\"ListItem\",\"position\":1,\"name\":\"Portada\",\"item\":\"https:\/\/gr-100.com\/en\/\"},{\"@type\":\"ListItem\",\"position\":2,\"name\":\"Productos\",\"item\":\"https:\/\/gr-100.com\/?post_type=product\"},{\"@type\":\"ListItem\",\"position\":3,\"name\":\"Specialized Sirrus X 1.0 2026\"}]},{\"@type\":\"WebSite\",\"@id\":\"https:\/\/gr-100.com\/#website\",\"url\":\"https:\/\/gr-100.com\/\",\"name\":\"Gr-100 Tienda de ciclismo Specialized\",\"description\":\"GR-100 tenemos todas las gamas de bicicletas Specialized al mejor precio.\",\"publisher\":{\"@id\":\"https:\/\/gr-100.com\/#organization\"},\"alternateName\":\"Gr-100 Bikes\",\"potentialAction\":[{\"@type\":\"SearchAction\",\"target\":{\"@type\":\"EntryPoint\",\"urlTemplate\":\"https:\/\/gr-100.com\/?s={search_term_string}\"},\"query-input\":{\"@type\":\"PropertyValueSpecification\",\"valueRequired\":true,\"valueName\":\"search_term_string\"}}],\"inLanguage\":\"pt-PT\"},{\"@type\":\"Organization\",\"@id\":\"https:\/\/gr-100.com\/#organization\",\"name\":\"Gr-100\",\"url\":\"https:\/\/gr-100.com\/\",\"logo\":{\"@type\":\"ImageObject\",\"inLanguage\":\"pt-PT\",\"@id\":\"https:\/\/gr-100.com\/#\/schema\/logo\/image\/\",\"url\":\"https:\/\/gr-100.com\/wp-content\/uploads\/2023\/08\/logo-gr-100-bikes.png\",\"contentUrl\":\"https:\/\/gr-100.com\/wp-content\/uploads\/2023\/08\/logo-gr-100-bikes.png\",\"width\":707,\"height\":284,\"caption\":\"Gr-100\"},\"image\":{\"@id\":\"https:\/\/gr-100.com\/#\/schema\/logo\/image\/\"},\"sameAs\":[\"https:\/\/www.facebook.com\/Gr100Bikes\",\"https:\/\/www.instagram.com\/gr100bikes\/\",\"https:\/\/www.tiktok.com\/@gr100bikes\",\"https:\/\/twitter.com\/gr100mtbteam\",\"https:\/\/www.youtube.com\/c\/GR100Specialized\"]}]}<\/script>\n<!-- \/ Yoast SEO Premium plugin. -->","yoast_head_json":{"title":"Specialized Sirrus X 1.0 2026 GR-100","description":"Con una mezcla inigualable de comodidad, eficiencia y agilidad, la Sirrus X es una m\u00e1quina excelente para rodar sobre asfalto, tierra y cualquier terreno entre medias.","robots":{"index":"index","follow":"follow","max-snippet":"max-snippet:-1","max-image-preview":"max-image-preview:large","max-video-preview":"max-video-preview:-1"},"canonical":"https:\/\/gr-100.com\/pt-pt\/producto\/specialized-sirrus-x-1-0-2026\/","og_locale":"pt_PT","og_type":"article","og_title":"Specialized Sirrus X 1.0 2026","og_description":"Con una mezcla inigualable de comodidad, eficiencia y agilidad, la Sirrus X es una m\u00e1quina excelente para rodar sobre asfalto, tierra y cualquier terreno entre medias.","og_url":"https:\/\/gr-100.com\/pt-pt\/producto\/specialized-sirrus-x-1-0-2026\/","og_site_name":"Gr-100 Tienda de ciclismo Specialized","article_publisher":"https:\/\/www.facebook.com\/Gr100Bikes","og_image":[{"width":1000,"height":1000,"url":"https:\/\/gr-100.com\/wp-content\/uploads\/2025\/10\/Diseno-sin-titulo-2025-10-07T122015.882.jpg","type":"image\/jpeg"}],"twitter_card":"summary_large_image","twitter_misc":{"Tempo estimado de leitura":"2 minutos"},"schema":{"@context":"https:\/\/schema.org","@graph":[{"@type":"WebPage","@id":"https:\/\/gr-100.com\/pt-pt\/producto\/specialized-sirrus-x-1-0-2026\/","url":"https:\/\/gr-100.com\/pt-pt\/producto\/specialized-sirrus-x-1-0-2026\/","name":"Specialized Sirrus X 1.0 2026 GR-100","isPartOf":{"@id":"https:\/\/gr-100.com\/#website"},"primaryImageOfPage":{"@id":"https:\/\/gr-100.com\/pt-pt\/producto\/specialized-sirrus-x-1-0-2026\/#primaryimage"},"image":{"@id":"https:\/\/gr-100.com\/pt-pt\/producto\/specialized-sirrus-x-1-0-2026\/#primaryimage"},"thumbnailUrl":"https:\/\/gr-100.com\/wp-content\/uploads\/2025\/10\/Diseno-sin-titulo-2025-10-07T122015.882.jpg","datePublished":"2025-10-07T12:18:34+00:00","description":"Con una mezcla inigualable de comodidad, eficiencia y agilidad, la Sirrus X es una m\u00e1quina excelente para rodar sobre asfalto, tierra y cualquier terreno entre medias.","breadcrumb":{"@id":"https:\/\/gr-100.com\/pt-pt\/producto\/specialized-sirrus-x-1-0-2026\/#breadcrumb"},"inLanguage":"pt-PT","potentialAction":[{"@type":"ReadAction","target":["https:\/\/gr-100.com\/pt-pt\/producto\/specialized-sirrus-x-1-0-2026\/"]}]},{"@type":"ImageObject","inLanguage":"pt-PT","@id":"https:\/\/gr-100.com\/pt-pt\/producto\/specialized-sirrus-x-1-0-2026\/#primaryimage","url":"https:\/\/gr-100.com\/wp-content\/uploads\/2025\/10\/Diseno-sin-titulo-2025-10-07T122015.882.jpg","contentUrl":"https:\/\/gr-100.com\/wp-content\/uploads\/2025\/10\/Diseno-sin-titulo-2025-10-07T122015.882.jpg","width":1000,"height":1000},{"@type":"BreadcrumbList","@id":"https:\/\/gr-100.com\/pt-pt\/producto\/specialized-sirrus-x-1-0-2026\/#breadcrumb","itemListElement":[{"@type":"ListItem","position":1,"name":"Portada","item":"https:\/\/gr-100.com\/en\/"},{"@type":"ListItem","position":2,"name":"Productos","item":"https:\/\/gr-100.com\/?post_type=product"},{"@type":"ListItem","position":3,"name":"Specialized Sirrus X 1.0 2026"}]},{"@type":"WebSite","@id":"https:\/\/gr-100.com\/#website","url":"https:\/\/gr-100.com\/","name":"Gr-100 Tienda de ciclismo Specialized","description":"GR-100 tenemos todas las gamas de bicicletas Specialized al mejor precio.","publisher":{"@id":"https:\/\/gr-100.com\/#organization"},"alternateName":"Gr-100 Bikes","potentialAction":[{"@type":"SearchAction","target":{"@type":"EntryPoint","urlTemplate":"https:\/\/gr-100.com\/?s={search_term_string}"},"query-input":{"@type":"PropertyValueSpecification","valueRequired":true,"valueName":"search_term_string"}}],"inLanguage":"pt-PT"},{"@type":"Organization","@id":"https:\/\/gr-100.com\/#organization","name":"Gr-100","url":"https:\/\/gr-100.com\/","logo":{"@type":"ImageObject","inLanguage":"pt-PT","@id":"https:\/\/gr-100.com\/#\/schema\/logo\/image\/","url":"https:\/\/gr-100.com\/wp-content\/uploads\/2023\/08\/logo-gr-100-bikes.png","contentUrl":"https:\/\/gr-100.com\/wp-content\/uploads\/2023\/08\/logo-gr-100-bikes.png","width":707,"height":284,"caption":"Gr-100"},"image":{"@id":"https:\/\/gr-100.com\/#\/schema\/logo\/image\/"},"sameAs":["https:\/\/www.facebook.com\/Gr100Bikes","https:\/\/www.instagram.com\/gr100bikes\/","https:\/\/www.tiktok.com\/@gr100bikes","https:\/\/twitter.com\/gr100mtbteam","https:\/\/www.youtube.com\/c\/GR100Specialized"]}]}},"_links":{"self":[{"href":"https:\/\/gr-100.com\/pt-pt\/wp-json\/wp\/v2\/product\/424641","targetHints":{"allow":["GET"]}}],"collection":[{"href":"https:\/\/gr-100.com\/pt-pt\/wp-json\/wp\/v2\/product"}],"about":[{"href":"https:\/\/gr-100.com\/pt-pt\/wp-json\/wp\/v2\/types\/product"}],"replies":[{"embeddable":true,"href":"https:\/\/gr-100.com\/pt-pt\/wp-json\/wp\/v2\/comments?post=424641"}],"wp:featuredmedia":[{"embeddable":true,"href":"https:\/\/gr-100.com\/pt-pt\/wp-json\/wp\/v2\/media\/418964"}],"wp:attachment":[{"href":"https:\/\/gr-100.com\/pt-pt\/wp-json\/wp\/v2\/media?parent=424641"}],"wp:term":[{"taxonomy":"product_brand","embeddable":true,"href":"https:\/\/gr-100.com\/pt-pt\/wp-json\/wp\/v2\/product_brand?post=424641"},{"taxonomy":"product_cat","embeddable":true,"href":"https:\/\/gr-100.com\/pt-pt\/wp-json\/wp\/v2\/product_cat?post=424641"},{"taxonomy":"product_tag","embeddable":true,"href":"https:\/\/gr-100.com\/pt-pt\/wp-json\/wp\/v2\/product_tag?post=424641"}],"curies":[{"name":"wp","href":"https:\/\/api.w.org\/{rel}","templated":true}]}}