{"id":424657,"date":"2025-06-25T12:55:27","date_gmt":"2025-06-25T11:55:27","guid":{"rendered":"https:\/\/gr-100.com\/producto\/specialized-stumpjumper-15-alloy-275%c2%a8-2025\/"},"modified":"2025-06-25T12:55:27","modified_gmt":"2025-06-25T10:55:27","slug":"specialized-stumpjumper-15-alloy-275%c2%a8-2025","status":"publish","type":"product","link":"https:\/\/gr-100.com\/pt-pt\/producto\/specialized-stumpjumper-15-alloy-275%c2%a8-2025\/","title":{"rendered":"Specialized Stumpjumper 15 Alloy 27,5\u00a8 2025"},"content":{"rendered":"<p>PERFECCIONAMIENTO DE LA CINEM\u00c1TICA: Al ser la bicicleta de trail por excelencia, no deber\u00eda sorprender que la Stumpjumper 15 Alloy equilibre a la perfecci\u00f3n la eficiencia y la absorci\u00f3n de impactos. En cuanto al anti-squat, hemos buscado un equilibrio entre la Stumpjumper y la Stumpjumper EVO, ambas con una pedalada excelente. <\/p>\n<p>GEOMETR\u00cdA OPTIMIZADA: La geometr\u00eda de esta bicicleta ofrece la capacidad de una bicicleta grande cuando la necesitas, una sensaci\u00f3n \u00e1gil en los tramos m\u00e1s estrechos y un comportamiento ligero y eficiente en las subidas. El generoso puesto de mandos te centra en la bici, optimizando la tracci\u00f3n y el control en las curvas. El eje de pedalier bajo, el \u00e1ngulo poco pronunciado de la direcci\u00f3n y el offset optimizado de la horquilla mantienen la estabilidad en terrenos abruptos.  <\/p>\n<p>MONTA A TU MANERA: La Stumpjumper 15 Alloy integra a la perfecci\u00f3n el ajuste geom\u00e9trico de referencia, lo que la convierte en la bicicleta de trail m\u00e1s personalizable de la historia. Seis ajustes geom\u00e9tricos distintos te permiten ajustar el rendimiento para cualquier estilo en cualquier terreno. El \u00e1ngulo de la direcci\u00f3n y la altura del eje de pedalier se pueden ajustar con precisi\u00f3n para conseguir estabilidad o espacio.  <\/p>\n<p>LA FORMA Y LA DIVERSI\u00d3N VAN DE LA MANO: Podemos hacer que el cuadro sea tan r\u00edgido como queramos, pero quiz\u00e1s no es lo m\u00e1s adecuado. Para fundirse con la bicicleta es necesario que el cuadro cumpla con los requisitos de la ingenier\u00eda. Hemos dise\u00f1ado el cuadro de aluminio M5 (la parte delantera, la trasera y la conexi\u00f3n entre ellas) como una sola unidad que alcanza el objetivo de rigidez que hemos establecido para el trail.  <\/p>\n<p>TAMA\u00d1O DE LAS RUEDAS: Todos los modelos con suspensi\u00f3n de muelle vienen con ruedas mixtas.<\/p>\n<p><g id=\"gid_0\">RUEDAS PARA TODOS:<\/g> Con nuestros amortiguadores posventa, puedes elegir entre ruedas grandes delante y detr\u00e1s o mezclar las cosas con una trasera de 27,5&#8243; para una conducci\u00f3n m\u00e1s sensible y juguetona. No importa lo que elijas, la geometr\u00eda no se ve afectada. <\/p>\n<p>LL\u00c9VALO TODO: el SWAT 4.0 en la Stumpjumper 15 Alloy aumenta el almacenamiento en el tubo diagonal, una innovaci\u00f3n de la que fuimos pioneros. Es el sistema de almacenamiento m\u00e1s resistente a la intemperie. <\/p>\n<p><g id=\"gid_0\">M\u00c1S FIABLE QUE T\u00da:<\/g> Nuestras bicicletas de suspensi\u00f3n total est\u00e1n construidas para ser implacables, dise\u00f1adas para soportar a\u00f1os de duro pedaleo y respaldadas por el mejor soporte y pol\u00edticas para mantenerte en el camino. Nuestra insuperable garant\u00eda de por vida, sin preguntas, de los rodamientos de los pivotes de suspensi\u00f3n al propietario original es s\u00f3lo una de las formas en las que te tenemos cubierto. <\/p>\n<ul>\n<li>Nuevos cuadros de aluminio M5 con compartimento SWAT\u2122<\/li>\n<li>Suspensi\u00f3n X-Fusion 02 Pro RL optimizada por nuestro equipo de Ride Dynamics con rebote ajustable y bloqueo<\/li>\n<li>Horquilla RockShox Psylo Silver con Motion Control<\/li>\n<li>Frenos Shimano MT-420 de 4 pistones<\/li>\n<li>Transmisi\u00f3n Shimano Deore de 12 velocidades<\/li>\n<li>Garantia vital\u00edcia para o primeiro comprador dos rolamentos do sistema de suspens\u00e3o<\/li>\n<\/ul>\n","protected":false},"excerpt":{"rendered":"<p>El modelo Stumpjumper 15 Alloy est\u00e1 aqu\u00ed para eliminar cualquier compromiso en el juego de senderos. \u00bfQuieres devorar los baches como una bici grande? Comprobado. \u00bfControl, diversi\u00f3n y eficiencia en recorridos cortos? Doble comprobado. \u00bfQu\u00e9 tal una dosis extra de personalizaci\u00f3n para hacerla perfecta para el \u00fanico ciclista que realmente importa: t\u00fa? Comprobado, comprobado y comprobado.      <\/p>\n","protected":false},"featured_media":410742,"comment_status":"open","ping_status":"closed","template":"","meta":{"_acf_changed":false,"_et_pb_use_builder":"","_et_pb_old_content":"","_et_gb_content_width":"","inline_featured_image":false},"product_brand":[],"product_cat":[5377,5375,5374,4353,2459,402],"product_tag":[],"class_list":{"0":"post-424657","1":"product","2":"type-product","3":"status-publish","4":"has-post-thumbnail","6":"product_cat-bicicletas-de-montanha-com-suspensao-dupla","7":"product_cat-bicicletas-de-montanha-specialized","8":"product_cat-descontos","9":"product_cat-liquidacion-specialized","10":"product_cat-bicicletas-pt-pt-2","11":"product_cat-montanha","12":"product_shipping_class-bicicletas-pt-pt","14":"first","15":"instock","16":"sale","17":"taxable","18":"shipping-taxable","19":"purchasable","20":"product-type-variable","21":"wvs-archive-product-wrapper"},"acf":[],"yoast_head":"<!-- This site is optimized with the Yoast SEO Premium plugin v26.7 (Yoast SEO v26.7) - https:\/\/yoast.com\/wordpress\/plugins\/seo\/ -->\n<title>Specialized Stumpjumper 15 Alloy 27,5\u00a8 2025 GR-100<\/title>\n<meta name=\"description\" content=\"El modelo Stumpjumper 15 Alloy est\u00e1 aqu\u00ed para eliminar cualquier compromiso en el juego de senderos. \u00bfQuieres devorar los baches como una bici grande? Comprobado. \u00bfControl, diversi\u00f3n y eficiencia en recorridos cortos? Doble comprobado. \u00bfQu\u00e9 tal una dosis extra de personalizaci\u00f3n para hacerla perfecta para el \u00fanico ciclista que realmente importa: t\u00fa? Comprobado, comprobado y comprobado.\" \/>\n<meta name=\"robots\" content=\"index, follow, max-snippet:-1, max-image-preview:large, max-video-preview:-1\" \/>\n<link rel=\"canonical\" href=\"https:\/\/gr-100.com\/pt-pt\/producto\/specialized-stumpjumper-15-alloy-275\u00a8-2025\/\" \/>\n<meta property=\"og:locale\" content=\"pt_PT\" \/>\n<meta property=\"og:type\" content=\"article\" \/>\n<meta property=\"og:title\" content=\"Specialized Stumpjumper 15 Alloy 27,5\u00a8 2025\" \/>\n<meta property=\"og:description\" content=\"El modelo Stumpjumper 15 Alloy est\u00e1 aqu\u00ed para eliminar cualquier compromiso en el juego de senderos. \u00bfQuieres devorar los baches como una bici grande? Comprobado. \u00bfControl, diversi\u00f3n y eficiencia en recorridos cortos? Doble comprobado. \u00bfQu\u00e9 tal una dosis extra de personalizaci\u00f3n para hacerla perfecta para el \u00fanico ciclista que realmente importa: t\u00fa? Comprobado, comprobado y comprobado.\" \/>\n<meta property=\"og:url\" content=\"https:\/\/gr-100.com\/pt-pt\/producto\/specialized-stumpjumper-15-alloy-275\u00a8-2025\/\" \/>\n<meta property=\"og:site_name\" content=\"Gr-100 Tienda de ciclismo Specialized\" \/>\n<meta property=\"article:publisher\" content=\"https:\/\/www.facebook.com\/Gr100Bikes\" \/>\n<meta property=\"og:image\" content=\"https:\/\/gr-100.com\/wp-content\/uploads\/2025\/06\/Diseno-sin-titulo-2025-06-25T122301.136.jpg\" \/>\n\t<meta property=\"og:image:width\" content=\"1000\" \/>\n\t<meta property=\"og:image:height\" content=\"1000\" \/>\n\t<meta property=\"og:image:type\" content=\"image\/jpeg\" \/>\n<meta name=\"twitter:card\" content=\"summary_large_image\" \/>\n<meta name=\"twitter:label1\" content=\"Tempo estimado de leitura\" \/>\n\t<meta name=\"twitter:data1\" content=\"3 minutos\" \/>\n<script type=\"application\/ld+json\" class=\"yoast-schema-graph\">{\"@context\":\"https:\/\/schema.org\",\"@graph\":[{\"@type\":\"WebPage\",\"@id\":\"https:\/\/gr-100.com\/pt-pt\/producto\/specialized-stumpjumper-15-alloy-275%c2%a8-2025\/\",\"url\":\"https:\/\/gr-100.com\/pt-pt\/producto\/specialized-stumpjumper-15-alloy-275%c2%a8-2025\/\",\"name\":\"Specialized Stumpjumper 15 Alloy 27,5\u00a8 2025 GR-100\",\"isPartOf\":{\"@id\":\"https:\/\/gr-100.com\/#website\"},\"primaryImageOfPage\":{\"@id\":\"https:\/\/gr-100.com\/pt-pt\/producto\/specialized-stumpjumper-15-alloy-275%c2%a8-2025\/#primaryimage\"},\"image\":{\"@id\":\"https:\/\/gr-100.com\/pt-pt\/producto\/specialized-stumpjumper-15-alloy-275%c2%a8-2025\/#primaryimage\"},\"thumbnailUrl\":\"https:\/\/gr-100.com\/wp-content\/uploads\/2025\/06\/Diseno-sin-titulo-2025-06-25T122301.136.jpg\",\"datePublished\":\"2025-06-25T11:55:27+00:00\",\"description\":\"El modelo Stumpjumper 15 Alloy est\u00e1 aqu\u00ed para eliminar cualquier compromiso en el juego de senderos. \u00bfQuieres devorar los baches como una bici grande? Comprobado. \u00bfControl, diversi\u00f3n y eficiencia en recorridos cortos? Doble comprobado. \u00bfQu\u00e9 tal una dosis extra de personalizaci\u00f3n para hacerla perfecta para el \u00fanico ciclista que realmente importa: t\u00fa? Comprobado, comprobado y comprobado.\",\"breadcrumb\":{\"@id\":\"https:\/\/gr-100.com\/pt-pt\/producto\/specialized-stumpjumper-15-alloy-275%c2%a8-2025\/#breadcrumb\"},\"inLanguage\":\"pt-PT\",\"potentialAction\":[{\"@type\":\"ReadAction\",\"target\":[\"https:\/\/gr-100.com\/pt-pt\/producto\/specialized-stumpjumper-15-alloy-275%c2%a8-2025\/\"]}]},{\"@type\":\"ImageObject\",\"inLanguage\":\"pt-PT\",\"@id\":\"https:\/\/gr-100.com\/pt-pt\/producto\/specialized-stumpjumper-15-alloy-275%c2%a8-2025\/#primaryimage\",\"url\":\"https:\/\/gr-100.com\/wp-content\/uploads\/2025\/06\/Diseno-sin-titulo-2025-06-25T122301.136.jpg\",\"contentUrl\":\"https:\/\/gr-100.com\/wp-content\/uploads\/2025\/06\/Diseno-sin-titulo-2025-06-25T122301.136.jpg\",\"width\":1000,\"height\":1000},{\"@type\":\"BreadcrumbList\",\"@id\":\"https:\/\/gr-100.com\/pt-pt\/producto\/specialized-stumpjumper-15-alloy-275%c2%a8-2025\/#breadcrumb\",\"itemListElement\":[{\"@type\":\"ListItem\",\"position\":1,\"name\":\"Portada\",\"item\":\"https:\/\/gr-100.com\/en\/\"},{\"@type\":\"ListItem\",\"position\":2,\"name\":\"Productos\",\"item\":\"https:\/\/gr-100.com\/?post_type=product\"},{\"@type\":\"ListItem\",\"position\":3,\"name\":\"Specialized Stumpjumper 15 Alloy 27,5\u00a8 2025\"}]},{\"@type\":\"WebSite\",\"@id\":\"https:\/\/gr-100.com\/#website\",\"url\":\"https:\/\/gr-100.com\/\",\"name\":\"Gr-100 Tienda de ciclismo Specialized\",\"description\":\"GR-100 tenemos todas las gamas de bicicletas Specialized al mejor precio.\",\"publisher\":{\"@id\":\"https:\/\/gr-100.com\/#organization\"},\"alternateName\":\"Gr-100 Bikes\",\"potentialAction\":[{\"@type\":\"SearchAction\",\"target\":{\"@type\":\"EntryPoint\",\"urlTemplate\":\"https:\/\/gr-100.com\/?s={search_term_string}\"},\"query-input\":{\"@type\":\"PropertyValueSpecification\",\"valueRequired\":true,\"valueName\":\"search_term_string\"}}],\"inLanguage\":\"pt-PT\"},{\"@type\":\"Organization\",\"@id\":\"https:\/\/gr-100.com\/#organization\",\"name\":\"Gr-100\",\"url\":\"https:\/\/gr-100.com\/\",\"logo\":{\"@type\":\"ImageObject\",\"inLanguage\":\"pt-PT\",\"@id\":\"https:\/\/gr-100.com\/#\/schema\/logo\/image\/\",\"url\":\"https:\/\/gr-100.com\/wp-content\/uploads\/2023\/08\/logo-gr-100-bikes.png\",\"contentUrl\":\"https:\/\/gr-100.com\/wp-content\/uploads\/2023\/08\/logo-gr-100-bikes.png\",\"width\":707,\"height\":284,\"caption\":\"Gr-100\"},\"image\":{\"@id\":\"https:\/\/gr-100.com\/#\/schema\/logo\/image\/\"},\"sameAs\":[\"https:\/\/www.facebook.com\/Gr100Bikes\",\"https:\/\/www.instagram.com\/gr100bikes\/\",\"https:\/\/www.tiktok.com\/@gr100bikes\",\"https:\/\/twitter.com\/gr100mtbteam\",\"https:\/\/www.youtube.com\/c\/GR100Specialized\"]}]}<\/script>\n<!-- \/ Yoast SEO Premium plugin. -->","yoast_head_json":{"title":"Specialized Stumpjumper 15 Alloy 27,5\u00a8 2025 GR-100","description":"El modelo Stumpjumper 15 Alloy est\u00e1 aqu\u00ed para eliminar cualquier compromiso en el juego de senderos. \u00bfQuieres devorar los baches como una bici grande? Comprobado. \u00bfControl, diversi\u00f3n y eficiencia en recorridos cortos? Doble comprobado. \u00bfQu\u00e9 tal una dosis extra de personalizaci\u00f3n para hacerla perfecta para el \u00fanico ciclista que realmente importa: t\u00fa? Comprobado, comprobado y comprobado.","robots":{"index":"index","follow":"follow","max-snippet":"max-snippet:-1","max-image-preview":"max-image-preview:large","max-video-preview":"max-video-preview:-1"},"canonical":"https:\/\/gr-100.com\/pt-pt\/producto\/specialized-stumpjumper-15-alloy-275\u00a8-2025\/","og_locale":"pt_PT","og_type":"article","og_title":"Specialized Stumpjumper 15 Alloy 27,5\u00a8 2025","og_description":"El modelo Stumpjumper 15 Alloy est\u00e1 aqu\u00ed para eliminar cualquier compromiso en el juego de senderos. \u00bfQuieres devorar los baches como una bici grande? Comprobado. \u00bfControl, diversi\u00f3n y eficiencia en recorridos cortos? Doble comprobado. \u00bfQu\u00e9 tal una dosis extra de personalizaci\u00f3n para hacerla perfecta para el \u00fanico ciclista que realmente importa: t\u00fa? Comprobado, comprobado y comprobado.","og_url":"https:\/\/gr-100.com\/pt-pt\/producto\/specialized-stumpjumper-15-alloy-275\u00a8-2025\/","og_site_name":"Gr-100 Tienda de ciclismo Specialized","article_publisher":"https:\/\/www.facebook.com\/Gr100Bikes","og_image":[{"width":1000,"height":1000,"url":"https:\/\/gr-100.com\/wp-content\/uploads\/2025\/06\/Diseno-sin-titulo-2025-06-25T122301.136.jpg","type":"image\/jpeg"}],"twitter_card":"summary_large_image","twitter_misc":{"Tempo estimado de leitura":"3 minutos"},"schema":{"@context":"https:\/\/schema.org","@graph":[{"@type":"WebPage","@id":"https:\/\/gr-100.com\/pt-pt\/producto\/specialized-stumpjumper-15-alloy-275%c2%a8-2025\/","url":"https:\/\/gr-100.com\/pt-pt\/producto\/specialized-stumpjumper-15-alloy-275%c2%a8-2025\/","name":"Specialized Stumpjumper 15 Alloy 27,5\u00a8 2025 GR-100","isPartOf":{"@id":"https:\/\/gr-100.com\/#website"},"primaryImageOfPage":{"@id":"https:\/\/gr-100.com\/pt-pt\/producto\/specialized-stumpjumper-15-alloy-275%c2%a8-2025\/#primaryimage"},"image":{"@id":"https:\/\/gr-100.com\/pt-pt\/producto\/specialized-stumpjumper-15-alloy-275%c2%a8-2025\/#primaryimage"},"thumbnailUrl":"https:\/\/gr-100.com\/wp-content\/uploads\/2025\/06\/Diseno-sin-titulo-2025-06-25T122301.136.jpg","datePublished":"2025-06-25T11:55:27+00:00","description":"El modelo Stumpjumper 15 Alloy est\u00e1 aqu\u00ed para eliminar cualquier compromiso en el juego de senderos. \u00bfQuieres devorar los baches como una bici grande? Comprobado. \u00bfControl, diversi\u00f3n y eficiencia en recorridos cortos? Doble comprobado. \u00bfQu\u00e9 tal una dosis extra de personalizaci\u00f3n para hacerla perfecta para el \u00fanico ciclista que realmente importa: t\u00fa? Comprobado, comprobado y comprobado.","breadcrumb":{"@id":"https:\/\/gr-100.com\/pt-pt\/producto\/specialized-stumpjumper-15-alloy-275%c2%a8-2025\/#breadcrumb"},"inLanguage":"pt-PT","potentialAction":[{"@type":"ReadAction","target":["https:\/\/gr-100.com\/pt-pt\/producto\/specialized-stumpjumper-15-alloy-275%c2%a8-2025\/"]}]},{"@type":"ImageObject","inLanguage":"pt-PT","@id":"https:\/\/gr-100.com\/pt-pt\/producto\/specialized-stumpjumper-15-alloy-275%c2%a8-2025\/#primaryimage","url":"https:\/\/gr-100.com\/wp-content\/uploads\/2025\/06\/Diseno-sin-titulo-2025-06-25T122301.136.jpg","contentUrl":"https:\/\/gr-100.com\/wp-content\/uploads\/2025\/06\/Diseno-sin-titulo-2025-06-25T122301.136.jpg","width":1000,"height":1000},{"@type":"BreadcrumbList","@id":"https:\/\/gr-100.com\/pt-pt\/producto\/specialized-stumpjumper-15-alloy-275%c2%a8-2025\/#breadcrumb","itemListElement":[{"@type":"ListItem","position":1,"name":"Portada","item":"https:\/\/gr-100.com\/en\/"},{"@type":"ListItem","position":2,"name":"Productos","item":"https:\/\/gr-100.com\/?post_type=product"},{"@type":"ListItem","position":3,"name":"Specialized Stumpjumper 15 Alloy 27,5\u00a8 2025"}]},{"@type":"WebSite","@id":"https:\/\/gr-100.com\/#website","url":"https:\/\/gr-100.com\/","name":"Gr-100 Tienda de ciclismo Specialized","description":"GR-100 tenemos todas las gamas de bicicletas Specialized al mejor precio.","publisher":{"@id":"https:\/\/gr-100.com\/#organization"},"alternateName":"Gr-100 Bikes","potentialAction":[{"@type":"SearchAction","target":{"@type":"EntryPoint","urlTemplate":"https:\/\/gr-100.com\/?s={search_term_string}"},"query-input":{"@type":"PropertyValueSpecification","valueRequired":true,"valueName":"search_term_string"}}],"inLanguage":"pt-PT"},{"@type":"Organization","@id":"https:\/\/gr-100.com\/#organization","name":"Gr-100","url":"https:\/\/gr-100.com\/","logo":{"@type":"ImageObject","inLanguage":"pt-PT","@id":"https:\/\/gr-100.com\/#\/schema\/logo\/image\/","url":"https:\/\/gr-100.com\/wp-content\/uploads\/2023\/08\/logo-gr-100-bikes.png","contentUrl":"https:\/\/gr-100.com\/wp-content\/uploads\/2023\/08\/logo-gr-100-bikes.png","width":707,"height":284,"caption":"Gr-100"},"image":{"@id":"https:\/\/gr-100.com\/#\/schema\/logo\/image\/"},"sameAs":["https:\/\/www.facebook.com\/Gr100Bikes","https:\/\/www.instagram.com\/gr100bikes\/","https:\/\/www.tiktok.com\/@gr100bikes","https:\/\/twitter.com\/gr100mtbteam","https:\/\/www.youtube.com\/c\/GR100Specialized"]}]}},"_links":{"self":[{"href":"https:\/\/gr-100.com\/pt-pt\/wp-json\/wp\/v2\/product\/424657","targetHints":{"allow":["GET"]}}],"collection":[{"href":"https:\/\/gr-100.com\/pt-pt\/wp-json\/wp\/v2\/product"}],"about":[{"href":"https:\/\/gr-100.com\/pt-pt\/wp-json\/wp\/v2\/types\/product"}],"replies":[{"embeddable":true,"href":"https:\/\/gr-100.com\/pt-pt\/wp-json\/wp\/v2\/comments?post=424657"}],"wp:featuredmedia":[{"embeddable":true,"href":"https:\/\/gr-100.com\/pt-pt\/wp-json\/wp\/v2\/media\/410742"}],"wp:attachment":[{"href":"https:\/\/gr-100.com\/pt-pt\/wp-json\/wp\/v2\/media?parent=424657"}],"wp:term":[{"taxonomy":"product_brand","embeddable":true,"href":"https:\/\/gr-100.com\/pt-pt\/wp-json\/wp\/v2\/product_brand?post=424657"},{"taxonomy":"product_cat","embeddable":true,"href":"https:\/\/gr-100.com\/pt-pt\/wp-json\/wp\/v2\/product_cat?post=424657"},{"taxonomy":"product_tag","embeddable":true,"href":"https:\/\/gr-100.com\/pt-pt\/wp-json\/wp\/v2\/product_tag?post=424657"}],"curies":[{"name":"wp","href":"https:\/\/api.w.org\/{rel}","templated":true}]}}