{"id":424764,"date":"2025-10-06T12:46:09","date_gmt":"2025-10-06T11:46:09","guid":{"rendered":"https:\/\/gr-100.com\/producto\/specialized-sirrus-x-2-0-eq-2026\/"},"modified":"2025-10-06T12:46:09","modified_gmt":"2025-10-06T10:46:09","slug":"specialized-sirrus-x-2-0-eq-2026","status":"publish","type":"product","link":"https:\/\/gr-100.com\/pt-pt\/producto\/specialized-sirrus-x-2-0-eq-2026\/","title":{"rendered":"Specialized Sirrus X 2.0 EQ 2026"},"content":{"rendered":"<ul>\n<li>DISE\u00d1ADA CON ENFOQUE EN EL CICLISTA:<br \/>\nComo todas las bicicletas de alto rendimiento de Specialized, la geometr\u00eda de cada cuadro est\u00e1 dise\u00f1ada de forma \u00fanica. Esto significa que, para cada tama\u00f1o de cuadro, se selecciona espec\u00edficamente el tama\u00f1o de cada tubo para lograr el equilibrio \u00f3ptimo entre rigidez, peso y capacidad de respuesta, asegurando que, sin importar la talla que uses, experimentar\u00e1s el mejor recorrido del mundo. <\/li>\n<li>\u00c1GIL:<br \/>\nUn peso ultraligero l\u00edder en su clase, una eficiencia de pedaleo excepcional y una direcci\u00f3n precisa se combinan para ofrecer un manejo seguro, casi telep\u00e1tico.<br \/>\nCuadro de aleaci\u00f3n A1 ligero con guiado interno de cables limpio, 3.5 lb (1.7 kg) m\u00e1s liviano que nuestro modelo Crosstrail Hydro.<br \/>\nM\u00e1ximo control gracias a los cambios intuitivos con transmisi\u00f3n 1&#215;8 de amplio rango y potentes frenos hidr\u00e1ulicos de disco.<br \/>\nRueda con suavidad sobre terrenos irregulares con los neum\u00e1ticos Specialized Pathfinder 42c, de rodadura r\u00e1pida y con compuesto de goma patentado Gripton.<br \/>\nPortabultos Racktime compatible con tus bolsas y alforjas favoritas, y guardabarros DRYTECH integrados para mantener alejadas las salpicaduras.<br \/>\nIluminaci\u00f3n delantera y trasera de alta intensidad, alimentada por un buje dinamo Shimano, para ver y ser visto.<\/li>\n<li>ESPECIFICA\u00c7\u00d5ES T\u00c9CNICAS<\/li>\n<li>Cuadro<br \/>\nMaterial: Specialized A1 Premium Aluminum<br \/>\nGeometr\u00eda: Fitness Geometry<br \/>\nTubos: Conificados (butted tubing)<br \/>\nCableado: Interno<br \/>\nFrenos: Montaje flat-mount para freno de disco<br \/>\nEjes: Cierre r\u00e1pido (quick-release)<br \/>\nMontajes: Soportes Plug + Play para portabultos y guardabarros<\/li>\n<li>Suspensi\u00f3n<br \/>\nHorquilla: Acero Hi-Ten<br \/>\nFreno de disco flat-mount<br \/>\nSoportes Plug + Play para guardabarros<br \/>\nSoportes para portabultos tipo low rider<br \/>\nCierre r\u00e1pido<\/li>\n<li>Frenos<br \/>\nFreno delantero: Tektro HD-R280, disco hidr\u00e1ulico, pastillas de resina, flat-mount, rotor de 160 mm<br \/>\nFreno trasero: Tektro HD-R280, disco hidr\u00e1ulico, pastillas de resina, flat-mount, rotor de 140 mm<\/li>\n<li>Transmisi\u00f3n<br \/>\nManeta de cambio: Shimano SL-U4000-9R, CUES, 9 velocidades Rapidfire, con indicador \u00f3ptico de marcha<br \/>\nCambio trasero: Shimano RD-U4000, CUES, 9 velocidades, Shadow Design, montaje directo<br \/>\nCassette: Shimano CUES, 9 velocidades, 11-46T<br \/>\nPlatos y bielas: Shimano CUES FC-U6000, aleaci\u00f3n, 170 mm<br \/>\nCaja de pedalier: Incluida con las bielas<br \/>\nCadena: KMC eGlide (compatible con transmisiones Shimano CUES de 11 velocidades)<\/li>\n<li>Ruedas y Neum\u00e1ticos<br \/>\nLlantas: Aleaci\u00f3n de doble pared, 700C, para freno de disco, 22 mm de profundidad, 21 mm de ancho interno<br \/>\nBuje delantero: Shimano Dynamo, freno de disco de 6 tornillos, 100 mm, cierre r\u00e1pido, 32 radios<br \/>\nBuje trasero: Aleaci\u00f3n, freno de disco de 6 tornillos, n\u00facleo para 8\/9 velocidades, rodamientos a bolas sueltas, cierre r\u00e1pido, 32 radios<br \/>\nRadios: Acero inoxidable, calibre 14<br \/>\nNeum\u00e1ticos: Pathfinder Wirebead Fast Gravel 700x40C (delantero y trasero)<br \/>\nC\u00e1maras: V\u00e1lvula est\u00e1ndar 40 mm SV, compatibles con neum\u00e1ticos 700&#215;32\u201350<\/li>\n<li>Cockpit<br \/>\nManillar: Aleaci\u00f3n, Mini Rise, retroceso de 9\u00b0, elevaci\u00f3n de 15 mm, di\u00e1metro 31.8 mm<br \/>\nPotencia: Aleaci\u00f3n forjada en 3D, 31.8 mm, elevaci\u00f3n de 7\u00b0<br \/>\nPu\u00f1os: Specialized Neutralizer, Body Geometry, con bloqueo<br \/>\nSill\u00edn: Bridge Sport, rieles de acero, ancho 155\/143 mm<br \/>\nTija del sill\u00edn: Aleaci\u00f3n, retroceso de 12 mm, sujeci\u00f3n de 2 tornillos, di\u00e1metro 27.2 mm<br \/>\nAbrazadera del sill\u00edn: Tipo tornillo, 31.8 mm<\/li>\n<li>Acess\u00f3rios<br \/>\nPedais: Specialized, tipo plataforma<\/li>\n<li>Detalles del Producto<br \/>\nIdentificador del producto: 246270<br \/>\nPeso: 13.66 kg (30 lb, 1.8 oz)<br \/>\nTalla: LG (Grande)<\/li>\n<\/ul>\n","protected":false},"excerpt":{"rendered":"<p>Oferecendo uma combina\u00e7\u00e3o sem precedentes de conforto, efici\u00eancia e manuseamento \u00e1gil, o <strong data-start=\"86\" data-end=\"98\">Sirrus X<\/strong> destaca-se no asfalto, em estradas de terra e em qualquer outro terreno.<\/p>\n","protected":false},"featured_media":418743,"comment_status":"open","ping_status":"closed","template":"","meta":{"_acf_changed":false,"_et_pb_use_builder":"","_et_pb_old_content":"","_et_gb_content_width":"","inline_featured_image":false},"product_brand":[],"product_cat":[2459,5284,378],"product_tag":[],"class_list":{"0":"post-424764","1":"product","2":"type-product","3":"status-publish","4":"has-post-thumbnail","6":"product_cat-bicicletas-pt-pt-2","7":"product_cat-bicicletas-urbanas-pt-pt","8":"product_cat-estrada","9":"product_shipping_class-bicicletas-pt-pt","11":"first","12":"instock","13":"taxable","14":"shipping-taxable","15":"purchasable","16":"product-type-variable","17":"wvs-archive-product-wrapper"},"acf":[],"yoast_head":"<!-- This site is optimized with the Yoast SEO Premium plugin v26.7 (Yoast SEO v26.7) - https:\/\/yoast.com\/wordpress\/plugins\/seo\/ -->\n<title>Specialized Sirrus X 2.0 EQ 2026 GR-100<\/title>\n<meta name=\"description\" content=\"Oferecendo uma combina\u00e7\u00e3o sem precedentes de conforto, efici\u00eancia e manuseamento \u00e1gil, o Sirrus X destaca-se no asfalto, em estradas de terra e em qualquer outro terreno.\" \/>\n<meta name=\"robots\" content=\"index, follow, max-snippet:-1, max-image-preview:large, max-video-preview:-1\" \/>\n<link rel=\"canonical\" href=\"https:\/\/gr-100.com\/pt-pt\/producto\/specialized-sirrus-x-2-0-eq-2026\/\" \/>\n<meta property=\"og:locale\" content=\"pt_PT\" \/>\n<meta property=\"og:type\" content=\"article\" \/>\n<meta property=\"og:title\" content=\"Specialized Sirrus X 2.0 EQ 2026\" \/>\n<meta property=\"og:description\" content=\"Oferecendo uma combina\u00e7\u00e3o sem precedentes de conforto, efici\u00eancia e manuseamento \u00e1gil, o Sirrus X destaca-se no asfalto, em estradas de terra e em qualquer outro terreno.\" \/>\n<meta property=\"og:url\" content=\"https:\/\/gr-100.com\/pt-pt\/producto\/specialized-sirrus-x-2-0-eq-2026\/\" \/>\n<meta property=\"og:site_name\" content=\"Gr-100 Tienda de ciclismo Specialized\" \/>\n<meta property=\"article:publisher\" content=\"https:\/\/www.facebook.com\/Gr100Bikes\" \/>\n<meta property=\"og:image\" content=\"https:\/\/gr-100.com\/wp-content\/uploads\/2025\/10\/Diseno-sin-titulo-2025-10-06T122903.128.jpg\" \/>\n\t<meta property=\"og:image:width\" content=\"1000\" \/>\n\t<meta property=\"og:image:height\" content=\"1000\" \/>\n\t<meta property=\"og:image:type\" content=\"image\/jpeg\" \/>\n<meta name=\"twitter:card\" content=\"summary_large_image\" \/>\n<meta name=\"twitter:label1\" content=\"Tempo estimado de leitura\" \/>\n\t<meta name=\"twitter:data1\" content=\"3 minutos\" \/>\n<script type=\"application\/ld+json\" class=\"yoast-schema-graph\">{\"@context\":\"https:\/\/schema.org\",\"@graph\":[{\"@type\":\"WebPage\",\"@id\":\"https:\/\/gr-100.com\/pt-pt\/producto\/specialized-sirrus-x-2-0-eq-2026\/\",\"url\":\"https:\/\/gr-100.com\/pt-pt\/producto\/specialized-sirrus-x-2-0-eq-2026\/\",\"name\":\"Specialized Sirrus X 2.0 EQ 2026 GR-100\",\"isPartOf\":{\"@id\":\"https:\/\/gr-100.com\/#website\"},\"primaryImageOfPage\":{\"@id\":\"https:\/\/gr-100.com\/pt-pt\/producto\/specialized-sirrus-x-2-0-eq-2026\/#primaryimage\"},\"image\":{\"@id\":\"https:\/\/gr-100.com\/pt-pt\/producto\/specialized-sirrus-x-2-0-eq-2026\/#primaryimage\"},\"thumbnailUrl\":\"https:\/\/gr-100.com\/wp-content\/uploads\/2025\/10\/Diseno-sin-titulo-2025-10-06T122903.128.jpg\",\"datePublished\":\"2025-10-06T11:46:09+00:00\",\"description\":\"Oferecendo uma combina\u00e7\u00e3o sem precedentes de conforto, efici\u00eancia e manuseamento \u00e1gil, o Sirrus X destaca-se no asfalto, em estradas de terra e em qualquer outro terreno.\",\"breadcrumb\":{\"@id\":\"https:\/\/gr-100.com\/pt-pt\/producto\/specialized-sirrus-x-2-0-eq-2026\/#breadcrumb\"},\"inLanguage\":\"pt-PT\",\"potentialAction\":[{\"@type\":\"ReadAction\",\"target\":[\"https:\/\/gr-100.com\/pt-pt\/producto\/specialized-sirrus-x-2-0-eq-2026\/\"]}]},{\"@type\":\"ImageObject\",\"inLanguage\":\"pt-PT\",\"@id\":\"https:\/\/gr-100.com\/pt-pt\/producto\/specialized-sirrus-x-2-0-eq-2026\/#primaryimage\",\"url\":\"https:\/\/gr-100.com\/wp-content\/uploads\/2025\/10\/Diseno-sin-titulo-2025-10-06T122903.128.jpg\",\"contentUrl\":\"https:\/\/gr-100.com\/wp-content\/uploads\/2025\/10\/Diseno-sin-titulo-2025-10-06T122903.128.jpg\",\"width\":1000,\"height\":1000},{\"@type\":\"BreadcrumbList\",\"@id\":\"https:\/\/gr-100.com\/pt-pt\/producto\/specialized-sirrus-x-2-0-eq-2026\/#breadcrumb\",\"itemListElement\":[{\"@type\":\"ListItem\",\"position\":1,\"name\":\"Portada\",\"item\":\"https:\/\/gr-100.com\/en\/\"},{\"@type\":\"ListItem\",\"position\":2,\"name\":\"Productos\",\"item\":\"https:\/\/gr-100.com\/?post_type=product\"},{\"@type\":\"ListItem\",\"position\":3,\"name\":\"Specialized Sirrus X 2.0 EQ 2026\"}]},{\"@type\":\"WebSite\",\"@id\":\"https:\/\/gr-100.com\/#website\",\"url\":\"https:\/\/gr-100.com\/\",\"name\":\"Gr-100 Tienda de ciclismo Specialized\",\"description\":\"GR-100 tenemos todas las gamas de bicicletas Specialized al mejor precio.\",\"publisher\":{\"@id\":\"https:\/\/gr-100.com\/#organization\"},\"alternateName\":\"Gr-100 Bikes\",\"potentialAction\":[{\"@type\":\"SearchAction\",\"target\":{\"@type\":\"EntryPoint\",\"urlTemplate\":\"https:\/\/gr-100.com\/?s={search_term_string}\"},\"query-input\":{\"@type\":\"PropertyValueSpecification\",\"valueRequired\":true,\"valueName\":\"search_term_string\"}}],\"inLanguage\":\"pt-PT\"},{\"@type\":\"Organization\",\"@id\":\"https:\/\/gr-100.com\/#organization\",\"name\":\"Gr-100\",\"url\":\"https:\/\/gr-100.com\/\",\"logo\":{\"@type\":\"ImageObject\",\"inLanguage\":\"pt-PT\",\"@id\":\"https:\/\/gr-100.com\/#\/schema\/logo\/image\/\",\"url\":\"https:\/\/gr-100.com\/wp-content\/uploads\/2023\/08\/logo-gr-100-bikes.png\",\"contentUrl\":\"https:\/\/gr-100.com\/wp-content\/uploads\/2023\/08\/logo-gr-100-bikes.png\",\"width\":707,\"height\":284,\"caption\":\"Gr-100\"},\"image\":{\"@id\":\"https:\/\/gr-100.com\/#\/schema\/logo\/image\/\"},\"sameAs\":[\"https:\/\/www.facebook.com\/Gr100Bikes\",\"https:\/\/www.instagram.com\/gr100bikes\/\",\"https:\/\/www.tiktok.com\/@gr100bikes\",\"https:\/\/twitter.com\/gr100mtbteam\",\"https:\/\/www.youtube.com\/c\/GR100Specialized\"]}]}<\/script>\n<!-- \/ Yoast SEO Premium plugin. -->","yoast_head_json":{"title":"Specialized Sirrus X 2.0 EQ 2026 GR-100","description":"Oferecendo uma combina\u00e7\u00e3o sem precedentes de conforto, efici\u00eancia e manuseamento \u00e1gil, o Sirrus X destaca-se no asfalto, em estradas de terra e em qualquer outro terreno.","robots":{"index":"index","follow":"follow","max-snippet":"max-snippet:-1","max-image-preview":"max-image-preview:large","max-video-preview":"max-video-preview:-1"},"canonical":"https:\/\/gr-100.com\/pt-pt\/producto\/specialized-sirrus-x-2-0-eq-2026\/","og_locale":"pt_PT","og_type":"article","og_title":"Specialized Sirrus X 2.0 EQ 2026","og_description":"Oferecendo uma combina\u00e7\u00e3o sem precedentes de conforto, efici\u00eancia e manuseamento \u00e1gil, o Sirrus X destaca-se no asfalto, em estradas de terra e em qualquer outro terreno.","og_url":"https:\/\/gr-100.com\/pt-pt\/producto\/specialized-sirrus-x-2-0-eq-2026\/","og_site_name":"Gr-100 Tienda de ciclismo Specialized","article_publisher":"https:\/\/www.facebook.com\/Gr100Bikes","og_image":[{"width":1000,"height":1000,"url":"https:\/\/gr-100.com\/wp-content\/uploads\/2025\/10\/Diseno-sin-titulo-2025-10-06T122903.128.jpg","type":"image\/jpeg"}],"twitter_card":"summary_large_image","twitter_misc":{"Tempo estimado de leitura":"3 minutos"},"schema":{"@context":"https:\/\/schema.org","@graph":[{"@type":"WebPage","@id":"https:\/\/gr-100.com\/pt-pt\/producto\/specialized-sirrus-x-2-0-eq-2026\/","url":"https:\/\/gr-100.com\/pt-pt\/producto\/specialized-sirrus-x-2-0-eq-2026\/","name":"Specialized Sirrus X 2.0 EQ 2026 GR-100","isPartOf":{"@id":"https:\/\/gr-100.com\/#website"},"primaryImageOfPage":{"@id":"https:\/\/gr-100.com\/pt-pt\/producto\/specialized-sirrus-x-2-0-eq-2026\/#primaryimage"},"image":{"@id":"https:\/\/gr-100.com\/pt-pt\/producto\/specialized-sirrus-x-2-0-eq-2026\/#primaryimage"},"thumbnailUrl":"https:\/\/gr-100.com\/wp-content\/uploads\/2025\/10\/Diseno-sin-titulo-2025-10-06T122903.128.jpg","datePublished":"2025-10-06T11:46:09+00:00","description":"Oferecendo uma combina\u00e7\u00e3o sem precedentes de conforto, efici\u00eancia e manuseamento \u00e1gil, o Sirrus X destaca-se no asfalto, em estradas de terra e em qualquer outro terreno.","breadcrumb":{"@id":"https:\/\/gr-100.com\/pt-pt\/producto\/specialized-sirrus-x-2-0-eq-2026\/#breadcrumb"},"inLanguage":"pt-PT","potentialAction":[{"@type":"ReadAction","target":["https:\/\/gr-100.com\/pt-pt\/producto\/specialized-sirrus-x-2-0-eq-2026\/"]}]},{"@type":"ImageObject","inLanguage":"pt-PT","@id":"https:\/\/gr-100.com\/pt-pt\/producto\/specialized-sirrus-x-2-0-eq-2026\/#primaryimage","url":"https:\/\/gr-100.com\/wp-content\/uploads\/2025\/10\/Diseno-sin-titulo-2025-10-06T122903.128.jpg","contentUrl":"https:\/\/gr-100.com\/wp-content\/uploads\/2025\/10\/Diseno-sin-titulo-2025-10-06T122903.128.jpg","width":1000,"height":1000},{"@type":"BreadcrumbList","@id":"https:\/\/gr-100.com\/pt-pt\/producto\/specialized-sirrus-x-2-0-eq-2026\/#breadcrumb","itemListElement":[{"@type":"ListItem","position":1,"name":"Portada","item":"https:\/\/gr-100.com\/en\/"},{"@type":"ListItem","position":2,"name":"Productos","item":"https:\/\/gr-100.com\/?post_type=product"},{"@type":"ListItem","position":3,"name":"Specialized Sirrus X 2.0 EQ 2026"}]},{"@type":"WebSite","@id":"https:\/\/gr-100.com\/#website","url":"https:\/\/gr-100.com\/","name":"Gr-100 Tienda de ciclismo Specialized","description":"GR-100 tenemos todas las gamas de bicicletas Specialized al mejor precio.","publisher":{"@id":"https:\/\/gr-100.com\/#organization"},"alternateName":"Gr-100 Bikes","potentialAction":[{"@type":"SearchAction","target":{"@type":"EntryPoint","urlTemplate":"https:\/\/gr-100.com\/?s={search_term_string}"},"query-input":{"@type":"PropertyValueSpecification","valueRequired":true,"valueName":"search_term_string"}}],"inLanguage":"pt-PT"},{"@type":"Organization","@id":"https:\/\/gr-100.com\/#organization","name":"Gr-100","url":"https:\/\/gr-100.com\/","logo":{"@type":"ImageObject","inLanguage":"pt-PT","@id":"https:\/\/gr-100.com\/#\/schema\/logo\/image\/","url":"https:\/\/gr-100.com\/wp-content\/uploads\/2023\/08\/logo-gr-100-bikes.png","contentUrl":"https:\/\/gr-100.com\/wp-content\/uploads\/2023\/08\/logo-gr-100-bikes.png","width":707,"height":284,"caption":"Gr-100"},"image":{"@id":"https:\/\/gr-100.com\/#\/schema\/logo\/image\/"},"sameAs":["https:\/\/www.facebook.com\/Gr100Bikes","https:\/\/www.instagram.com\/gr100bikes\/","https:\/\/www.tiktok.com\/@gr100bikes","https:\/\/twitter.com\/gr100mtbteam","https:\/\/www.youtube.com\/c\/GR100Specialized"]}]}},"_links":{"self":[{"href":"https:\/\/gr-100.com\/pt-pt\/wp-json\/wp\/v2\/product\/424764","targetHints":{"allow":["GET"]}}],"collection":[{"href":"https:\/\/gr-100.com\/pt-pt\/wp-json\/wp\/v2\/product"}],"about":[{"href":"https:\/\/gr-100.com\/pt-pt\/wp-json\/wp\/v2\/types\/product"}],"replies":[{"embeddable":true,"href":"https:\/\/gr-100.com\/pt-pt\/wp-json\/wp\/v2\/comments?post=424764"}],"wp:featuredmedia":[{"embeddable":true,"href":"https:\/\/gr-100.com\/pt-pt\/wp-json\/wp\/v2\/media\/418743"}],"wp:attachment":[{"href":"https:\/\/gr-100.com\/pt-pt\/wp-json\/wp\/v2\/media?parent=424764"}],"wp:term":[{"taxonomy":"product_brand","embeddable":true,"href":"https:\/\/gr-100.com\/pt-pt\/wp-json\/wp\/v2\/product_brand?post=424764"},{"taxonomy":"product_cat","embeddable":true,"href":"https:\/\/gr-100.com\/pt-pt\/wp-json\/wp\/v2\/product_cat?post=424764"},{"taxonomy":"product_tag","embeddable":true,"href":"https:\/\/gr-100.com\/pt-pt\/wp-json\/wp\/v2\/product_tag?post=424764"}],"curies":[{"name":"wp","href":"https:\/\/api.w.org\/{rel}","templated":true}]}}