{"id":424804,"date":"2025-10-03T13:34:50","date_gmt":"2025-10-03T12:34:50","guid":{"rendered":"https:\/\/gr-100.com\/producto\/specialized-sirrus-x-4-0-2026\/"},"modified":"2025-10-03T13:34:50","modified_gmt":"2025-10-03T11:34:50","slug":"specialized-sirrus-x-4-0-2026","status":"publish","type":"product","link":"https:\/\/gr-100.com\/pt-pt\/producto\/specialized-sirrus-x-4-0-2026\/","title":{"rendered":"Specialized Sirrus X 4.0 2026"},"content":{"rendered":"<ul>\n<li>O amortecedor Future Shock 1.5 oferece 20 mm de desempenho para te dar o m\u00e1ximo conforto e controlo quando as coisas ficam dif\u00edceis.<\/li>\n<li>A forqueta de carbono e o quadro de alum\u00ednio A1 oferecem um peso 0,8 kg mais leve do que o modelo 3.0. Nenhuma h\u00edbrida com forqueta de montanha se aproxima.<\/li>\n<li>SRAM NX 1&#215;11.<\/li>\n<li>ESPECIFICA\u00c7\u00d5ES T\u00c9CNICAS<\/li>\n<li>Quadro<br \/>\nQuadro: Alum\u00ednio Specialized A1 SL Premium, geometria Fitness, tubos em forma de manteiga, passagem de cabos interna, trav\u00e3o de disco de montagem plana, aperto r\u00e1pido, suportes Plug + Play para porta-bagagens e guarda-lamas<\/li>\n<li>Suspens\u00e3o<br \/>\nForqueta: monocoque de carbono Specialized FACT 9r, trav\u00e3o de disco de montagem plana, eixo passante 12&#215;100 mm, suportes para alforges (low rider), suportes para guarda-lamas Plug + Play, sistema de suspens\u00e3o Future Shock 1.5<\/li>\n<li>Trav\u00f5es<br \/>\nTrav\u00e3o dianteiro: Shimano BR-MT200, disco hidr\u00e1ulico, 160 mm<br \/>\nTrav\u00e3o traseiro: Shimano BR-MT200, disco hidr\u00e1ulico, 160 mm<\/li>\n<li>Trem de for\u00e7a<br \/>\nShimano CUES SL-U6000, 11 velocidades<br \/>\nDesviador traseiro: Shimano CUES, 11 velocidades, com tecnologia Shadow Plus<br \/>\nCassete: Shimano CS-LG400-11, CUES, 11 velocidades, 11-50 dentes<br \/>\nPedaleira: Shimano CS-LG400-11, CUES, 11 velocidades, 11-50 dentes Pedaleira: Liga Prowheel<br \/>\nTamanhos XXS &#8211; XS: 165 mm<br \/>\nTamanhos S &#8211; M: 170 mm<br \/>\nTamanhos L &#8211; XL: 175 mm<br \/>\nCorrente: 42 dentes Narrow Wide em a\u00e7o<br \/>\nSuporte inferior: 68 mm rosca BSA, eixo de 24 mm<br \/>\nCorrente: KMC eGlide espec\u00edfica para Shimano CUES 11 velocidades<\/li>\n<li>Rodas e pneus<br \/>\nJantes: 700C, trav\u00e3o de disco, liga de parede dupla, perfil de 22 mm, largura interna de 21 mm, 32 raios<br \/>\nCubo dianteiro: Liga, rolamentos de cartucho selados, Center Lock, eixo passante de 12&#215;100 mm, 24 raios<br \/>\nCubo traseiro: Liga met\u00e1lica, Center Lock, flange alta-baixa, rolamentos de cartucho selados, eixo de 12 mm, 142 mm de largura, 32 raios<br \/>\nRaios: a\u00e7o inoxid\u00e1vel, calibre 14<br \/>\nPneu dianteiro: Pathfinder Wirebead Fast Gravel 700x40c<br \/>\nPneu traseiro: Pathfinder Wirebead Fast Gravel 700x40c<br \/>\nC\u00e2mara de ar: v\u00e1lvula Schrader de 40 mm, compat\u00edvel com pneus 700&#215;32-50<\/li>\n<li>Cockpit<br \/>\nGuiador: Alloy Mini Rise, recuo de 9\u00b0, subida de 15 mm, di\u00e2metro de 31,8 mm<br \/>\nHaste: Future Stem Comp<br \/>\nPunhos: Specialized Neutralizer Body Geometry, com fecho<br \/>\nSelim: Body Geometry Power Sport, carris de a\u00e7o<br \/>\nEspig\u00e3o de selim: Alloy, dois parafusos, recuo de 14 mm, di\u00e2metro de 27,2 mm<br \/>\nFixa\u00e7\u00e3o do selim: Tipo parafuso, 31,8 mm<\/li>\n<li>Acess\u00f3rios<br \/>\nPedais: Specialized, tipo plataforma<\/li>\n<li>Detalhes do produto<br \/>\nID do produto: 222059<br \/>\nPeso: (n\u00e3o especificado)<br \/>\nTamanho: LG<\/li>\n<\/ul>\n","protected":false},"excerpt":{"rendered":"<p>Oferecendo uma combina\u00e7\u00e3o sem precedentes de conforto, efici\u00eancia e manuseamento \u00e1gil, o Sirrus X destaca-se no asfalto, em estradas de terra e em qualquer outro terreno.<\/p>\n","protected":false},"featured_media":418562,"comment_status":"open","ping_status":"closed","template":"","meta":{"_acf_changed":false,"_et_pb_use_builder":"","_et_pb_old_content":"","_et_gb_content_width":"","inline_featured_image":false},"product_brand":[],"product_cat":[2459,5284,378],"product_tag":[],"class_list":{"0":"post-424804","1":"product","2":"type-product","3":"status-publish","4":"has-post-thumbnail","6":"product_cat-bicicletas-pt-pt-2","7":"product_cat-bicicletas-urbanas-pt-pt","8":"product_cat-estrada","9":"product_shipping_class-bicicletas-pt-pt","11":"first","12":"instock","13":"taxable","14":"shipping-taxable","15":"purchasable","16":"product-type-variable","17":"wvs-archive-product-wrapper"},"acf":[],"yoast_head":"<!-- This site is optimized with the Yoast SEO Premium plugin v26.7 (Yoast SEO v26.7) - https:\/\/yoast.com\/wordpress\/plugins\/seo\/ -->\n<title>Specialized Sirrus X 4.0 2026 GR-100<\/title>\n<meta name=\"description\" content=\"Oferecendo uma combina\u00e7\u00e3o sem precedentes de conforto, efici\u00eancia e manuseamento \u00e1gil, o Sirrus X destaca-se no asfalto, em estradas de terra e em qualquer outro terreno.\" \/>\n<meta name=\"robots\" content=\"index, follow, max-snippet:-1, max-image-preview:large, max-video-preview:-1\" \/>\n<link rel=\"canonical\" href=\"https:\/\/gr-100.com\/pt-pt\/producto\/specialized-sirrus-x-4-0-2026\/\" \/>\n<meta property=\"og:locale\" content=\"pt_PT\" \/>\n<meta property=\"og:type\" content=\"article\" \/>\n<meta property=\"og:title\" content=\"Specialized Sirrus X 4.0 2026\" \/>\n<meta property=\"og:description\" content=\"Oferecendo uma combina\u00e7\u00e3o sem precedentes de conforto, efici\u00eancia e manuseamento \u00e1gil, o Sirrus X destaca-se no asfalto, em estradas de terra e em qualquer outro terreno.\" \/>\n<meta property=\"og:url\" content=\"https:\/\/gr-100.com\/pt-pt\/producto\/specialized-sirrus-x-4-0-2026\/\" \/>\n<meta property=\"og:site_name\" content=\"Gr-100 Tienda de ciclismo Specialized\" \/>\n<meta property=\"article:publisher\" content=\"https:\/\/www.facebook.com\/Gr100Bikes\" \/>\n<meta property=\"og:image\" content=\"https:\/\/gr-100.com\/wp-content\/uploads\/2025\/10\/Diseno-sin-titulo-2025-10-03T130927.715.jpg\" \/>\n\t<meta property=\"og:image:width\" content=\"1000\" \/>\n\t<meta property=\"og:image:height\" content=\"1000\" \/>\n\t<meta property=\"og:image:type\" content=\"image\/jpeg\" \/>\n<meta name=\"twitter:card\" content=\"summary_large_image\" \/>\n<meta name=\"twitter:label1\" content=\"Tempo estimado de leitura\" \/>\n\t<meta name=\"twitter:data1\" content=\"2 minutos\" \/>\n<script type=\"application\/ld+json\" class=\"yoast-schema-graph\">{\"@context\":\"https:\/\/schema.org\",\"@graph\":[{\"@type\":\"WebPage\",\"@id\":\"https:\/\/gr-100.com\/pt-pt\/producto\/specialized-sirrus-x-4-0-2026\/\",\"url\":\"https:\/\/gr-100.com\/pt-pt\/producto\/specialized-sirrus-x-4-0-2026\/\",\"name\":\"Specialized Sirrus X 4.0 2026 GR-100\",\"isPartOf\":{\"@id\":\"https:\/\/gr-100.com\/#website\"},\"primaryImageOfPage\":{\"@id\":\"https:\/\/gr-100.com\/pt-pt\/producto\/specialized-sirrus-x-4-0-2026\/#primaryimage\"},\"image\":{\"@id\":\"https:\/\/gr-100.com\/pt-pt\/producto\/specialized-sirrus-x-4-0-2026\/#primaryimage\"},\"thumbnailUrl\":\"https:\/\/gr-100.com\/wp-content\/uploads\/2025\/10\/Diseno-sin-titulo-2025-10-03T130927.715.jpg\",\"datePublished\":\"2025-10-03T12:34:50+00:00\",\"description\":\"Oferecendo uma combina\u00e7\u00e3o sem precedentes de conforto, efici\u00eancia e manuseamento \u00e1gil, o Sirrus X destaca-se no asfalto, em estradas de terra e em qualquer outro terreno.\",\"breadcrumb\":{\"@id\":\"https:\/\/gr-100.com\/pt-pt\/producto\/specialized-sirrus-x-4-0-2026\/#breadcrumb\"},\"inLanguage\":\"pt-PT\",\"potentialAction\":[{\"@type\":\"ReadAction\",\"target\":[\"https:\/\/gr-100.com\/pt-pt\/producto\/specialized-sirrus-x-4-0-2026\/\"]}]},{\"@type\":\"ImageObject\",\"inLanguage\":\"pt-PT\",\"@id\":\"https:\/\/gr-100.com\/pt-pt\/producto\/specialized-sirrus-x-4-0-2026\/#primaryimage\",\"url\":\"https:\/\/gr-100.com\/wp-content\/uploads\/2025\/10\/Diseno-sin-titulo-2025-10-03T130927.715.jpg\",\"contentUrl\":\"https:\/\/gr-100.com\/wp-content\/uploads\/2025\/10\/Diseno-sin-titulo-2025-10-03T130927.715.jpg\",\"width\":1000,\"height\":1000},{\"@type\":\"BreadcrumbList\",\"@id\":\"https:\/\/gr-100.com\/pt-pt\/producto\/specialized-sirrus-x-4-0-2026\/#breadcrumb\",\"itemListElement\":[{\"@type\":\"ListItem\",\"position\":1,\"name\":\"Portada\",\"item\":\"https:\/\/gr-100.com\/en\/\"},{\"@type\":\"ListItem\",\"position\":2,\"name\":\"Productos\",\"item\":\"https:\/\/gr-100.com\/?post_type=product\"},{\"@type\":\"ListItem\",\"position\":3,\"name\":\"Specialized Sirrus X 4.0 2026\"}]},{\"@type\":\"WebSite\",\"@id\":\"https:\/\/gr-100.com\/#website\",\"url\":\"https:\/\/gr-100.com\/\",\"name\":\"Gr-100 Tienda de ciclismo Specialized\",\"description\":\"GR-100 tenemos todas las gamas de bicicletas Specialized al mejor precio.\",\"publisher\":{\"@id\":\"https:\/\/gr-100.com\/#organization\"},\"alternateName\":\"Gr-100 Bikes\",\"potentialAction\":[{\"@type\":\"SearchAction\",\"target\":{\"@type\":\"EntryPoint\",\"urlTemplate\":\"https:\/\/gr-100.com\/?s={search_term_string}\"},\"query-input\":{\"@type\":\"PropertyValueSpecification\",\"valueRequired\":true,\"valueName\":\"search_term_string\"}}],\"inLanguage\":\"pt-PT\"},{\"@type\":\"Organization\",\"@id\":\"https:\/\/gr-100.com\/#organization\",\"name\":\"Gr-100\",\"url\":\"https:\/\/gr-100.com\/\",\"logo\":{\"@type\":\"ImageObject\",\"inLanguage\":\"pt-PT\",\"@id\":\"https:\/\/gr-100.com\/#\/schema\/logo\/image\/\",\"url\":\"https:\/\/gr-100.com\/wp-content\/uploads\/2023\/08\/logo-gr-100-bikes.png\",\"contentUrl\":\"https:\/\/gr-100.com\/wp-content\/uploads\/2023\/08\/logo-gr-100-bikes.png\",\"width\":707,\"height\":284,\"caption\":\"Gr-100\"},\"image\":{\"@id\":\"https:\/\/gr-100.com\/#\/schema\/logo\/image\/\"},\"sameAs\":[\"https:\/\/www.facebook.com\/Gr100Bikes\",\"https:\/\/www.instagram.com\/gr100bikes\/\",\"https:\/\/www.tiktok.com\/@gr100bikes\",\"https:\/\/twitter.com\/gr100mtbteam\",\"https:\/\/www.youtube.com\/c\/GR100Specialized\"]}]}<\/script>\n<!-- \/ Yoast SEO Premium plugin. -->","yoast_head_json":{"title":"Specialized Sirrus X 4.0 2026 GR-100","description":"Oferecendo uma combina\u00e7\u00e3o sem precedentes de conforto, efici\u00eancia e manuseamento \u00e1gil, o Sirrus X destaca-se no asfalto, em estradas de terra e em qualquer outro terreno.","robots":{"index":"index","follow":"follow","max-snippet":"max-snippet:-1","max-image-preview":"max-image-preview:large","max-video-preview":"max-video-preview:-1"},"canonical":"https:\/\/gr-100.com\/pt-pt\/producto\/specialized-sirrus-x-4-0-2026\/","og_locale":"pt_PT","og_type":"article","og_title":"Specialized Sirrus X 4.0 2026","og_description":"Oferecendo uma combina\u00e7\u00e3o sem precedentes de conforto, efici\u00eancia e manuseamento \u00e1gil, o Sirrus X destaca-se no asfalto, em estradas de terra e em qualquer outro terreno.","og_url":"https:\/\/gr-100.com\/pt-pt\/producto\/specialized-sirrus-x-4-0-2026\/","og_site_name":"Gr-100 Tienda de ciclismo Specialized","article_publisher":"https:\/\/www.facebook.com\/Gr100Bikes","og_image":[{"width":1000,"height":1000,"url":"https:\/\/gr-100.com\/wp-content\/uploads\/2025\/10\/Diseno-sin-titulo-2025-10-03T130927.715.jpg","type":"image\/jpeg"}],"twitter_card":"summary_large_image","twitter_misc":{"Tempo estimado de leitura":"2 minutos"},"schema":{"@context":"https:\/\/schema.org","@graph":[{"@type":"WebPage","@id":"https:\/\/gr-100.com\/pt-pt\/producto\/specialized-sirrus-x-4-0-2026\/","url":"https:\/\/gr-100.com\/pt-pt\/producto\/specialized-sirrus-x-4-0-2026\/","name":"Specialized Sirrus X 4.0 2026 GR-100","isPartOf":{"@id":"https:\/\/gr-100.com\/#website"},"primaryImageOfPage":{"@id":"https:\/\/gr-100.com\/pt-pt\/producto\/specialized-sirrus-x-4-0-2026\/#primaryimage"},"image":{"@id":"https:\/\/gr-100.com\/pt-pt\/producto\/specialized-sirrus-x-4-0-2026\/#primaryimage"},"thumbnailUrl":"https:\/\/gr-100.com\/wp-content\/uploads\/2025\/10\/Diseno-sin-titulo-2025-10-03T130927.715.jpg","datePublished":"2025-10-03T12:34:50+00:00","description":"Oferecendo uma combina\u00e7\u00e3o sem precedentes de conforto, efici\u00eancia e manuseamento \u00e1gil, o Sirrus X destaca-se no asfalto, em estradas de terra e em qualquer outro terreno.","breadcrumb":{"@id":"https:\/\/gr-100.com\/pt-pt\/producto\/specialized-sirrus-x-4-0-2026\/#breadcrumb"},"inLanguage":"pt-PT","potentialAction":[{"@type":"ReadAction","target":["https:\/\/gr-100.com\/pt-pt\/producto\/specialized-sirrus-x-4-0-2026\/"]}]},{"@type":"ImageObject","inLanguage":"pt-PT","@id":"https:\/\/gr-100.com\/pt-pt\/producto\/specialized-sirrus-x-4-0-2026\/#primaryimage","url":"https:\/\/gr-100.com\/wp-content\/uploads\/2025\/10\/Diseno-sin-titulo-2025-10-03T130927.715.jpg","contentUrl":"https:\/\/gr-100.com\/wp-content\/uploads\/2025\/10\/Diseno-sin-titulo-2025-10-03T130927.715.jpg","width":1000,"height":1000},{"@type":"BreadcrumbList","@id":"https:\/\/gr-100.com\/pt-pt\/producto\/specialized-sirrus-x-4-0-2026\/#breadcrumb","itemListElement":[{"@type":"ListItem","position":1,"name":"Portada","item":"https:\/\/gr-100.com\/en\/"},{"@type":"ListItem","position":2,"name":"Productos","item":"https:\/\/gr-100.com\/?post_type=product"},{"@type":"ListItem","position":3,"name":"Specialized Sirrus X 4.0 2026"}]},{"@type":"WebSite","@id":"https:\/\/gr-100.com\/#website","url":"https:\/\/gr-100.com\/","name":"Gr-100 Tienda de ciclismo Specialized","description":"GR-100 tenemos todas las gamas de bicicletas Specialized al mejor precio.","publisher":{"@id":"https:\/\/gr-100.com\/#organization"},"alternateName":"Gr-100 Bikes","potentialAction":[{"@type":"SearchAction","target":{"@type":"EntryPoint","urlTemplate":"https:\/\/gr-100.com\/?s={search_term_string}"},"query-input":{"@type":"PropertyValueSpecification","valueRequired":true,"valueName":"search_term_string"}}],"inLanguage":"pt-PT"},{"@type":"Organization","@id":"https:\/\/gr-100.com\/#organization","name":"Gr-100","url":"https:\/\/gr-100.com\/","logo":{"@type":"ImageObject","inLanguage":"pt-PT","@id":"https:\/\/gr-100.com\/#\/schema\/logo\/image\/","url":"https:\/\/gr-100.com\/wp-content\/uploads\/2023\/08\/logo-gr-100-bikes.png","contentUrl":"https:\/\/gr-100.com\/wp-content\/uploads\/2023\/08\/logo-gr-100-bikes.png","width":707,"height":284,"caption":"Gr-100"},"image":{"@id":"https:\/\/gr-100.com\/#\/schema\/logo\/image\/"},"sameAs":["https:\/\/www.facebook.com\/Gr100Bikes","https:\/\/www.instagram.com\/gr100bikes\/","https:\/\/www.tiktok.com\/@gr100bikes","https:\/\/twitter.com\/gr100mtbteam","https:\/\/www.youtube.com\/c\/GR100Specialized"]}]}},"_links":{"self":[{"href":"https:\/\/gr-100.com\/pt-pt\/wp-json\/wp\/v2\/product\/424804","targetHints":{"allow":["GET"]}}],"collection":[{"href":"https:\/\/gr-100.com\/pt-pt\/wp-json\/wp\/v2\/product"}],"about":[{"href":"https:\/\/gr-100.com\/pt-pt\/wp-json\/wp\/v2\/types\/product"}],"replies":[{"embeddable":true,"href":"https:\/\/gr-100.com\/pt-pt\/wp-json\/wp\/v2\/comments?post=424804"}],"wp:featuredmedia":[{"embeddable":true,"href":"https:\/\/gr-100.com\/pt-pt\/wp-json\/wp\/v2\/media\/418562"}],"wp:attachment":[{"href":"https:\/\/gr-100.com\/pt-pt\/wp-json\/wp\/v2\/media?parent=424804"}],"wp:term":[{"taxonomy":"product_brand","embeddable":true,"href":"https:\/\/gr-100.com\/pt-pt\/wp-json\/wp\/v2\/product_brand?post=424804"},{"taxonomy":"product_cat","embeddable":true,"href":"https:\/\/gr-100.com\/pt-pt\/wp-json\/wp\/v2\/product_cat?post=424804"},{"taxonomy":"product_tag","embeddable":true,"href":"https:\/\/gr-100.com\/pt-pt\/wp-json\/wp\/v2\/product_tag?post=424804"}],"curies":[{"name":"wp","href":"https:\/\/api.w.org\/{rel}","templated":true}]}}