{"id":424996,"date":"2024-12-26T10:42:01","date_gmt":"2024-12-26T09:42:01","guid":{"rendered":"https:\/\/gr-100.com\/producto\/specialized-levo-sl-2-comp-alloy-2025\/"},"modified":"2026-02-09T11:52:03","modified_gmt":"2026-02-09T09:52:03","slug":"specialized-levo-sl-2-comp-alloy-2025","status":"publish","type":"product","link":"https:\/\/gr-100.com\/pt-pt\/producto\/specialized-levo-sl-2-comp-alloy-2025\/","title":{"rendered":"Specialized Levo SL 2 Comp Alloy 2025"},"content":{"rendered":"<p><iframe title=\"Antes 6600\u20ac, ahora 2635\u20ac  Levo SL2 Comp Alloy 25\" width=\"500\" height=\"281\" src=\"https:\/\/www.youtube.com\/embed\/KI3Q92lVILw?feature=oembed\"  allow=\"accelerometer; autoplay; clipboard-write; encrypted-media; gyroscope; picture-in-picture; web-share\" referrerpolicy=\"strict-origin-when-cross-origin\" allowfullscreen><\/iframe><br \/>\n<strong>Especifica\u00e7\u00f5es t\u00e9cnicas<\/strong><br \/>\n<strong>E-bike<\/strong><br \/>\n<strong>CABLAGEM<\/strong><br \/>\nCablagem personalizada Specialized<\/p>\n<p><strong>CARREGADOR<\/strong><br \/>\nCarregador personalizado, sistema de 48V com conetor de carga do sistema SL<\/p>\n<p><strong>MOTOR<\/strong><br \/>\nMotor Specialized 1.2 SL Custom Rx Trail Tuned<\/p>\n<p><strong>UI\/REMOTE CONTROL<\/strong><br \/>\nSpecialized MasterMind TCU, percentagem de carga restante, 120 defini\u00e7\u00f5es poss\u00edveis no ecr\u00e3, defini\u00e7\u00e3o de assist\u00eancia MicroTune, ANT+\/Bluetooth\u00ae, com controlo remoto no guiador<\/p>\n<p><strong>BATERIA<\/strong><br \/>\nSpecialized SL1-320, totalmente integrada, 320Wh<\/p>\n<hr>\n<p><strong>Cabine de pilotagem<\/strong><br \/>\n<strong>Haste<\/strong><br \/>\nHaste Trail em liga leve, di\u00e2metro do guiador 35 mm<\/p>\n<p><strong>SADDLE<\/strong><br \/>\nBridge Comp, carris ocos Cr-mo, 155\/143 mm<\/p>\n<p><strong>PAR\u00c2METROS<\/strong><br \/>\nSpecialized, liga s\u00e9rie 6000, 6\u00b0 de inclina\u00e7\u00e3o para cima, 8\u00b0 de inclina\u00e7\u00e3o para tr\u00e1s.<br \/>\nS1-S2: largura 780 mm, 20 mm de eleva\u00e7\u00e3o<br \/>\nS3-S4: largura 800 mm, 30 mm de eleva\u00e7\u00e3o<br \/>\nS5-S6: largura 800 mm, 40 mm de eleva\u00e7\u00e3o<\/p>\n<p><strong>PUNHOS<\/strong><br \/>\nSpecialized Punhos de trilha<\/p>\n<p><strong>POSTO DE ASSENTO<\/strong><br \/>\nX-Fusion Manic, ajuste infinito, cabe\u00e7a de dois parafusos, encaminhamento do cabo inferior, controlo remoto SLR LE, 34,9<br \/>\nS1: 100 mm, S2: 125 mm, S3: 150 mm, S4: 170 mm, S5\/S6: 190 mm<\/p>\n<hr>\n<p><strong>Imagem<\/strong><br \/>\n<strong>CLAMP DE SADDLE<\/strong><br \/>\nLiga met\u00e1lica, 38,6 mm<\/p>\n<p><strong>QUADRO<\/strong><br \/>\nQuadro Levo SL em liga met\u00e1lica M5, 150 mm de curso, \u00e2ngulo de cabe\u00e7a ajust\u00e1vel, altura do suporte inferior ajust\u00e1vel e compat\u00edvel com rodas de 27,5&#8243; ou 29&#8243;.<\/p>\n<hr>\n<p><strong>Suspens\u00e3o<\/strong><br \/>\n<strong>FORQUILHA<\/strong><br \/>\nFOX FLOAT 36 Rhythm, amortecedor GRIP, regula\u00e7\u00e3o Sweep em duas posi\u00e7\u00f5es, eixo QR 15&#215;110 mm, offset 44 mm<br \/>\nS1: 140 mm de curso<br \/>\nS2-S6: 150 mm de curso<\/p>\n<p><strong>AMORTECEDOR<\/strong><br \/>\nFOX FLOAT Performance com tecnologia Specialized GENIE Shock, Ride Dynamics Trail Tune, alavanca de 2 posi\u00e7\u00f5es com ajuste LSR<br \/>\nS1: 210&#215;52,5 mm<br \/>\nS2-S6: 210&#215;55 mm<\/p>\n<hr>\n<p><strong>Trav\u00f5es<\/strong><br \/>\nTRAV\u00c3O <strong>DIANTEIRO<\/strong><br \/>\nSRAM Maven Bronze, pin\u00e7a de 4 pist\u00f5es, trav\u00e3o de disco hidr\u00e1ulico, rotor Centerline de 200 mm<\/p>\n<p>TRAV\u00c3O <strong>TRASEIRO<\/strong><br \/>\nSRAM Maven Bronze, pin\u00e7a de 4 pist\u00f5es, trav\u00e3o de disco hidr\u00e1ulico, rotor Centerline de 200 mm<\/p>\n<hr>\n<p><strong>Transmiss\u00e3o<\/strong><br \/>\n<strong>RODA<\/strong><br \/>\nSRAM T-type, 32 dentes<\/p>\n<p><strong>PEDALIER<\/strong><br \/>\nPedaleira SRAM S1000, coroa 32T, guarda-corrente integrado, linha da corrente 55 mm, comprimento 165 mm<\/p>\n<p><strong>CADENA<\/strong><br \/>\nSRAM GX Eagle, 12 velocidades<\/p>\n<p><strong>MANDOS DE CAMBIO<\/strong><br \/>\nSRAM GX Eagle, trigger, 12 velocidades, cambio de un solo clic<\/p>\n<p><strong>CAMBIO TRASERO<\/strong><br \/>\nSRAM X01 Eagle, 12 velocidades<\/p>\n<p><strong>CASETE<\/strong><br \/>\nSRAM XG-1275, 12 velocidades, 10-52t<\/p>\n<hr>\n<p><strong>Rodas<\/strong><br \/>\n<strong>BUJE TRASERO<\/strong><br \/>\nAleaci\u00f3n, rodamientos sellados, eje pasante 12&#215;148 mm, 32 radios<\/p>\n<p><strong>BUJE DELANTERO<\/strong><br \/>\nAleaci\u00f3n, rodamientos sellados, eje pasante 15&#215;110 mm, 28 radios<\/p>\n<p><strong>NEUM\u00c1TICO DELANTERO<\/strong><br \/>\nButcher, carcasa GRID TRAIL, compuesto GRIPTON\u00ae T9, 2Bliss Ready, 29&#215;2.3&#8243;<\/p>\n<p><strong>R\u00c1DIOS<\/strong><br \/>\nDT Ind\u00fastria Su\u00ed\u00e7a<\/p>\n<p><strong>NEUM\u00c1TICO TRASERO<\/strong><br \/>\nEliminator, carcasa GRID GRAVITY, compuesto GRIPTON\u00ae T9\/T7, 2Bliss Ready, 27.5&#215;2.3&#8243;<\/p>\n<p><strong>LLANTAS<\/strong><br \/>\nSpecialized 29\/27.5, aleaci\u00f3n hookless, ancho interno 30 mm, tubeless ready<\/p>\n<p><strong>C\u00c1MARAS<\/strong><br \/>\nEst\u00e1ndar, v\u00e1lvula Presta<\/p>\n<hr>\n<p><strong>Acess\u00f3rios<\/strong><br \/>\n<strong>SWAT<\/strong><br \/>\nHerramienta integrada SWAT CC en el tubo de direcci\u00f3n con tronchacadenas y eslab\u00f3n<\/p>\n<hr>\n<p><strong>Peso<\/strong><br \/>\n20,26 kg (44 lb, 10.7 oz)<\/p>\n<p>&nbsp;<\/p>\n","protected":false},"excerpt":{"rendered":"<p>\u00bfListo para conquistar cualquier sendero? Con un dise\u00f1o robusto, seis geometr\u00edas diferentes y opciones de ruedas mullet o 29&#8243;, esta bicicleta te ofrece 50Nm de par motor para disfrutar de una potencia inigualable en cada aventura. Adem\u00e1s, ahora cuenta con la tecnolog\u00eda GENIE en su amortiguador trasero.  <\/p>\n","protected":false},"featured_media":399627,"comment_status":"open","ping_status":"closed","template":"","meta":{"_acf_changed":false,"_et_pb_use_builder":"","_et_pb_old_content":"","_et_gb_content_width":"","inline_featured_image":false},"product_brand":[],"product_cat":[5393,4353,2459,391,5280,5262,5263,5260,2483],"product_tag":[],"class_list":{"0":"post-424996","1":"product","2":"type-product","3":"status-publish","4":"has-post-thumbnail","6":"product_cat-bicicletas-electricas-levo-pt-pt","7":"product_cat-liquidacion-specialized","8":"product_cat-bicicletas-pt-pt-2","9":"product_cat-eletricas","10":"product_cat-bicicletas-electricas-aluminio-pt-pt","11":"product_cat-bicicletas-electricas-de-enduro-trail","12":"product_cat-bicicletas-de-montanha-electricas","13":"product_cat-bicicletas-electricas-specialized-pt-pt","14":"product_cat-bicicletas-especializadas","15":"product_shipping_class-bicicletas-pt-pt","17":"first","18":"outofstock","19":"taxable","20":"shipping-taxable","21":"product-type-variable","22":"wvs-archive-product-wrapper"},"acf":[],"yoast_head":"<!-- This site is optimized with the Yoast SEO Premium plugin v26.7 (Yoast SEO v26.7) - https:\/\/yoast.com\/wordpress\/plugins\/seo\/ -->\n<title>Specialized Levo SL 2 Comp Alloy 2025 GR-100<\/title>\n<meta name=\"description\" content=\"Design robusto, 6 geometrias diferentes, op\u00e7\u00f5es de rodas mullet ou 29&quot;, 50Nm de bin\u00e1rio. Tecnologia GENIE no teu amortecedor traseiro.\" \/>\n<meta name=\"robots\" content=\"index, follow, max-snippet:-1, max-image-preview:large, max-video-preview:-1\" \/>\n<link rel=\"canonical\" href=\"https:\/\/gr-100.com\/pt-pt\/producto\/specialized-levo-sl-2-comp-alloy-2025\/\" \/>\n<meta property=\"og:locale\" content=\"pt_PT\" \/>\n<meta property=\"og:type\" content=\"article\" \/>\n<meta property=\"og:title\" content=\"Specialized Levo SL 2 Comp Alloy 2025\" \/>\n<meta property=\"og:description\" content=\"Design robusto, 6 geometrias diferentes, op\u00e7\u00f5es de rodas mullet ou 29&quot;, 50Nm de bin\u00e1rio. Tecnologia GENIE no teu amortecedor traseiro.\" \/>\n<meta property=\"og:url\" content=\"https:\/\/gr-100.com\/pt-pt\/producto\/specialized-levo-sl-2-comp-alloy-2025\/\" \/>\n<meta property=\"og:site_name\" content=\"Gr-100 Tienda de ciclismo Specialized\" \/>\n<meta property=\"article:publisher\" content=\"https:\/\/www.facebook.com\/Gr100Bikes\" \/>\n<meta property=\"article:modified_time\" content=\"2026-02-09T09:52:03+00:00\" \/>\n<meta property=\"og:image\" content=\"https:\/\/gr-100.com\/wp-content\/uploads\/2024\/12\/Diseno-sin-titulo-2024-12-26T105414.170.jpg\" \/>\n\t<meta property=\"og:image:width\" content=\"1000\" \/>\n\t<meta property=\"og:image:height\" content=\"1000\" \/>\n\t<meta property=\"og:image:type\" content=\"image\/jpeg\" \/>\n<meta name=\"twitter:card\" content=\"summary_large_image\" \/>\n<meta name=\"twitter:label1\" content=\"Tempo estimado de leitura\" \/>\n\t<meta name=\"twitter:data1\" content=\"2 minutos\" \/>\n<script type=\"application\/ld+json\" class=\"yoast-schema-graph\">{\"@context\":\"https:\/\/schema.org\",\"@graph\":[{\"@type\":\"WebPage\",\"@id\":\"https:\/\/gr-100.com\/pt-pt\/producto\/specialized-levo-sl-2-comp-alloy-2025\/\",\"url\":\"https:\/\/gr-100.com\/pt-pt\/producto\/specialized-levo-sl-2-comp-alloy-2025\/\",\"name\":\"Specialized Levo SL 2 Comp Alloy 2025 GR-100\",\"isPartOf\":{\"@id\":\"https:\/\/gr-100.com\/#website\"},\"primaryImageOfPage\":{\"@id\":\"https:\/\/gr-100.com\/pt-pt\/producto\/specialized-levo-sl-2-comp-alloy-2025\/#primaryimage\"},\"image\":{\"@id\":\"https:\/\/gr-100.com\/pt-pt\/producto\/specialized-levo-sl-2-comp-alloy-2025\/#primaryimage\"},\"thumbnailUrl\":\"https:\/\/gr-100.com\/wp-content\/uploads\/2024\/12\/Diseno-sin-titulo-2024-12-26T110154.834.jpg\",\"datePublished\":\"2024-12-26T09:42:01+00:00\",\"dateModified\":\"2026-02-09T09:52:03+00:00\",\"description\":\"Design robusto, 6 geometrias diferentes, op\u00e7\u00f5es de rodas mullet ou 29\\\", 50Nm de bin\u00e1rio. Tecnologia GENIE no teu amortecedor traseiro.\",\"breadcrumb\":{\"@id\":\"https:\/\/gr-100.com\/pt-pt\/producto\/specialized-levo-sl-2-comp-alloy-2025\/#breadcrumb\"},\"inLanguage\":\"pt-PT\",\"potentialAction\":[{\"@type\":\"ReadAction\",\"target\":[\"https:\/\/gr-100.com\/pt-pt\/producto\/specialized-levo-sl-2-comp-alloy-2025\/\"]}]},{\"@type\":\"ImageObject\",\"inLanguage\":\"pt-PT\",\"@id\":\"https:\/\/gr-100.com\/pt-pt\/producto\/specialized-levo-sl-2-comp-alloy-2025\/#primaryimage\",\"url\":\"https:\/\/gr-100.com\/wp-content\/uploads\/2024\/12\/Diseno-sin-titulo-2024-12-26T110154.834.jpg\",\"contentUrl\":\"https:\/\/gr-100.com\/wp-content\/uploads\/2024\/12\/Diseno-sin-titulo-2024-12-26T110154.834.jpg\",\"width\":1000,\"height\":1000},{\"@type\":\"BreadcrumbList\",\"@id\":\"https:\/\/gr-100.com\/pt-pt\/producto\/specialized-levo-sl-2-comp-alloy-2025\/#breadcrumb\",\"itemListElement\":[{\"@type\":\"ListItem\",\"position\":1,\"name\":\"Portada\",\"item\":\"https:\/\/gr-100.com\/en\/\"},{\"@type\":\"ListItem\",\"position\":2,\"name\":\"Productos\",\"item\":\"https:\/\/gr-100.com\/?post_type=product\"},{\"@type\":\"ListItem\",\"position\":3,\"name\":\"Specialized Levo SL 2 Comp Alloy 2025\"}]},{\"@type\":\"WebSite\",\"@id\":\"https:\/\/gr-100.com\/#website\",\"url\":\"https:\/\/gr-100.com\/\",\"name\":\"Gr-100 Tienda de ciclismo Specialized\",\"description\":\"GR-100 tenemos todas las gamas de bicicletas Specialized al mejor precio.\",\"publisher\":{\"@id\":\"https:\/\/gr-100.com\/#organization\"},\"alternateName\":\"Gr-100 Bikes\",\"potentialAction\":[{\"@type\":\"SearchAction\",\"target\":{\"@type\":\"EntryPoint\",\"urlTemplate\":\"https:\/\/gr-100.com\/?s={search_term_string}\"},\"query-input\":{\"@type\":\"PropertyValueSpecification\",\"valueRequired\":true,\"valueName\":\"search_term_string\"}}],\"inLanguage\":\"pt-PT\"},{\"@type\":\"Organization\",\"@id\":\"https:\/\/gr-100.com\/#organization\",\"name\":\"Gr-100\",\"url\":\"https:\/\/gr-100.com\/\",\"logo\":{\"@type\":\"ImageObject\",\"inLanguage\":\"pt-PT\",\"@id\":\"https:\/\/gr-100.com\/#\/schema\/logo\/image\/\",\"url\":\"https:\/\/gr-100.com\/wp-content\/uploads\/2023\/08\/logo-gr-100-bikes.png\",\"contentUrl\":\"https:\/\/gr-100.com\/wp-content\/uploads\/2023\/08\/logo-gr-100-bikes.png\",\"width\":707,\"height\":284,\"caption\":\"Gr-100\"},\"image\":{\"@id\":\"https:\/\/gr-100.com\/#\/schema\/logo\/image\/\"},\"sameAs\":[\"https:\/\/www.facebook.com\/Gr100Bikes\",\"https:\/\/www.instagram.com\/gr100bikes\/\",\"https:\/\/www.tiktok.com\/@gr100bikes\",\"https:\/\/twitter.com\/gr100mtbteam\",\"https:\/\/www.youtube.com\/c\/GR100Specialized\"]}]}<\/script>\n<!-- \/ Yoast SEO Premium plugin. -->","yoast_head_json":{"title":"Specialized Levo SL 2 Comp Alloy 2025 GR-100","description":"Design robusto, 6 geometrias diferentes, op\u00e7\u00f5es de rodas mullet ou 29\", 50Nm de bin\u00e1rio. Tecnologia GENIE no teu amortecedor traseiro.","robots":{"index":"index","follow":"follow","max-snippet":"max-snippet:-1","max-image-preview":"max-image-preview:large","max-video-preview":"max-video-preview:-1"},"canonical":"https:\/\/gr-100.com\/pt-pt\/producto\/specialized-levo-sl-2-comp-alloy-2025\/","og_locale":"pt_PT","og_type":"article","og_title":"Specialized Levo SL 2 Comp Alloy 2025","og_description":"Design robusto, 6 geometrias diferentes, op\u00e7\u00f5es de rodas mullet ou 29\", 50Nm de bin\u00e1rio. Tecnologia GENIE no teu amortecedor traseiro.","og_url":"https:\/\/gr-100.com\/pt-pt\/producto\/specialized-levo-sl-2-comp-alloy-2025\/","og_site_name":"Gr-100 Tienda de ciclismo Specialized","article_publisher":"https:\/\/www.facebook.com\/Gr100Bikes","article_modified_time":"2026-02-09T09:52:03+00:00","og_image":[{"width":1000,"height":1000,"url":"https:\/\/gr-100.com\/wp-content\/uploads\/2024\/12\/Diseno-sin-titulo-2024-12-26T105414.170.jpg","type":"image\/jpeg"}],"twitter_card":"summary_large_image","twitter_misc":{"Tempo estimado de leitura":"2 minutos"},"schema":{"@context":"https:\/\/schema.org","@graph":[{"@type":"WebPage","@id":"https:\/\/gr-100.com\/pt-pt\/producto\/specialized-levo-sl-2-comp-alloy-2025\/","url":"https:\/\/gr-100.com\/pt-pt\/producto\/specialized-levo-sl-2-comp-alloy-2025\/","name":"Specialized Levo SL 2 Comp Alloy 2025 GR-100","isPartOf":{"@id":"https:\/\/gr-100.com\/#website"},"primaryImageOfPage":{"@id":"https:\/\/gr-100.com\/pt-pt\/producto\/specialized-levo-sl-2-comp-alloy-2025\/#primaryimage"},"image":{"@id":"https:\/\/gr-100.com\/pt-pt\/producto\/specialized-levo-sl-2-comp-alloy-2025\/#primaryimage"},"thumbnailUrl":"https:\/\/gr-100.com\/wp-content\/uploads\/2024\/12\/Diseno-sin-titulo-2024-12-26T110154.834.jpg","datePublished":"2024-12-26T09:42:01+00:00","dateModified":"2026-02-09T09:52:03+00:00","description":"Design robusto, 6 geometrias diferentes, op\u00e7\u00f5es de rodas mullet ou 29\", 50Nm de bin\u00e1rio. Tecnologia GENIE no teu amortecedor traseiro.","breadcrumb":{"@id":"https:\/\/gr-100.com\/pt-pt\/producto\/specialized-levo-sl-2-comp-alloy-2025\/#breadcrumb"},"inLanguage":"pt-PT","potentialAction":[{"@type":"ReadAction","target":["https:\/\/gr-100.com\/pt-pt\/producto\/specialized-levo-sl-2-comp-alloy-2025\/"]}]},{"@type":"ImageObject","inLanguage":"pt-PT","@id":"https:\/\/gr-100.com\/pt-pt\/producto\/specialized-levo-sl-2-comp-alloy-2025\/#primaryimage","url":"https:\/\/gr-100.com\/wp-content\/uploads\/2024\/12\/Diseno-sin-titulo-2024-12-26T110154.834.jpg","contentUrl":"https:\/\/gr-100.com\/wp-content\/uploads\/2024\/12\/Diseno-sin-titulo-2024-12-26T110154.834.jpg","width":1000,"height":1000},{"@type":"BreadcrumbList","@id":"https:\/\/gr-100.com\/pt-pt\/producto\/specialized-levo-sl-2-comp-alloy-2025\/#breadcrumb","itemListElement":[{"@type":"ListItem","position":1,"name":"Portada","item":"https:\/\/gr-100.com\/en\/"},{"@type":"ListItem","position":2,"name":"Productos","item":"https:\/\/gr-100.com\/?post_type=product"},{"@type":"ListItem","position":3,"name":"Specialized Levo SL 2 Comp Alloy 2025"}]},{"@type":"WebSite","@id":"https:\/\/gr-100.com\/#website","url":"https:\/\/gr-100.com\/","name":"Gr-100 Tienda de ciclismo Specialized","description":"GR-100 tenemos todas las gamas de bicicletas Specialized al mejor precio.","publisher":{"@id":"https:\/\/gr-100.com\/#organization"},"alternateName":"Gr-100 Bikes","potentialAction":[{"@type":"SearchAction","target":{"@type":"EntryPoint","urlTemplate":"https:\/\/gr-100.com\/?s={search_term_string}"},"query-input":{"@type":"PropertyValueSpecification","valueRequired":true,"valueName":"search_term_string"}}],"inLanguage":"pt-PT"},{"@type":"Organization","@id":"https:\/\/gr-100.com\/#organization","name":"Gr-100","url":"https:\/\/gr-100.com\/","logo":{"@type":"ImageObject","inLanguage":"pt-PT","@id":"https:\/\/gr-100.com\/#\/schema\/logo\/image\/","url":"https:\/\/gr-100.com\/wp-content\/uploads\/2023\/08\/logo-gr-100-bikes.png","contentUrl":"https:\/\/gr-100.com\/wp-content\/uploads\/2023\/08\/logo-gr-100-bikes.png","width":707,"height":284,"caption":"Gr-100"},"image":{"@id":"https:\/\/gr-100.com\/#\/schema\/logo\/image\/"},"sameAs":["https:\/\/www.facebook.com\/Gr100Bikes","https:\/\/www.instagram.com\/gr100bikes\/","https:\/\/www.tiktok.com\/@gr100bikes","https:\/\/twitter.com\/gr100mtbteam","https:\/\/www.youtube.com\/c\/GR100Specialized"]}]}},"_links":{"self":[{"href":"https:\/\/gr-100.com\/pt-pt\/wp-json\/wp\/v2\/product\/424996","targetHints":{"allow":["GET"]}}],"collection":[{"href":"https:\/\/gr-100.com\/pt-pt\/wp-json\/wp\/v2\/product"}],"about":[{"href":"https:\/\/gr-100.com\/pt-pt\/wp-json\/wp\/v2\/types\/product"}],"replies":[{"embeddable":true,"href":"https:\/\/gr-100.com\/pt-pt\/wp-json\/wp\/v2\/comments?post=424996"}],"wp:featuredmedia":[{"embeddable":true,"href":"https:\/\/gr-100.com\/pt-pt\/wp-json\/wp\/v2\/media\/399627"}],"wp:attachment":[{"href":"https:\/\/gr-100.com\/pt-pt\/wp-json\/wp\/v2\/media?parent=424996"}],"wp:term":[{"taxonomy":"product_brand","embeddable":true,"href":"https:\/\/gr-100.com\/pt-pt\/wp-json\/wp\/v2\/product_brand?post=424996"},{"taxonomy":"product_cat","embeddable":true,"href":"https:\/\/gr-100.com\/pt-pt\/wp-json\/wp\/v2\/product_cat?post=424996"},{"taxonomy":"product_tag","embeddable":true,"href":"https:\/\/gr-100.com\/pt-pt\/wp-json\/wp\/v2\/product_tag?post=424996"}],"curies":[{"name":"wp","href":"https:\/\/api.w.org\/{rel}","templated":true}]}}