{"id":425191,"date":"2026-01-07T12:42:25","date_gmt":"2026-01-07T11:42:25","guid":{"rendered":"https:\/\/gr-100.com\/?post_type=product&#038;p=425191"},"modified":"2026-01-08T14:33:54","modified_gmt":"2026-01-08T12:33:54","slug":"specialized-rockhopper-expert-2026-27-copia","status":"publish","type":"product","link":"https:\/\/gr-100.com\/pt-pt\/producto\/specialized-rockhopper-expert-2026-27-copia\/","title":{"rendered":"Specialized Rockhopper Expert 2026"},"content":{"rendered":"<ul>\n<li>Un coraz\u00f3n de oro, presentado en nuestro ligero pero duradero aluminio Premium A1. El cuadro de aluminio butted del Rockhopper cuenta con tubos superiores e inferiores hidroformados para mantener el peso bajo y la resistencia alta, todo mientras ofrece mayor espacio para el paso de la pierna, enrutamiento interno de cables suave y compatibilidad con tija telesc\u00f3pica. <\/li>\n<li>Para asegurarnos de que el Rockhopper ofrezca tanto el mejor ajuste como el mejor rendimiento para cada persona, sin importar sus medidas, hemos emparejado cada tama\u00f1o de cuadro Rockhopper con el tama\u00f1o de rueda \u00f3ptimo. El resultado es un Rockhopper que se adapta a cada ciclista y la certeza de que cada Rockhopper est\u00e1 montando la rueda que mejor se maneja para su tama\u00f1o de cuadro. <\/li>\n<li>El n\u00facleo Formula duradero junto al cassette SunRace de 9 velocidades te mantiene rodando suavemente y promete innumerables kil\u00f3metros de rendimiento sin complicaciones.<\/li>\n<li>Mant\u00e9n las cosas simples con un sistema de transmisi\u00f3n SRAM 1x duradero con un amplio rango y un cambio trasero con embrague que mantiene tu paseo silencioso\u2026 y tu cadena en su lugar.<\/li>\n<li>Combinamos los ejes confiables de Formula con nuestras llantas Stout de 25 mil\u00edmetros de di\u00e1metro interno y sin gancho para un conjunto de ruedas fuerte, ligero y duradero que es un verdadero truco de magia.<\/li>\n<li>Especifica\u00e7\u00f5es t\u00e9cnicas<\/li>\n<li>Cuadro<br \/>\nAbrazadera del sill\u00edn<br \/>\nAlloy, quick release, 34.9<br \/>\nCuadro<br \/>\nSpecialized A1 premium butted alloy, zero-stack head tube, internal cable routing, 135x9mm forged dropouts, chainstay-mounted disc brake, replaceable alloy derailleur hanger, stealth rack mounts, dropper post compatible<\/li>\n<li>Suspensi\u00f3n<br \/>\nHorquilla<br \/>\nRockShox Judy, Solo Air, Turnkey damper, 46mm offset, QR, 80\/90\/100mm travel (size-specific), alloy steerer<\/li>\n<li>Frenos<br \/>\nFreno delantero<br \/>\nSRAM DB4, 4-piston caliper, hydraulic disc<br \/>\nFreno trasero<br \/>\nSRAM DB4, 4-piston caliper, hydraulic disc<\/li>\n<li>Transmisi\u00f3n<br \/>\nDesviador trasero<br \/>\nSRAM NX Eagle, 12-speed<br \/>\nCassette<br \/>\nSRAM PG-1210 Eagle, 11-50t<br \/>\nCaja de pedalier<br \/>\nSRAM Powerspline<br \/>\nCadena<br \/>\nSRAM SX Eagle, 12-speed<br \/>\nManetas de cambio<br \/>\nSRAM SX Eagle, trigger, 12-speed<br \/>\nPlatos y bielas<br \/>\nSRAM Stylo Cranks, 30T<\/li>\n<li>Ruedas y neum\u00e1ticos<br \/>\nBuje trasero<br \/>\nAlloy Sealed bearing, 6-Bolt, disc, 135x9mm spacing, quick-release<br \/>\nBuje delantero<br \/>\nAlloy, Sealed bearing, 6-Bolt, disc, 100x9mm spacing, quick-release<br \/>\nNeum\u00e1tico delantero<br \/>\nGround Control, 27.5\/29&#215;2.35, T5<br \/>\nNeum\u00e1tico trasero<br \/>\nGround Control, 27.5\/29&#215;2.35, T5<br \/>\nLlantas<br \/>\nSpecialized Alloy, hookless, Tubeless ready, 25mm inner width<br \/>\nRadios<br \/>\nStainless, 14g<br \/>\nC\u00e1maras<br \/>\nStandard, Presta Valve<\/li>\n<li>Cockpit<br \/>\nTija del sill\u00edn<br \/>\nAlloy, 2-bolt clamp, 30.9mm<br \/>\nSill\u00edn<br \/>\nBody Geometry Power Sport, steel rails<br \/>\nPu\u00f1os<br \/>\nSpecialized Trail Grips, lock-on<br \/>\nManillar<br \/>\nSpecialized, alloy, 9-degree backsweep, 15mm rise, 31.8mm<br \/>\nPotencia<br \/>\nStout 3D-forged alloy, 31.8mm, 6-degree rise<\/li>\n<li>Accesorios<br \/>\nPedales<br \/>\nSpecialized, platform<\/li>\n<li>Detalles del producto<br \/>\nIdentificador del producto<br \/>\n221753<\/li>\n<li>Peso<br \/>\nPeso<br \/>\n13.14 kg (28 lb, 15.5 oz)<br \/>\nTalla<br \/>\nMD<\/li>\n<\/ul>\n","protected":false},"excerpt":{"rendered":"<p>Rockhopper Expert es la culminaci\u00f3n de 30 a\u00f1os redefiniendo la relaci\u00f3n entre valor y rendimiento.<\/p>\n<p>Comienza con un cuadro de aluminio Premium A1 dise\u00f1ado meticulosamente, a\u00f1ade una geometr\u00eda moderna que mantiene un ojo en la eficiencia y el otro en la capacidad segura y confiada, y tendr\u00e1s la base s\u00f3lida de nuestro mejor Rockhopper hasta ahora.<\/p>\n","protected":false},"featured_media":425141,"comment_status":"open","ping_status":"closed","template":"","meta":{"_acf_changed":false,"_et_pb_use_builder":"","_et_pb_old_content":"","_et_gb_content_width":"","inline_featured_image":false},"product_brand":[],"product_cat":[5379,5378,5375,2459,402],"product_tag":[],"class_list":{"0":"post-425191","1":"product","2":"type-product","3":"status-publish","4":"has-post-thumbnail","6":"product_cat-bicicletas-de-montanha-cross-country-xc","7":"product_cat-bicicletas-de-montanha-de-29","8":"product_cat-bicicletas-de-montanha-specialized","9":"product_cat-bicicletas-pt-pt-2","10":"product_cat-montanha","12":"first","13":"instock","14":"taxable","15":"shipping-taxable","16":"purchasable","17":"product-type-variable","18":"wvs-archive-product-wrapper"},"acf":[],"yoast_head":"<!-- This site is optimized with the Yoast SEO Premium plugin v26.7 (Yoast SEO v26.7) - https:\/\/yoast.com\/wordpress\/plugins\/seo\/ -->\n<title>Specialized Rockhopper Expert 2026 GR-100<\/title>\n<meta name=\"description\" content=\"Rockhopper Expert es la culminaci\u00f3n de 30 a\u00f1os redefiniendo la relaci\u00f3n entre valor y rendimiento.Comienza con un cuadro de aluminio Premium A1 dise\u00f1ado meticulosamente, a\u00f1ade una geometr\u00eda moderna que mantiene un ojo en la eficiencia y el otro en la capacidad segura y confiada, y tendr\u00e1s la base s\u00f3lida de nuestro mejor Rockhopper hasta ahora.\" \/>\n<meta name=\"robots\" content=\"index, follow, max-snippet:-1, max-image-preview:large, max-video-preview:-1\" \/>\n<link rel=\"canonical\" href=\"https:\/\/gr-100.com\/pt-pt\/producto\/specialized-rockhopper-expert-2026-27-copia\/\" \/>\n<meta property=\"og:locale\" content=\"pt_PT\" \/>\n<meta property=\"og:type\" content=\"article\" \/>\n<meta property=\"og:title\" content=\"Specialized Rockhopper Expert 2026\" \/>\n<meta property=\"og:description\" content=\"Rockhopper Expert es la culminaci\u00f3n de 30 a\u00f1os redefiniendo la relaci\u00f3n entre valor y rendimiento.Comienza con un cuadro de aluminio Premium A1 dise\u00f1ado meticulosamente, a\u00f1ade una geometr\u00eda moderna que mantiene un ojo en la eficiencia y el otro en la capacidad segura y confiada, y tendr\u00e1s la base s\u00f3lida de nuestro mejor Rockhopper hasta ahora.\" \/>\n<meta property=\"og:url\" content=\"https:\/\/gr-100.com\/pt-pt\/producto\/specialized-rockhopper-expert-2026-27-copia\/\" \/>\n<meta property=\"og:site_name\" content=\"Gr-100 Tienda de ciclismo Specialized\" \/>\n<meta property=\"article:publisher\" content=\"https:\/\/www.facebook.com\/Gr100Bikes\" \/>\n<meta property=\"article:modified_time\" content=\"2026-01-08T12:33:54+00:00\" \/>\n<meta property=\"og:image\" content=\"https:\/\/gr-100.com\/wp-content\/uploads\/2026\/01\/Diseno-sin-titulo-2026-01-07T111830.787.jpg\" \/>\n\t<meta property=\"og:image:width\" content=\"1000\" \/>\n\t<meta property=\"og:image:height\" content=\"1000\" \/>\n\t<meta property=\"og:image:type\" content=\"image\/jpeg\" \/>\n<meta name=\"twitter:card\" content=\"summary_large_image\" \/>\n<meta name=\"twitter:label1\" content=\"Tempo estimado de leitura\" \/>\n\t<meta name=\"twitter:data1\" content=\"2 minutos\" \/>\n<script type=\"application\/ld+json\" class=\"yoast-schema-graph\">{\"@context\":\"https:\/\/schema.org\",\"@graph\":[{\"@type\":\"WebPage\",\"@id\":\"https:\/\/gr-100.com\/pt-pt\/producto\/specialized-rockhopper-expert-2026-27-copia\/\",\"url\":\"https:\/\/gr-100.com\/pt-pt\/producto\/specialized-rockhopper-expert-2026-27-copia\/\",\"name\":\"Specialized Rockhopper Expert 2026 GR-100\",\"isPartOf\":{\"@id\":\"https:\/\/gr-100.com\/#website\"},\"primaryImageOfPage\":{\"@id\":\"https:\/\/gr-100.com\/pt-pt\/producto\/specialized-rockhopper-expert-2026-27-copia\/#primaryimage\"},\"image\":{\"@id\":\"https:\/\/gr-100.com\/pt-pt\/producto\/specialized-rockhopper-expert-2026-27-copia\/#primaryimage\"},\"thumbnailUrl\":\"https:\/\/gr-100.com\/wp-content\/uploads\/2026\/01\/Diseno-sin-titulo-2026-01-07T111830.787.jpg\",\"datePublished\":\"2026-01-07T11:42:25+00:00\",\"dateModified\":\"2026-01-08T12:33:54+00:00\",\"description\":\"Rockhopper Expert es la culminaci\u00f3n de 30 a\u00f1os redefiniendo la relaci\u00f3n entre valor y rendimiento.Comienza con un cuadro de aluminio Premium A1 dise\u00f1ado meticulosamente, a\u00f1ade una geometr\u00eda moderna que mantiene un ojo en la eficiencia y el otro en la capacidad segura y confiada, y tendr\u00e1s la base s\u00f3lida de nuestro mejor Rockhopper hasta ahora.\",\"breadcrumb\":{\"@id\":\"https:\/\/gr-100.com\/pt-pt\/producto\/specialized-rockhopper-expert-2026-27-copia\/#breadcrumb\"},\"inLanguage\":\"pt-PT\",\"potentialAction\":[{\"@type\":\"ReadAction\",\"target\":[\"https:\/\/gr-100.com\/pt-pt\/producto\/specialized-rockhopper-expert-2026-27-copia\/\"]}]},{\"@type\":\"ImageObject\",\"inLanguage\":\"pt-PT\",\"@id\":\"https:\/\/gr-100.com\/pt-pt\/producto\/specialized-rockhopper-expert-2026-27-copia\/#primaryimage\",\"url\":\"https:\/\/gr-100.com\/wp-content\/uploads\/2026\/01\/Diseno-sin-titulo-2026-01-07T111830.787.jpg\",\"contentUrl\":\"https:\/\/gr-100.com\/wp-content\/uploads\/2026\/01\/Diseno-sin-titulo-2026-01-07T111830.787.jpg\",\"width\":1000,\"height\":1000},{\"@type\":\"BreadcrumbList\",\"@id\":\"https:\/\/gr-100.com\/pt-pt\/producto\/specialized-rockhopper-expert-2026-27-copia\/#breadcrumb\",\"itemListElement\":[{\"@type\":\"ListItem\",\"position\":1,\"name\":\"Portada\",\"item\":\"https:\/\/gr-100.com\/en\/\"},{\"@type\":\"ListItem\",\"position\":2,\"name\":\"Productos\",\"item\":\"https:\/\/gr-100.com\/?post_type=product\"},{\"@type\":\"ListItem\",\"position\":3,\"name\":\"Specialized Rockhopper Expert 2026\"}]},{\"@type\":\"WebSite\",\"@id\":\"https:\/\/gr-100.com\/#website\",\"url\":\"https:\/\/gr-100.com\/\",\"name\":\"Gr-100 Tienda de ciclismo Specialized\",\"description\":\"GR-100 tenemos todas las gamas de bicicletas Specialized al mejor precio.\",\"publisher\":{\"@id\":\"https:\/\/gr-100.com\/#organization\"},\"alternateName\":\"Gr-100 Bikes\",\"potentialAction\":[{\"@type\":\"SearchAction\",\"target\":{\"@type\":\"EntryPoint\",\"urlTemplate\":\"https:\/\/gr-100.com\/?s={search_term_string}\"},\"query-input\":{\"@type\":\"PropertyValueSpecification\",\"valueRequired\":true,\"valueName\":\"search_term_string\"}}],\"inLanguage\":\"pt-PT\"},{\"@type\":\"Organization\",\"@id\":\"https:\/\/gr-100.com\/#organization\",\"name\":\"Gr-100\",\"url\":\"https:\/\/gr-100.com\/\",\"logo\":{\"@type\":\"ImageObject\",\"inLanguage\":\"pt-PT\",\"@id\":\"https:\/\/gr-100.com\/#\/schema\/logo\/image\/\",\"url\":\"https:\/\/gr-100.com\/wp-content\/uploads\/2023\/08\/logo-gr-100-bikes.png\",\"contentUrl\":\"https:\/\/gr-100.com\/wp-content\/uploads\/2023\/08\/logo-gr-100-bikes.png\",\"width\":707,\"height\":284,\"caption\":\"Gr-100\"},\"image\":{\"@id\":\"https:\/\/gr-100.com\/#\/schema\/logo\/image\/\"},\"sameAs\":[\"https:\/\/www.facebook.com\/Gr100Bikes\",\"https:\/\/www.instagram.com\/gr100bikes\/\",\"https:\/\/www.tiktok.com\/@gr100bikes\",\"https:\/\/twitter.com\/gr100mtbteam\",\"https:\/\/www.youtube.com\/c\/GR100Specialized\"]}]}<\/script>\n<!-- \/ Yoast SEO Premium plugin. -->","yoast_head_json":{"title":"Specialized Rockhopper Expert 2026 GR-100","description":"Rockhopper Expert es la culminaci\u00f3n de 30 a\u00f1os redefiniendo la relaci\u00f3n entre valor y rendimiento.Comienza con un cuadro de aluminio Premium A1 dise\u00f1ado meticulosamente, a\u00f1ade una geometr\u00eda moderna que mantiene un ojo en la eficiencia y el otro en la capacidad segura y confiada, y tendr\u00e1s la base s\u00f3lida de nuestro mejor Rockhopper hasta ahora.","robots":{"index":"index","follow":"follow","max-snippet":"max-snippet:-1","max-image-preview":"max-image-preview:large","max-video-preview":"max-video-preview:-1"},"canonical":"https:\/\/gr-100.com\/pt-pt\/producto\/specialized-rockhopper-expert-2026-27-copia\/","og_locale":"pt_PT","og_type":"article","og_title":"Specialized Rockhopper Expert 2026","og_description":"Rockhopper Expert es la culminaci\u00f3n de 30 a\u00f1os redefiniendo la relaci\u00f3n entre valor y rendimiento.Comienza con un cuadro de aluminio Premium A1 dise\u00f1ado meticulosamente, a\u00f1ade una geometr\u00eda moderna que mantiene un ojo en la eficiencia y el otro en la capacidad segura y confiada, y tendr\u00e1s la base s\u00f3lida de nuestro mejor Rockhopper hasta ahora.","og_url":"https:\/\/gr-100.com\/pt-pt\/producto\/specialized-rockhopper-expert-2026-27-copia\/","og_site_name":"Gr-100 Tienda de ciclismo Specialized","article_publisher":"https:\/\/www.facebook.com\/Gr100Bikes","article_modified_time":"2026-01-08T12:33:54+00:00","og_image":[{"width":1000,"height":1000,"url":"https:\/\/gr-100.com\/wp-content\/uploads\/2026\/01\/Diseno-sin-titulo-2026-01-07T111830.787.jpg","type":"image\/jpeg"}],"twitter_card":"summary_large_image","twitter_misc":{"Tempo estimado de leitura":"2 minutos"},"schema":{"@context":"https:\/\/schema.org","@graph":[{"@type":"WebPage","@id":"https:\/\/gr-100.com\/pt-pt\/producto\/specialized-rockhopper-expert-2026-27-copia\/","url":"https:\/\/gr-100.com\/pt-pt\/producto\/specialized-rockhopper-expert-2026-27-copia\/","name":"Specialized Rockhopper Expert 2026 GR-100","isPartOf":{"@id":"https:\/\/gr-100.com\/#website"},"primaryImageOfPage":{"@id":"https:\/\/gr-100.com\/pt-pt\/producto\/specialized-rockhopper-expert-2026-27-copia\/#primaryimage"},"image":{"@id":"https:\/\/gr-100.com\/pt-pt\/producto\/specialized-rockhopper-expert-2026-27-copia\/#primaryimage"},"thumbnailUrl":"https:\/\/gr-100.com\/wp-content\/uploads\/2026\/01\/Diseno-sin-titulo-2026-01-07T111830.787.jpg","datePublished":"2026-01-07T11:42:25+00:00","dateModified":"2026-01-08T12:33:54+00:00","description":"Rockhopper Expert es la culminaci\u00f3n de 30 a\u00f1os redefiniendo la relaci\u00f3n entre valor y rendimiento.Comienza con un cuadro de aluminio Premium A1 dise\u00f1ado meticulosamente, a\u00f1ade una geometr\u00eda moderna que mantiene un ojo en la eficiencia y el otro en la capacidad segura y confiada, y tendr\u00e1s la base s\u00f3lida de nuestro mejor Rockhopper hasta ahora.","breadcrumb":{"@id":"https:\/\/gr-100.com\/pt-pt\/producto\/specialized-rockhopper-expert-2026-27-copia\/#breadcrumb"},"inLanguage":"pt-PT","potentialAction":[{"@type":"ReadAction","target":["https:\/\/gr-100.com\/pt-pt\/producto\/specialized-rockhopper-expert-2026-27-copia\/"]}]},{"@type":"ImageObject","inLanguage":"pt-PT","@id":"https:\/\/gr-100.com\/pt-pt\/producto\/specialized-rockhopper-expert-2026-27-copia\/#primaryimage","url":"https:\/\/gr-100.com\/wp-content\/uploads\/2026\/01\/Diseno-sin-titulo-2026-01-07T111830.787.jpg","contentUrl":"https:\/\/gr-100.com\/wp-content\/uploads\/2026\/01\/Diseno-sin-titulo-2026-01-07T111830.787.jpg","width":1000,"height":1000},{"@type":"BreadcrumbList","@id":"https:\/\/gr-100.com\/pt-pt\/producto\/specialized-rockhopper-expert-2026-27-copia\/#breadcrumb","itemListElement":[{"@type":"ListItem","position":1,"name":"Portada","item":"https:\/\/gr-100.com\/en\/"},{"@type":"ListItem","position":2,"name":"Productos","item":"https:\/\/gr-100.com\/?post_type=product"},{"@type":"ListItem","position":3,"name":"Specialized Rockhopper Expert 2026"}]},{"@type":"WebSite","@id":"https:\/\/gr-100.com\/#website","url":"https:\/\/gr-100.com\/","name":"Gr-100 Tienda de ciclismo Specialized","description":"GR-100 tenemos todas las gamas de bicicletas Specialized al mejor precio.","publisher":{"@id":"https:\/\/gr-100.com\/#organization"},"alternateName":"Gr-100 Bikes","potentialAction":[{"@type":"SearchAction","target":{"@type":"EntryPoint","urlTemplate":"https:\/\/gr-100.com\/?s={search_term_string}"},"query-input":{"@type":"PropertyValueSpecification","valueRequired":true,"valueName":"search_term_string"}}],"inLanguage":"pt-PT"},{"@type":"Organization","@id":"https:\/\/gr-100.com\/#organization","name":"Gr-100","url":"https:\/\/gr-100.com\/","logo":{"@type":"ImageObject","inLanguage":"pt-PT","@id":"https:\/\/gr-100.com\/#\/schema\/logo\/image\/","url":"https:\/\/gr-100.com\/wp-content\/uploads\/2023\/08\/logo-gr-100-bikes.png","contentUrl":"https:\/\/gr-100.com\/wp-content\/uploads\/2023\/08\/logo-gr-100-bikes.png","width":707,"height":284,"caption":"Gr-100"},"image":{"@id":"https:\/\/gr-100.com\/#\/schema\/logo\/image\/"},"sameAs":["https:\/\/www.facebook.com\/Gr100Bikes","https:\/\/www.instagram.com\/gr100bikes\/","https:\/\/www.tiktok.com\/@gr100bikes","https:\/\/twitter.com\/gr100mtbteam","https:\/\/www.youtube.com\/c\/GR100Specialized"]}]}},"_links":{"self":[{"href":"https:\/\/gr-100.com\/pt-pt\/wp-json\/wp\/v2\/product\/425191","targetHints":{"allow":["GET"]}}],"collection":[{"href":"https:\/\/gr-100.com\/pt-pt\/wp-json\/wp\/v2\/product"}],"about":[{"href":"https:\/\/gr-100.com\/pt-pt\/wp-json\/wp\/v2\/types\/product"}],"replies":[{"embeddable":true,"href":"https:\/\/gr-100.com\/pt-pt\/wp-json\/wp\/v2\/comments?post=425191"}],"wp:featuredmedia":[{"embeddable":true,"href":"https:\/\/gr-100.com\/pt-pt\/wp-json\/wp\/v2\/media\/425141"}],"wp:attachment":[{"href":"https:\/\/gr-100.com\/pt-pt\/wp-json\/wp\/v2\/media?parent=425191"}],"wp:term":[{"taxonomy":"product_brand","embeddable":true,"href":"https:\/\/gr-100.com\/pt-pt\/wp-json\/wp\/v2\/product_brand?post=425191"},{"taxonomy":"product_cat","embeddable":true,"href":"https:\/\/gr-100.com\/pt-pt\/wp-json\/wp\/v2\/product_cat?post=425191"},{"taxonomy":"product_tag","embeddable":true,"href":"https:\/\/gr-100.com\/pt-pt\/wp-json\/wp\/v2\/product_tag?post=425191"}],"curies":[{"name":"wp","href":"https:\/\/api.w.org\/{rel}","templated":true}]}}