{"id":425263,"date":"2025-05-15T12:54:22","date_gmt":"2025-05-15T11:54:22","guid":{"rendered":"https:\/\/gr-100.com\/producto\/specialized-enduro-comp-25\/"},"modified":"2026-01-07T13:17:34","modified_gmt":"2026-01-07T11:17:34","slug":"specialized-enduro-comp-25","status":"publish","type":"product","link":"https:\/\/gr-100.com\/pt-pt\/producto\/specialized-enduro-comp-25\/","title":{"rendered":"Specialized Enduro Comp 25"},"content":{"rendered":"<p>En relaci\u00f3n calidad-precio, la Enduro Comp es dif\u00edcil de superar. Est\u00e1 construida sobre nuestro chasis de carbono FACT 11M y equipada con excelentes componentes, como potentes frenos de disco TRP Trail EVO de 4 pistones, una transmisi\u00f3n Shimano 1X de amplio rango y una suspensi\u00f3n RockShox de alta capacidad. El cuadro incluye la patilla de cambio universal (UDH) de SRAM para compatibilidad con cambios de montaje directo.  <\/p>\n<ul>\n<li>INCRE\u00cdBLEMENTE CAPACITADA: Si la Enduro se parece a su hermana, la Demo, es porque comparten un gran ADN de descenso. Un recorrido del eje m\u00e1s retrasado reduce el enganche de la rueda en impactos fuertes. Un amortiguador bajo y adelantado la mantiene firme y segura a altas velocidades. La rigidez equilibrada del chasis ayuda a que la direcci\u00f3n delantera sea precisa y mantiene la trasera en una trayectoria impecable. S\u00famalo todo, y tendr\u00e1s una bicicleta que se r\u00ede de los senderos m\u00e1s empinados y rocosos.    <\/li>\n<li>ASOMBROSAMENTE R\u00c1PIDA, SUBIENDO Y BAJANDO: Pisa a fondo los pedales y la nueva Enduro acelera mucho m\u00e1s r\u00e1pido de lo que esperar\u00edas de una potente bicicleta de descenso. Para empezar, aumentamos el anti-squat, para que la suspensi\u00f3n resista mejor el balanceo del pedal. Despu\u00e9s, para aumentar su eficiencia, redirigimos el \u00e1ngulo de las vainas y las bieletas superiores del amortiguador para un dise\u00f1o mucho m\u00e1s eficiente. \u00bfEl resultado final? Menos balanceo, m\u00e1s velocidad.    <\/li>\n<li>LA VELOCIDAD COMIENZA CON EL AJUSTE: La velocidad y el ajuste no son incompatibles, por eso la geometr\u00eda progresiva de la Enduro ha sido dise\u00f1ada para subir y bajar. Para empezar, los tubos del sill\u00edn y la altura del stack no aumentan dr\u00e1sticamente entre tallas, lo que significa que ahora puedes elegir una talla de cuadro seg\u00fan tu altura y estilo de conducci\u00f3n. Combina este estilo de talla con un \u00e1ngulo de direcci\u00f3n m\u00e1s relajado, un alcance m\u00e1s largo y un tubo del sill\u00edn m\u00e1s inclinado en toda la l\u00ednea, y tendr\u00e1s una bicicleta m\u00e1s r\u00e1pida y capaz, sin importar la talla.  <\/li>\n<li>M\u00c1S IMPLACABLE QUE T\u00da: Nuestras bicicletas de doble suspensi\u00f3n est\u00e1n dise\u00f1adas para ser implacables, dise\u00f1adas para soportar a\u00f1os de conducci\u00f3n exigente y respaldadas por el mejor soporte y pol\u00edticas para mantenerte en el camino. Nuestra inigualable sustituci\u00f3n de los rodamientos del pivote de la suspensi\u00f3n, de por vida y sin preguntas, al propietario original es solo una de las maneras en que te tenemos cubierto. <\/li>\n<li>Shimano SLX CHAIN, M7100, 12 velocidades<\/li>\n<li>CAJA DE PEDALES Shimano, BB-MT801, roscada<\/li>\n<li>PEDALES Shimano SLX, M7120, plato 30T, l\u00ednea de cadena de 52 mm, S2-S3: 165 mm, S4-S5: 170 mm<\/li>\n<li>CAMBIO Shimano SLX, M7100, SGS, 12 velocidades<\/li>\n<li>CASETA Shimano SLX, CS-M7100, 12 velocidades, 10-51t<\/li>\n<li>MANDOS DE CAMBIO Shimano SLX, M7100, 12 velocidades<\/li>\n<li>SWAT Almacenamiento interno del tubo diagonal SWAT<\/li>\n<li>SILL\u00cdN Aleaci\u00f3n, 38,6 mm<\/li>\n<li>CUADRO Chasis y eje trasero de carbono FACT 11m, geometr\u00eda Enduro Race de 29 pulgadas, patilla de cambio universal SRAM, integraci\u00f3n de puerta SWAT\u2122, pedalier roscado, cableado interno, punteras de 12 x 148 mm, pivotes con rodamientos de cartucho sellados, 170 mm de recorrido<\/li>\n<li>HORQUILLA RockShox Zeb Select, amortiguador Charger RC, 15 x 110 mm, retroceso de 44 mm, 170 mm de recorrido<\/li>\n<li>AMORTIGUADOR RockShox Vivid Select Plus, Ride Dynamics Trail Tune, tope hidr\u00e1ulico ajustable, rebote y compresi\u00f3n ajustables, 205 x 60, Trunnion<\/li>\n<li>FRENO DELANTERO TRP Trail EVO, 4-piston caliper, hydraulic disc, 220mm<\/li>\n<li>FRENO TRASERO TRP Trail EVO, 4-piston caliper, hydraulic disc, 203mm<\/li>\n<li>NEUM\u00c1TICO TRASERO Butcher, GRID GRAVITY casing, GRIPTON\u00ae T9 compound, 2Bliss Ready, 29&#215;2.3&#8243;<\/li>\n<li>PNEU. Talho, carca\u00e7a GRID TRAIL, composto GRIPTON\u00ae T9, 2Bliss Ready, 29&#215;2.3&#8243; <\/li>\n<li>R\u00c1DIOS DT Ind\u00fastria Su\u00ed\u00e7a<\/li>\n<li>CUBO TRASEIRO Liga, rolamentos de cartucho selados, eixo thru 12x148mm, 32h<\/li>\n<li>LLANTAS Specialized, hookless alloy, 30mm inner width, tubeless ready<\/li>\n<li>CUBO DIANTEIRO Liga, rolamentos de cartucho selados, eixo thru 15x110mm, 28h<\/li>\n<li>C\u00c2MERAS Standard, v\u00e1lvula Presta<\/li>\n<li>STEM Alloy Trail Stem, furo em barra de 35 mm<\/li>\n<li>SILL\u00cdN Bridge Comp, Hollow Cr-mo rails, S2: 155mm, S3-S5: 143mm<\/li>\n<li>Specialized<\/li>\n<li>MANILLAR Speciailized, 6061 alloy, 6-degree upsweep, 8-degree backsweep, 30mm rise. S2: 780mm, S3-S5:800mm width <\/li>\n<li>TIJA DE SILL\u00cd X-Fusion Manic, infinite adjustable, two-bolt head, bottom mount cable routing, remote SRL LE lever, 34.9mm, S2-S3:150mm, S4-S5:170mm<\/li>\n<li>DINAMO 276011<\/li>\n<li>Weight 16.21kg (35 lb, 11.8 oz)<\/li>\n<\/ul>\n","protected":false},"excerpt":{"rendered":"<p>En relaci\u00f3n calidad-precio, la Enduro Comp es dif\u00edcil de superar. Est\u00e1 construida sobre nuestro chasis de carbono FACT 11M y equipada con excelentes componentes, como potentes frenos de disco TRP Trail EVO de 4 pistones, una transmisi\u00f3n Shimano 1X de amplio rango y una suspensi\u00f3n RockShox de alta capacidad. El cuadro incluye la patilla de cambio universal (UDH) de SRAM para compatibilidad con cambios de montaje directo  <\/p>\n","protected":false},"featured_media":408783,"comment_status":"open","ping_status":"closed","template":"","meta":{"_acf_changed":false,"_et_pb_use_builder":"","_et_pb_old_content":"","_et_gb_content_width":"","inline_featured_image":false},"product_brand":[],"product_cat":[5377,5378,5376,5375,5374,4353,402,403],"product_tag":[],"class_list":{"0":"post-425263","1":"product","2":"type-product","3":"status-publish","4":"has-post-thumbnail","6":"product_cat-bicicletas-de-montanha-com-suspensao-dupla","7":"product_cat-bicicletas-de-montanha-de-29","8":"product_cat-bicicletas-de-montanha-em-carbono","9":"product_cat-bicicletas-de-montanha-specialized","10":"product_cat-descontos","11":"product_cat-liquidacion-specialized","12":"product_cat-montanha","13":"product_cat-outlet-pt-pt","15":"first","16":"instock","17":"sale","18":"taxable","19":"shipping-taxable","20":"purchasable","21":"product-type-variable","22":"wvs-archive-product-wrapper"},"acf":[],"yoast_head":"<!-- This site is optimized with the Yoast SEO Premium plugin v26.7 (Yoast SEO v26.7) - https:\/\/yoast.com\/wordpress\/plugins\/seo\/ -->\n<title>Specialized Enduro Comp 25 GR-100 Specialized Enduro Comp 25<\/title>\n<meta name=\"description\" content=\"En relaci\u00f3n calidad-precio, la Enduro Comp es dif\u00edcil de superar. Est\u00e1 construida sobre nuestro chasis de carbono FACT 11M\" \/>\n<meta name=\"robots\" content=\"index, follow, max-snippet:-1, max-image-preview:large, max-video-preview:-1\" \/>\n<link rel=\"canonical\" href=\"https:\/\/gr-100.com\/pt-pt\/producto\/specialized-enduro-comp-25\/\" \/>\n<meta property=\"og:locale\" content=\"pt_PT\" \/>\n<meta property=\"og:type\" content=\"article\" \/>\n<meta property=\"og:title\" content=\"Specialized Enduro Comp 25\" \/>\n<meta property=\"og:description\" content=\"En relaci\u00f3n calidad-precio, la Enduro Comp es dif\u00edcil de superar. Est\u00e1 construida sobre nuestro chasis de carbono FACT 11M\" \/>\n<meta property=\"og:url\" content=\"https:\/\/gr-100.com\/pt-pt\/producto\/specialized-enduro-comp-25\/\" \/>\n<meta property=\"og:site_name\" content=\"Gr-100 Tienda de ciclismo Specialized\" \/>\n<meta property=\"article:publisher\" content=\"https:\/\/www.facebook.com\/Gr100Bikes\" \/>\n<meta property=\"article:modified_time\" content=\"2026-01-07T11:17:34+00:00\" \/>\n<meta property=\"og:image\" content=\"https:\/\/gr-100.com\/wp-content\/uploads\/2025\/05\/ENDURO-COMP-GUN-WHTMTN_HERO.jpg\" \/>\n\t<meta property=\"og:image:width\" content=\"1000\" \/>\n\t<meta property=\"og:image:height\" content=\"1000\" \/>\n\t<meta property=\"og:image:type\" content=\"image\/jpeg\" \/>\n<meta name=\"twitter:card\" content=\"summary_large_image\" \/>\n<meta name=\"twitter:label1\" content=\"Tempo estimado de leitura\" \/>\n\t<meta name=\"twitter:data1\" content=\"4 minutos\" \/>\n<script type=\"application\/ld+json\" class=\"yoast-schema-graph\">{\"@context\":\"https:\/\/schema.org\",\"@graph\":[{\"@type\":\"WebPage\",\"@id\":\"https:\/\/gr-100.com\/pt-pt\/producto\/specialized-enduro-comp-25\/\",\"url\":\"https:\/\/gr-100.com\/pt-pt\/producto\/specialized-enduro-comp-25\/\",\"name\":\"Specialized Enduro Comp 25 GR-100 Specialized Enduro Comp 25\",\"isPartOf\":{\"@id\":\"https:\/\/gr-100.com\/#website\"},\"primaryImageOfPage\":{\"@id\":\"https:\/\/gr-100.com\/pt-pt\/producto\/specialized-enduro-comp-25\/#primaryimage\"},\"image\":{\"@id\":\"https:\/\/gr-100.com\/pt-pt\/producto\/specialized-enduro-comp-25\/#primaryimage\"},\"thumbnailUrl\":\"https:\/\/gr-100.com\/wp-content\/uploads\/2025\/05\/ENDURO-COMP-GUN-WHTMTN_HERO.jpg\",\"datePublished\":\"2025-05-15T11:54:22+00:00\",\"dateModified\":\"2026-01-07T11:17:34+00:00\",\"description\":\"En relaci\u00f3n calidad-precio, la Enduro Comp es dif\u00edcil de superar. Est\u00e1 construida sobre nuestro chasis de carbono FACT 11M\",\"breadcrumb\":{\"@id\":\"https:\/\/gr-100.com\/pt-pt\/producto\/specialized-enduro-comp-25\/#breadcrumb\"},\"inLanguage\":\"pt-PT\",\"potentialAction\":[{\"@type\":\"ReadAction\",\"target\":[\"https:\/\/gr-100.com\/pt-pt\/producto\/specialized-enduro-comp-25\/\"]}]},{\"@type\":\"ImageObject\",\"inLanguage\":\"pt-PT\",\"@id\":\"https:\/\/gr-100.com\/pt-pt\/producto\/specialized-enduro-comp-25\/#primaryimage\",\"url\":\"https:\/\/gr-100.com\/wp-content\/uploads\/2025\/05\/ENDURO-COMP-GUN-WHTMTN_HERO.jpg\",\"contentUrl\":\"https:\/\/gr-100.com\/wp-content\/uploads\/2025\/05\/ENDURO-COMP-GUN-WHTMTN_HERO.jpg\",\"width\":1000,\"height\":1000},{\"@type\":\"BreadcrumbList\",\"@id\":\"https:\/\/gr-100.com\/pt-pt\/producto\/specialized-enduro-comp-25\/#breadcrumb\",\"itemListElement\":[{\"@type\":\"ListItem\",\"position\":1,\"name\":\"Portada\",\"item\":\"https:\/\/gr-100.com\/en\/\"},{\"@type\":\"ListItem\",\"position\":2,\"name\":\"Productos\",\"item\":\"https:\/\/gr-100.com\/?post_type=product\"},{\"@type\":\"ListItem\",\"position\":3,\"name\":\"Specialized Enduro Comp 25\"}]},{\"@type\":\"WebSite\",\"@id\":\"https:\/\/gr-100.com\/#website\",\"url\":\"https:\/\/gr-100.com\/\",\"name\":\"Gr-100 Tienda de ciclismo Specialized\",\"description\":\"GR-100 tenemos todas las gamas de bicicletas Specialized al mejor precio.\",\"publisher\":{\"@id\":\"https:\/\/gr-100.com\/#organization\"},\"alternateName\":\"Gr-100 Bikes\",\"potentialAction\":[{\"@type\":\"SearchAction\",\"target\":{\"@type\":\"EntryPoint\",\"urlTemplate\":\"https:\/\/gr-100.com\/?s={search_term_string}\"},\"query-input\":{\"@type\":\"PropertyValueSpecification\",\"valueRequired\":true,\"valueName\":\"search_term_string\"}}],\"inLanguage\":\"pt-PT\"},{\"@type\":\"Organization\",\"@id\":\"https:\/\/gr-100.com\/#organization\",\"name\":\"Gr-100\",\"url\":\"https:\/\/gr-100.com\/\",\"logo\":{\"@type\":\"ImageObject\",\"inLanguage\":\"pt-PT\",\"@id\":\"https:\/\/gr-100.com\/#\/schema\/logo\/image\/\",\"url\":\"https:\/\/gr-100.com\/wp-content\/uploads\/2023\/08\/logo-gr-100-bikes.png\",\"contentUrl\":\"https:\/\/gr-100.com\/wp-content\/uploads\/2023\/08\/logo-gr-100-bikes.png\",\"width\":707,\"height\":284,\"caption\":\"Gr-100\"},\"image\":{\"@id\":\"https:\/\/gr-100.com\/#\/schema\/logo\/image\/\"},\"sameAs\":[\"https:\/\/www.facebook.com\/Gr100Bikes\",\"https:\/\/www.instagram.com\/gr100bikes\/\",\"https:\/\/www.tiktok.com\/@gr100bikes\",\"https:\/\/twitter.com\/gr100mtbteam\",\"https:\/\/www.youtube.com\/c\/GR100Specialized\"]}]}<\/script>\n<!-- \/ Yoast SEO Premium plugin. -->","yoast_head_json":{"title":"Specialized Enduro Comp 25 GR-100 Specialized Enduro Comp 25","description":"En relaci\u00f3n calidad-precio, la Enduro Comp es dif\u00edcil de superar. Est\u00e1 construida sobre nuestro chasis de carbono FACT 11M","robots":{"index":"index","follow":"follow","max-snippet":"max-snippet:-1","max-image-preview":"max-image-preview:large","max-video-preview":"max-video-preview:-1"},"canonical":"https:\/\/gr-100.com\/pt-pt\/producto\/specialized-enduro-comp-25\/","og_locale":"pt_PT","og_type":"article","og_title":"Specialized Enduro Comp 25","og_description":"En relaci\u00f3n calidad-precio, la Enduro Comp es dif\u00edcil de superar. Est\u00e1 construida sobre nuestro chasis de carbono FACT 11M","og_url":"https:\/\/gr-100.com\/pt-pt\/producto\/specialized-enduro-comp-25\/","og_site_name":"Gr-100 Tienda de ciclismo Specialized","article_publisher":"https:\/\/www.facebook.com\/Gr100Bikes","article_modified_time":"2026-01-07T11:17:34+00:00","og_image":[{"width":1000,"height":1000,"url":"https:\/\/gr-100.com\/wp-content\/uploads\/2025\/05\/ENDURO-COMP-GUN-WHTMTN_HERO.jpg","type":"image\/jpeg"}],"twitter_card":"summary_large_image","twitter_misc":{"Tempo estimado de leitura":"4 minutos"},"schema":{"@context":"https:\/\/schema.org","@graph":[{"@type":"WebPage","@id":"https:\/\/gr-100.com\/pt-pt\/producto\/specialized-enduro-comp-25\/","url":"https:\/\/gr-100.com\/pt-pt\/producto\/specialized-enduro-comp-25\/","name":"Specialized Enduro Comp 25 GR-100 Specialized Enduro Comp 25","isPartOf":{"@id":"https:\/\/gr-100.com\/#website"},"primaryImageOfPage":{"@id":"https:\/\/gr-100.com\/pt-pt\/producto\/specialized-enduro-comp-25\/#primaryimage"},"image":{"@id":"https:\/\/gr-100.com\/pt-pt\/producto\/specialized-enduro-comp-25\/#primaryimage"},"thumbnailUrl":"https:\/\/gr-100.com\/wp-content\/uploads\/2025\/05\/ENDURO-COMP-GUN-WHTMTN_HERO.jpg","datePublished":"2025-05-15T11:54:22+00:00","dateModified":"2026-01-07T11:17:34+00:00","description":"En relaci\u00f3n calidad-precio, la Enduro Comp es dif\u00edcil de superar. Est\u00e1 construida sobre nuestro chasis de carbono FACT 11M","breadcrumb":{"@id":"https:\/\/gr-100.com\/pt-pt\/producto\/specialized-enduro-comp-25\/#breadcrumb"},"inLanguage":"pt-PT","potentialAction":[{"@type":"ReadAction","target":["https:\/\/gr-100.com\/pt-pt\/producto\/specialized-enduro-comp-25\/"]}]},{"@type":"ImageObject","inLanguage":"pt-PT","@id":"https:\/\/gr-100.com\/pt-pt\/producto\/specialized-enduro-comp-25\/#primaryimage","url":"https:\/\/gr-100.com\/wp-content\/uploads\/2025\/05\/ENDURO-COMP-GUN-WHTMTN_HERO.jpg","contentUrl":"https:\/\/gr-100.com\/wp-content\/uploads\/2025\/05\/ENDURO-COMP-GUN-WHTMTN_HERO.jpg","width":1000,"height":1000},{"@type":"BreadcrumbList","@id":"https:\/\/gr-100.com\/pt-pt\/producto\/specialized-enduro-comp-25\/#breadcrumb","itemListElement":[{"@type":"ListItem","position":1,"name":"Portada","item":"https:\/\/gr-100.com\/en\/"},{"@type":"ListItem","position":2,"name":"Productos","item":"https:\/\/gr-100.com\/?post_type=product"},{"@type":"ListItem","position":3,"name":"Specialized Enduro Comp 25"}]},{"@type":"WebSite","@id":"https:\/\/gr-100.com\/#website","url":"https:\/\/gr-100.com\/","name":"Gr-100 Tienda de ciclismo Specialized","description":"GR-100 tenemos todas las gamas de bicicletas Specialized al mejor precio.","publisher":{"@id":"https:\/\/gr-100.com\/#organization"},"alternateName":"Gr-100 Bikes","potentialAction":[{"@type":"SearchAction","target":{"@type":"EntryPoint","urlTemplate":"https:\/\/gr-100.com\/?s={search_term_string}"},"query-input":{"@type":"PropertyValueSpecification","valueRequired":true,"valueName":"search_term_string"}}],"inLanguage":"pt-PT"},{"@type":"Organization","@id":"https:\/\/gr-100.com\/#organization","name":"Gr-100","url":"https:\/\/gr-100.com\/","logo":{"@type":"ImageObject","inLanguage":"pt-PT","@id":"https:\/\/gr-100.com\/#\/schema\/logo\/image\/","url":"https:\/\/gr-100.com\/wp-content\/uploads\/2023\/08\/logo-gr-100-bikes.png","contentUrl":"https:\/\/gr-100.com\/wp-content\/uploads\/2023\/08\/logo-gr-100-bikes.png","width":707,"height":284,"caption":"Gr-100"},"image":{"@id":"https:\/\/gr-100.com\/#\/schema\/logo\/image\/"},"sameAs":["https:\/\/www.facebook.com\/Gr100Bikes","https:\/\/www.instagram.com\/gr100bikes\/","https:\/\/www.tiktok.com\/@gr100bikes","https:\/\/twitter.com\/gr100mtbteam","https:\/\/www.youtube.com\/c\/GR100Specialized"]}]}},"_links":{"self":[{"href":"https:\/\/gr-100.com\/pt-pt\/wp-json\/wp\/v2\/product\/425263","targetHints":{"allow":["GET"]}}],"collection":[{"href":"https:\/\/gr-100.com\/pt-pt\/wp-json\/wp\/v2\/product"}],"about":[{"href":"https:\/\/gr-100.com\/pt-pt\/wp-json\/wp\/v2\/types\/product"}],"replies":[{"embeddable":true,"href":"https:\/\/gr-100.com\/pt-pt\/wp-json\/wp\/v2\/comments?post=425263"}],"wp:featuredmedia":[{"embeddable":true,"href":"https:\/\/gr-100.com\/pt-pt\/wp-json\/wp\/v2\/media\/408783"}],"wp:attachment":[{"href":"https:\/\/gr-100.com\/pt-pt\/wp-json\/wp\/v2\/media?parent=425263"}],"wp:term":[{"taxonomy":"product_brand","embeddable":true,"href":"https:\/\/gr-100.com\/pt-pt\/wp-json\/wp\/v2\/product_brand?post=425263"},{"taxonomy":"product_cat","embeddable":true,"href":"https:\/\/gr-100.com\/pt-pt\/wp-json\/wp\/v2\/product_cat?post=425263"},{"taxonomy":"product_tag","embeddable":true,"href":"https:\/\/gr-100.com\/pt-pt\/wp-json\/wp\/v2\/product_tag?post=425263"}],"curies":[{"name":"wp","href":"https:\/\/api.w.org\/{rel}","templated":true}]}}