{"id":425273,"date":"2025-05-15T12:07:34","date_gmt":"2025-05-15T11:07:34","guid":{"rendered":"https:\/\/gr-100.com\/producto\/specialized-enduro-pro-25\/"},"modified":"2025-05-15T12:07:34","modified_gmt":"2025-05-15T10:07:34","slug":"specialized-enduro-pro-25","status":"publish","type":"product","link":"https:\/\/gr-100.com\/pt-pt\/producto\/specialized-enduro-pro-25\/","title":{"rendered":"Specialized Enduro Pro 25"},"content":{"rendered":"<p>La Enduro Pro siempre ha sido una bicicleta potente, y nunca antes hab\u00eda sido tan efectiva. Ofrece 170 mil\u00edmetros del m\u00e1ximo rendimiento en descenso, que gana altura con sorprendente facilidad. La suspensi\u00f3n RockShox premium, los frenos SRAM Maven Silver de 4 pistones, la transmisi\u00f3n SRAM Eagle XO T-TYPE AXS y un juego de ruedas Roval Traverse HD i9 la completan.  <\/p>\n<ul>\n<li>INCRE\u00cdBLEMENTE CAPACITADA: Si la Enduro se parece a su hermana, la Demo, es porque comparten un gran ADN de descenso. Un recorrido del eje m\u00e1s retrasado reduce el enganche de la rueda en impactos fuertes. Un amortiguador bajo y adelantado la mantiene firme y segura a altas velocidades. La rigidez equilibrada del chasis ayuda a que la direcci\u00f3n delantera sea precisa y mantiene la trasera en una trayectoria impecable. S\u00famalo todo, y tendr\u00e1s una bicicleta que se r\u00ede de los senderos m\u00e1s empinados y rocosos.    <\/li>\n<li>ASOMBROSAMENTE R\u00c1PIDA, SUBIENDO Y BAJANDO: Pisa a fondo los pedales y la nueva Enduro acelera mucho m\u00e1s r\u00e1pido de lo que esperar\u00edas de una potente bicicleta de descenso. Para empezar, aumentamos el anti-squat, para que la suspensi\u00f3n resista mejor el balanceo del pedal. Despu\u00e9s, para aumentar su eficiencia, redirigimos el \u00e1ngulo de las vainas y las bieletas superiores del amortiguador para un dise\u00f1o mucho m\u00e1s eficiente. \u00bfEl resultado final? Menos balanceo, m\u00e1s velocidad.    <\/li>\n<li>LA VELOCIDAD COMIENZA CON EL AJUSTE: La velocidad y el ajuste no son incompatibles, por eso la geometr\u00eda progresiva de la Enduro ha sido dise\u00f1ada para subir y bajar. Para empezar, los tubos del sill\u00edn y la altura del stack no aumentan dr\u00e1sticamente entre tallas, lo que significa que ahora puedes elegir una talla de cuadro seg\u00fan tu altura y estilo de conducci\u00f3n. Combina este estilo de talla con un \u00e1ngulo de direcci\u00f3n m\u00e1s relajado, un alcance m\u00e1s largo y un tubo del sill\u00edn m\u00e1s inclinado en toda la l\u00ednea, y tendr\u00e1s una bicicleta m\u00e1s r\u00e1pida y capaz, sin importar la talla.  <\/li>\n<li>M\u00c1S IMPLACABLE QUE T\u00da: Nuestras bicicletas de doble suspensi\u00f3n est\u00e1n dise\u00f1adas para ser implacables, dise\u00f1adas para soportar a\u00f1os de conducci\u00f3n exigente y respaldadas por el mejor soporte y pol\u00edticas para mantenerte en el camino. Nuestra inigualable sustituci\u00f3n de los rodamientos de pivote de la suspensi\u00f3n de por vida, sin preguntas, al propietario original es solo una de las maneras en que te tenemos cubierto. <\/li>\n<li>ESPECIFICA\u00c7\u00d5ES T\u00c9CNICAS<\/li>\n<li>SWAT Armazenamento interno SWAT downtube<\/li>\n<li>Liga de sela, 38.6mm<\/li>\n<li>CUADRO FACT 11m carbon chassis and rear-end, 29 S-Sizing Enduro Race Geometry, SRAM Universal Derailleur Hanger, SWAT\u2122 Door integration, threaded BB, internal cable routing, 12x148mm dropouts, sealed cartridge bearing pivots, 170mm of travel<\/li>\n<li>HORQUILLA RockShox Zeb Ultimate, Charger 3.1 damper, 15x110mm, 44mm offset, 170mm of travel<\/li>\n<li>AMORTIGUADOR RockShox Vivid Ultimate, Ride Dynamics Trail Tune, adjustable hydraulic bottom out, adjustable rebound and high\/low speed compression, 205&#215;60, Trunnion<\/li>\n<li>FRENO DELANTERO SRAM Maven Silver, 4-piston caliper, hydraulic disc, 220mm<\/li>\n<li>FRENO TRASERO SRAM Maven Silver, 4-piston caliper, hydraulic disc, 200mm<\/li>\n<li>CAJA PEDALIER SRAM DUB, BSA 73mm Wide, Threaded<\/li>\n<li>MANDOS DE CAMBI SRAM AXS POD Controller<\/li>\n<li>PEDALIER SRAM X0 Eagle Crankset, 32T ring, S2-S3:165mm, S5-S6: 170mm<\/li>\n<li>CADENA SRAM X0 Eagle Transmission Flattop Chain<\/li>\n<li>CAMBIO SRAM X0 Eagle Transmission Derailleur<\/li>\n<li>CASETE SRAM X0 Eagle Transmission Cassette, 12spd, 10-52t<\/li>\n<li>LLANTAS Roval Traverse HD, hookless carbon, 30mm inner width, tubeless ready<\/li>\n<li>BUJE DELANTERO Industry 9 1\/1, 15x110mm, 28h<\/li>\n<li>NEUM\u00c1TICO TRASERO Butcher, GRID GRAVITY casing, GRIPTON\u00ae T9 compound, 2Bliss Ready, 29&#215;2.3&#8243;<\/li>\n<li>PNEU. Talho, carca\u00e7a GRID TRAIL, composto GRIPTON\u00ae T9, 2Bliss Ready, 29&#215;2.3&#8243; <\/li>\n<li>BUJE TRASERO Industry 9 1\/1, 12x148mm, 32h<\/li>\n<li>RADIOS Sapim D-Light<\/li>\n<li>C\u00c2MERAS Standard, v\u00e1lvula Presta<\/li>\n<li>Divindade Lockjaw GRIPS<\/li>\n<li>MANILLAR Roval Traverse SL Carbon, riser bar, 6-degree upsweep, 8-degree backsweep, 30mm rise, S2: 780mm: S3-S5: 800mm<\/li>\n<li>SILL\u00cdN Bridge Expert with MIMIC, Hollow Ti rails, S2: 155mm, S3-S5: 143mm<\/li>\n<li>TIJA DE SILL\u00cdN Bike Yoke, Revive Max, 34.9, S2-S3: 160mm, S4-S5: 185mm<\/li>\n<li>POTENCIA Industry 9 Moutain stem, 35mm clamp, 40mm length<\/li>\n<li>Product details<\/li>\n<li>DINAMO 276010<\/li>\n<li>Weight 16.04kg (35 lb, 5.8 oz)<\/li>\n<\/ul>\n","protected":false},"excerpt":{"rendered":"<p>La Enduro Pro siempre ha sido una bicicleta potente, y nunca antes hab\u00eda sido tan efectiva. Ofrece 170 mil\u00edmetros del m\u00e1ximo rendimiento en descenso, que gana altura con sorprendente facilidad. La suspensi\u00f3n RockShox premium, los frenos SRAM Maven Silver de 4 pistones, la transmisi\u00f3n SRAM Eagle XO T-TYPE AXS y un juego de ruedas Roval Traverse HD i9 la completan.  <\/p>\n","protected":false},"featured_media":408503,"comment_status":"open","ping_status":"closed","template":"","meta":{"_acf_changed":false,"_et_pb_use_builder":"","_et_pb_old_content":"","_et_gb_content_width":"","inline_featured_image":false},"product_brand":[],"product_cat":[5377,5378,5376,5375,5374,4353,402,403],"product_tag":[],"class_list":{"0":"post-425273","1":"product","2":"type-product","3":"status-publish","4":"has-post-thumbnail","6":"product_cat-bicicletas-de-montanha-com-suspensao-dupla","7":"product_cat-bicicletas-de-montanha-de-29","8":"product_cat-bicicletas-de-montanha-em-carbono","9":"product_cat-bicicletas-de-montanha-specialized","10":"product_cat-descontos","11":"product_cat-liquidacion-specialized","12":"product_cat-montanha","13":"product_cat-outlet-pt-pt","15":"first","16":"instock","17":"sale","18":"taxable","19":"shipping-taxable","20":"purchasable","21":"product-type-variable","22":"wvs-archive-product-wrapper"},"acf":[],"yoast_head":"<!-- This site is optimized with the Yoast SEO Premium plugin v26.7 (Yoast SEO v26.7) - https:\/\/yoast.com\/wordpress\/plugins\/seo\/ -->\n<title>Specialized Enduro Pro 25 GR-100 Specialized Enduro Pro 25<\/title>\n<meta name=\"description\" content=\"La Enduro Pro siempre ha sido una bicicleta potente, y nunca antes hab\u00eda sido tan efectiva. Ofrece 170 mil\u00edmetros del m\u00e1ximo rendimiento en descenso,\" \/>\n<meta name=\"robots\" content=\"index, follow, max-snippet:-1, max-image-preview:large, max-video-preview:-1\" \/>\n<link rel=\"canonical\" href=\"https:\/\/gr-100.com\/pt-pt\/producto\/specialized-enduro-pro-25\/\" \/>\n<meta property=\"og:locale\" content=\"pt_PT\" \/>\n<meta property=\"og:type\" content=\"article\" \/>\n<meta property=\"og:title\" content=\"Specialized Enduro Pro 25\" \/>\n<meta property=\"og:description\" content=\"La Enduro Pro siempre ha sido una bicicleta potente, y nunca antes hab\u00eda sido tan efectiva. Ofrece 170 mil\u00edmetros del m\u00e1ximo rendimiento en descenso,\" \/>\n<meta property=\"og:url\" content=\"https:\/\/gr-100.com\/pt-pt\/producto\/specialized-enduro-pro-25\/\" \/>\n<meta property=\"og:site_name\" content=\"Gr-100 Tienda de ciclismo Specialized\" \/>\n<meta property=\"article:publisher\" content=\"https:\/\/www.facebook.com\/Gr100Bikes\" \/>\n<meta property=\"og:image\" content=\"https:\/\/gr-100.com\/wp-content\/uploads\/2025\/05\/ENDURO-PRO-CYPRMET-IONMET_H.jpg\" \/>\n\t<meta property=\"og:image:width\" content=\"1000\" \/>\n\t<meta property=\"og:image:height\" content=\"1000\" \/>\n\t<meta property=\"og:image:type\" content=\"image\/jpeg\" \/>\n<meta name=\"twitter:card\" content=\"summary_large_image\" \/>\n<meta name=\"twitter:label1\" content=\"Tempo estimado de leitura\" \/>\n\t<meta name=\"twitter:data1\" content=\"3 minutos\" \/>\n<script type=\"application\/ld+json\" class=\"yoast-schema-graph\">{\"@context\":\"https:\/\/schema.org\",\"@graph\":[{\"@type\":\"WebPage\",\"@id\":\"https:\/\/gr-100.com\/pt-pt\/producto\/specialized-enduro-pro-25\/\",\"url\":\"https:\/\/gr-100.com\/pt-pt\/producto\/specialized-enduro-pro-25\/\",\"name\":\"Specialized Enduro Pro 25 GR-100 Specialized Enduro Pro 25\",\"isPartOf\":{\"@id\":\"https:\/\/gr-100.com\/#website\"},\"primaryImageOfPage\":{\"@id\":\"https:\/\/gr-100.com\/pt-pt\/producto\/specialized-enduro-pro-25\/#primaryimage\"},\"image\":{\"@id\":\"https:\/\/gr-100.com\/pt-pt\/producto\/specialized-enduro-pro-25\/#primaryimage\"},\"thumbnailUrl\":\"https:\/\/gr-100.com\/wp-content\/uploads\/2025\/05\/ENDURO-PRO-CYPRMET-IONMET_H.jpg\",\"datePublished\":\"2025-05-15T11:07:34+00:00\",\"description\":\"La Enduro Pro siempre ha sido una bicicleta potente, y nunca antes hab\u00eda sido tan efectiva. Ofrece 170 mil\u00edmetros del m\u00e1ximo rendimiento en descenso,\",\"breadcrumb\":{\"@id\":\"https:\/\/gr-100.com\/pt-pt\/producto\/specialized-enduro-pro-25\/#breadcrumb\"},\"inLanguage\":\"pt-PT\",\"potentialAction\":[{\"@type\":\"ReadAction\",\"target\":[\"https:\/\/gr-100.com\/pt-pt\/producto\/specialized-enduro-pro-25\/\"]}]},{\"@type\":\"ImageObject\",\"inLanguage\":\"pt-PT\",\"@id\":\"https:\/\/gr-100.com\/pt-pt\/producto\/specialized-enduro-pro-25\/#primaryimage\",\"url\":\"https:\/\/gr-100.com\/wp-content\/uploads\/2025\/05\/ENDURO-PRO-CYPRMET-IONMET_H.jpg\",\"contentUrl\":\"https:\/\/gr-100.com\/wp-content\/uploads\/2025\/05\/ENDURO-PRO-CYPRMET-IONMET_H.jpg\",\"width\":1000,\"height\":1000},{\"@type\":\"BreadcrumbList\",\"@id\":\"https:\/\/gr-100.com\/pt-pt\/producto\/specialized-enduro-pro-25\/#breadcrumb\",\"itemListElement\":[{\"@type\":\"ListItem\",\"position\":1,\"name\":\"Portada\",\"item\":\"https:\/\/gr-100.com\/en\/\"},{\"@type\":\"ListItem\",\"position\":2,\"name\":\"Productos\",\"item\":\"https:\/\/gr-100.com\/?post_type=product\"},{\"@type\":\"ListItem\",\"position\":3,\"name\":\"Specialized Enduro Pro 25\"}]},{\"@type\":\"WebSite\",\"@id\":\"https:\/\/gr-100.com\/#website\",\"url\":\"https:\/\/gr-100.com\/\",\"name\":\"Gr-100 Tienda de ciclismo Specialized\",\"description\":\"GR-100 tenemos todas las gamas de bicicletas Specialized al mejor precio.\",\"publisher\":{\"@id\":\"https:\/\/gr-100.com\/#organization\"},\"alternateName\":\"Gr-100 Bikes\",\"potentialAction\":[{\"@type\":\"SearchAction\",\"target\":{\"@type\":\"EntryPoint\",\"urlTemplate\":\"https:\/\/gr-100.com\/?s={search_term_string}\"},\"query-input\":{\"@type\":\"PropertyValueSpecification\",\"valueRequired\":true,\"valueName\":\"search_term_string\"}}],\"inLanguage\":\"pt-PT\"},{\"@type\":\"Organization\",\"@id\":\"https:\/\/gr-100.com\/#organization\",\"name\":\"Gr-100\",\"url\":\"https:\/\/gr-100.com\/\",\"logo\":{\"@type\":\"ImageObject\",\"inLanguage\":\"pt-PT\",\"@id\":\"https:\/\/gr-100.com\/#\/schema\/logo\/image\/\",\"url\":\"https:\/\/gr-100.com\/wp-content\/uploads\/2023\/08\/logo-gr-100-bikes.png\",\"contentUrl\":\"https:\/\/gr-100.com\/wp-content\/uploads\/2023\/08\/logo-gr-100-bikes.png\",\"width\":707,\"height\":284,\"caption\":\"Gr-100\"},\"image\":{\"@id\":\"https:\/\/gr-100.com\/#\/schema\/logo\/image\/\"},\"sameAs\":[\"https:\/\/www.facebook.com\/Gr100Bikes\",\"https:\/\/www.instagram.com\/gr100bikes\/\",\"https:\/\/www.tiktok.com\/@gr100bikes\",\"https:\/\/twitter.com\/gr100mtbteam\",\"https:\/\/www.youtube.com\/c\/GR100Specialized\"]}]}<\/script>\n<!-- \/ Yoast SEO Premium plugin. -->","yoast_head_json":{"title":"Specialized Enduro Pro 25 GR-100 Specialized Enduro Pro 25","description":"La Enduro Pro siempre ha sido una bicicleta potente, y nunca antes hab\u00eda sido tan efectiva. Ofrece 170 mil\u00edmetros del m\u00e1ximo rendimiento en descenso,","robots":{"index":"index","follow":"follow","max-snippet":"max-snippet:-1","max-image-preview":"max-image-preview:large","max-video-preview":"max-video-preview:-1"},"canonical":"https:\/\/gr-100.com\/pt-pt\/producto\/specialized-enduro-pro-25\/","og_locale":"pt_PT","og_type":"article","og_title":"Specialized Enduro Pro 25","og_description":"La Enduro Pro siempre ha sido una bicicleta potente, y nunca antes hab\u00eda sido tan efectiva. Ofrece 170 mil\u00edmetros del m\u00e1ximo rendimiento en descenso,","og_url":"https:\/\/gr-100.com\/pt-pt\/producto\/specialized-enduro-pro-25\/","og_site_name":"Gr-100 Tienda de ciclismo Specialized","article_publisher":"https:\/\/www.facebook.com\/Gr100Bikes","og_image":[{"width":1000,"height":1000,"url":"https:\/\/gr-100.com\/wp-content\/uploads\/2025\/05\/ENDURO-PRO-CYPRMET-IONMET_H.jpg","type":"image\/jpeg"}],"twitter_card":"summary_large_image","twitter_misc":{"Tempo estimado de leitura":"3 minutos"},"schema":{"@context":"https:\/\/schema.org","@graph":[{"@type":"WebPage","@id":"https:\/\/gr-100.com\/pt-pt\/producto\/specialized-enduro-pro-25\/","url":"https:\/\/gr-100.com\/pt-pt\/producto\/specialized-enduro-pro-25\/","name":"Specialized Enduro Pro 25 GR-100 Specialized Enduro Pro 25","isPartOf":{"@id":"https:\/\/gr-100.com\/#website"},"primaryImageOfPage":{"@id":"https:\/\/gr-100.com\/pt-pt\/producto\/specialized-enduro-pro-25\/#primaryimage"},"image":{"@id":"https:\/\/gr-100.com\/pt-pt\/producto\/specialized-enduro-pro-25\/#primaryimage"},"thumbnailUrl":"https:\/\/gr-100.com\/wp-content\/uploads\/2025\/05\/ENDURO-PRO-CYPRMET-IONMET_H.jpg","datePublished":"2025-05-15T11:07:34+00:00","description":"La Enduro Pro siempre ha sido una bicicleta potente, y nunca antes hab\u00eda sido tan efectiva. Ofrece 170 mil\u00edmetros del m\u00e1ximo rendimiento en descenso,","breadcrumb":{"@id":"https:\/\/gr-100.com\/pt-pt\/producto\/specialized-enduro-pro-25\/#breadcrumb"},"inLanguage":"pt-PT","potentialAction":[{"@type":"ReadAction","target":["https:\/\/gr-100.com\/pt-pt\/producto\/specialized-enduro-pro-25\/"]}]},{"@type":"ImageObject","inLanguage":"pt-PT","@id":"https:\/\/gr-100.com\/pt-pt\/producto\/specialized-enduro-pro-25\/#primaryimage","url":"https:\/\/gr-100.com\/wp-content\/uploads\/2025\/05\/ENDURO-PRO-CYPRMET-IONMET_H.jpg","contentUrl":"https:\/\/gr-100.com\/wp-content\/uploads\/2025\/05\/ENDURO-PRO-CYPRMET-IONMET_H.jpg","width":1000,"height":1000},{"@type":"BreadcrumbList","@id":"https:\/\/gr-100.com\/pt-pt\/producto\/specialized-enduro-pro-25\/#breadcrumb","itemListElement":[{"@type":"ListItem","position":1,"name":"Portada","item":"https:\/\/gr-100.com\/en\/"},{"@type":"ListItem","position":2,"name":"Productos","item":"https:\/\/gr-100.com\/?post_type=product"},{"@type":"ListItem","position":3,"name":"Specialized Enduro Pro 25"}]},{"@type":"WebSite","@id":"https:\/\/gr-100.com\/#website","url":"https:\/\/gr-100.com\/","name":"Gr-100 Tienda de ciclismo Specialized","description":"GR-100 tenemos todas las gamas de bicicletas Specialized al mejor precio.","publisher":{"@id":"https:\/\/gr-100.com\/#organization"},"alternateName":"Gr-100 Bikes","potentialAction":[{"@type":"SearchAction","target":{"@type":"EntryPoint","urlTemplate":"https:\/\/gr-100.com\/?s={search_term_string}"},"query-input":{"@type":"PropertyValueSpecification","valueRequired":true,"valueName":"search_term_string"}}],"inLanguage":"pt-PT"},{"@type":"Organization","@id":"https:\/\/gr-100.com\/#organization","name":"Gr-100","url":"https:\/\/gr-100.com\/","logo":{"@type":"ImageObject","inLanguage":"pt-PT","@id":"https:\/\/gr-100.com\/#\/schema\/logo\/image\/","url":"https:\/\/gr-100.com\/wp-content\/uploads\/2023\/08\/logo-gr-100-bikes.png","contentUrl":"https:\/\/gr-100.com\/wp-content\/uploads\/2023\/08\/logo-gr-100-bikes.png","width":707,"height":284,"caption":"Gr-100"},"image":{"@id":"https:\/\/gr-100.com\/#\/schema\/logo\/image\/"},"sameAs":["https:\/\/www.facebook.com\/Gr100Bikes","https:\/\/www.instagram.com\/gr100bikes\/","https:\/\/www.tiktok.com\/@gr100bikes","https:\/\/twitter.com\/gr100mtbteam","https:\/\/www.youtube.com\/c\/GR100Specialized"]}]}},"_links":{"self":[{"href":"https:\/\/gr-100.com\/pt-pt\/wp-json\/wp\/v2\/product\/425273","targetHints":{"allow":["GET"]}}],"collection":[{"href":"https:\/\/gr-100.com\/pt-pt\/wp-json\/wp\/v2\/product"}],"about":[{"href":"https:\/\/gr-100.com\/pt-pt\/wp-json\/wp\/v2\/types\/product"}],"replies":[{"embeddable":true,"href":"https:\/\/gr-100.com\/pt-pt\/wp-json\/wp\/v2\/comments?post=425273"}],"wp:featuredmedia":[{"embeddable":true,"href":"https:\/\/gr-100.com\/pt-pt\/wp-json\/wp\/v2\/media\/408503"}],"wp:attachment":[{"href":"https:\/\/gr-100.com\/pt-pt\/wp-json\/wp\/v2\/media?parent=425273"}],"wp:term":[{"taxonomy":"product_brand","embeddable":true,"href":"https:\/\/gr-100.com\/pt-pt\/wp-json\/wp\/v2\/product_brand?post=425273"},{"taxonomy":"product_cat","embeddable":true,"href":"https:\/\/gr-100.com\/pt-pt\/wp-json\/wp\/v2\/product_cat?post=425273"},{"taxonomy":"product_tag","embeddable":true,"href":"https:\/\/gr-100.com\/pt-pt\/wp-json\/wp\/v2\/product_tag?post=425273"}],"curies":[{"name":"wp","href":"https:\/\/api.w.org\/{rel}","templated":true}]}}