{"id":425337,"date":"2025-05-07T10:38:10","date_gmt":"2025-05-07T09:38:10","guid":{"rendered":"https:\/\/gr-100.com\/producto\/specialized-s-works-epic-8-evo-axs-2026\/"},"modified":"2026-01-07T13:37:12","modified_gmt":"2026-01-07T11:37:12","slug":"specialized-s-works-epic-8-evo-axs-2026","status":"publish","type":"product","link":"https:\/\/gr-100.com\/pt-pt\/producto\/specialized-s-works-epic-8-evo-axs-2026\/","title":{"rendered":"Specialized S-Works Epic 8 EVO AXS 2026"},"content":{"rendered":"<p>Si recorrer singletrack a velocidades vertiginosas y chocar las cinco con tus amigos es tu idea de diversi\u00f3n, la Epic 8 EVO es la bicicleta ideal para ti.<\/p>\n<p><strong>CAPACIDAD INIGUALABLE:<\/strong> La bicicleta de 120 mm m\u00e1s capaz del planeta, a\u00fan m\u00e1s capaz. Te sorprender\u00e1 c\u00f3mo la geometr\u00eda progresiva de la Epic 8 EVO ofrece capacidad para terrenos t\u00e9cnicos junto con un rendimiento r\u00e1pido y eficiente en ascensos y aceleraci\u00f3n. La incre\u00edble rigidez lateral y torsional del chasis tambi\u00e9n se traduce en una conducci\u00f3n de gran precisi\u00f3n. Con un aumento de hasta 130 mm de recorrido delantero para absorber el impacto y una serie de especificaciones adaptadas a los senderos, la Epic 8 EVO se siente como en casa en terrenos dif\u00edciles.   <\/p>\n<p><strong>\u00bfQU\u00c9 IMPULSO?:<\/strong> En comparaci\u00f3n con la generaci\u00f3n anterior, la nueva Epic 8 EVO absorbe un 12 % m\u00e1s de impactos y vibraciones, lo que te deja menos fatigado y te proporciona m\u00e1s potencia a largo plazo. Esto te da la posibilidad de dar otra vuelta (o tres). <\/p>\n<p><strong>DIN\u00c1MICA DE CONDUCCI\u00d3N AJUSTADA:<\/strong> El equipo de Specialized Ride Dynamics desarroll\u00f3 un valvulado personalizado para el nuevo amortiguador de la Epic 8 EVO. Nuestro equipo prescribe las caracter\u00edsticas especiales de amortiguaci\u00f3n para mejorar la experiencia de conducci\u00f3n de forma integral. Al ajustar los amortiguadores junto con los \u00edndices de apalancamiento del chasis y la nueva cinem\u00e1tica, podemos ofrecer una bicicleta que rinde m\u00e1s que la suma de sus componentes.  <\/p>\n<p><strong>EFICIENCIA BIOMEC\u00c1NICA:<\/strong> Al optimizar la cinem\u00e1tica de la suspensi\u00f3n, el equipo de Din\u00e1mica de Pedaleo de Specialized redujo el balanceo ineficiente del pedaleo en un 20%, manteniendo la suspensi\u00f3n activa para una gesti\u00f3n eficaz de la fuerza de impacto, garantizando as\u00ed una posici\u00f3n de pedaleo \u00f3ptima. Es la bicicleta con suspensi\u00f3n de pedaleo m\u00e1s eficiente que hemos probado. <\/p>\n<p><strong>TOTALMENTE EQUIPADA:<\/strong> Todos los modelos ahora incorporan SWAT 4.0 para transportar todo lo esencial para el trail y un tope de direcci\u00f3n integrado para evitar la t\u00edpica cicatriz en el tubo superior en la primera ca\u00edda y el manillar patina.<\/p>\n<p>-La bicicleta de 120 mm m\u00e1s capaz del planeta. 12 % m\u00e1s de absorci\u00f3n de impactos y 20 % menos de balanceo del pedal<br \/>\n-Amortiguador trasero RockShox Deluxe ULTIMATE optimizado por Ride Dynamics, combinado con una RockShox Pike ULTIMATE de 130 mm<br \/>\n-Ruedas de carbono Roval Control SL VI con bujes I9 Solix que destacan en todas partes, desde carreras de la Copa del Mundo de XC hasta tu sendero favorito de fin de semana<br \/>\n-Frenos SRAM Motive Ultimate de 4 pistones de primera calidad que proporcionan una potencia superior<br \/>\n-Transmisi\u00f3n SRAM XX SL T-Type AXS que ofrece el m\u00e1ximo rendimiento en cambios de cross-country<br \/>\n-Tija telesc\u00f3pica RockShox Reverb AXS suave y fiable<br \/>\n-Tubo diagonal SWAT de 4.0 pulgadas para transportar lo esencial del trail<\/p>\n<ul>\n<li>Especificaciones t\u00e9cnicas<br \/>\n<strong>Cuadro<\/strong><br \/>\nS-Works FACT 12m Carbon, Progressive XC Race Geometry, Rider-First Engineered\u2122, almacenamiento SWAT en el tubo diagonal, pedalier roscado, puntera trasera compatible con UDH de 12&#215;148 mm, cableado interno, 120 mm de recorrido, optimizado para transmisi\u00f3n inal\u00e1mbrica y tija de sill\u00edn<br \/>\n<strong>SWAT<\/strong><br \/>\nAlmacenamiento interno SWAT en el tubo diagonal<br \/>\n<strong>Abrazadera de sill\u00edn<\/strong><br \/>\nSpecialized Alloy 34.9, tornillo de titanio<\/li>\n<li>Suspensi\u00f3n<br \/>\n<strong>Amortiguador trasero<\/strong><br \/>\nRockShox Deluxe ULTIMATE, Ride Dynamics Tuned de 2 posiciones, Solo Air, 190&#215;45 mm<br \/>\n<strong>Horquilla<\/strong><br \/>\nRockShox Pike ULTIMATE, DebonAir, ajuste de corona Charger 3.1 RC2 con buttercups, 130 mm de recorrido, 44 \u200b\u200bmm de avance<\/li>\n<li>Frenos<br \/>\n<strong>Freno trasero<\/strong><br \/>\nSRAM Motive Ultimate, pinza de 4 pistones, disco hidr\u00e1ulico, 160 mm Rotor<br \/>\n<strong>Freno delantero<\/strong><br \/>\nSRAM Motive Ultimate, pinza de 4 pistones, disco hidr\u00e1ulico, rotor de 180 mm<\/li>\n<li>Transmiss\u00e3o<br \/>\n<strong>Manetas de cambio<\/strong><br \/>\nMando SRAM AXS POD Ultimate<br \/>\n<strong>Cassette<\/strong><br \/>\nSRAM CS-1299 10-52 dientes<br \/>\n<strong>Caja de pedalier<\/strong><br \/>\nSRAM DUB, BSA 73 mm, roscada<br \/>\n<strong>Cadena<\/strong><br \/>\nSRAM XX SL Eagle<br \/>\n<strong>Desviador trasero<\/strong><br \/>\nSRAM XX SL Eagle AXS<br \/>\n<strong>Platos y bielas<\/strong><br \/>\nPlatos y bielas SRAM XX SL Eagle Power Meter, 170 mm<br \/>\n<strong>Platos<\/strong><br \/>\n32 dientes<\/li>\n<li>Ruedas y cubiertas<br \/>\n<strong>Rueda delantera<\/strong><br \/>\nRoval Control SL VI, carbono Hookless, ancho interior de 29 mm, compatible con tubeless, buje Industry 9 Solix, radios Roval Carbon con terminales de titanio<br \/>\n<strong>Rueda trasera<\/strong><br \/>\nRoval Control SL VI, carbono Hookless, ancho interior de 29 mm, compatible con tubeless, buje Industry 9 Solix, radios Roval Carbon con terminales de titanio<br \/>\n<strong>Rueda trasera Neum\u00e1tico<\/strong><br \/>\nSpecialized Ground Control, carcasa Grid Lite, compuesto T5\/T7, 29&#215;2.35<br \/>\n<strong>Neum\u00e1tico delantero<\/strong><br \/>\nSpecialized Purgatory, carcasa GRID, compuesto T9, 29&#215;2.4<br \/>\n<strong>C\u00e1maras interiores<\/strong><br \/>\nC\u00e1mara Specialized Turbo<\/li>\n<li>Pu\u00f1os<br \/>\nPu\u00f1os Specialized Trail<br \/>\n<strong>Potencia<\/strong><br \/>\nIndustry Nine A35, 50 mm, abrazadera de 35 mm<br \/>\n<strong>Tija de sill\u00edn<\/strong><br \/>\nRockShox Reverb AXS, 30.9 mm, S: 125, M\/L: 150, XL: 175 mm<br \/>\n<strong>Manillar<\/strong><br \/>\nManillar Roval Control Rise Carbon, 780 mm de ancho, 20 mm de altura, 35 mm<br \/>\n<strong>Sill\u00edn<\/strong><br \/>\nSpecialized S-Works Power, ra\u00edles de carbono, 143 mm\/155 mm<br \/>\nDetalles del producto<\/li>\n<li>Peso<br \/>\n<strong>Peso<\/strong><br \/>\n11.58 kg (25 lb, 8.5 oz)<br \/>\nPeso Tama\u00f1o<br \/>\nMD<\/li>\n<\/ul>\n","protected":false},"excerpt":{"rendered":"<p>La bicicleta de descenso m\u00e1s r\u00e1pida del mundo. La Epic 8 EVO es la versi\u00f3n mejorada y optimizada de la nueva Epic 8. Dise\u00f1ada para dominar el descenso con su inigualable combinaci\u00f3n de capacidad, eficiencia y ligereza, la cinem\u00e1tica actualizada de la Epic 8 EVO permite una eficiencia incre\u00edble en ascensos, mientras que el amortiguador Ride Dynamics devora el terreno accidentado en los descensos.  <\/p>\n","protected":false},"featured_media":407286,"comment_status":"open","ping_status":"closed","template":"","meta":{"_acf_changed":false,"_et_pb_use_builder":"","_et_pb_old_content":"","_et_gb_content_width":"","inline_featured_image":false},"product_brand":[],"product_cat":[2459,402],"product_tag":[],"class_list":{"0":"post-425337","1":"product","2":"type-product","3":"status-publish","4":"has-post-thumbnail","6":"product_cat-bicicletas-pt-pt-2","7":"product_cat-montanha","9":"first","10":"instock","11":"taxable","12":"shipping-taxable","13":"purchasable","14":"product-type-variable","15":"wvs-archive-product-wrapper"},"acf":[],"yoast_head":"<!-- This site is optimized with the Yoast SEO Premium plugin v26.7 (Yoast SEO v26.7) - https:\/\/yoast.com\/wordpress\/plugins\/seo\/ -->\n<title>Specialized S-Works Epic 8 EVO AXS 2026 GR-100<\/title>\n<meta name=\"description\" content=\"La bicicleta de descenso m\u00e1s r\u00e1pida del mundo. La Epic 8 EVO es la versi\u00f3n mejorada y optimizada de la nueva Epic 8. Dise\u00f1ada para dominar el descenso\" \/>\n<meta name=\"robots\" content=\"index, follow, max-snippet:-1, max-image-preview:large, max-video-preview:-1\" \/>\n<link rel=\"canonical\" href=\"https:\/\/gr-100.com\/pt-pt\/producto\/specialized-s-works-epic-8-evo-axs-2026\/\" \/>\n<meta property=\"og:locale\" content=\"pt_PT\" \/>\n<meta property=\"og:type\" content=\"article\" \/>\n<meta property=\"og:title\" content=\"Specialized S-Works Epic 8 EVO AXS 2026\" \/>\n<meta property=\"og:description\" content=\"La bicicleta de descenso m\u00e1s r\u00e1pida del mundo. La Epic 8 EVO es la versi\u00f3n mejorada y optimizada de la nueva Epic 8. Dise\u00f1ada para dominar el descenso\" \/>\n<meta property=\"og:url\" content=\"https:\/\/gr-100.com\/pt-pt\/producto\/specialized-s-works-epic-8-evo-axs-2026\/\" \/>\n<meta property=\"og:site_name\" content=\"Gr-100 Tienda de ciclismo Specialized\" \/>\n<meta property=\"article:publisher\" content=\"https:\/\/www.facebook.com\/Gr100Bikes\" \/>\n<meta property=\"article:modified_time\" content=\"2026-01-07T11:37:12+00:00\" \/>\n<meta property=\"og:image\" content=\"https:\/\/gr-100.com\/wp-content\/uploads\/2025\/05\/Diseno-sin-titulo-2025-05-07T113713.270-2.jpg\" \/>\n\t<meta property=\"og:image:width\" content=\"1000\" \/>\n\t<meta property=\"og:image:height\" content=\"1000\" \/>\n\t<meta property=\"og:image:type\" content=\"image\/jpeg\" \/>\n<meta name=\"twitter:card\" content=\"summary_large_image\" \/>\n<meta name=\"twitter:label1\" content=\"Tempo estimado de leitura\" \/>\n\t<meta name=\"twitter:data1\" content=\"4 minutos\" \/>\n<script type=\"application\/ld+json\" class=\"yoast-schema-graph\">{\"@context\":\"https:\/\/schema.org\",\"@graph\":[{\"@type\":\"WebPage\",\"@id\":\"https:\/\/gr-100.com\/pt-pt\/producto\/specialized-s-works-epic-8-evo-axs-2026\/\",\"url\":\"https:\/\/gr-100.com\/pt-pt\/producto\/specialized-s-works-epic-8-evo-axs-2026\/\",\"name\":\"Specialized S-Works Epic 8 EVO AXS 2026 GR-100\",\"isPartOf\":{\"@id\":\"https:\/\/gr-100.com\/#website\"},\"primaryImageOfPage\":{\"@id\":\"https:\/\/gr-100.com\/pt-pt\/producto\/specialized-s-works-epic-8-evo-axs-2026\/#primaryimage\"},\"image\":{\"@id\":\"https:\/\/gr-100.com\/pt-pt\/producto\/specialized-s-works-epic-8-evo-axs-2026\/#primaryimage\"},\"thumbnailUrl\":\"https:\/\/gr-100.com\/wp-content\/uploads\/2025\/05\/Diseno-sin-titulo-2025-05-07T113713.270-2.jpg\",\"datePublished\":\"2025-05-07T09:38:10+00:00\",\"dateModified\":\"2026-01-07T11:37:12+00:00\",\"description\":\"La bicicleta de descenso m\u00e1s r\u00e1pida del mundo. La Epic 8 EVO es la versi\u00f3n mejorada y optimizada de la nueva Epic 8. Dise\u00f1ada para dominar el descenso\",\"breadcrumb\":{\"@id\":\"https:\/\/gr-100.com\/pt-pt\/producto\/specialized-s-works-epic-8-evo-axs-2026\/#breadcrumb\"},\"inLanguage\":\"pt-PT\",\"potentialAction\":[{\"@type\":\"ReadAction\",\"target\":[\"https:\/\/gr-100.com\/pt-pt\/producto\/specialized-s-works-epic-8-evo-axs-2026\/\"]}]},{\"@type\":\"ImageObject\",\"inLanguage\":\"pt-PT\",\"@id\":\"https:\/\/gr-100.com\/pt-pt\/producto\/specialized-s-works-epic-8-evo-axs-2026\/#primaryimage\",\"url\":\"https:\/\/gr-100.com\/wp-content\/uploads\/2025\/05\/Diseno-sin-titulo-2025-05-07T113713.270-2.jpg\",\"contentUrl\":\"https:\/\/gr-100.com\/wp-content\/uploads\/2025\/05\/Diseno-sin-titulo-2025-05-07T113713.270-2.jpg\",\"width\":1000,\"height\":1000},{\"@type\":\"BreadcrumbList\",\"@id\":\"https:\/\/gr-100.com\/pt-pt\/producto\/specialized-s-works-epic-8-evo-axs-2026\/#breadcrumb\",\"itemListElement\":[{\"@type\":\"ListItem\",\"position\":1,\"name\":\"Portada\",\"item\":\"https:\/\/gr-100.com\/en\/\"},{\"@type\":\"ListItem\",\"position\":2,\"name\":\"Productos\",\"item\":\"https:\/\/gr-100.com\/?post_type=product\"},{\"@type\":\"ListItem\",\"position\":3,\"name\":\"Specialized S-Works Epic 8 EVO AXS 2026\"}]},{\"@type\":\"WebSite\",\"@id\":\"https:\/\/gr-100.com\/#website\",\"url\":\"https:\/\/gr-100.com\/\",\"name\":\"Gr-100 Tienda de ciclismo Specialized\",\"description\":\"GR-100 tenemos todas las gamas de bicicletas Specialized al mejor precio.\",\"publisher\":{\"@id\":\"https:\/\/gr-100.com\/#organization\"},\"alternateName\":\"Gr-100 Bikes\",\"potentialAction\":[{\"@type\":\"SearchAction\",\"target\":{\"@type\":\"EntryPoint\",\"urlTemplate\":\"https:\/\/gr-100.com\/?s={search_term_string}\"},\"query-input\":{\"@type\":\"PropertyValueSpecification\",\"valueRequired\":true,\"valueName\":\"search_term_string\"}}],\"inLanguage\":\"pt-PT\"},{\"@type\":\"Organization\",\"@id\":\"https:\/\/gr-100.com\/#organization\",\"name\":\"Gr-100\",\"url\":\"https:\/\/gr-100.com\/\",\"logo\":{\"@type\":\"ImageObject\",\"inLanguage\":\"pt-PT\",\"@id\":\"https:\/\/gr-100.com\/#\/schema\/logo\/image\/\",\"url\":\"https:\/\/gr-100.com\/wp-content\/uploads\/2023\/08\/logo-gr-100-bikes.png\",\"contentUrl\":\"https:\/\/gr-100.com\/wp-content\/uploads\/2023\/08\/logo-gr-100-bikes.png\",\"width\":707,\"height\":284,\"caption\":\"Gr-100\"},\"image\":{\"@id\":\"https:\/\/gr-100.com\/#\/schema\/logo\/image\/\"},\"sameAs\":[\"https:\/\/www.facebook.com\/Gr100Bikes\",\"https:\/\/www.instagram.com\/gr100bikes\/\",\"https:\/\/www.tiktok.com\/@gr100bikes\",\"https:\/\/twitter.com\/gr100mtbteam\",\"https:\/\/www.youtube.com\/c\/GR100Specialized\"]}]}<\/script>\n<!-- \/ Yoast SEO Premium plugin. -->","yoast_head_json":{"title":"Specialized S-Works Epic 8 EVO AXS 2026 GR-100","description":"La bicicleta de descenso m\u00e1s r\u00e1pida del mundo. La Epic 8 EVO es la versi\u00f3n mejorada y optimizada de la nueva Epic 8. Dise\u00f1ada para dominar el descenso","robots":{"index":"index","follow":"follow","max-snippet":"max-snippet:-1","max-image-preview":"max-image-preview:large","max-video-preview":"max-video-preview:-1"},"canonical":"https:\/\/gr-100.com\/pt-pt\/producto\/specialized-s-works-epic-8-evo-axs-2026\/","og_locale":"pt_PT","og_type":"article","og_title":"Specialized S-Works Epic 8 EVO AXS 2026","og_description":"La bicicleta de descenso m\u00e1s r\u00e1pida del mundo. La Epic 8 EVO es la versi\u00f3n mejorada y optimizada de la nueva Epic 8. Dise\u00f1ada para dominar el descenso","og_url":"https:\/\/gr-100.com\/pt-pt\/producto\/specialized-s-works-epic-8-evo-axs-2026\/","og_site_name":"Gr-100 Tienda de ciclismo Specialized","article_publisher":"https:\/\/www.facebook.com\/Gr100Bikes","article_modified_time":"2026-01-07T11:37:12+00:00","og_image":[{"width":1000,"height":1000,"url":"https:\/\/gr-100.com\/wp-content\/uploads\/2025\/05\/Diseno-sin-titulo-2025-05-07T113713.270-2.jpg","type":"image\/jpeg"}],"twitter_card":"summary_large_image","twitter_misc":{"Tempo estimado de leitura":"4 minutos"},"schema":{"@context":"https:\/\/schema.org","@graph":[{"@type":"WebPage","@id":"https:\/\/gr-100.com\/pt-pt\/producto\/specialized-s-works-epic-8-evo-axs-2026\/","url":"https:\/\/gr-100.com\/pt-pt\/producto\/specialized-s-works-epic-8-evo-axs-2026\/","name":"Specialized S-Works Epic 8 EVO AXS 2026 GR-100","isPartOf":{"@id":"https:\/\/gr-100.com\/#website"},"primaryImageOfPage":{"@id":"https:\/\/gr-100.com\/pt-pt\/producto\/specialized-s-works-epic-8-evo-axs-2026\/#primaryimage"},"image":{"@id":"https:\/\/gr-100.com\/pt-pt\/producto\/specialized-s-works-epic-8-evo-axs-2026\/#primaryimage"},"thumbnailUrl":"https:\/\/gr-100.com\/wp-content\/uploads\/2025\/05\/Diseno-sin-titulo-2025-05-07T113713.270-2.jpg","datePublished":"2025-05-07T09:38:10+00:00","dateModified":"2026-01-07T11:37:12+00:00","description":"La bicicleta de descenso m\u00e1s r\u00e1pida del mundo. La Epic 8 EVO es la versi\u00f3n mejorada y optimizada de la nueva Epic 8. Dise\u00f1ada para dominar el descenso","breadcrumb":{"@id":"https:\/\/gr-100.com\/pt-pt\/producto\/specialized-s-works-epic-8-evo-axs-2026\/#breadcrumb"},"inLanguage":"pt-PT","potentialAction":[{"@type":"ReadAction","target":["https:\/\/gr-100.com\/pt-pt\/producto\/specialized-s-works-epic-8-evo-axs-2026\/"]}]},{"@type":"ImageObject","inLanguage":"pt-PT","@id":"https:\/\/gr-100.com\/pt-pt\/producto\/specialized-s-works-epic-8-evo-axs-2026\/#primaryimage","url":"https:\/\/gr-100.com\/wp-content\/uploads\/2025\/05\/Diseno-sin-titulo-2025-05-07T113713.270-2.jpg","contentUrl":"https:\/\/gr-100.com\/wp-content\/uploads\/2025\/05\/Diseno-sin-titulo-2025-05-07T113713.270-2.jpg","width":1000,"height":1000},{"@type":"BreadcrumbList","@id":"https:\/\/gr-100.com\/pt-pt\/producto\/specialized-s-works-epic-8-evo-axs-2026\/#breadcrumb","itemListElement":[{"@type":"ListItem","position":1,"name":"Portada","item":"https:\/\/gr-100.com\/en\/"},{"@type":"ListItem","position":2,"name":"Productos","item":"https:\/\/gr-100.com\/?post_type=product"},{"@type":"ListItem","position":3,"name":"Specialized S-Works Epic 8 EVO AXS 2026"}]},{"@type":"WebSite","@id":"https:\/\/gr-100.com\/#website","url":"https:\/\/gr-100.com\/","name":"Gr-100 Tienda de ciclismo Specialized","description":"GR-100 tenemos todas las gamas de bicicletas Specialized al mejor precio.","publisher":{"@id":"https:\/\/gr-100.com\/#organization"},"alternateName":"Gr-100 Bikes","potentialAction":[{"@type":"SearchAction","target":{"@type":"EntryPoint","urlTemplate":"https:\/\/gr-100.com\/?s={search_term_string}"},"query-input":{"@type":"PropertyValueSpecification","valueRequired":true,"valueName":"search_term_string"}}],"inLanguage":"pt-PT"},{"@type":"Organization","@id":"https:\/\/gr-100.com\/#organization","name":"Gr-100","url":"https:\/\/gr-100.com\/","logo":{"@type":"ImageObject","inLanguage":"pt-PT","@id":"https:\/\/gr-100.com\/#\/schema\/logo\/image\/","url":"https:\/\/gr-100.com\/wp-content\/uploads\/2023\/08\/logo-gr-100-bikes.png","contentUrl":"https:\/\/gr-100.com\/wp-content\/uploads\/2023\/08\/logo-gr-100-bikes.png","width":707,"height":284,"caption":"Gr-100"},"image":{"@id":"https:\/\/gr-100.com\/#\/schema\/logo\/image\/"},"sameAs":["https:\/\/www.facebook.com\/Gr100Bikes","https:\/\/www.instagram.com\/gr100bikes\/","https:\/\/www.tiktok.com\/@gr100bikes","https:\/\/twitter.com\/gr100mtbteam","https:\/\/www.youtube.com\/c\/GR100Specialized"]}]}},"_links":{"self":[{"href":"https:\/\/gr-100.com\/pt-pt\/wp-json\/wp\/v2\/product\/425337","targetHints":{"allow":["GET"]}}],"collection":[{"href":"https:\/\/gr-100.com\/pt-pt\/wp-json\/wp\/v2\/product"}],"about":[{"href":"https:\/\/gr-100.com\/pt-pt\/wp-json\/wp\/v2\/types\/product"}],"replies":[{"embeddable":true,"href":"https:\/\/gr-100.com\/pt-pt\/wp-json\/wp\/v2\/comments?post=425337"}],"wp:featuredmedia":[{"embeddable":true,"href":"https:\/\/gr-100.com\/pt-pt\/wp-json\/wp\/v2\/media\/407286"}],"wp:attachment":[{"href":"https:\/\/gr-100.com\/pt-pt\/wp-json\/wp\/v2\/media?parent=425337"}],"wp:term":[{"taxonomy":"product_brand","embeddable":true,"href":"https:\/\/gr-100.com\/pt-pt\/wp-json\/wp\/v2\/product_brand?post=425337"},{"taxonomy":"product_cat","embeddable":true,"href":"https:\/\/gr-100.com\/pt-pt\/wp-json\/wp\/v2\/product_cat?post=425337"},{"taxonomy":"product_tag","embeddable":true,"href":"https:\/\/gr-100.com\/pt-pt\/wp-json\/wp\/v2\/product_tag?post=425337"}],"curies":[{"name":"wp","href":"https:\/\/api.w.org\/{rel}","templated":true}]}}