{"id":425460,"date":"2025-04-24T09:57:47","date_gmt":"2025-04-24T08:57:47","guid":{"rendered":"https:\/\/gr-100.com\/producto\/specialized-epic-8-expert-axs-2026\/"},"modified":"2025-04-24T09:57:47","modified_gmt":"2025-04-24T07:57:47","slug":"specialized-epic-8-expert-axs-2026","status":"publish","type":"product","link":"https:\/\/gr-100.com\/pt-pt\/producto\/specialized-epic-8-expert-axs-2026\/","title":{"rendered":"Specialized Epic 8 Expert AXS 2026"},"content":{"rendered":"<p>Si eres corredor de XC o priorizas la velocidad absoluta, la Epic 8 es para ti.<\/p>\n<p>CAPACIDAD SIN IGUAL<br \/>\nLa bicicleta de 120 mm m\u00e1s capaz del planeta. Te sorprender\u00e1 c\u00f3mo la geometr\u00eda progresiva de la Epic 8 ofrece gran rendimiento en terrenos t\u00e9cnicos, combinada con una escalada y aceleraci\u00f3n r\u00e1pida y eficiente. Su absurda rigidez lateral y torsional brinda una conducci\u00f3n con precisi\u00f3n quir\u00fargica.  <\/p>\n<p>\u00bfBACHES? \u00bfCU\u00c1LES BACHES?<br \/>\nLa nueva Epic 8 absorbe un 12% m\u00e1s de impactos y vibraciones que su antecesora. \u00bfEl resultado? Menos fatiga y m\u00e1s potencia con el paso del tiempo. T\u00fa sigues empujando mientras los dem\u00e1s sufren.   <\/p>\n<p>AJUSTADA POR RIDE DYNAMICS<br \/>\nEl equipo de Specialized Ride Dynamics desarroll\u00f3 una amortiguaci\u00f3n personalizada para el nuevo amortiguador de la Epic 8. Al trabajar en conjunto con la cinem\u00e1tica y la tasa de palanca del cuadro, se logr\u00f3 una experiencia de conducci\u00f3n m\u00e1s all\u00e1 de la suma de sus partes. <\/p>\n<p>EFICIENCIA BIOMEC\u00c1NICA<br \/>\nLa suspensi\u00f3n ha sido optimizada para reducir en un 20% el movimiento indeseado al pedalear, manteniendo una suspensi\u00f3n activa que gestiona los impactos de forma eficiente. Es la bicicleta de suspensi\u00f3n completa m\u00e1s eficiente para pedalear que hemos probado. <\/p>\n<p>M\u00c1S POR MENOS<br \/>\nLa nueva Epic 8 no a\u00f1ade ni un solo gramo extra para ofrecer capacidades extremas. Todos los modelos ahora incorporan SWAT 4.0, para llevar tus esenciales del trail, y un tope de direcci\u00f3n integrado para proteger el tubo superior en ca\u00eddas. Incluso el cuadro de la S-Works Epic 8 ha perdido 76 gramos con estas nuevas caracter\u00edsticas.  <\/p>\n<p><strong>Especificaciones T\u00e9cnicas<\/strong><\/p>\n<ul>\n<li>Cuadro<br \/>\n<strong>Cuadro<\/strong><br \/>\nCarbono FACT 11m, geometr\u00eda progresiva de XC, Rider-First Engineered\u2122, almacenamiento<br \/>\nSWAT en el tubo inferior, caja de pedalier roscada, puntera UDH 12&#215;148 mm, guiado interno de cables, recorrido de 120 mm.<br \/>\n<strong>SWAT<\/strong><br \/>\nAlmacenamiento interno en tubo inferior<br \/>\n<strong>Abrazadera de sill\u00edn<\/strong><br \/>\nAleaci\u00f3n Specialized 34,9 mm, tornillo de acero<\/li>\n<li>Suspensi\u00f3n<br \/>\n<strong>Amortiguador trasero<\/strong><br \/>\nRockShox SIDLuxe Select+, 3 posiciones, Solo Air, ajuste remoto TwistLoc, 190&#215;45 mm<br \/>\n<strong>Horquilla<\/strong><br \/>\nRockShox SID Select+, 3 posiciones, Debon Air, eje 15&#215;110 mm, offset de 44 mm, 120 mm de recorrido<\/li>\n<li>Frenos<br \/>\n<strong>Freno delantero<\/strong><br \/>\nSRAM Motive Bronze, 4 pistones, disco hidr\u00e1ulico, rotor de 180 mm<br \/>\n<strong>Freno trasero<\/strong><br \/>\nSRAM Motive Bronze, 4 pistones, disco hidr\u00e1ulico, rotor de 160 mm<\/li>\n<li>Transmiss\u00e3o<br \/>\n<strong>Maneta de cambio<\/strong><br \/>\nSRAM AXS POD Controller<br \/>\n<strong>Cambio trasero<\/strong><br \/>\nSRAM GX Eagle AXS<br \/>\n<strong>Transmission<\/strong><br \/>\nSRAM GX Eagle Transmission, 12 velocidades, Flattop<br \/>\n<strong>Bielas<\/strong><br \/>\nSRAM GX Eagle DUB, 165\/170\/175 mm<br \/>\n<strong>Caja de pedalier<\/strong><br \/>\nSRAM DUB, roscado, ancho Wide<br \/>\n<strong>Cassette<\/strong><br \/>\nSRAM XG-1275 T-Type, 12 velocidades, 10-52 dientes<br \/>\n<strong>Plato<\/strong><br \/>\n34 dientes<\/li>\n<li>Ruedas y Neum\u00e1ticos<br \/>\n<strong>Rueda delantera<\/strong><br \/>\nRoval Control SL V, carbono hookless, ancho interno 29 mm, tubeless ready, buje DT<br \/>\n370, radios Sapim D-Light<br \/>\n<strong>Rueda trasera<\/strong><br \/>\nRoval Control SL V, carbono hookless, ancho interno 29 mm, tubeless ready, buje DT<br \/>\n370, radios Sapim D-Light<br \/>\n<strong>Neum\u00e1tico delantero<\/strong><br \/>\nSpecialized Fast Trak, carcasa Flex Lite, compuesto T5\/T7, 29&#215;2.35<br \/>\n<strong>Neum\u00e1tico trasero<\/strong><br \/>\nSpecialized Air Trak, carcasa Flex Lite, compuesto T5\/T7, 29&#215;2.35<br \/>\n<strong>C\u00e1maras<\/strong><br \/>\nSpecialized Turbo Tube<\/li>\n<li>Cockpit<br \/>\n<strong>Sill\u00edn<\/strong><br \/>\nBody Geometry Power Sport, ra\u00edles de acero<br \/>\n<strong>Pu\u00f1os<\/strong><br \/>\nSRAM Slip-on con Twist-Loc<br \/>\n<strong>Manillar<\/strong><br \/>\nAleaci\u00f3n Specialized Minirise, 10 mm de elevaci\u00f3n, 750 mm de ancho, abrazadera de 31,8 mm<br \/>\n<strong>Potencia<\/strong><br \/>\nSpecialized XC, aleaci\u00f3n forjada 3D, 4 tornillos, 6\u00b0 de inclinaci\u00f3n<br \/>\n<strong>Tija<\/strong><br \/>\nX-Fusion Manic, 30,9 mm, 125\/150\/170 mm de recorrido, 0 mm de retroceso<\/li>\n<li>Detalles<br \/>\n<strong>Peso<\/strong><br \/>\n11.15 kg (24 lb, 9.3 oz)<br \/>\nTalla del peso especificado: M (mediana)<\/li>\n<\/ul>\n","protected":false},"excerpt":{"rendered":"<p>La nueva Epic 8 revoluciona la f\u00f3rmula de velocidad combinando capacidad, eficiencia e integraci\u00f3n ligera. Las pistas de XC modernas exigen cada vez m\u00e1s, y la Epic 8 est\u00e1 lista para enfrentarlas. Su cinem\u00e1tica mejorada la convierte en la bicicleta con el pedaleo m\u00e1s eficiente que hemos probado, mientras que los amortiguadores personalizados absorben cada irregularidad del terreno.   Ele \u00e9 um lobo em roupas de lobo.<\/p>\n","protected":false},"featured_media":415093,"comment_status":"open","ping_status":"closed","template":"","meta":{"_acf_changed":false,"_et_pb_use_builder":"","_et_pb_old_content":"","_et_gb_content_width":"","inline_featured_image":false},"product_brand":[],"product_cat":[5377,5379,5378,5376,5375,2459,402],"product_tag":[],"class_list":{"0":"post-425460","1":"product","2":"type-product","3":"status-publish","4":"has-post-thumbnail","6":"product_cat-bicicletas-de-montanha-com-suspensao-dupla","7":"product_cat-bicicletas-de-montanha-cross-country-xc","8":"product_cat-bicicletas-de-montanha-de-29","9":"product_cat-bicicletas-de-montanha-em-carbono","10":"product_cat-bicicletas-de-montanha-specialized","11":"product_cat-bicicletas-pt-pt-2","12":"product_cat-montanha","14":"first","15":"instock","16":"taxable","17":"shipping-taxable","18":"purchasable","19":"product-type-variable","20":"wvs-archive-product-wrapper"},"acf":[],"yoast_head":"<!-- This site is optimized with the Yoast SEO Premium plugin v26.7 (Yoast SEO v26.7) - https:\/\/yoast.com\/wordpress\/plugins\/seo\/ -->\n<title>Specialized Epic 8 Expert AXS 2026 GR-100<\/title>\n<meta name=\"description\" content=\"La nueva Epic 8 revoluciona la f\u00f3rmula de velocidad combinando capacidad, eficiencia e integraci\u00f3n ligera. Las pistas de XC modernas exigen cada vez m\u00e1s\" \/>\n<meta name=\"robots\" content=\"index, follow, max-snippet:-1, max-image-preview:large, max-video-preview:-1\" \/>\n<link rel=\"canonical\" href=\"https:\/\/gr-100.com\/producto\/specialized-epic-8-expert-2026\/\" \/>\n<meta property=\"og:locale\" content=\"pt_PT\" \/>\n<meta property=\"og:type\" content=\"article\" \/>\n<meta property=\"og:title\" content=\"Specialized Epic 8 Expert AXS 2026\" \/>\n<meta property=\"og:description\" content=\"La nueva Epic 8 revoluciona la f\u00f3rmula de velocidad combinando capacidad, eficiencia e integraci\u00f3n ligera. Las pistas de XC modernas exigen cada vez m\u00e1s\" \/>\n<meta property=\"og:url\" content=\"https:\/\/gr-100.com\/producto\/specialized-epic-8-expert-2026\/\" \/>\n<meta property=\"og:site_name\" content=\"Gr-100 Tienda de ciclismo Specialized\" \/>\n<meta property=\"article:publisher\" content=\"https:\/\/www.facebook.com\/Gr100Bikes\" \/>\n<meta property=\"og:image\" content=\"https:\/\/gr-100.com\/wp-content\/uploads\/2025\/04\/Epic-8-Expert-2.jpg\" \/>\n\t<meta property=\"og:image:width\" content=\"1000\" \/>\n\t<meta property=\"og:image:height\" content=\"1000\" \/>\n\t<meta property=\"og:image:type\" content=\"image\/jpeg\" \/>\n<meta name=\"twitter:card\" content=\"summary_large_image\" \/>\n<meta name=\"twitter:label1\" content=\"Tempo estimado de leitura\" \/>\n\t<meta name=\"twitter:data1\" content=\"3 minutos\" \/>\n<script type=\"application\/ld+json\" class=\"yoast-schema-graph\">{\"@context\":\"https:\/\/schema.org\",\"@graph\":[{\"@type\":\"WebPage\",\"@id\":\"https:\/\/gr-100.com\/producto\/specialized-epic-8-expert-2026\/\",\"url\":\"https:\/\/gr-100.com\/producto\/specialized-epic-8-expert-2026\/\",\"name\":\"Specialized Epic 8 Expert AXS 2026 GR-100\",\"isPartOf\":{\"@id\":\"https:\/\/gr-100.com\/#website\"},\"primaryImageOfPage\":{\"@id\":\"https:\/\/gr-100.com\/producto\/specialized-epic-8-expert-2026\/#primaryimage\"},\"image\":{\"@id\":\"https:\/\/gr-100.com\/producto\/specialized-epic-8-expert-2026\/#primaryimage\"},\"thumbnailUrl\":\"https:\/\/gr-100.com\/wp-content\/uploads\/2025\/04\/Epic-8-Expert-2.jpg\",\"datePublished\":\"2025-04-24T08:57:47+00:00\",\"description\":\"La nueva Epic 8 revoluciona la f\u00f3rmula de velocidad combinando capacidad, eficiencia e integraci\u00f3n ligera. Las pistas de XC modernas exigen cada vez m\u00e1s\",\"breadcrumb\":{\"@id\":\"https:\/\/gr-100.com\/producto\/specialized-epic-8-expert-2026\/#breadcrumb\"},\"inLanguage\":\"pt-PT\",\"potentialAction\":[{\"@type\":\"ReadAction\",\"target\":[\"https:\/\/gr-100.com\/producto\/specialized-epic-8-expert-2026\/\"]}]},{\"@type\":\"ImageObject\",\"inLanguage\":\"pt-PT\",\"@id\":\"https:\/\/gr-100.com\/producto\/specialized-epic-8-expert-2026\/#primaryimage\",\"url\":\"https:\/\/gr-100.com\/wp-content\/uploads\/2025\/04\/Epic-8-Expert-2.jpg\",\"contentUrl\":\"https:\/\/gr-100.com\/wp-content\/uploads\/2025\/04\/Epic-8-Expert-2.jpg\",\"width\":1000,\"height\":1000},{\"@type\":\"BreadcrumbList\",\"@id\":\"https:\/\/gr-100.com\/producto\/specialized-epic-8-expert-2026\/#breadcrumb\",\"itemListElement\":[{\"@type\":\"ListItem\",\"position\":1,\"name\":\"Portada\",\"item\":\"https:\/\/gr-100.com\/en\/\"},{\"@type\":\"ListItem\",\"position\":2,\"name\":\"Productos\",\"item\":\"https:\/\/gr-100.com\/?post_type=product\"},{\"@type\":\"ListItem\",\"position\":3,\"name\":\"Specialized Epic 8 Expert AXS 2026\"}]},{\"@type\":\"WebSite\",\"@id\":\"https:\/\/gr-100.com\/#website\",\"url\":\"https:\/\/gr-100.com\/\",\"name\":\"Gr-100 Tienda de ciclismo Specialized\",\"description\":\"GR-100 tenemos todas las gamas de bicicletas Specialized al mejor precio.\",\"publisher\":{\"@id\":\"https:\/\/gr-100.com\/#organization\"},\"alternateName\":\"Gr-100 Bikes\",\"potentialAction\":[{\"@type\":\"SearchAction\",\"target\":{\"@type\":\"EntryPoint\",\"urlTemplate\":\"https:\/\/gr-100.com\/?s={search_term_string}\"},\"query-input\":{\"@type\":\"PropertyValueSpecification\",\"valueRequired\":true,\"valueName\":\"search_term_string\"}}],\"inLanguage\":\"pt-PT\"},{\"@type\":\"Organization\",\"@id\":\"https:\/\/gr-100.com\/#organization\",\"name\":\"Gr-100\",\"url\":\"https:\/\/gr-100.com\/\",\"logo\":{\"@type\":\"ImageObject\",\"inLanguage\":\"pt-PT\",\"@id\":\"https:\/\/gr-100.com\/#\/schema\/logo\/image\/\",\"url\":\"https:\/\/gr-100.com\/wp-content\/uploads\/2023\/08\/logo-gr-100-bikes.png\",\"contentUrl\":\"https:\/\/gr-100.com\/wp-content\/uploads\/2023\/08\/logo-gr-100-bikes.png\",\"width\":707,\"height\":284,\"caption\":\"Gr-100\"},\"image\":{\"@id\":\"https:\/\/gr-100.com\/#\/schema\/logo\/image\/\"},\"sameAs\":[\"https:\/\/www.facebook.com\/Gr100Bikes\",\"https:\/\/www.instagram.com\/gr100bikes\/\",\"https:\/\/www.tiktok.com\/@gr100bikes\",\"https:\/\/twitter.com\/gr100mtbteam\",\"https:\/\/www.youtube.com\/c\/GR100Specialized\"]}]}<\/script>\n<!-- \/ Yoast SEO Premium plugin. -->","yoast_head_json":{"title":"Specialized Epic 8 Expert AXS 2026 GR-100","description":"La nueva Epic 8 revoluciona la f\u00f3rmula de velocidad combinando capacidad, eficiencia e integraci\u00f3n ligera. Las pistas de XC modernas exigen cada vez m\u00e1s","robots":{"index":"index","follow":"follow","max-snippet":"max-snippet:-1","max-image-preview":"max-image-preview:large","max-video-preview":"max-video-preview:-1"},"canonical":"https:\/\/gr-100.com\/producto\/specialized-epic-8-expert-2026\/","og_locale":"pt_PT","og_type":"article","og_title":"Specialized Epic 8 Expert AXS 2026","og_description":"La nueva Epic 8 revoluciona la f\u00f3rmula de velocidad combinando capacidad, eficiencia e integraci\u00f3n ligera. Las pistas de XC modernas exigen cada vez m\u00e1s","og_url":"https:\/\/gr-100.com\/producto\/specialized-epic-8-expert-2026\/","og_site_name":"Gr-100 Tienda de ciclismo Specialized","article_publisher":"https:\/\/www.facebook.com\/Gr100Bikes","og_image":[{"width":1000,"height":1000,"url":"https:\/\/gr-100.com\/wp-content\/uploads\/2025\/04\/Epic-8-Expert-2.jpg","type":"image\/jpeg"}],"twitter_card":"summary_large_image","twitter_misc":{"Tempo estimado de leitura":"3 minutos"},"schema":{"@context":"https:\/\/schema.org","@graph":[{"@type":"WebPage","@id":"https:\/\/gr-100.com\/producto\/specialized-epic-8-expert-2026\/","url":"https:\/\/gr-100.com\/producto\/specialized-epic-8-expert-2026\/","name":"Specialized Epic 8 Expert AXS 2026 GR-100","isPartOf":{"@id":"https:\/\/gr-100.com\/#website"},"primaryImageOfPage":{"@id":"https:\/\/gr-100.com\/producto\/specialized-epic-8-expert-2026\/#primaryimage"},"image":{"@id":"https:\/\/gr-100.com\/producto\/specialized-epic-8-expert-2026\/#primaryimage"},"thumbnailUrl":"https:\/\/gr-100.com\/wp-content\/uploads\/2025\/04\/Epic-8-Expert-2.jpg","datePublished":"2025-04-24T08:57:47+00:00","description":"La nueva Epic 8 revoluciona la f\u00f3rmula de velocidad combinando capacidad, eficiencia e integraci\u00f3n ligera. Las pistas de XC modernas exigen cada vez m\u00e1s","breadcrumb":{"@id":"https:\/\/gr-100.com\/producto\/specialized-epic-8-expert-2026\/#breadcrumb"},"inLanguage":"pt-PT","potentialAction":[{"@type":"ReadAction","target":["https:\/\/gr-100.com\/producto\/specialized-epic-8-expert-2026\/"]}]},{"@type":"ImageObject","inLanguage":"pt-PT","@id":"https:\/\/gr-100.com\/producto\/specialized-epic-8-expert-2026\/#primaryimage","url":"https:\/\/gr-100.com\/wp-content\/uploads\/2025\/04\/Epic-8-Expert-2.jpg","contentUrl":"https:\/\/gr-100.com\/wp-content\/uploads\/2025\/04\/Epic-8-Expert-2.jpg","width":1000,"height":1000},{"@type":"BreadcrumbList","@id":"https:\/\/gr-100.com\/producto\/specialized-epic-8-expert-2026\/#breadcrumb","itemListElement":[{"@type":"ListItem","position":1,"name":"Portada","item":"https:\/\/gr-100.com\/en\/"},{"@type":"ListItem","position":2,"name":"Productos","item":"https:\/\/gr-100.com\/?post_type=product"},{"@type":"ListItem","position":3,"name":"Specialized Epic 8 Expert AXS 2026"}]},{"@type":"WebSite","@id":"https:\/\/gr-100.com\/#website","url":"https:\/\/gr-100.com\/","name":"Gr-100 Tienda de ciclismo Specialized","description":"GR-100 tenemos todas las gamas de bicicletas Specialized al mejor precio.","publisher":{"@id":"https:\/\/gr-100.com\/#organization"},"alternateName":"Gr-100 Bikes","potentialAction":[{"@type":"SearchAction","target":{"@type":"EntryPoint","urlTemplate":"https:\/\/gr-100.com\/?s={search_term_string}"},"query-input":{"@type":"PropertyValueSpecification","valueRequired":true,"valueName":"search_term_string"}}],"inLanguage":"pt-PT"},{"@type":"Organization","@id":"https:\/\/gr-100.com\/#organization","name":"Gr-100","url":"https:\/\/gr-100.com\/","logo":{"@type":"ImageObject","inLanguage":"pt-PT","@id":"https:\/\/gr-100.com\/#\/schema\/logo\/image\/","url":"https:\/\/gr-100.com\/wp-content\/uploads\/2023\/08\/logo-gr-100-bikes.png","contentUrl":"https:\/\/gr-100.com\/wp-content\/uploads\/2023\/08\/logo-gr-100-bikes.png","width":707,"height":284,"caption":"Gr-100"},"image":{"@id":"https:\/\/gr-100.com\/#\/schema\/logo\/image\/"},"sameAs":["https:\/\/www.facebook.com\/Gr100Bikes","https:\/\/www.instagram.com\/gr100bikes\/","https:\/\/www.tiktok.com\/@gr100bikes","https:\/\/twitter.com\/gr100mtbteam","https:\/\/www.youtube.com\/c\/GR100Specialized"]}]}},"_links":{"self":[{"href":"https:\/\/gr-100.com\/pt-pt\/wp-json\/wp\/v2\/product\/425460","targetHints":{"allow":["GET"]}}],"collection":[{"href":"https:\/\/gr-100.com\/pt-pt\/wp-json\/wp\/v2\/product"}],"about":[{"href":"https:\/\/gr-100.com\/pt-pt\/wp-json\/wp\/v2\/types\/product"}],"replies":[{"embeddable":true,"href":"https:\/\/gr-100.com\/pt-pt\/wp-json\/wp\/v2\/comments?post=425460"}],"wp:featuredmedia":[{"embeddable":true,"href":"https:\/\/gr-100.com\/pt-pt\/wp-json\/wp\/v2\/media\/415093"}],"wp:attachment":[{"href":"https:\/\/gr-100.com\/pt-pt\/wp-json\/wp\/v2\/media?parent=425460"}],"wp:term":[{"taxonomy":"product_brand","embeddable":true,"href":"https:\/\/gr-100.com\/pt-pt\/wp-json\/wp\/v2\/product_brand?post=425460"},{"taxonomy":"product_cat","embeddable":true,"href":"https:\/\/gr-100.com\/pt-pt\/wp-json\/wp\/v2\/product_cat?post=425460"},{"taxonomy":"product_tag","embeddable":true,"href":"https:\/\/gr-100.com\/pt-pt\/wp-json\/wp\/v2\/product_tag?post=425460"}],"curies":[{"name":"wp","href":"https:\/\/api.w.org\/{rel}","templated":true}]}}