{"id":425476,"date":"2025-04-23T11:54:20","date_gmt":"2025-04-23T10:54:20","guid":{"rendered":"https:\/\/gr-100.com\/producto\/specialized-epic-8-pro-2026\/"},"modified":"2026-01-07T13:50:00","modified_gmt":"2026-01-07T11:50:00","slug":"specialized-epic-8-pro-2026","status":"publish","type":"product","link":"https:\/\/gr-100.com\/pt-pt\/producto\/specialized-epic-8-pro-2026\/","title":{"rendered":"Specialized Epic 8 Pro 2026"},"content":{"rendered":"<p>A nov\u00edssima Epic 8 evolui a f\u00f3rmula da velocidade ao combinar capacidade, efici\u00eancia e integra\u00e7\u00e3o ultra-leve. Os percursos de XC modernos exigem mais capacidade todos os dias. A Epic 8 est\u00e1 aqui. A cinem\u00e1tica melhorada faz dela a bicicleta de pedal mais eficiente que j\u00e1 test\u00e1mos, enquanto os amortecedores com v\u00e1lvulas personalizadas e afinados absorvem cada solavanco.    Ele \u00e9 um lobo em roupas de lobo.<\/p>\n<p>Se \u00e9s um ciclista de XC ou d\u00e1s prioridade \u00e0 velocidade absoluta nas tuas pedaladas, a Epic 8 \u00e9 a bicicleta para ti.<\/p>\n<p>CAPACIDAD INIGUALABLE:<br \/>\nLa bicicleta de 120 mm m\u00e1s capaz del planeta. Te sorprender\u00e1 c\u00f3mo la geometr\u00eda progresiva de la Epic 8 ofrece una capacidad sobresaliente en terrenos t\u00e9cnicos, junto con un rendimiento de escalada y aceleraci\u00f3n r\u00e1pido y eficiente. La absurda rigidez lateral y torsional del cuadro tambi\u00e9n se traduce en una precisi\u00f3n de manejo impresionante.  <\/p>\n<p>\u00bfBACHES? \u00bfCU\u00c1LES BACHES?<br \/>\nEn comparaci\u00f3n con la generaci\u00f3n anterior, la nueva Epic 8 absorbe un 12% m\u00e1s de impactos y vibraciones, lo que te deja menos fatigado y m\u00e1s fuerte con el paso del tiempo, para que t\u00fa sigas empujando mientras los dem\u00e1s se quedan atr\u00e1s.<\/p>\n<p>AJUSTE DIN\u00c1MICO DE RODADA:<br \/>\nEl equipo Ride Dynamics de Specialized desarroll\u00f3 una v\u00e1lvula personalizada para el nuevo amortiguador de la Epic 8. Las caracter\u00edsticas de amortiguaci\u00f3n prescritas por Ride Dynamics elevan la experiencia de conducci\u00f3n de manera integral. Al ajustar los amortiguadores junto con las tasas de palanca del cuadro y su nueva cinem\u00e1tica, logramos una bicicleta que va m\u00e1s all\u00e1 de la suma de sus partes.  <\/p>\n<p>EFICIENCIA BIOMEC\u00c1NICA:<br \/>\nAl optimizar la cinem\u00e1tica de la suspensi\u00f3n, el equipo de Ride Dynamics redujo el bamboleo por pedaleo en un 20%, manteniendo una suspensi\u00f3n activa para gestionar eficazmente los impactos, asegurando que permanezcas en la posici\u00f3n de pedaleo m\u00e1s eficiente. Es la bicicleta con suspensi\u00f3n m\u00e1s eficiente que hemos probado. <\/p>\n<p>M\u00c1S CON MENOS:<br \/>\nCon la Epic 8, no se a\u00f1adi\u00f3 ni un solo gramo extra para lograr una gran capacidad desde el cuadro. Todos los modelos ahora incluyen el sistema SWAT 4.0 para llevar lo esencial en el camino, adem\u00e1s de un tope de direcci\u00f3n integrado para evitar la cl\u00e1sica marca en el tubo superior cuando el manillar gira tras una ca\u00edda. De hecho, el nuevo cuadro S-Works Epic 8 ha perdido 76 gramos, a pesar de sumar estas innovaciones.  <\/p>\n<ul>\n<li>ROCKSHOX FLIGHT ATTENDANT:<br \/>\nLibera tu mente para enfocarte en la velocidad cuando m\u00e1s importa. El sistema RockShox Flight Attendant ajustado por Ride Dynamics usa la tecnolog\u00eda inal\u00e1mbrica SRAM AXS para recopilar datos en tiempo real de ti y del terreno, y as\u00ed determinar los ajustes de compresi\u00f3n \u00f3ptimos, brindando una experiencia sin igual al ciclista. <\/li>\n<li>Imagem<\/li>\n<li>Cuadro<br \/>\nFACT 11m Carbon, geometr\u00eda progresiva de XC de competici\u00f3n, tecnolog\u00eda Rider-First Engineered\u2122, almacenamiento SWAT en el tubo inferior, caja de pedalier roscada, puntera trasera compatible con UDH (12&#215;148 mm), guiado interno de cables, 120 mm de recorrido.<br \/>\nSWAT<br \/>\nAlmacenamiento interno SWAT en el tubo inferior.<\/li>\n<li>Abrazadera de sill\u00edn<br \/>\nSpecialized de aleaci\u00f3n de aluminio de 34,9 mm con tornillo de acero.<\/li>\n<li>Suspensi\u00f3n<br \/>\nHorquilla<br \/>\nRockShox SID ULTIMATE Flight Attendant, desarrollada por Ride Dynamics, 3 posiciones, Debon Air, eje de 15&#215;110 mm, offset de 44 mm, recorrido de 120 mm.<\/li>\n<li>Amortiguador trasero<br \/>\nRockShox SIDLuxe ULTIMATE Flight Attendant, 3 posiciones, Solo Air, medida 190&#215;45 mm, desarrollado por Ride Dynamics.<\/li>\n<li>Frenos<br \/>\nFreno delantero<br \/>\nSRAM Motive Silver, pinza de 4 pistones, disco hidr\u00e1ulico, rotor de 180 mm.<br \/>\nFreno trasero<br \/>\nSRAM Motive Silver, pinza de 4 pistones, disco hidr\u00e1ulico, rotor de 160 mm.<\/li>\n<li>Transmisi\u00f3n<br \/>\nMandos de cambio<br \/>\nControlador SRAM AXS POD.<br \/>\nCaja de pedalier<br \/>\nSRAM DUB, roscado, ancho Wide.<br \/>\nBielas<br \/>\nSRAM \/ Quarq XO Eagle con medidor de potencia, DUB 170 mm \/ 175 mm.<br \/>\nCadena<br \/>\nSRAM X0.<br \/>\nCambio trasero<br \/>\nSRAM X0 Eagle Transmission.<br \/>\nCassette<br \/>\nSRAM XS 1295, 12 velocidades, 10-52 dientes.<br \/>\nPlato<br \/>\n34 dientes.<\/li>\n<li>Ruedas y neum\u00e1ticos<br \/>\nRueda delantera<br \/>\nRoval Control SL VI, carbono sin gancho (hookless), ancho interno de 29 mm, tubeless ready, buje DT Swiss 350, radios DT Swiss Revolution rectos, 28 radios.<br \/>\nRueda trasera<br \/>\nRoval Control SL VI, mismas especificaciones que la delantera.<br \/>\nNeum\u00e1tico delantero<br \/>\nSpecialized Fast Trak, carcasa Flex Lite, compuesto T5\/T7, tama\u00f1o 29&#215;2.35.<br \/>\nNeum\u00e1tico trasero<br \/>\nSpecialized Air Trak, carcasa Flex Lite, compuesto T5\/T7, tama\u00f1o 29&#215;2.35.<br \/>\nC\u00e1maras<br \/>\nSpecialized Turbo Tube.<\/li>\n<li>Cockpit<br \/>\nManillar<br \/>\nS-Works Carbon XC Mini Rise, elevaci\u00f3n de 10 mm, 6\u00b0 upsweep, 8\u00b0 backsweep, ancho de 760 mm, di\u00e1metro de 31.8 mm.<\/li>\n<li>Tija<br \/>\nBike Yoke Divine SL, recorrido de 100 mm o 125 mm, di\u00e1metro de 30.9 mm.<\/li>\n<li>Sill\u00edn<br \/>\nSpecialized Power Expert, ra\u00edles de titanio, disponible en 143 mm \/ 155 mm.<\/li>\n<li>Potencia<br \/>\nSpecialized Pro SL, aluminio, 4 tornillos.<\/li>\n<li>Pu\u00f1os<br \/>\nSpecialized Trail Grips.<\/li>\n<li>Detalles del producto<\/li>\n<li>Peso<br \/>\n10.82 kg (23 lb, 13.7 oz)<\/li>\n<li>Talla del peso especificado<br \/>\nTalla M<\/li>\n<\/ul>\n","protected":false},"excerpt":{"rendered":"<p>A nov\u00edssima Epic 8 evolui a f\u00f3rmula da velocidade ao combinar capacidade, efici\u00eancia e integra\u00e7\u00e3o ultra-leve. Os percursos de XC modernos exigem mais capacidade todos os dias. A Epic 8 est\u00e1 aqui. A cinem\u00e1tica melhorada faz dela a bicicleta de pedal mais eficiente que j\u00e1 test\u00e1mos, enquanto os amortecedores com v\u00e1lvulas personalizadas e afinados absorvem cada solavanco.    Ele \u00e9 um lobo em roupas de lobo.<\/p>\n","protected":false},"featured_media":406896,"comment_status":"open","ping_status":"closed","template":"","meta":{"_acf_changed":false,"_et_pb_use_builder":"","_et_pb_old_content":"","_et_gb_content_width":"","inline_featured_image":false},"product_brand":[],"product_cat":[5379,5378,2459,402],"product_tag":[],"class_list":{"0":"post-425476","1":"product","2":"type-product","3":"status-publish","4":"has-post-thumbnail","6":"product_cat-bicicletas-de-montanha-cross-country-xc","7":"product_cat-bicicletas-de-montanha-de-29","8":"product_cat-bicicletas-pt-pt-2","9":"product_cat-montanha","11":"first","12":"instock","13":"taxable","14":"shipping-taxable","15":"purchasable","16":"product-type-variable","17":"wvs-archive-product-wrapper"},"acf":[],"yoast_head":"<!-- This site is optimized with the Yoast SEO Premium plugin v26.7 (Yoast SEO v26.7) - https:\/\/yoast.com\/wordpress\/plugins\/seo\/ -->\n<title>Specialized Epic 8 Pro 2026 GR-100<\/title>\n<meta name=\"description\" content=\"La totalmente nueva Epic 8 evoluciona la f\u00f3rmula de la velocidad combinando capacidad, eficiencia e integraci\u00f3n ultraligera. Los circuitos modernos de XC exigen cada d\u00eda m\u00e1s capacidad. Llega la Epic 8. Su cinem\u00e1tica mejorada la convierte en la bicicleta de pedaleo m\u00e1s eficiente que jam\u00e1s hayamos probado, mientras que los amortiguadores con v\u00e1lvula y ajuste personalizados absorben cada bache. Ele \u00e9 um lobo em roupas de lobo.\" \/>\n<meta name=\"robots\" content=\"index, follow, max-snippet:-1, max-image-preview:large, max-video-preview:-1\" \/>\n<link rel=\"canonical\" href=\"https:\/\/gr-100.com\/pt-pt\/producto\/specialized-epic-8-pro-2026\/\" \/>\n<meta property=\"og:locale\" content=\"pt_PT\" \/>\n<meta property=\"og:type\" content=\"article\" \/>\n<meta property=\"og:title\" content=\"Specialized Epic 8 Pro 2026\" \/>\n<meta property=\"og:description\" content=\"La totalmente nueva Epic 8 evoluciona la f\u00f3rmula de la velocidad combinando capacidad, eficiencia e integraci\u00f3n ultraligera. Los circuitos modernos de XC exigen cada d\u00eda m\u00e1s capacidad. Llega la Epic 8. Su cinem\u00e1tica mejorada la convierte en la bicicleta de pedaleo m\u00e1s eficiente que jam\u00e1s hayamos probado, mientras que los amortiguadores con v\u00e1lvula y ajuste personalizados absorben cada bache. Ele \u00e9 um lobo em roupas de lobo.\" \/>\n<meta property=\"og:url\" content=\"https:\/\/gr-100.com\/pt-pt\/producto\/specialized-epic-8-pro-2026\/\" \/>\n<meta property=\"og:site_name\" content=\"Gr-100 Tienda de ciclismo Specialized\" \/>\n<meta property=\"article:publisher\" content=\"https:\/\/www.facebook.com\/Gr100Bikes\" \/>\n<meta property=\"article:modified_time\" content=\"2026-01-07T11:50:00+00:00\" \/>\n<meta property=\"og:image\" content=\"https:\/\/gr-100.com\/wp-content\/uploads\/2025\/04\/Diseno-sin-titulo-2025-04-23T132024.482.jpg\" \/>\n\t<meta property=\"og:image:width\" content=\"1000\" \/>\n\t<meta property=\"og:image:height\" content=\"1000\" \/>\n\t<meta property=\"og:image:type\" content=\"image\/jpeg\" \/>\n<meta name=\"twitter:card\" content=\"summary_large_image\" \/>\n<meta name=\"twitter:label1\" content=\"Tempo estimado de leitura\" \/>\n\t<meta name=\"twitter:data1\" content=\"4 minutos\" \/>\n<script type=\"application\/ld+json\" class=\"yoast-schema-graph\">{\"@context\":\"https:\/\/schema.org\",\"@graph\":[{\"@type\":\"WebPage\",\"@id\":\"https:\/\/gr-100.com\/pt-pt\/producto\/specialized-epic-8-pro-2026\/\",\"url\":\"https:\/\/gr-100.com\/pt-pt\/producto\/specialized-epic-8-pro-2026\/\",\"name\":\"Specialized Epic 8 Pro 2026 GR-100\",\"isPartOf\":{\"@id\":\"https:\/\/gr-100.com\/#website\"},\"primaryImageOfPage\":{\"@id\":\"https:\/\/gr-100.com\/pt-pt\/producto\/specialized-epic-8-pro-2026\/#primaryimage\"},\"image\":{\"@id\":\"https:\/\/gr-100.com\/pt-pt\/producto\/specialized-epic-8-pro-2026\/#primaryimage\"},\"thumbnailUrl\":\"https:\/\/gr-100.com\/wp-content\/uploads\/2025\/04\/Diseno-sin-titulo-2025-04-23T132024.482.jpg\",\"datePublished\":\"2025-04-23T10:54:20+00:00\",\"dateModified\":\"2026-01-07T11:50:00+00:00\",\"description\":\"La totalmente nueva Epic 8 evoluciona la f\u00f3rmula de la velocidad combinando capacidad, eficiencia e integraci\u00f3n ultraligera. Los circuitos modernos de XC exigen cada d\u00eda m\u00e1s capacidad. Llega la Epic 8. Su cinem\u00e1tica mejorada la convierte en la bicicleta de pedaleo m\u00e1s eficiente que jam\u00e1s hayamos probado, mientras que los amortiguadores con v\u00e1lvula y ajuste personalizados absorben cada bache. Ele \u00e9 um lobo em roupas de lobo.\",\"breadcrumb\":{\"@id\":\"https:\/\/gr-100.com\/pt-pt\/producto\/specialized-epic-8-pro-2026\/#breadcrumb\"},\"inLanguage\":\"pt-PT\",\"potentialAction\":[{\"@type\":\"ReadAction\",\"target\":[\"https:\/\/gr-100.com\/pt-pt\/producto\/specialized-epic-8-pro-2026\/\"]}]},{\"@type\":\"ImageObject\",\"inLanguage\":\"pt-PT\",\"@id\":\"https:\/\/gr-100.com\/pt-pt\/producto\/specialized-epic-8-pro-2026\/#primaryimage\",\"url\":\"https:\/\/gr-100.com\/wp-content\/uploads\/2025\/04\/Diseno-sin-titulo-2025-04-23T132024.482.jpg\",\"contentUrl\":\"https:\/\/gr-100.com\/wp-content\/uploads\/2025\/04\/Diseno-sin-titulo-2025-04-23T132024.482.jpg\",\"width\":1000,\"height\":1000},{\"@type\":\"BreadcrumbList\",\"@id\":\"https:\/\/gr-100.com\/pt-pt\/producto\/specialized-epic-8-pro-2026\/#breadcrumb\",\"itemListElement\":[{\"@type\":\"ListItem\",\"position\":1,\"name\":\"Portada\",\"item\":\"https:\/\/gr-100.com\/en\/\"},{\"@type\":\"ListItem\",\"position\":2,\"name\":\"Productos\",\"item\":\"https:\/\/gr-100.com\/?post_type=product\"},{\"@type\":\"ListItem\",\"position\":3,\"name\":\"Specialized Epic 8 Pro 2026\"}]},{\"@type\":\"WebSite\",\"@id\":\"https:\/\/gr-100.com\/#website\",\"url\":\"https:\/\/gr-100.com\/\",\"name\":\"Gr-100 Tienda de ciclismo Specialized\",\"description\":\"GR-100 tenemos todas las gamas de bicicletas Specialized al mejor precio.\",\"publisher\":{\"@id\":\"https:\/\/gr-100.com\/#organization\"},\"alternateName\":\"Gr-100 Bikes\",\"potentialAction\":[{\"@type\":\"SearchAction\",\"target\":{\"@type\":\"EntryPoint\",\"urlTemplate\":\"https:\/\/gr-100.com\/?s={search_term_string}\"},\"query-input\":{\"@type\":\"PropertyValueSpecification\",\"valueRequired\":true,\"valueName\":\"search_term_string\"}}],\"inLanguage\":\"pt-PT\"},{\"@type\":\"Organization\",\"@id\":\"https:\/\/gr-100.com\/#organization\",\"name\":\"Gr-100\",\"url\":\"https:\/\/gr-100.com\/\",\"logo\":{\"@type\":\"ImageObject\",\"inLanguage\":\"pt-PT\",\"@id\":\"https:\/\/gr-100.com\/#\/schema\/logo\/image\/\",\"url\":\"https:\/\/gr-100.com\/wp-content\/uploads\/2023\/08\/logo-gr-100-bikes.png\",\"contentUrl\":\"https:\/\/gr-100.com\/wp-content\/uploads\/2023\/08\/logo-gr-100-bikes.png\",\"width\":707,\"height\":284,\"caption\":\"Gr-100\"},\"image\":{\"@id\":\"https:\/\/gr-100.com\/#\/schema\/logo\/image\/\"},\"sameAs\":[\"https:\/\/www.facebook.com\/Gr100Bikes\",\"https:\/\/www.instagram.com\/gr100bikes\/\",\"https:\/\/www.tiktok.com\/@gr100bikes\",\"https:\/\/twitter.com\/gr100mtbteam\",\"https:\/\/www.youtube.com\/c\/GR100Specialized\"]}]}<\/script>\n<!-- \/ Yoast SEO Premium plugin. -->","yoast_head_json":{"title":"Specialized Epic 8 Pro 2026 GR-100","description":"La totalmente nueva Epic 8 evoluciona la f\u00f3rmula de la velocidad combinando capacidad, eficiencia e integraci\u00f3n ultraligera. Los circuitos modernos de XC exigen cada d\u00eda m\u00e1s capacidad. Llega la Epic 8. Su cinem\u00e1tica mejorada la convierte en la bicicleta de pedaleo m\u00e1s eficiente que jam\u00e1s hayamos probado, mientras que los amortiguadores con v\u00e1lvula y ajuste personalizados absorben cada bache. Ele \u00e9 um lobo em roupas de lobo.","robots":{"index":"index","follow":"follow","max-snippet":"max-snippet:-1","max-image-preview":"max-image-preview:large","max-video-preview":"max-video-preview:-1"},"canonical":"https:\/\/gr-100.com\/pt-pt\/producto\/specialized-epic-8-pro-2026\/","og_locale":"pt_PT","og_type":"article","og_title":"Specialized Epic 8 Pro 2026","og_description":"La totalmente nueva Epic 8 evoluciona la f\u00f3rmula de la velocidad combinando capacidad, eficiencia e integraci\u00f3n ultraligera. Los circuitos modernos de XC exigen cada d\u00eda m\u00e1s capacidad. Llega la Epic 8. Su cinem\u00e1tica mejorada la convierte en la bicicleta de pedaleo m\u00e1s eficiente que jam\u00e1s hayamos probado, mientras que los amortiguadores con v\u00e1lvula y ajuste personalizados absorben cada bache. Ele \u00e9 um lobo em roupas de lobo.","og_url":"https:\/\/gr-100.com\/pt-pt\/producto\/specialized-epic-8-pro-2026\/","og_site_name":"Gr-100 Tienda de ciclismo Specialized","article_publisher":"https:\/\/www.facebook.com\/Gr100Bikes","article_modified_time":"2026-01-07T11:50:00+00:00","og_image":[{"width":1000,"height":1000,"url":"https:\/\/gr-100.com\/wp-content\/uploads\/2025\/04\/Diseno-sin-titulo-2025-04-23T132024.482.jpg","type":"image\/jpeg"}],"twitter_card":"summary_large_image","twitter_misc":{"Tempo estimado de leitura":"4 minutos"},"schema":{"@context":"https:\/\/schema.org","@graph":[{"@type":"WebPage","@id":"https:\/\/gr-100.com\/pt-pt\/producto\/specialized-epic-8-pro-2026\/","url":"https:\/\/gr-100.com\/pt-pt\/producto\/specialized-epic-8-pro-2026\/","name":"Specialized Epic 8 Pro 2026 GR-100","isPartOf":{"@id":"https:\/\/gr-100.com\/#website"},"primaryImageOfPage":{"@id":"https:\/\/gr-100.com\/pt-pt\/producto\/specialized-epic-8-pro-2026\/#primaryimage"},"image":{"@id":"https:\/\/gr-100.com\/pt-pt\/producto\/specialized-epic-8-pro-2026\/#primaryimage"},"thumbnailUrl":"https:\/\/gr-100.com\/wp-content\/uploads\/2025\/04\/Diseno-sin-titulo-2025-04-23T132024.482.jpg","datePublished":"2025-04-23T10:54:20+00:00","dateModified":"2026-01-07T11:50:00+00:00","description":"La totalmente nueva Epic 8 evoluciona la f\u00f3rmula de la velocidad combinando capacidad, eficiencia e integraci\u00f3n ultraligera. Los circuitos modernos de XC exigen cada d\u00eda m\u00e1s capacidad. Llega la Epic 8. Su cinem\u00e1tica mejorada la convierte en la bicicleta de pedaleo m\u00e1s eficiente que jam\u00e1s hayamos probado, mientras que los amortiguadores con v\u00e1lvula y ajuste personalizados absorben cada bache. Ele \u00e9 um lobo em roupas de lobo.","breadcrumb":{"@id":"https:\/\/gr-100.com\/pt-pt\/producto\/specialized-epic-8-pro-2026\/#breadcrumb"},"inLanguage":"pt-PT","potentialAction":[{"@type":"ReadAction","target":["https:\/\/gr-100.com\/pt-pt\/producto\/specialized-epic-8-pro-2026\/"]}]},{"@type":"ImageObject","inLanguage":"pt-PT","@id":"https:\/\/gr-100.com\/pt-pt\/producto\/specialized-epic-8-pro-2026\/#primaryimage","url":"https:\/\/gr-100.com\/wp-content\/uploads\/2025\/04\/Diseno-sin-titulo-2025-04-23T132024.482.jpg","contentUrl":"https:\/\/gr-100.com\/wp-content\/uploads\/2025\/04\/Diseno-sin-titulo-2025-04-23T132024.482.jpg","width":1000,"height":1000},{"@type":"BreadcrumbList","@id":"https:\/\/gr-100.com\/pt-pt\/producto\/specialized-epic-8-pro-2026\/#breadcrumb","itemListElement":[{"@type":"ListItem","position":1,"name":"Portada","item":"https:\/\/gr-100.com\/en\/"},{"@type":"ListItem","position":2,"name":"Productos","item":"https:\/\/gr-100.com\/?post_type=product"},{"@type":"ListItem","position":3,"name":"Specialized Epic 8 Pro 2026"}]},{"@type":"WebSite","@id":"https:\/\/gr-100.com\/#website","url":"https:\/\/gr-100.com\/","name":"Gr-100 Tienda de ciclismo Specialized","description":"GR-100 tenemos todas las gamas de bicicletas Specialized al mejor precio.","publisher":{"@id":"https:\/\/gr-100.com\/#organization"},"alternateName":"Gr-100 Bikes","potentialAction":[{"@type":"SearchAction","target":{"@type":"EntryPoint","urlTemplate":"https:\/\/gr-100.com\/?s={search_term_string}"},"query-input":{"@type":"PropertyValueSpecification","valueRequired":true,"valueName":"search_term_string"}}],"inLanguage":"pt-PT"},{"@type":"Organization","@id":"https:\/\/gr-100.com\/#organization","name":"Gr-100","url":"https:\/\/gr-100.com\/","logo":{"@type":"ImageObject","inLanguage":"pt-PT","@id":"https:\/\/gr-100.com\/#\/schema\/logo\/image\/","url":"https:\/\/gr-100.com\/wp-content\/uploads\/2023\/08\/logo-gr-100-bikes.png","contentUrl":"https:\/\/gr-100.com\/wp-content\/uploads\/2023\/08\/logo-gr-100-bikes.png","width":707,"height":284,"caption":"Gr-100"},"image":{"@id":"https:\/\/gr-100.com\/#\/schema\/logo\/image\/"},"sameAs":["https:\/\/www.facebook.com\/Gr100Bikes","https:\/\/www.instagram.com\/gr100bikes\/","https:\/\/www.tiktok.com\/@gr100bikes","https:\/\/twitter.com\/gr100mtbteam","https:\/\/www.youtube.com\/c\/GR100Specialized"]}]}},"_links":{"self":[{"href":"https:\/\/gr-100.com\/pt-pt\/wp-json\/wp\/v2\/product\/425476","targetHints":{"allow":["GET"]}}],"collection":[{"href":"https:\/\/gr-100.com\/pt-pt\/wp-json\/wp\/v2\/product"}],"about":[{"href":"https:\/\/gr-100.com\/pt-pt\/wp-json\/wp\/v2\/types\/product"}],"replies":[{"embeddable":true,"href":"https:\/\/gr-100.com\/pt-pt\/wp-json\/wp\/v2\/comments?post=425476"}],"wp:featuredmedia":[{"embeddable":true,"href":"https:\/\/gr-100.com\/pt-pt\/wp-json\/wp\/v2\/media\/406896"}],"wp:attachment":[{"href":"https:\/\/gr-100.com\/pt-pt\/wp-json\/wp\/v2\/media?parent=425476"}],"wp:term":[{"taxonomy":"product_brand","embeddable":true,"href":"https:\/\/gr-100.com\/pt-pt\/wp-json\/wp\/v2\/product_brand?post=425476"},{"taxonomy":"product_cat","embeddable":true,"href":"https:\/\/gr-100.com\/pt-pt\/wp-json\/wp\/v2\/product_cat?post=425476"},{"taxonomy":"product_tag","embeddable":true,"href":"https:\/\/gr-100.com\/pt-pt\/wp-json\/wp\/v2\/product_tag?post=425476"}],"curies":[{"name":"wp","href":"https:\/\/api.w.org\/{rel}","templated":true}]}}