{"id":425490,"date":"2025-04-23T11:15:58","date_gmt":"2025-04-23T10:15:58","guid":{"rendered":"https:\/\/gr-100.com\/producto\/specialized-s-works-epic-8-2026\/"},"modified":"2025-04-23T11:15:58","modified_gmt":"2025-04-23T09:15:58","slug":"specialized-s-works-epic-8-2026","status":"publish","type":"product","link":"https:\/\/gr-100.com\/pt-pt\/producto\/specialized-s-works-epic-8-2026\/","title":{"rendered":"Specialized S-Works Epic 8 2026"},"content":{"rendered":"<p>A nova Epic 8 evolui a f\u00f3rmula da velocidade atrav\u00e9s da capacidade, efici\u00eancia e integra\u00e7\u00e3o ultra-leve. Os percursos de XC modernos exigem cada vez mais capacidade. Entra na Epic 8. A cinem\u00e1tica melhorada faz dela a bicicleta mais eficiente para pedalar que alguma vez test\u00e1mos, enquanto os amortecedores valvulados e as defini\u00e7\u00f5es personalizadas absorvem cada solavanco.    Ele \u00e9 um lobo em roupas de lobo.<\/p>\n<p>Se \u00e9s um ciclista de XC ou d\u00e1s prioridade \u00e0 velocidade absoluta nas tuas pedaladas, a Epic 8 \u00e9 a bicicleta para ti.<\/p>\n<p>CAPACIDADE INCOMPAR\u00c1VEL:<br \/>\nA bicicleta de 120 mm mais capaz do planeta. Vais ficar surpreendido com a forma como a geometria progressiva da Epic 8 proporciona capacidade t\u00e9cnica em terrenos dif\u00edceis, juntamente com um desempenho r\u00e1pido e eficiente em subidas e acelera\u00e7\u00f5es. A absurda rigidez lateral e torsional do quadro tamb\u00e9m se traduz numa impressionante precis\u00e3o de manuseamento.  <\/p>\n<p>E OS BACHOS:<br \/>\nEm compara\u00e7\u00e3o com a gera\u00e7\u00e3o anterior, a nova Epic 8 absorve 12% mais choques e vibra\u00e7\u00f5es, deixando-te menos fatigado e mais potente ao longo do tempo, para que continues a empurrar enquanto os outros sofrem.<\/p>\n<p>TUNED RIDE DYNAMICS:<br \/>\nA equipa de Ride Dynamics da Specialized desenvolveu v\u00e1lvulas personalizadas para o novo amortecedor da Epic 8. As carater\u00edsticas de amortecimento prescritas pela Ride Dynamics elevam a experi\u00eancia de condu\u00e7\u00e3o de forma hol\u00edstica. Ao afinar os amortecedores em conjunto com as taxas de alavancagem do quadro e a nova cinem\u00e1tica, conseguimos uma bicicleta que \u00e9 mais do que a soma das suas partes.  <\/p>\n<p>EFICI\u00caNCIA BIOMEC\u00c2NICA:<br \/>\nAo otimizar a cinem\u00e1tica da suspens\u00e3o, a equipa Ride Dynamics da Specialized reduziu a oscila\u00e7\u00e3o induzida pelo pedal em 20%, mantendo a suspens\u00e3o ativa para gerir eficazmente os impactos, assegurando que mant\u00e9ns a posi\u00e7\u00e3o de pedalada mais eficiente. \u00c9 a bicicleta com suspens\u00e3o a pedal mais eficiente que j\u00e1 test\u00e1mos. <\/p>\n<p>MAIS COM MENOS:<br \/>\nCom a Epic 8, n\u00e3o gastaste um \u00fanico grama extra para conseguir uma enorme capacidade do quadro. Todos os modelos incluem agora o SWAT 4.0 para transportar o essencial para os teus trilhos e um batente de cabe\u00e7a integrado que evita a cl\u00e1ssica cicatriz no tubo superior da primeira vez que deixas cair e torces o guiador. De facto, o novo quadro da S-Works Epic 8 perdeu 76 gramas, enquanto adiciona todas estas novas carater\u00edsticas.  <\/p>\n<p>ROCKSHOX FLIGHT ATTENDANT:<br \/>\nLiberta a tua mente para te concentrares em ser r\u00e1pido no momento mais intenso. O sistema RockShox Flight Attendant afinado pela Ride Dynamics (nos modelos S-Works) utiliza a tecnologia sem fios SRAM AXS para recolher dados em tempo real sobre ti e o terreno, determinando as defini\u00e7\u00f5es de compress\u00e3o ideais para uma experi\u00eancia de condu\u00e7\u00e3o inigual\u00e1vel. <\/p>\n<ul>\n<li>Imagem<\/li>\n<li>Quadro<br \/>\nS-Works FACT 12m Carbono, geometria progressiva de corrida XC, tecnologia Rider-First Engineered\u2122, armazenamento SWAT no tubo inferior, concha de suporte inferior roscada, dropout compat\u00edvel com UDH (12x148mm), roteamento interno de cabos, curso de 120mm, otimizado para drivetrain e espig\u00e3o de selim sem fios.<\/li>\n<li>SWAT<br \/>\nArmazenamento interno SWAT no tubo inferior.<\/p>\n<p> Bra\u00e7adeira de selim Specialized em liga de alum\u00ednio de 34,9 mm com parafuso de tit\u00e2nio.<\/li>\n<li>Suspens\u00e3o<br \/>\nForqueta<br \/>\nRockShox SID ULTIMATE Flight Attendant, desenvolvida pela Ride Dynamics, 3 posi\u00e7\u00f5es, Debon Air, eixo de 15&#215;110 mm, curso de 44 mm, curso de 120 mm.<\/li>\n<li>Amortiguador trasero<br \/>\nRockShox SIDLuxe ULTIMATE Flight Attendant, 3 posiciones, Solo Air, medida 190&#215;45 mm, desarrollado por Ride Dynamics.<\/li>\n<li>Trav\u00f5es<br \/>\nTrav\u00e3o dianteiro<br \/>\nSRAM Motive Ultimate, pin\u00e7a de 4 pist\u00f5es, disco hidr\u00e1ulico, rotor de 180 mm.<br \/>\nTrav\u00e3o traseiro<br \/>\nSRAM Motive Ultimate, pin\u00e7a de 4 pist\u00f5es, disco hidr\u00e1ulico, rotor de 160 mm.<\/li>\n<li>Transmiss\u00e3o<br \/>\nComandos de mudan\u00e7as<br \/>\nControlador SRAM AXS POD Ultimate.<br \/>\nCassete<br \/>\nSRAM CS-1299, 10-52 dentes.<br \/>\nSuporte inferior<br \/>\nSRAM DUB, BSA 73 mm, roscado.<br \/>\nCorrente<br \/>\nSRAM XX SL Eagle.<br \/>\nDesviador traseiro<br \/>\nSRAM XX SL Eagle AXS.<br \/>\nPedaleira<br \/>\nSRAM \/ Quarq XX SL Eagle com medidor de pot\u00eancia, DUB 170 mm \/ 175 mm.<br \/>\nCorrente<br \/>\n34 dentes.<\/li>\n<li>Rodas e pneusJante dianteira<br \/>\nRoval Control World Cup, carbono com design mini-hooked, largura interior de 28,5 mm, tubeless ready, cubo Roval Control World Cup com rolamentos cer\u00e2micos Dt Swiss, raios em carbono Roval com extremidades em tit\u00e2nio.<br \/>\nRoda traseira<br \/>\nRoval Control World Cup, com o mesmo desenho e especifica\u00e7\u00f5es que a dianteira, com cubo Dt Swiss 180.<br \/>\nPneu dianteiro<br \/>\nSpecialized Fast Trak, carca\u00e7a Flex Lite, composto T5\/T7, tamanho 29&#215;2.35.<br \/>\nPneu traseiro<br \/>\nSpecialized Air Trak, carca\u00e7a Flex Lite, composto T5\/T7, tamanho 29&#215;2.35.<br \/>\nC\u00e2maras<br \/>\nSpecialized Turbo Tube.<\/li>\n<li>Cockpit<br \/>\nEspig\u00e3o de selim telesc\u00f3pico<br \/>\nRockShox Reverb AXS, 30,9 mm.<br \/>\nTamanhos de acordo com o tamanho do quadro: S: 125 mm \/ M e L: 150 mm \/ XL: 175 mm.<br \/>\nGuiador<br \/>\nCockpit integrado Roval Control SL, avan\u00e7o integrado de 60 mm com -12\u00b0, 8\u00b0 de recuo, 1\u00b0 de subida, 760 mm de largura.<br \/>\nSelim<br \/>\nSpecialized S-Works Power Mirror, carris em carbono, dispon\u00edvel em 143 mm ou 155 mm.<br \/>\nPunhos<br \/>\nPunhos Specialized Trail.<\/li>\n<li>Detalles del producto<\/li>\n<li>Pesokg (22 lb, 0.7 oz)<\/li>\n<li>Talla del peso especificado<br \/>\nTalla M<\/li>\n<\/ul>\n","protected":false},"excerpt":{"rendered":"<p>A nova Epic 8 evolui a f\u00f3rmula da velocidade atrav\u00e9s da capacidade, efici\u00eancia e integra\u00e7\u00e3o ultra-leve. Os percursos de XC modernos exigem cada vez mais capacidade. Entra na Epic 8. A cinem\u00e1tica melhorada torna-a na bicicleta mais eficiente de pedalar que alguma vez test\u00e1mos, enquanto os amortecedores valvulados e as defini\u00e7\u00f5es personalizadas absorvem cada solavanco.    Ele \u00e9 um lobo em roupas de lobo.<\/p>\n","protected":false},"featured_media":406843,"comment_status":"open","ping_status":"closed","template":"","meta":{"_acf_changed":false,"_et_pb_use_builder":"","_et_pb_old_content":"","_et_gb_content_width":"","inline_featured_image":false},"product_brand":[],"product_cat":[5377,5379,5378,5376,5375,2459,402],"product_tag":[],"class_list":{"0":"post-425490","1":"product","2":"type-product","3":"status-publish","4":"has-post-thumbnail","6":"product_cat-bicicletas-de-montanha-com-suspensao-dupla","7":"product_cat-bicicletas-de-montanha-cross-country-xc","8":"product_cat-bicicletas-de-montanha-de-29","9":"product_cat-bicicletas-de-montanha-em-carbono","10":"product_cat-bicicletas-de-montanha-specialized","11":"product_cat-bicicletas-pt-pt-2","12":"product_cat-montanha","14":"first","15":"instock","16":"taxable","17":"shipping-taxable","18":"purchasable","19":"product-type-variable","20":"wvs-archive-product-wrapper"},"acf":[],"yoast_head":"<!-- This site is optimized with the Yoast SEO Premium plugin v26.7 (Yoast SEO v26.7) - https:\/\/yoast.com\/wordpress\/plugins\/seo\/ -->\n<title>Specialized S-Works Epic 8 2026 GR-100<\/title>\n<meta name=\"description\" content=\"La totalmente nueva Epic 8 evoluciona la f\u00f3rmula de la velocidad a trav\u00e9s de la capacidad, eficiencia e integraci\u00f3n ultraligera. Los circuitos modernos de XC exigen cada vez m\u00e1s capacidad. Entra en escena la Epic 8. Su cinem\u00e1tica mejorada la convierte en la bicicleta de pedaleo m\u00e1s eficiente que hemos probado, mientras que los amortiguadores con v\u00e1lvulas y ajustes personalizados absorben cada bache. Ele \u00e9 um lobo em roupas de lobo.\" \/>\n<meta name=\"robots\" content=\"index, follow, max-snippet:-1, max-image-preview:large, max-video-preview:-1\" \/>\n<link rel=\"canonical\" href=\"https:\/\/gr-100.com\/pt-pt\/producto\/specialized-s-works-epic-8-2026\/\" \/>\n<meta property=\"og:locale\" content=\"pt_PT\" \/>\n<meta property=\"og:type\" content=\"article\" \/>\n<meta property=\"og:title\" content=\"Specialized S-Works Epic 8 2026\" \/>\n<meta property=\"og:description\" content=\"La totalmente nueva Epic 8 evoluciona la f\u00f3rmula de la velocidad a trav\u00e9s de la capacidad, eficiencia e integraci\u00f3n ultraligera. Los circuitos modernos de XC exigen cada vez m\u00e1s capacidad. Entra en escena la Epic 8. Su cinem\u00e1tica mejorada la convierte en la bicicleta de pedaleo m\u00e1s eficiente que hemos probado, mientras que los amortiguadores con v\u00e1lvulas y ajustes personalizados absorben cada bache. Ele \u00e9 um lobo em roupas de lobo.\" \/>\n<meta property=\"og:url\" content=\"https:\/\/gr-100.com\/pt-pt\/producto\/specialized-s-works-epic-8-2026\/\" \/>\n<meta property=\"og:site_name\" content=\"Gr-100 Tienda de ciclismo Specialized\" \/>\n<meta property=\"article:publisher\" content=\"https:\/\/www.facebook.com\/Gr100Bikes\" \/>\n<meta property=\"og:image\" content=\"https:\/\/gr-100.com\/wp-content\/uploads\/2025\/04\/Diseno-sin-titulo-2025-04-23T124509.517.jpg\" \/>\n\t<meta property=\"og:image:width\" content=\"1000\" \/>\n\t<meta property=\"og:image:height\" content=\"1000\" \/>\n\t<meta property=\"og:image:type\" content=\"image\/jpeg\" \/>\n<meta name=\"twitter:card\" content=\"summary_large_image\" \/>\n<meta name=\"twitter:label1\" content=\"Tempo estimado de leitura\" \/>\n\t<meta name=\"twitter:data1\" content=\"4 minutos\" \/>\n<script type=\"application\/ld+json\" class=\"yoast-schema-graph\">{\"@context\":\"https:\/\/schema.org\",\"@graph\":[{\"@type\":\"WebPage\",\"@id\":\"https:\/\/gr-100.com\/pt-pt\/producto\/specialized-s-works-epic-8-2026\/\",\"url\":\"https:\/\/gr-100.com\/pt-pt\/producto\/specialized-s-works-epic-8-2026\/\",\"name\":\"Specialized S-Works Epic 8 2026 GR-100\",\"isPartOf\":{\"@id\":\"https:\/\/gr-100.com\/#website\"},\"primaryImageOfPage\":{\"@id\":\"https:\/\/gr-100.com\/pt-pt\/producto\/specialized-s-works-epic-8-2026\/#primaryimage\"},\"image\":{\"@id\":\"https:\/\/gr-100.com\/pt-pt\/producto\/specialized-s-works-epic-8-2026\/#primaryimage\"},\"thumbnailUrl\":\"https:\/\/gr-100.com\/wp-content\/uploads\/2025\/04\/Diseno-sin-titulo-2025-04-23T124509.517.jpg\",\"datePublished\":\"2025-04-23T10:15:58+00:00\",\"description\":\"La totalmente nueva Epic 8 evoluciona la f\u00f3rmula de la velocidad a trav\u00e9s de la capacidad, eficiencia e integraci\u00f3n ultraligera. Los circuitos modernos de XC exigen cada vez m\u00e1s capacidad. Entra en escena la Epic 8. Su cinem\u00e1tica mejorada la convierte en la bicicleta de pedaleo m\u00e1s eficiente que hemos probado, mientras que los amortiguadores con v\u00e1lvulas y ajustes personalizados absorben cada bache. Ele \u00e9 um lobo em roupas de lobo.\",\"breadcrumb\":{\"@id\":\"https:\/\/gr-100.com\/pt-pt\/producto\/specialized-s-works-epic-8-2026\/#breadcrumb\"},\"inLanguage\":\"pt-PT\",\"potentialAction\":[{\"@type\":\"ReadAction\",\"target\":[\"https:\/\/gr-100.com\/pt-pt\/producto\/specialized-s-works-epic-8-2026\/\"]}]},{\"@type\":\"ImageObject\",\"inLanguage\":\"pt-PT\",\"@id\":\"https:\/\/gr-100.com\/pt-pt\/producto\/specialized-s-works-epic-8-2026\/#primaryimage\",\"url\":\"https:\/\/gr-100.com\/wp-content\/uploads\/2025\/04\/Diseno-sin-titulo-2025-04-23T124509.517.jpg\",\"contentUrl\":\"https:\/\/gr-100.com\/wp-content\/uploads\/2025\/04\/Diseno-sin-titulo-2025-04-23T124509.517.jpg\",\"width\":1000,\"height\":1000},{\"@type\":\"BreadcrumbList\",\"@id\":\"https:\/\/gr-100.com\/pt-pt\/producto\/specialized-s-works-epic-8-2026\/#breadcrumb\",\"itemListElement\":[{\"@type\":\"ListItem\",\"position\":1,\"name\":\"Portada\",\"item\":\"https:\/\/gr-100.com\/en\/\"},{\"@type\":\"ListItem\",\"position\":2,\"name\":\"Productos\",\"item\":\"https:\/\/gr-100.com\/?post_type=product\"},{\"@type\":\"ListItem\",\"position\":3,\"name\":\"Specialized S-Works Epic 8 2026\"}]},{\"@type\":\"WebSite\",\"@id\":\"https:\/\/gr-100.com\/#website\",\"url\":\"https:\/\/gr-100.com\/\",\"name\":\"Gr-100 Tienda de ciclismo Specialized\",\"description\":\"GR-100 tenemos todas las gamas de bicicletas Specialized al mejor precio.\",\"publisher\":{\"@id\":\"https:\/\/gr-100.com\/#organization\"},\"alternateName\":\"Gr-100 Bikes\",\"potentialAction\":[{\"@type\":\"SearchAction\",\"target\":{\"@type\":\"EntryPoint\",\"urlTemplate\":\"https:\/\/gr-100.com\/?s={search_term_string}\"},\"query-input\":{\"@type\":\"PropertyValueSpecification\",\"valueRequired\":true,\"valueName\":\"search_term_string\"}}],\"inLanguage\":\"pt-PT\"},{\"@type\":\"Organization\",\"@id\":\"https:\/\/gr-100.com\/#organization\",\"name\":\"Gr-100\",\"url\":\"https:\/\/gr-100.com\/\",\"logo\":{\"@type\":\"ImageObject\",\"inLanguage\":\"pt-PT\",\"@id\":\"https:\/\/gr-100.com\/#\/schema\/logo\/image\/\",\"url\":\"https:\/\/gr-100.com\/wp-content\/uploads\/2023\/08\/logo-gr-100-bikes.png\",\"contentUrl\":\"https:\/\/gr-100.com\/wp-content\/uploads\/2023\/08\/logo-gr-100-bikes.png\",\"width\":707,\"height\":284,\"caption\":\"Gr-100\"},\"image\":{\"@id\":\"https:\/\/gr-100.com\/#\/schema\/logo\/image\/\"},\"sameAs\":[\"https:\/\/www.facebook.com\/Gr100Bikes\",\"https:\/\/www.instagram.com\/gr100bikes\/\",\"https:\/\/www.tiktok.com\/@gr100bikes\",\"https:\/\/twitter.com\/gr100mtbteam\",\"https:\/\/www.youtube.com\/c\/GR100Specialized\"]}]}<\/script>\n<!-- \/ Yoast SEO Premium plugin. -->","yoast_head_json":{"title":"Specialized S-Works Epic 8 2026 GR-100","description":"La totalmente nueva Epic 8 evoluciona la f\u00f3rmula de la velocidad a trav\u00e9s de la capacidad, eficiencia e integraci\u00f3n ultraligera. Los circuitos modernos de XC exigen cada vez m\u00e1s capacidad. Entra en escena la Epic 8. Su cinem\u00e1tica mejorada la convierte en la bicicleta de pedaleo m\u00e1s eficiente que hemos probado, mientras que los amortiguadores con v\u00e1lvulas y ajustes personalizados absorben cada bache. Ele \u00e9 um lobo em roupas de lobo.","robots":{"index":"index","follow":"follow","max-snippet":"max-snippet:-1","max-image-preview":"max-image-preview:large","max-video-preview":"max-video-preview:-1"},"canonical":"https:\/\/gr-100.com\/pt-pt\/producto\/specialized-s-works-epic-8-2026\/","og_locale":"pt_PT","og_type":"article","og_title":"Specialized S-Works Epic 8 2026","og_description":"La totalmente nueva Epic 8 evoluciona la f\u00f3rmula de la velocidad a trav\u00e9s de la capacidad, eficiencia e integraci\u00f3n ultraligera. Los circuitos modernos de XC exigen cada vez m\u00e1s capacidad. Entra en escena la Epic 8. Su cinem\u00e1tica mejorada la convierte en la bicicleta de pedaleo m\u00e1s eficiente que hemos probado, mientras que los amortiguadores con v\u00e1lvulas y ajustes personalizados absorben cada bache. Ele \u00e9 um lobo em roupas de lobo.","og_url":"https:\/\/gr-100.com\/pt-pt\/producto\/specialized-s-works-epic-8-2026\/","og_site_name":"Gr-100 Tienda de ciclismo Specialized","article_publisher":"https:\/\/www.facebook.com\/Gr100Bikes","og_image":[{"width":1000,"height":1000,"url":"https:\/\/gr-100.com\/wp-content\/uploads\/2025\/04\/Diseno-sin-titulo-2025-04-23T124509.517.jpg","type":"image\/jpeg"}],"twitter_card":"summary_large_image","twitter_misc":{"Tempo estimado de leitura":"4 minutos"},"schema":{"@context":"https:\/\/schema.org","@graph":[{"@type":"WebPage","@id":"https:\/\/gr-100.com\/pt-pt\/producto\/specialized-s-works-epic-8-2026\/","url":"https:\/\/gr-100.com\/pt-pt\/producto\/specialized-s-works-epic-8-2026\/","name":"Specialized S-Works Epic 8 2026 GR-100","isPartOf":{"@id":"https:\/\/gr-100.com\/#website"},"primaryImageOfPage":{"@id":"https:\/\/gr-100.com\/pt-pt\/producto\/specialized-s-works-epic-8-2026\/#primaryimage"},"image":{"@id":"https:\/\/gr-100.com\/pt-pt\/producto\/specialized-s-works-epic-8-2026\/#primaryimage"},"thumbnailUrl":"https:\/\/gr-100.com\/wp-content\/uploads\/2025\/04\/Diseno-sin-titulo-2025-04-23T124509.517.jpg","datePublished":"2025-04-23T10:15:58+00:00","description":"La totalmente nueva Epic 8 evoluciona la f\u00f3rmula de la velocidad a trav\u00e9s de la capacidad, eficiencia e integraci\u00f3n ultraligera. Los circuitos modernos de XC exigen cada vez m\u00e1s capacidad. Entra en escena la Epic 8. Su cinem\u00e1tica mejorada la convierte en la bicicleta de pedaleo m\u00e1s eficiente que hemos probado, mientras que los amortiguadores con v\u00e1lvulas y ajustes personalizados absorben cada bache. Ele \u00e9 um lobo em roupas de lobo.","breadcrumb":{"@id":"https:\/\/gr-100.com\/pt-pt\/producto\/specialized-s-works-epic-8-2026\/#breadcrumb"},"inLanguage":"pt-PT","potentialAction":[{"@type":"ReadAction","target":["https:\/\/gr-100.com\/pt-pt\/producto\/specialized-s-works-epic-8-2026\/"]}]},{"@type":"ImageObject","inLanguage":"pt-PT","@id":"https:\/\/gr-100.com\/pt-pt\/producto\/specialized-s-works-epic-8-2026\/#primaryimage","url":"https:\/\/gr-100.com\/wp-content\/uploads\/2025\/04\/Diseno-sin-titulo-2025-04-23T124509.517.jpg","contentUrl":"https:\/\/gr-100.com\/wp-content\/uploads\/2025\/04\/Diseno-sin-titulo-2025-04-23T124509.517.jpg","width":1000,"height":1000},{"@type":"BreadcrumbList","@id":"https:\/\/gr-100.com\/pt-pt\/producto\/specialized-s-works-epic-8-2026\/#breadcrumb","itemListElement":[{"@type":"ListItem","position":1,"name":"Portada","item":"https:\/\/gr-100.com\/en\/"},{"@type":"ListItem","position":2,"name":"Productos","item":"https:\/\/gr-100.com\/?post_type=product"},{"@type":"ListItem","position":3,"name":"Specialized S-Works Epic 8 2026"}]},{"@type":"WebSite","@id":"https:\/\/gr-100.com\/#website","url":"https:\/\/gr-100.com\/","name":"Gr-100 Tienda de ciclismo Specialized","description":"GR-100 tenemos todas las gamas de bicicletas Specialized al mejor precio.","publisher":{"@id":"https:\/\/gr-100.com\/#organization"},"alternateName":"Gr-100 Bikes","potentialAction":[{"@type":"SearchAction","target":{"@type":"EntryPoint","urlTemplate":"https:\/\/gr-100.com\/?s={search_term_string}"},"query-input":{"@type":"PropertyValueSpecification","valueRequired":true,"valueName":"search_term_string"}}],"inLanguage":"pt-PT"},{"@type":"Organization","@id":"https:\/\/gr-100.com\/#organization","name":"Gr-100","url":"https:\/\/gr-100.com\/","logo":{"@type":"ImageObject","inLanguage":"pt-PT","@id":"https:\/\/gr-100.com\/#\/schema\/logo\/image\/","url":"https:\/\/gr-100.com\/wp-content\/uploads\/2023\/08\/logo-gr-100-bikes.png","contentUrl":"https:\/\/gr-100.com\/wp-content\/uploads\/2023\/08\/logo-gr-100-bikes.png","width":707,"height":284,"caption":"Gr-100"},"image":{"@id":"https:\/\/gr-100.com\/#\/schema\/logo\/image\/"},"sameAs":["https:\/\/www.facebook.com\/Gr100Bikes","https:\/\/www.instagram.com\/gr100bikes\/","https:\/\/www.tiktok.com\/@gr100bikes","https:\/\/twitter.com\/gr100mtbteam","https:\/\/www.youtube.com\/c\/GR100Specialized"]}]}},"_links":{"self":[{"href":"https:\/\/gr-100.com\/pt-pt\/wp-json\/wp\/v2\/product\/425490","targetHints":{"allow":["GET"]}}],"collection":[{"href":"https:\/\/gr-100.com\/pt-pt\/wp-json\/wp\/v2\/product"}],"about":[{"href":"https:\/\/gr-100.com\/pt-pt\/wp-json\/wp\/v2\/types\/product"}],"replies":[{"embeddable":true,"href":"https:\/\/gr-100.com\/pt-pt\/wp-json\/wp\/v2\/comments?post=425490"}],"wp:featuredmedia":[{"embeddable":true,"href":"https:\/\/gr-100.com\/pt-pt\/wp-json\/wp\/v2\/media\/406843"}],"wp:attachment":[{"href":"https:\/\/gr-100.com\/pt-pt\/wp-json\/wp\/v2\/media?parent=425490"}],"wp:term":[{"taxonomy":"product_brand","embeddable":true,"href":"https:\/\/gr-100.com\/pt-pt\/wp-json\/wp\/v2\/product_brand?post=425490"},{"taxonomy":"product_cat","embeddable":true,"href":"https:\/\/gr-100.com\/pt-pt\/wp-json\/wp\/v2\/product_cat?post=425490"},{"taxonomy":"product_tag","embeddable":true,"href":"https:\/\/gr-100.com\/pt-pt\/wp-json\/wp\/v2\/product_tag?post=425490"}],"curies":[{"name":"wp","href":"https:\/\/api.w.org\/{rel}","templated":true}]}}