{"id":425545,"date":"2025-01-16T13:03:17","date_gmt":"2025-01-16T12:03:17","guid":{"rendered":"https:\/\/gr-100.com\/producto\/megamo-natural-30-2026\/"},"modified":"2025-01-16T13:03:17","modified_gmt":"2025-01-16T11:03:17","slug":"megamo-natural-30-2026","status":"publish","type":"product","link":"https:\/\/gr-100.com\/pt-pt\/producto\/megamo-natural-30-2026\/","title":{"rendered":"Megamo Natural 30 2026"},"content":{"rendered":"<ul>\n<li>Conjunto de imagens<\/li>\n<li>Alloy 6061 Double Butted Frame, Tecnologia Hidroformada, Roteamento de Cabo Interno<\/li>\n<li>Rock Shox Judy Bobina QR Garfo<\/li>\n<li>Cabe\u00e7a 1-1\/8&#8243; Semi Integrada<\/li>\n<li>Transmiss\u00e3o<\/li>\n<li>Desviador traseiro Shimano CUES 11s<\/li>\n<li>Corrente Shimano CUES FC-U6000<\/li>\n<li>Trav\u00f5es<\/li>\n<li>Conjunto de trav\u00f5es de disco hidr\u00e1ulicos Shimano MT200<\/li>\n<li>Rodas<\/li>\n<li>Pneus MTB de 29&#8243; x 2,2<\/li>\n<li>Buchas de F\u00f3rmula<\/li>\n<li>Rodas de disco de parede dupla Megamo<\/li>\n<li>Componentes<\/li>\n<li>Guiador Megamo Fov Compact<\/li>\n<li>Haste Megamo Fov Compact<\/li>\n<li>Espig\u00e3o de selim Megamo 27,2mm<\/li>\n<li>Sela Megamo<\/li>\n<\/ul>\n","protected":false},"excerpt":{"rendered":"<p>&#8211; Quadro em alum\u00ednio 6061 Triple Butted, Hydroformed Technology, com cablagem interna<br \/>\n&#8211; Forquilha RockShox Judy coil QR<br \/>\n&#8211; Trem de for\u00e7a Shimano CUES de 11 velocidades<br \/>\n&#8211; Trav\u00f5es de disco hidr\u00e1ulicos Shimano M200<br \/>\n&#8211; Rodas Megamo XCone Double Wall<\/p>\n","protected":false},"featured_media":401066,"comment_status":"open","ping_status":"closed","template":"","meta":{"_acf_changed":false,"_et_pb_use_builder":"","_et_pb_old_content":"","_et_gb_content_width":"","inline_featured_image":false},"product_brand":[],"product_cat":[2459,402],"product_tag":[],"class_list":{"0":"post-425545","1":"product","2":"type-product","3":"status-publish","4":"has-post-thumbnail","6":"product_cat-bicicletas-pt-pt-2","7":"product_cat-montanha","9":"first","10":"instock","11":"taxable","12":"shipping-taxable","13":"purchasable","14":"product-type-variable","15":"wvs-archive-product-wrapper"},"acf":[],"yoast_head":"<!-- This site is optimized with the Yoast SEO Premium plugin v26.7 (Yoast SEO v26.7) - https:\/\/yoast.com\/wordpress\/plugins\/seo\/ -->\n<title>Megamo Natural 30 2026 GR-100<\/title>\n<meta name=\"description\" content=\"- Quadro em alum\u00ednio 6061 Triple Butted, tecnologia Hydroformed, com passagem interna de cabos - Forquilha RockShox Judy coil QR - Transmiss\u00e3o Shimano CUES de 11 velocidades - Trav\u00f5es de disco hidr\u00e1ulicos Shimano M200 - Rodas Megamo XCone Double Wall\" \/>\n<meta name=\"robots\" content=\"index, follow, max-snippet:-1, max-image-preview:large, max-video-preview:-1\" \/>\n<link rel=\"canonical\" href=\"https:\/\/gr-100.com\/pt-pt\/producto\/megamo-natural-30-2026\/\" \/>\n<meta property=\"og:locale\" content=\"pt_PT\" \/>\n<meta property=\"og:type\" content=\"article\" \/>\n<meta property=\"og:title\" content=\"Megamo Natural 30 2026\" \/>\n<meta property=\"og:description\" content=\"- Quadro em alum\u00ednio 6061 Triple Butted, tecnologia Hydroformed, com passagem interna de cabos - Forquilha RockShox Judy coil QR - Transmiss\u00e3o Shimano CUES de 11 velocidades - Trav\u00f5es de disco hidr\u00e1ulicos Shimano M200 - Rodas Megamo XCone Double Wall\" \/>\n<meta property=\"og:url\" content=\"https:\/\/gr-100.com\/pt-pt\/producto\/megamo-natural-30-2026\/\" \/>\n<meta property=\"og:site_name\" content=\"Gr-100 Tienda de ciclismo Specialized\" \/>\n<meta property=\"article:publisher\" content=\"https:\/\/www.facebook.com\/Gr100Bikes\" \/>\n<meta property=\"og:image\" content=\"https:\/\/gr-100.com\/wp-content\/uploads\/2025\/01\/Diseno-sin-titulo-2025-01-16T134606.060.jpg\" \/>\n\t<meta property=\"og:image:width\" content=\"1000\" \/>\n\t<meta property=\"og:image:height\" content=\"1000\" \/>\n\t<meta property=\"og:image:type\" content=\"image\/jpeg\" \/>\n<meta name=\"twitter:card\" content=\"summary_large_image\" \/>\n<script type=\"application\/ld+json\" class=\"yoast-schema-graph\">{\"@context\":\"https:\/\/schema.org\",\"@graph\":[{\"@type\":\"WebPage\",\"@id\":\"https:\/\/gr-100.com\/pt-pt\/producto\/megamo-natural-30-2026\/\",\"url\":\"https:\/\/gr-100.com\/pt-pt\/producto\/megamo-natural-30-2026\/\",\"name\":\"Megamo Natural 30 2026 GR-100\",\"isPartOf\":{\"@id\":\"https:\/\/gr-100.com\/#website\"},\"primaryImageOfPage\":{\"@id\":\"https:\/\/gr-100.com\/pt-pt\/producto\/megamo-natural-30-2026\/#primaryimage\"},\"image\":{\"@id\":\"https:\/\/gr-100.com\/pt-pt\/producto\/megamo-natural-30-2026\/#primaryimage\"},\"thumbnailUrl\":\"https:\/\/gr-100.com\/wp-content\/uploads\/2025\/01\/Diseno-sin-titulo-2025-01-16T134606.060.jpg\",\"datePublished\":\"2025-01-16T12:03:17+00:00\",\"description\":\"- Quadro em alum\u00ednio 6061 Triple Butted, tecnologia Hydroformed, com passagem interna de cabos - Forquilha RockShox Judy coil QR - Transmiss\u00e3o Shimano CUES de 11 velocidades - Trav\u00f5es de disco hidr\u00e1ulicos Shimano M200 - Rodas Megamo XCone Double Wall\",\"breadcrumb\":{\"@id\":\"https:\/\/gr-100.com\/pt-pt\/producto\/megamo-natural-30-2026\/#breadcrumb\"},\"inLanguage\":\"pt-PT\",\"potentialAction\":[{\"@type\":\"ReadAction\",\"target\":[\"https:\/\/gr-100.com\/pt-pt\/producto\/megamo-natural-30-2026\/\"]}]},{\"@type\":\"ImageObject\",\"inLanguage\":\"pt-PT\",\"@id\":\"https:\/\/gr-100.com\/pt-pt\/producto\/megamo-natural-30-2026\/#primaryimage\",\"url\":\"https:\/\/gr-100.com\/wp-content\/uploads\/2025\/01\/Diseno-sin-titulo-2025-01-16T134606.060.jpg\",\"contentUrl\":\"https:\/\/gr-100.com\/wp-content\/uploads\/2025\/01\/Diseno-sin-titulo-2025-01-16T134606.060.jpg\",\"width\":1000,\"height\":1000},{\"@type\":\"BreadcrumbList\",\"@id\":\"https:\/\/gr-100.com\/pt-pt\/producto\/megamo-natural-30-2026\/#breadcrumb\",\"itemListElement\":[{\"@type\":\"ListItem\",\"position\":1,\"name\":\"Portada\",\"item\":\"https:\/\/gr-100.com\/en\/\"},{\"@type\":\"ListItem\",\"position\":2,\"name\":\"Productos\",\"item\":\"https:\/\/gr-100.com\/?post_type=product\"},{\"@type\":\"ListItem\",\"position\":3,\"name\":\"Megamo Natural 30 2026\"}]},{\"@type\":\"WebSite\",\"@id\":\"https:\/\/gr-100.com\/#website\",\"url\":\"https:\/\/gr-100.com\/\",\"name\":\"Gr-100 Tienda de ciclismo Specialized\",\"description\":\"GR-100 tenemos todas las gamas de bicicletas Specialized al mejor precio.\",\"publisher\":{\"@id\":\"https:\/\/gr-100.com\/#organization\"},\"alternateName\":\"Gr-100 Bikes\",\"potentialAction\":[{\"@type\":\"SearchAction\",\"target\":{\"@type\":\"EntryPoint\",\"urlTemplate\":\"https:\/\/gr-100.com\/?s={search_term_string}\"},\"query-input\":{\"@type\":\"PropertyValueSpecification\",\"valueRequired\":true,\"valueName\":\"search_term_string\"}}],\"inLanguage\":\"pt-PT\"},{\"@type\":\"Organization\",\"@id\":\"https:\/\/gr-100.com\/#organization\",\"name\":\"Gr-100\",\"url\":\"https:\/\/gr-100.com\/\",\"logo\":{\"@type\":\"ImageObject\",\"inLanguage\":\"pt-PT\",\"@id\":\"https:\/\/gr-100.com\/#\/schema\/logo\/image\/\",\"url\":\"https:\/\/gr-100.com\/wp-content\/uploads\/2023\/08\/logo-gr-100-bikes.png\",\"contentUrl\":\"https:\/\/gr-100.com\/wp-content\/uploads\/2023\/08\/logo-gr-100-bikes.png\",\"width\":707,\"height\":284,\"caption\":\"Gr-100\"},\"image\":{\"@id\":\"https:\/\/gr-100.com\/#\/schema\/logo\/image\/\"},\"sameAs\":[\"https:\/\/www.facebook.com\/Gr100Bikes\",\"https:\/\/www.instagram.com\/gr100bikes\/\",\"https:\/\/www.tiktok.com\/@gr100bikes\",\"https:\/\/twitter.com\/gr100mtbteam\",\"https:\/\/www.youtube.com\/c\/GR100Specialized\"]}]}<\/script>\n<!-- \/ Yoast SEO Premium plugin. -->","yoast_head_json":{"title":"Megamo Natural 30 2026 GR-100","description":"- Quadro em alum\u00ednio 6061 Triple Butted, tecnologia Hydroformed, com passagem interna de cabos - Forquilha RockShox Judy coil QR - Transmiss\u00e3o Shimano CUES de 11 velocidades - Trav\u00f5es de disco hidr\u00e1ulicos Shimano M200 - Rodas Megamo XCone Double Wall","robots":{"index":"index","follow":"follow","max-snippet":"max-snippet:-1","max-image-preview":"max-image-preview:large","max-video-preview":"max-video-preview:-1"},"canonical":"https:\/\/gr-100.com\/pt-pt\/producto\/megamo-natural-30-2026\/","og_locale":"pt_PT","og_type":"article","og_title":"Megamo Natural 30 2026","og_description":"- Quadro em alum\u00ednio 6061 Triple Butted, tecnologia Hydroformed, com passagem interna de cabos - Forquilha RockShox Judy coil QR - Transmiss\u00e3o Shimano CUES de 11 velocidades - Trav\u00f5es de disco hidr\u00e1ulicos Shimano M200 - Rodas Megamo XCone Double Wall","og_url":"https:\/\/gr-100.com\/pt-pt\/producto\/megamo-natural-30-2026\/","og_site_name":"Gr-100 Tienda de ciclismo Specialized","article_publisher":"https:\/\/www.facebook.com\/Gr100Bikes","og_image":[{"width":1000,"height":1000,"url":"https:\/\/gr-100.com\/wp-content\/uploads\/2025\/01\/Diseno-sin-titulo-2025-01-16T134606.060.jpg","type":"image\/jpeg"}],"twitter_card":"summary_large_image","schema":{"@context":"https:\/\/schema.org","@graph":[{"@type":"WebPage","@id":"https:\/\/gr-100.com\/pt-pt\/producto\/megamo-natural-30-2026\/","url":"https:\/\/gr-100.com\/pt-pt\/producto\/megamo-natural-30-2026\/","name":"Megamo Natural 30 2026 GR-100","isPartOf":{"@id":"https:\/\/gr-100.com\/#website"},"primaryImageOfPage":{"@id":"https:\/\/gr-100.com\/pt-pt\/producto\/megamo-natural-30-2026\/#primaryimage"},"image":{"@id":"https:\/\/gr-100.com\/pt-pt\/producto\/megamo-natural-30-2026\/#primaryimage"},"thumbnailUrl":"https:\/\/gr-100.com\/wp-content\/uploads\/2025\/01\/Diseno-sin-titulo-2025-01-16T134606.060.jpg","datePublished":"2025-01-16T12:03:17+00:00","description":"- Quadro em alum\u00ednio 6061 Triple Butted, tecnologia Hydroformed, com passagem interna de cabos - Forquilha RockShox Judy coil QR - Transmiss\u00e3o Shimano CUES de 11 velocidades - Trav\u00f5es de disco hidr\u00e1ulicos Shimano M200 - Rodas Megamo XCone Double Wall","breadcrumb":{"@id":"https:\/\/gr-100.com\/pt-pt\/producto\/megamo-natural-30-2026\/#breadcrumb"},"inLanguage":"pt-PT","potentialAction":[{"@type":"ReadAction","target":["https:\/\/gr-100.com\/pt-pt\/producto\/megamo-natural-30-2026\/"]}]},{"@type":"ImageObject","inLanguage":"pt-PT","@id":"https:\/\/gr-100.com\/pt-pt\/producto\/megamo-natural-30-2026\/#primaryimage","url":"https:\/\/gr-100.com\/wp-content\/uploads\/2025\/01\/Diseno-sin-titulo-2025-01-16T134606.060.jpg","contentUrl":"https:\/\/gr-100.com\/wp-content\/uploads\/2025\/01\/Diseno-sin-titulo-2025-01-16T134606.060.jpg","width":1000,"height":1000},{"@type":"BreadcrumbList","@id":"https:\/\/gr-100.com\/pt-pt\/producto\/megamo-natural-30-2026\/#breadcrumb","itemListElement":[{"@type":"ListItem","position":1,"name":"Portada","item":"https:\/\/gr-100.com\/en\/"},{"@type":"ListItem","position":2,"name":"Productos","item":"https:\/\/gr-100.com\/?post_type=product"},{"@type":"ListItem","position":3,"name":"Megamo Natural 30 2026"}]},{"@type":"WebSite","@id":"https:\/\/gr-100.com\/#website","url":"https:\/\/gr-100.com\/","name":"Gr-100 Tienda de ciclismo Specialized","description":"GR-100 tenemos todas las gamas de bicicletas Specialized al mejor precio.","publisher":{"@id":"https:\/\/gr-100.com\/#organization"},"alternateName":"Gr-100 Bikes","potentialAction":[{"@type":"SearchAction","target":{"@type":"EntryPoint","urlTemplate":"https:\/\/gr-100.com\/?s={search_term_string}"},"query-input":{"@type":"PropertyValueSpecification","valueRequired":true,"valueName":"search_term_string"}}],"inLanguage":"pt-PT"},{"@type":"Organization","@id":"https:\/\/gr-100.com\/#organization","name":"Gr-100","url":"https:\/\/gr-100.com\/","logo":{"@type":"ImageObject","inLanguage":"pt-PT","@id":"https:\/\/gr-100.com\/#\/schema\/logo\/image\/","url":"https:\/\/gr-100.com\/wp-content\/uploads\/2023\/08\/logo-gr-100-bikes.png","contentUrl":"https:\/\/gr-100.com\/wp-content\/uploads\/2023\/08\/logo-gr-100-bikes.png","width":707,"height":284,"caption":"Gr-100"},"image":{"@id":"https:\/\/gr-100.com\/#\/schema\/logo\/image\/"},"sameAs":["https:\/\/www.facebook.com\/Gr100Bikes","https:\/\/www.instagram.com\/gr100bikes\/","https:\/\/www.tiktok.com\/@gr100bikes","https:\/\/twitter.com\/gr100mtbteam","https:\/\/www.youtube.com\/c\/GR100Specialized"]}]}},"_links":{"self":[{"href":"https:\/\/gr-100.com\/pt-pt\/wp-json\/wp\/v2\/product\/425545","targetHints":{"allow":["GET"]}}],"collection":[{"href":"https:\/\/gr-100.com\/pt-pt\/wp-json\/wp\/v2\/product"}],"about":[{"href":"https:\/\/gr-100.com\/pt-pt\/wp-json\/wp\/v2\/types\/product"}],"replies":[{"embeddable":true,"href":"https:\/\/gr-100.com\/pt-pt\/wp-json\/wp\/v2\/comments?post=425545"}],"wp:featuredmedia":[{"embeddable":true,"href":"https:\/\/gr-100.com\/pt-pt\/wp-json\/wp\/v2\/media\/401066"}],"wp:attachment":[{"href":"https:\/\/gr-100.com\/pt-pt\/wp-json\/wp\/v2\/media?parent=425545"}],"wp:term":[{"taxonomy":"product_brand","embeddable":true,"href":"https:\/\/gr-100.com\/pt-pt\/wp-json\/wp\/v2\/product_brand?post=425545"},{"taxonomy":"product_cat","embeddable":true,"href":"https:\/\/gr-100.com\/pt-pt\/wp-json\/wp\/v2\/product_cat?post=425545"},{"taxonomy":"product_tag","embeddable":true,"href":"https:\/\/gr-100.com\/pt-pt\/wp-json\/wp\/v2\/product_tag?post=425545"}],"curies":[{"name":"wp","href":"https:\/\/api.w.org\/{rel}","templated":true}]}}