{"id":425569,"date":"2024-12-30T12:12:03","date_gmt":"2024-12-30T11:12:03","guid":{"rendered":"https:\/\/gr-100.com\/producto\/specialized-chisel-ht-base-2025\/"},"modified":"2024-12-30T12:12:03","modified_gmt":"2024-12-30T10:12:03","slug":"specialized-chisel-ht-base-2025","status":"publish","type":"product","link":"https:\/\/gr-100.com\/pt-pt\/producto\/specialized-chisel-ht-base-2025\/","title":{"rendered":"Specialized Chisel HT Base 2025"},"content":{"rendered":"<p>&#8211; Quadro: Specialized DAluisio Smartweld M5 Alloy, tubos hidroformados, geometria XC progressiva, roteamento interno de cabos, suporte inferior BSA, 12x148mm, compat\u00edvel com espig\u00e3o de selim telesc\u00f3pico de 30,9mm.<\/p>\n<p>&#8211; Forqueta: RockShox Judy Silver, amortecedor TurnKey, Solo Air, 42mm de curso, eixo passante 15x110mm, 100mm de curso (tamanho XS: 80mm de curso)<\/p>\n<p>&#8211; Guiador: Specialized Alloy XC minirise, liga de dupla face, 8\u00b0 de recuo, 6\u00b0 de subida, 10mm de altura, 31,8mm<\/p>\n<p>&#8211; Haste: Specialized, liga forjada 3D, 4 parafusos, 7\u00b0 de eleva\u00e7\u00e3o<\/p>\n<p>&#8211; Punhos: Punhos Specialized Trail<\/p>\n<p>&#8211; Selim: Body Geometry Power Sport, carris de a\u00e7o<\/p>\n<p>&#8211; Espig\u00e3o de selim: Liga, bra\u00e7adeira de 2 parafusos, 30,9 mm<\/p>\n<p>&#8211; Abra\u00e7adeira de selim: Specialized Alloy, 34.9mm<\/p>\n<p>&#8211; Trav\u00e3o dianteiro: SRAM Level T, disco hidr\u00e1ulico, pin\u00e7a de 2 pist\u00f5es<\/p>\n<p>&#8211; Trav\u00e3o traseiro: SRAM Level T, disco hidr\u00e1ulico, pin\u00e7a de 2 pist\u00f5es<\/p>\n<p>&#8211; Alavancas de mudan\u00e7as: SRAM SX Eagle, gatilho, 12 velocidades<\/p>\n<p>&#8211; Desviador traseiro: SRAM NX Eagle, 12 velocidades<\/p>\n<p>&#8211; Cassete: SRAM PG-1210 Eagle, 11-50t<\/p>\n<p>&#8211; Corrente: SRAM SX Eagle, 12 velocidades<\/p>\n<p>&#8211; Pedaleira: SRAM SX Eagle, Powerspline<\/p>\n<p>&#8211; Rodas de corrente: 32t<\/p>\n<p>&#8211; Suporte inferior: SRAM Powerspline<\/p>\n<p>&#8211; Jantes: Specialized 29, 27mm de largura interior, 28 raios, tubeless ready<\/p>\n<p>&#8211; Cubo dianteiro: cubo em liga leve, rolamentos selados, 6 parafusos, eixo passante de 15&#215;110 mm, 28 raios<\/p>\n<p>&#8211; Cubo traseiro: cubo em liga leve, rolamentos selados, eixo passante 12x148mm, 6 parafusos, 28 raios<\/p>\n<p>&#8211; Raios: A\u00e7o inoxid\u00e1vel, 14g<\/p>\n<p>&#8211; Pneu dianteiro: Specialized Fast Trak, carca\u00e7a de controlo, composto T7, 29&#215;2.35<\/p>\n<p>&#8211; Pneu traseiro: Specialized Fast Trak, carca\u00e7a de controlo, composto T5, 29&#215;2.35<\/p>\n<p>&#8211; Tubos: V\u00e1lvula Presta standard de 40 mm, 29&#215;1,75-2,4<\/p>\n","protected":false},"excerpt":{"rendered":"<p>Concebida para oferecer uma experi\u00eancia de condu\u00e7\u00e3o confort\u00e1vel e segura, apresenta uma geometria XC progressiva, um \u00e2ngulo de dire\u00e7\u00e3o de 68\u00b0 e um alcance alargado, assegurando uma condu\u00e7\u00e3o din\u00e2mica.<\/p>\n<p>O suporte inferior BSA roscado e o espa\u00e7amento Boost melhoram a rigidez e a resposta do quadro, enquanto a compatibilidade com espig\u00f5es de selim de 30,9 mm te permite adaptar facilmente a qualquer terreno.<\/p>\n","protected":false},"featured_media":400127,"comment_status":"open","ping_status":"closed","template":"","meta":{"_acf_changed":false,"_et_pb_use_builder":"","_et_pb_old_content":"","_et_gb_content_width":"","inline_featured_image":false},"product_brand":[],"product_cat":[5379,5378,5375,5374,4353,2459,402,2483,403],"product_tag":[],"class_list":{"0":"post-425569","1":"product","2":"type-product","3":"status-publish","4":"has-post-thumbnail","6":"product_cat-bicicletas-de-montanha-cross-country-xc","7":"product_cat-bicicletas-de-montanha-de-29","8":"product_cat-bicicletas-de-montanha-specialized","9":"product_cat-descontos","10":"product_cat-liquidacion-specialized","11":"product_cat-bicicletas-pt-pt-2","12":"product_cat-montanha","13":"product_cat-bicicletas-especializadas","14":"product_cat-outlet-pt-pt","16":"first","17":"instock","18":"sale","19":"taxable","20":"shipping-taxable","21":"purchasable","22":"product-type-variable","23":"wvs-archive-product-wrapper"},"acf":[],"yoast_head":"<!-- This site is optimized with the Yoast SEO Premium plugin v26.7 (Yoast SEO v26.7) - https:\/\/yoast.com\/wordpress\/plugins\/seo\/ -->\n<title>Specialized Chisel HT Base 2025 GR-100<\/title>\n<meta name=\"description\" content=\"Concebida para oferecer uma experi\u00eancia de condu\u00e7\u00e3o confort\u00e1vel e segura, apresenta uma geometria XC progressiva, um \u00e2ngulo de dire\u00e7\u00e3o de 68\u00b0 e um alcance alargado, assegurando uma condu\u00e7\u00e3o din\u00e2mica, o suporte inferior BSA roscado e o espa\u00e7amento Boost melhoram a rigidez e a resposta do quadro, enquanto a compatibilidade com espig\u00f5es de selim de 30,9 mm te permite adaptar facilmente a qualquer terreno.\" \/>\n<meta name=\"robots\" content=\"index, follow, max-snippet:-1, max-image-preview:large, max-video-preview:-1\" \/>\n<link rel=\"canonical\" href=\"https:\/\/gr-100.com\/pt-pt\/producto\/specialized-chisel-ht-base-2025\/\" \/>\n<meta property=\"og:locale\" content=\"pt_PT\" \/>\n<meta property=\"og:type\" content=\"article\" \/>\n<meta property=\"og:title\" content=\"Specialized Chisel HT Base 2025\" \/>\n<meta property=\"og:description\" content=\"Concebida para oferecer uma experi\u00eancia de condu\u00e7\u00e3o confort\u00e1vel e segura, apresenta uma geometria XC progressiva, um \u00e2ngulo de dire\u00e7\u00e3o de 68\u00b0 e um alcance alargado, assegurando uma condu\u00e7\u00e3o din\u00e2mica, o suporte inferior BSA roscado e o espa\u00e7amento Boost melhoram a rigidez e a resposta do quadro, enquanto a compatibilidade com espig\u00f5es de selim de 30,9 mm te permite adaptar facilmente a qualquer terreno.\" \/>\n<meta property=\"og:url\" content=\"https:\/\/gr-100.com\/pt-pt\/producto\/specialized-chisel-ht-base-2025\/\" \/>\n<meta property=\"og:site_name\" content=\"Gr-100 Tienda de ciclismo Specialized\" \/>\n<meta property=\"article:publisher\" content=\"https:\/\/www.facebook.com\/Gr100Bikes\" \/>\n<meta property=\"og:image\" content=\"https:\/\/gr-100.com\/wp-content\/uploads\/2024\/12\/Diseno-sin-titulo-2024-12-30T123658.545.jpg\" \/>\n\t<meta property=\"og:image:width\" content=\"1000\" \/>\n\t<meta property=\"og:image:height\" content=\"1000\" \/>\n\t<meta property=\"og:image:type\" content=\"image\/jpeg\" \/>\n<meta name=\"twitter:card\" content=\"summary_large_image\" \/>\n<meta name=\"twitter:label1\" content=\"Tempo estimado de leitura\" \/>\n\t<meta name=\"twitter:data1\" content=\"1 minuto\" \/>\n<script type=\"application\/ld+json\" class=\"yoast-schema-graph\">{\"@context\":\"https:\/\/schema.org\",\"@graph\":[{\"@type\":\"WebPage\",\"@id\":\"https:\/\/gr-100.com\/pt-pt\/producto\/specialized-chisel-ht-base-2025\/\",\"url\":\"https:\/\/gr-100.com\/pt-pt\/producto\/specialized-chisel-ht-base-2025\/\",\"name\":\"Specialized Chisel HT Base 2025 GR-100\",\"isPartOf\":{\"@id\":\"https:\/\/gr-100.com\/#website\"},\"primaryImageOfPage\":{\"@id\":\"https:\/\/gr-100.com\/pt-pt\/producto\/specialized-chisel-ht-base-2025\/#primaryimage\"},\"image\":{\"@id\":\"https:\/\/gr-100.com\/pt-pt\/producto\/specialized-chisel-ht-base-2025\/#primaryimage\"},\"thumbnailUrl\":\"https:\/\/gr-100.com\/wp-content\/uploads\/2024\/12\/Diseno-sin-titulo-2024-12-30T123658.545.jpg\",\"datePublished\":\"2024-12-30T11:12:03+00:00\",\"description\":\"Concebida para oferecer uma experi\u00eancia de condu\u00e7\u00e3o confort\u00e1vel e segura, apresenta uma geometria XC progressiva, um \u00e2ngulo de dire\u00e7\u00e3o de 68\u00b0 e um alcance alargado, assegurando uma condu\u00e7\u00e3o din\u00e2mica, o suporte inferior BSA roscado e o espa\u00e7amento Boost melhoram a rigidez e a resposta do quadro, enquanto a compatibilidade com espig\u00f5es de selim de 30,9 mm te permite adaptar facilmente a qualquer terreno.\",\"breadcrumb\":{\"@id\":\"https:\/\/gr-100.com\/pt-pt\/producto\/specialized-chisel-ht-base-2025\/#breadcrumb\"},\"inLanguage\":\"pt-PT\",\"potentialAction\":[{\"@type\":\"ReadAction\",\"target\":[\"https:\/\/gr-100.com\/pt-pt\/producto\/specialized-chisel-ht-base-2025\/\"]}]},{\"@type\":\"ImageObject\",\"inLanguage\":\"pt-PT\",\"@id\":\"https:\/\/gr-100.com\/pt-pt\/producto\/specialized-chisel-ht-base-2025\/#primaryimage\",\"url\":\"https:\/\/gr-100.com\/wp-content\/uploads\/2024\/12\/Diseno-sin-titulo-2024-12-30T123658.545.jpg\",\"contentUrl\":\"https:\/\/gr-100.com\/wp-content\/uploads\/2024\/12\/Diseno-sin-titulo-2024-12-30T123658.545.jpg\",\"width\":1000,\"height\":1000},{\"@type\":\"BreadcrumbList\",\"@id\":\"https:\/\/gr-100.com\/pt-pt\/producto\/specialized-chisel-ht-base-2025\/#breadcrumb\",\"itemListElement\":[{\"@type\":\"ListItem\",\"position\":1,\"name\":\"Portada\",\"item\":\"https:\/\/gr-100.com\/en\/\"},{\"@type\":\"ListItem\",\"position\":2,\"name\":\"Productos\",\"item\":\"https:\/\/gr-100.com\/?post_type=product\"},{\"@type\":\"ListItem\",\"position\":3,\"name\":\"Specialized Chisel HT Base 2025\"}]},{\"@type\":\"WebSite\",\"@id\":\"https:\/\/gr-100.com\/#website\",\"url\":\"https:\/\/gr-100.com\/\",\"name\":\"Gr-100 Tienda de ciclismo Specialized\",\"description\":\"GR-100 tenemos todas las gamas de bicicletas Specialized al mejor precio.\",\"publisher\":{\"@id\":\"https:\/\/gr-100.com\/#organization\"},\"alternateName\":\"Gr-100 Bikes\",\"potentialAction\":[{\"@type\":\"SearchAction\",\"target\":{\"@type\":\"EntryPoint\",\"urlTemplate\":\"https:\/\/gr-100.com\/?s={search_term_string}\"},\"query-input\":{\"@type\":\"PropertyValueSpecification\",\"valueRequired\":true,\"valueName\":\"search_term_string\"}}],\"inLanguage\":\"pt-PT\"},{\"@type\":\"Organization\",\"@id\":\"https:\/\/gr-100.com\/#organization\",\"name\":\"Gr-100\",\"url\":\"https:\/\/gr-100.com\/\",\"logo\":{\"@type\":\"ImageObject\",\"inLanguage\":\"pt-PT\",\"@id\":\"https:\/\/gr-100.com\/#\/schema\/logo\/image\/\",\"url\":\"https:\/\/gr-100.com\/wp-content\/uploads\/2023\/08\/logo-gr-100-bikes.png\",\"contentUrl\":\"https:\/\/gr-100.com\/wp-content\/uploads\/2023\/08\/logo-gr-100-bikes.png\",\"width\":707,\"height\":284,\"caption\":\"Gr-100\"},\"image\":{\"@id\":\"https:\/\/gr-100.com\/#\/schema\/logo\/image\/\"},\"sameAs\":[\"https:\/\/www.facebook.com\/Gr100Bikes\",\"https:\/\/www.instagram.com\/gr100bikes\/\",\"https:\/\/www.tiktok.com\/@gr100bikes\",\"https:\/\/twitter.com\/gr100mtbteam\",\"https:\/\/www.youtube.com\/c\/GR100Specialized\"]}]}<\/script>\n<!-- \/ Yoast SEO Premium plugin. -->","yoast_head_json":{"title":"Specialized Chisel HT Base 2025 GR-100","description":"Concebida para oferecer uma experi\u00eancia de condu\u00e7\u00e3o confort\u00e1vel e segura, apresenta uma geometria XC progressiva, um \u00e2ngulo de dire\u00e7\u00e3o de 68\u00b0 e um alcance alargado, assegurando uma condu\u00e7\u00e3o din\u00e2mica, o suporte inferior BSA roscado e o espa\u00e7amento Boost melhoram a rigidez e a resposta do quadro, enquanto a compatibilidade com espig\u00f5es de selim de 30,9 mm te permite adaptar facilmente a qualquer terreno.","robots":{"index":"index","follow":"follow","max-snippet":"max-snippet:-1","max-image-preview":"max-image-preview:large","max-video-preview":"max-video-preview:-1"},"canonical":"https:\/\/gr-100.com\/pt-pt\/producto\/specialized-chisel-ht-base-2025\/","og_locale":"pt_PT","og_type":"article","og_title":"Specialized Chisel HT Base 2025","og_description":"Concebida para oferecer uma experi\u00eancia de condu\u00e7\u00e3o confort\u00e1vel e segura, apresenta uma geometria XC progressiva, um \u00e2ngulo de dire\u00e7\u00e3o de 68\u00b0 e um alcance alargado, assegurando uma condu\u00e7\u00e3o din\u00e2mica, o suporte inferior BSA roscado e o espa\u00e7amento Boost melhoram a rigidez e a resposta do quadro, enquanto a compatibilidade com espig\u00f5es de selim de 30,9 mm te permite adaptar facilmente a qualquer terreno.","og_url":"https:\/\/gr-100.com\/pt-pt\/producto\/specialized-chisel-ht-base-2025\/","og_site_name":"Gr-100 Tienda de ciclismo Specialized","article_publisher":"https:\/\/www.facebook.com\/Gr100Bikes","og_image":[{"width":1000,"height":1000,"url":"https:\/\/gr-100.com\/wp-content\/uploads\/2024\/12\/Diseno-sin-titulo-2024-12-30T123658.545.jpg","type":"image\/jpeg"}],"twitter_card":"summary_large_image","twitter_misc":{"Tempo estimado de leitura":"1 minuto"},"schema":{"@context":"https:\/\/schema.org","@graph":[{"@type":"WebPage","@id":"https:\/\/gr-100.com\/pt-pt\/producto\/specialized-chisel-ht-base-2025\/","url":"https:\/\/gr-100.com\/pt-pt\/producto\/specialized-chisel-ht-base-2025\/","name":"Specialized Chisel HT Base 2025 GR-100","isPartOf":{"@id":"https:\/\/gr-100.com\/#website"},"primaryImageOfPage":{"@id":"https:\/\/gr-100.com\/pt-pt\/producto\/specialized-chisel-ht-base-2025\/#primaryimage"},"image":{"@id":"https:\/\/gr-100.com\/pt-pt\/producto\/specialized-chisel-ht-base-2025\/#primaryimage"},"thumbnailUrl":"https:\/\/gr-100.com\/wp-content\/uploads\/2024\/12\/Diseno-sin-titulo-2024-12-30T123658.545.jpg","datePublished":"2024-12-30T11:12:03+00:00","description":"Concebida para oferecer uma experi\u00eancia de condu\u00e7\u00e3o confort\u00e1vel e segura, apresenta uma geometria XC progressiva, um \u00e2ngulo de dire\u00e7\u00e3o de 68\u00b0 e um alcance alargado, assegurando uma condu\u00e7\u00e3o din\u00e2mica, o suporte inferior BSA roscado e o espa\u00e7amento Boost melhoram a rigidez e a resposta do quadro, enquanto a compatibilidade com espig\u00f5es de selim de 30,9 mm te permite adaptar facilmente a qualquer terreno.","breadcrumb":{"@id":"https:\/\/gr-100.com\/pt-pt\/producto\/specialized-chisel-ht-base-2025\/#breadcrumb"},"inLanguage":"pt-PT","potentialAction":[{"@type":"ReadAction","target":["https:\/\/gr-100.com\/pt-pt\/producto\/specialized-chisel-ht-base-2025\/"]}]},{"@type":"ImageObject","inLanguage":"pt-PT","@id":"https:\/\/gr-100.com\/pt-pt\/producto\/specialized-chisel-ht-base-2025\/#primaryimage","url":"https:\/\/gr-100.com\/wp-content\/uploads\/2024\/12\/Diseno-sin-titulo-2024-12-30T123658.545.jpg","contentUrl":"https:\/\/gr-100.com\/wp-content\/uploads\/2024\/12\/Diseno-sin-titulo-2024-12-30T123658.545.jpg","width":1000,"height":1000},{"@type":"BreadcrumbList","@id":"https:\/\/gr-100.com\/pt-pt\/producto\/specialized-chisel-ht-base-2025\/#breadcrumb","itemListElement":[{"@type":"ListItem","position":1,"name":"Portada","item":"https:\/\/gr-100.com\/en\/"},{"@type":"ListItem","position":2,"name":"Productos","item":"https:\/\/gr-100.com\/?post_type=product"},{"@type":"ListItem","position":3,"name":"Specialized Chisel HT Base 2025"}]},{"@type":"WebSite","@id":"https:\/\/gr-100.com\/#website","url":"https:\/\/gr-100.com\/","name":"Gr-100 Tienda de ciclismo Specialized","description":"GR-100 tenemos todas las gamas de bicicletas Specialized al mejor precio.","publisher":{"@id":"https:\/\/gr-100.com\/#organization"},"alternateName":"Gr-100 Bikes","potentialAction":[{"@type":"SearchAction","target":{"@type":"EntryPoint","urlTemplate":"https:\/\/gr-100.com\/?s={search_term_string}"},"query-input":{"@type":"PropertyValueSpecification","valueRequired":true,"valueName":"search_term_string"}}],"inLanguage":"pt-PT"},{"@type":"Organization","@id":"https:\/\/gr-100.com\/#organization","name":"Gr-100","url":"https:\/\/gr-100.com\/","logo":{"@type":"ImageObject","inLanguage":"pt-PT","@id":"https:\/\/gr-100.com\/#\/schema\/logo\/image\/","url":"https:\/\/gr-100.com\/wp-content\/uploads\/2023\/08\/logo-gr-100-bikes.png","contentUrl":"https:\/\/gr-100.com\/wp-content\/uploads\/2023\/08\/logo-gr-100-bikes.png","width":707,"height":284,"caption":"Gr-100"},"image":{"@id":"https:\/\/gr-100.com\/#\/schema\/logo\/image\/"},"sameAs":["https:\/\/www.facebook.com\/Gr100Bikes","https:\/\/www.instagram.com\/gr100bikes\/","https:\/\/www.tiktok.com\/@gr100bikes","https:\/\/twitter.com\/gr100mtbteam","https:\/\/www.youtube.com\/c\/GR100Specialized"]}]}},"_links":{"self":[{"href":"https:\/\/gr-100.com\/pt-pt\/wp-json\/wp\/v2\/product\/425569","targetHints":{"allow":["GET"]}}],"collection":[{"href":"https:\/\/gr-100.com\/pt-pt\/wp-json\/wp\/v2\/product"}],"about":[{"href":"https:\/\/gr-100.com\/pt-pt\/wp-json\/wp\/v2\/types\/product"}],"replies":[{"embeddable":true,"href":"https:\/\/gr-100.com\/pt-pt\/wp-json\/wp\/v2\/comments?post=425569"}],"wp:featuredmedia":[{"embeddable":true,"href":"https:\/\/gr-100.com\/pt-pt\/wp-json\/wp\/v2\/media\/400127"}],"wp:attachment":[{"href":"https:\/\/gr-100.com\/pt-pt\/wp-json\/wp\/v2\/media?parent=425569"}],"wp:term":[{"taxonomy":"product_brand","embeddable":true,"href":"https:\/\/gr-100.com\/pt-pt\/wp-json\/wp\/v2\/product_brand?post=425569"},{"taxonomy":"product_cat","embeddable":true,"href":"https:\/\/gr-100.com\/pt-pt\/wp-json\/wp\/v2\/product_cat?post=425569"},{"taxonomy":"product_tag","embeddable":true,"href":"https:\/\/gr-100.com\/pt-pt\/wp-json\/wp\/v2\/product_tag?post=425569"}],"curies":[{"name":"wp","href":"https:\/\/api.w.org\/{rel}","templated":true}]}}