{"id":425627,"date":"2024-12-27T11:26:42","date_gmt":"2024-12-27T10:26:42","guid":{"rendered":"https:\/\/gr-100.com\/producto\/specialized-chisel-comp-evo-2025\/"},"modified":"2024-12-27T11:26:42","modified_gmt":"2024-12-27T09:26:42","slug":"specialized-chisel-comp-evo-2025","status":"publish","type":"product","link":"https:\/\/gr-100.com\/pt-pt\/producto\/specialized-chisel-comp-evo-2025\/","title":{"rendered":"Specialized Chisel Comp EVO 2025"},"content":{"rendered":"<p>MET\u00c1LICAMENTE R\u00c1PIDA: Con la tecnolog\u00eda Smartweld de D&#8217;Aluisio, la Chisel Comp EVO cuenta con el cuadro de aluminio XC m\u00e1s ligero de su clase. Cada tubo del cuadro, altamente manipulado, presenta una variedad continua del grosor en las paredes y una forma que proporciona rigidez donde la necesitas, para una mayor eficiencia, y suavidad de marcha donde desees, para una mayor comodidad y un control \u00f3ptimo. <\/p>\n<p>CAPACIDAD SIN L\u00cdMITES: Con una serie de especificaciones preparadas para los senderos, incluyendo un aumento de hasta 130 mm de recorrido en la parte delantera, la Chisel EVO lo devora todo y se siente como en casa en los terrenos dif\u00edciles. La cinem\u00e1tica avanzada de la suspensi\u00f3n, la suspensi\u00f3n ajustada Ride Dynamics y la geometr\u00eda progresiva se pueden encontrar en la Chisel Comp EVO, lo que la hace m\u00e1s capaz de manejar grandes recorridos con confianza y velocidad. <\/p>\n<p>EFICIENCIA INCRE\u00cdBLE: La Chisel Comp EVO es la bici con la pedalada m\u00e1s eficiente de su clase, gracias a la utilizaci\u00f3n de la geometr\u00eda y la cinem\u00e1tica de nuestra plataforma Epic 8 EVO. El tubo de sill\u00edn inclinado te coloca en la posici\u00f3n \u00f3ptima de pedaleo para ahorrar energ\u00eda en los largos descensos. El anti-squat perfeccionado reduce el pedal-bob. Si lo unimos, la Chisel Comp EVO traduce cada vatio empleado a los pedales en un mayor impulso hacia delante.   <\/p>\n<p>M\u00c1S LIGEREZA ES M\u00c1S R\u00c1PIDEZ: Hemos dise\u00f1ado una parte trasera Flex Stay para obtener un rendimiento de la suspensi\u00f3n l\u00edder en su clase, eliminando al mismo tiempo el peso extra y el mantenimiento asociado a los pivotes necesarios en un dise\u00f1o tradicional. M\u00e1s com\u00fan en las bicicletas de carbono, extensas pruebas en el terreno y en el laboratorio demuestran que Chisel Comp EVO ha logrado lo imposible: la eficiencia, el control y la ligereza de un dise\u00f1o Flex Stay en el aluminio avanzado. <\/p>\n<p>ALUMINIO HIDROFORMADO: Chisel Comp EVO ahorra material y peso extra con un tubo de sill\u00edn hidroformado de una sola pieza que integra el pivote del tubo de sill\u00edn, el pivote principal y la caja del pedalier. En una bicicleta m\u00e1s tradicional, el tubo del asiento es normalmente solo un \u00abtubo\u00bb con pivotes y la caja del pedalier soldada. <\/p>\n<p>Tubos hidroformados D&#8217;Aluisio Smartweld y uniones de tubos dise\u00f1ados, geoajuste Flip Chip, recorrido de 110 mm<\/p>\n<p>Horquilla FOX 34 Performance Elite 130 mm con amortiguador Grip 2<\/p>\n<p>Amortiguador trasero Ride Dynamics Tuned FOX FLOAT Performance<\/p>\n<p>Tija telesc\u00f3pica TranzX (100 mm-170 mm)<\/p>\n<p>Cambio trasero SRAM GX Eagle<\/p>\n<p>Frenos SRAM G2 RS de 4 pistones<\/p>\n<p>Neum\u00e1tico Specialized Purgatory Grid T9 (delantero)<\/p>\n<p>Neum\u00e1tico Specialized Ground Control Grid T7 (trasero)<\/p>\n<p>Manillar Rise de 20 mm<\/p>\n<ul>\n<li>CUADRO Specialized DAluisio Smartweld M5 Alloy, Hydroformed tubes, Progressive XC Geometry, 110mm travel, internal cable routing, BSA BB, 12x148mm spacing, 30.9mm Dropper post compatible<\/li>\n<li>HORQUILLA Fox 34 Performance Elite, Grip2 Damper, Compression adjust, 130mm travel, 44mm offset, 15x110mm<\/li>\n<li>AMORTIGUADOR Fox Float Performance, Evol LV, Ride Dynamics Tuned, 2-position compression adjust, 190x40mm<\/li>\n<li>Specialized 20mm de eleva\u00e7\u00e3o, 35mm, 760mm de largura<\/li>\n<li>Specialized<\/li>\n<li>Haste de liga STEM, bra\u00e7adeira de 35mm, 60mm<\/li>\n<li>SILL\u00cdN Body Geometry Power Comp, steel rails<\/li>\n<li>ESPIG\u00c3O ASSENTO X-Fusion Manic, 30.9, curso 125\/150\/170, deslocamento de 0mm<\/li>\n<li>ABRA\u00c7O. SILL\u00cdN Specialized Alloy, 34.9mm<\/li>\n<li>FRENO DELANTERO SRAM G2 RS hydraulic disc, 4-Piston Caliper, 180mm rotor<\/li>\n<li>FRENO TRASERO SRAM G2 RS hydraulic disc, 4-Piston Caliper, 180mm rotor<\/li>\n<li>MANETA DE CAMBIO SRAM GX, trigger, 12-speed<\/li>\n<li>SRAM GX Eagle derailleur traseiro de 12 velocidades<\/li>\n<li>CASSETTE SRAM PG-1230 EAGLE 11-50t<\/li>\n<li>BIELAS SRAM X1000 Eagle, DUB, 165\/170\/175mm 32T<\/li>\n<li>AN\u00c9IS DE 32T<\/li>\n<li>SRAM SRAM Eagle Corrente de 12 velocidades<\/li>\n<li>SRAM DUB, BSA 73mm, roscado<\/li>\n<li>RIMS Specialized 29, liga sem gancho, largura interna de 30 mm, pronto para tubo<\/li>\n<li>CUBO DIANTEIRO Liga, rolamentos de cartucho selados, eixo thru 15x110mm, 28h<\/li>\n<li>CUBO TRASEIRO Liga, rolamentos de cartucho selados, eixo thru 12x148mm, 28h<\/li>\n<li>R\u00c1DIOS DT Ind\u00fastria Su\u00ed\u00e7a<\/li>\n<li>NEUM\u00c1TICO DELANTERO Specialized Purgatory, GRID Casing, T9 Compound, 29&#215;2.4<\/li>\n<li>Specialized, Inv\u00f3lucro GRID, Composto T7, 29&#215;2.35<\/li>\n<li>C\u00c2MARAS Padr\u00e3o 40mm PV 29&#215;1.75-2.4<\/li>\n<li>PESO 13.53kg talla M<\/li>\n<\/ul>\n<p>&nbsp;<\/p>\n","protected":false},"excerpt":{"rendered":"<p>La bici de aluminio con doble suspensi\u00f3n m\u00e1s ligera y r\u00e1pida del mundo se renueva por completo con la versi\u00f3n EVO s\u00faper capaz. Un 18,4 % m\u00e1s ligera que su competidora m\u00e1s cercana, compartiendo geometr\u00eda y cinem\u00e1tica con nuestra Epic 8 <\/p>\n<p>EVO, la nueva Chisel Comp EVO ofrece un rendimiento que puedes sentir y est\u00e1 preparada para una experiencia de descenso definitiva.<\/p>\n","protected":false},"featured_media":399913,"comment_status":"open","ping_status":"closed","template":"","meta":{"_acf_changed":false,"_et_pb_use_builder":"","_et_pb_old_content":"","_et_gb_content_width":"","inline_featured_image":false},"product_brand":[],"product_cat":[4353,2459,402,2483,2696],"product_tag":[],"class_list":{"0":"post-425627","1":"product","2":"type-product","3":"status-publish","4":"has-post-thumbnail","6":"product_cat-liquidacion-specialized","7":"product_cat-bicicletas-pt-pt-2","8":"product_cat-montanha","9":"product_cat-bicicletas-especializadas","10":"product_cat-ofertas-especializadas","12":"first","13":"instock","14":"sale","15":"taxable","16":"shipping-taxable","17":"purchasable","18":"product-type-variable","19":"wvs-archive-product-wrapper"},"acf":[],"yoast_head":"<!-- This site is optimized with the Yoast SEO Premium plugin v26.7 (Yoast SEO v26.7) - https:\/\/yoast.com\/wordpress\/plugins\/seo\/ -->\n<title>Specialized Chisel Comp EVO 2025 GR-100<\/title>\n<meta name=\"description\" content=\"Aluminio con doble suspensi\u00f3n m\u00e1s ligera y r\u00e1pida del mundo se renueva por completo con la versi\u00f3n EVO s\u00faper capaz. Un 18,4 % m\u00e1s ligera que su competidora\" \/>\n<meta name=\"robots\" content=\"index, follow, max-snippet:-1, max-image-preview:large, max-video-preview:-1\" \/>\n<link rel=\"canonical\" href=\"https:\/\/gr-100.com\/pt-pt\/producto\/specialized-chisel-comp-evo-2025\/\" \/>\n<meta property=\"og:locale\" content=\"pt_PT\" \/>\n<meta property=\"og:type\" content=\"article\" \/>\n<meta property=\"og:title\" content=\"Specialized Chisel Comp EVO 2025\" \/>\n<meta property=\"og:description\" content=\"Aluminio con doble suspensi\u00f3n m\u00e1s ligera y r\u00e1pida del mundo se renueva por completo con la versi\u00f3n EVO s\u00faper capaz. Un 18,4 % m\u00e1s ligera que su competidora\" \/>\n<meta property=\"og:url\" content=\"https:\/\/gr-100.com\/pt-pt\/producto\/specialized-chisel-comp-evo-2025\/\" \/>\n<meta property=\"og:site_name\" content=\"Gr-100 Tienda de ciclismo Specialized\" \/>\n<meta property=\"article:publisher\" content=\"https:\/\/www.facebook.com\/Gr100Bikes\" \/>\n<meta property=\"og:image\" content=\"https:\/\/gr-100.com\/wp-content\/uploads\/2024\/12\/Diseno-sin-titulo-2024-12-27T114305.200.jpg\" \/>\n\t<meta property=\"og:image:width\" content=\"1000\" \/>\n\t<meta property=\"og:image:height\" content=\"1000\" \/>\n\t<meta property=\"og:image:type\" content=\"image\/jpeg\" \/>\n<meta name=\"twitter:card\" content=\"summary_large_image\" \/>\n<meta name=\"twitter:label1\" content=\"Tempo estimado de leitura\" \/>\n\t<meta name=\"twitter:data1\" content=\"3 minutos\" \/>\n<script type=\"application\/ld+json\" class=\"yoast-schema-graph\">{\"@context\":\"https:\/\/schema.org\",\"@graph\":[{\"@type\":\"WebPage\",\"@id\":\"https:\/\/gr-100.com\/pt-pt\/producto\/specialized-chisel-comp-evo-2025\/\",\"url\":\"https:\/\/gr-100.com\/pt-pt\/producto\/specialized-chisel-comp-evo-2025\/\",\"name\":\"Specialized Chisel Comp EVO 2025 GR-100\",\"isPartOf\":{\"@id\":\"https:\/\/gr-100.com\/#website\"},\"primaryImageOfPage\":{\"@id\":\"https:\/\/gr-100.com\/pt-pt\/producto\/specialized-chisel-comp-evo-2025\/#primaryimage\"},\"image\":{\"@id\":\"https:\/\/gr-100.com\/pt-pt\/producto\/specialized-chisel-comp-evo-2025\/#primaryimage\"},\"thumbnailUrl\":\"https:\/\/gr-100.com\/wp-content\/uploads\/2024\/12\/Diseno-sin-titulo-2024-12-27T114305.200.jpg\",\"datePublished\":\"2024-12-27T10:26:42+00:00\",\"description\":\"Aluminio con doble suspensi\u00f3n m\u00e1s ligera y r\u00e1pida del mundo se renueva por completo con la versi\u00f3n EVO s\u00faper capaz. Un 18,4 % m\u00e1s ligera que su competidora\",\"breadcrumb\":{\"@id\":\"https:\/\/gr-100.com\/pt-pt\/producto\/specialized-chisel-comp-evo-2025\/#breadcrumb\"},\"inLanguage\":\"pt-PT\",\"potentialAction\":[{\"@type\":\"ReadAction\",\"target\":[\"https:\/\/gr-100.com\/pt-pt\/producto\/specialized-chisel-comp-evo-2025\/\"]}]},{\"@type\":\"ImageObject\",\"inLanguage\":\"pt-PT\",\"@id\":\"https:\/\/gr-100.com\/pt-pt\/producto\/specialized-chisel-comp-evo-2025\/#primaryimage\",\"url\":\"https:\/\/gr-100.com\/wp-content\/uploads\/2024\/12\/Diseno-sin-titulo-2024-12-27T114305.200.jpg\",\"contentUrl\":\"https:\/\/gr-100.com\/wp-content\/uploads\/2024\/12\/Diseno-sin-titulo-2024-12-27T114305.200.jpg\",\"width\":1000,\"height\":1000},{\"@type\":\"BreadcrumbList\",\"@id\":\"https:\/\/gr-100.com\/pt-pt\/producto\/specialized-chisel-comp-evo-2025\/#breadcrumb\",\"itemListElement\":[{\"@type\":\"ListItem\",\"position\":1,\"name\":\"Portada\",\"item\":\"https:\/\/gr-100.com\/en\/\"},{\"@type\":\"ListItem\",\"position\":2,\"name\":\"Productos\",\"item\":\"https:\/\/gr-100.com\/?post_type=product\"},{\"@type\":\"ListItem\",\"position\":3,\"name\":\"Specialized Chisel Comp EVO 2025\"}]},{\"@type\":\"WebSite\",\"@id\":\"https:\/\/gr-100.com\/#website\",\"url\":\"https:\/\/gr-100.com\/\",\"name\":\"Gr-100 Tienda de ciclismo Specialized\",\"description\":\"GR-100 tenemos todas las gamas de bicicletas Specialized al mejor precio.\",\"publisher\":{\"@id\":\"https:\/\/gr-100.com\/#organization\"},\"alternateName\":\"Gr-100 Bikes\",\"potentialAction\":[{\"@type\":\"SearchAction\",\"target\":{\"@type\":\"EntryPoint\",\"urlTemplate\":\"https:\/\/gr-100.com\/?s={search_term_string}\"},\"query-input\":{\"@type\":\"PropertyValueSpecification\",\"valueRequired\":true,\"valueName\":\"search_term_string\"}}],\"inLanguage\":\"pt-PT\"},{\"@type\":\"Organization\",\"@id\":\"https:\/\/gr-100.com\/#organization\",\"name\":\"Gr-100\",\"url\":\"https:\/\/gr-100.com\/\",\"logo\":{\"@type\":\"ImageObject\",\"inLanguage\":\"pt-PT\",\"@id\":\"https:\/\/gr-100.com\/#\/schema\/logo\/image\/\",\"url\":\"https:\/\/gr-100.com\/wp-content\/uploads\/2023\/08\/logo-gr-100-bikes.png\",\"contentUrl\":\"https:\/\/gr-100.com\/wp-content\/uploads\/2023\/08\/logo-gr-100-bikes.png\",\"width\":707,\"height\":284,\"caption\":\"Gr-100\"},\"image\":{\"@id\":\"https:\/\/gr-100.com\/#\/schema\/logo\/image\/\"},\"sameAs\":[\"https:\/\/www.facebook.com\/Gr100Bikes\",\"https:\/\/www.instagram.com\/gr100bikes\/\",\"https:\/\/www.tiktok.com\/@gr100bikes\",\"https:\/\/twitter.com\/gr100mtbteam\",\"https:\/\/www.youtube.com\/c\/GR100Specialized\"]}]}<\/script>\n<!-- \/ Yoast SEO Premium plugin. -->","yoast_head_json":{"title":"Specialized Chisel Comp EVO 2025 GR-100","description":"Aluminio con doble suspensi\u00f3n m\u00e1s ligera y r\u00e1pida del mundo se renueva por completo con la versi\u00f3n EVO s\u00faper capaz. Un 18,4 % m\u00e1s ligera que su competidora","robots":{"index":"index","follow":"follow","max-snippet":"max-snippet:-1","max-image-preview":"max-image-preview:large","max-video-preview":"max-video-preview:-1"},"canonical":"https:\/\/gr-100.com\/pt-pt\/producto\/specialized-chisel-comp-evo-2025\/","og_locale":"pt_PT","og_type":"article","og_title":"Specialized Chisel Comp EVO 2025","og_description":"Aluminio con doble suspensi\u00f3n m\u00e1s ligera y r\u00e1pida del mundo se renueva por completo con la versi\u00f3n EVO s\u00faper capaz. Un 18,4 % m\u00e1s ligera que su competidora","og_url":"https:\/\/gr-100.com\/pt-pt\/producto\/specialized-chisel-comp-evo-2025\/","og_site_name":"Gr-100 Tienda de ciclismo Specialized","article_publisher":"https:\/\/www.facebook.com\/Gr100Bikes","og_image":[{"width":1000,"height":1000,"url":"https:\/\/gr-100.com\/wp-content\/uploads\/2024\/12\/Diseno-sin-titulo-2024-12-27T114305.200.jpg","type":"image\/jpeg"}],"twitter_card":"summary_large_image","twitter_misc":{"Tempo estimado de leitura":"3 minutos"},"schema":{"@context":"https:\/\/schema.org","@graph":[{"@type":"WebPage","@id":"https:\/\/gr-100.com\/pt-pt\/producto\/specialized-chisel-comp-evo-2025\/","url":"https:\/\/gr-100.com\/pt-pt\/producto\/specialized-chisel-comp-evo-2025\/","name":"Specialized Chisel Comp EVO 2025 GR-100","isPartOf":{"@id":"https:\/\/gr-100.com\/#website"},"primaryImageOfPage":{"@id":"https:\/\/gr-100.com\/pt-pt\/producto\/specialized-chisel-comp-evo-2025\/#primaryimage"},"image":{"@id":"https:\/\/gr-100.com\/pt-pt\/producto\/specialized-chisel-comp-evo-2025\/#primaryimage"},"thumbnailUrl":"https:\/\/gr-100.com\/wp-content\/uploads\/2024\/12\/Diseno-sin-titulo-2024-12-27T114305.200.jpg","datePublished":"2024-12-27T10:26:42+00:00","description":"Aluminio con doble suspensi\u00f3n m\u00e1s ligera y r\u00e1pida del mundo se renueva por completo con la versi\u00f3n EVO s\u00faper capaz. Un 18,4 % m\u00e1s ligera que su competidora","breadcrumb":{"@id":"https:\/\/gr-100.com\/pt-pt\/producto\/specialized-chisel-comp-evo-2025\/#breadcrumb"},"inLanguage":"pt-PT","potentialAction":[{"@type":"ReadAction","target":["https:\/\/gr-100.com\/pt-pt\/producto\/specialized-chisel-comp-evo-2025\/"]}]},{"@type":"ImageObject","inLanguage":"pt-PT","@id":"https:\/\/gr-100.com\/pt-pt\/producto\/specialized-chisel-comp-evo-2025\/#primaryimage","url":"https:\/\/gr-100.com\/wp-content\/uploads\/2024\/12\/Diseno-sin-titulo-2024-12-27T114305.200.jpg","contentUrl":"https:\/\/gr-100.com\/wp-content\/uploads\/2024\/12\/Diseno-sin-titulo-2024-12-27T114305.200.jpg","width":1000,"height":1000},{"@type":"BreadcrumbList","@id":"https:\/\/gr-100.com\/pt-pt\/producto\/specialized-chisel-comp-evo-2025\/#breadcrumb","itemListElement":[{"@type":"ListItem","position":1,"name":"Portada","item":"https:\/\/gr-100.com\/en\/"},{"@type":"ListItem","position":2,"name":"Productos","item":"https:\/\/gr-100.com\/?post_type=product"},{"@type":"ListItem","position":3,"name":"Specialized Chisel Comp EVO 2025"}]},{"@type":"WebSite","@id":"https:\/\/gr-100.com\/#website","url":"https:\/\/gr-100.com\/","name":"Gr-100 Tienda de ciclismo Specialized","description":"GR-100 tenemos todas las gamas de bicicletas Specialized al mejor precio.","publisher":{"@id":"https:\/\/gr-100.com\/#organization"},"alternateName":"Gr-100 Bikes","potentialAction":[{"@type":"SearchAction","target":{"@type":"EntryPoint","urlTemplate":"https:\/\/gr-100.com\/?s={search_term_string}"},"query-input":{"@type":"PropertyValueSpecification","valueRequired":true,"valueName":"search_term_string"}}],"inLanguage":"pt-PT"},{"@type":"Organization","@id":"https:\/\/gr-100.com\/#organization","name":"Gr-100","url":"https:\/\/gr-100.com\/","logo":{"@type":"ImageObject","inLanguage":"pt-PT","@id":"https:\/\/gr-100.com\/#\/schema\/logo\/image\/","url":"https:\/\/gr-100.com\/wp-content\/uploads\/2023\/08\/logo-gr-100-bikes.png","contentUrl":"https:\/\/gr-100.com\/wp-content\/uploads\/2023\/08\/logo-gr-100-bikes.png","width":707,"height":284,"caption":"Gr-100"},"image":{"@id":"https:\/\/gr-100.com\/#\/schema\/logo\/image\/"},"sameAs":["https:\/\/www.facebook.com\/Gr100Bikes","https:\/\/www.instagram.com\/gr100bikes\/","https:\/\/www.tiktok.com\/@gr100bikes","https:\/\/twitter.com\/gr100mtbteam","https:\/\/www.youtube.com\/c\/GR100Specialized"]}]}},"_links":{"self":[{"href":"https:\/\/gr-100.com\/pt-pt\/wp-json\/wp\/v2\/product\/425627","targetHints":{"allow":["GET"]}}],"collection":[{"href":"https:\/\/gr-100.com\/pt-pt\/wp-json\/wp\/v2\/product"}],"about":[{"href":"https:\/\/gr-100.com\/pt-pt\/wp-json\/wp\/v2\/types\/product"}],"replies":[{"embeddable":true,"href":"https:\/\/gr-100.com\/pt-pt\/wp-json\/wp\/v2\/comments?post=425627"}],"wp:featuredmedia":[{"embeddable":true,"href":"https:\/\/gr-100.com\/pt-pt\/wp-json\/wp\/v2\/media\/399913"}],"wp:attachment":[{"href":"https:\/\/gr-100.com\/pt-pt\/wp-json\/wp\/v2\/media?parent=425627"}],"wp:term":[{"taxonomy":"product_brand","embeddable":true,"href":"https:\/\/gr-100.com\/pt-pt\/wp-json\/wp\/v2\/product_brand?post=425627"},{"taxonomy":"product_cat","embeddable":true,"href":"https:\/\/gr-100.com\/pt-pt\/wp-json\/wp\/v2\/product_cat?post=425627"},{"taxonomy":"product_tag","embeddable":true,"href":"https:\/\/gr-100.com\/pt-pt\/wp-json\/wp\/v2\/product_tag?post=425627"}],"curies":[{"name":"wp","href":"https:\/\/api.w.org\/{rel}","templated":true}]}}