{"id":425680,"date":"2024-12-26T12:22:15","date_gmt":"2024-12-26T11:22:15","guid":{"rendered":"https:\/\/gr-100.com\/producto\/specialized-rockhopper-base-kh-29-2025\/"},"modified":"2024-12-26T12:22:15","modified_gmt":"2024-12-26T10:22:15","slug":"specialized-rockhopper-base-kh-29-2025","status":"publish","type":"product","link":"https:\/\/gr-100.com\/pt-pt\/producto\/specialized-rockhopper-base-kh-29-2025\/","title":{"rendered":"Specialized Rockhopper Base KH 29 2025"},"content":{"rendered":"<p>&#8211; Quadro: Specialized A1 premium butted alloy, tubo de cabe\u00e7a zero-stack, roteamento interno de cabos, dropouts forjados de 135x9mm, freio a disco montado no chainstay, suporte de desviador de liga substitu\u00edvel, suportes de rack ocultos, compat\u00edvel com espig\u00e3o de selim telesc\u00f3pico.<\/p>\n<p>&#8211; Forqueta: SR Suntour XCM 29, barras de 30 mm, ajuste Rx Tune, mola helicoidal, liberta\u00e7\u00e3o r\u00e1pida, 80\/90\/100 mm de curso (dependendo do tamanho), 42 mm de desvio.<\/p>\n<p>&#8211; Haste: robusta, liga forjada em 3D, 31,8 mm, cone de 6 graus.<\/p>\n<p>&#8211; Selim: Bridge Sport, carris de a\u00e7o, 155\/143 mm.<\/p>\n<p>&#8211; Guiador: Mini Rise em liga leve, recuo de 9 graus, eleva\u00e7\u00e3o de 15 mm, 31,8 mm.<\/p>\n<p>&#8211; Punhos: Punhos Specialized Trail, bloqueio de seguran\u00e7a.<\/p>\n<p>&#8211; Trav\u00e3o dianteiro: Shimano BR-MT200, trav\u00e3o de disco hidr\u00e1ulico, 180 mm.<\/p>\n<p>&#8211; Trav\u00e3o traseiro: Shimano BR-MT200, trav\u00e3o de disco hidr\u00e1ulico, 180 mm.<\/p>\n<p>&#8211; Desviador traseiro: Shimano Shadow RD-M2000, 9 velocidades.<\/p>\n<p>&#8211; Desviador dianteiro: Shimano Altus Top Swing FD-M2020, corrente dupla.<\/p>\n<p>&#8211; Bot\u00f5es de press\u00e3o: Shimano Rapidfire Plus SL-M2000, 2&#215;9 velocidades.<\/p>\n<p>&#8211; Cassete: SunRace, 9 velocidades, 11-36T.<\/p>\n<p>&#8211; Corrente: KMC X9EPT, 9 velocidades, revestida a anti-corros\u00e3o, com Missing Link\u2122 reutiliz\u00e1vel.<\/p>\n<p>&#8211; Pedaleira: Stout 2x, liga forjada.<\/p>\n<p>&#8211; Suporte inferior: quadrado c\u00f3nico, 73 mm, rolamentos internos, eixo de 122,5 mm.<\/p>\n<p>&#8211; Jantes: liga Specialized, s\u00f3 para discos, parede dupla, 25 mm de largura interior, 32h.<\/p>\n<p>&#8211; Cubo dianteiro: Formula, 6 parafusos, disco, espa\u00e7amento 100&#215;9 mm, desengate r\u00e1pido, 32h.<\/p>\n<p>&#8211; Cubo traseiro: Formula SP-2125, cubo de roda livre de 6 parafusos, disco, espa\u00e7amento 135&#215;9 mm, liberta\u00e7\u00e3o r\u00e1pida.<\/p>\n<p>&#8211; Raios: a\u00e7o inoxid\u00e1vel, 14g.<\/p>\n<p>&#8211; Pneu dianteiro: Fast Trak Sport, 650B\/29&#215;2.35.<\/p>\n<p>&#8211; Pneu traseiro: Fast Trak Sport, 650B\/29&#215;2.35.<\/p>\n<p>&#8211; Tubos internos: Standard 40 mm SV 650B\/29&#215;1.75-2.4.<\/p>\n<p>&#8211; Espig\u00e3o do selim: Liga, 2 parafusos, 30,9 mm.<\/p>\n<p>&#8211; Abra\u00e7adeira do selim: Liga, de liberta\u00e7\u00e3o r\u00e1pida, 34,9 mm.<\/p>\n<p>&#8211; Pedais: plataforma VP SBC-54, corpo em polipropileno, rolamentos de casquilho, eixo de 9\/16&#8243;.<\/p>\n","protected":false},"excerpt":{"rendered":"<p>Com suspens\u00e3o optimizada Rx Tune e rodas adaptadas ao tamanho, a Rockhopper combina uma fi\u00e1vel transmiss\u00e3o Shimano 2&#215;9 com trav\u00f5es hidr\u00e1ulicos para garantir controlo e desempenho em qualquer terreno.<\/p>\n","protected":false},"featured_media":399720,"comment_status":"open","ping_status":"closed","template":"","meta":{"_acf_changed":false,"_et_pb_use_builder":"","_et_pb_old_content":"","_et_gb_content_width":"","inline_featured_image":false},"product_brand":[],"product_cat":[4353,2459,402,2483],"product_tag":[],"class_list":{"0":"post-425680","1":"product","2":"type-product","3":"status-publish","4":"has-post-thumbnail","6":"product_cat-liquidacion-specialized","7":"product_cat-bicicletas-pt-pt-2","8":"product_cat-montanha","9":"product_cat-bicicletas-especializadas","11":"first","12":"instock","13":"sale","14":"taxable","15":"shipping-taxable","16":"purchasable","17":"product-type-variable","18":"wvs-archive-product-wrapper"},"acf":[],"yoast_head":"<!-- This site is optimized with the Yoast SEO Premium plugin v26.7 (Yoast SEO v26.7) - https:\/\/yoast.com\/wordpress\/plugins\/seo\/ -->\n<title>Specialized Rockhopper Base KH 29 2025 GR-100<\/title>\n<meta name=\"description\" content=\"Com suspens\u00e3o optimizada Rx Tune e rodas adaptadas ao tamanho, a Rockhopper combina uma fi\u00e1vel transmiss\u00e3o Shimano 2x9 com trav\u00f5es hidr\u00e1ulicos para garantir controlo e desempenho em qualquer terreno.\" \/>\n<meta name=\"robots\" content=\"index, follow, max-snippet:-1, max-image-preview:large, max-video-preview:-1\" \/>\n<link rel=\"canonical\" href=\"https:\/\/gr-100.com\/pt-pt\/producto\/specialized-rockhopper-base-kh-29-2025\/\" \/>\n<meta property=\"og:locale\" content=\"pt_PT\" \/>\n<meta property=\"og:type\" content=\"article\" \/>\n<meta property=\"og:title\" content=\"Specialized Rockhopper Base KH 29 2025\" \/>\n<meta property=\"og:description\" content=\"Com suspens\u00e3o optimizada Rx Tune e rodas adaptadas ao tamanho, a Rockhopper combina uma fi\u00e1vel transmiss\u00e3o Shimano 2x9 com trav\u00f5es hidr\u00e1ulicos para garantir controlo e desempenho em qualquer terreno.\" \/>\n<meta property=\"og:url\" content=\"https:\/\/gr-100.com\/pt-pt\/producto\/specialized-rockhopper-base-kh-29-2025\/\" \/>\n<meta property=\"og:site_name\" content=\"Gr-100 Tienda de ciclismo Specialized\" \/>\n<meta property=\"article:publisher\" content=\"https:\/\/www.facebook.com\/Gr100Bikes\" \/>\n<meta property=\"og:image\" content=\"https:\/\/gr-100.com\/wp-content\/uploads\/2024\/12\/Diseno-sin-titulo-2024-12-26T123911.292.jpg\" \/>\n\t<meta property=\"og:image:width\" content=\"1000\" \/>\n\t<meta property=\"og:image:height\" content=\"1000\" \/>\n\t<meta property=\"og:image:type\" content=\"image\/jpeg\" \/>\n<meta name=\"twitter:card\" content=\"summary_large_image\" \/>\n<meta name=\"twitter:label1\" content=\"Tempo estimado de leitura\" \/>\n\t<meta name=\"twitter:data1\" content=\"2 minutos\" \/>\n<script type=\"application\/ld+json\" class=\"yoast-schema-graph\">{\"@context\":\"https:\/\/schema.org\",\"@graph\":[{\"@type\":\"WebPage\",\"@id\":\"https:\/\/gr-100.com\/pt-pt\/producto\/specialized-rockhopper-base-kh-29-2025\/\",\"url\":\"https:\/\/gr-100.com\/pt-pt\/producto\/specialized-rockhopper-base-kh-29-2025\/\",\"name\":\"Specialized Rockhopper Base KH 29 2025 GR-100\",\"isPartOf\":{\"@id\":\"https:\/\/gr-100.com\/#website\"},\"primaryImageOfPage\":{\"@id\":\"https:\/\/gr-100.com\/pt-pt\/producto\/specialized-rockhopper-base-kh-29-2025\/#primaryimage\"},\"image\":{\"@id\":\"https:\/\/gr-100.com\/pt-pt\/producto\/specialized-rockhopper-base-kh-29-2025\/#primaryimage\"},\"thumbnailUrl\":\"https:\/\/gr-100.com\/wp-content\/uploads\/2024\/12\/Diseno-sin-titulo-2024-12-26T123911.292.jpg\",\"datePublished\":\"2024-12-26T11:22:15+00:00\",\"description\":\"Com suspens\u00e3o optimizada Rx Tune e rodas adaptadas ao tamanho, a Rockhopper combina uma fi\u00e1vel transmiss\u00e3o Shimano 2x9 com trav\u00f5es hidr\u00e1ulicos para garantir controlo e desempenho em qualquer terreno.\",\"breadcrumb\":{\"@id\":\"https:\/\/gr-100.com\/pt-pt\/producto\/specialized-rockhopper-base-kh-29-2025\/#breadcrumb\"},\"inLanguage\":\"pt-PT\",\"potentialAction\":[{\"@type\":\"ReadAction\",\"target\":[\"https:\/\/gr-100.com\/pt-pt\/producto\/specialized-rockhopper-base-kh-29-2025\/\"]}]},{\"@type\":\"ImageObject\",\"inLanguage\":\"pt-PT\",\"@id\":\"https:\/\/gr-100.com\/pt-pt\/producto\/specialized-rockhopper-base-kh-29-2025\/#primaryimage\",\"url\":\"https:\/\/gr-100.com\/wp-content\/uploads\/2024\/12\/Diseno-sin-titulo-2024-12-26T123911.292.jpg\",\"contentUrl\":\"https:\/\/gr-100.com\/wp-content\/uploads\/2024\/12\/Diseno-sin-titulo-2024-12-26T123911.292.jpg\",\"width\":1000,\"height\":1000},{\"@type\":\"BreadcrumbList\",\"@id\":\"https:\/\/gr-100.com\/pt-pt\/producto\/specialized-rockhopper-base-kh-29-2025\/#breadcrumb\",\"itemListElement\":[{\"@type\":\"ListItem\",\"position\":1,\"name\":\"Portada\",\"item\":\"https:\/\/gr-100.com\/en\/\"},{\"@type\":\"ListItem\",\"position\":2,\"name\":\"Productos\",\"item\":\"https:\/\/gr-100.com\/?post_type=product\"},{\"@type\":\"ListItem\",\"position\":3,\"name\":\"Specialized Rockhopper Base KH 29 2025\"}]},{\"@type\":\"WebSite\",\"@id\":\"https:\/\/gr-100.com\/#website\",\"url\":\"https:\/\/gr-100.com\/\",\"name\":\"Gr-100 Tienda de ciclismo Specialized\",\"description\":\"GR-100 tenemos todas las gamas de bicicletas Specialized al mejor precio.\",\"publisher\":{\"@id\":\"https:\/\/gr-100.com\/#organization\"},\"alternateName\":\"Gr-100 Bikes\",\"potentialAction\":[{\"@type\":\"SearchAction\",\"target\":{\"@type\":\"EntryPoint\",\"urlTemplate\":\"https:\/\/gr-100.com\/?s={search_term_string}\"},\"query-input\":{\"@type\":\"PropertyValueSpecification\",\"valueRequired\":true,\"valueName\":\"search_term_string\"}}],\"inLanguage\":\"pt-PT\"},{\"@type\":\"Organization\",\"@id\":\"https:\/\/gr-100.com\/#organization\",\"name\":\"Gr-100\",\"url\":\"https:\/\/gr-100.com\/\",\"logo\":{\"@type\":\"ImageObject\",\"inLanguage\":\"pt-PT\",\"@id\":\"https:\/\/gr-100.com\/#\/schema\/logo\/image\/\",\"url\":\"https:\/\/gr-100.com\/wp-content\/uploads\/2023\/08\/logo-gr-100-bikes.png\",\"contentUrl\":\"https:\/\/gr-100.com\/wp-content\/uploads\/2023\/08\/logo-gr-100-bikes.png\",\"width\":707,\"height\":284,\"caption\":\"Gr-100\"},\"image\":{\"@id\":\"https:\/\/gr-100.com\/#\/schema\/logo\/image\/\"},\"sameAs\":[\"https:\/\/www.facebook.com\/Gr100Bikes\",\"https:\/\/www.instagram.com\/gr100bikes\/\",\"https:\/\/www.tiktok.com\/@gr100bikes\",\"https:\/\/twitter.com\/gr100mtbteam\",\"https:\/\/www.youtube.com\/c\/GR100Specialized\"]}]}<\/script>\n<!-- \/ Yoast SEO Premium plugin. -->","yoast_head_json":{"title":"Specialized Rockhopper Base KH 29 2025 GR-100","description":"Com suspens\u00e3o optimizada Rx Tune e rodas adaptadas ao tamanho, a Rockhopper combina uma fi\u00e1vel transmiss\u00e3o Shimano 2x9 com trav\u00f5es hidr\u00e1ulicos para garantir controlo e desempenho em qualquer terreno.","robots":{"index":"index","follow":"follow","max-snippet":"max-snippet:-1","max-image-preview":"max-image-preview:large","max-video-preview":"max-video-preview:-1"},"canonical":"https:\/\/gr-100.com\/pt-pt\/producto\/specialized-rockhopper-base-kh-29-2025\/","og_locale":"pt_PT","og_type":"article","og_title":"Specialized Rockhopper Base KH 29 2025","og_description":"Com suspens\u00e3o optimizada Rx Tune e rodas adaptadas ao tamanho, a Rockhopper combina uma fi\u00e1vel transmiss\u00e3o Shimano 2x9 com trav\u00f5es hidr\u00e1ulicos para garantir controlo e desempenho em qualquer terreno.","og_url":"https:\/\/gr-100.com\/pt-pt\/producto\/specialized-rockhopper-base-kh-29-2025\/","og_site_name":"Gr-100 Tienda de ciclismo Specialized","article_publisher":"https:\/\/www.facebook.com\/Gr100Bikes","og_image":[{"width":1000,"height":1000,"url":"https:\/\/gr-100.com\/wp-content\/uploads\/2024\/12\/Diseno-sin-titulo-2024-12-26T123911.292.jpg","type":"image\/jpeg"}],"twitter_card":"summary_large_image","twitter_misc":{"Tempo estimado de leitura":"2 minutos"},"schema":{"@context":"https:\/\/schema.org","@graph":[{"@type":"WebPage","@id":"https:\/\/gr-100.com\/pt-pt\/producto\/specialized-rockhopper-base-kh-29-2025\/","url":"https:\/\/gr-100.com\/pt-pt\/producto\/specialized-rockhopper-base-kh-29-2025\/","name":"Specialized Rockhopper Base KH 29 2025 GR-100","isPartOf":{"@id":"https:\/\/gr-100.com\/#website"},"primaryImageOfPage":{"@id":"https:\/\/gr-100.com\/pt-pt\/producto\/specialized-rockhopper-base-kh-29-2025\/#primaryimage"},"image":{"@id":"https:\/\/gr-100.com\/pt-pt\/producto\/specialized-rockhopper-base-kh-29-2025\/#primaryimage"},"thumbnailUrl":"https:\/\/gr-100.com\/wp-content\/uploads\/2024\/12\/Diseno-sin-titulo-2024-12-26T123911.292.jpg","datePublished":"2024-12-26T11:22:15+00:00","description":"Com suspens\u00e3o optimizada Rx Tune e rodas adaptadas ao tamanho, a Rockhopper combina uma fi\u00e1vel transmiss\u00e3o Shimano 2x9 com trav\u00f5es hidr\u00e1ulicos para garantir controlo e desempenho em qualquer terreno.","breadcrumb":{"@id":"https:\/\/gr-100.com\/pt-pt\/producto\/specialized-rockhopper-base-kh-29-2025\/#breadcrumb"},"inLanguage":"pt-PT","potentialAction":[{"@type":"ReadAction","target":["https:\/\/gr-100.com\/pt-pt\/producto\/specialized-rockhopper-base-kh-29-2025\/"]}]},{"@type":"ImageObject","inLanguage":"pt-PT","@id":"https:\/\/gr-100.com\/pt-pt\/producto\/specialized-rockhopper-base-kh-29-2025\/#primaryimage","url":"https:\/\/gr-100.com\/wp-content\/uploads\/2024\/12\/Diseno-sin-titulo-2024-12-26T123911.292.jpg","contentUrl":"https:\/\/gr-100.com\/wp-content\/uploads\/2024\/12\/Diseno-sin-titulo-2024-12-26T123911.292.jpg","width":1000,"height":1000},{"@type":"BreadcrumbList","@id":"https:\/\/gr-100.com\/pt-pt\/producto\/specialized-rockhopper-base-kh-29-2025\/#breadcrumb","itemListElement":[{"@type":"ListItem","position":1,"name":"Portada","item":"https:\/\/gr-100.com\/en\/"},{"@type":"ListItem","position":2,"name":"Productos","item":"https:\/\/gr-100.com\/?post_type=product"},{"@type":"ListItem","position":3,"name":"Specialized Rockhopper Base KH 29 2025"}]},{"@type":"WebSite","@id":"https:\/\/gr-100.com\/#website","url":"https:\/\/gr-100.com\/","name":"Gr-100 Tienda de ciclismo Specialized","description":"GR-100 tenemos todas las gamas de bicicletas Specialized al mejor precio.","publisher":{"@id":"https:\/\/gr-100.com\/#organization"},"alternateName":"Gr-100 Bikes","potentialAction":[{"@type":"SearchAction","target":{"@type":"EntryPoint","urlTemplate":"https:\/\/gr-100.com\/?s={search_term_string}"},"query-input":{"@type":"PropertyValueSpecification","valueRequired":true,"valueName":"search_term_string"}}],"inLanguage":"pt-PT"},{"@type":"Organization","@id":"https:\/\/gr-100.com\/#organization","name":"Gr-100","url":"https:\/\/gr-100.com\/","logo":{"@type":"ImageObject","inLanguage":"pt-PT","@id":"https:\/\/gr-100.com\/#\/schema\/logo\/image\/","url":"https:\/\/gr-100.com\/wp-content\/uploads\/2023\/08\/logo-gr-100-bikes.png","contentUrl":"https:\/\/gr-100.com\/wp-content\/uploads\/2023\/08\/logo-gr-100-bikes.png","width":707,"height":284,"caption":"Gr-100"},"image":{"@id":"https:\/\/gr-100.com\/#\/schema\/logo\/image\/"},"sameAs":["https:\/\/www.facebook.com\/Gr100Bikes","https:\/\/www.instagram.com\/gr100bikes\/","https:\/\/www.tiktok.com\/@gr100bikes","https:\/\/twitter.com\/gr100mtbteam","https:\/\/www.youtube.com\/c\/GR100Specialized"]}]}},"_links":{"self":[{"href":"https:\/\/gr-100.com\/pt-pt\/wp-json\/wp\/v2\/product\/425680","targetHints":{"allow":["GET"]}}],"collection":[{"href":"https:\/\/gr-100.com\/pt-pt\/wp-json\/wp\/v2\/product"}],"about":[{"href":"https:\/\/gr-100.com\/pt-pt\/wp-json\/wp\/v2\/types\/product"}],"replies":[{"embeddable":true,"href":"https:\/\/gr-100.com\/pt-pt\/wp-json\/wp\/v2\/comments?post=425680"}],"wp:featuredmedia":[{"embeddable":true,"href":"https:\/\/gr-100.com\/pt-pt\/wp-json\/wp\/v2\/media\/399720"}],"wp:attachment":[{"href":"https:\/\/gr-100.com\/pt-pt\/wp-json\/wp\/v2\/media?parent=425680"}],"wp:term":[{"taxonomy":"product_brand","embeddable":true,"href":"https:\/\/gr-100.com\/pt-pt\/wp-json\/wp\/v2\/product_brand?post=425680"},{"taxonomy":"product_cat","embeddable":true,"href":"https:\/\/gr-100.com\/pt-pt\/wp-json\/wp\/v2\/product_cat?post=425680"},{"taxonomy":"product_tag","embeddable":true,"href":"https:\/\/gr-100.com\/pt-pt\/wp-json\/wp\/v2\/product_tag?post=425680"}],"curies":[{"name":"wp","href":"https:\/\/api.w.org\/{rel}","templated":true}]}}