{"id":425777,"date":"2024-12-24T10:42:02","date_gmt":"2024-12-24T09:42:02","guid":{"rendered":"https:\/\/gr-100.com\/producto\/specialized-rockhopper-sport-vn-29-2025\/"},"modified":"2024-12-24T10:42:02","modified_gmt":"2024-12-24T08:42:02","slug":"specialized-rockhopper-sport-vn-29-2025","status":"publish","type":"product","link":"https:\/\/gr-100.com\/pt-pt\/producto\/specialized-rockhopper-sport-vn-29-2025\/","title":{"rendered":"Specialized Rockhopper Sport VN 29 2025"},"content":{"rendered":"<p>\u2022 Aluminio Premium A1, ligero pero duradero, el cuadro de aluminio conificado de la Rockhopper cuenta con tubos superiores y diagonales hidroformados para mantener el peso bajo y la resistencia alta, al mismo tiempo que proporciona mayor espacio libre de soporte, enrutamiento interno de cables elegante y compatibilidad con tijas telesc\u00f3picas.<br \/>\n\u2022 Para garantizar que la Rockhopper ofrezca el mejor ajuste y el mejor rendimiento para cada persona, sin importar su medida, hemos combinado cada tama\u00f1o de cuadro Rockhopper con el tama\u00f1o de rueda \u00f3ptimo. El resultado es una Rockhopper que se adapta a cada ciclista y la seguridad de que cada Rockhopper rueda sobre la rueda con mejor manejo para su tama\u00f1o de cuadro.<br \/>\n\u2022 Al traer nuestro Rx Tune a la Rockhopper por primera vez, el SR Suntour XCM equipado con bloqueo y amortiguaci\u00f3n multicircuito personalizada ofrece recorridos y velocidades de resorte espec\u00edficos para el tama\u00f1o al espect\u00e1culo en un rendimiento que seguramente impresionar\u00e1 y al mismo tiempo garantizar\u00e1 una geometr\u00eda y un manejo consistentes. y rendimiento de la suspensi\u00f3n, independientemente del tama\u00f1o del cuadro o de la rueda.<br \/>\n\u2022 Bellamente bestiales, los frenos de disco hidr\u00e1ulicos Tektro tienen una gran mordida pero entregan su potencia con una sensaci\u00f3n refinada e intuitiva para crear un paquete que supera con creces su categor\u00eda de precio.<br \/>\n\u2022 Simplifica las cosas con una transmisi\u00f3n Shimano 1x duradera con amplio rango y un desviador trasero equipado con embrague que mantiene tu viaje silencioso y con la cadena siempre en su sitio.<br \/>\n\u2022 Combine los bujes totalmente confiables de Formula con nuestras llantas Specialized sin gancho de 25 mil\u00edmetros de di\u00e1metro interno para lograr un hat-trick con ruedas resistentes, livianas y duraderas.<\/p>\n<p>ESPECIFICA\u00c7\u00d5ES<\/p>\n<ul>\n<li>FRAME<br \/>\nSpecialized liga butted premium A1, tubo de cabe\u00e7a de pilha zero, roteamento de cabo interno, sa\u00eddas forjadas de 135x9mm, freio a disco montado em corrente, gancho derailleur de liga substitu\u00edvel, suportes de rack furtivos, compat\u00edvel com poste conta-gotas<\/li>\n<li>ABRA\u00c7O. Liga SADDLE<br \/>\n, libera\u00e7\u00e3o r\u00e1pida, 34,9<\/li>\n<li>SR Suntour XCM 29 FORK<br \/>\n, bala\u00fastres de 30mm, Rx Tune, mola helicoidal, QR, curso de 90\/100mm (tamanho espec\u00edfico), deslocamento de 42mm<\/li>\n<li>FREIO DIANTEIRO<br \/>\nTektro HD-M275, disco hidr\u00e1ulico, 180\/160mm<\/li>\n<li>Tektro HD-M275 REAR BRAKKE<br \/>\n, disco hidr\u00e1ulico, 160mm<\/li>\n<li>CAMBIO<br \/>\nShimano, RD-U4000, CUES, Gs 9-Speed, Top Normal, Shadow Design, Direct Attachment<\/li>\n<li>MANDOS DE CAMBIO<br \/>\nShimano, SL-U4000-9R, CUES, Right, 9-Speed Rapidfire, W\/ Optical Gear Display<\/li>\n<li>CASETE<br \/>\nShimano, CS-LG300-9, CUES, 9-Speed, 11-41T<\/li>\n<li>CADENA<br \/>\nSHIMANO BICYCLE CHAIN, CN-LG500,XXXLINKS FOR LG 9\/10\/11 SPEED, W\/QUICK-LINK, BULK<\/li>\n<li>PEDALIER<br \/>\nStout 1x, forged alloy<\/li>\n<li>SUPORTE INFERIOR C\u00f3nico<br \/>\n quadrado, 73mm, rolamentos internos, eixo de 122,5mm<\/li>\n<li>Specialized Liga especializada, apenas disco, parede dupla, largura interior de<br \/>\n 25mm, 32h<\/li>\n<li>Formula 6-Bolt FRONT HUB,<br \/>\n disco, espa\u00e7amento 100x9mm, libera\u00e7\u00e3o r\u00e1pida, 32H<\/li>\n<li>CUBO TRASEIRO<br \/>\nF\u00f3rmula SP-2125, freehub de 6 parafusos, disco, espa\u00e7amento de 135x9mm, libera\u00e7\u00e3o r\u00e1pida<\/li>\n<li>raios inoxid\u00e1veis,<br \/>\n 14g<\/li>\n<li>NEUM\u00c1TICO DEL.<br \/>\nFAST TRAK SPORT, 26\/650B\/29&#215;2.35<\/li>\n<li>NEUM\u00c1TICO TRASERO<br \/>\nFAST TRAK SPORT, 26\/650B\/29&#215;2.35<\/li>\n<li>C\u00c1MARAS<br \/>\nStandard 40mm SV 26\/650B\/29&#215;1.75-2.4<\/li>\n<li>Liga forjada STEM<br \/>\n3D, 31,8 mm, aumento de 7 graus<\/li>\n<li>MANILLAR<br \/>\nAlloy Mini Rise, 9-degree backsweep, 15mm rise, 31.8mm<\/li>\n<li>\nSpecialized, lock-on<\/li>\n<li>Bridge Sport SADDLE,<br \/>\n Trilhos em a\u00e7o, 155\/143mm<\/li>\n<li>Espig\u00e3o<br \/>\n de liga leve, bra\u00e7adeira de 2 parafusos, 30,9 mm<\/li>\n<li>PEDALES<br \/>\nSpecialized Body Geometry Fitness, Platform, Plastic<\/li>\n<\/ul>\n","protected":false},"excerpt":{"rendered":"<p>Listo para el juego con frenos de disco hidr\u00e1ulicos Tektro M275, cambios Shimano CUES y una horquilla SR SunTour XCM dise\u00f1ada para acelerar, la Rockhopper Sport puede lograr la victoria cualquier domingo, y tambi\u00e9n el resto de la semana.<\/p>\n","protected":false},"featured_media":397396,"comment_status":"open","ping_status":"closed","template":"","meta":{"_acf_changed":false,"_et_pb_use_builder":"","_et_pb_old_content":"","_et_gb_content_width":"","inline_featured_image":false},"product_brand":[],"product_cat":[5379,5378,5375,5374,4353,2459,402,2483,403],"product_tag":[],"class_list":{"0":"post-425777","1":"product","2":"type-product","3":"status-publish","4":"has-post-thumbnail","6":"product_cat-bicicletas-de-montanha-cross-country-xc","7":"product_cat-bicicletas-de-montanha-de-29","8":"product_cat-bicicletas-de-montanha-specialized","9":"product_cat-descontos","10":"product_cat-liquidacion-specialized","11":"product_cat-bicicletas-pt-pt-2","12":"product_cat-montanha","13":"product_cat-bicicletas-especializadas","14":"product_cat-outlet-pt-pt","15":"product_shipping_class-bicicletas-pt-pt","17":"first","18":"instock","19":"sale","20":"taxable","21":"shipping-taxable","22":"purchasable","23":"product-type-variable","24":"wvs-archive-product-wrapper"},"acf":[],"yoast_head":"<!-- This site is optimized with the Yoast SEO Premium plugin v26.7 (Yoast SEO v26.7) - https:\/\/yoast.com\/wordpress\/plugins\/seo\/ -->\n<title>Specialized Rockhopper Sport VN 29 2025 GR-100<\/title>\n<meta name=\"description\" content=\"Listo para el juego con frenos de disco hidr\u00e1ulicos Tektro M275, cambios Shimano CUES y una horquilla SR SunTour XCM dise\u00f1ada para acelerar.\" \/>\n<meta name=\"robots\" content=\"index, follow, max-snippet:-1, max-image-preview:large, max-video-preview:-1\" \/>\n<link rel=\"canonical\" href=\"https:\/\/gr-100.com\/pt-pt\/producto\/specialized-rockhopper-sport-vn-29-2025\/\" \/>\n<meta property=\"og:locale\" content=\"pt_PT\" \/>\n<meta property=\"og:type\" content=\"article\" \/>\n<meta property=\"og:title\" content=\"Specialized Rockhopper Sport VN 29 2025\" \/>\n<meta property=\"og:description\" content=\"Listo para el juego con frenos de disco hidr\u00e1ulicos Tektro M275, cambios Shimano CUES y una horquilla SR SunTour XCM dise\u00f1ada para acelerar.\" \/>\n<meta property=\"og:url\" content=\"https:\/\/gr-100.com\/pt-pt\/producto\/specialized-rockhopper-sport-vn-29-2025\/\" \/>\n<meta property=\"og:site_name\" content=\"Gr-100 Tienda de ciclismo Specialized\" \/>\n<meta property=\"article:publisher\" content=\"https:\/\/www.facebook.com\/Gr100Bikes\" \/>\n<meta property=\"og:image\" content=\"https:\/\/gr-100.com\/wp-content\/uploads\/2024\/11\/Sin-titulo-2024-11-25T130153.942.jpeg\" \/>\n\t<meta property=\"og:image:width\" content=\"1000\" \/>\n\t<meta property=\"og:image:height\" content=\"1000\" \/>\n\t<meta property=\"og:image:type\" content=\"image\/jpeg\" \/>\n<meta name=\"twitter:card\" content=\"summary_large_image\" \/>\n<meta name=\"twitter:label1\" content=\"Tempo estimado de leitura\" \/>\n\t<meta name=\"twitter:data1\" content=\"3 minutos\" \/>\n<script type=\"application\/ld+json\" class=\"yoast-schema-graph\">{\"@context\":\"https:\/\/schema.org\",\"@graph\":[{\"@type\":\"WebPage\",\"@id\":\"https:\/\/gr-100.com\/pt-pt\/producto\/specialized-rockhopper-sport-vn-29-2025\/\",\"url\":\"https:\/\/gr-100.com\/pt-pt\/producto\/specialized-rockhopper-sport-vn-29-2025\/\",\"name\":\"Specialized Rockhopper Sport VN 29 2025 GR-100\",\"isPartOf\":{\"@id\":\"https:\/\/gr-100.com\/#website\"},\"primaryImageOfPage\":{\"@id\":\"https:\/\/gr-100.com\/pt-pt\/producto\/specialized-rockhopper-sport-vn-29-2025\/#primaryimage\"},\"image\":{\"@id\":\"https:\/\/gr-100.com\/pt-pt\/producto\/specialized-rockhopper-sport-vn-29-2025\/#primaryimage\"},\"thumbnailUrl\":\"https:\/\/gr-100.com\/wp-content\/uploads\/2024\/11\/Sin-titulo-2024-11-25T130153.942.jpeg\",\"datePublished\":\"2024-12-24T09:42:02+00:00\",\"description\":\"Listo para el juego con frenos de disco hidr\u00e1ulicos Tektro M275, cambios Shimano CUES y una horquilla SR SunTour XCM dise\u00f1ada para acelerar.\",\"breadcrumb\":{\"@id\":\"https:\/\/gr-100.com\/pt-pt\/producto\/specialized-rockhopper-sport-vn-29-2025\/#breadcrumb\"},\"inLanguage\":\"pt-PT\",\"potentialAction\":[{\"@type\":\"ReadAction\",\"target\":[\"https:\/\/gr-100.com\/pt-pt\/producto\/specialized-rockhopper-sport-vn-29-2025\/\"]}]},{\"@type\":\"ImageObject\",\"inLanguage\":\"pt-PT\",\"@id\":\"https:\/\/gr-100.com\/pt-pt\/producto\/specialized-rockhopper-sport-vn-29-2025\/#primaryimage\",\"url\":\"https:\/\/gr-100.com\/wp-content\/uploads\/2024\/11\/Sin-titulo-2024-11-25T130153.942.jpeg\",\"contentUrl\":\"https:\/\/gr-100.com\/wp-content\/uploads\/2024\/11\/Sin-titulo-2024-11-25T130153.942.jpeg\",\"width\":1000,\"height\":1000},{\"@type\":\"BreadcrumbList\",\"@id\":\"https:\/\/gr-100.com\/pt-pt\/producto\/specialized-rockhopper-sport-vn-29-2025\/#breadcrumb\",\"itemListElement\":[{\"@type\":\"ListItem\",\"position\":1,\"name\":\"Portada\",\"item\":\"https:\/\/gr-100.com\/en\/\"},{\"@type\":\"ListItem\",\"position\":2,\"name\":\"Productos\",\"item\":\"https:\/\/gr-100.com\/?post_type=product\"},{\"@type\":\"ListItem\",\"position\":3,\"name\":\"Specialized Rockhopper Sport VN 29 2025\"}]},{\"@type\":\"WebSite\",\"@id\":\"https:\/\/gr-100.com\/#website\",\"url\":\"https:\/\/gr-100.com\/\",\"name\":\"Gr-100 Tienda de ciclismo Specialized\",\"description\":\"GR-100 tenemos todas las gamas de bicicletas Specialized al mejor precio.\",\"publisher\":{\"@id\":\"https:\/\/gr-100.com\/#organization\"},\"alternateName\":\"Gr-100 Bikes\",\"potentialAction\":[{\"@type\":\"SearchAction\",\"target\":{\"@type\":\"EntryPoint\",\"urlTemplate\":\"https:\/\/gr-100.com\/?s={search_term_string}\"},\"query-input\":{\"@type\":\"PropertyValueSpecification\",\"valueRequired\":true,\"valueName\":\"search_term_string\"}}],\"inLanguage\":\"pt-PT\"},{\"@type\":\"Organization\",\"@id\":\"https:\/\/gr-100.com\/#organization\",\"name\":\"Gr-100\",\"url\":\"https:\/\/gr-100.com\/\",\"logo\":{\"@type\":\"ImageObject\",\"inLanguage\":\"pt-PT\",\"@id\":\"https:\/\/gr-100.com\/#\/schema\/logo\/image\/\",\"url\":\"https:\/\/gr-100.com\/wp-content\/uploads\/2023\/08\/logo-gr-100-bikes.png\",\"contentUrl\":\"https:\/\/gr-100.com\/wp-content\/uploads\/2023\/08\/logo-gr-100-bikes.png\",\"width\":707,\"height\":284,\"caption\":\"Gr-100\"},\"image\":{\"@id\":\"https:\/\/gr-100.com\/#\/schema\/logo\/image\/\"},\"sameAs\":[\"https:\/\/www.facebook.com\/Gr100Bikes\",\"https:\/\/www.instagram.com\/gr100bikes\/\",\"https:\/\/www.tiktok.com\/@gr100bikes\",\"https:\/\/twitter.com\/gr100mtbteam\",\"https:\/\/www.youtube.com\/c\/GR100Specialized\"]}]}<\/script>\n<!-- \/ Yoast SEO Premium plugin. -->","yoast_head_json":{"title":"Specialized Rockhopper Sport VN 29 2025 GR-100","description":"Listo para el juego con frenos de disco hidr\u00e1ulicos Tektro M275, cambios Shimano CUES y una horquilla SR SunTour XCM dise\u00f1ada para acelerar.","robots":{"index":"index","follow":"follow","max-snippet":"max-snippet:-1","max-image-preview":"max-image-preview:large","max-video-preview":"max-video-preview:-1"},"canonical":"https:\/\/gr-100.com\/pt-pt\/producto\/specialized-rockhopper-sport-vn-29-2025\/","og_locale":"pt_PT","og_type":"article","og_title":"Specialized Rockhopper Sport VN 29 2025","og_description":"Listo para el juego con frenos de disco hidr\u00e1ulicos Tektro M275, cambios Shimano CUES y una horquilla SR SunTour XCM dise\u00f1ada para acelerar.","og_url":"https:\/\/gr-100.com\/pt-pt\/producto\/specialized-rockhopper-sport-vn-29-2025\/","og_site_name":"Gr-100 Tienda de ciclismo Specialized","article_publisher":"https:\/\/www.facebook.com\/Gr100Bikes","og_image":[{"width":1000,"height":1000,"url":"https:\/\/gr-100.com\/wp-content\/uploads\/2024\/11\/Sin-titulo-2024-11-25T130153.942.jpeg","type":"image\/jpeg"}],"twitter_card":"summary_large_image","twitter_misc":{"Tempo estimado de leitura":"3 minutos"},"schema":{"@context":"https:\/\/schema.org","@graph":[{"@type":"WebPage","@id":"https:\/\/gr-100.com\/pt-pt\/producto\/specialized-rockhopper-sport-vn-29-2025\/","url":"https:\/\/gr-100.com\/pt-pt\/producto\/specialized-rockhopper-sport-vn-29-2025\/","name":"Specialized Rockhopper Sport VN 29 2025 GR-100","isPartOf":{"@id":"https:\/\/gr-100.com\/#website"},"primaryImageOfPage":{"@id":"https:\/\/gr-100.com\/pt-pt\/producto\/specialized-rockhopper-sport-vn-29-2025\/#primaryimage"},"image":{"@id":"https:\/\/gr-100.com\/pt-pt\/producto\/specialized-rockhopper-sport-vn-29-2025\/#primaryimage"},"thumbnailUrl":"https:\/\/gr-100.com\/wp-content\/uploads\/2024\/11\/Sin-titulo-2024-11-25T130153.942.jpeg","datePublished":"2024-12-24T09:42:02+00:00","description":"Listo para el juego con frenos de disco hidr\u00e1ulicos Tektro M275, cambios Shimano CUES y una horquilla SR SunTour XCM dise\u00f1ada para acelerar.","breadcrumb":{"@id":"https:\/\/gr-100.com\/pt-pt\/producto\/specialized-rockhopper-sport-vn-29-2025\/#breadcrumb"},"inLanguage":"pt-PT","potentialAction":[{"@type":"ReadAction","target":["https:\/\/gr-100.com\/pt-pt\/producto\/specialized-rockhopper-sport-vn-29-2025\/"]}]},{"@type":"ImageObject","inLanguage":"pt-PT","@id":"https:\/\/gr-100.com\/pt-pt\/producto\/specialized-rockhopper-sport-vn-29-2025\/#primaryimage","url":"https:\/\/gr-100.com\/wp-content\/uploads\/2024\/11\/Sin-titulo-2024-11-25T130153.942.jpeg","contentUrl":"https:\/\/gr-100.com\/wp-content\/uploads\/2024\/11\/Sin-titulo-2024-11-25T130153.942.jpeg","width":1000,"height":1000},{"@type":"BreadcrumbList","@id":"https:\/\/gr-100.com\/pt-pt\/producto\/specialized-rockhopper-sport-vn-29-2025\/#breadcrumb","itemListElement":[{"@type":"ListItem","position":1,"name":"Portada","item":"https:\/\/gr-100.com\/en\/"},{"@type":"ListItem","position":2,"name":"Productos","item":"https:\/\/gr-100.com\/?post_type=product"},{"@type":"ListItem","position":3,"name":"Specialized Rockhopper Sport VN 29 2025"}]},{"@type":"WebSite","@id":"https:\/\/gr-100.com\/#website","url":"https:\/\/gr-100.com\/","name":"Gr-100 Tienda de ciclismo Specialized","description":"GR-100 tenemos todas las gamas de bicicletas Specialized al mejor precio.","publisher":{"@id":"https:\/\/gr-100.com\/#organization"},"alternateName":"Gr-100 Bikes","potentialAction":[{"@type":"SearchAction","target":{"@type":"EntryPoint","urlTemplate":"https:\/\/gr-100.com\/?s={search_term_string}"},"query-input":{"@type":"PropertyValueSpecification","valueRequired":true,"valueName":"search_term_string"}}],"inLanguage":"pt-PT"},{"@type":"Organization","@id":"https:\/\/gr-100.com\/#organization","name":"Gr-100","url":"https:\/\/gr-100.com\/","logo":{"@type":"ImageObject","inLanguage":"pt-PT","@id":"https:\/\/gr-100.com\/#\/schema\/logo\/image\/","url":"https:\/\/gr-100.com\/wp-content\/uploads\/2023\/08\/logo-gr-100-bikes.png","contentUrl":"https:\/\/gr-100.com\/wp-content\/uploads\/2023\/08\/logo-gr-100-bikes.png","width":707,"height":284,"caption":"Gr-100"},"image":{"@id":"https:\/\/gr-100.com\/#\/schema\/logo\/image\/"},"sameAs":["https:\/\/www.facebook.com\/Gr100Bikes","https:\/\/www.instagram.com\/gr100bikes\/","https:\/\/www.tiktok.com\/@gr100bikes","https:\/\/twitter.com\/gr100mtbteam","https:\/\/www.youtube.com\/c\/GR100Specialized"]}]}},"_links":{"self":[{"href":"https:\/\/gr-100.com\/pt-pt\/wp-json\/wp\/v2\/product\/425777","targetHints":{"allow":["GET"]}}],"collection":[{"href":"https:\/\/gr-100.com\/pt-pt\/wp-json\/wp\/v2\/product"}],"about":[{"href":"https:\/\/gr-100.com\/pt-pt\/wp-json\/wp\/v2\/types\/product"}],"replies":[{"embeddable":true,"href":"https:\/\/gr-100.com\/pt-pt\/wp-json\/wp\/v2\/comments?post=425777"}],"wp:featuredmedia":[{"embeddable":true,"href":"https:\/\/gr-100.com\/pt-pt\/wp-json\/wp\/v2\/media\/397396"}],"wp:attachment":[{"href":"https:\/\/gr-100.com\/pt-pt\/wp-json\/wp\/v2\/media?parent=425777"}],"wp:term":[{"taxonomy":"product_brand","embeddable":true,"href":"https:\/\/gr-100.com\/pt-pt\/wp-json\/wp\/v2\/product_brand?post=425777"},{"taxonomy":"product_cat","embeddable":true,"href":"https:\/\/gr-100.com\/pt-pt\/wp-json\/wp\/v2\/product_cat?post=425777"},{"taxonomy":"product_tag","embeddable":true,"href":"https:\/\/gr-100.com\/pt-pt\/wp-json\/wp\/v2\/product_tag?post=425777"}],"curies":[{"name":"wp","href":"https:\/\/api.w.org\/{rel}","templated":true}]}}