{"id":425810,"date":"2024-11-28T10:57:17","date_gmt":"2024-11-28T09:57:17","guid":{"rendered":"https:\/\/gr-100.com\/producto\/specialized-rockhopper-comp-kh-29-2024\/"},"modified":"2026-02-11T14:41:17","modified_gmt":"2026-02-11T12:41:17","slug":"specialized-rockhopper-comp-kh-29-2024","status":"publish","type":"product","link":"https:\/\/gr-100.com\/pt-pt\/producto\/specialized-rockhopper-comp-kh-29-2024\/","title":{"rendered":"Specialized Rockhopper Comp KH 29 2024"},"content":{"rendered":"<p>\u2022 Cuadro: de aluminio Premium A1, tubo de direcci\u00f3n zero-stack, guiado interno de cables, punteras forjadas de 135&#215;9 mm, freno de disco montado en la vaina, colgador de desviador de aleaci\u00f3n reemplazable, soportes para portabultos ocultos, compatible con tija telesc\u00f3pica<\/p>\n<p>\u2022 Horquilla: RockShox Judy, Solo Air, amortiguador Turnkey, desplazamiento de 46 mm, cierre r\u00e1pido, recorrido de 80\/90\/100 mm (seg\u00fan el tama\u00f1o), tubo de direcci\u00f3n de acero<\/p>\n<p>\u2022 Potencia: aleaci\u00f3n forjada en 3D, 31.8 mm, inclinaci\u00f3n de 6 grados<\/p>\n<p>\u2022 Manillar: Specialized, aleaci\u00f3n, retroceso de 9 grados, elevaci\u00f3n de 15 mm, 31.8 mm<\/p>\n<p>\u2022 Sill\u00edn: Bridge Sport, rieles de acero, 155\/143 mm<\/p>\n<p>\u2022 Pu\u00f1os: Specialized Trail Grips, cierre de seguridad<\/p>\n<p>\u2022 Freno delantero: Shimano BR-MT200, disco hidr\u00e1ulico, 180\/160 mm<\/p>\n<p>\u2022 Freno trasero: Shimano BR-MT200, disco hidr\u00e1ulico, 160 mm<\/p>\n<p>\u2022 Desviador trasero: Shimano Deore, RD-M5120, 10 velocidades<\/p>\n<p>\u2022 Palancas de cambio: Shimano Deore, RapidFire Plus, 10 velocidades<\/p>\n<p>\u2022 Cassette: Sunrace, 11-46T, 10 velocidades<\/p>\n<p>\u2022 Cadena: KMC, X10, recubrimiento EPT anti-corrosi\u00f3n, 10 velocidades con Missing Link\u2122<\/p>\n<p>\u2022 Juego de bielas: Stout 1x, aleaci\u00f3n forjada<\/p>\n<p>\u2022 Pedalier: Cuadrado c\u00f3nico, 73 mm, rodamientos internos, eje de 122.5 mm<\/p>\n<p>\u2022 Llantas: Aleaci\u00f3n Specialized, sin gancho, lista para tubeless, ancho interno de 25 mm<\/p>\n<p>\u2022 Buje delantero: Formula DC-20, 6 tornillos, disco, espaciado de 100&#215;9 mm, cierre r\u00e1pido<\/p>\n<p>\u2022 Buje trasero: Formula DC-22, rueda libre de 6 tornillos, disco, espaciado de 135&#215;9 mm, cierre r\u00e1pido<\/p>\n<p>\u2022 Neum\u00e1tico delantero: Fast Trak Sport, 650b\/29&#215;2.35&#8243;<\/p>\n<p>&#8211; Raios: A\u00e7o inoxid\u00e1vel, 14g<\/p>\n<p>\u2022 Neum\u00e1tico trasero: Fast Trak Sport, 650b\/29&#215;2.35&#8243;<\/p>\n<p>\u2022 C\u00e1maras de aire: Est\u00e1ndar 40 mm PV 650B\/29&#215;1.75-2.4<\/p>\n<p>\u2022 Tija de sill\u00edn: Aleaci\u00f3n, abrazadera de 2 tornillos, 30.9 mm<\/p>\n<p>\u2022 Abrazadera del sill\u00edn: Aleaci\u00f3n, cierre r\u00e1pido, 34.9 mm<\/p>\n","protected":false},"excerpt":{"rendered":"<p>La Rockhopper Comp es tu compa\u00f1era ideal para la aventura, dise\u00f1ada para la acci\u00f3n y los giros r\u00e1pidos. Con un cuadro de aluminio Premium A1, horquilla SR SunTour XCM, llantas de aleaci\u00f3n Specialized, frenos hidr\u00e1ulicos Shimano BR-MT200 y una transmisi\u00f3n 1&#215;10 de Shimano, esta bicicleta est\u00e1 lista para cualquier desaf\u00edo. <\/p>\n<p>Aprovecha nuestras opciones de financiamiento y ll\u00e9vate la tuya hoy mismo. Ya disponible en nuestras tiendas. <\/p>\n","protected":false},"featured_media":398640,"comment_status":"open","ping_status":"closed","template":"","meta":{"_acf_changed":false,"_et_pb_use_builder":"","_et_pb_old_content":"","_et_gb_content_width":"","inline_featured_image":false},"product_brand":[],"product_cat":[4353,2459,402,2483],"product_tag":[],"class_list":{"0":"post-425810","1":"product","2":"type-product","3":"status-publish","4":"has-post-thumbnail","6":"product_cat-liquidacion-specialized","7":"product_cat-bicicletas-pt-pt-2","8":"product_cat-montanha","9":"product_cat-bicicletas-especializadas","10":"product_shipping_class-bicicletas-pt-pt","12":"first","13":"instock","14":"sale","15":"taxable","16":"shipping-taxable","17":"purchasable","18":"product-type-variable","19":"wvs-archive-product-wrapper"},"acf":[],"yoast_head":"<!-- This site is optimized with the Yoast SEO Premium plugin v26.7 (Yoast SEO v26.7) - https:\/\/yoast.com\/wordpress\/plugins\/seo\/ -->\n<title>Specialized Rockhopper Comp KH 29 2024 Gr-100<\/title>\n<meta name=\"description\" content=\"La Rockhopper Comp es tu compa\u00f1era ideal para la aventura, dise\u00f1ada para la acci\u00f3n y los giros r\u00e1pidos. Con un cuadro de aluminio Premium A1, horquilla SR SunTour XCM, llantas de aleaci\u00f3n Specialized, frenos hidr\u00e1ulicos Shimano BR-MT200 y una transmisi\u00f3n 1x10 de Shimano, esta bicicleta est\u00e1 lista para cualquier desaf\u00edo.Aprovecha nuestras opciones de financiamiento y ll\u00e9vate la tuya hoy mismo. Ya disponible en nuestras tiendas.\" \/>\n<meta name=\"robots\" content=\"index, follow, max-snippet:-1, max-image-preview:large, max-video-preview:-1\" \/>\n<link rel=\"canonical\" href=\"https:\/\/gr-100.com\/pt-pt\/producto\/specialized-rockhopper-comp-kh-29-2024\/\" \/>\n<meta property=\"og:locale\" content=\"pt_PT\" \/>\n<meta property=\"og:type\" content=\"article\" \/>\n<meta property=\"og:title\" content=\"Specialized Rockhopper Comp KH 29 2024\" \/>\n<meta property=\"og:description\" content=\"La Rockhopper Comp es tu compa\u00f1era ideal para la aventura, dise\u00f1ada para la acci\u00f3n y los giros r\u00e1pidos. Con un cuadro de aluminio Premium A1, horquilla SR SunTour XCM, llantas de aleaci\u00f3n Specialized, frenos hidr\u00e1ulicos Shimano BR-MT200 y una transmisi\u00f3n 1x10 de Shimano, esta bicicleta est\u00e1 lista para cualquier desaf\u00edo.Aprovecha nuestras opciones de financiamiento y ll\u00e9vate la tuya hoy mismo. Ya disponible en nuestras tiendas.\" \/>\n<meta property=\"og:url\" content=\"https:\/\/gr-100.com\/pt-pt\/producto\/specialized-rockhopper-comp-kh-29-2024\/\" \/>\n<meta property=\"og:site_name\" content=\"Gr-100 Tienda de ciclismo Specialized\" \/>\n<meta property=\"article:publisher\" content=\"https:\/\/www.facebook.com\/Gr100Bikes\" \/>\n<meta property=\"article:modified_time\" content=\"2026-02-11T12:41:17+00:00\" \/>\n<meta property=\"og:image\" content=\"https:\/\/gr-100.com\/wp-content\/uploads\/2024\/11\/Sin-titulo-2024-11-27T133120.856.jpeg\" \/>\n\t<meta property=\"og:image:width\" content=\"1000\" \/>\n\t<meta property=\"og:image:height\" content=\"1000\" \/>\n\t<meta property=\"og:image:type\" content=\"image\/jpeg\" \/>\n<meta name=\"twitter:card\" content=\"summary_large_image\" \/>\n<meta name=\"twitter:label1\" content=\"Tempo estimado de leitura\" \/>\n\t<meta name=\"twitter:data1\" content=\"1 minuto\" \/>\n<script type=\"application\/ld+json\" class=\"yoast-schema-graph\">{\"@context\":\"https:\/\/schema.org\",\"@graph\":[{\"@type\":\"WebPage\",\"@id\":\"https:\/\/gr-100.com\/pt-pt\/producto\/specialized-rockhopper-comp-kh-29-2024\/\",\"url\":\"https:\/\/gr-100.com\/pt-pt\/producto\/specialized-rockhopper-comp-kh-29-2024\/\",\"name\":\"Specialized Rockhopper Comp KH 29 2024 Gr-100\",\"isPartOf\":{\"@id\":\"https:\/\/gr-100.com\/#website\"},\"primaryImageOfPage\":{\"@id\":\"https:\/\/gr-100.com\/pt-pt\/producto\/specialized-rockhopper-comp-kh-29-2024\/#primaryimage\"},\"image\":{\"@id\":\"https:\/\/gr-100.com\/pt-pt\/producto\/specialized-rockhopper-comp-kh-29-2024\/#primaryimage\"},\"thumbnailUrl\":\"https:\/\/gr-100.com\/wp-content\/uploads\/2024\/11\/Screenshot-of-ROCKHOPPER-CO.jpg\",\"datePublished\":\"2024-11-28T09:57:17+00:00\",\"dateModified\":\"2026-02-11T12:41:17+00:00\",\"description\":\"La Rockhopper Comp es tu compa\u00f1era ideal para la aventura, dise\u00f1ada para la acci\u00f3n y los giros r\u00e1pidos. Con un cuadro de aluminio Premium A1, horquilla SR SunTour XCM, llantas de aleaci\u00f3n Specialized, frenos hidr\u00e1ulicos Shimano BR-MT200 y una transmisi\u00f3n 1x10 de Shimano, esta bicicleta est\u00e1 lista para cualquier desaf\u00edo.Aprovecha nuestras opciones de financiamiento y ll\u00e9vate la tuya hoy mismo. Ya disponible en nuestras tiendas.\",\"breadcrumb\":{\"@id\":\"https:\/\/gr-100.com\/pt-pt\/producto\/specialized-rockhopper-comp-kh-29-2024\/#breadcrumb\"},\"inLanguage\":\"pt-PT\",\"potentialAction\":[{\"@type\":\"ReadAction\",\"target\":[\"https:\/\/gr-100.com\/pt-pt\/producto\/specialized-rockhopper-comp-kh-29-2024\/\"]}]},{\"@type\":\"ImageObject\",\"inLanguage\":\"pt-PT\",\"@id\":\"https:\/\/gr-100.com\/pt-pt\/producto\/specialized-rockhopper-comp-kh-29-2024\/#primaryimage\",\"url\":\"https:\/\/gr-100.com\/wp-content\/uploads\/2024\/11\/Screenshot-of-ROCKHOPPER-CO.jpg\",\"contentUrl\":\"https:\/\/gr-100.com\/wp-content\/uploads\/2024\/11\/Screenshot-of-ROCKHOPPER-CO.jpg\",\"width\":1000,\"height\":1000},{\"@type\":\"BreadcrumbList\",\"@id\":\"https:\/\/gr-100.com\/pt-pt\/producto\/specialized-rockhopper-comp-kh-29-2024\/#breadcrumb\",\"itemListElement\":[{\"@type\":\"ListItem\",\"position\":1,\"name\":\"Portada\",\"item\":\"https:\/\/gr-100.com\/en\/\"},{\"@type\":\"ListItem\",\"position\":2,\"name\":\"Productos\",\"item\":\"https:\/\/gr-100.com\/?post_type=product\"},{\"@type\":\"ListItem\",\"position\":3,\"name\":\"Specialized Rockhopper Comp KH 29 2024\"}]},{\"@type\":\"WebSite\",\"@id\":\"https:\/\/gr-100.com\/#website\",\"url\":\"https:\/\/gr-100.com\/\",\"name\":\"Gr-100 Tienda de ciclismo Specialized\",\"description\":\"GR-100 tenemos todas las gamas de bicicletas Specialized al mejor precio.\",\"publisher\":{\"@id\":\"https:\/\/gr-100.com\/#organization\"},\"alternateName\":\"Gr-100 Bikes\",\"potentialAction\":[{\"@type\":\"SearchAction\",\"target\":{\"@type\":\"EntryPoint\",\"urlTemplate\":\"https:\/\/gr-100.com\/?s={search_term_string}\"},\"query-input\":{\"@type\":\"PropertyValueSpecification\",\"valueRequired\":true,\"valueName\":\"search_term_string\"}}],\"inLanguage\":\"pt-PT\"},{\"@type\":\"Organization\",\"@id\":\"https:\/\/gr-100.com\/#organization\",\"name\":\"Gr-100\",\"url\":\"https:\/\/gr-100.com\/\",\"logo\":{\"@type\":\"ImageObject\",\"inLanguage\":\"pt-PT\",\"@id\":\"https:\/\/gr-100.com\/#\/schema\/logo\/image\/\",\"url\":\"https:\/\/gr-100.com\/wp-content\/uploads\/2023\/08\/logo-gr-100-bikes.png\",\"contentUrl\":\"https:\/\/gr-100.com\/wp-content\/uploads\/2023\/08\/logo-gr-100-bikes.png\",\"width\":707,\"height\":284,\"caption\":\"Gr-100\"},\"image\":{\"@id\":\"https:\/\/gr-100.com\/#\/schema\/logo\/image\/\"},\"sameAs\":[\"https:\/\/www.facebook.com\/Gr100Bikes\",\"https:\/\/www.instagram.com\/gr100bikes\/\",\"https:\/\/www.tiktok.com\/@gr100bikes\",\"https:\/\/twitter.com\/gr100mtbteam\",\"https:\/\/www.youtube.com\/c\/GR100Specialized\"]}]}<\/script>\n<!-- \/ Yoast SEO Premium plugin. -->","yoast_head_json":{"title":"Specialized Rockhopper Comp KH 29 2024 Gr-100","description":"La Rockhopper Comp es tu compa\u00f1era ideal para la aventura, dise\u00f1ada para la acci\u00f3n y los giros r\u00e1pidos. Con un cuadro de aluminio Premium A1, horquilla SR SunTour XCM, llantas de aleaci\u00f3n Specialized, frenos hidr\u00e1ulicos Shimano BR-MT200 y una transmisi\u00f3n 1x10 de Shimano, esta bicicleta est\u00e1 lista para cualquier desaf\u00edo.Aprovecha nuestras opciones de financiamiento y ll\u00e9vate la tuya hoy mismo. Ya disponible en nuestras tiendas.","robots":{"index":"index","follow":"follow","max-snippet":"max-snippet:-1","max-image-preview":"max-image-preview:large","max-video-preview":"max-video-preview:-1"},"canonical":"https:\/\/gr-100.com\/pt-pt\/producto\/specialized-rockhopper-comp-kh-29-2024\/","og_locale":"pt_PT","og_type":"article","og_title":"Specialized Rockhopper Comp KH 29 2024","og_description":"La Rockhopper Comp es tu compa\u00f1era ideal para la aventura, dise\u00f1ada para la acci\u00f3n y los giros r\u00e1pidos. Con un cuadro de aluminio Premium A1, horquilla SR SunTour XCM, llantas de aleaci\u00f3n Specialized, frenos hidr\u00e1ulicos Shimano BR-MT200 y una transmisi\u00f3n 1x10 de Shimano, esta bicicleta est\u00e1 lista para cualquier desaf\u00edo.Aprovecha nuestras opciones de financiamiento y ll\u00e9vate la tuya hoy mismo. Ya disponible en nuestras tiendas.","og_url":"https:\/\/gr-100.com\/pt-pt\/producto\/specialized-rockhopper-comp-kh-29-2024\/","og_site_name":"Gr-100 Tienda de ciclismo Specialized","article_publisher":"https:\/\/www.facebook.com\/Gr100Bikes","article_modified_time":"2026-02-11T12:41:17+00:00","og_image":[{"width":1000,"height":1000,"url":"https:\/\/gr-100.com\/wp-content\/uploads\/2024\/11\/Sin-titulo-2024-11-27T133120.856.jpeg","type":"image\/jpeg"}],"twitter_card":"summary_large_image","twitter_misc":{"Tempo estimado de leitura":"1 minuto"},"schema":{"@context":"https:\/\/schema.org","@graph":[{"@type":"WebPage","@id":"https:\/\/gr-100.com\/pt-pt\/producto\/specialized-rockhopper-comp-kh-29-2024\/","url":"https:\/\/gr-100.com\/pt-pt\/producto\/specialized-rockhopper-comp-kh-29-2024\/","name":"Specialized Rockhopper Comp KH 29 2024 Gr-100","isPartOf":{"@id":"https:\/\/gr-100.com\/#website"},"primaryImageOfPage":{"@id":"https:\/\/gr-100.com\/pt-pt\/producto\/specialized-rockhopper-comp-kh-29-2024\/#primaryimage"},"image":{"@id":"https:\/\/gr-100.com\/pt-pt\/producto\/specialized-rockhopper-comp-kh-29-2024\/#primaryimage"},"thumbnailUrl":"https:\/\/gr-100.com\/wp-content\/uploads\/2024\/11\/Screenshot-of-ROCKHOPPER-CO.jpg","datePublished":"2024-11-28T09:57:17+00:00","dateModified":"2026-02-11T12:41:17+00:00","description":"La Rockhopper Comp es tu compa\u00f1era ideal para la aventura, dise\u00f1ada para la acci\u00f3n y los giros r\u00e1pidos. Con un cuadro de aluminio Premium A1, horquilla SR SunTour XCM, llantas de aleaci\u00f3n Specialized, frenos hidr\u00e1ulicos Shimano BR-MT200 y una transmisi\u00f3n 1x10 de Shimano, esta bicicleta est\u00e1 lista para cualquier desaf\u00edo.Aprovecha nuestras opciones de financiamiento y ll\u00e9vate la tuya hoy mismo. Ya disponible en nuestras tiendas.","breadcrumb":{"@id":"https:\/\/gr-100.com\/pt-pt\/producto\/specialized-rockhopper-comp-kh-29-2024\/#breadcrumb"},"inLanguage":"pt-PT","potentialAction":[{"@type":"ReadAction","target":["https:\/\/gr-100.com\/pt-pt\/producto\/specialized-rockhopper-comp-kh-29-2024\/"]}]},{"@type":"ImageObject","inLanguage":"pt-PT","@id":"https:\/\/gr-100.com\/pt-pt\/producto\/specialized-rockhopper-comp-kh-29-2024\/#primaryimage","url":"https:\/\/gr-100.com\/wp-content\/uploads\/2024\/11\/Screenshot-of-ROCKHOPPER-CO.jpg","contentUrl":"https:\/\/gr-100.com\/wp-content\/uploads\/2024\/11\/Screenshot-of-ROCKHOPPER-CO.jpg","width":1000,"height":1000},{"@type":"BreadcrumbList","@id":"https:\/\/gr-100.com\/pt-pt\/producto\/specialized-rockhopper-comp-kh-29-2024\/#breadcrumb","itemListElement":[{"@type":"ListItem","position":1,"name":"Portada","item":"https:\/\/gr-100.com\/en\/"},{"@type":"ListItem","position":2,"name":"Productos","item":"https:\/\/gr-100.com\/?post_type=product"},{"@type":"ListItem","position":3,"name":"Specialized Rockhopper Comp KH 29 2024"}]},{"@type":"WebSite","@id":"https:\/\/gr-100.com\/#website","url":"https:\/\/gr-100.com\/","name":"Gr-100 Tienda de ciclismo Specialized","description":"GR-100 tenemos todas las gamas de bicicletas Specialized al mejor precio.","publisher":{"@id":"https:\/\/gr-100.com\/#organization"},"alternateName":"Gr-100 Bikes","potentialAction":[{"@type":"SearchAction","target":{"@type":"EntryPoint","urlTemplate":"https:\/\/gr-100.com\/?s={search_term_string}"},"query-input":{"@type":"PropertyValueSpecification","valueRequired":true,"valueName":"search_term_string"}}],"inLanguage":"pt-PT"},{"@type":"Organization","@id":"https:\/\/gr-100.com\/#organization","name":"Gr-100","url":"https:\/\/gr-100.com\/","logo":{"@type":"ImageObject","inLanguage":"pt-PT","@id":"https:\/\/gr-100.com\/#\/schema\/logo\/image\/","url":"https:\/\/gr-100.com\/wp-content\/uploads\/2023\/08\/logo-gr-100-bikes.png","contentUrl":"https:\/\/gr-100.com\/wp-content\/uploads\/2023\/08\/logo-gr-100-bikes.png","width":707,"height":284,"caption":"Gr-100"},"image":{"@id":"https:\/\/gr-100.com\/#\/schema\/logo\/image\/"},"sameAs":["https:\/\/www.facebook.com\/Gr100Bikes","https:\/\/www.instagram.com\/gr100bikes\/","https:\/\/www.tiktok.com\/@gr100bikes","https:\/\/twitter.com\/gr100mtbteam","https:\/\/www.youtube.com\/c\/GR100Specialized"]}]}},"_links":{"self":[{"href":"https:\/\/gr-100.com\/pt-pt\/wp-json\/wp\/v2\/product\/425810","targetHints":{"allow":["GET"]}}],"collection":[{"href":"https:\/\/gr-100.com\/pt-pt\/wp-json\/wp\/v2\/product"}],"about":[{"href":"https:\/\/gr-100.com\/pt-pt\/wp-json\/wp\/v2\/types\/product"}],"replies":[{"embeddable":true,"href":"https:\/\/gr-100.com\/pt-pt\/wp-json\/wp\/v2\/comments?post=425810"}],"wp:featuredmedia":[{"embeddable":true,"href":"https:\/\/gr-100.com\/pt-pt\/wp-json\/wp\/v2\/media\/398640"}],"wp:attachment":[{"href":"https:\/\/gr-100.com\/pt-pt\/wp-json\/wp\/v2\/media?parent=425810"}],"wp:term":[{"taxonomy":"product_brand","embeddable":true,"href":"https:\/\/gr-100.com\/pt-pt\/wp-json\/wp\/v2\/product_brand?post=425810"},{"taxonomy":"product_cat","embeddable":true,"href":"https:\/\/gr-100.com\/pt-pt\/wp-json\/wp\/v2\/product_cat?post=425810"},{"taxonomy":"product_tag","embeddable":true,"href":"https:\/\/gr-100.com\/pt-pt\/wp-json\/wp\/v2\/product_tag?post=425810"}],"curies":[{"name":"wp","href":"https:\/\/api.w.org\/{rel}","templated":true}]}}