{"id":425851,"date":"2026-01-07T14:25:47","date_gmt":"2026-01-07T13:25:47","guid":{"rendered":"https:\/\/gr-100.com\/?post_type=product&#038;p=425851"},"modified":"2026-01-07T14:58:29","modified_gmt":"2026-01-07T12:58:29","slug":"specialized-rockhopper-sport-2026-275-copia-copia","status":"publish","type":"product","link":"https:\/\/gr-100.com\/pt-pt\/producto\/specialized-rockhopper-sport-2026-275-copia-copia\/","title":{"rendered":"Specialized Rockhopper Sport 2026 27\u00b45\u00b4\u00b4 (copia) (copia)"},"content":{"rendered":"<ul>\n<li>Un coraz\u00f3n de oro, presentado en nuestro ligero pero duradero aluminio Premium A1. El cuadro de aluminio butted del Rockhopper cuenta con tubos superiores e inferiores hidroformados para mantener el peso bajo y la resistencia alta, todo mientras ofrece mayor espacio para el paso de la pierna, enrutamiento interno de cables suave y compatibilidad con tija telesc\u00f3pica. <\/li>\n<li>Para asegurarnos de que el Rockhopper ofrezca tanto el mejor ajuste como el mejor rendimiento para cada persona, sin importar sus medidas, hemos emparejado cada tama\u00f1o de cuadro Rockhopper con el tama\u00f1o de rueda \u00f3ptimo. El resultado es un Rockhopper que se adapta a cada ciclista y la certeza de que cada Rockhopper est\u00e1 montando la rueda que mejor se maneja para su tama\u00f1o de cuadro. <\/li>\n<li>Maravillosamente bestial, los frenos de disco hidr\u00e1ulicos SRAM Level tienen un peso contenido pero ofrecen su potencia de frenado con una sensaci\u00f3n refinada e intuitiva y con una excelente relaci\u00f3n calidad\/precio.<\/li>\n<li>Los frenos de disco hidr\u00e1ulicos Shimano, bellamente bestiales, tienen una mordida feroz, pero entregan su potencia con una sensaci\u00f3n refinada e intuitiva, creando un paquete que supera con creces lo que se espera de su precio.<\/li>\n<li>Mant\u00e9n las cosas simples con un sistema de transmisi\u00f3n Shimano 1x duradero con un amplio rango y un cambio trasero con embrague que mantiene tu paseo silencioso\u2026 y tu cadena en su lugar.<br \/>\nCombinamos los ejes confiables de Formula con nuestras llantas Specialized de 25 mil\u00edmetros de di\u00e1metro interno y sin gancho para un conjunto de ruedas fuerte, ligero y duradero, una jugada maestra.<\/li>\n<li>Especifica\u00e7\u00f5es t\u00e9cnicas<\/li>\n<li>Cuadro<br \/>\nAbrazadera del sill\u00edn<br \/>\nAlloy, quick release, 34.9<br \/>\nCuadro<br \/>\nSpecialized A1 premium butted alloy, zero-stack head tube, internal cable routing, 135x9mm forged dropouts, chainstay-mounted disc brake, replaceable alloy derailleur hanger, stealth rack mounts, dropper post compatible<\/li>\n<li>Suspensi\u00f3n<br \/>\nHorquilla<br \/>\nSR Suntour XCM 26, 30mm stanchions, Rx Tune, coil spring, custom Multi-Circuit damping w\/lockout, QR, 80\/90\/100mm travel (size-specific), 40mm offset<\/li>\n<li>Frenos<br \/>\nFreno delantero<br \/>\nShimano BR-MT200, hydraulic disc<br \/>\nFreno trasero<br \/>\nShimano BR-MT200, hydraulic disc<\/li>\n<li>Transmisi\u00f3n<br \/>\nCadena<br \/>\nKMC eGlide 11-Speed<br \/>\nCassette<br \/>\nShimano Cues, 9 speed, 11-46T<br \/>\nDesviador trasero<br \/>\nShimano, CUES, 9-Speed<br \/>\nManetas de cambio<br \/>\nShimano, CUES, Right, 9-Speed Rapidfire, W\/ Optical Gear Display<br \/>\nCaja de pedalier<br \/>\nSquare-tapered, 73mm, internal bearings, 122.5mm spindle<br \/>\nPlatos y bielas<br \/>\nStout 1x, forged alloy, 30T<\/li>\n<li>Ruedas y neum\u00e1ticos<br \/>\nBuje trasero<br \/>\nAlloy Sealed bearing, 6-Bolt, disc, 135x9mm spacing, quick-release<br \/>\nBuje delantero<br \/>\nAlloy, Sealed bearing, 6-Bolt, disc, 100x9mm spacing, quick-release<br \/>\nNeum\u00e1tico delantero<br \/>\nGround Control 2BR, 27.5\/29&#215;2.35, T5<br \/>\nNeum\u00e1tico trasero<br \/>\nGround Control 2BR, 27.5\/29&#215;2.35, T5<br \/>\nLlantas<br \/>\nSpecialized alloy, disc only, double-wall, 25mm inner width, 32h<br \/>\nRadios<br \/>\nStainless, 14g<br \/>\nC\u00e1maras<br \/>\nStandard, Schrader Valve<\/li>\n<li>Cockpit<br \/>\nPotencia<br \/>\n3D-forged alloy, 31.8mm, 7-degree rise<br \/>\nManillar<br \/>\nAlloy Mini Rise, 9-degree backsweep, 15mm rise, 31.8mm<br \/>\nTija del sill\u00edn<br \/>\nAlloy, 2-bolt clamp, 30.9mm<br \/>\nSill\u00edn<br \/>\nBridge Sport, Steel rails<br \/>\nPu\u00f1os<br \/>\nSpecialized Trail Grips, lock-on<\/li>\n<li>Accesorios<br \/>\nPedales<br \/>\nSpecialized, platform<\/li>\n<li>Detalles del producto<br \/>\nIdentificador del producto<br \/>\n221769<\/li>\n<li>Peso<br \/>\nPeso<br \/>\n14.02 kg (30 lb, 14.5 oz)<br \/>\nTalla<br \/>\nMD<\/li>\n<\/ul>\n","protected":false},"excerpt":{"rendered":"<p>Sin reservas y siempre listo para darlo todo, el Rockhopper Sport se olvida del libro de jugadas cuando se trata de sumar puntos de rendimiento, mientras juega una defensa seria en favor de tu bolsillo.<br \/>\nListo para el juego con los frenos de disco hidr\u00e1ulicos Shimano BR-MT200, el cambio Shimano CUES y una horquilla SR SunTour XCM dise\u00f1ada para moverse r\u00e1pido, el Rockhopper Sport puede lograr la victoria cualquier domingo\u2026<\/p>\n","protected":false},"featured_media":425389,"comment_status":"open","ping_status":"closed","template":"","meta":{"_acf_changed":false,"_et_pb_use_builder":"","_et_pb_old_content":"","_et_gb_content_width":"","inline_featured_image":false},"product_brand":[],"product_cat":[5379,5378,5375,5443,2459,402],"product_tag":[],"class_list":{"0":"post-425851","1":"product","2":"type-product","3":"status-publish","4":"has-post-thumbnail","6":"product_cat-bicicletas-de-montanha-cross-country-xc","7":"product_cat-bicicletas-de-montanha-de-29","8":"product_cat-bicicletas-de-montanha-specialized","9":"product_cat-bicicletas-montana-aluminio-pt-pt","10":"product_cat-bicicletas-pt-pt-2","11":"product_cat-montanha","13":"first","14":"instock","15":"taxable","16":"shipping-taxable","17":"purchasable","18":"product-type-variable","19":"wvs-archive-product-wrapper"},"acf":[],"yoast_head":"<!-- This site is optimized with the Yoast SEO Premium plugin v26.7 (Yoast SEO v26.7) - https:\/\/yoast.com\/wordpress\/plugins\/seo\/ -->\n<title>Specialized Rockhopper Sport 2026 27\u00b45\u00b4\u00b4 (copia) (copia) GR-100<\/title>\n<meta name=\"description\" content=\"Sin reservas y siempre listo para darlo todo, el Rockhopper Sport se olvida del libro de jugadas cuando se trata de sumar puntos de rendimiento, mientras juega una defensa seria en favor de tu bolsillo.Listo para el juego con los frenos de disco hidr\u00e1ulicos Shimano BR-MT200, el cambio Shimano CUES y una horquilla SR SunTour XCM dise\u00f1ada para moverse r\u00e1pido, el Rockhopper Sport puede lograr la victoria cualquier domingo\u2026\" \/>\n<meta name=\"robots\" content=\"index, follow, max-snippet:-1, max-image-preview:large, max-video-preview:-1\" \/>\n<link rel=\"canonical\" href=\"https:\/\/gr-100.com\/pt-pt\/producto\/specialized-rockhopper-sport-2026-275-copia-copia\/\" \/>\n<meta property=\"og:locale\" content=\"pt_PT\" \/>\n<meta property=\"og:type\" content=\"article\" \/>\n<meta property=\"og:title\" content=\"Specialized Rockhopper Sport 2026 27\u00b45\u00b4\u00b4 (copia) (copia)\" \/>\n<meta property=\"og:description\" content=\"Sin reservas y siempre listo para darlo todo, el Rockhopper Sport se olvida del libro de jugadas cuando se trata de sumar puntos de rendimiento, mientras juega una defensa seria en favor de tu bolsillo.Listo para el juego con los frenos de disco hidr\u00e1ulicos Shimano BR-MT200, el cambio Shimano CUES y una horquilla SR SunTour XCM dise\u00f1ada para moverse r\u00e1pido, el Rockhopper Sport puede lograr la victoria cualquier domingo\u2026\" \/>\n<meta property=\"og:url\" content=\"https:\/\/gr-100.com\/pt-pt\/producto\/specialized-rockhopper-sport-2026-275-copia-copia\/\" \/>\n<meta property=\"og:site_name\" content=\"Gr-100 Tienda de ciclismo Specialized\" \/>\n<meta property=\"article:publisher\" content=\"https:\/\/www.facebook.com\/Gr100Bikes\" \/>\n<meta property=\"og:image\" content=\"https:\/\/gr-100.com\/wp-content\/uploads\/2026\/01\/Diseno-sin-titulo-2026-01-07T123736.005.jpg\" \/>\n\t<meta property=\"og:image:width\" content=\"1000\" \/>\n\t<meta property=\"og:image:height\" content=\"1000\" \/>\n\t<meta property=\"og:image:type\" content=\"image\/jpeg\" \/>\n<meta name=\"twitter:card\" content=\"summary_large_image\" \/>\n<meta name=\"twitter:label1\" content=\"Tempo estimado de leitura\" \/>\n\t<meta name=\"twitter:data1\" content=\"3 minutos\" \/>\n<script type=\"application\/ld+json\" class=\"yoast-schema-graph\">{\"@context\":\"https:\/\/schema.org\",\"@graph\":[{\"@type\":\"WebPage\",\"@id\":\"https:\/\/gr-100.com\/pt-pt\/producto\/specialized-rockhopper-sport-2026-275-copia-copia\/\",\"url\":\"https:\/\/gr-100.com\/pt-pt\/producto\/specialized-rockhopper-sport-2026-275-copia-copia\/\",\"name\":\"Specialized Rockhopper Sport 2026 27\u00b45\u00b4\u00b4 (copia) (copia) GR-100\",\"isPartOf\":{\"@id\":\"https:\/\/gr-100.com\/#website\"},\"primaryImageOfPage\":{\"@id\":\"https:\/\/gr-100.com\/pt-pt\/producto\/specialized-rockhopper-sport-2026-275-copia-copia\/#primaryimage\"},\"image\":{\"@id\":\"https:\/\/gr-100.com\/pt-pt\/producto\/specialized-rockhopper-sport-2026-275-copia-copia\/#primaryimage\"},\"thumbnailUrl\":\"https:\/\/gr-100.com\/wp-content\/uploads\/2026\/01\/Diseno-sin-titulo-2026-01-07T123736.005.jpg\",\"datePublished\":\"2026-01-07T13:25:47+00:00\",\"description\":\"Sin reservas y siempre listo para darlo todo, el Rockhopper Sport se olvida del libro de jugadas cuando se trata de sumar puntos de rendimiento, mientras juega una defensa seria en favor de tu bolsillo.Listo para el juego con los frenos de disco hidr\u00e1ulicos Shimano BR-MT200, el cambio Shimano CUES y una horquilla SR SunTour XCM dise\u00f1ada para moverse r\u00e1pido, el Rockhopper Sport puede lograr la victoria cualquier domingo\u2026\",\"breadcrumb\":{\"@id\":\"https:\/\/gr-100.com\/pt-pt\/producto\/specialized-rockhopper-sport-2026-275-copia-copia\/#breadcrumb\"},\"inLanguage\":\"pt-PT\",\"potentialAction\":[{\"@type\":\"ReadAction\",\"target\":[\"https:\/\/gr-100.com\/pt-pt\/producto\/specialized-rockhopper-sport-2026-275-copia-copia\/\"]}]},{\"@type\":\"ImageObject\",\"inLanguage\":\"pt-PT\",\"@id\":\"https:\/\/gr-100.com\/pt-pt\/producto\/specialized-rockhopper-sport-2026-275-copia-copia\/#primaryimage\",\"url\":\"https:\/\/gr-100.com\/wp-content\/uploads\/2026\/01\/Diseno-sin-titulo-2026-01-07T123736.005.jpg\",\"contentUrl\":\"https:\/\/gr-100.com\/wp-content\/uploads\/2026\/01\/Diseno-sin-titulo-2026-01-07T123736.005.jpg\",\"width\":1000,\"height\":1000},{\"@type\":\"BreadcrumbList\",\"@id\":\"https:\/\/gr-100.com\/pt-pt\/producto\/specialized-rockhopper-sport-2026-275-copia-copia\/#breadcrumb\",\"itemListElement\":[{\"@type\":\"ListItem\",\"position\":1,\"name\":\"Portada\",\"item\":\"https:\/\/gr-100.com\/en\/\"},{\"@type\":\"ListItem\",\"position\":2,\"name\":\"Productos\",\"item\":\"https:\/\/gr-100.com\/?post_type=product\"},{\"@type\":\"ListItem\",\"position\":3,\"name\":\"Specialized Rockhopper Sport 2026 27\u00b45\u00b4\u00b4 (copia) (copia)\"}]},{\"@type\":\"WebSite\",\"@id\":\"https:\/\/gr-100.com\/#website\",\"url\":\"https:\/\/gr-100.com\/\",\"name\":\"Gr-100 Tienda de ciclismo Specialized\",\"description\":\"GR-100 tenemos todas las gamas de bicicletas Specialized al mejor precio.\",\"publisher\":{\"@id\":\"https:\/\/gr-100.com\/#organization\"},\"alternateName\":\"Gr-100 Bikes\",\"potentialAction\":[{\"@type\":\"SearchAction\",\"target\":{\"@type\":\"EntryPoint\",\"urlTemplate\":\"https:\/\/gr-100.com\/?s={search_term_string}\"},\"query-input\":{\"@type\":\"PropertyValueSpecification\",\"valueRequired\":true,\"valueName\":\"search_term_string\"}}],\"inLanguage\":\"pt-PT\"},{\"@type\":\"Organization\",\"@id\":\"https:\/\/gr-100.com\/#organization\",\"name\":\"Gr-100\",\"url\":\"https:\/\/gr-100.com\/\",\"logo\":{\"@type\":\"ImageObject\",\"inLanguage\":\"pt-PT\",\"@id\":\"https:\/\/gr-100.com\/#\/schema\/logo\/image\/\",\"url\":\"https:\/\/gr-100.com\/wp-content\/uploads\/2023\/08\/logo-gr-100-bikes.png\",\"contentUrl\":\"https:\/\/gr-100.com\/wp-content\/uploads\/2023\/08\/logo-gr-100-bikes.png\",\"width\":707,\"height\":284,\"caption\":\"Gr-100\"},\"image\":{\"@id\":\"https:\/\/gr-100.com\/#\/schema\/logo\/image\/\"},\"sameAs\":[\"https:\/\/www.facebook.com\/Gr100Bikes\",\"https:\/\/www.instagram.com\/gr100bikes\/\",\"https:\/\/www.tiktok.com\/@gr100bikes\",\"https:\/\/twitter.com\/gr100mtbteam\",\"https:\/\/www.youtube.com\/c\/GR100Specialized\"]}]}<\/script>\n<!-- \/ Yoast SEO Premium plugin. -->","yoast_head_json":{"title":"Specialized Rockhopper Sport 2026 27\u00b45\u00b4\u00b4 (copia) (copia) GR-100","description":"Sin reservas y siempre listo para darlo todo, el Rockhopper Sport se olvida del libro de jugadas cuando se trata de sumar puntos de rendimiento, mientras juega una defensa seria en favor de tu bolsillo.Listo para el juego con los frenos de disco hidr\u00e1ulicos Shimano BR-MT200, el cambio Shimano CUES y una horquilla SR SunTour XCM dise\u00f1ada para moverse r\u00e1pido, el Rockhopper Sport puede lograr la victoria cualquier domingo\u2026","robots":{"index":"index","follow":"follow","max-snippet":"max-snippet:-1","max-image-preview":"max-image-preview:large","max-video-preview":"max-video-preview:-1"},"canonical":"https:\/\/gr-100.com\/pt-pt\/producto\/specialized-rockhopper-sport-2026-275-copia-copia\/","og_locale":"pt_PT","og_type":"article","og_title":"Specialized Rockhopper Sport 2026 27\u00b45\u00b4\u00b4 (copia) (copia)","og_description":"Sin reservas y siempre listo para darlo todo, el Rockhopper Sport se olvida del libro de jugadas cuando se trata de sumar puntos de rendimiento, mientras juega una defensa seria en favor de tu bolsillo.Listo para el juego con los frenos de disco hidr\u00e1ulicos Shimano BR-MT200, el cambio Shimano CUES y una horquilla SR SunTour XCM dise\u00f1ada para moverse r\u00e1pido, el Rockhopper Sport puede lograr la victoria cualquier domingo\u2026","og_url":"https:\/\/gr-100.com\/pt-pt\/producto\/specialized-rockhopper-sport-2026-275-copia-copia\/","og_site_name":"Gr-100 Tienda de ciclismo Specialized","article_publisher":"https:\/\/www.facebook.com\/Gr100Bikes","og_image":[{"width":1000,"height":1000,"url":"https:\/\/gr-100.com\/wp-content\/uploads\/2026\/01\/Diseno-sin-titulo-2026-01-07T123736.005.jpg","type":"image\/jpeg"}],"twitter_card":"summary_large_image","twitter_misc":{"Tempo estimado de leitura":"3 minutos"},"schema":{"@context":"https:\/\/schema.org","@graph":[{"@type":"WebPage","@id":"https:\/\/gr-100.com\/pt-pt\/producto\/specialized-rockhopper-sport-2026-275-copia-copia\/","url":"https:\/\/gr-100.com\/pt-pt\/producto\/specialized-rockhopper-sport-2026-275-copia-copia\/","name":"Specialized Rockhopper Sport 2026 27\u00b45\u00b4\u00b4 (copia) (copia) GR-100","isPartOf":{"@id":"https:\/\/gr-100.com\/#website"},"primaryImageOfPage":{"@id":"https:\/\/gr-100.com\/pt-pt\/producto\/specialized-rockhopper-sport-2026-275-copia-copia\/#primaryimage"},"image":{"@id":"https:\/\/gr-100.com\/pt-pt\/producto\/specialized-rockhopper-sport-2026-275-copia-copia\/#primaryimage"},"thumbnailUrl":"https:\/\/gr-100.com\/wp-content\/uploads\/2026\/01\/Diseno-sin-titulo-2026-01-07T123736.005.jpg","datePublished":"2026-01-07T13:25:47+00:00","description":"Sin reservas y siempre listo para darlo todo, el Rockhopper Sport se olvida del libro de jugadas cuando se trata de sumar puntos de rendimiento, mientras juega una defensa seria en favor de tu bolsillo.Listo para el juego con los frenos de disco hidr\u00e1ulicos Shimano BR-MT200, el cambio Shimano CUES y una horquilla SR SunTour XCM dise\u00f1ada para moverse r\u00e1pido, el Rockhopper Sport puede lograr la victoria cualquier domingo\u2026","breadcrumb":{"@id":"https:\/\/gr-100.com\/pt-pt\/producto\/specialized-rockhopper-sport-2026-275-copia-copia\/#breadcrumb"},"inLanguage":"pt-PT","potentialAction":[{"@type":"ReadAction","target":["https:\/\/gr-100.com\/pt-pt\/producto\/specialized-rockhopper-sport-2026-275-copia-copia\/"]}]},{"@type":"ImageObject","inLanguage":"pt-PT","@id":"https:\/\/gr-100.com\/pt-pt\/producto\/specialized-rockhopper-sport-2026-275-copia-copia\/#primaryimage","url":"https:\/\/gr-100.com\/wp-content\/uploads\/2026\/01\/Diseno-sin-titulo-2026-01-07T123736.005.jpg","contentUrl":"https:\/\/gr-100.com\/wp-content\/uploads\/2026\/01\/Diseno-sin-titulo-2026-01-07T123736.005.jpg","width":1000,"height":1000},{"@type":"BreadcrumbList","@id":"https:\/\/gr-100.com\/pt-pt\/producto\/specialized-rockhopper-sport-2026-275-copia-copia\/#breadcrumb","itemListElement":[{"@type":"ListItem","position":1,"name":"Portada","item":"https:\/\/gr-100.com\/en\/"},{"@type":"ListItem","position":2,"name":"Productos","item":"https:\/\/gr-100.com\/?post_type=product"},{"@type":"ListItem","position":3,"name":"Specialized Rockhopper Sport 2026 27\u00b45\u00b4\u00b4 (copia) (copia)"}]},{"@type":"WebSite","@id":"https:\/\/gr-100.com\/#website","url":"https:\/\/gr-100.com\/","name":"Gr-100 Tienda de ciclismo Specialized","description":"GR-100 tenemos todas las gamas de bicicletas Specialized al mejor precio.","publisher":{"@id":"https:\/\/gr-100.com\/#organization"},"alternateName":"Gr-100 Bikes","potentialAction":[{"@type":"SearchAction","target":{"@type":"EntryPoint","urlTemplate":"https:\/\/gr-100.com\/?s={search_term_string}"},"query-input":{"@type":"PropertyValueSpecification","valueRequired":true,"valueName":"search_term_string"}}],"inLanguage":"pt-PT"},{"@type":"Organization","@id":"https:\/\/gr-100.com\/#organization","name":"Gr-100","url":"https:\/\/gr-100.com\/","logo":{"@type":"ImageObject","inLanguage":"pt-PT","@id":"https:\/\/gr-100.com\/#\/schema\/logo\/image\/","url":"https:\/\/gr-100.com\/wp-content\/uploads\/2023\/08\/logo-gr-100-bikes.png","contentUrl":"https:\/\/gr-100.com\/wp-content\/uploads\/2023\/08\/logo-gr-100-bikes.png","width":707,"height":284,"caption":"Gr-100"},"image":{"@id":"https:\/\/gr-100.com\/#\/schema\/logo\/image\/"},"sameAs":["https:\/\/www.facebook.com\/Gr100Bikes","https:\/\/www.instagram.com\/gr100bikes\/","https:\/\/www.tiktok.com\/@gr100bikes","https:\/\/twitter.com\/gr100mtbteam","https:\/\/www.youtube.com\/c\/GR100Specialized"]}]}},"_links":{"self":[{"href":"https:\/\/gr-100.com\/pt-pt\/wp-json\/wp\/v2\/product\/425851","targetHints":{"allow":["GET"]}}],"collection":[{"href":"https:\/\/gr-100.com\/pt-pt\/wp-json\/wp\/v2\/product"}],"about":[{"href":"https:\/\/gr-100.com\/pt-pt\/wp-json\/wp\/v2\/types\/product"}],"replies":[{"embeddable":true,"href":"https:\/\/gr-100.com\/pt-pt\/wp-json\/wp\/v2\/comments?post=425851"}],"wp:featuredmedia":[{"embeddable":true,"href":"https:\/\/gr-100.com\/pt-pt\/wp-json\/wp\/v2\/media\/425389"}],"wp:attachment":[{"href":"https:\/\/gr-100.com\/pt-pt\/wp-json\/wp\/v2\/media?parent=425851"}],"wp:term":[{"taxonomy":"product_brand","embeddable":true,"href":"https:\/\/gr-100.com\/pt-pt\/wp-json\/wp\/v2\/product_brand?post=425851"},{"taxonomy":"product_cat","embeddable":true,"href":"https:\/\/gr-100.com\/pt-pt\/wp-json\/wp\/v2\/product_cat?post=425851"},{"taxonomy":"product_tag","embeddable":true,"href":"https:\/\/gr-100.com\/pt-pt\/wp-json\/wp\/v2\/product_tag?post=425851"}],"curies":[{"name":"wp","href":"https:\/\/api.w.org\/{rel}","templated":true}]}}