{"id":425927,"date":"2024-11-26T12:31:33","date_gmt":"2024-11-26T11:31:33","guid":{"rendered":"https:\/\/gr-100.com\/producto\/specialized-rockhopper-expert-kh-2024\/"},"modified":"2024-11-26T12:31:33","modified_gmt":"2024-11-26T10:31:33","slug":"specialized-rockhopper-expert-kh-2024","status":"publish","type":"product","link":"https:\/\/gr-100.com\/pt-pt\/producto\/specialized-rockhopper-expert-kh-2024\/","title":{"rendered":"Specialized Rockhopper Expert KH 2024"},"content":{"rendered":"<ul>\n<li>\u2022 Un coraz\u00f3n de oro, presentado en nuestro aluminio Premium A1, ligero pero duradero, el cuadro de aluminio conificado de la Rockhopper cuenta con tubos superiores y diagonales hidroformados para mantener el peso bajo y la resistencia alta, al mismo tiempo que proporciona mayor espacio libre de soporte, enrutamiento interno de cables elegante y compatibilidad con tijas telesc\u00f3picas.<br \/>\n\u2022 Para garantizar que la Rockhopper ofrezca el mejor ajuste y el mejor rendimiento para cada persona, sin importar su medida, hemos combinado cada tama\u00f1o de cuadro Rockhopper con el tama\u00f1o de rueda \u00f3ptimo. El resultado es una Rockhopper que se adapta a cada ciclista y la seguridad de que cada Rockhopper rueda sobre la rueda con mejor manejo para su tama\u00f1o de cuadro.<br \/>\n\u2022 Bellamente bestiales, los frenos de disco hidr\u00e1ulicos Tektro tienen una gran mordida pero entregan su potencia con una sensaci\u00f3n refinada e intuitiva para crear un paquete que supera con creces su categor\u00eda de precio.<br \/>\n\u2022 Simplifica las cosas con una transmisi\u00f3n Shimano 1x duradera con amplio rango y un desviador trasero equipado con embrague que mantiene tu viaje silencioso y con la cadena siempre en su sitio.<br \/>\n\u2022 Combine los bujes totalmente confiables de Formula con nuestras llantas Stout sin gancho de 25 mil\u00edmetros de di\u00e1metro interno para lograr un triplete de juego de ruedas resistente, liviano y duradero.<\/li>\n<li>ESPECIFICACIONES<br \/>\nTransmisi\u00f3n<br \/>\nCADENA<br \/>\nShimano CN-LG500, W\/QUICK-LINK<br \/>\nMANDOS DE CAMBIO<br \/>\nShimano Deore M5100, 11-speed<br \/>\nCAMBIO<br \/>\nShimano Deore M5100, SGS, 11-speed<br \/>\nCASETE<br \/>\nShimano Deore, 11spd, 11-51t<br \/>\nCAJA PEDALIER<br \/>\nSquare-tapered, 73mm, internal bearings, 122.5mm shaft<br \/>\nPEDALIER<br \/>\nStout 1x, forged aluminum<br \/>\nCuadro<br \/>\nABRAZ. SELIM<br \/>\nAleaci\u00f3n, cierre r\u00e1pido, 34,9<br \/>\nIMAGEM<br \/>\nAleaci\u00f3n Specialized A1 premium conificada, tubo de direcci\u00f3n zero-stack, cableado interno, punteras forjadas de 135&#215;9 mm, freno de disco montado en la vaina, patilla de cambio de aleaci\u00f3n reemplazable, soportes para portabultos Stealth, compatible con tija telesc\u00f3pica<br \/>\nSuspens\u00e3o<br \/>\nGARFO<br \/>\nRockShox Judy, Solo Air, amortiguador Turnkey, avance de 46 mm, cierre r\u00e1pido, recorrido de 80\/90\/100 mm (espec\u00edfico para la talla), tubo de direcci\u00f3n de aleaci\u00f3n<br \/>\nTrav\u00f5es<br \/>\nTRAV\u00c3O DIANTEIRO<br \/>\nShimano BR-MT200, disco hidr\u00e1ulico, 160,180 mm<br \/>\nFRENO TRASERO<br \/>\nShimano BR-MT200, disco hidr\u00e1ulico, 160 mm<br \/>\nRuedas y cubiertas<br \/>\nNEUM\u00c1TICO DEL.<br \/>\nGround Control 2BR, 650B\/29&#215;2.35, T5<br \/>\nPNEU TRASEIRO<br \/>\nGround Control 2BR, 650B\/29&#215;2.35, T5<br \/>\nCUBO FRONTAL<br \/>\nFormula DC-20, 6-Bolt, disco, espaciado 100x9mm, liberaci\u00f3n r\u00e1pida<br \/>\nCUBO TRASEIRO<br \/>\nFormula DC-22, 6-Bolt freehub, disco, espaciado 135x9mm, liberaci\u00f3n r\u00e1pida<br \/>\nC\u00c2MARAS<br \/>\n40mm PV 650B\/29&#215;1.75-2.4<br \/>\nPneus<br \/>\nSpecialized Alloy, hookless, Tubeless ready, 25mm inner width<br \/>\nR\u00c1DIOS<br \/>\nSem manchas, 14g<br \/>\nCabine de pilotagem<br \/>\nESPIG\u00c3O ASSENTO<br \/>\nLiga, bra\u00e7adeira de 2 parafusos, 30,9 mm<br \/>\nSELIM<br \/>\nBridge Sport, Steel rails, 155\/143 mm<br \/>\nPUNHOS<br \/>\nPu\u00f1os Specialized Trail, con bloqueo<br \/>\nGUID\u00c3O<br \/>\nStout Mini Rise, aleaci\u00f3n, retroceso de 9 grados, elevaci\u00f3n de 15 mm, 31,8 mm<br \/>\nPOT\u00caNCIA<br \/>\nStout 3D-forged Alloy, 31,8 mm, elevaci\u00f3n de 6 grados<br \/>\nAcess\u00f3rios<br \/>\nPEDAIS<br \/>\nPedales planos SBC-54<br \/>\nPeso<br \/>\nD\u00cdNAMO<br \/>\n12,67 kg (27 lb, 14,9 oz)<\/li>\n<\/ul>\n","protected":false},"excerpt":{"rendered":"<p>Comience con un cuadro de Aluminio Premium A1 minuciosamente dise\u00f1ado, agregue una geometr\u00eda moderna que pone un ojo en la eficiencia y el otro en la capacidad segura, y tendr\u00e1 la base s\u00f3lida de nuestra mejor Rockhopper hasta el momento.<br \/>\nCombine eso con una lista de componentes que simplemente no la abandonan (\u00bfpodemos recibir un reconocimiento para la horquilla Judy SoloAir de RockShox y los frenos de disco hidr\u00e1ulicos MT-200 siempre dispuestos de Shimano?), y tiene unas llantas tubeless-ready. Una Rockhopper equipada con el grupo Shimano Deore M5100 1&#215;11, absolutamente preparada para volar. <\/p>\n","protected":false},"featured_media":397516,"comment_status":"open","ping_status":"closed","template":"","meta":{"_acf_changed":false,"_et_pb_use_builder":"","_et_pb_old_content":"","_et_gb_content_width":"","inline_featured_image":false},"product_brand":[],"product_cat":[5379,5378,5375,5374,4353,2459,402,2483,403],"product_tag":[],"class_list":{"0":"post-425927","1":"product","2":"type-product","3":"status-publish","4":"has-post-thumbnail","6":"product_cat-bicicletas-de-montanha-cross-country-xc","7":"product_cat-bicicletas-de-montanha-de-29","8":"product_cat-bicicletas-de-montanha-specialized","9":"product_cat-descontos","10":"product_cat-liquidacion-specialized","11":"product_cat-bicicletas-pt-pt-2","12":"product_cat-montanha","13":"product_cat-bicicletas-especializadas","14":"product_cat-outlet-pt-pt","15":"product_shipping_class-bicicletas-pt-pt","17":"first","18":"instock","19":"sale","20":"taxable","21":"shipping-taxable","22":"purchasable","23":"product-type-variable","24":"wvs-archive-product-wrapper"},"acf":[],"yoast_head":"<!-- This site is optimized with the Yoast SEO Premium plugin v26.7 (Yoast SEO v26.7) - https:\/\/yoast.com\/wordpress\/plugins\/seo\/ -->\n<title>Specialized Rockhopper Expert KH 2024 GR-100<\/title>\n<meta name=\"description\" content=\"Comience con un cuadro de Aluminio Premium A1 minuciosamente dise\u00f1ado, agregue una geometr\u00eda moderna que pone un ojo en la eficiencia y el otro en la capacidad segura, y tendr\u00e1 la base s\u00f3lida de nuestra mejor Rockhopper hasta el momento.Combine eso con una lista de componentes que simplemente no la abandonan (\u00bfpodemos recibir un reconocimiento para la horquilla Judy SoloAir de RockShox y los frenos de disco hidr\u00e1ulicos MT-200 siempre dispuestos de Shimano?), y tiene unas llantas tubeless-ready. Una Rockhopper equipada con el grupo Shimano Deore M5100 1x11, absolutamente preparada para volar.\" \/>\n<meta name=\"robots\" content=\"index, follow, max-snippet:-1, max-image-preview:large, max-video-preview:-1\" \/>\n<link rel=\"canonical\" href=\"https:\/\/gr-100.com\/pt-pt\/producto\/specialized-rockhopper-expert-kh-2024\/\" \/>\n<meta property=\"og:locale\" content=\"pt_PT\" \/>\n<meta property=\"og:type\" content=\"article\" \/>\n<meta property=\"og:title\" content=\"Specialized Rockhopper Expert KH 2024\" \/>\n<meta property=\"og:description\" content=\"Comience con un cuadro de Aluminio Premium A1 minuciosamente dise\u00f1ado, agregue una geometr\u00eda moderna que pone un ojo en la eficiencia y el otro en la capacidad segura, y tendr\u00e1 la base s\u00f3lida de nuestra mejor Rockhopper hasta el momento.Combine eso con una lista de componentes que simplemente no la abandonan (\u00bfpodemos recibir un reconocimiento para la horquilla Judy SoloAir de RockShox y los frenos de disco hidr\u00e1ulicos MT-200 siempre dispuestos de Shimano?), y tiene unas llantas tubeless-ready. Una Rockhopper equipada con el grupo Shimano Deore M5100 1x11, absolutamente preparada para volar.\" \/>\n<meta property=\"og:url\" content=\"https:\/\/gr-100.com\/pt-pt\/producto\/specialized-rockhopper-expert-kh-2024\/\" \/>\n<meta property=\"og:site_name\" content=\"Gr-100 Tienda de ciclismo Specialized\" \/>\n<meta property=\"article:publisher\" content=\"https:\/\/www.facebook.com\/Gr100Bikes\" \/>\n<meta property=\"og:image\" content=\"https:\/\/gr-100.com\/wp-content\/uploads\/2024\/11\/Sin-titulo-2024-11-26T125024.245.jpeg\" \/>\n\t<meta property=\"og:image:width\" content=\"1000\" \/>\n\t<meta property=\"og:image:height\" content=\"1000\" \/>\n\t<meta property=\"og:image:type\" content=\"image\/jpeg\" \/>\n<meta name=\"twitter:card\" content=\"summary_large_image\" \/>\n<meta name=\"twitter:label1\" content=\"Tempo estimado de leitura\" \/>\n\t<meta name=\"twitter:data1\" content=\"2 minutos\" \/>\n<script type=\"application\/ld+json\" class=\"yoast-schema-graph\">{\"@context\":\"https:\/\/schema.org\",\"@graph\":[{\"@type\":\"WebPage\",\"@id\":\"https:\/\/gr-100.com\/pt-pt\/producto\/specialized-rockhopper-expert-kh-2024\/\",\"url\":\"https:\/\/gr-100.com\/pt-pt\/producto\/specialized-rockhopper-expert-kh-2024\/\",\"name\":\"Specialized Rockhopper Expert KH 2024 GR-100\",\"isPartOf\":{\"@id\":\"https:\/\/gr-100.com\/#website\"},\"primaryImageOfPage\":{\"@id\":\"https:\/\/gr-100.com\/pt-pt\/producto\/specialized-rockhopper-expert-kh-2024\/#primaryimage\"},\"image\":{\"@id\":\"https:\/\/gr-100.com\/pt-pt\/producto\/specialized-rockhopper-expert-kh-2024\/#primaryimage\"},\"thumbnailUrl\":\"https:\/\/gr-100.com\/wp-content\/uploads\/2024\/11\/Sin-titulo-2024-11-26T125024.245.jpeg\",\"datePublished\":\"2024-11-26T11:31:33+00:00\",\"description\":\"Comience con un cuadro de Aluminio Premium A1 minuciosamente dise\u00f1ado, agregue una geometr\u00eda moderna que pone un ojo en la eficiencia y el otro en la capacidad segura, y tendr\u00e1 la base s\u00f3lida de nuestra mejor Rockhopper hasta el momento.Combine eso con una lista de componentes que simplemente no la abandonan (\u00bfpodemos recibir un reconocimiento para la horquilla Judy SoloAir de RockShox y los frenos de disco hidr\u00e1ulicos MT-200 siempre dispuestos de Shimano?), y tiene unas llantas tubeless-ready. Una Rockhopper equipada con el grupo Shimano Deore M5100 1x11, absolutamente preparada para volar.\",\"breadcrumb\":{\"@id\":\"https:\/\/gr-100.com\/pt-pt\/producto\/specialized-rockhopper-expert-kh-2024\/#breadcrumb\"},\"inLanguage\":\"pt-PT\",\"potentialAction\":[{\"@type\":\"ReadAction\",\"target\":[\"https:\/\/gr-100.com\/pt-pt\/producto\/specialized-rockhopper-expert-kh-2024\/\"]}]},{\"@type\":\"ImageObject\",\"inLanguage\":\"pt-PT\",\"@id\":\"https:\/\/gr-100.com\/pt-pt\/producto\/specialized-rockhopper-expert-kh-2024\/#primaryimage\",\"url\":\"https:\/\/gr-100.com\/wp-content\/uploads\/2024\/11\/Sin-titulo-2024-11-26T125024.245.jpeg\",\"contentUrl\":\"https:\/\/gr-100.com\/wp-content\/uploads\/2024\/11\/Sin-titulo-2024-11-26T125024.245.jpeg\",\"width\":1000,\"height\":1000},{\"@type\":\"BreadcrumbList\",\"@id\":\"https:\/\/gr-100.com\/pt-pt\/producto\/specialized-rockhopper-expert-kh-2024\/#breadcrumb\",\"itemListElement\":[{\"@type\":\"ListItem\",\"position\":1,\"name\":\"Portada\",\"item\":\"https:\/\/gr-100.com\/en\/\"},{\"@type\":\"ListItem\",\"position\":2,\"name\":\"Productos\",\"item\":\"https:\/\/gr-100.com\/?post_type=product\"},{\"@type\":\"ListItem\",\"position\":3,\"name\":\"Specialized Rockhopper Expert KH 2024\"}]},{\"@type\":\"WebSite\",\"@id\":\"https:\/\/gr-100.com\/#website\",\"url\":\"https:\/\/gr-100.com\/\",\"name\":\"Gr-100 Tienda de ciclismo Specialized\",\"description\":\"GR-100 tenemos todas las gamas de bicicletas Specialized al mejor precio.\",\"publisher\":{\"@id\":\"https:\/\/gr-100.com\/#organization\"},\"alternateName\":\"Gr-100 Bikes\",\"potentialAction\":[{\"@type\":\"SearchAction\",\"target\":{\"@type\":\"EntryPoint\",\"urlTemplate\":\"https:\/\/gr-100.com\/?s={search_term_string}\"},\"query-input\":{\"@type\":\"PropertyValueSpecification\",\"valueRequired\":true,\"valueName\":\"search_term_string\"}}],\"inLanguage\":\"pt-PT\"},{\"@type\":\"Organization\",\"@id\":\"https:\/\/gr-100.com\/#organization\",\"name\":\"Gr-100\",\"url\":\"https:\/\/gr-100.com\/\",\"logo\":{\"@type\":\"ImageObject\",\"inLanguage\":\"pt-PT\",\"@id\":\"https:\/\/gr-100.com\/#\/schema\/logo\/image\/\",\"url\":\"https:\/\/gr-100.com\/wp-content\/uploads\/2023\/08\/logo-gr-100-bikes.png\",\"contentUrl\":\"https:\/\/gr-100.com\/wp-content\/uploads\/2023\/08\/logo-gr-100-bikes.png\",\"width\":707,\"height\":284,\"caption\":\"Gr-100\"},\"image\":{\"@id\":\"https:\/\/gr-100.com\/#\/schema\/logo\/image\/\"},\"sameAs\":[\"https:\/\/www.facebook.com\/Gr100Bikes\",\"https:\/\/www.instagram.com\/gr100bikes\/\",\"https:\/\/www.tiktok.com\/@gr100bikes\",\"https:\/\/twitter.com\/gr100mtbteam\",\"https:\/\/www.youtube.com\/c\/GR100Specialized\"]}]}<\/script>\n<!-- \/ Yoast SEO Premium plugin. -->","yoast_head_json":{"title":"Specialized Rockhopper Expert KH 2024 GR-100","description":"Comience con un cuadro de Aluminio Premium A1 minuciosamente dise\u00f1ado, agregue una geometr\u00eda moderna que pone un ojo en la eficiencia y el otro en la capacidad segura, y tendr\u00e1 la base s\u00f3lida de nuestra mejor Rockhopper hasta el momento.Combine eso con una lista de componentes que simplemente no la abandonan (\u00bfpodemos recibir un reconocimiento para la horquilla Judy SoloAir de RockShox y los frenos de disco hidr\u00e1ulicos MT-200 siempre dispuestos de Shimano?), y tiene unas llantas tubeless-ready. Una Rockhopper equipada con el grupo Shimano Deore M5100 1x11, absolutamente preparada para volar.","robots":{"index":"index","follow":"follow","max-snippet":"max-snippet:-1","max-image-preview":"max-image-preview:large","max-video-preview":"max-video-preview:-1"},"canonical":"https:\/\/gr-100.com\/pt-pt\/producto\/specialized-rockhopper-expert-kh-2024\/","og_locale":"pt_PT","og_type":"article","og_title":"Specialized Rockhopper Expert KH 2024","og_description":"Comience con un cuadro de Aluminio Premium A1 minuciosamente dise\u00f1ado, agregue una geometr\u00eda moderna que pone un ojo en la eficiencia y el otro en la capacidad segura, y tendr\u00e1 la base s\u00f3lida de nuestra mejor Rockhopper hasta el momento.Combine eso con una lista de componentes que simplemente no la abandonan (\u00bfpodemos recibir un reconocimiento para la horquilla Judy SoloAir de RockShox y los frenos de disco hidr\u00e1ulicos MT-200 siempre dispuestos de Shimano?), y tiene unas llantas tubeless-ready. Una Rockhopper equipada con el grupo Shimano Deore M5100 1x11, absolutamente preparada para volar.","og_url":"https:\/\/gr-100.com\/pt-pt\/producto\/specialized-rockhopper-expert-kh-2024\/","og_site_name":"Gr-100 Tienda de ciclismo Specialized","article_publisher":"https:\/\/www.facebook.com\/Gr100Bikes","og_image":[{"width":1000,"height":1000,"url":"https:\/\/gr-100.com\/wp-content\/uploads\/2024\/11\/Sin-titulo-2024-11-26T125024.245.jpeg","type":"image\/jpeg"}],"twitter_card":"summary_large_image","twitter_misc":{"Tempo estimado de leitura":"2 minutos"},"schema":{"@context":"https:\/\/schema.org","@graph":[{"@type":"WebPage","@id":"https:\/\/gr-100.com\/pt-pt\/producto\/specialized-rockhopper-expert-kh-2024\/","url":"https:\/\/gr-100.com\/pt-pt\/producto\/specialized-rockhopper-expert-kh-2024\/","name":"Specialized Rockhopper Expert KH 2024 GR-100","isPartOf":{"@id":"https:\/\/gr-100.com\/#website"},"primaryImageOfPage":{"@id":"https:\/\/gr-100.com\/pt-pt\/producto\/specialized-rockhopper-expert-kh-2024\/#primaryimage"},"image":{"@id":"https:\/\/gr-100.com\/pt-pt\/producto\/specialized-rockhopper-expert-kh-2024\/#primaryimage"},"thumbnailUrl":"https:\/\/gr-100.com\/wp-content\/uploads\/2024\/11\/Sin-titulo-2024-11-26T125024.245.jpeg","datePublished":"2024-11-26T11:31:33+00:00","description":"Comience con un cuadro de Aluminio Premium A1 minuciosamente dise\u00f1ado, agregue una geometr\u00eda moderna que pone un ojo en la eficiencia y el otro en la capacidad segura, y tendr\u00e1 la base s\u00f3lida de nuestra mejor Rockhopper hasta el momento.Combine eso con una lista de componentes que simplemente no la abandonan (\u00bfpodemos recibir un reconocimiento para la horquilla Judy SoloAir de RockShox y los frenos de disco hidr\u00e1ulicos MT-200 siempre dispuestos de Shimano?), y tiene unas llantas tubeless-ready. Una Rockhopper equipada con el grupo Shimano Deore M5100 1x11, absolutamente preparada para volar.","breadcrumb":{"@id":"https:\/\/gr-100.com\/pt-pt\/producto\/specialized-rockhopper-expert-kh-2024\/#breadcrumb"},"inLanguage":"pt-PT","potentialAction":[{"@type":"ReadAction","target":["https:\/\/gr-100.com\/pt-pt\/producto\/specialized-rockhopper-expert-kh-2024\/"]}]},{"@type":"ImageObject","inLanguage":"pt-PT","@id":"https:\/\/gr-100.com\/pt-pt\/producto\/specialized-rockhopper-expert-kh-2024\/#primaryimage","url":"https:\/\/gr-100.com\/wp-content\/uploads\/2024\/11\/Sin-titulo-2024-11-26T125024.245.jpeg","contentUrl":"https:\/\/gr-100.com\/wp-content\/uploads\/2024\/11\/Sin-titulo-2024-11-26T125024.245.jpeg","width":1000,"height":1000},{"@type":"BreadcrumbList","@id":"https:\/\/gr-100.com\/pt-pt\/producto\/specialized-rockhopper-expert-kh-2024\/#breadcrumb","itemListElement":[{"@type":"ListItem","position":1,"name":"Portada","item":"https:\/\/gr-100.com\/en\/"},{"@type":"ListItem","position":2,"name":"Productos","item":"https:\/\/gr-100.com\/?post_type=product"},{"@type":"ListItem","position":3,"name":"Specialized Rockhopper Expert KH 2024"}]},{"@type":"WebSite","@id":"https:\/\/gr-100.com\/#website","url":"https:\/\/gr-100.com\/","name":"Gr-100 Tienda de ciclismo Specialized","description":"GR-100 tenemos todas las gamas de bicicletas Specialized al mejor precio.","publisher":{"@id":"https:\/\/gr-100.com\/#organization"},"alternateName":"Gr-100 Bikes","potentialAction":[{"@type":"SearchAction","target":{"@type":"EntryPoint","urlTemplate":"https:\/\/gr-100.com\/?s={search_term_string}"},"query-input":{"@type":"PropertyValueSpecification","valueRequired":true,"valueName":"search_term_string"}}],"inLanguage":"pt-PT"},{"@type":"Organization","@id":"https:\/\/gr-100.com\/#organization","name":"Gr-100","url":"https:\/\/gr-100.com\/","logo":{"@type":"ImageObject","inLanguage":"pt-PT","@id":"https:\/\/gr-100.com\/#\/schema\/logo\/image\/","url":"https:\/\/gr-100.com\/wp-content\/uploads\/2023\/08\/logo-gr-100-bikes.png","contentUrl":"https:\/\/gr-100.com\/wp-content\/uploads\/2023\/08\/logo-gr-100-bikes.png","width":707,"height":284,"caption":"Gr-100"},"image":{"@id":"https:\/\/gr-100.com\/#\/schema\/logo\/image\/"},"sameAs":["https:\/\/www.facebook.com\/Gr100Bikes","https:\/\/www.instagram.com\/gr100bikes\/","https:\/\/www.tiktok.com\/@gr100bikes","https:\/\/twitter.com\/gr100mtbteam","https:\/\/www.youtube.com\/c\/GR100Specialized"]}]}},"_links":{"self":[{"href":"https:\/\/gr-100.com\/pt-pt\/wp-json\/wp\/v2\/product\/425927","targetHints":{"allow":["GET"]}}],"collection":[{"href":"https:\/\/gr-100.com\/pt-pt\/wp-json\/wp\/v2\/product"}],"about":[{"href":"https:\/\/gr-100.com\/pt-pt\/wp-json\/wp\/v2\/types\/product"}],"replies":[{"embeddable":true,"href":"https:\/\/gr-100.com\/pt-pt\/wp-json\/wp\/v2\/comments?post=425927"}],"wp:featuredmedia":[{"embeddable":true,"href":"https:\/\/gr-100.com\/pt-pt\/wp-json\/wp\/v2\/media\/397516"}],"wp:attachment":[{"href":"https:\/\/gr-100.com\/pt-pt\/wp-json\/wp\/v2\/media?parent=425927"}],"wp:term":[{"taxonomy":"product_brand","embeddable":true,"href":"https:\/\/gr-100.com\/pt-pt\/wp-json\/wp\/v2\/product_brand?post=425927"},{"taxonomy":"product_cat","embeddable":true,"href":"https:\/\/gr-100.com\/pt-pt\/wp-json\/wp\/v2\/product_cat?post=425927"},{"taxonomy":"product_tag","embeddable":true,"href":"https:\/\/gr-100.com\/pt-pt\/wp-json\/wp\/v2\/product_tag?post=425927"}],"curies":[{"name":"wp","href":"https:\/\/api.w.org\/{rel}","templated":true}]}}