{"id":425954,"date":"2024-11-26T11:34:48","date_gmt":"2024-11-26T10:34:48","guid":{"rendered":"https:\/\/gr-100.com\/producto\/specialized-rockhopper-comp-vn-2025\/"},"modified":"2024-11-26T11:34:48","modified_gmt":"2024-11-26T09:34:48","slug":"specialized-rockhopper-comp-vn-2025","status":"publish","type":"product","link":"https:\/\/gr-100.com\/pt-pt\/producto\/specialized-rockhopper-comp-vn-2025\/","title":{"rendered":"Specialized Rockhopper Comp VN 2025"},"content":{"rendered":"<ul>\n<li>Aluminio Premium A1, el marco de aluminio del Rockhopper presenta tubos superiores e inferiores hidroformados para mantener el peso bajo y la resistencia alta, todo mientras proporciona mayor espacio de paso, enrutamiento interno de cables limpio y compatibilidad con postes de descenso.<\/li>\n<li>Para asegurarnos de que el Rockhopper ofrezca tanto el mejor ajuste como el mejor rendimiento para cada persona, sin importar su medida, hemos emparejado cada tama\u00f1o de marco Rockhopper con el tama\u00f1o de rueda \u00f3ptimo. El resultado es un Rockhopper que se adapta a cada ciclista y la certeza de que cada Rockhopper rueda con la mejor manejabilidad para su tama\u00f1o de marco. <\/li>\n<li>Bellamente bestial, los frenos de disco hidr\u00e1ulicos Shimano BR-MT200 ofrecen una mordida feroz pero entregan su potencia con una sensaci\u00f3n refinada e intuitiva, creando un paquete que supera su categor\u00eda.<\/li>\n<li>Mant\u00e9n las cosas simples con un grupo de transmisi\u00f3n Shimano 1x duradero, con mucho rango y un desviador trasero equipado con embrague que mantiene tu paseo silencioso, y tu cadena en su lugar.<\/li>\n<li>Combina bujes de confianza de Formula con nuestros aros de aleaci\u00f3n Specialized sin gancho de 25 mil\u00edmetros de di\u00e1metro interno para un juego de ruedas fuerte, ligero y duradero.<\/li>\n<li>ESPECIFICACIONES<br \/>\nCuadro<br \/>\nCUADRO<br \/>\nAleaci\u00f3n conificada premium Specialized A1, tubo de direcci\u00f3n zero-stack, cableado interno, punteras forjadas de 135 x 9 mm, freno de disco montado en la vaina, patilla de cambio de aleaci\u00f3n reemplazable, soportes para portabultos Stealth, compatible con tija telesc\u00f3pica<br \/>\nABRAZ. SELIM<br \/>\nAleaci\u00f3n, cierre r\u00e1pido, 34,9<br \/>\nSuspens\u00e3o<br \/>\nGARFO<br \/>\nRockShox Judy, Solo Air, amortiguador Turnkey, avance de 46 mm, cierre r\u00e1pido, recorrido de 80\/90\/100 mm (espec\u00edfico para la talla), tubo de direcci\u00f3n de acero<br \/>\nTrav\u00f5es<br \/>\nTRAV\u00c3O DIANTEIRO<br \/>\nShimano BR-MT200, disco hidr\u00e1ulico, 180 mm<br \/>\nTRAV\u00c3O TRASEIRO<br \/>\nShimano BR-MT200, disco hidr\u00e1ulico, 180 mm<br \/>\nTransmiss\u00e3o<br \/>\nMUDAN\u00c7A<br \/>\nShimano Deore, RD-M5120, 10 velocidades<br \/>\nCONTROLOS DE MUDAN\u00c7A DE VELOCIDADE<br \/>\nShimano Deore, RapidFire Plus, 10 velocidades<br \/>\nCASETA<br \/>\nSunrace, 11-46t, 10 velocidades<br \/>\nCADEIA<br \/>\nKMC, X10, revestimiento anticorrosi\u00f3n EPT, 10 velocidades con Missing Link\u2122<br \/>\nSUPORTE INFERIOR<br \/>\nStout 1x, forjado aleaci\u00f3n<br \/>\nSUPORTE INFERIOR<br \/>\nCono cuadrado, 73 mm, rodamientos internos, eje de 122,5 mm<br \/>\nRodas e pneus<br \/>\nPneus<br \/>\nSpecialized Alloy, hookless, Tubeless ready, ancho interior de 25 mm<br \/>\nCUBO FRONTAL<br \/>\nFormula DC-20, 6 tornillos, disco, espaciado de 100 x 9 mm, cierre r\u00e1pido<br \/>\nBUJE TRASERO<br \/>\nFormula DC-22, buje libre de 6 tornillos, disco, espaciado de 135 x 9 mm, cierre r\u00e1pido<br \/>\nRADIOS<br \/>\nInoxidable, 14 g<br \/>\nNEUM\u00c1TICO DEL.<br \/>\nFAST TRAK SPORT, 650B\/29&#215;2.35<br \/>\nPNEU TRASEIRO<br \/>\nFAST TRAK SPORT, 650B\/29&#215;2.35<br \/>\nC\u00c2MARAS<br \/>\nStandard 40mm PV 650B\/29&#215;1.75-2.4<br \/>\nCabine de pilotagem<br \/>\nPOT\u00caNCIA<br \/>\n3D-forged aluminum, 31.8mm, 7-degree rise<br \/>\nGUID\u00c3O<br \/>\nAlloy Mini Rise, 9-degree backsweep, 15mm rise, 31.8mm<br \/>\nPUNHOS<br \/>\nSpecialized Trail Grips, lock-on<br \/>\nSELIM<br \/>\nBridge Sport, Steel rails, 155\/143mm<br \/>\nESPIG\u00c3O ASSENTO<br \/>\nLiga, bra\u00e7adeira de 2 parafusos, 30,9 mm<br \/>\nAcess\u00f3rios<br \/>\nPEDAIS<br \/>\nPEDAL DE PLATAFORMA,VP,SBC-54,PP (POLYPROPYLENE) CUERPO, BUJE DE COJINETE, 10B21, HUSILLO DE 9\/16 PULGADAS<\/li>\n<\/ul>\n","protected":false},"excerpt":{"rendered":"<p>Rockhopper Comp vive para la acci\u00f3n intensa y giros argumentales de ritmo r\u00e1pido. Presenta un marco de aluminio Premium A1 que hace su debut en senderos sencillos. <\/p>\n<p>Roll los cr\u00e9ditos para descubrir una RockShox Judy, un juego de ruedas de aleaci\u00f3n Specialized, frenos hidr\u00e1ulicos Shimano BR-MT200 y el grupo de transmisi\u00f3n de rango amplio 1&#215;10 de Shimano. Tienes respaldo proporcionado por un elenco de apoyo que es todo thriller y sin relleno, pero nunca te dejar\u00e1 colgado. <\/p>\n","protected":false},"featured_media":397477,"comment_status":"open","ping_status":"closed","template":"","meta":{"_acf_changed":false,"_et_pb_use_builder":"","_et_pb_old_content":"","_et_gb_content_width":"","inline_featured_image":false},"product_brand":[],"product_cat":[5379,5378,5375,5374,4353,2459,402,2483],"product_tag":[],"class_list":{"0":"post-425954","1":"product","2":"type-product","3":"status-publish","4":"has-post-thumbnail","6":"product_cat-bicicletas-de-montanha-cross-country-xc","7":"product_cat-bicicletas-de-montanha-de-29","8":"product_cat-bicicletas-de-montanha-specialized","9":"product_cat-descontos","10":"product_cat-liquidacion-specialized","11":"product_cat-bicicletas-pt-pt-2","12":"product_cat-montanha","13":"product_cat-bicicletas-especializadas","14":"product_shipping_class-bicicletas-pt-pt","16":"first","17":"instock","18":"sale","19":"taxable","20":"shipping-taxable","21":"purchasable","22":"product-type-variable","23":"wvs-archive-product-wrapper"},"acf":[],"yoast_head":"<!-- This site is optimized with the Yoast SEO Premium plugin v26.7 (Yoast SEO v26.7) - https:\/\/yoast.com\/wordpress\/plugins\/seo\/ -->\n<title>Specialized Rockhopper Comp VN 2025 GR-100<\/title>\n<meta name=\"description\" content=\"Rockhopper Comp vive para la acci\u00f3n intensa y giros argumentales de ritmo r\u00e1pido. Presenta un marco de aluminio Premium A1 que hace su debut en senderos sencillos.Roll los cr\u00e9ditos para descubrir una RockShox Judy, un juego de ruedas de aleaci\u00f3n Specialized, frenos hidr\u00e1ulicos Shimano BR-MT200 y el grupo de transmisi\u00f3n de rango amplio 1x10 de Shimano. Tienes respaldo proporcionado por un elenco de apoyo que es todo thriller y sin relleno, pero nunca te dejar\u00e1 colgado.\" \/>\n<meta name=\"robots\" content=\"index, follow, max-snippet:-1, max-image-preview:large, max-video-preview:-1\" \/>\n<link rel=\"canonical\" href=\"https:\/\/gr-100.com\/pt-pt\/producto\/specialized-rockhopper-comp-vn-2025\/\" \/>\n<meta property=\"og:locale\" content=\"pt_PT\" \/>\n<meta property=\"og:type\" content=\"article\" \/>\n<meta property=\"og:title\" content=\"Specialized Rockhopper Comp VN 2025\" \/>\n<meta property=\"og:description\" content=\"Rockhopper Comp vive para la acci\u00f3n intensa y giros argumentales de ritmo r\u00e1pido. Presenta un marco de aluminio Premium A1 que hace su debut en senderos sencillos.Roll los cr\u00e9ditos para descubrir una RockShox Judy, un juego de ruedas de aleaci\u00f3n Specialized, frenos hidr\u00e1ulicos Shimano BR-MT200 y el grupo de transmisi\u00f3n de rango amplio 1x10 de Shimano. Tienes respaldo proporcionado por un elenco de apoyo que es todo thriller y sin relleno, pero nunca te dejar\u00e1 colgado.\" \/>\n<meta property=\"og:url\" content=\"https:\/\/gr-100.com\/pt-pt\/producto\/specialized-rockhopper-comp-vn-2025\/\" \/>\n<meta property=\"og:site_name\" content=\"Gr-100 Tienda de ciclismo Specialized\" \/>\n<meta property=\"article:publisher\" content=\"https:\/\/www.facebook.com\/Gr100Bikes\" \/>\n<meta property=\"og:image\" content=\"https:\/\/gr-100.com\/wp-content\/uploads\/2024\/11\/Sin-titulo-2024-11-26T120849.501.jpeg\" \/>\n\t<meta property=\"og:image:width\" content=\"1000\" \/>\n\t<meta property=\"og:image:height\" content=\"1000\" \/>\n\t<meta property=\"og:image:type\" content=\"image\/jpeg\" \/>\n<meta name=\"twitter:card\" content=\"summary_large_image\" \/>\n<meta name=\"twitter:label1\" content=\"Tempo estimado de leitura\" \/>\n\t<meta name=\"twitter:data1\" content=\"2 minutos\" \/>\n<script type=\"application\/ld+json\" class=\"yoast-schema-graph\">{\"@context\":\"https:\/\/schema.org\",\"@graph\":[{\"@type\":\"WebPage\",\"@id\":\"https:\/\/gr-100.com\/pt-pt\/producto\/specialized-rockhopper-comp-vn-2025\/\",\"url\":\"https:\/\/gr-100.com\/pt-pt\/producto\/specialized-rockhopper-comp-vn-2025\/\",\"name\":\"Specialized Rockhopper Comp VN 2025 GR-100\",\"isPartOf\":{\"@id\":\"https:\/\/gr-100.com\/#website\"},\"primaryImageOfPage\":{\"@id\":\"https:\/\/gr-100.com\/pt-pt\/producto\/specialized-rockhopper-comp-vn-2025\/#primaryimage\"},\"image\":{\"@id\":\"https:\/\/gr-100.com\/pt-pt\/producto\/specialized-rockhopper-comp-vn-2025\/#primaryimage\"},\"thumbnailUrl\":\"https:\/\/gr-100.com\/wp-content\/uploads\/2024\/11\/Sin-titulo-2024-11-26T120849.501.jpeg\",\"datePublished\":\"2024-11-26T10:34:48+00:00\",\"description\":\"Rockhopper Comp vive para la acci\u00f3n intensa y giros argumentales de ritmo r\u00e1pido. Presenta un marco de aluminio Premium A1 que hace su debut en senderos sencillos.Roll los cr\u00e9ditos para descubrir una RockShox Judy, un juego de ruedas de aleaci\u00f3n Specialized, frenos hidr\u00e1ulicos Shimano BR-MT200 y el grupo de transmisi\u00f3n de rango amplio 1x10 de Shimano. Tienes respaldo proporcionado por un elenco de apoyo que es todo thriller y sin relleno, pero nunca te dejar\u00e1 colgado.\",\"breadcrumb\":{\"@id\":\"https:\/\/gr-100.com\/pt-pt\/producto\/specialized-rockhopper-comp-vn-2025\/#breadcrumb\"},\"inLanguage\":\"pt-PT\",\"potentialAction\":[{\"@type\":\"ReadAction\",\"target\":[\"https:\/\/gr-100.com\/pt-pt\/producto\/specialized-rockhopper-comp-vn-2025\/\"]}]},{\"@type\":\"ImageObject\",\"inLanguage\":\"pt-PT\",\"@id\":\"https:\/\/gr-100.com\/pt-pt\/producto\/specialized-rockhopper-comp-vn-2025\/#primaryimage\",\"url\":\"https:\/\/gr-100.com\/wp-content\/uploads\/2024\/11\/Sin-titulo-2024-11-26T120849.501.jpeg\",\"contentUrl\":\"https:\/\/gr-100.com\/wp-content\/uploads\/2024\/11\/Sin-titulo-2024-11-26T120849.501.jpeg\",\"width\":1000,\"height\":1000},{\"@type\":\"BreadcrumbList\",\"@id\":\"https:\/\/gr-100.com\/pt-pt\/producto\/specialized-rockhopper-comp-vn-2025\/#breadcrumb\",\"itemListElement\":[{\"@type\":\"ListItem\",\"position\":1,\"name\":\"Portada\",\"item\":\"https:\/\/gr-100.com\/en\/\"},{\"@type\":\"ListItem\",\"position\":2,\"name\":\"Productos\",\"item\":\"https:\/\/gr-100.com\/?post_type=product\"},{\"@type\":\"ListItem\",\"position\":3,\"name\":\"Specialized Rockhopper Comp VN 2025\"}]},{\"@type\":\"WebSite\",\"@id\":\"https:\/\/gr-100.com\/#website\",\"url\":\"https:\/\/gr-100.com\/\",\"name\":\"Gr-100 Tienda de ciclismo Specialized\",\"description\":\"GR-100 tenemos todas las gamas de bicicletas Specialized al mejor precio.\",\"publisher\":{\"@id\":\"https:\/\/gr-100.com\/#organization\"},\"alternateName\":\"Gr-100 Bikes\",\"potentialAction\":[{\"@type\":\"SearchAction\",\"target\":{\"@type\":\"EntryPoint\",\"urlTemplate\":\"https:\/\/gr-100.com\/?s={search_term_string}\"},\"query-input\":{\"@type\":\"PropertyValueSpecification\",\"valueRequired\":true,\"valueName\":\"search_term_string\"}}],\"inLanguage\":\"pt-PT\"},{\"@type\":\"Organization\",\"@id\":\"https:\/\/gr-100.com\/#organization\",\"name\":\"Gr-100\",\"url\":\"https:\/\/gr-100.com\/\",\"logo\":{\"@type\":\"ImageObject\",\"inLanguage\":\"pt-PT\",\"@id\":\"https:\/\/gr-100.com\/#\/schema\/logo\/image\/\",\"url\":\"https:\/\/gr-100.com\/wp-content\/uploads\/2023\/08\/logo-gr-100-bikes.png\",\"contentUrl\":\"https:\/\/gr-100.com\/wp-content\/uploads\/2023\/08\/logo-gr-100-bikes.png\",\"width\":707,\"height\":284,\"caption\":\"Gr-100\"},\"image\":{\"@id\":\"https:\/\/gr-100.com\/#\/schema\/logo\/image\/\"},\"sameAs\":[\"https:\/\/www.facebook.com\/Gr100Bikes\",\"https:\/\/www.instagram.com\/gr100bikes\/\",\"https:\/\/www.tiktok.com\/@gr100bikes\",\"https:\/\/twitter.com\/gr100mtbteam\",\"https:\/\/www.youtube.com\/c\/GR100Specialized\"]}]}<\/script>\n<!-- \/ Yoast SEO Premium plugin. -->","yoast_head_json":{"title":"Specialized Rockhopper Comp VN 2025 GR-100","description":"Rockhopper Comp vive para la acci\u00f3n intensa y giros argumentales de ritmo r\u00e1pido. Presenta un marco de aluminio Premium A1 que hace su debut en senderos sencillos.Roll los cr\u00e9ditos para descubrir una RockShox Judy, un juego de ruedas de aleaci\u00f3n Specialized, frenos hidr\u00e1ulicos Shimano BR-MT200 y el grupo de transmisi\u00f3n de rango amplio 1x10 de Shimano. Tienes respaldo proporcionado por un elenco de apoyo que es todo thriller y sin relleno, pero nunca te dejar\u00e1 colgado.","robots":{"index":"index","follow":"follow","max-snippet":"max-snippet:-1","max-image-preview":"max-image-preview:large","max-video-preview":"max-video-preview:-1"},"canonical":"https:\/\/gr-100.com\/pt-pt\/producto\/specialized-rockhopper-comp-vn-2025\/","og_locale":"pt_PT","og_type":"article","og_title":"Specialized Rockhopper Comp VN 2025","og_description":"Rockhopper Comp vive para la acci\u00f3n intensa y giros argumentales de ritmo r\u00e1pido. Presenta un marco de aluminio Premium A1 que hace su debut en senderos sencillos.Roll los cr\u00e9ditos para descubrir una RockShox Judy, un juego de ruedas de aleaci\u00f3n Specialized, frenos hidr\u00e1ulicos Shimano BR-MT200 y el grupo de transmisi\u00f3n de rango amplio 1x10 de Shimano. Tienes respaldo proporcionado por un elenco de apoyo que es todo thriller y sin relleno, pero nunca te dejar\u00e1 colgado.","og_url":"https:\/\/gr-100.com\/pt-pt\/producto\/specialized-rockhopper-comp-vn-2025\/","og_site_name":"Gr-100 Tienda de ciclismo Specialized","article_publisher":"https:\/\/www.facebook.com\/Gr100Bikes","og_image":[{"width":1000,"height":1000,"url":"https:\/\/gr-100.com\/wp-content\/uploads\/2024\/11\/Sin-titulo-2024-11-26T120849.501.jpeg","type":"image\/jpeg"}],"twitter_card":"summary_large_image","twitter_misc":{"Tempo estimado de leitura":"2 minutos"},"schema":{"@context":"https:\/\/schema.org","@graph":[{"@type":"WebPage","@id":"https:\/\/gr-100.com\/pt-pt\/producto\/specialized-rockhopper-comp-vn-2025\/","url":"https:\/\/gr-100.com\/pt-pt\/producto\/specialized-rockhopper-comp-vn-2025\/","name":"Specialized Rockhopper Comp VN 2025 GR-100","isPartOf":{"@id":"https:\/\/gr-100.com\/#website"},"primaryImageOfPage":{"@id":"https:\/\/gr-100.com\/pt-pt\/producto\/specialized-rockhopper-comp-vn-2025\/#primaryimage"},"image":{"@id":"https:\/\/gr-100.com\/pt-pt\/producto\/specialized-rockhopper-comp-vn-2025\/#primaryimage"},"thumbnailUrl":"https:\/\/gr-100.com\/wp-content\/uploads\/2024\/11\/Sin-titulo-2024-11-26T120849.501.jpeg","datePublished":"2024-11-26T10:34:48+00:00","description":"Rockhopper Comp vive para la acci\u00f3n intensa y giros argumentales de ritmo r\u00e1pido. Presenta un marco de aluminio Premium A1 que hace su debut en senderos sencillos.Roll los cr\u00e9ditos para descubrir una RockShox Judy, un juego de ruedas de aleaci\u00f3n Specialized, frenos hidr\u00e1ulicos Shimano BR-MT200 y el grupo de transmisi\u00f3n de rango amplio 1x10 de Shimano. Tienes respaldo proporcionado por un elenco de apoyo que es todo thriller y sin relleno, pero nunca te dejar\u00e1 colgado.","breadcrumb":{"@id":"https:\/\/gr-100.com\/pt-pt\/producto\/specialized-rockhopper-comp-vn-2025\/#breadcrumb"},"inLanguage":"pt-PT","potentialAction":[{"@type":"ReadAction","target":["https:\/\/gr-100.com\/pt-pt\/producto\/specialized-rockhopper-comp-vn-2025\/"]}]},{"@type":"ImageObject","inLanguage":"pt-PT","@id":"https:\/\/gr-100.com\/pt-pt\/producto\/specialized-rockhopper-comp-vn-2025\/#primaryimage","url":"https:\/\/gr-100.com\/wp-content\/uploads\/2024\/11\/Sin-titulo-2024-11-26T120849.501.jpeg","contentUrl":"https:\/\/gr-100.com\/wp-content\/uploads\/2024\/11\/Sin-titulo-2024-11-26T120849.501.jpeg","width":1000,"height":1000},{"@type":"BreadcrumbList","@id":"https:\/\/gr-100.com\/pt-pt\/producto\/specialized-rockhopper-comp-vn-2025\/#breadcrumb","itemListElement":[{"@type":"ListItem","position":1,"name":"Portada","item":"https:\/\/gr-100.com\/en\/"},{"@type":"ListItem","position":2,"name":"Productos","item":"https:\/\/gr-100.com\/?post_type=product"},{"@type":"ListItem","position":3,"name":"Specialized Rockhopper Comp VN 2025"}]},{"@type":"WebSite","@id":"https:\/\/gr-100.com\/#website","url":"https:\/\/gr-100.com\/","name":"Gr-100 Tienda de ciclismo Specialized","description":"GR-100 tenemos todas las gamas de bicicletas Specialized al mejor precio.","publisher":{"@id":"https:\/\/gr-100.com\/#organization"},"alternateName":"Gr-100 Bikes","potentialAction":[{"@type":"SearchAction","target":{"@type":"EntryPoint","urlTemplate":"https:\/\/gr-100.com\/?s={search_term_string}"},"query-input":{"@type":"PropertyValueSpecification","valueRequired":true,"valueName":"search_term_string"}}],"inLanguage":"pt-PT"},{"@type":"Organization","@id":"https:\/\/gr-100.com\/#organization","name":"Gr-100","url":"https:\/\/gr-100.com\/","logo":{"@type":"ImageObject","inLanguage":"pt-PT","@id":"https:\/\/gr-100.com\/#\/schema\/logo\/image\/","url":"https:\/\/gr-100.com\/wp-content\/uploads\/2023\/08\/logo-gr-100-bikes.png","contentUrl":"https:\/\/gr-100.com\/wp-content\/uploads\/2023\/08\/logo-gr-100-bikes.png","width":707,"height":284,"caption":"Gr-100"},"image":{"@id":"https:\/\/gr-100.com\/#\/schema\/logo\/image\/"},"sameAs":["https:\/\/www.facebook.com\/Gr100Bikes","https:\/\/www.instagram.com\/gr100bikes\/","https:\/\/www.tiktok.com\/@gr100bikes","https:\/\/twitter.com\/gr100mtbteam","https:\/\/www.youtube.com\/c\/GR100Specialized"]}]}},"_links":{"self":[{"href":"https:\/\/gr-100.com\/pt-pt\/wp-json\/wp\/v2\/product\/425954","targetHints":{"allow":["GET"]}}],"collection":[{"href":"https:\/\/gr-100.com\/pt-pt\/wp-json\/wp\/v2\/product"}],"about":[{"href":"https:\/\/gr-100.com\/pt-pt\/wp-json\/wp\/v2\/types\/product"}],"replies":[{"embeddable":true,"href":"https:\/\/gr-100.com\/pt-pt\/wp-json\/wp\/v2\/comments?post=425954"}],"wp:featuredmedia":[{"embeddable":true,"href":"https:\/\/gr-100.com\/pt-pt\/wp-json\/wp\/v2\/media\/397477"}],"wp:attachment":[{"href":"https:\/\/gr-100.com\/pt-pt\/wp-json\/wp\/v2\/media?parent=425954"}],"wp:term":[{"taxonomy":"product_brand","embeddable":true,"href":"https:\/\/gr-100.com\/pt-pt\/wp-json\/wp\/v2\/product_brand?post=425954"},{"taxonomy":"product_cat","embeddable":true,"href":"https:\/\/gr-100.com\/pt-pt\/wp-json\/wp\/v2\/product_cat?post=425954"},{"taxonomy":"product_tag","embeddable":true,"href":"https:\/\/gr-100.com\/pt-pt\/wp-json\/wp\/v2\/product_tag?post=425954"}],"curies":[{"name":"wp","href":"https:\/\/api.w.org\/{rel}","templated":true}]}}