{"id":426028,"date":"2024-11-25T11:26:04","date_gmt":"2024-11-25T10:26:04","guid":{"rendered":"https:\/\/gr-100.com\/producto\/specialized-rockhopper-base-vn-29-2025\/"},"modified":"2024-11-25T11:26:04","modified_gmt":"2024-11-25T09:26:04","slug":"specialized-rockhopper-base-vn-29-2025","status":"publish","type":"product","link":"https:\/\/gr-100.com\/pt-pt\/producto\/specialized-rockhopper-base-vn-29-2025\/","title":{"rendered":"Specialized Rockhopper Base VN 29 2025"},"content":{"rendered":"<ul>\n<li>Premium A1 Aluminum ligero pero resistente, el cuadro de aluminio del Rockhopper presenta tubos superior e inferior hidroformados para mantener el peso bajo y la resistencia alta, adem\u00e1s de ofrecer mayor altura de paso, un enrutamiento de cables interno y compatibilidad con tija telesc\u00f3pica.<\/li>\n<li>Con el objetivo de asegurar que el Rockhopper ofrezca el mejor ajuste y rendimiento para cada persona, sin importar sus medidas, hemos emparejado cada tama\u00f1o de cuadro Rockhopper con el tama\u00f1o de rueda \u00f3ptimo. El resultado es un Rockhopper para cada ciclista y la garant\u00eda de que cada Rockhopper rueda sobre la mejor rueda para su tama\u00f1o de cuadro. <\/li>\n<li>Trayendo nuestro Rx Tune al Rockhopper por primera vez, la SR Suntour XCM con bloqueo y amortiguaci\u00f3n Multi-Circuit personalizada ofrece recorrido y tasas de resorte espec\u00edficos para cada tama\u00f1o, asegurando un rendimiento impresionante y una geometr\u00eda, manejo y suspensi\u00f3n consistentes, sin importar el tama\u00f1o del cuadro o de la rueda.<\/li>\n<li>Empareja bujes ultra confiables de Formula con nuestras llantas de 25 mm de di\u00e1metro interno para un tr\u00edo perfecto: fuertes, ligeras y duraderas.<\/li>\n<li>ESPECIFICACIONES<br \/>\nCuadro<br \/>\nABRAZ. SELIM<br \/>\nAlloy, quick release, 34.9<br \/>\nIMAGEM<br \/>\nSpecialized A1 premium butted alloy, zero-stack head tube, internal cable routing, 135x9mm forged dropouts, chainstay-mounted disc brake, replaceable alloy derailleur hanger, stealth rack mounts, dropper post compatible<br \/>\nSuspens\u00e3o<br \/>\nGARFO<br \/>\nSR Suntour XCM 27.5, 30mm stanchions, Rx Tune, coil spring, QR, 80\/90\/100mm travel (size-specific), 42mm offset<br \/>\nTrav\u00f5es<br \/>\nTRAV\u00c3O DIANTEIRO<br \/>\nShimano BR-MT200, hydraulic disc, 180mm<br \/>\nTRAV\u00c3O TRASEIRO<br \/>\nShimano BR-MT200, hydraulic disc, 180mm<br \/>\nConjunto propulsor<br \/>\nCADEIA<br \/>\nKMC X9EPT, 9-speed, anti-corrosion coating w\/ reusable Missing Link\u2122<br \/>\nMUDAN\u00c7A<br \/>\nSHIMANO SHADOW RD-M2000 9-spd<br \/>\nDESVIADOR<br \/>\nSHIMANO ALTUS TOP SWING FD-M2020 s-spd<br \/>\nCONTROLOS DE MUDAN\u00c7A DE VELOCIDADE<br \/>\nSHIMANO RAPIDFIRE PLUS SL-M2000 2&#215;9 spd<br \/>\nSUPORTE INFERIOR<br \/>\nRolamentos internos c\u00f4nicos quadrados, 73 mm, eixo de 122,5 mm<br \/>\nSUPORTE INFERIOR<br \/>\nStout 2x, forged alloy<br \/>\nCASETE<br \/>\nSunRace, 9-Speed, 11-36t<br \/>\nWheels &amp; tires<br \/>\nNEUM\u00c1TICO DEL.<br \/>\nFAST TRAK SPORT, 650B\/29&#215;2.35 ;<br \/>\nPNEU TRASEIRO<br \/>\nFAST TRAK SPORT, 650B\/29&#215;2.35 ;<br \/>\nCUBO FRONTAL<br \/>\nF\u00f3rmula 6-Parafuso, disco, espa\u00e7amento 100x9mm, libera\u00e7\u00e3o r\u00e1pida, 32H<br \/>\nCUBO TRASEIRO<br \/>\nF\u00f3rmula SP-2125, freehub de 6 parafusos, disco, espa\u00e7amento de 135x9mm, libera\u00e7\u00e3o r\u00e1pida<br \/>\nPneus<br \/>\nSpecialized alloy, disc only, double-wall, 25mm inner width, 32h<br \/>\nR\u00c1DIOS<br \/>\nSem manchas, 14g<br \/>\nC\u00c2MARAS<br \/>\nStandard 40mm SV 650B\/29&#215;1.75-2.4<br \/>\nCabine de pilotagem<br \/>\nGUID\u00c3O<br \/>\nAlloy Mini Rise, 9-degree backsweep, 15mm rise, 31.8mm<br \/>\nESPIG\u00c3O ASSENTO<br \/>\nLiga, bra\u00e7adeira de 2 parafusos, 30,9 mm<br \/>\nSELIM<br \/>\nBridge Sport, Steel rails, 155\/143mm<br \/>\nPUNHOS<br \/>\nSpecialized Trail Grips, lock-on<br \/>\nPOT\u00caNCIA<br \/>\nLiga forjada 3D Stout, 31,8 mm, aumento de 6 graus<br \/>\nAcess\u00f3rios<br \/>\nPEDAIS<br \/>\nPLATFORM PEDAL,VP,SBC-54,PP (POLYPROPYLENE) BODY,BUSHING BEARING,10B21,9\/16 INCH SPINDLE<br \/>\nPeso<br \/>\nD\u00cdNAMO<br \/>\n13.87kg (30 lb, 9.2 oz)<\/li>\n<\/ul>\n","protected":false},"excerpt":{"rendered":"<p>Tirando partido das vantagens de ajuste e manuseamento de cada ciclista com o seu tamanho de roda ideal e uma suspens\u00e3o que funciona no seu melhor gra\u00e7as ao nosso Rx Tune espec\u00edfico para cada tamanho, adicion\u00e1mos desempenho extra \u00e0 Rockhopper sem aumentar o pre\u00e7o. A transmiss\u00e3o fi\u00e1vel e precisa da Shimano fornece um sistema de transmiss\u00e3o 2&#215;9 robusto que pode lidar com qualquer coisa que lhe atires.<\/p>\n","protected":false},"featured_media":397307,"comment_status":"open","ping_status":"closed","template":"","meta":{"_acf_changed":false,"_et_pb_use_builder":"","_et_pb_old_content":"","_et_gb_content_width":"","inline_featured_image":false},"product_brand":[],"product_cat":[5379,5378,5375,5374,4353,402,2483,403],"product_tag":[],"class_list":{"0":"post-426028","1":"product","2":"type-product","3":"status-publish","4":"has-post-thumbnail","6":"product_cat-bicicletas-de-montanha-cross-country-xc","7":"product_cat-bicicletas-de-montanha-de-29","8":"product_cat-bicicletas-de-montanha-specialized","9":"product_cat-descontos","10":"product_cat-liquidacion-specialized","11":"product_cat-montanha","12":"product_cat-bicicletas-especializadas","13":"product_cat-outlet-pt-pt","14":"product_shipping_class-bicicletas-pt-pt","16":"first","17":"instock","18":"sale","19":"taxable","20":"shipping-taxable","21":"purchasable","22":"product-type-variable","23":"wvs-archive-product-wrapper"},"acf":[],"yoast_head":"<!-- This site is optimized with the Yoast SEO Premium plugin v26.7 (Yoast SEO v26.7) - https:\/\/yoast.com\/wordpress\/plugins\/seo\/ -->\n<title>Specialized Rockhopper Base VN 29 2025 GR-100<\/title>\n<meta name=\"description\" content=\"Aprovechando las ventajas de ajuste y manejo al emparejar a cada ciclista con su tama\u00f1o de rueda ideal y una suspensi\u00f3n que trabaja al m\u00e1ximo gracias a nuestro Rx Tune espec\u00edfico para cada tama\u00f1o, hemos a\u00f1adido un rendimiento extra al Rockhopper sin aumentar el precio.La transmisi\u00f3n confiable y precisa de Shimano proporciona un sistema de transmisi\u00f3n 2x9 robusto que puede manejar todo lo que le eches.\" \/>\n<meta name=\"robots\" content=\"index, follow, max-snippet:-1, max-image-preview:large, max-video-preview:-1\" \/>\n<link rel=\"canonical\" href=\"https:\/\/gr-100.com\/pt-pt\/producto\/specialized-rockhopper-base-vn-29-2025\/\" \/>\n<meta property=\"og:locale\" content=\"pt_PT\" \/>\n<meta property=\"og:type\" content=\"article\" \/>\n<meta property=\"og:title\" content=\"Specialized Rockhopper Base VN 29 2025\" \/>\n<meta property=\"og:description\" content=\"Aprovechando las ventajas de ajuste y manejo al emparejar a cada ciclista con su tama\u00f1o de rueda ideal y una suspensi\u00f3n que trabaja al m\u00e1ximo gracias a nuestro Rx Tune espec\u00edfico para cada tama\u00f1o, hemos a\u00f1adido un rendimiento extra al Rockhopper sin aumentar el precio.La transmisi\u00f3n confiable y precisa de Shimano proporciona un sistema de transmisi\u00f3n 2x9 robusto que puede manejar todo lo que le eches.\" \/>\n<meta property=\"og:url\" content=\"https:\/\/gr-100.com\/pt-pt\/producto\/specialized-rockhopper-base-vn-29-2025\/\" \/>\n<meta property=\"og:site_name\" content=\"Gr-100 Tienda de ciclismo Specialized\" \/>\n<meta property=\"article:publisher\" content=\"https:\/\/www.facebook.com\/Gr100Bikes\" \/>\n<meta property=\"og:image\" content=\"https:\/\/gr-100.com\/wp-content\/uploads\/2024\/11\/Sin-titulo-2024-11-25T114055.026.jpeg\" \/>\n\t<meta property=\"og:image:width\" content=\"1000\" \/>\n\t<meta property=\"og:image:height\" content=\"1000\" \/>\n\t<meta property=\"og:image:type\" content=\"image\/jpeg\" \/>\n<meta name=\"twitter:card\" content=\"summary_large_image\" \/>\n<meta name=\"twitter:label1\" content=\"Tempo estimado de leitura\" \/>\n\t<meta name=\"twitter:data1\" content=\"2 minutos\" \/>\n<script type=\"application\/ld+json\" class=\"yoast-schema-graph\">{\"@context\":\"https:\/\/schema.org\",\"@graph\":[{\"@type\":\"WebPage\",\"@id\":\"https:\/\/gr-100.com\/pt-pt\/producto\/specialized-rockhopper-base-vn-29-2025\/\",\"url\":\"https:\/\/gr-100.com\/pt-pt\/producto\/specialized-rockhopper-base-vn-29-2025\/\",\"name\":\"Specialized Rockhopper Base VN 29 2025 GR-100\",\"isPartOf\":{\"@id\":\"https:\/\/gr-100.com\/#website\"},\"primaryImageOfPage\":{\"@id\":\"https:\/\/gr-100.com\/pt-pt\/producto\/specialized-rockhopper-base-vn-29-2025\/#primaryimage\"},\"image\":{\"@id\":\"https:\/\/gr-100.com\/pt-pt\/producto\/specialized-rockhopper-base-vn-29-2025\/#primaryimage\"},\"thumbnailUrl\":\"https:\/\/gr-100.com\/wp-content\/uploads\/2024\/11\/Sin-titulo-2024-11-25T114055.026.jpeg\",\"datePublished\":\"2024-11-25T10:26:04+00:00\",\"description\":\"Aprovechando las ventajas de ajuste y manejo al emparejar a cada ciclista con su tama\u00f1o de rueda ideal y una suspensi\u00f3n que trabaja al m\u00e1ximo gracias a nuestro Rx Tune espec\u00edfico para cada tama\u00f1o, hemos a\u00f1adido un rendimiento extra al Rockhopper sin aumentar el precio.La transmisi\u00f3n confiable y precisa de Shimano proporciona un sistema de transmisi\u00f3n 2x9 robusto que puede manejar todo lo que le eches.\",\"breadcrumb\":{\"@id\":\"https:\/\/gr-100.com\/pt-pt\/producto\/specialized-rockhopper-base-vn-29-2025\/#breadcrumb\"},\"inLanguage\":\"pt-PT\",\"potentialAction\":[{\"@type\":\"ReadAction\",\"target\":[\"https:\/\/gr-100.com\/pt-pt\/producto\/specialized-rockhopper-base-vn-29-2025\/\"]}]},{\"@type\":\"ImageObject\",\"inLanguage\":\"pt-PT\",\"@id\":\"https:\/\/gr-100.com\/pt-pt\/producto\/specialized-rockhopper-base-vn-29-2025\/#primaryimage\",\"url\":\"https:\/\/gr-100.com\/wp-content\/uploads\/2024\/11\/Sin-titulo-2024-11-25T114055.026.jpeg\",\"contentUrl\":\"https:\/\/gr-100.com\/wp-content\/uploads\/2024\/11\/Sin-titulo-2024-11-25T114055.026.jpeg\",\"width\":1000,\"height\":1000},{\"@type\":\"BreadcrumbList\",\"@id\":\"https:\/\/gr-100.com\/pt-pt\/producto\/specialized-rockhopper-base-vn-29-2025\/#breadcrumb\",\"itemListElement\":[{\"@type\":\"ListItem\",\"position\":1,\"name\":\"Portada\",\"item\":\"https:\/\/gr-100.com\/en\/\"},{\"@type\":\"ListItem\",\"position\":2,\"name\":\"Productos\",\"item\":\"https:\/\/gr-100.com\/?post_type=product\"},{\"@type\":\"ListItem\",\"position\":3,\"name\":\"Specialized Rockhopper Base VN 29 2025\"}]},{\"@type\":\"WebSite\",\"@id\":\"https:\/\/gr-100.com\/#website\",\"url\":\"https:\/\/gr-100.com\/\",\"name\":\"Gr-100 Tienda de ciclismo Specialized\",\"description\":\"GR-100 tenemos todas las gamas de bicicletas Specialized al mejor precio.\",\"publisher\":{\"@id\":\"https:\/\/gr-100.com\/#organization\"},\"alternateName\":\"Gr-100 Bikes\",\"potentialAction\":[{\"@type\":\"SearchAction\",\"target\":{\"@type\":\"EntryPoint\",\"urlTemplate\":\"https:\/\/gr-100.com\/?s={search_term_string}\"},\"query-input\":{\"@type\":\"PropertyValueSpecification\",\"valueRequired\":true,\"valueName\":\"search_term_string\"}}],\"inLanguage\":\"pt-PT\"},{\"@type\":\"Organization\",\"@id\":\"https:\/\/gr-100.com\/#organization\",\"name\":\"Gr-100\",\"url\":\"https:\/\/gr-100.com\/\",\"logo\":{\"@type\":\"ImageObject\",\"inLanguage\":\"pt-PT\",\"@id\":\"https:\/\/gr-100.com\/#\/schema\/logo\/image\/\",\"url\":\"https:\/\/gr-100.com\/wp-content\/uploads\/2023\/08\/logo-gr-100-bikes.png\",\"contentUrl\":\"https:\/\/gr-100.com\/wp-content\/uploads\/2023\/08\/logo-gr-100-bikes.png\",\"width\":707,\"height\":284,\"caption\":\"Gr-100\"},\"image\":{\"@id\":\"https:\/\/gr-100.com\/#\/schema\/logo\/image\/\"},\"sameAs\":[\"https:\/\/www.facebook.com\/Gr100Bikes\",\"https:\/\/www.instagram.com\/gr100bikes\/\",\"https:\/\/www.tiktok.com\/@gr100bikes\",\"https:\/\/twitter.com\/gr100mtbteam\",\"https:\/\/www.youtube.com\/c\/GR100Specialized\"]}]}<\/script>\n<!-- \/ Yoast SEO Premium plugin. -->","yoast_head_json":{"title":"Specialized Rockhopper Base VN 29 2025 GR-100","description":"Aprovechando las ventajas de ajuste y manejo al emparejar a cada ciclista con su tama\u00f1o de rueda ideal y una suspensi\u00f3n que trabaja al m\u00e1ximo gracias a nuestro Rx Tune espec\u00edfico para cada tama\u00f1o, hemos a\u00f1adido un rendimiento extra al Rockhopper sin aumentar el precio.La transmisi\u00f3n confiable y precisa de Shimano proporciona un sistema de transmisi\u00f3n 2x9 robusto que puede manejar todo lo que le eches.","robots":{"index":"index","follow":"follow","max-snippet":"max-snippet:-1","max-image-preview":"max-image-preview:large","max-video-preview":"max-video-preview:-1"},"canonical":"https:\/\/gr-100.com\/pt-pt\/producto\/specialized-rockhopper-base-vn-29-2025\/","og_locale":"pt_PT","og_type":"article","og_title":"Specialized Rockhopper Base VN 29 2025","og_description":"Aprovechando las ventajas de ajuste y manejo al emparejar a cada ciclista con su tama\u00f1o de rueda ideal y una suspensi\u00f3n que trabaja al m\u00e1ximo gracias a nuestro Rx Tune espec\u00edfico para cada tama\u00f1o, hemos a\u00f1adido un rendimiento extra al Rockhopper sin aumentar el precio.La transmisi\u00f3n confiable y precisa de Shimano proporciona un sistema de transmisi\u00f3n 2x9 robusto que puede manejar todo lo que le eches.","og_url":"https:\/\/gr-100.com\/pt-pt\/producto\/specialized-rockhopper-base-vn-29-2025\/","og_site_name":"Gr-100 Tienda de ciclismo Specialized","article_publisher":"https:\/\/www.facebook.com\/Gr100Bikes","og_image":[{"width":1000,"height":1000,"url":"https:\/\/gr-100.com\/wp-content\/uploads\/2024\/11\/Sin-titulo-2024-11-25T114055.026.jpeg","type":"image\/jpeg"}],"twitter_card":"summary_large_image","twitter_misc":{"Tempo estimado de leitura":"2 minutos"},"schema":{"@context":"https:\/\/schema.org","@graph":[{"@type":"WebPage","@id":"https:\/\/gr-100.com\/pt-pt\/producto\/specialized-rockhopper-base-vn-29-2025\/","url":"https:\/\/gr-100.com\/pt-pt\/producto\/specialized-rockhopper-base-vn-29-2025\/","name":"Specialized Rockhopper Base VN 29 2025 GR-100","isPartOf":{"@id":"https:\/\/gr-100.com\/#website"},"primaryImageOfPage":{"@id":"https:\/\/gr-100.com\/pt-pt\/producto\/specialized-rockhopper-base-vn-29-2025\/#primaryimage"},"image":{"@id":"https:\/\/gr-100.com\/pt-pt\/producto\/specialized-rockhopper-base-vn-29-2025\/#primaryimage"},"thumbnailUrl":"https:\/\/gr-100.com\/wp-content\/uploads\/2024\/11\/Sin-titulo-2024-11-25T114055.026.jpeg","datePublished":"2024-11-25T10:26:04+00:00","description":"Aprovechando las ventajas de ajuste y manejo al emparejar a cada ciclista con su tama\u00f1o de rueda ideal y una suspensi\u00f3n que trabaja al m\u00e1ximo gracias a nuestro Rx Tune espec\u00edfico para cada tama\u00f1o, hemos a\u00f1adido un rendimiento extra al Rockhopper sin aumentar el precio.La transmisi\u00f3n confiable y precisa de Shimano proporciona un sistema de transmisi\u00f3n 2x9 robusto que puede manejar todo lo que le eches.","breadcrumb":{"@id":"https:\/\/gr-100.com\/pt-pt\/producto\/specialized-rockhopper-base-vn-29-2025\/#breadcrumb"},"inLanguage":"pt-PT","potentialAction":[{"@type":"ReadAction","target":["https:\/\/gr-100.com\/pt-pt\/producto\/specialized-rockhopper-base-vn-29-2025\/"]}]},{"@type":"ImageObject","inLanguage":"pt-PT","@id":"https:\/\/gr-100.com\/pt-pt\/producto\/specialized-rockhopper-base-vn-29-2025\/#primaryimage","url":"https:\/\/gr-100.com\/wp-content\/uploads\/2024\/11\/Sin-titulo-2024-11-25T114055.026.jpeg","contentUrl":"https:\/\/gr-100.com\/wp-content\/uploads\/2024\/11\/Sin-titulo-2024-11-25T114055.026.jpeg","width":1000,"height":1000},{"@type":"BreadcrumbList","@id":"https:\/\/gr-100.com\/pt-pt\/producto\/specialized-rockhopper-base-vn-29-2025\/#breadcrumb","itemListElement":[{"@type":"ListItem","position":1,"name":"Portada","item":"https:\/\/gr-100.com\/en\/"},{"@type":"ListItem","position":2,"name":"Productos","item":"https:\/\/gr-100.com\/?post_type=product"},{"@type":"ListItem","position":3,"name":"Specialized Rockhopper Base VN 29 2025"}]},{"@type":"WebSite","@id":"https:\/\/gr-100.com\/#website","url":"https:\/\/gr-100.com\/","name":"Gr-100 Tienda de ciclismo Specialized","description":"GR-100 tenemos todas las gamas de bicicletas Specialized al mejor precio.","publisher":{"@id":"https:\/\/gr-100.com\/#organization"},"alternateName":"Gr-100 Bikes","potentialAction":[{"@type":"SearchAction","target":{"@type":"EntryPoint","urlTemplate":"https:\/\/gr-100.com\/?s={search_term_string}"},"query-input":{"@type":"PropertyValueSpecification","valueRequired":true,"valueName":"search_term_string"}}],"inLanguage":"pt-PT"},{"@type":"Organization","@id":"https:\/\/gr-100.com\/#organization","name":"Gr-100","url":"https:\/\/gr-100.com\/","logo":{"@type":"ImageObject","inLanguage":"pt-PT","@id":"https:\/\/gr-100.com\/#\/schema\/logo\/image\/","url":"https:\/\/gr-100.com\/wp-content\/uploads\/2023\/08\/logo-gr-100-bikes.png","contentUrl":"https:\/\/gr-100.com\/wp-content\/uploads\/2023\/08\/logo-gr-100-bikes.png","width":707,"height":284,"caption":"Gr-100"},"image":{"@id":"https:\/\/gr-100.com\/#\/schema\/logo\/image\/"},"sameAs":["https:\/\/www.facebook.com\/Gr100Bikes","https:\/\/www.instagram.com\/gr100bikes\/","https:\/\/www.tiktok.com\/@gr100bikes","https:\/\/twitter.com\/gr100mtbteam","https:\/\/www.youtube.com\/c\/GR100Specialized"]}]}},"_links":{"self":[{"href":"https:\/\/gr-100.com\/pt-pt\/wp-json\/wp\/v2\/product\/426028","targetHints":{"allow":["GET"]}}],"collection":[{"href":"https:\/\/gr-100.com\/pt-pt\/wp-json\/wp\/v2\/product"}],"about":[{"href":"https:\/\/gr-100.com\/pt-pt\/wp-json\/wp\/v2\/types\/product"}],"replies":[{"embeddable":true,"href":"https:\/\/gr-100.com\/pt-pt\/wp-json\/wp\/v2\/comments?post=426028"}],"wp:featuredmedia":[{"embeddable":true,"href":"https:\/\/gr-100.com\/pt-pt\/wp-json\/wp\/v2\/media\/397307"}],"wp:attachment":[{"href":"https:\/\/gr-100.com\/pt-pt\/wp-json\/wp\/v2\/media?parent=426028"}],"wp:term":[{"taxonomy":"product_brand","embeddable":true,"href":"https:\/\/gr-100.com\/pt-pt\/wp-json\/wp\/v2\/product_brand?post=426028"},{"taxonomy":"product_cat","embeddable":true,"href":"https:\/\/gr-100.com\/pt-pt\/wp-json\/wp\/v2\/product_cat?post=426028"},{"taxonomy":"product_tag","embeddable":true,"href":"https:\/\/gr-100.com\/pt-pt\/wp-json\/wp\/v2\/product_tag?post=426028"}],"curies":[{"name":"wp","href":"https:\/\/api.w.org\/{rel}","templated":true}]}}