{"id":426156,"date":"2024-10-11T17:24:06","date_gmt":"2024-10-11T16:24:06","guid":{"rendered":"https:\/\/gr-100.com\/producto\/specialized-epic-8-expert-evo-2025\/"},"modified":"2024-10-11T17:24:06","modified_gmt":"2024-10-11T15:24:06","slug":"specialized-epic-8-expert-evo-2025","status":"publish","type":"product","link":"https:\/\/gr-100.com\/pt-pt\/producto\/specialized-epic-8-expert-evo-2025\/","title":{"rendered":"Specialized Epic 8 Expert Evo 2025"},"content":{"rendered":"<p><strong>CAPACIDADE INCOMPAR\u00c1VEL:<\/strong> A moto de 120mm mais capaz do planeta, agora ainda mais capaz. Voc\u00ea ficar\u00e1 surpreso com a forma como a geometria progressiva do Epic 8 EVO oferece capacidade t\u00e9cnica de terreno, juntamente com desempenho r\u00e1pido e eficiente de subida e acelera\u00e7\u00e3o. A absurda rigidez lateral e torcional do chassis tamb\u00e9m se traduz num manuseamento muito preciso. Com 130 mm de curso \u00e0 frente e uma s\u00e9rie de caracter\u00edsticas que facilitam a condu\u00e7\u00e3o em trail, o Epic 8 EVO sente-se em casa em terrenos acidentados.<br \/>\n<strong>QUE SOLAVANCOS?:<\/strong> Em compara\u00e7\u00e3o com a gera\u00e7\u00e3o anterior, o novo Epic 8 EVO absorve 12% mais for\u00e7as de colis\u00e3o e vibra\u00e7\u00e3o, deixando-o menos cansado e mais potente ao longo do tempo. Isso abre as op\u00e7\u00f5es para outra rodada (ou 3).<br \/>\n<strong>DIN\u00c2MICA DO PASSEIO:<\/strong> A equipa Specialized Ride Dynamics desenvolveu uma v\u00e1lvula personalizada para o novo amortecedor do Epic 8 EVO. A nossa equipa prescreve caracter\u00edsticas especiais de amortecimento para elevar holisticamente a experi\u00eancia de condu\u00e7\u00e3o. Ao ajustar os choques juntamente com as taxas de alavancagem do chassis e a nova cinem\u00e1tica, podemos entregar uma moto que anda acima da soma das suas partes.<br \/>\n<strong>EFICI\u00caNCIA BIOMEC\u00c2NICA:<\/strong> Ao otimizar a cinem\u00e1tica da suspens\u00e3o, a equipe Ride Dynamics Specialized reduziu em 20% o rolamento induzido por pedaladas ineficientes, mantendo a suspens\u00e3o ativa para um gerenciamento eficaz da for\u00e7a de colis\u00e3o, para garantir que voc\u00ea permane\u00e7a na posi\u00e7\u00e3o de pedalada mais eficiente. \u00c9 a moto de suspens\u00e3o mais eficiente em termos de pedal que j\u00e1 test\u00e1mos.<br \/>\n<strong>MAIS COM MENOS:<\/strong> Com o Epic 8 EVO, n\u00e3o gastamos um grama extra para obter uma capacidade de quadro maior. Todos os modelos agora contam com SWAT 4.0 para transportar todos os itens essenciais da trilha e um headstop integrado para evitar as cicatrizes onipresentes do tubo superior na primeira vez que voc\u00ea cai e o guid\u00e3o gira. <\/p>\n<p>\u2022 La bicicleta de 120 mm m\u00e1s capaz del planeta. Un 12% m\u00e1s de absorci\u00f3n de baches y un 20% menos de balanceo al pedalear.<br \/>\n\u2022 Amortiguador FOX Float Performance Elite y horquilla FOX 34 Performance Elite de 130 mm ajustadas por Ride Dynamics<br \/>\n\u2022 Las ruedas de carbono Roval Control destacan en todas partes, desde carreras de la copa mundial de xc hasta tu sendero favorito de fin de semana.<br \/>\n\u2022 Los legendarios frenos de 4 pistones Code Bronze Stealth de SRAM ofrecen una gran potencia de frenado con una est\u00e9tica elegante.<br \/>\n\u2022 Conduce con confianza con la transmisi\u00f3n GX Eagle AXS, superresistente y fiable.<br \/>\n\u2022 SWAT 4.0 en el tubo diagonal para llevar lo esencial para la ruta.<\/p>\n<p><strong>ESPECIFICA\u00c7\u00d5ES<\/strong><\/p>\n<ul>\n<li>Cuadro<br \/>\nFACT 11m Carbon, geometr\u00eda XC progresiva, Rider-First Engineered, almacenamiento SWAT en el tubo diagonal, caja de pedalier roscada, dropout trasero compatible con UDH de 12&#215;148 mm, cableado interno, 120 mm de recorrido<\/li>\n<li>Abrazadera de Sill\u00edn<br \/>\nSpecialized de aleaci\u00f3n, 34.9 mm, tornillo de acero<\/li>\n<li>Amortiguador Trasero<br \/>\nFox Float Performance Elite, Evol LV, ajustado por Ride Dynamics, ajuste de compresi\u00f3n en 2 posiciones, 190&#215;45 mm<\/li>\n<li>Horquilla<br \/>\nFox 34 Performance Elite, amortiguador Grip X, ajuste HSC, LSC, LSR, 130 mm de recorrido, 44 mm de offset, eje pasante de 15&#215;110 mm<\/li>\n<li>Freno Delantero<br \/>\nSRAM Code Bronze Stealth, pinza de 4 pistones, freno de disco hidr\u00e1ulico, rotor de 180\/200 mm<\/li>\n<li>Freno Trasero<br \/>\nSRAM Code Bronze Stealth, pinza de 4 pistones, freno de disco hidr\u00e1ulico, rotor de 180 mm<\/li>\n<li>Palancas de Cambio:<br \/>\nSRAM XS-1275, 12 velocidades, 10-52t<\/li>\n<li>Cambio Trasero:<br \/>\nSRAM GX AXS Transmission<\/li>\n<li>Cassette:<br \/>\nSRAM AXS POD Controller<\/li>\n<li>Cadena:<br \/>\nSRAM GX Transmission<\/li>\n<li>Biela:<br \/>\nSRAM GX Eagle, DUB, 165\/170\/175 mm, 32T<\/li>\n<li>Plato:<br \/>\n32t<\/li>\n<li>Caja de Pedalier<br \/>\nSRAM DUB roscada Wide<\/li>\n<li>Llantas<br \/>\nRoval Control, dise\u00f1o de offset de carbono, ancho interno de 29 mm, ancho del gancho de 4 mm, lista para tubeless, 28 radios<\/li>\n<li>Buje Delantero<br \/>\nIndustry Nine 1\/1, 6 tornillos, eje pasante de 15 mm, espaciamiento de 110 mm, 28 radios<\/li>\n<li>Buje Trasero<br \/>\nIndustry Nine 1\/1, eje pasante de 12&#215;148 mm, cuerpo de freehub XD, 28 radios<\/li>\n<li>Radios<br \/>\nSapim D-light<\/li>\n<li>Neum\u00e1tico Delantero<br \/>\nSpecialized Purgatory, carcasa GRID, compuesto T9, 29&#215;2.4<\/li>\n<li>Neum\u00e1tico Trasero<br \/>\nSpecialized Ground Control, carcasa GRID, compuesto T7, 29&#215;2.35<\/li>\n<li>C\u00e1maras<br \/>\nEst\u00e1ndar PV de 40 mm 29&#215;1.75-2.4<\/li>\n<li>Potencia<br \/>\nPotencia de aleaci\u00f3n, abrazadera de 35 mm, 50 mm<\/li>\n<li>Manillar<br \/>\nSpecialized de aleaci\u00f3n, elevaci\u00f3n de 20 mm, 35 mm, 760 mm de ancho<\/li>\n<li>Pu\u00f1os<br \/>\nPu\u00f1os Specialized Trail<\/li>\n<li>Sill\u00edn<br \/>\nBody Geometry Power Sport, ra\u00edles de acero<\/li>\n<li>Tija de Sill\u00edn<br \/>\nX-Fusion Manic, 30.9 mm, 125\/150\/170 mm de recorrido, 0 mm de retroceso<\/li>\n<li>SWAT<br \/>\nAlmacenamiento interno en el tubo diagonal<\/li>\n<li>Peso<br \/>\n12.16 kg. talla M<\/li>\n<\/ul>\n","protected":false},"excerpt":{"rendered":"<p>Epic 8 EVO es la expresi\u00f3n de la nueva Epic 8. Especificada para arrasar en los descensos gracias a su inigualable combinaci\u00f3n de capacidad, eficiencia y ligereza, la cinem\u00e1tica actualizada de la Epic 8 EVO permite ascensos incre\u00edblemente eficientes, mientras que el amortiguador Ride Dynamics se come el terreno en los descensos. <\/p>\n","protected":false},"featured_media":392815,"comment_status":"open","ping_status":"closed","template":"","meta":{"_acf_changed":false,"_et_pb_use_builder":"","_et_pb_old_content":"","_et_gb_content_width":"","inline_featured_image":false},"product_brand":[],"product_cat":[4353,402,2696],"product_tag":[],"class_list":{"0":"post-426156","1":"product","2":"type-product","3":"status-publish","4":"has-post-thumbnail","6":"product_cat-liquidacion-specialized","7":"product_cat-montanha","8":"product_cat-ofertas-especializadas","9":"product_shipping_class-bicicletas-pt-pt","11":"first","12":"instock","13":"sale","14":"taxable","15":"shipping-taxable","16":"purchasable","17":"product-type-variable","18":"wvs-archive-product-wrapper"},"acf":[],"yoast_head":"<!-- This site is optimized with the Yoast SEO Premium plugin v26.7 (Yoast SEO v26.7) - https:\/\/yoast.com\/wordpress\/plugins\/seo\/ -->\n<title>Specialized Epic 8 Expert Evo 2025 GR-100<\/title>\n<meta name=\"description\" content=\"La bicicleta de 120 mm m\u00e1s capaz del planeta, ahora a\u00fan m\u00e1s capaz. Te sorprender\u00e1 c\u00f3mo la geometr\u00eda progresiva de la Epic 8 EVO.\" \/>\n<meta name=\"robots\" content=\"index, follow, max-snippet:-1, max-image-preview:large, max-video-preview:-1\" \/>\n<link rel=\"canonical\" href=\"https:\/\/gr-100.com\/pt-pt\/producto\/specialized-epic-8-expert-evo-2025\/\" \/>\n<meta property=\"og:locale\" content=\"pt_PT\" \/>\n<meta property=\"og:type\" content=\"article\" \/>\n<meta property=\"og:title\" content=\"Specialized Epic 8 Expert Evo 2025\" \/>\n<meta property=\"og:description\" content=\"La bicicleta de 120 mm m\u00e1s capaz del planeta, ahora a\u00fan m\u00e1s capaz. Te sorprender\u00e1 c\u00f3mo la geometr\u00eda progresiva de la Epic 8 EVO.\" \/>\n<meta property=\"og:url\" content=\"https:\/\/gr-100.com\/pt-pt\/producto\/specialized-epic-8-expert-evo-2025\/\" \/>\n<meta property=\"og:site_name\" content=\"Gr-100 Tienda de ciclismo Specialized\" \/>\n<meta property=\"article:publisher\" content=\"https:\/\/www.facebook.com\/Gr100Bikes\" \/>\n<meta property=\"og:image\" content=\"https:\/\/gr-100.com\/wp-content\/uploads\/2024\/10\/EPIC-8-EXPERT-EVO-25.jpg\" \/>\n\t<meta property=\"og:image:width\" content=\"1000\" \/>\n\t<meta property=\"og:image:height\" content=\"1000\" \/>\n\t<meta property=\"og:image:type\" content=\"image\/jpeg\" \/>\n<meta name=\"twitter:card\" content=\"summary_large_image\" \/>\n<meta name=\"twitter:label1\" content=\"Tempo estimado de leitura\" \/>\n\t<meta name=\"twitter:data1\" content=\"4 minutos\" \/>\n<script type=\"application\/ld+json\" class=\"yoast-schema-graph\">{\"@context\":\"https:\/\/schema.org\",\"@graph\":[{\"@type\":\"WebPage\",\"@id\":\"https:\/\/gr-100.com\/pt-pt\/producto\/specialized-epic-8-expert-evo-2025\/\",\"url\":\"https:\/\/gr-100.com\/pt-pt\/producto\/specialized-epic-8-expert-evo-2025\/\",\"name\":\"Specialized Epic 8 Expert Evo 2025 GR-100\",\"isPartOf\":{\"@id\":\"https:\/\/gr-100.com\/#website\"},\"primaryImageOfPage\":{\"@id\":\"https:\/\/gr-100.com\/pt-pt\/producto\/specialized-epic-8-expert-evo-2025\/#primaryimage\"},\"image\":{\"@id\":\"https:\/\/gr-100.com\/pt-pt\/producto\/specialized-epic-8-expert-evo-2025\/#primaryimage\"},\"thumbnailUrl\":\"https:\/\/gr-100.com\/wp-content\/uploads\/2024\/10\/EPIC-8-EXPERT-EVO-25.jpg\",\"datePublished\":\"2024-10-11T16:24:06+00:00\",\"description\":\"La bicicleta de 120 mm m\u00e1s capaz del planeta, ahora a\u00fan m\u00e1s capaz. Te sorprender\u00e1 c\u00f3mo la geometr\u00eda progresiva de la Epic 8 EVO.\",\"breadcrumb\":{\"@id\":\"https:\/\/gr-100.com\/pt-pt\/producto\/specialized-epic-8-expert-evo-2025\/#breadcrumb\"},\"inLanguage\":\"pt-PT\",\"potentialAction\":[{\"@type\":\"ReadAction\",\"target\":[\"https:\/\/gr-100.com\/pt-pt\/producto\/specialized-epic-8-expert-evo-2025\/\"]}]},{\"@type\":\"ImageObject\",\"inLanguage\":\"pt-PT\",\"@id\":\"https:\/\/gr-100.com\/pt-pt\/producto\/specialized-epic-8-expert-evo-2025\/#primaryimage\",\"url\":\"https:\/\/gr-100.com\/wp-content\/uploads\/2024\/10\/EPIC-8-EXPERT-EVO-25.jpg\",\"contentUrl\":\"https:\/\/gr-100.com\/wp-content\/uploads\/2024\/10\/EPIC-8-EXPERT-EVO-25.jpg\",\"width\":1000,\"height\":1000},{\"@type\":\"BreadcrumbList\",\"@id\":\"https:\/\/gr-100.com\/pt-pt\/producto\/specialized-epic-8-expert-evo-2025\/#breadcrumb\",\"itemListElement\":[{\"@type\":\"ListItem\",\"position\":1,\"name\":\"Portada\",\"item\":\"https:\/\/gr-100.com\/en\/\"},{\"@type\":\"ListItem\",\"position\":2,\"name\":\"Productos\",\"item\":\"https:\/\/gr-100.com\/?post_type=product\"},{\"@type\":\"ListItem\",\"position\":3,\"name\":\"Specialized Epic 8 Expert Evo 2025\"}]},{\"@type\":\"WebSite\",\"@id\":\"https:\/\/gr-100.com\/#website\",\"url\":\"https:\/\/gr-100.com\/\",\"name\":\"Gr-100 Tienda de ciclismo Specialized\",\"description\":\"GR-100 tenemos todas las gamas de bicicletas Specialized al mejor precio.\",\"publisher\":{\"@id\":\"https:\/\/gr-100.com\/#organization\"},\"alternateName\":\"Gr-100 Bikes\",\"potentialAction\":[{\"@type\":\"SearchAction\",\"target\":{\"@type\":\"EntryPoint\",\"urlTemplate\":\"https:\/\/gr-100.com\/?s={search_term_string}\"},\"query-input\":{\"@type\":\"PropertyValueSpecification\",\"valueRequired\":true,\"valueName\":\"search_term_string\"}}],\"inLanguage\":\"pt-PT\"},{\"@type\":\"Organization\",\"@id\":\"https:\/\/gr-100.com\/#organization\",\"name\":\"Gr-100\",\"url\":\"https:\/\/gr-100.com\/\",\"logo\":{\"@type\":\"ImageObject\",\"inLanguage\":\"pt-PT\",\"@id\":\"https:\/\/gr-100.com\/#\/schema\/logo\/image\/\",\"url\":\"https:\/\/gr-100.com\/wp-content\/uploads\/2023\/08\/logo-gr-100-bikes.png\",\"contentUrl\":\"https:\/\/gr-100.com\/wp-content\/uploads\/2023\/08\/logo-gr-100-bikes.png\",\"width\":707,\"height\":284,\"caption\":\"Gr-100\"},\"image\":{\"@id\":\"https:\/\/gr-100.com\/#\/schema\/logo\/image\/\"},\"sameAs\":[\"https:\/\/www.facebook.com\/Gr100Bikes\",\"https:\/\/www.instagram.com\/gr100bikes\/\",\"https:\/\/www.tiktok.com\/@gr100bikes\",\"https:\/\/twitter.com\/gr100mtbteam\",\"https:\/\/www.youtube.com\/c\/GR100Specialized\"]}]}<\/script>\n<!-- \/ Yoast SEO Premium plugin. -->","yoast_head_json":{"title":"Specialized Epic 8 Expert Evo 2025 GR-100","description":"La bicicleta de 120 mm m\u00e1s capaz del planeta, ahora a\u00fan m\u00e1s capaz. Te sorprender\u00e1 c\u00f3mo la geometr\u00eda progresiva de la Epic 8 EVO.","robots":{"index":"index","follow":"follow","max-snippet":"max-snippet:-1","max-image-preview":"max-image-preview:large","max-video-preview":"max-video-preview:-1"},"canonical":"https:\/\/gr-100.com\/pt-pt\/producto\/specialized-epic-8-expert-evo-2025\/","og_locale":"pt_PT","og_type":"article","og_title":"Specialized Epic 8 Expert Evo 2025","og_description":"La bicicleta de 120 mm m\u00e1s capaz del planeta, ahora a\u00fan m\u00e1s capaz. Te sorprender\u00e1 c\u00f3mo la geometr\u00eda progresiva de la Epic 8 EVO.","og_url":"https:\/\/gr-100.com\/pt-pt\/producto\/specialized-epic-8-expert-evo-2025\/","og_site_name":"Gr-100 Tienda de ciclismo Specialized","article_publisher":"https:\/\/www.facebook.com\/Gr100Bikes","og_image":[{"width":1000,"height":1000,"url":"https:\/\/gr-100.com\/wp-content\/uploads\/2024\/10\/EPIC-8-EXPERT-EVO-25.jpg","type":"image\/jpeg"}],"twitter_card":"summary_large_image","twitter_misc":{"Tempo estimado de leitura":"4 minutos"},"schema":{"@context":"https:\/\/schema.org","@graph":[{"@type":"WebPage","@id":"https:\/\/gr-100.com\/pt-pt\/producto\/specialized-epic-8-expert-evo-2025\/","url":"https:\/\/gr-100.com\/pt-pt\/producto\/specialized-epic-8-expert-evo-2025\/","name":"Specialized Epic 8 Expert Evo 2025 GR-100","isPartOf":{"@id":"https:\/\/gr-100.com\/#website"},"primaryImageOfPage":{"@id":"https:\/\/gr-100.com\/pt-pt\/producto\/specialized-epic-8-expert-evo-2025\/#primaryimage"},"image":{"@id":"https:\/\/gr-100.com\/pt-pt\/producto\/specialized-epic-8-expert-evo-2025\/#primaryimage"},"thumbnailUrl":"https:\/\/gr-100.com\/wp-content\/uploads\/2024\/10\/EPIC-8-EXPERT-EVO-25.jpg","datePublished":"2024-10-11T16:24:06+00:00","description":"La bicicleta de 120 mm m\u00e1s capaz del planeta, ahora a\u00fan m\u00e1s capaz. Te sorprender\u00e1 c\u00f3mo la geometr\u00eda progresiva de la Epic 8 EVO.","breadcrumb":{"@id":"https:\/\/gr-100.com\/pt-pt\/producto\/specialized-epic-8-expert-evo-2025\/#breadcrumb"},"inLanguage":"pt-PT","potentialAction":[{"@type":"ReadAction","target":["https:\/\/gr-100.com\/pt-pt\/producto\/specialized-epic-8-expert-evo-2025\/"]}]},{"@type":"ImageObject","inLanguage":"pt-PT","@id":"https:\/\/gr-100.com\/pt-pt\/producto\/specialized-epic-8-expert-evo-2025\/#primaryimage","url":"https:\/\/gr-100.com\/wp-content\/uploads\/2024\/10\/EPIC-8-EXPERT-EVO-25.jpg","contentUrl":"https:\/\/gr-100.com\/wp-content\/uploads\/2024\/10\/EPIC-8-EXPERT-EVO-25.jpg","width":1000,"height":1000},{"@type":"BreadcrumbList","@id":"https:\/\/gr-100.com\/pt-pt\/producto\/specialized-epic-8-expert-evo-2025\/#breadcrumb","itemListElement":[{"@type":"ListItem","position":1,"name":"Portada","item":"https:\/\/gr-100.com\/en\/"},{"@type":"ListItem","position":2,"name":"Productos","item":"https:\/\/gr-100.com\/?post_type=product"},{"@type":"ListItem","position":3,"name":"Specialized Epic 8 Expert Evo 2025"}]},{"@type":"WebSite","@id":"https:\/\/gr-100.com\/#website","url":"https:\/\/gr-100.com\/","name":"Gr-100 Tienda de ciclismo Specialized","description":"GR-100 tenemos todas las gamas de bicicletas Specialized al mejor precio.","publisher":{"@id":"https:\/\/gr-100.com\/#organization"},"alternateName":"Gr-100 Bikes","potentialAction":[{"@type":"SearchAction","target":{"@type":"EntryPoint","urlTemplate":"https:\/\/gr-100.com\/?s={search_term_string}"},"query-input":{"@type":"PropertyValueSpecification","valueRequired":true,"valueName":"search_term_string"}}],"inLanguage":"pt-PT"},{"@type":"Organization","@id":"https:\/\/gr-100.com\/#organization","name":"Gr-100","url":"https:\/\/gr-100.com\/","logo":{"@type":"ImageObject","inLanguage":"pt-PT","@id":"https:\/\/gr-100.com\/#\/schema\/logo\/image\/","url":"https:\/\/gr-100.com\/wp-content\/uploads\/2023\/08\/logo-gr-100-bikes.png","contentUrl":"https:\/\/gr-100.com\/wp-content\/uploads\/2023\/08\/logo-gr-100-bikes.png","width":707,"height":284,"caption":"Gr-100"},"image":{"@id":"https:\/\/gr-100.com\/#\/schema\/logo\/image\/"},"sameAs":["https:\/\/www.facebook.com\/Gr100Bikes","https:\/\/www.instagram.com\/gr100bikes\/","https:\/\/www.tiktok.com\/@gr100bikes","https:\/\/twitter.com\/gr100mtbteam","https:\/\/www.youtube.com\/c\/GR100Specialized"]}]}},"_links":{"self":[{"href":"https:\/\/gr-100.com\/pt-pt\/wp-json\/wp\/v2\/product\/426156","targetHints":{"allow":["GET"]}}],"collection":[{"href":"https:\/\/gr-100.com\/pt-pt\/wp-json\/wp\/v2\/product"}],"about":[{"href":"https:\/\/gr-100.com\/pt-pt\/wp-json\/wp\/v2\/types\/product"}],"replies":[{"embeddable":true,"href":"https:\/\/gr-100.com\/pt-pt\/wp-json\/wp\/v2\/comments?post=426156"}],"wp:featuredmedia":[{"embeddable":true,"href":"https:\/\/gr-100.com\/pt-pt\/wp-json\/wp\/v2\/media\/392815"}],"wp:attachment":[{"href":"https:\/\/gr-100.com\/pt-pt\/wp-json\/wp\/v2\/media?parent=426156"}],"wp:term":[{"taxonomy":"product_brand","embeddable":true,"href":"https:\/\/gr-100.com\/pt-pt\/wp-json\/wp\/v2\/product_brand?post=426156"},{"taxonomy":"product_cat","embeddable":true,"href":"https:\/\/gr-100.com\/pt-pt\/wp-json\/wp\/v2\/product_cat?post=426156"},{"taxonomy":"product_tag","embeddable":true,"href":"https:\/\/gr-100.com\/pt-pt\/wp-json\/wp\/v2\/product_tag?post=426156"}],"curies":[{"name":"wp","href":"https:\/\/api.w.org\/{rel}","templated":true}]}}