{"id":426178,"date":"2024-10-11T11:30:46","date_gmt":"2024-10-11T10:30:46","guid":{"rendered":"https:\/\/gr-100.com\/producto\/specialized-epic-8-comp-2025\/"},"modified":"2024-10-11T11:30:46","modified_gmt":"2024-10-11T09:30:46","slug":"specialized-epic-8-comp-2025","status":"publish","type":"product","link":"https:\/\/gr-100.com\/pt-pt\/producto\/specialized-epic-8-comp-2025\/","title":{"rendered":"Specialized Epic 8 Comp 2025"},"content":{"rendered":"<p>A bicicleta de 120 mm mais capaz do planeta. 12% mais absor\u00e7\u00e3o de solavancos e 20% menos pedalada.<br \/>\nOs trav\u00f5es SRAM Level Bronze Stealth de 4 pist\u00f5es proporcionam uma pot\u00eancia de travagem pronta para o trilho num sistema pronto para a corrida.<br \/>\nConjunto de grupos GX Eagle de 12 velocidades fi\u00e1vel e dur\u00e1vel<br \/>\nJantes de alum\u00ednio Specialized leves e dur\u00e1veis<br \/>\nAmortecedor RockShox SIDLuxe Select+ e forqueta SID Select desenvolvidos pela Ride Dynamics<br \/>\nAmortecedor personalizado com 3 configura\u00e7\u00f5es de amortecimento exclusivas<br \/>\nTubo inferior SWAT 4.0 para transportar o essencial para o trilho <\/p>\n<p>ESPECIFICA\u00c7\u00d5ES<\/p>\n<ul>\n<li>FACTO 11m Carbon FRAME<br \/>\n, Geometria Progressiva de Corrida XC, Rider-First Engineered\u2122, armazenamento SWAT downtube, BB roscado, sa\u00edda traseira compat\u00edvel com UDH 12x148mm, roteamento de cabos internos, 120mm de curso<\/li>\n<li>Armazenamento interno SWAT<br \/>\nSWAT<\/li>\n<li>ABRA\u00c7O. SADDLE<br \/>\nSpecialized Alloy, 34.9, parafuso de a\u00e7o<\/li>\n<li>FORQUILHA<br \/>\nRockShox SID Select, Ride Dynamics desenvolvida em 3 posi\u00e7\u00f5es, ajuste remoto TwistLoc, Debon Air, 15x110mm, 44mm de desvio, 120mm de curso<\/li>\n<li>ABSORVEDOR DE CHOQUE<br \/>\nRockShox SIDLuxe Select+, Ride Dynamics desenvolvido em 3 posi\u00e7\u00f5es, ajuste remoto TwistLoc, Solo Air, 190x45mm<\/li>\n<li>TRAV\u00c3O DIANTEIRO<br \/>\nSRAM Level Bronze Stealth, pin\u00e7a de 4 pist\u00f5es, disco hidr\u00e1ulico, rotor de 180 mm<\/li>\n<li>TRAV\u00c3O TRASEIRO<br \/>\nSRAM Level Bronze Stealth, pin\u00e7a de 4 pist\u00f5es, disco hidr\u00e1ulico, rotor de 160 mm<\/li>\n<li>CONTROLADORES DE MARCHA<br \/>\nControlador SRAM AXS POD<\/li>\n<li>CADEIA<br \/>\nSRAM DE TRANSMISS\u00c3O SRAM GX<\/li>\n<li>CASETTE<br \/>\nTransmiss\u00e3o SRAM XS 1270, 10-52t<\/li>\n<li>SRAM DUB Suporte inferior<br \/>\nSRAM largo roscado<\/li>\n<li>PEDALIER<br \/>\nSRAM S1000 Eagle, DUB, 165\/170\/175mm, 34T<\/li>\n<li>REAR DERAILLEUR<br \/>\nTransmiss\u00e3o SRAM S-1000 Eagle<\/li>\n<li>CUBO TRASEIRO<br \/>\nLiga, rolamentos de cartucho selados, eixo thru 12x148mm, 32h<\/li>\n<li>DT Ind\u00fastria Su\u00ed\u00e7a R\u00c1DIOS\n<\/li>\n<li>PNEU.<br \/>\nSpecialized Trak r\u00e1pido, caixa de controle, composto T7, 29&#215;2.35<\/li>\n<li>RODAS<br \/>\nSpecialized Alloy 29, 28mm de largura interna, tubeless<\/li>\n<li>PNEU TRASEIRO<br \/>\nSpecialized , Caixa de Controle, Composto T5, 29&#215;2.35<\/li>\n<li>C\u00c2MARAS<br \/>\nPadr\u00e3o 40mm PV 29&#215;1.75-2.4<\/li>\n<li>CUBO DIANTEIRO<br \/>\n Disco de cubo dianteiroSpecialized rolamentos de mingau selados, 6 parafusos, eixo thru de 15x110mm, 32h<\/li>\n<li>Body Geometry Power Sport SADDLE,<br \/>\n calhas de a\u00e7o<\/li>\n<li>POSTO DE ASSENTO<br \/>\nX-Fusion Manic, 30.9, curso 125\/150\/170, 0 mm de desvio<\/li>\n<li>SRAM Slip on com punhos<br \/>\n Twist-Loc<\/li>\n<li>Specialized<br \/>\n Minirise de liga especial, eleva\u00e7\u00e3o de 10mm, grampo de 750mm, 31,8mm<\/li>\n<li>STEM<br \/>\nSpecialized, liga forjada em 3D, 4 parafusos, eleva\u00e7\u00e3o de 7 graus<\/li>\n<\/ul>\n","protected":false},"excerpt":{"rendered":"<p>A nova Epic 8 evolui a f\u00f3rmula da velocidade atrav\u00e9s da capacidade, efici\u00eancia e integra\u00e7\u00e3o leve. As pistas de XC modernas exigem cada vez mais capacidade todos os dias. <\/p>\n","protected":false},"featured_media":392674,"comment_status":"open","ping_status":"closed","template":"","meta":{"_acf_changed":false,"_et_pb_use_builder":"","_et_pb_old_content":"","_et_gb_content_width":"","inline_featured_image":false},"product_brand":[],"product_cat":[5377,5379,5378,5376,5375,5374,4353,402,403],"product_tag":[],"class_list":{"0":"post-426178","1":"product","2":"type-product","3":"status-publish","4":"has-post-thumbnail","6":"product_cat-bicicletas-de-montanha-com-suspensao-dupla","7":"product_cat-bicicletas-de-montanha-cross-country-xc","8":"product_cat-bicicletas-de-montanha-de-29","9":"product_cat-bicicletas-de-montanha-em-carbono","10":"product_cat-bicicletas-de-montanha-specialized","11":"product_cat-descontos","12":"product_cat-liquidacion-specialized","13":"product_cat-montanha","14":"product_cat-outlet-pt-pt","15":"product_shipping_class-bicicletas-pt-pt","17":"first","18":"instock","19":"sale","20":"taxable","21":"shipping-taxable","22":"purchasable","23":"product-type-variable","24":"wvs-archive-product-wrapper"},"acf":[],"yoast_head":"<!-- This site is optimized with the Yoast SEO Premium plugin v26.7 (Yoast SEO v26.7) - https:\/\/yoast.com\/wordpress\/plugins\/seo\/ -->\n<title>Specialized Epic 8 Comp 2025 GR-100<\/title>\n<meta name=\"description\" content=\"A bicicleta de 120 mm mais capaz do planeta. Absorve 12% mais os solavancos e reduz em 20% a rota\u00e7\u00e3o do pedal. RockShox SID Select. SRAM S-1000 Eagle.\" \/>\n<meta name=\"robots\" content=\"index, follow, max-snippet:-1, max-image-preview:large, max-video-preview:-1\" \/>\n<link rel=\"canonical\" href=\"https:\/\/gr-100.com\/pt-pt\/producto\/specialized-epic-8-comp-2025\/\" \/>\n<meta property=\"og:locale\" content=\"pt_PT\" \/>\n<meta property=\"og:type\" content=\"article\" \/>\n<meta property=\"og:title\" content=\"Specialized Epic 8 Comp 2025\" \/>\n<meta property=\"og:description\" content=\"A bicicleta de 120 mm mais capaz do planeta. Absorve 12% mais os solavancos e reduz em 20% a rota\u00e7\u00e3o do pedal. RockShox SID Select. SRAM S-1000 Eagle.\" \/>\n<meta property=\"og:url\" content=\"https:\/\/gr-100.com\/pt-pt\/producto\/specialized-epic-8-comp-2025\/\" \/>\n<meta property=\"og:site_name\" content=\"Gr-100 Tienda de ciclismo Specialized\" \/>\n<meta property=\"article:publisher\" content=\"https:\/\/www.facebook.com\/Gr100Bikes\" \/>\n<meta property=\"og:image\" content=\"https:\/\/gr-100.com\/wp-content\/uploads\/2024\/10\/Epic-8-Comp_25_1.jpg\" \/>\n\t<meta property=\"og:image:width\" content=\"1000\" \/>\n\t<meta property=\"og:image:height\" content=\"1000\" \/>\n\t<meta property=\"og:image:type\" content=\"image\/jpeg\" \/>\n<meta name=\"twitter:card\" content=\"summary_large_image\" \/>\n<meta name=\"twitter:label1\" content=\"Tempo estimado de leitura\" \/>\n\t<meta name=\"twitter:data1\" content=\"2 minutos\" \/>\n<script type=\"application\/ld+json\" class=\"yoast-schema-graph\">{\"@context\":\"https:\/\/schema.org\",\"@graph\":[{\"@type\":\"WebPage\",\"@id\":\"https:\/\/gr-100.com\/pt-pt\/producto\/specialized-epic-8-comp-2025\/\",\"url\":\"https:\/\/gr-100.com\/pt-pt\/producto\/specialized-epic-8-comp-2025\/\",\"name\":\"Specialized Epic 8 Comp 2025 GR-100\",\"isPartOf\":{\"@id\":\"https:\/\/gr-100.com\/#website\"},\"primaryImageOfPage\":{\"@id\":\"https:\/\/gr-100.com\/pt-pt\/producto\/specialized-epic-8-comp-2025\/#primaryimage\"},\"image\":{\"@id\":\"https:\/\/gr-100.com\/pt-pt\/producto\/specialized-epic-8-comp-2025\/#primaryimage\"},\"thumbnailUrl\":\"https:\/\/gr-100.com\/wp-content\/uploads\/2024\/10\/Epic-8-Comp_25_1.jpg\",\"datePublished\":\"2024-10-11T10:30:46+00:00\",\"description\":\"A bicicleta de 120 mm mais capaz do planeta. Absorve 12% mais os solavancos e reduz em 20% a rota\u00e7\u00e3o do pedal. RockShox SID Select. SRAM S-1000 Eagle.\",\"breadcrumb\":{\"@id\":\"https:\/\/gr-100.com\/pt-pt\/producto\/specialized-epic-8-comp-2025\/#breadcrumb\"},\"inLanguage\":\"pt-PT\",\"potentialAction\":[{\"@type\":\"ReadAction\",\"target\":[\"https:\/\/gr-100.com\/pt-pt\/producto\/specialized-epic-8-comp-2025\/\"]}]},{\"@type\":\"ImageObject\",\"inLanguage\":\"pt-PT\",\"@id\":\"https:\/\/gr-100.com\/pt-pt\/producto\/specialized-epic-8-comp-2025\/#primaryimage\",\"url\":\"https:\/\/gr-100.com\/wp-content\/uploads\/2024\/10\/Epic-8-Comp_25_1.jpg\",\"contentUrl\":\"https:\/\/gr-100.com\/wp-content\/uploads\/2024\/10\/Epic-8-Comp_25_1.jpg\",\"width\":1000,\"height\":1000},{\"@type\":\"BreadcrumbList\",\"@id\":\"https:\/\/gr-100.com\/pt-pt\/producto\/specialized-epic-8-comp-2025\/#breadcrumb\",\"itemListElement\":[{\"@type\":\"ListItem\",\"position\":1,\"name\":\"Portada\",\"item\":\"https:\/\/gr-100.com\/en\/\"},{\"@type\":\"ListItem\",\"position\":2,\"name\":\"Productos\",\"item\":\"https:\/\/gr-100.com\/?post_type=product\"},{\"@type\":\"ListItem\",\"position\":3,\"name\":\"Specialized Epic 8 Comp 2025\"}]},{\"@type\":\"WebSite\",\"@id\":\"https:\/\/gr-100.com\/#website\",\"url\":\"https:\/\/gr-100.com\/\",\"name\":\"Gr-100 Tienda de ciclismo Specialized\",\"description\":\"GR-100 tenemos todas las gamas de bicicletas Specialized al mejor precio.\",\"publisher\":{\"@id\":\"https:\/\/gr-100.com\/#organization\"},\"alternateName\":\"Gr-100 Bikes\",\"potentialAction\":[{\"@type\":\"SearchAction\",\"target\":{\"@type\":\"EntryPoint\",\"urlTemplate\":\"https:\/\/gr-100.com\/?s={search_term_string}\"},\"query-input\":{\"@type\":\"PropertyValueSpecification\",\"valueRequired\":true,\"valueName\":\"search_term_string\"}}],\"inLanguage\":\"pt-PT\"},{\"@type\":\"Organization\",\"@id\":\"https:\/\/gr-100.com\/#organization\",\"name\":\"Gr-100\",\"url\":\"https:\/\/gr-100.com\/\",\"logo\":{\"@type\":\"ImageObject\",\"inLanguage\":\"pt-PT\",\"@id\":\"https:\/\/gr-100.com\/#\/schema\/logo\/image\/\",\"url\":\"https:\/\/gr-100.com\/wp-content\/uploads\/2023\/08\/logo-gr-100-bikes.png\",\"contentUrl\":\"https:\/\/gr-100.com\/wp-content\/uploads\/2023\/08\/logo-gr-100-bikes.png\",\"width\":707,\"height\":284,\"caption\":\"Gr-100\"},\"image\":{\"@id\":\"https:\/\/gr-100.com\/#\/schema\/logo\/image\/\"},\"sameAs\":[\"https:\/\/www.facebook.com\/Gr100Bikes\",\"https:\/\/www.instagram.com\/gr100bikes\/\",\"https:\/\/www.tiktok.com\/@gr100bikes\",\"https:\/\/twitter.com\/gr100mtbteam\",\"https:\/\/www.youtube.com\/c\/GR100Specialized\"]}]}<\/script>\n<!-- \/ Yoast SEO Premium plugin. -->","yoast_head_json":{"title":"Specialized Epic 8 Comp 2025 GR-100","description":"A bicicleta de 120 mm mais capaz do planeta. Absorve 12% mais os solavancos e reduz em 20% a rota\u00e7\u00e3o do pedal. RockShox SID Select. SRAM S-1000 Eagle.","robots":{"index":"index","follow":"follow","max-snippet":"max-snippet:-1","max-image-preview":"max-image-preview:large","max-video-preview":"max-video-preview:-1"},"canonical":"https:\/\/gr-100.com\/pt-pt\/producto\/specialized-epic-8-comp-2025\/","og_locale":"pt_PT","og_type":"article","og_title":"Specialized Epic 8 Comp 2025","og_description":"A bicicleta de 120 mm mais capaz do planeta. Absorve 12% mais os solavancos e reduz em 20% a rota\u00e7\u00e3o do pedal. RockShox SID Select. SRAM S-1000 Eagle.","og_url":"https:\/\/gr-100.com\/pt-pt\/producto\/specialized-epic-8-comp-2025\/","og_site_name":"Gr-100 Tienda de ciclismo Specialized","article_publisher":"https:\/\/www.facebook.com\/Gr100Bikes","og_image":[{"width":1000,"height":1000,"url":"https:\/\/gr-100.com\/wp-content\/uploads\/2024\/10\/Epic-8-Comp_25_1.jpg","type":"image\/jpeg"}],"twitter_card":"summary_large_image","twitter_misc":{"Tempo estimado de leitura":"2 minutos"},"schema":{"@context":"https:\/\/schema.org","@graph":[{"@type":"WebPage","@id":"https:\/\/gr-100.com\/pt-pt\/producto\/specialized-epic-8-comp-2025\/","url":"https:\/\/gr-100.com\/pt-pt\/producto\/specialized-epic-8-comp-2025\/","name":"Specialized Epic 8 Comp 2025 GR-100","isPartOf":{"@id":"https:\/\/gr-100.com\/#website"},"primaryImageOfPage":{"@id":"https:\/\/gr-100.com\/pt-pt\/producto\/specialized-epic-8-comp-2025\/#primaryimage"},"image":{"@id":"https:\/\/gr-100.com\/pt-pt\/producto\/specialized-epic-8-comp-2025\/#primaryimage"},"thumbnailUrl":"https:\/\/gr-100.com\/wp-content\/uploads\/2024\/10\/Epic-8-Comp_25_1.jpg","datePublished":"2024-10-11T10:30:46+00:00","description":"A bicicleta de 120 mm mais capaz do planeta. Absorve 12% mais os solavancos e reduz em 20% a rota\u00e7\u00e3o do pedal. RockShox SID Select. SRAM S-1000 Eagle.","breadcrumb":{"@id":"https:\/\/gr-100.com\/pt-pt\/producto\/specialized-epic-8-comp-2025\/#breadcrumb"},"inLanguage":"pt-PT","potentialAction":[{"@type":"ReadAction","target":["https:\/\/gr-100.com\/pt-pt\/producto\/specialized-epic-8-comp-2025\/"]}]},{"@type":"ImageObject","inLanguage":"pt-PT","@id":"https:\/\/gr-100.com\/pt-pt\/producto\/specialized-epic-8-comp-2025\/#primaryimage","url":"https:\/\/gr-100.com\/wp-content\/uploads\/2024\/10\/Epic-8-Comp_25_1.jpg","contentUrl":"https:\/\/gr-100.com\/wp-content\/uploads\/2024\/10\/Epic-8-Comp_25_1.jpg","width":1000,"height":1000},{"@type":"BreadcrumbList","@id":"https:\/\/gr-100.com\/pt-pt\/producto\/specialized-epic-8-comp-2025\/#breadcrumb","itemListElement":[{"@type":"ListItem","position":1,"name":"Portada","item":"https:\/\/gr-100.com\/en\/"},{"@type":"ListItem","position":2,"name":"Productos","item":"https:\/\/gr-100.com\/?post_type=product"},{"@type":"ListItem","position":3,"name":"Specialized Epic 8 Comp 2025"}]},{"@type":"WebSite","@id":"https:\/\/gr-100.com\/#website","url":"https:\/\/gr-100.com\/","name":"Gr-100 Tienda de ciclismo Specialized","description":"GR-100 tenemos todas las gamas de bicicletas Specialized al mejor precio.","publisher":{"@id":"https:\/\/gr-100.com\/#organization"},"alternateName":"Gr-100 Bikes","potentialAction":[{"@type":"SearchAction","target":{"@type":"EntryPoint","urlTemplate":"https:\/\/gr-100.com\/?s={search_term_string}"},"query-input":{"@type":"PropertyValueSpecification","valueRequired":true,"valueName":"search_term_string"}}],"inLanguage":"pt-PT"},{"@type":"Organization","@id":"https:\/\/gr-100.com\/#organization","name":"Gr-100","url":"https:\/\/gr-100.com\/","logo":{"@type":"ImageObject","inLanguage":"pt-PT","@id":"https:\/\/gr-100.com\/#\/schema\/logo\/image\/","url":"https:\/\/gr-100.com\/wp-content\/uploads\/2023\/08\/logo-gr-100-bikes.png","contentUrl":"https:\/\/gr-100.com\/wp-content\/uploads\/2023\/08\/logo-gr-100-bikes.png","width":707,"height":284,"caption":"Gr-100"},"image":{"@id":"https:\/\/gr-100.com\/#\/schema\/logo\/image\/"},"sameAs":["https:\/\/www.facebook.com\/Gr100Bikes","https:\/\/www.instagram.com\/gr100bikes\/","https:\/\/www.tiktok.com\/@gr100bikes","https:\/\/twitter.com\/gr100mtbteam","https:\/\/www.youtube.com\/c\/GR100Specialized"]}]}},"_links":{"self":[{"href":"https:\/\/gr-100.com\/pt-pt\/wp-json\/wp\/v2\/product\/426178","targetHints":{"allow":["GET"]}}],"collection":[{"href":"https:\/\/gr-100.com\/pt-pt\/wp-json\/wp\/v2\/product"}],"about":[{"href":"https:\/\/gr-100.com\/pt-pt\/wp-json\/wp\/v2\/types\/product"}],"replies":[{"embeddable":true,"href":"https:\/\/gr-100.com\/pt-pt\/wp-json\/wp\/v2\/comments?post=426178"}],"wp:featuredmedia":[{"embeddable":true,"href":"https:\/\/gr-100.com\/pt-pt\/wp-json\/wp\/v2\/media\/392674"}],"wp:attachment":[{"href":"https:\/\/gr-100.com\/pt-pt\/wp-json\/wp\/v2\/media?parent=426178"}],"wp:term":[{"taxonomy":"product_brand","embeddable":true,"href":"https:\/\/gr-100.com\/pt-pt\/wp-json\/wp\/v2\/product_brand?post=426178"},{"taxonomy":"product_cat","embeddable":true,"href":"https:\/\/gr-100.com\/pt-pt\/wp-json\/wp\/v2\/product_cat?post=426178"},{"taxonomy":"product_tag","embeddable":true,"href":"https:\/\/gr-100.com\/pt-pt\/wp-json\/wp\/v2\/product_tag?post=426178"}],"curies":[{"name":"wp","href":"https:\/\/api.w.org\/{rel}","templated":true}]}}