{"id":426507,"date":"2026-01-08T14:39:50","date_gmt":"2026-01-08T13:39:50","guid":{"rendered":"https:\/\/gr-100.com\/?post_type=product&#038;p=426507"},"modified":"2026-02-09T12:33:46","modified_gmt":"2026-02-09T10:33:46","slug":"quadro-specialized-chisel-2026","status":"publish","type":"product","link":"https:\/\/gr-100.com\/pt-pt\/producto\/quadro-specialized-chisel-2026\/","title":{"rendered":"Quadro Specialized Chisel 2026"},"content":{"rendered":"<ul>\n<li>MET\u00c1LICAMENTE R\u00c1PIDA: Gracias a D&#8217;Aluisio Smartweld, el Chisel es el cuadro de aluminio para XC m\u00e1s ligero de su clase. Cada tubo del cuadro, altamente manipulado, presenta una variaci\u00f3n continua del grosor de las paredes y una forma que proporciona rigidez donde la necesitas, para una mayor eficiencia, y suavidad de marcha donde la deseas, para una mayor comodidad y un control \u00f3ptimo. <\/li>\n<li>CAPACIDAD SIN L\u00cdMITES: Con 110 mm de suspensi\u00f3n con nuestra tecnolog\u00eda Ride Dynamics, el pedigr\u00ed de alto rendimiento de la Chisel se remonta directamente a la Epic 8, nuestra m\u00e1quina de carreras de la Copa del Mundo. El ADN de la cinem\u00e1tica de suspensi\u00f3n avanzada de la Epic 8, la suspensi\u00f3n Ride Dynamics y la geometr\u00eda progresiva perfeccionada en circuitos t\u00e9cnicos de la Copa del Mundo se encuentran en la Chisel, lo que la hace m\u00e1s que capaz de manejar terrenos variados con confianza y velocidad. <\/li>\n<li>INCRE\u00cdBLEMENTE EFICIENTE: La Chisel es la bicicleta pulmonar m\u00e1s eficiente de su clase, gracias a la que se ha aprovechado la geometr\u00eda y la cinem\u00e1tica que se utilizaron en nuestra plataforma Epic 8 ganadora de varias Copas del Mundo. El tubo de sill\u00edn inclinado coloca al ciclista en la posici\u00f3n de pedaleo \u00f3ptima. El anti-squat afilado reduce el &#8220;pedaleo falso&#8221;. Todo ello hace que la Chisel traduzca cada vatio aplicado a los pedales en el m\u00e1ximo movimiento hacia delante.   <\/li>\n<li>SMOOTHER IS FASTER: Hemos dise\u00f1ado una parte trasera con tirantes flexibles para obtener un rendimiento de la suspensi\u00f3n l\u00edder en su clase, eliminando al mismo tiempo el peso adicional y el mantenimiento asociado a los pivotes necesarios en un dise\u00f1o tradicional. M\u00e1s habitual en las bicicletas de carbono, las exhaustivas pruebas de campo y laboratorio demuestran que Chisel ha logrado lo imposible: la eficiencia, el control y la ligereza de un dise\u00f1o de tirante flexible en un aluminio avanzado. <\/li>\n<li>ALUMINIO HIDROFORMADO: La Chisel ahorra material y peso con un tubo de sill\u00edn hidroformado de una sola pieza que integra el pivote del tubo de sill\u00edn, el pivote principal y la caja del pedalier. En una bicicleta m\u00e1s tradicional, el tubo de sill\u00edn suele ser solo un \u00abtubo\u00bb con los pivotes y la caja del pedalier soldados. <\/li>\n<li>Quadro &#8211; Tubos hidroformados D&#8217;Alusio Smartweld e juntas de tubos concebidas, ajuste de geometria Flip-Chip, curso de 110 mm.<br \/>\namortecedor traseiro RockShox Deluxe Select + com Ride Dynamics<\/li>\n<li>Especifica\u00e7\u00f5es t\u00e9cnicas<\/li>\n<li>Quadro<br \/>\nBra\u00e7adeira de selim<br \/>\nSpecialized Alloy 34.9, parafuso de a\u00e7o<br \/>\nQuadro<br \/>\nSpecialized D&#8217;Aluisio Smartweld M5 Alloy, tubos hidroformados, geometria XC progressiva, 110 mm de curso, encaminhamento interno de cabos, BSA BB, espa\u00e7amento 12&#215;148 mm, compat\u00edvel com espig\u00e3o de 30,9 mm<\/li>\n<li>Suspens\u00e3o<br \/>\nAmortecedor traseiro<br \/>\nRockShox Deluxe Select+, Ride Dynamics Tuned, duas posi\u00e7\u00f5es, ajuste de recupera\u00e7\u00e3o, 190x40mm<\/li>\n<li>Detalhes do produto<br \/>\nIdentificador do produto<br \/>\n221773<\/li>\n<li>Peso<br \/>\nPeso<br \/>\n2,72 kg (5 lb, 15,9 oz)<br \/>\nTamanho<br \/>\nMD<\/li>\n<\/ul>\n","protected":false},"excerpt":{"rendered":"<p>A moto de alum\u00ednio com suspens\u00e3o total mais leve e r\u00e1pida do mundo. 18,4% mais leve do que o seu concorrente mais pr\u00f3ximo e partilhando a geometria e cinem\u00e1tica da nossa bicicleta de montanha Epic 8 preparada para o Campeonato do Mundo, a nova Chisel proporciona um desempenho que pode sentir, quer esteja a correr &#8220;entre as passadeiras&#8221; ou a andar sozinho nos seus trilhos locais. <\/p>\n","protected":false},"featured_media":426488,"comment_status":"open","ping_status":"closed","template":"","meta":{"_acf_changed":false,"_et_pb_use_builder":"","_et_pb_old_content":"","_et_gb_content_width":"","inline_featured_image":false},"product_brand":[],"product_cat":[5377,5379,5375,2459,402],"product_tag":[],"class_list":{"0":"post-426507","1":"product","2":"type-product","3":"status-publish","4":"has-post-thumbnail","6":"product_cat-bicicletas-de-montanha-com-suspensao-dupla","7":"product_cat-bicicletas-de-montanha-cross-country-xc","8":"product_cat-bicicletas-de-montanha-specialized","9":"product_cat-bicicletas-pt-pt-2","10":"product_cat-montanha","12":"first","13":"instock","14":"taxable","15":"shipping-taxable","16":"purchasable","17":"product-type-variable","18":"wvs-archive-product-wrapper"},"acf":[],"yoast_head":"<!-- This site is optimized with the Yoast SEO Premium plugin v26.7 (Yoast SEO v26.7) - https:\/\/yoast.com\/wordpress\/plugins\/seo\/ -->\n<title>Quadro Specialized Chisel 2026 GR-100<\/title>\n<meta name=\"description\" content=\"A moto de alum\u00ednio com suspens\u00e3o total mais leve e r\u00e1pida do mundo. 18,4% mais leve do que o seu concorrente mais pr\u00f3ximo e partilhando a geometria e cinem\u00e1tica da nossa bicicleta de montanha Epic 8 preparada para o Campeonato do Mundo, a nova Chisel proporciona um desempenho que pode sentir, quer esteja a correr &quot;entre as passadeiras&quot; ou a andar sozinho nos seus trilhos locais.\" \/>\n<meta name=\"robots\" content=\"index, follow, max-snippet:-1, max-image-preview:large, max-video-preview:-1\" \/>\n<link rel=\"canonical\" href=\"https:\/\/gr-100.com\/pt-pt\/producto\/quadro-specialized-chisel-2026\/\" \/>\n<meta property=\"og:locale\" content=\"pt_PT\" \/>\n<meta property=\"og:type\" content=\"article\" \/>\n<meta property=\"og:title\" content=\"Quadro Specialized Chisel 2026\" \/>\n<meta property=\"og:description\" content=\"A moto de alum\u00ednio com suspens\u00e3o total mais leve e r\u00e1pida do mundo. 18,4% mais leve do que o seu concorrente mais pr\u00f3ximo e partilhando a geometria e cinem\u00e1tica da nossa bicicleta de montanha Epic 8 preparada para o Campeonato do Mundo, a nova Chisel proporciona um desempenho que pode sentir, quer esteja a correr &quot;entre as passadeiras&quot; ou a andar sozinho nos seus trilhos locais.\" \/>\n<meta property=\"og:url\" content=\"https:\/\/gr-100.com\/pt-pt\/producto\/quadro-specialized-chisel-2026\/\" \/>\n<meta property=\"og:site_name\" content=\"Gr-100 Tienda de ciclismo Specialized\" \/>\n<meta property=\"article:publisher\" content=\"https:\/\/www.facebook.com\/Gr100Bikes\" \/>\n<meta property=\"article:modified_time\" content=\"2026-02-09T10:33:46+00:00\" \/>\n<meta property=\"og:image\" content=\"https:\/\/gr-100.com\/wp-content\/uploads\/2026\/01\/Diseno-sin-titulo-2026-01-08T132218.500.jpg\" \/>\n\t<meta property=\"og:image:width\" content=\"1000\" \/>\n\t<meta property=\"og:image:height\" content=\"1000\" \/>\n\t<meta property=\"og:image:type\" content=\"image\/jpeg\" \/>\n<meta name=\"twitter:card\" content=\"summary_large_image\" \/>\n<meta name=\"twitter:label1\" content=\"Tempo estimado de leitura\" \/>\n\t<meta name=\"twitter:data1\" content=\"2 minutos\" \/>\n<script type=\"application\/ld+json\" class=\"yoast-schema-graph\">{\"@context\":\"https:\/\/schema.org\",\"@graph\":[{\"@type\":\"WebPage\",\"@id\":\"https:\/\/gr-100.com\/pt-pt\/producto\/quadro-specialized-chisel-2026\/\",\"url\":\"https:\/\/gr-100.com\/pt-pt\/producto\/quadro-specialized-chisel-2026\/\",\"name\":\"Quadro Specialized Chisel 2026 GR-100\",\"isPartOf\":{\"@id\":\"https:\/\/gr-100.com\/#website\"},\"primaryImageOfPage\":{\"@id\":\"https:\/\/gr-100.com\/pt-pt\/producto\/quadro-specialized-chisel-2026\/#primaryimage\"},\"image\":{\"@id\":\"https:\/\/gr-100.com\/pt-pt\/producto\/quadro-specialized-chisel-2026\/#primaryimage\"},\"thumbnailUrl\":\"https:\/\/gr-100.com\/wp-content\/uploads\/2026\/01\/Diseno-sin-titulo-2026-01-08T132218.500.jpg\",\"datePublished\":\"2026-01-08T13:39:50+00:00\",\"dateModified\":\"2026-02-09T10:33:46+00:00\",\"description\":\"A moto de alum\u00ednio com suspens\u00e3o total mais leve e r\u00e1pida do mundo. 18,4% mais leve do que o seu concorrente mais pr\u00f3ximo e partilhando a geometria e cinem\u00e1tica da nossa bicicleta de montanha Epic 8 preparada para o Campeonato do Mundo, a nova Chisel proporciona um desempenho que pode sentir, quer esteja a correr \\\"entre as passadeiras\\\" ou a andar sozinho nos seus trilhos locais.\",\"breadcrumb\":{\"@id\":\"https:\/\/gr-100.com\/pt-pt\/producto\/quadro-specialized-chisel-2026\/#breadcrumb\"},\"inLanguage\":\"pt-PT\",\"potentialAction\":[{\"@type\":\"ReadAction\",\"target\":[\"https:\/\/gr-100.com\/pt-pt\/producto\/quadro-specialized-chisel-2026\/\"]}]},{\"@type\":\"ImageObject\",\"inLanguage\":\"pt-PT\",\"@id\":\"https:\/\/gr-100.com\/pt-pt\/producto\/quadro-specialized-chisel-2026\/#primaryimage\",\"url\":\"https:\/\/gr-100.com\/wp-content\/uploads\/2026\/01\/Diseno-sin-titulo-2026-01-08T132218.500.jpg\",\"contentUrl\":\"https:\/\/gr-100.com\/wp-content\/uploads\/2026\/01\/Diseno-sin-titulo-2026-01-08T132218.500.jpg\",\"width\":1000,\"height\":1000},{\"@type\":\"BreadcrumbList\",\"@id\":\"https:\/\/gr-100.com\/pt-pt\/producto\/quadro-specialized-chisel-2026\/#breadcrumb\",\"itemListElement\":[{\"@type\":\"ListItem\",\"position\":1,\"name\":\"Portada\",\"item\":\"https:\/\/gr-100.com\/en\/\"},{\"@type\":\"ListItem\",\"position\":2,\"name\":\"Productos\",\"item\":\"https:\/\/gr-100.com\/?post_type=product\"},{\"@type\":\"ListItem\",\"position\":3,\"name\":\"Quadro Specialized Chisel 2026\"}]},{\"@type\":\"WebSite\",\"@id\":\"https:\/\/gr-100.com\/#website\",\"url\":\"https:\/\/gr-100.com\/\",\"name\":\"Gr-100 Tienda de ciclismo Specialized\",\"description\":\"GR-100 tenemos todas las gamas de bicicletas Specialized al mejor precio.\",\"publisher\":{\"@id\":\"https:\/\/gr-100.com\/#organization\"},\"alternateName\":\"Gr-100 Bikes\",\"potentialAction\":[{\"@type\":\"SearchAction\",\"target\":{\"@type\":\"EntryPoint\",\"urlTemplate\":\"https:\/\/gr-100.com\/?s={search_term_string}\"},\"query-input\":{\"@type\":\"PropertyValueSpecification\",\"valueRequired\":true,\"valueName\":\"search_term_string\"}}],\"inLanguage\":\"pt-PT\"},{\"@type\":\"Organization\",\"@id\":\"https:\/\/gr-100.com\/#organization\",\"name\":\"Gr-100\",\"url\":\"https:\/\/gr-100.com\/\",\"logo\":{\"@type\":\"ImageObject\",\"inLanguage\":\"pt-PT\",\"@id\":\"https:\/\/gr-100.com\/#\/schema\/logo\/image\/\",\"url\":\"https:\/\/gr-100.com\/wp-content\/uploads\/2023\/08\/logo-gr-100-bikes.png\",\"contentUrl\":\"https:\/\/gr-100.com\/wp-content\/uploads\/2023\/08\/logo-gr-100-bikes.png\",\"width\":707,\"height\":284,\"caption\":\"Gr-100\"},\"image\":{\"@id\":\"https:\/\/gr-100.com\/#\/schema\/logo\/image\/\"},\"sameAs\":[\"https:\/\/www.facebook.com\/Gr100Bikes\",\"https:\/\/www.instagram.com\/gr100bikes\/\",\"https:\/\/www.tiktok.com\/@gr100bikes\",\"https:\/\/twitter.com\/gr100mtbteam\",\"https:\/\/www.youtube.com\/c\/GR100Specialized\"]}]}<\/script>\n<!-- \/ Yoast SEO Premium plugin. -->","yoast_head_json":{"title":"Quadro Specialized Chisel 2026 GR-100","description":"A moto de alum\u00ednio com suspens\u00e3o total mais leve e r\u00e1pida do mundo. 18,4% mais leve do que o seu concorrente mais pr\u00f3ximo e partilhando a geometria e cinem\u00e1tica da nossa bicicleta de montanha Epic 8 preparada para o Campeonato do Mundo, a nova Chisel proporciona um desempenho que pode sentir, quer esteja a correr \"entre as passadeiras\" ou a andar sozinho nos seus trilhos locais.","robots":{"index":"index","follow":"follow","max-snippet":"max-snippet:-1","max-image-preview":"max-image-preview:large","max-video-preview":"max-video-preview:-1"},"canonical":"https:\/\/gr-100.com\/pt-pt\/producto\/quadro-specialized-chisel-2026\/","og_locale":"pt_PT","og_type":"article","og_title":"Quadro Specialized Chisel 2026","og_description":"A moto de alum\u00ednio com suspens\u00e3o total mais leve e r\u00e1pida do mundo. 18,4% mais leve do que o seu concorrente mais pr\u00f3ximo e partilhando a geometria e cinem\u00e1tica da nossa bicicleta de montanha Epic 8 preparada para o Campeonato do Mundo, a nova Chisel proporciona um desempenho que pode sentir, quer esteja a correr \"entre as passadeiras\" ou a andar sozinho nos seus trilhos locais.","og_url":"https:\/\/gr-100.com\/pt-pt\/producto\/quadro-specialized-chisel-2026\/","og_site_name":"Gr-100 Tienda de ciclismo Specialized","article_publisher":"https:\/\/www.facebook.com\/Gr100Bikes","article_modified_time":"2026-02-09T10:33:46+00:00","og_image":[{"width":1000,"height":1000,"url":"https:\/\/gr-100.com\/wp-content\/uploads\/2026\/01\/Diseno-sin-titulo-2026-01-08T132218.500.jpg","type":"image\/jpeg"}],"twitter_card":"summary_large_image","twitter_misc":{"Tempo estimado de leitura":"2 minutos"},"schema":{"@context":"https:\/\/schema.org","@graph":[{"@type":"WebPage","@id":"https:\/\/gr-100.com\/pt-pt\/producto\/quadro-specialized-chisel-2026\/","url":"https:\/\/gr-100.com\/pt-pt\/producto\/quadro-specialized-chisel-2026\/","name":"Quadro Specialized Chisel 2026 GR-100","isPartOf":{"@id":"https:\/\/gr-100.com\/#website"},"primaryImageOfPage":{"@id":"https:\/\/gr-100.com\/pt-pt\/producto\/quadro-specialized-chisel-2026\/#primaryimage"},"image":{"@id":"https:\/\/gr-100.com\/pt-pt\/producto\/quadro-specialized-chisel-2026\/#primaryimage"},"thumbnailUrl":"https:\/\/gr-100.com\/wp-content\/uploads\/2026\/01\/Diseno-sin-titulo-2026-01-08T132218.500.jpg","datePublished":"2026-01-08T13:39:50+00:00","dateModified":"2026-02-09T10:33:46+00:00","description":"A moto de alum\u00ednio com suspens\u00e3o total mais leve e r\u00e1pida do mundo. 18,4% mais leve do que o seu concorrente mais pr\u00f3ximo e partilhando a geometria e cinem\u00e1tica da nossa bicicleta de montanha Epic 8 preparada para o Campeonato do Mundo, a nova Chisel proporciona um desempenho que pode sentir, quer esteja a correr \"entre as passadeiras\" ou a andar sozinho nos seus trilhos locais.","breadcrumb":{"@id":"https:\/\/gr-100.com\/pt-pt\/producto\/quadro-specialized-chisel-2026\/#breadcrumb"},"inLanguage":"pt-PT","potentialAction":[{"@type":"ReadAction","target":["https:\/\/gr-100.com\/pt-pt\/producto\/quadro-specialized-chisel-2026\/"]}]},{"@type":"ImageObject","inLanguage":"pt-PT","@id":"https:\/\/gr-100.com\/pt-pt\/producto\/quadro-specialized-chisel-2026\/#primaryimage","url":"https:\/\/gr-100.com\/wp-content\/uploads\/2026\/01\/Diseno-sin-titulo-2026-01-08T132218.500.jpg","contentUrl":"https:\/\/gr-100.com\/wp-content\/uploads\/2026\/01\/Diseno-sin-titulo-2026-01-08T132218.500.jpg","width":1000,"height":1000},{"@type":"BreadcrumbList","@id":"https:\/\/gr-100.com\/pt-pt\/producto\/quadro-specialized-chisel-2026\/#breadcrumb","itemListElement":[{"@type":"ListItem","position":1,"name":"Portada","item":"https:\/\/gr-100.com\/en\/"},{"@type":"ListItem","position":2,"name":"Productos","item":"https:\/\/gr-100.com\/?post_type=product"},{"@type":"ListItem","position":3,"name":"Quadro Specialized Chisel 2026"}]},{"@type":"WebSite","@id":"https:\/\/gr-100.com\/#website","url":"https:\/\/gr-100.com\/","name":"Gr-100 Tienda de ciclismo Specialized","description":"GR-100 tenemos todas las gamas de bicicletas Specialized al mejor precio.","publisher":{"@id":"https:\/\/gr-100.com\/#organization"},"alternateName":"Gr-100 Bikes","potentialAction":[{"@type":"SearchAction","target":{"@type":"EntryPoint","urlTemplate":"https:\/\/gr-100.com\/?s={search_term_string}"},"query-input":{"@type":"PropertyValueSpecification","valueRequired":true,"valueName":"search_term_string"}}],"inLanguage":"pt-PT"},{"@type":"Organization","@id":"https:\/\/gr-100.com\/#organization","name":"Gr-100","url":"https:\/\/gr-100.com\/","logo":{"@type":"ImageObject","inLanguage":"pt-PT","@id":"https:\/\/gr-100.com\/#\/schema\/logo\/image\/","url":"https:\/\/gr-100.com\/wp-content\/uploads\/2023\/08\/logo-gr-100-bikes.png","contentUrl":"https:\/\/gr-100.com\/wp-content\/uploads\/2023\/08\/logo-gr-100-bikes.png","width":707,"height":284,"caption":"Gr-100"},"image":{"@id":"https:\/\/gr-100.com\/#\/schema\/logo\/image\/"},"sameAs":["https:\/\/www.facebook.com\/Gr100Bikes","https:\/\/www.instagram.com\/gr100bikes\/","https:\/\/www.tiktok.com\/@gr100bikes","https:\/\/twitter.com\/gr100mtbteam","https:\/\/www.youtube.com\/c\/GR100Specialized"]}]}},"_links":{"self":[{"href":"https:\/\/gr-100.com\/pt-pt\/wp-json\/wp\/v2\/product\/426507","targetHints":{"allow":["GET"]}}],"collection":[{"href":"https:\/\/gr-100.com\/pt-pt\/wp-json\/wp\/v2\/product"}],"about":[{"href":"https:\/\/gr-100.com\/pt-pt\/wp-json\/wp\/v2\/types\/product"}],"replies":[{"embeddable":true,"href":"https:\/\/gr-100.com\/pt-pt\/wp-json\/wp\/v2\/comments?post=426507"}],"wp:featuredmedia":[{"embeddable":true,"href":"https:\/\/gr-100.com\/pt-pt\/wp-json\/wp\/v2\/media\/426488"}],"wp:attachment":[{"href":"https:\/\/gr-100.com\/pt-pt\/wp-json\/wp\/v2\/media?parent=426507"}],"wp:term":[{"taxonomy":"product_brand","embeddable":true,"href":"https:\/\/gr-100.com\/pt-pt\/wp-json\/wp\/v2\/product_brand?post=426507"},{"taxonomy":"product_cat","embeddable":true,"href":"https:\/\/gr-100.com\/pt-pt\/wp-json\/wp\/v2\/product_cat?post=426507"},{"taxonomy":"product_tag","embeddable":true,"href":"https:\/\/gr-100.com\/pt-pt\/wp-json\/wp\/v2\/product_tag?post=426507"}],"curies":[{"name":"wp","href":"https:\/\/api.w.org\/{rel}","templated":true}]}}