{"id":426657,"date":"2026-01-09T12:31:24","date_gmt":"2026-01-09T11:31:24","guid":{"rendered":"https:\/\/gr-100.com\/?post_type=product&#038;p=426657"},"modified":"2026-01-09T12:43:55","modified_gmt":"2026-01-09T10:43:55","slug":"roval-rapide-sprint-clx-2027-white-black-copia","status":"publish","type":"product","link":"https:\/\/gr-100.com\/pt-pt\/producto\/roval-rapide-sprint-clx-2027-white-black-copia\/","title":{"rendered":"Roval Rapide Sprint CLX 2027 White\/Black (copia)"},"content":{"rendered":"<ul>\n<li>Especifica\u00e7\u00f5es t\u00e9cnicas<\/li>\n<li>Jantes<br \/>\nTama\u00f1o de Rueda \/ETRTO<br \/>\n622 \u00d7 21 (700c)<br \/>\nCompatibilidad con Tubeless<br \/>\nYes<br \/>\nCompatibilidad con Mousse<br \/>\nYes<br \/>\nCompatibilidad con Frenos<br \/>\nDisc (Centerlock)<br \/>\nConstrucci\u00f3n del Aro<br \/>\nCarbon Clincher Hooked<br \/>\nLongitud de V\u00e1lvula<br \/>\nRoval Tubeless Vlave, Alloy 80mm<br \/>\nN\u00famero de Radios<br \/>\nFront: 18H, Rear: 24H<br \/>\nAro Trasero<br \/>\nRapide Sprint CLX Carbon Clincher Rear, 700c (CR2375)<br \/>\nDimensiones del Aro Trasero<br \/>\nDepth: 58mm, External Width (at widest point): 34.4mm, Internal Width: 21mm, Bead Hook Width: (4.2)mm<br \/>\nAro Delantero<br \/>\nRapide Sprint CLX Carbon Clincher Front, 700c (CR2374)<br \/>\nDimensiones del Aro Delantero<br \/>\nDepth: 63mm, External Width (at widest point): 35mm, Internal Width: 21mm, Bead Hook Width: (4.3)mm<\/li>\n<li>Hubs<br \/>\nRear Hub<br \/>\nRoval Low Flange Road Hub, Center Lock, 12x142mm, (LF19-R)<br \/>\nRear Freehub Body<br \/>\nDT Swiss Ratchet EXP (36T ): Sram XD-R<br \/>\nRear Hub Bearing<br \/>\nDT Sinc Ceramic Bearings &#8211; DS:1526 (15 x 26 x 7 mm), NDS: 6802 (15 x 24 x 5 mm)<br \/>\nFront Hub<br \/>\nRoval Low Flange Road Hub, Center Lock, 12x100mm, 19mm OD End Caps Installed (LF18-F)<br \/>\nFront Hub Bearing<br \/>\nDT Sinc Ceramic Bearings &#8211; DS: 6802 (15 x 24 x 5 mm), NDS: 6802 (15 x 24 x 5 mm)<\/li>\n<li>Spokes &amp; nipples<br \/>\nNipples<br \/>\nArris MK4 Spoke Nipple Alloy, 6 mm<br \/>\nRear Spokes<br \/>\nRoval by Arris, Composite Aero Spoke with Ti End Pieces: T-head, 24qty, (DS: 267mm, NDS: 263mm)<br \/>\nRear Lacing Pattern<br \/>\nOne-Cross \/ Three-Cross (2:1), Not Tucked<br \/>\nFront Spokes<br \/>\nRoval by Arris, Composite Aero Spoke with Ti End Pieces: T-head, 18qty, (DS: 251mm, NDS: 261mm)<br \/>\nFront Lacing Pattern<br \/>\nTwo-Cross \/ Radial (2:1), Not Tucked<\/li>\n<li>Tire info<br \/>\nTubeless Tape Width<br \/>\n25mm<br \/>\nTire Type<br \/>\nClincher Tubeless and Clincher Tube Type<br \/>\nDesign Tire<br \/>\nRapidAir TLR, 28mm<br \/>\nApproved Tire Widths<br \/>\n24mm-38mm<br \/>\nMax Pressure<br \/>\nTubeless (110psi) Tubed (130psi), 36mm-38mm: Tubeless (60psi) Tubed (60psi)<\/li>\n<li>Weight<br \/>\nWheelset Weight<br \/>\n1395g (with valves and tape)<br \/>\nRear Weight<br \/>\n755g (with valves and tape)<br \/>\nFront Weight<br \/>\n640g (with valves and tape)<\/li>\n<li>General<br \/>\nWarranty<br \/>\nLimited Lifetime Warranty<br \/>\nAssembly Method<br \/>\nHand Built<br \/>\nWeight Limit<br \/>\n275 lbs. \/ 125 kg.<br \/>\nCertifications<br \/>\nISO 5775-2, UCI Approved<br \/>\nE-bike Approved<br \/>\nNo<br \/>\nExtras<br \/>\n4 Extra Spokes and Nipples, Roval Wheel Bag, Shimano HG 11\/12-Spd. Road Freehub &amp; end Caps (rear wheel only)  <\/li>\n<\/ul>\n","protected":false},"excerpt":{"rendered":"<p>Te presentamos las Roval Rapide CLX Sprint, dise\u00f1adas con un \u00fanico objetivo: llegar las primeras a la meta. El 90 % del rendimiento aerodin\u00e1mico proviene de la rueda delantera, por lo que hemos desarrollado una llanta de 63 mm que corta el viento como un cuchillo. La acompa\u00f1a una trasera de solo 58 mm con radios de carbono, lista para acelerar de forma fulminante cuando m\u00e1s lo necesitas. Pedalea a fondo con total confianza: gracias al gancho del tal\u00f3n FlatStop, se necesita un 39 % m\u00e1s de fuerza para pinchar, por lo que nada te detendr\u00e1 hasta la l\u00ednea de meta.   <\/p>\n","protected":false},"featured_media":426663,"comment_status":"open","ping_status":"closed","template":"","meta":{"_acf_changed":false,"_et_pb_use_builder":"","_et_pb_old_content":"","_et_gb_content_width":"","inline_featured_image":false},"product_brand":[],"product_cat":[379,387],"product_tag":[],"class_list":{"0":"post-426657","1":"product","2":"type-product","3":"status-publish","4":"has-post-thumbnail","6":"product_cat-componentes-pt-pt","7":"product_cat-rodas","8":"pa_tamanos-700c-front-pt-pt","9":"pa_tamanos-700c-rear-pt-pt","11":"first","12":"instock","13":"sale","14":"taxable","15":"shipping-taxable","16":"purchasable","17":"product-type-variable","18":"wvs-archive-product-wrapper"},"acf":[],"yoast_head":"<!-- This site is optimized with the Yoast SEO Premium plugin v26.7 (Yoast SEO v26.7) - https:\/\/yoast.com\/wordpress\/plugins\/seo\/ -->\n<title>Roval Rapide Sprint CLX 2027 White\/Black (copia) GR-100<\/title>\n<meta name=\"description\" content=\"Te presentamos las Roval Rapide CLX Sprint, dise\u00f1adas con un \u00fanico objetivo: llegar las primeras a la meta. El 90 % del rendimiento aerodin\u00e1mico proviene de la rueda delantera, por lo que hemos desarrollado una llanta de 63 mm que corta el viento como un cuchillo. La acompa\u00f1a una trasera de solo 58 mm con radios de carbono, lista para acelerar de forma fulminante cuando m\u00e1s lo necesitas. Pedalea a fondo con total confianza: gracias al gancho del tal\u00f3n FlatStop, se necesita un 39 % m\u00e1s de fuerza para pinchar, por lo que nada te detendr\u00e1 hasta la l\u00ednea de meta.\" \/>\n<meta name=\"robots\" content=\"index, follow, max-snippet:-1, max-image-preview:large, max-video-preview:-1\" \/>\n<link rel=\"canonical\" href=\"https:\/\/gr-100.com\/pt-pt\/producto\/roval-rapide-sprint-clx-2027-white-black-copia\/\" \/>\n<meta property=\"og:locale\" content=\"pt_PT\" \/>\n<meta property=\"og:type\" content=\"article\" \/>\n<meta property=\"og:title\" content=\"Roval Rapide Sprint CLX 2027 White\/Black (copia)\" \/>\n<meta property=\"og:description\" content=\"Te presentamos las Roval Rapide CLX Sprint, dise\u00f1adas con un \u00fanico objetivo: llegar las primeras a la meta. El 90 % del rendimiento aerodin\u00e1mico proviene de la rueda delantera, por lo que hemos desarrollado una llanta de 63 mm que corta el viento como un cuchillo. La acompa\u00f1a una trasera de solo 58 mm con radios de carbono, lista para acelerar de forma fulminante cuando m\u00e1s lo necesitas. Pedalea a fondo con total confianza: gracias al gancho del tal\u00f3n FlatStop, se necesita un 39 % m\u00e1s de fuerza para pinchar, por lo que nada te detendr\u00e1 hasta la l\u00ednea de meta.\" \/>\n<meta property=\"og:url\" content=\"https:\/\/gr-100.com\/pt-pt\/producto\/roval-rapide-sprint-clx-2027-white-black-copia\/\" \/>\n<meta property=\"og:site_name\" content=\"Gr-100 Tienda de ciclismo Specialized\" \/>\n<meta property=\"article:publisher\" content=\"https:\/\/www.facebook.com\/Gr100Bikes\" \/>\n<meta property=\"og:image\" content=\"https:\/\/gr-100.com\/wp-content\/uploads\/2026\/01\/Diseno-sin-titulo-2026-01-09T113320.841.jpg\" \/>\n\t<meta property=\"og:image:width\" content=\"1000\" \/>\n\t<meta property=\"og:image:height\" content=\"1000\" \/>\n\t<meta property=\"og:image:type\" content=\"image\/jpeg\" \/>\n<meta name=\"twitter:card\" content=\"summary_large_image\" \/>\n<meta name=\"twitter:label1\" content=\"Tempo estimado de leitura\" \/>\n\t<meta name=\"twitter:data1\" content=\"2 minutos\" \/>\n<script type=\"application\/ld+json\" class=\"yoast-schema-graph\">{\"@context\":\"https:\/\/schema.org\",\"@graph\":[{\"@type\":\"WebPage\",\"@id\":\"https:\/\/gr-100.com\/pt-pt\/producto\/roval-rapide-sprint-clx-2027-white-black-copia\/\",\"url\":\"https:\/\/gr-100.com\/pt-pt\/producto\/roval-rapide-sprint-clx-2027-white-black-copia\/\",\"name\":\"Roval Rapide Sprint CLX 2027 White\/Black (copia) GR-100\",\"isPartOf\":{\"@id\":\"https:\/\/gr-100.com\/#website\"},\"primaryImageOfPage\":{\"@id\":\"https:\/\/gr-100.com\/pt-pt\/producto\/roval-rapide-sprint-clx-2027-white-black-copia\/#primaryimage\"},\"image\":{\"@id\":\"https:\/\/gr-100.com\/pt-pt\/producto\/roval-rapide-sprint-clx-2027-white-black-copia\/#primaryimage\"},\"thumbnailUrl\":\"https:\/\/gr-100.com\/wp-content\/uploads\/2026\/01\/Diseno-sin-titulo-2026-01-09T113320.841.jpg\",\"datePublished\":\"2026-01-09T11:31:24+00:00\",\"description\":\"Te presentamos las Roval Rapide CLX Sprint, dise\u00f1adas con un \u00fanico objetivo: llegar las primeras a la meta. El 90 % del rendimiento aerodin\u00e1mico proviene de la rueda delantera, por lo que hemos desarrollado una llanta de 63 mm que corta el viento como un cuchillo. La acompa\u00f1a una trasera de solo 58 mm con radios de carbono, lista para acelerar de forma fulminante cuando m\u00e1s lo necesitas. Pedalea a fondo con total confianza: gracias al gancho del tal\u00f3n FlatStop, se necesita un 39 % m\u00e1s de fuerza para pinchar, por lo que nada te detendr\u00e1 hasta la l\u00ednea de meta.\",\"breadcrumb\":{\"@id\":\"https:\/\/gr-100.com\/pt-pt\/producto\/roval-rapide-sprint-clx-2027-white-black-copia\/#breadcrumb\"},\"inLanguage\":\"pt-PT\",\"potentialAction\":[{\"@type\":\"ReadAction\",\"target\":[\"https:\/\/gr-100.com\/pt-pt\/producto\/roval-rapide-sprint-clx-2027-white-black-copia\/\"]}]},{\"@type\":\"ImageObject\",\"inLanguage\":\"pt-PT\",\"@id\":\"https:\/\/gr-100.com\/pt-pt\/producto\/roval-rapide-sprint-clx-2027-white-black-copia\/#primaryimage\",\"url\":\"https:\/\/gr-100.com\/wp-content\/uploads\/2026\/01\/Diseno-sin-titulo-2026-01-09T113320.841.jpg\",\"contentUrl\":\"https:\/\/gr-100.com\/wp-content\/uploads\/2026\/01\/Diseno-sin-titulo-2026-01-09T113320.841.jpg\",\"width\":1000,\"height\":1000},{\"@type\":\"BreadcrumbList\",\"@id\":\"https:\/\/gr-100.com\/pt-pt\/producto\/roval-rapide-sprint-clx-2027-white-black-copia\/#breadcrumb\",\"itemListElement\":[{\"@type\":\"ListItem\",\"position\":1,\"name\":\"Portada\",\"item\":\"https:\/\/gr-100.com\/en\/\"},{\"@type\":\"ListItem\",\"position\":2,\"name\":\"Productos\",\"item\":\"https:\/\/gr-100.com\/?post_type=product\"},{\"@type\":\"ListItem\",\"position\":3,\"name\":\"Roval Rapide Sprint CLX 2027 White\/Black (copia)\"}]},{\"@type\":\"WebSite\",\"@id\":\"https:\/\/gr-100.com\/#website\",\"url\":\"https:\/\/gr-100.com\/\",\"name\":\"Gr-100 Tienda de ciclismo Specialized\",\"description\":\"GR-100 tenemos todas las gamas de bicicletas Specialized al mejor precio.\",\"publisher\":{\"@id\":\"https:\/\/gr-100.com\/#organization\"},\"alternateName\":\"Gr-100 Bikes\",\"potentialAction\":[{\"@type\":\"SearchAction\",\"target\":{\"@type\":\"EntryPoint\",\"urlTemplate\":\"https:\/\/gr-100.com\/?s={search_term_string}\"},\"query-input\":{\"@type\":\"PropertyValueSpecification\",\"valueRequired\":true,\"valueName\":\"search_term_string\"}}],\"inLanguage\":\"pt-PT\"},{\"@type\":\"Organization\",\"@id\":\"https:\/\/gr-100.com\/#organization\",\"name\":\"Gr-100\",\"url\":\"https:\/\/gr-100.com\/\",\"logo\":{\"@type\":\"ImageObject\",\"inLanguage\":\"pt-PT\",\"@id\":\"https:\/\/gr-100.com\/#\/schema\/logo\/image\/\",\"url\":\"https:\/\/gr-100.com\/wp-content\/uploads\/2023\/08\/logo-gr-100-bikes.png\",\"contentUrl\":\"https:\/\/gr-100.com\/wp-content\/uploads\/2023\/08\/logo-gr-100-bikes.png\",\"width\":707,\"height\":284,\"caption\":\"Gr-100\"},\"image\":{\"@id\":\"https:\/\/gr-100.com\/#\/schema\/logo\/image\/\"},\"sameAs\":[\"https:\/\/www.facebook.com\/Gr100Bikes\",\"https:\/\/www.instagram.com\/gr100bikes\/\",\"https:\/\/www.tiktok.com\/@gr100bikes\",\"https:\/\/twitter.com\/gr100mtbteam\",\"https:\/\/www.youtube.com\/c\/GR100Specialized\"]}]}<\/script>\n<!-- \/ Yoast SEO Premium plugin. -->","yoast_head_json":{"title":"Roval Rapide Sprint CLX 2027 White\/Black (copia) GR-100","description":"Te presentamos las Roval Rapide CLX Sprint, dise\u00f1adas con un \u00fanico objetivo: llegar las primeras a la meta. El 90 % del rendimiento aerodin\u00e1mico proviene de la rueda delantera, por lo que hemos desarrollado una llanta de 63 mm que corta el viento como un cuchillo. La acompa\u00f1a una trasera de solo 58 mm con radios de carbono, lista para acelerar de forma fulminante cuando m\u00e1s lo necesitas. Pedalea a fondo con total confianza: gracias al gancho del tal\u00f3n FlatStop, se necesita un 39 % m\u00e1s de fuerza para pinchar, por lo que nada te detendr\u00e1 hasta la l\u00ednea de meta.","robots":{"index":"index","follow":"follow","max-snippet":"max-snippet:-1","max-image-preview":"max-image-preview:large","max-video-preview":"max-video-preview:-1"},"canonical":"https:\/\/gr-100.com\/pt-pt\/producto\/roval-rapide-sprint-clx-2027-white-black-copia\/","og_locale":"pt_PT","og_type":"article","og_title":"Roval Rapide Sprint CLX 2027 White\/Black (copia)","og_description":"Te presentamos las Roval Rapide CLX Sprint, dise\u00f1adas con un \u00fanico objetivo: llegar las primeras a la meta. El 90 % del rendimiento aerodin\u00e1mico proviene de la rueda delantera, por lo que hemos desarrollado una llanta de 63 mm que corta el viento como un cuchillo. La acompa\u00f1a una trasera de solo 58 mm con radios de carbono, lista para acelerar de forma fulminante cuando m\u00e1s lo necesitas. Pedalea a fondo con total confianza: gracias al gancho del tal\u00f3n FlatStop, se necesita un 39 % m\u00e1s de fuerza para pinchar, por lo que nada te detendr\u00e1 hasta la l\u00ednea de meta.","og_url":"https:\/\/gr-100.com\/pt-pt\/producto\/roval-rapide-sprint-clx-2027-white-black-copia\/","og_site_name":"Gr-100 Tienda de ciclismo Specialized","article_publisher":"https:\/\/www.facebook.com\/Gr100Bikes","og_image":[{"width":1000,"height":1000,"url":"https:\/\/gr-100.com\/wp-content\/uploads\/2026\/01\/Diseno-sin-titulo-2026-01-09T113320.841.jpg","type":"image\/jpeg"}],"twitter_card":"summary_large_image","twitter_misc":{"Tempo estimado de leitura":"2 minutos"},"schema":{"@context":"https:\/\/schema.org","@graph":[{"@type":"WebPage","@id":"https:\/\/gr-100.com\/pt-pt\/producto\/roval-rapide-sprint-clx-2027-white-black-copia\/","url":"https:\/\/gr-100.com\/pt-pt\/producto\/roval-rapide-sprint-clx-2027-white-black-copia\/","name":"Roval Rapide Sprint CLX 2027 White\/Black (copia) GR-100","isPartOf":{"@id":"https:\/\/gr-100.com\/#website"},"primaryImageOfPage":{"@id":"https:\/\/gr-100.com\/pt-pt\/producto\/roval-rapide-sprint-clx-2027-white-black-copia\/#primaryimage"},"image":{"@id":"https:\/\/gr-100.com\/pt-pt\/producto\/roval-rapide-sprint-clx-2027-white-black-copia\/#primaryimage"},"thumbnailUrl":"https:\/\/gr-100.com\/wp-content\/uploads\/2026\/01\/Diseno-sin-titulo-2026-01-09T113320.841.jpg","datePublished":"2026-01-09T11:31:24+00:00","description":"Te presentamos las Roval Rapide CLX Sprint, dise\u00f1adas con un \u00fanico objetivo: llegar las primeras a la meta. El 90 % del rendimiento aerodin\u00e1mico proviene de la rueda delantera, por lo que hemos desarrollado una llanta de 63 mm que corta el viento como un cuchillo. La acompa\u00f1a una trasera de solo 58 mm con radios de carbono, lista para acelerar de forma fulminante cuando m\u00e1s lo necesitas. Pedalea a fondo con total confianza: gracias al gancho del tal\u00f3n FlatStop, se necesita un 39 % m\u00e1s de fuerza para pinchar, por lo que nada te detendr\u00e1 hasta la l\u00ednea de meta.","breadcrumb":{"@id":"https:\/\/gr-100.com\/pt-pt\/producto\/roval-rapide-sprint-clx-2027-white-black-copia\/#breadcrumb"},"inLanguage":"pt-PT","potentialAction":[{"@type":"ReadAction","target":["https:\/\/gr-100.com\/pt-pt\/producto\/roval-rapide-sprint-clx-2027-white-black-copia\/"]}]},{"@type":"ImageObject","inLanguage":"pt-PT","@id":"https:\/\/gr-100.com\/pt-pt\/producto\/roval-rapide-sprint-clx-2027-white-black-copia\/#primaryimage","url":"https:\/\/gr-100.com\/wp-content\/uploads\/2026\/01\/Diseno-sin-titulo-2026-01-09T113320.841.jpg","contentUrl":"https:\/\/gr-100.com\/wp-content\/uploads\/2026\/01\/Diseno-sin-titulo-2026-01-09T113320.841.jpg","width":1000,"height":1000},{"@type":"BreadcrumbList","@id":"https:\/\/gr-100.com\/pt-pt\/producto\/roval-rapide-sprint-clx-2027-white-black-copia\/#breadcrumb","itemListElement":[{"@type":"ListItem","position":1,"name":"Portada","item":"https:\/\/gr-100.com\/en\/"},{"@type":"ListItem","position":2,"name":"Productos","item":"https:\/\/gr-100.com\/?post_type=product"},{"@type":"ListItem","position":3,"name":"Roval Rapide Sprint CLX 2027 White\/Black (copia)"}]},{"@type":"WebSite","@id":"https:\/\/gr-100.com\/#website","url":"https:\/\/gr-100.com\/","name":"Gr-100 Tienda de ciclismo Specialized","description":"GR-100 tenemos todas las gamas de bicicletas Specialized al mejor precio.","publisher":{"@id":"https:\/\/gr-100.com\/#organization"},"alternateName":"Gr-100 Bikes","potentialAction":[{"@type":"SearchAction","target":{"@type":"EntryPoint","urlTemplate":"https:\/\/gr-100.com\/?s={search_term_string}"},"query-input":{"@type":"PropertyValueSpecification","valueRequired":true,"valueName":"search_term_string"}}],"inLanguage":"pt-PT"},{"@type":"Organization","@id":"https:\/\/gr-100.com\/#organization","name":"Gr-100","url":"https:\/\/gr-100.com\/","logo":{"@type":"ImageObject","inLanguage":"pt-PT","@id":"https:\/\/gr-100.com\/#\/schema\/logo\/image\/","url":"https:\/\/gr-100.com\/wp-content\/uploads\/2023\/08\/logo-gr-100-bikes.png","contentUrl":"https:\/\/gr-100.com\/wp-content\/uploads\/2023\/08\/logo-gr-100-bikes.png","width":707,"height":284,"caption":"Gr-100"},"image":{"@id":"https:\/\/gr-100.com\/#\/schema\/logo\/image\/"},"sameAs":["https:\/\/www.facebook.com\/Gr100Bikes","https:\/\/www.instagram.com\/gr100bikes\/","https:\/\/www.tiktok.com\/@gr100bikes","https:\/\/twitter.com\/gr100mtbteam","https:\/\/www.youtube.com\/c\/GR100Specialized"]}]}},"_links":{"self":[{"href":"https:\/\/gr-100.com\/pt-pt\/wp-json\/wp\/v2\/product\/426657","targetHints":{"allow":["GET"]}}],"collection":[{"href":"https:\/\/gr-100.com\/pt-pt\/wp-json\/wp\/v2\/product"}],"about":[{"href":"https:\/\/gr-100.com\/pt-pt\/wp-json\/wp\/v2\/types\/product"}],"replies":[{"embeddable":true,"href":"https:\/\/gr-100.com\/pt-pt\/wp-json\/wp\/v2\/comments?post=426657"}],"wp:featuredmedia":[{"embeddable":true,"href":"https:\/\/gr-100.com\/pt-pt\/wp-json\/wp\/v2\/media\/426663"}],"wp:attachment":[{"href":"https:\/\/gr-100.com\/pt-pt\/wp-json\/wp\/v2\/media?parent=426657"}],"wp:term":[{"taxonomy":"product_brand","embeddable":true,"href":"https:\/\/gr-100.com\/pt-pt\/wp-json\/wp\/v2\/product_brand?post=426657"},{"taxonomy":"product_cat","embeddable":true,"href":"https:\/\/gr-100.com\/pt-pt\/wp-json\/wp\/v2\/product_cat?post=426657"},{"taxonomy":"product_tag","embeddable":true,"href":"https:\/\/gr-100.com\/pt-pt\/wp-json\/wp\/v2\/product_tag?post=426657"}],"curies":[{"name":"wp","href":"https:\/\/api.w.org\/{rel}","templated":true}]}}