{"id":426708,"date":"2026-01-09T13:16:38","date_gmt":"2026-01-09T12:16:38","guid":{"rendered":"https:\/\/gr-100.com\/?post_type=product&#038;p=426708"},"modified":"2026-01-09T13:16:39","modified_gmt":"2026-01-09T11:16:39","slug":"roval-control-sl-vi-solix-2027-delantera","status":"publish","type":"product","link":"https:\/\/gr-100.com\/pt-pt\/producto\/roval-control-sl-vi-solix-2027-delantera\/","title":{"rendered":"Roval Control SL VI Solix 2027 Delantera"},"content":{"rendered":"<ul>\n<li>Especifica\u00e7\u00f5es t\u00e9cnicas<\/li>\n<li>Jantes<br \/>\nTama\u00f1o de Rueda \/ETRTO<br \/>\n29&#8243;\/622mm<br \/>\nCompatibilidad con Tubeless<br \/>\nYes<br \/>\nCompatibilidad con Mousse<br \/>\nYes<br \/>\nCompatibilidad con Frenos<br \/>\nDisc (Centerlock)<br \/>\nConstrucci\u00f3n del Aro<br \/>\nCarbon Clincher Hookless<br \/>\nLongitud de V\u00e1lvula<br \/>\n40mm Presta<br \/>\nN\u00famero de Radios<br \/>\nFront: 24H, Rear: 24H<br \/>\nDimensiones del Aro Delantero<br \/>\nDepth: 25mm, External Width: 37mm, Internal Width: 29mm, Bead Hook Width: 4mm<br \/>\nAro Delantero<br \/>\nControl SL VI Asymmetric Carbon 29&#8243; (WC033-4)<\/li>\n<li>Hubs<br \/>\nFront Hub<br \/>\nIndustry Nine Solix Straightpull, Center Lock, 15x110mm, 19mm OD End Caps Installed<br \/>\nFront Hub Bearing<br \/>\nStainless Steel &#8211; DS: 17287 (17 x 28 x 7mm), NDS: 17287 (17 x 28 x 7mm)<\/li>\n<li>Spokes &amp; nipples<br \/>\nNipples<br \/>\nVONOA Internal Carbon Spoke Nipple, Alloy, 8.1mm<br \/>\nFront Spokes<br \/>\nCustom Tuned for Roval, Vonoa Carbon w\/Ti End Pcs: Straigh-Pull, 24qty<br \/>\nFront Lacing Pattern<br \/>\nTwo-cross \/ Two-cross (1:1) Not Tucked<\/li>\n<li>Tire info<br \/>\nTubeless Tape Width<br \/>\n30mm<br \/>\nTire Type<br \/>\nTubeless, Tube Type Clincher<br \/>\nDesign Tire<br \/>\nFast Trak Grid Lite T5\/T7 TLR XC<br \/>\nMax Pressure<br \/>\nTubeless 40 psi, Tubes 40 psi<br \/>\nApproved Tire Widths<br \/>\n1.9-2.6&#8243;<\/li>\n<li>Weight<br \/>\nWheelset Weight<br \/>\n1275g (with tape and valves)<br \/>\nFront Weight<br \/>\n585g (with tape and valves)<\/li>\n<li>General<br \/>\nWarranty<br \/>\nLimited Lifetime Warranty<br \/>\nAssembly Method<br \/>\nHand Built<br \/>\nWeight Limit<br \/>\n275 lbs. \/ 125 kg.<br \/>\nE-bike Approved<br \/>\nYes, SL style systems or max 350W<br \/>\nExtras<br \/>\nRoval Single Wheel Bag, 4 Extra Spokes and Nipples, 31mm OD End Caps, 2 sets of Roval Decal Stickers (Liquid Silver, Metallic White) <\/li>\n<\/ul>\n","protected":false},"excerpt":{"rendered":"<p>Las nuevas Control SL VI Solix combinan una velocidad propia de la Copa del Mundo con la exigente resistencia que se espera de unas ruedas de trail. Con solo 1275 g, estas ruedas suben como un cohete. Su laminado de carbono est\u00e1 optimizado para ofrecer m\u00e1s tracci\u00f3n y la llanta trasera est\u00e1 reforzada para resistir mejor los impactos.  <\/p>\n","protected":false},"featured_media":426694,"comment_status":"open","ping_status":"closed","template":"","meta":{"_acf_changed":false,"_et_pb_use_builder":"","_et_pb_old_content":"","_et_gb_content_width":"","inline_featured_image":false},"product_brand":[],"product_cat":[379,387],"product_tag":[],"class_list":{"0":"post-426708","1":"product","2":"type-product","3":"status-publish","4":"has-post-thumbnail","6":"product_cat-componentes-pt-pt","7":"product_cat-rodas","9":"first","10":"instock","11":"taxable","12":"shipping-taxable","13":"purchasable","14":"product-type-simple"},"acf":[],"yoast_head":"<!-- This site is optimized with the Yoast SEO Premium plugin v26.7 (Yoast SEO v26.7) - https:\/\/yoast.com\/wordpress\/plugins\/seo\/ -->\n<title>Roval Control SL VI Solix 2027 Delantera GR-100<\/title>\n<meta name=\"description\" content=\"Las nuevas Control SL VI Solix combinan una velocidad propia de la Copa del Mundo con la exigente resistencia que se espera de unas ruedas de trail. Con solo 1275 g, estas ruedas suben como un cohete. Su laminado de carbono est\u00e1 optimizado para ofrecer m\u00e1s tracci\u00f3n y la llanta trasera est\u00e1 reforzada para resistir mejor los impactos.\" \/>\n<meta name=\"robots\" content=\"index, follow, max-snippet:-1, max-image-preview:large, max-video-preview:-1\" \/>\n<link rel=\"canonical\" href=\"https:\/\/gr-100.com\/pt-pt\/producto\/roval-control-sl-vi-solix-2027-delantera\/\" \/>\n<meta property=\"og:locale\" content=\"pt_PT\" \/>\n<meta property=\"og:type\" content=\"article\" \/>\n<meta property=\"og:title\" content=\"Roval Control SL VI Solix 2027 Delantera\" \/>\n<meta property=\"og:description\" content=\"Las nuevas Control SL VI Solix combinan una velocidad propia de la Copa del Mundo con la exigente resistencia que se espera de unas ruedas de trail. Con solo 1275 g, estas ruedas suben como un cohete. Su laminado de carbono est\u00e1 optimizado para ofrecer m\u00e1s tracci\u00f3n y la llanta trasera est\u00e1 reforzada para resistir mejor los impactos.\" \/>\n<meta property=\"og:url\" content=\"https:\/\/gr-100.com\/pt-pt\/producto\/roval-control-sl-vi-solix-2027-delantera\/\" \/>\n<meta property=\"og:site_name\" content=\"Gr-100 Tienda de ciclismo Specialized\" \/>\n<meta property=\"article:publisher\" content=\"https:\/\/www.facebook.com\/Gr100Bikes\" \/>\n<meta property=\"og:image\" content=\"https:\/\/gr-100.com\/wp-content\/uploads\/2026\/01\/Diseno-sin-titulo-2026-01-09T120116.083.jpg\" \/>\n\t<meta property=\"og:image:width\" content=\"1000\" \/>\n\t<meta property=\"og:image:height\" content=\"1000\" \/>\n\t<meta property=\"og:image:type\" content=\"image\/jpeg\" \/>\n<meta name=\"twitter:card\" content=\"summary_large_image\" \/>\n<meta name=\"twitter:label1\" content=\"Tempo estimado de leitura\" \/>\n\t<meta name=\"twitter:data1\" content=\"1 minuto\" \/>\n<script type=\"application\/ld+json\" class=\"yoast-schema-graph\">{\"@context\":\"https:\/\/schema.org\",\"@graph\":[{\"@type\":\"WebPage\",\"@id\":\"https:\/\/gr-100.com\/pt-pt\/producto\/roval-control-sl-vi-solix-2027-delantera\/\",\"url\":\"https:\/\/gr-100.com\/pt-pt\/producto\/roval-control-sl-vi-solix-2027-delantera\/\",\"name\":\"Roval Control SL VI Solix 2027 Delantera GR-100\",\"isPartOf\":{\"@id\":\"https:\/\/gr-100.com\/#website\"},\"primaryImageOfPage\":{\"@id\":\"https:\/\/gr-100.com\/pt-pt\/producto\/roval-control-sl-vi-solix-2027-delantera\/#primaryimage\"},\"image\":{\"@id\":\"https:\/\/gr-100.com\/pt-pt\/producto\/roval-control-sl-vi-solix-2027-delantera\/#primaryimage\"},\"thumbnailUrl\":\"https:\/\/gr-100.com\/wp-content\/uploads\/2026\/01\/Diseno-sin-titulo-2026-01-09T120116.083.jpg\",\"datePublished\":\"2026-01-09T12:16:38+00:00\",\"description\":\"Las nuevas Control SL VI Solix combinan una velocidad propia de la Copa del Mundo con la exigente resistencia que se espera de unas ruedas de trail. Con solo 1275 g, estas ruedas suben como un cohete. Su laminado de carbono est\u00e1 optimizado para ofrecer m\u00e1s tracci\u00f3n y la llanta trasera est\u00e1 reforzada para resistir mejor los impactos.\",\"breadcrumb\":{\"@id\":\"https:\/\/gr-100.com\/pt-pt\/producto\/roval-control-sl-vi-solix-2027-delantera\/#breadcrumb\"},\"inLanguage\":\"pt-PT\",\"potentialAction\":[{\"@type\":\"ReadAction\",\"target\":[\"https:\/\/gr-100.com\/pt-pt\/producto\/roval-control-sl-vi-solix-2027-delantera\/\"]}]},{\"@type\":\"ImageObject\",\"inLanguage\":\"pt-PT\",\"@id\":\"https:\/\/gr-100.com\/pt-pt\/producto\/roval-control-sl-vi-solix-2027-delantera\/#primaryimage\",\"url\":\"https:\/\/gr-100.com\/wp-content\/uploads\/2026\/01\/Diseno-sin-titulo-2026-01-09T120116.083.jpg\",\"contentUrl\":\"https:\/\/gr-100.com\/wp-content\/uploads\/2026\/01\/Diseno-sin-titulo-2026-01-09T120116.083.jpg\",\"width\":1000,\"height\":1000},{\"@type\":\"BreadcrumbList\",\"@id\":\"https:\/\/gr-100.com\/pt-pt\/producto\/roval-control-sl-vi-solix-2027-delantera\/#breadcrumb\",\"itemListElement\":[{\"@type\":\"ListItem\",\"position\":1,\"name\":\"Portada\",\"item\":\"https:\/\/gr-100.com\/en\/\"},{\"@type\":\"ListItem\",\"position\":2,\"name\":\"Productos\",\"item\":\"https:\/\/gr-100.com\/?post_type=product\"},{\"@type\":\"ListItem\",\"position\":3,\"name\":\"Roval Control SL VI Solix 2027 Delantera\"}]},{\"@type\":\"WebSite\",\"@id\":\"https:\/\/gr-100.com\/#website\",\"url\":\"https:\/\/gr-100.com\/\",\"name\":\"Gr-100 Tienda de ciclismo Specialized\",\"description\":\"GR-100 tenemos todas las gamas de bicicletas Specialized al mejor precio.\",\"publisher\":{\"@id\":\"https:\/\/gr-100.com\/#organization\"},\"alternateName\":\"Gr-100 Bikes\",\"potentialAction\":[{\"@type\":\"SearchAction\",\"target\":{\"@type\":\"EntryPoint\",\"urlTemplate\":\"https:\/\/gr-100.com\/?s={search_term_string}\"},\"query-input\":{\"@type\":\"PropertyValueSpecification\",\"valueRequired\":true,\"valueName\":\"search_term_string\"}}],\"inLanguage\":\"pt-PT\"},{\"@type\":\"Organization\",\"@id\":\"https:\/\/gr-100.com\/#organization\",\"name\":\"Gr-100\",\"url\":\"https:\/\/gr-100.com\/\",\"logo\":{\"@type\":\"ImageObject\",\"inLanguage\":\"pt-PT\",\"@id\":\"https:\/\/gr-100.com\/#\/schema\/logo\/image\/\",\"url\":\"https:\/\/gr-100.com\/wp-content\/uploads\/2023\/08\/logo-gr-100-bikes.png\",\"contentUrl\":\"https:\/\/gr-100.com\/wp-content\/uploads\/2023\/08\/logo-gr-100-bikes.png\",\"width\":707,\"height\":284,\"caption\":\"Gr-100\"},\"image\":{\"@id\":\"https:\/\/gr-100.com\/#\/schema\/logo\/image\/\"},\"sameAs\":[\"https:\/\/www.facebook.com\/Gr100Bikes\",\"https:\/\/www.instagram.com\/gr100bikes\/\",\"https:\/\/www.tiktok.com\/@gr100bikes\",\"https:\/\/twitter.com\/gr100mtbteam\",\"https:\/\/www.youtube.com\/c\/GR100Specialized\"]}]}<\/script>\n<!-- \/ Yoast SEO Premium plugin. -->","yoast_head_json":{"title":"Roval Control SL VI Solix 2027 Delantera GR-100","description":"Las nuevas Control SL VI Solix combinan una velocidad propia de la Copa del Mundo con la exigente resistencia que se espera de unas ruedas de trail. Con solo 1275 g, estas ruedas suben como un cohete. Su laminado de carbono est\u00e1 optimizado para ofrecer m\u00e1s tracci\u00f3n y la llanta trasera est\u00e1 reforzada para resistir mejor los impactos.","robots":{"index":"index","follow":"follow","max-snippet":"max-snippet:-1","max-image-preview":"max-image-preview:large","max-video-preview":"max-video-preview:-1"},"canonical":"https:\/\/gr-100.com\/pt-pt\/producto\/roval-control-sl-vi-solix-2027-delantera\/","og_locale":"pt_PT","og_type":"article","og_title":"Roval Control SL VI Solix 2027 Delantera","og_description":"Las nuevas Control SL VI Solix combinan una velocidad propia de la Copa del Mundo con la exigente resistencia que se espera de unas ruedas de trail. Con solo 1275 g, estas ruedas suben como un cohete. Su laminado de carbono est\u00e1 optimizado para ofrecer m\u00e1s tracci\u00f3n y la llanta trasera est\u00e1 reforzada para resistir mejor los impactos.","og_url":"https:\/\/gr-100.com\/pt-pt\/producto\/roval-control-sl-vi-solix-2027-delantera\/","og_site_name":"Gr-100 Tienda de ciclismo Specialized","article_publisher":"https:\/\/www.facebook.com\/Gr100Bikes","og_image":[{"width":1000,"height":1000,"url":"https:\/\/gr-100.com\/wp-content\/uploads\/2026\/01\/Diseno-sin-titulo-2026-01-09T120116.083.jpg","type":"image\/jpeg"}],"twitter_card":"summary_large_image","twitter_misc":{"Tempo estimado de leitura":"1 minuto"},"schema":{"@context":"https:\/\/schema.org","@graph":[{"@type":"WebPage","@id":"https:\/\/gr-100.com\/pt-pt\/producto\/roval-control-sl-vi-solix-2027-delantera\/","url":"https:\/\/gr-100.com\/pt-pt\/producto\/roval-control-sl-vi-solix-2027-delantera\/","name":"Roval Control SL VI Solix 2027 Delantera GR-100","isPartOf":{"@id":"https:\/\/gr-100.com\/#website"},"primaryImageOfPage":{"@id":"https:\/\/gr-100.com\/pt-pt\/producto\/roval-control-sl-vi-solix-2027-delantera\/#primaryimage"},"image":{"@id":"https:\/\/gr-100.com\/pt-pt\/producto\/roval-control-sl-vi-solix-2027-delantera\/#primaryimage"},"thumbnailUrl":"https:\/\/gr-100.com\/wp-content\/uploads\/2026\/01\/Diseno-sin-titulo-2026-01-09T120116.083.jpg","datePublished":"2026-01-09T12:16:38+00:00","description":"Las nuevas Control SL VI Solix combinan una velocidad propia de la Copa del Mundo con la exigente resistencia que se espera de unas ruedas de trail. Con solo 1275 g, estas ruedas suben como un cohete. Su laminado de carbono est\u00e1 optimizado para ofrecer m\u00e1s tracci\u00f3n y la llanta trasera est\u00e1 reforzada para resistir mejor los impactos.","breadcrumb":{"@id":"https:\/\/gr-100.com\/pt-pt\/producto\/roval-control-sl-vi-solix-2027-delantera\/#breadcrumb"},"inLanguage":"pt-PT","potentialAction":[{"@type":"ReadAction","target":["https:\/\/gr-100.com\/pt-pt\/producto\/roval-control-sl-vi-solix-2027-delantera\/"]}]},{"@type":"ImageObject","inLanguage":"pt-PT","@id":"https:\/\/gr-100.com\/pt-pt\/producto\/roval-control-sl-vi-solix-2027-delantera\/#primaryimage","url":"https:\/\/gr-100.com\/wp-content\/uploads\/2026\/01\/Diseno-sin-titulo-2026-01-09T120116.083.jpg","contentUrl":"https:\/\/gr-100.com\/wp-content\/uploads\/2026\/01\/Diseno-sin-titulo-2026-01-09T120116.083.jpg","width":1000,"height":1000},{"@type":"BreadcrumbList","@id":"https:\/\/gr-100.com\/pt-pt\/producto\/roval-control-sl-vi-solix-2027-delantera\/#breadcrumb","itemListElement":[{"@type":"ListItem","position":1,"name":"Portada","item":"https:\/\/gr-100.com\/en\/"},{"@type":"ListItem","position":2,"name":"Productos","item":"https:\/\/gr-100.com\/?post_type=product"},{"@type":"ListItem","position":3,"name":"Roval Control SL VI Solix 2027 Delantera"}]},{"@type":"WebSite","@id":"https:\/\/gr-100.com\/#website","url":"https:\/\/gr-100.com\/","name":"Gr-100 Tienda de ciclismo Specialized","description":"GR-100 tenemos todas las gamas de bicicletas Specialized al mejor precio.","publisher":{"@id":"https:\/\/gr-100.com\/#organization"},"alternateName":"Gr-100 Bikes","potentialAction":[{"@type":"SearchAction","target":{"@type":"EntryPoint","urlTemplate":"https:\/\/gr-100.com\/?s={search_term_string}"},"query-input":{"@type":"PropertyValueSpecification","valueRequired":true,"valueName":"search_term_string"}}],"inLanguage":"pt-PT"},{"@type":"Organization","@id":"https:\/\/gr-100.com\/#organization","name":"Gr-100","url":"https:\/\/gr-100.com\/","logo":{"@type":"ImageObject","inLanguage":"pt-PT","@id":"https:\/\/gr-100.com\/#\/schema\/logo\/image\/","url":"https:\/\/gr-100.com\/wp-content\/uploads\/2023\/08\/logo-gr-100-bikes.png","contentUrl":"https:\/\/gr-100.com\/wp-content\/uploads\/2023\/08\/logo-gr-100-bikes.png","width":707,"height":284,"caption":"Gr-100"},"image":{"@id":"https:\/\/gr-100.com\/#\/schema\/logo\/image\/"},"sameAs":["https:\/\/www.facebook.com\/Gr100Bikes","https:\/\/www.instagram.com\/gr100bikes\/","https:\/\/www.tiktok.com\/@gr100bikes","https:\/\/twitter.com\/gr100mtbteam","https:\/\/www.youtube.com\/c\/GR100Specialized"]}]}},"_links":{"self":[{"href":"https:\/\/gr-100.com\/pt-pt\/wp-json\/wp\/v2\/product\/426708","targetHints":{"allow":["GET"]}}],"collection":[{"href":"https:\/\/gr-100.com\/pt-pt\/wp-json\/wp\/v2\/product"}],"about":[{"href":"https:\/\/gr-100.com\/pt-pt\/wp-json\/wp\/v2\/types\/product"}],"replies":[{"embeddable":true,"href":"https:\/\/gr-100.com\/pt-pt\/wp-json\/wp\/v2\/comments?post=426708"}],"wp:featuredmedia":[{"embeddable":true,"href":"https:\/\/gr-100.com\/pt-pt\/wp-json\/wp\/v2\/media\/426694"}],"wp:attachment":[{"href":"https:\/\/gr-100.com\/pt-pt\/wp-json\/wp\/v2\/media?parent=426708"}],"wp:term":[{"taxonomy":"product_brand","embeddable":true,"href":"https:\/\/gr-100.com\/pt-pt\/wp-json\/wp\/v2\/product_brand?post=426708"},{"taxonomy":"product_cat","embeddable":true,"href":"https:\/\/gr-100.com\/pt-pt\/wp-json\/wp\/v2\/product_cat?post=426708"},{"taxonomy":"product_tag","embeddable":true,"href":"https:\/\/gr-100.com\/pt-pt\/wp-json\/wp\/v2\/product_tag?post=426708"}],"curies":[{"name":"wp","href":"https:\/\/api.w.org\/{rel}","templated":true}]}}