{"id":426711,"date":"2026-01-09T13:17:13","date_gmt":"2026-01-09T12:17:13","guid":{"rendered":"https:\/\/gr-100.com\/?post_type=product&#038;p=426711"},"modified":"2026-01-19T14:38:04","modified_gmt":"2026-01-19T12:38:04","slug":"roval-control-sl-vi-solix-2027-delantera-copia","status":"publish","type":"product","link":"https:\/\/gr-100.com\/pt-pt\/producto\/roval-control-sl-vi-solix-2027-delantera-copia\/","title":{"rendered":"Roval Control SL VI Solix 2027 Traseira"},"content":{"rendered":"<ul>\n<li>Especifica\u00e7\u00f5es t\u00e9cnicas<\/li>\n<li>Jantes<br \/>\nTama\u00f1o de Rueda \/ETRTO<br \/>\n29&#8243;\/622mm<br \/>\nCompatibilidad con Tubeless<br \/>\nYes<br \/>\nCompatibilidad con Mousse<br \/>\nYes<br \/>\nCompatibilidad con Frenos<br \/>\nDisc (Centerlock)<br \/>\nConstrucci\u00f3n del Aro<br \/>\nCarbon Clincher Hookless<br \/>\nLongitud de V\u00e1lvula<br \/>\n40mm Presta<br \/>\nN\u00famero de Radios<br \/>\nDimensiones del Aro Trasero<br \/>\nDepth: 25mm, External Width: 37mm, Internal Width: 29mm, Bead Hook Width: 4mm<br \/>\nAro Trasero<br \/>\nControl SL VI Asymmetric Carbon 29&#8243; (WC033-4)<\/li>\n<li>Cubos<br \/>\nCubo traseiro<br \/>\nIndustry Nine Solix Straightpull, Center Lock, 12x148mm<br \/>\nCorpo do cubo livre traseiro<br \/>\nIndustry Nine Solix SRAM XD<br \/>\nRolamento do cubo traseiro<br \/>\nA\u00e7o inoxid\u00e1vel &#8211; DS: 6902 (15 x 28 x 7 mm), NDS: 6902 (15 x 28 x 7 mm)<\/li>\n<li>Raios e ponteiras<br \/>\nPonteiras<br \/>\nPonteira interna de raio de carbono VONOA, liga, 8,1 mm<br \/>\nRaios traseiros<br \/>\nPersonalizados para Roval, carbono Vonoa com extremidades Ti: Straigh-Pull, 24 unidades<br \/>\nPadr\u00e3o de cord\u00f5es traseiros<br \/>\nBicross \/ Bicross (1:1) N\u00e3o dobrado<\/li>\n<li>Tire info<br \/>\nTubeless Tape Width<br \/>\n30mm<br \/>\nTire Type<br \/>\nTubeless, Tube Type Clincher<br \/>\nDesign Tire<br \/>\nFast Trak Grid Lite T5\/T7 TLR XC<br \/>\nMax Pressure<br \/>\nTubeless 40 psi, Tubes 40 psi<br \/>\nApproved Tire Widths<br \/>\n1.9-2.6&#8243;<\/li>\n<li>Peso<br \/>\nPeso do conjunto de rodas<br \/>\n1275g (com fita e v\u00e1lvulas)<br \/>\nPeso traseiro<br \/>\n690g (com fita e v\u00e1lvulas)<\/li>\n<li>General<br \/>\nWarranty<br \/>\nLimited Lifetime Warranty<br \/>\nAssembly Method<br \/>\nHand Built<br \/>\nWeight Limit<br \/>\n275 lbs. \/ 125 kg.<br \/>\nE-bike Approved<br \/>\nYes, SL style systems or max 350W<br \/>\nExtras<br \/>\nRoval Single Wheel Bag, 4 Extra Spokes and Nipples, 31mm OD End Caps, 2 sets of Roval Decal Stickers (Liquid Silver, Metallic White) <\/li>\n<\/ul>\n","protected":false},"excerpt":{"rendered":"<p>Las nuevas Control SL VI Solix combinan una velocidad propia de la Copa del Mundo con la exigente resistencia que se espera de unas ruedas de trail. Con solo 1275 g, estas ruedas suben como un cohete. Su laminado de carbono est\u00e1 optimizado para ofrecer m\u00e1s tracci\u00f3n y la llanta trasera est\u00e1 reforzada para resistir mejor los impactos.  <\/p>\n","protected":false},"featured_media":426714,"comment_status":"open","ping_status":"closed","template":"","meta":{"_acf_changed":false,"_et_pb_use_builder":"","_et_pb_old_content":"","_et_gb_content_width":"","inline_featured_image":false},"product_brand":[],"product_cat":[379,387],"product_tag":[],"class_list":{"0":"post-426711","1":"product","2":"type-product","3":"status-publish","4":"has-post-thumbnail","6":"product_cat-componentes-pt-pt","7":"product_cat-rodas","9":"first","10":"instock","11":"taxable","12":"shipping-taxable","13":"purchasable","14":"product-type-simple"},"acf":[],"yoast_head":"<!-- This site is optimized with the Yoast SEO Premium plugin v26.7 (Yoast SEO v26.7) - https:\/\/yoast.com\/wordpress\/plugins\/seo\/ -->\n<title>Roval Control SL VI Solix 2027 Traseira GR-100<\/title>\n<meta name=\"description\" content=\"Las nuevas Control SL VI Solix combinan una velocidad propia de la Copa del Mundo con la exigente resistencia que se espera de unas ruedas de trail. Con solo 1275 g, estas ruedas suben como un cohete. Su laminado de carbono est\u00e1 optimizado para ofrecer m\u00e1s tracci\u00f3n y la llanta trasera est\u00e1 reforzada para resistir mejor los impactos.\" \/>\n<meta name=\"robots\" content=\"index, follow, max-snippet:-1, max-image-preview:large, max-video-preview:-1\" \/>\n<link rel=\"canonical\" href=\"https:\/\/gr-100.com\/pt-pt\/producto\/roval-control-sl-vi-solix-2027-delantera-copia\/\" \/>\n<meta property=\"og:locale\" content=\"pt_PT\" \/>\n<meta property=\"og:type\" content=\"article\" \/>\n<meta property=\"og:title\" content=\"Roval Control SL VI Solix 2027 Traseira\" \/>\n<meta property=\"og:description\" content=\"Las nuevas Control SL VI Solix combinan una velocidad propia de la Copa del Mundo con la exigente resistencia que se espera de unas ruedas de trail. Con solo 1275 g, estas ruedas suben como un cohete. Su laminado de carbono est\u00e1 optimizado para ofrecer m\u00e1s tracci\u00f3n y la llanta trasera est\u00e1 reforzada para resistir mejor los impactos.\" \/>\n<meta property=\"og:url\" content=\"https:\/\/gr-100.com\/pt-pt\/producto\/roval-control-sl-vi-solix-2027-delantera-copia\/\" \/>\n<meta property=\"og:site_name\" content=\"Gr-100 Tienda de ciclismo Specialized\" \/>\n<meta property=\"article:publisher\" content=\"https:\/\/www.facebook.com\/Gr100Bikes\" \/>\n<meta property=\"article:modified_time\" content=\"2026-01-19T12:38:04+00:00\" \/>\n<meta property=\"og:image\" content=\"https:\/\/gr-100.com\/wp-content\/uploads\/2026\/01\/Diseno-sin-titulo-2026-01-09T115505.425.jpg\" \/>\n\t<meta property=\"og:image:width\" content=\"1000\" \/>\n\t<meta property=\"og:image:height\" content=\"1000\" \/>\n\t<meta property=\"og:image:type\" content=\"image\/jpeg\" \/>\n<meta name=\"twitter:card\" content=\"summary_large_image\" \/>\n<meta name=\"twitter:label1\" content=\"Tempo estimado de leitura\" \/>\n\t<meta name=\"twitter:data1\" content=\"1 minuto\" \/>\n<script type=\"application\/ld+json\" class=\"yoast-schema-graph\">{\"@context\":\"https:\/\/schema.org\",\"@graph\":[{\"@type\":\"WebPage\",\"@id\":\"https:\/\/gr-100.com\/pt-pt\/producto\/roval-control-sl-vi-solix-2027-delantera-copia\/\",\"url\":\"https:\/\/gr-100.com\/pt-pt\/producto\/roval-control-sl-vi-solix-2027-delantera-copia\/\",\"name\":\"Roval Control SL VI Solix 2027 Traseira GR-100\",\"isPartOf\":{\"@id\":\"https:\/\/gr-100.com\/#website\"},\"primaryImageOfPage\":{\"@id\":\"https:\/\/gr-100.com\/pt-pt\/producto\/roval-control-sl-vi-solix-2027-delantera-copia\/#primaryimage\"},\"image\":{\"@id\":\"https:\/\/gr-100.com\/pt-pt\/producto\/roval-control-sl-vi-solix-2027-delantera-copia\/#primaryimage\"},\"thumbnailUrl\":\"https:\/\/gr-100.com\/wp-content\/uploads\/2026\/01\/Diseno-sin-titulo-2026-01-09T115505.425.jpg\",\"datePublished\":\"2026-01-09T12:17:13+00:00\",\"dateModified\":\"2026-01-19T12:38:04+00:00\",\"description\":\"Las nuevas Control SL VI Solix combinan una velocidad propia de la Copa del Mundo con la exigente resistencia que se espera de unas ruedas de trail. Con solo 1275 g, estas ruedas suben como un cohete. Su laminado de carbono est\u00e1 optimizado para ofrecer m\u00e1s tracci\u00f3n y la llanta trasera est\u00e1 reforzada para resistir mejor los impactos.\",\"breadcrumb\":{\"@id\":\"https:\/\/gr-100.com\/pt-pt\/producto\/roval-control-sl-vi-solix-2027-delantera-copia\/#breadcrumb\"},\"inLanguage\":\"pt-PT\",\"potentialAction\":[{\"@type\":\"ReadAction\",\"target\":[\"https:\/\/gr-100.com\/pt-pt\/producto\/roval-control-sl-vi-solix-2027-delantera-copia\/\"]}]},{\"@type\":\"ImageObject\",\"inLanguage\":\"pt-PT\",\"@id\":\"https:\/\/gr-100.com\/pt-pt\/producto\/roval-control-sl-vi-solix-2027-delantera-copia\/#primaryimage\",\"url\":\"https:\/\/gr-100.com\/wp-content\/uploads\/2026\/01\/Diseno-sin-titulo-2026-01-09T115505.425.jpg\",\"contentUrl\":\"https:\/\/gr-100.com\/wp-content\/uploads\/2026\/01\/Diseno-sin-titulo-2026-01-09T115505.425.jpg\",\"width\":1000,\"height\":1000},{\"@type\":\"BreadcrumbList\",\"@id\":\"https:\/\/gr-100.com\/pt-pt\/producto\/roval-control-sl-vi-solix-2027-delantera-copia\/#breadcrumb\",\"itemListElement\":[{\"@type\":\"ListItem\",\"position\":1,\"name\":\"Portada\",\"item\":\"https:\/\/gr-100.com\/en\/\"},{\"@type\":\"ListItem\",\"position\":2,\"name\":\"Productos\",\"item\":\"https:\/\/gr-100.com\/?post_type=product\"},{\"@type\":\"ListItem\",\"position\":3,\"name\":\"Roval Control SL VI Solix 2027 Traseira\"}]},{\"@type\":\"WebSite\",\"@id\":\"https:\/\/gr-100.com\/#website\",\"url\":\"https:\/\/gr-100.com\/\",\"name\":\"Gr-100 Tienda de ciclismo Specialized\",\"description\":\"GR-100 tenemos todas las gamas de bicicletas Specialized al mejor precio.\",\"publisher\":{\"@id\":\"https:\/\/gr-100.com\/#organization\"},\"alternateName\":\"Gr-100 Bikes\",\"potentialAction\":[{\"@type\":\"SearchAction\",\"target\":{\"@type\":\"EntryPoint\",\"urlTemplate\":\"https:\/\/gr-100.com\/?s={search_term_string}\"},\"query-input\":{\"@type\":\"PropertyValueSpecification\",\"valueRequired\":true,\"valueName\":\"search_term_string\"}}],\"inLanguage\":\"pt-PT\"},{\"@type\":\"Organization\",\"@id\":\"https:\/\/gr-100.com\/#organization\",\"name\":\"Gr-100\",\"url\":\"https:\/\/gr-100.com\/\",\"logo\":{\"@type\":\"ImageObject\",\"inLanguage\":\"pt-PT\",\"@id\":\"https:\/\/gr-100.com\/#\/schema\/logo\/image\/\",\"url\":\"https:\/\/gr-100.com\/wp-content\/uploads\/2023\/08\/logo-gr-100-bikes.png\",\"contentUrl\":\"https:\/\/gr-100.com\/wp-content\/uploads\/2023\/08\/logo-gr-100-bikes.png\",\"width\":707,\"height\":284,\"caption\":\"Gr-100\"},\"image\":{\"@id\":\"https:\/\/gr-100.com\/#\/schema\/logo\/image\/\"},\"sameAs\":[\"https:\/\/www.facebook.com\/Gr100Bikes\",\"https:\/\/www.instagram.com\/gr100bikes\/\",\"https:\/\/www.tiktok.com\/@gr100bikes\",\"https:\/\/twitter.com\/gr100mtbteam\",\"https:\/\/www.youtube.com\/c\/GR100Specialized\"]}]}<\/script>\n<!-- \/ Yoast SEO Premium plugin. -->","yoast_head_json":{"title":"Roval Control SL VI Solix 2027 Traseira GR-100","description":"Las nuevas Control SL VI Solix combinan una velocidad propia de la Copa del Mundo con la exigente resistencia que se espera de unas ruedas de trail. Con solo 1275 g, estas ruedas suben como un cohete. Su laminado de carbono est\u00e1 optimizado para ofrecer m\u00e1s tracci\u00f3n y la llanta trasera est\u00e1 reforzada para resistir mejor los impactos.","robots":{"index":"index","follow":"follow","max-snippet":"max-snippet:-1","max-image-preview":"max-image-preview:large","max-video-preview":"max-video-preview:-1"},"canonical":"https:\/\/gr-100.com\/pt-pt\/producto\/roval-control-sl-vi-solix-2027-delantera-copia\/","og_locale":"pt_PT","og_type":"article","og_title":"Roval Control SL VI Solix 2027 Traseira","og_description":"Las nuevas Control SL VI Solix combinan una velocidad propia de la Copa del Mundo con la exigente resistencia que se espera de unas ruedas de trail. Con solo 1275 g, estas ruedas suben como un cohete. Su laminado de carbono est\u00e1 optimizado para ofrecer m\u00e1s tracci\u00f3n y la llanta trasera est\u00e1 reforzada para resistir mejor los impactos.","og_url":"https:\/\/gr-100.com\/pt-pt\/producto\/roval-control-sl-vi-solix-2027-delantera-copia\/","og_site_name":"Gr-100 Tienda de ciclismo Specialized","article_publisher":"https:\/\/www.facebook.com\/Gr100Bikes","article_modified_time":"2026-01-19T12:38:04+00:00","og_image":[{"width":1000,"height":1000,"url":"https:\/\/gr-100.com\/wp-content\/uploads\/2026\/01\/Diseno-sin-titulo-2026-01-09T115505.425.jpg","type":"image\/jpeg"}],"twitter_card":"summary_large_image","twitter_misc":{"Tempo estimado de leitura":"1 minuto"},"schema":{"@context":"https:\/\/schema.org","@graph":[{"@type":"WebPage","@id":"https:\/\/gr-100.com\/pt-pt\/producto\/roval-control-sl-vi-solix-2027-delantera-copia\/","url":"https:\/\/gr-100.com\/pt-pt\/producto\/roval-control-sl-vi-solix-2027-delantera-copia\/","name":"Roval Control SL VI Solix 2027 Traseira GR-100","isPartOf":{"@id":"https:\/\/gr-100.com\/#website"},"primaryImageOfPage":{"@id":"https:\/\/gr-100.com\/pt-pt\/producto\/roval-control-sl-vi-solix-2027-delantera-copia\/#primaryimage"},"image":{"@id":"https:\/\/gr-100.com\/pt-pt\/producto\/roval-control-sl-vi-solix-2027-delantera-copia\/#primaryimage"},"thumbnailUrl":"https:\/\/gr-100.com\/wp-content\/uploads\/2026\/01\/Diseno-sin-titulo-2026-01-09T115505.425.jpg","datePublished":"2026-01-09T12:17:13+00:00","dateModified":"2026-01-19T12:38:04+00:00","description":"Las nuevas Control SL VI Solix combinan una velocidad propia de la Copa del Mundo con la exigente resistencia que se espera de unas ruedas de trail. Con solo 1275 g, estas ruedas suben como un cohete. Su laminado de carbono est\u00e1 optimizado para ofrecer m\u00e1s tracci\u00f3n y la llanta trasera est\u00e1 reforzada para resistir mejor los impactos.","breadcrumb":{"@id":"https:\/\/gr-100.com\/pt-pt\/producto\/roval-control-sl-vi-solix-2027-delantera-copia\/#breadcrumb"},"inLanguage":"pt-PT","potentialAction":[{"@type":"ReadAction","target":["https:\/\/gr-100.com\/pt-pt\/producto\/roval-control-sl-vi-solix-2027-delantera-copia\/"]}]},{"@type":"ImageObject","inLanguage":"pt-PT","@id":"https:\/\/gr-100.com\/pt-pt\/producto\/roval-control-sl-vi-solix-2027-delantera-copia\/#primaryimage","url":"https:\/\/gr-100.com\/wp-content\/uploads\/2026\/01\/Diseno-sin-titulo-2026-01-09T115505.425.jpg","contentUrl":"https:\/\/gr-100.com\/wp-content\/uploads\/2026\/01\/Diseno-sin-titulo-2026-01-09T115505.425.jpg","width":1000,"height":1000},{"@type":"BreadcrumbList","@id":"https:\/\/gr-100.com\/pt-pt\/producto\/roval-control-sl-vi-solix-2027-delantera-copia\/#breadcrumb","itemListElement":[{"@type":"ListItem","position":1,"name":"Portada","item":"https:\/\/gr-100.com\/en\/"},{"@type":"ListItem","position":2,"name":"Productos","item":"https:\/\/gr-100.com\/?post_type=product"},{"@type":"ListItem","position":3,"name":"Roval Control SL VI Solix 2027 Traseira"}]},{"@type":"WebSite","@id":"https:\/\/gr-100.com\/#website","url":"https:\/\/gr-100.com\/","name":"Gr-100 Tienda de ciclismo Specialized","description":"GR-100 tenemos todas las gamas de bicicletas Specialized al mejor precio.","publisher":{"@id":"https:\/\/gr-100.com\/#organization"},"alternateName":"Gr-100 Bikes","potentialAction":[{"@type":"SearchAction","target":{"@type":"EntryPoint","urlTemplate":"https:\/\/gr-100.com\/?s={search_term_string}"},"query-input":{"@type":"PropertyValueSpecification","valueRequired":true,"valueName":"search_term_string"}}],"inLanguage":"pt-PT"},{"@type":"Organization","@id":"https:\/\/gr-100.com\/#organization","name":"Gr-100","url":"https:\/\/gr-100.com\/","logo":{"@type":"ImageObject","inLanguage":"pt-PT","@id":"https:\/\/gr-100.com\/#\/schema\/logo\/image\/","url":"https:\/\/gr-100.com\/wp-content\/uploads\/2023\/08\/logo-gr-100-bikes.png","contentUrl":"https:\/\/gr-100.com\/wp-content\/uploads\/2023\/08\/logo-gr-100-bikes.png","width":707,"height":284,"caption":"Gr-100"},"image":{"@id":"https:\/\/gr-100.com\/#\/schema\/logo\/image\/"},"sameAs":["https:\/\/www.facebook.com\/Gr100Bikes","https:\/\/www.instagram.com\/gr100bikes\/","https:\/\/www.tiktok.com\/@gr100bikes","https:\/\/twitter.com\/gr100mtbteam","https:\/\/www.youtube.com\/c\/GR100Specialized"]}]}},"_links":{"self":[{"href":"https:\/\/gr-100.com\/pt-pt\/wp-json\/wp\/v2\/product\/426711","targetHints":{"allow":["GET"]}}],"collection":[{"href":"https:\/\/gr-100.com\/pt-pt\/wp-json\/wp\/v2\/product"}],"about":[{"href":"https:\/\/gr-100.com\/pt-pt\/wp-json\/wp\/v2\/types\/product"}],"replies":[{"embeddable":true,"href":"https:\/\/gr-100.com\/pt-pt\/wp-json\/wp\/v2\/comments?post=426711"}],"wp:featuredmedia":[{"embeddable":true,"href":"https:\/\/gr-100.com\/pt-pt\/wp-json\/wp\/v2\/media\/426714"}],"wp:attachment":[{"href":"https:\/\/gr-100.com\/pt-pt\/wp-json\/wp\/v2\/media?parent=426711"}],"wp:term":[{"taxonomy":"product_brand","embeddable":true,"href":"https:\/\/gr-100.com\/pt-pt\/wp-json\/wp\/v2\/product_brand?post=426711"},{"taxonomy":"product_cat","embeddable":true,"href":"https:\/\/gr-100.com\/pt-pt\/wp-json\/wp\/v2\/product_cat?post=426711"},{"taxonomy":"product_tag","embeddable":true,"href":"https:\/\/gr-100.com\/pt-pt\/wp-json\/wp\/v2\/product_tag?post=426711"}],"curies":[{"name":"wp","href":"https:\/\/api.w.org\/{rel}","templated":true}]}}