{"id":426746,"date":"2026-01-09T13:53:38","date_gmt":"2026-01-09T12:53:38","guid":{"rendered":"https:\/\/gr-100.com\/?post_type=product&#038;p=426746"},"modified":"2026-01-09T13:53:39","modified_gmt":"2026-01-09T11:53:39","slug":"s-works-phenom-com-espelho","status":"publish","type":"product","link":"https:\/\/gr-100.com\/pt-pt\/producto\/s-works-phenom-com-espelho\/","title":{"rendered":"S-Works Phenom com espelho"},"content":{"rendered":"<ul>\n<li>O design patenteado Body Geometry foi testado em laborat\u00f3rio para garantir o fluxo sangu\u00edneo para as art\u00e9rias sens\u00edveis.<\/li>\n<li>O selim Mirror \u00e9 o selim mais comprido e plano at\u00e9 \u00e0 data, com 27 cm.<\/li>\n<li>A tecnologia Mirror utiliza a impress\u00e3o 3D a partir de pol\u00edmero l\u00edquido para criar uma estrutura em favo de mel \u00fanica que oferece um apoio e conforto superiores nos \u00edsquios.<\/li>\n<li>A concha de fibra de carbono \u00e9 adaptada \u00e0 flex\u00e3o para apoio e conforto.<\/li>\n<li>Trilhos de carbono ultraleves de grandes dimens\u00f5es.<\/li>\n<li>Compat\u00edvel com a montagem SWAT\u2122, com roscas localizadas na base do selim, permite a integra\u00e7\u00e3o total de solu\u00e7\u00f5es de armazenamento.<\/li>\n<li>NOTA: Os carris de carbono de 7&#215;9 mm n\u00e3o s\u00e3o compat\u00edveis com espig\u00f5es de selim equipados com mecanismos de fixa\u00e7\u00e3o lateral para carris redondos de 7 mm.<\/li>\n<li>Tamanho 143mm \/ Peso 223g<\/li>\n<li>Tamanho 155mm \/ Peso: 227g<\/li>\n<\/ul>\n","protected":false},"excerpt":{"rendered":"<p>Conhecido pelo seu corpo longo e perfil plano, o Phenom \u00e9 a forma de elei\u00e7\u00e3o de muitos dos melhores ciclistas do mundo. Como todos os selins que fabricamos, o S-Works Phenom com Mirror foi desenvolvido com a nossa metodologia \u00fanica de Geometria Corporal, combinada com a nossa impress\u00e3o Mirror 3D &#8211; resultando em 28% menos press\u00e3o, exatamente onde \u00e9 importante. <\/p>\n","protected":false},"featured_media":426730,"comment_status":"open","ping_status":"closed","template":"","meta":{"_acf_changed":false,"_et_pb_use_builder":"","_et_pb_old_content":"","_et_gb_content_width":"","inline_featured_image":false},"product_brand":[],"product_cat":[379,388],"product_tag":[],"class_list":{"0":"post-426746","1":"product","2":"type-product","3":"status-publish","4":"has-post-thumbnail","6":"product_cat-componentes-pt-pt","7":"product_cat-selins","9":"first","10":"instock","11":"taxable","12":"shipping-taxable","13":"purchasable","14":"product-type-variable","15":"wvs-archive-product-wrapper"},"acf":[],"yoast_head":"<!-- This site is optimized with the Yoast SEO Premium plugin v26.7 (Yoast SEO v26.7) - https:\/\/yoast.com\/wordpress\/plugins\/seo\/ -->\n<title>S-Works Phenom com espelho GR-100<\/title>\n<meta name=\"description\" content=\"Conhecido pelo seu corpo longo e perfil plano, o Phenom \u00e9 a forma de elei\u00e7\u00e3o de muitos dos melhores ciclistas do mundo. Como todos os selins que fabricamos, o S-Works Phenom com Mirror foi desenvolvido utilizando a nossa metodologia \u00fanica de Geometria Corporal, combinada com a nossa impress\u00e3o Mirror 3D - resultando em 28% menos press\u00e3o, exatamente onde \u00e9 importante.\" \/>\n<meta name=\"robots\" content=\"index, follow, max-snippet:-1, max-image-preview:large, max-video-preview:-1\" \/>\n<link rel=\"canonical\" href=\"https:\/\/gr-100.com\/pt-pt\/producto\/s-works-phenom-com-espelho\/\" \/>\n<meta property=\"og:locale\" content=\"pt_PT\" \/>\n<meta property=\"og:type\" content=\"article\" \/>\n<meta property=\"og:title\" content=\"S-Works Phenom com espelho\" \/>\n<meta property=\"og:description\" content=\"Conhecido pelo seu corpo longo e perfil plano, o Phenom \u00e9 a forma de elei\u00e7\u00e3o de muitos dos melhores ciclistas do mundo. Como todos os selins que fabricamos, o S-Works Phenom com Mirror foi desenvolvido utilizando a nossa metodologia \u00fanica de Geometria Corporal, combinada com a nossa impress\u00e3o Mirror 3D - resultando em 28% menos press\u00e3o, exatamente onde \u00e9 importante.\" \/>\n<meta property=\"og:url\" content=\"https:\/\/gr-100.com\/pt-pt\/producto\/s-works-phenom-com-espelho\/\" \/>\n<meta property=\"og:site_name\" content=\"Gr-100 Tienda de ciclismo Specialized\" \/>\n<meta property=\"article:publisher\" content=\"https:\/\/www.facebook.com\/Gr100Bikes\" \/>\n<meta property=\"og:image\" content=\"https:\/\/gr-100.com\/wp-content\/uploads\/2026\/01\/Diseno-sin-titulo-2026-01-09T123931.805.jpg\" \/>\n\t<meta property=\"og:image:width\" content=\"1000\" \/>\n\t<meta property=\"og:image:height\" content=\"1000\" \/>\n\t<meta property=\"og:image:type\" content=\"image\/jpeg\" \/>\n<meta name=\"twitter:card\" content=\"summary_large_image\" \/>\n<meta name=\"twitter:label1\" content=\"Tempo estimado de leitura\" \/>\n\t<meta name=\"twitter:data1\" content=\"1 minuto\" \/>\n<script type=\"application\/ld+json\" class=\"yoast-schema-graph\">{\"@context\":\"https:\/\/schema.org\",\"@graph\":[{\"@type\":\"WebPage\",\"@id\":\"https:\/\/gr-100.com\/pt-pt\/producto\/s-works-phenom-com-espelho\/\",\"url\":\"https:\/\/gr-100.com\/pt-pt\/producto\/s-works-phenom-com-espelho\/\",\"name\":\"S-Works Phenom com espelho GR-100\",\"isPartOf\":{\"@id\":\"https:\/\/gr-100.com\/#website\"},\"primaryImageOfPage\":{\"@id\":\"https:\/\/gr-100.com\/pt-pt\/producto\/s-works-phenom-com-espelho\/#primaryimage\"},\"image\":{\"@id\":\"https:\/\/gr-100.com\/pt-pt\/producto\/s-works-phenom-com-espelho\/#primaryimage\"},\"thumbnailUrl\":\"https:\/\/gr-100.com\/wp-content\/uploads\/2026\/01\/Diseno-sin-titulo-2026-01-09T123931.805.jpg\",\"datePublished\":\"2026-01-09T12:53:38+00:00\",\"description\":\"Conhecido pelo seu corpo longo e perfil plano, o Phenom \u00e9 a forma de elei\u00e7\u00e3o de muitos dos melhores ciclistas do mundo. Como todos os selins que fabricamos, o S-Works Phenom com Mirror foi desenvolvido utilizando a nossa metodologia \u00fanica de Geometria Corporal, combinada com a nossa impress\u00e3o Mirror 3D - resultando em 28% menos press\u00e3o, exatamente onde \u00e9 importante.\",\"breadcrumb\":{\"@id\":\"https:\/\/gr-100.com\/pt-pt\/producto\/s-works-phenom-com-espelho\/#breadcrumb\"},\"inLanguage\":\"pt-PT\",\"potentialAction\":[{\"@type\":\"ReadAction\",\"target\":[\"https:\/\/gr-100.com\/pt-pt\/producto\/s-works-phenom-com-espelho\/\"]}]},{\"@type\":\"ImageObject\",\"inLanguage\":\"pt-PT\",\"@id\":\"https:\/\/gr-100.com\/pt-pt\/producto\/s-works-phenom-com-espelho\/#primaryimage\",\"url\":\"https:\/\/gr-100.com\/wp-content\/uploads\/2026\/01\/Diseno-sin-titulo-2026-01-09T123931.805.jpg\",\"contentUrl\":\"https:\/\/gr-100.com\/wp-content\/uploads\/2026\/01\/Diseno-sin-titulo-2026-01-09T123931.805.jpg\",\"width\":1000,\"height\":1000},{\"@type\":\"BreadcrumbList\",\"@id\":\"https:\/\/gr-100.com\/pt-pt\/producto\/s-works-phenom-com-espelho\/#breadcrumb\",\"itemListElement\":[{\"@type\":\"ListItem\",\"position\":1,\"name\":\"Portada\",\"item\":\"https:\/\/gr-100.com\/en\/\"},{\"@type\":\"ListItem\",\"position\":2,\"name\":\"Productos\",\"item\":\"https:\/\/gr-100.com\/?post_type=product\"},{\"@type\":\"ListItem\",\"position\":3,\"name\":\"S-Works Phenom com espelho\"}]},{\"@type\":\"WebSite\",\"@id\":\"https:\/\/gr-100.com\/#website\",\"url\":\"https:\/\/gr-100.com\/\",\"name\":\"Gr-100 Tienda de ciclismo Specialized\",\"description\":\"GR-100 tenemos todas las gamas de bicicletas Specialized al mejor precio.\",\"publisher\":{\"@id\":\"https:\/\/gr-100.com\/#organization\"},\"alternateName\":\"Gr-100 Bikes\",\"potentialAction\":[{\"@type\":\"SearchAction\",\"target\":{\"@type\":\"EntryPoint\",\"urlTemplate\":\"https:\/\/gr-100.com\/?s={search_term_string}\"},\"query-input\":{\"@type\":\"PropertyValueSpecification\",\"valueRequired\":true,\"valueName\":\"search_term_string\"}}],\"inLanguage\":\"pt-PT\"},{\"@type\":\"Organization\",\"@id\":\"https:\/\/gr-100.com\/#organization\",\"name\":\"Gr-100\",\"url\":\"https:\/\/gr-100.com\/\",\"logo\":{\"@type\":\"ImageObject\",\"inLanguage\":\"pt-PT\",\"@id\":\"https:\/\/gr-100.com\/#\/schema\/logo\/image\/\",\"url\":\"https:\/\/gr-100.com\/wp-content\/uploads\/2023\/08\/logo-gr-100-bikes.png\",\"contentUrl\":\"https:\/\/gr-100.com\/wp-content\/uploads\/2023\/08\/logo-gr-100-bikes.png\",\"width\":707,\"height\":284,\"caption\":\"Gr-100\"},\"image\":{\"@id\":\"https:\/\/gr-100.com\/#\/schema\/logo\/image\/\"},\"sameAs\":[\"https:\/\/www.facebook.com\/Gr100Bikes\",\"https:\/\/www.instagram.com\/gr100bikes\/\",\"https:\/\/www.tiktok.com\/@gr100bikes\",\"https:\/\/twitter.com\/gr100mtbteam\",\"https:\/\/www.youtube.com\/c\/GR100Specialized\"]}]}<\/script>\n<!-- \/ Yoast SEO Premium plugin. -->","yoast_head_json":{"title":"S-Works Phenom com espelho GR-100","description":"Conhecido pelo seu corpo longo e perfil plano, o Phenom \u00e9 a forma de elei\u00e7\u00e3o de muitos dos melhores ciclistas do mundo. Como todos os selins que fabricamos, o S-Works Phenom com Mirror foi desenvolvido utilizando a nossa metodologia \u00fanica de Geometria Corporal, combinada com a nossa impress\u00e3o Mirror 3D - resultando em 28% menos press\u00e3o, exatamente onde \u00e9 importante.","robots":{"index":"index","follow":"follow","max-snippet":"max-snippet:-1","max-image-preview":"max-image-preview:large","max-video-preview":"max-video-preview:-1"},"canonical":"https:\/\/gr-100.com\/pt-pt\/producto\/s-works-phenom-com-espelho\/","og_locale":"pt_PT","og_type":"article","og_title":"S-Works Phenom com espelho","og_description":"Conhecido pelo seu corpo longo e perfil plano, o Phenom \u00e9 a forma de elei\u00e7\u00e3o de muitos dos melhores ciclistas do mundo. Como todos os selins que fabricamos, o S-Works Phenom com Mirror foi desenvolvido utilizando a nossa metodologia \u00fanica de Geometria Corporal, combinada com a nossa impress\u00e3o Mirror 3D - resultando em 28% menos press\u00e3o, exatamente onde \u00e9 importante.","og_url":"https:\/\/gr-100.com\/pt-pt\/producto\/s-works-phenom-com-espelho\/","og_site_name":"Gr-100 Tienda de ciclismo Specialized","article_publisher":"https:\/\/www.facebook.com\/Gr100Bikes","og_image":[{"width":1000,"height":1000,"url":"https:\/\/gr-100.com\/wp-content\/uploads\/2026\/01\/Diseno-sin-titulo-2026-01-09T123931.805.jpg","type":"image\/jpeg"}],"twitter_card":"summary_large_image","twitter_misc":{"Tempo estimado de leitura":"1 minuto"},"schema":{"@context":"https:\/\/schema.org","@graph":[{"@type":"WebPage","@id":"https:\/\/gr-100.com\/pt-pt\/producto\/s-works-phenom-com-espelho\/","url":"https:\/\/gr-100.com\/pt-pt\/producto\/s-works-phenom-com-espelho\/","name":"S-Works Phenom com espelho GR-100","isPartOf":{"@id":"https:\/\/gr-100.com\/#website"},"primaryImageOfPage":{"@id":"https:\/\/gr-100.com\/pt-pt\/producto\/s-works-phenom-com-espelho\/#primaryimage"},"image":{"@id":"https:\/\/gr-100.com\/pt-pt\/producto\/s-works-phenom-com-espelho\/#primaryimage"},"thumbnailUrl":"https:\/\/gr-100.com\/wp-content\/uploads\/2026\/01\/Diseno-sin-titulo-2026-01-09T123931.805.jpg","datePublished":"2026-01-09T12:53:38+00:00","description":"Conhecido pelo seu corpo longo e perfil plano, o Phenom \u00e9 a forma de elei\u00e7\u00e3o de muitos dos melhores ciclistas do mundo. Como todos os selins que fabricamos, o S-Works Phenom com Mirror foi desenvolvido utilizando a nossa metodologia \u00fanica de Geometria Corporal, combinada com a nossa impress\u00e3o Mirror 3D - resultando em 28% menos press\u00e3o, exatamente onde \u00e9 importante.","breadcrumb":{"@id":"https:\/\/gr-100.com\/pt-pt\/producto\/s-works-phenom-com-espelho\/#breadcrumb"},"inLanguage":"pt-PT","potentialAction":[{"@type":"ReadAction","target":["https:\/\/gr-100.com\/pt-pt\/producto\/s-works-phenom-com-espelho\/"]}]},{"@type":"ImageObject","inLanguage":"pt-PT","@id":"https:\/\/gr-100.com\/pt-pt\/producto\/s-works-phenom-com-espelho\/#primaryimage","url":"https:\/\/gr-100.com\/wp-content\/uploads\/2026\/01\/Diseno-sin-titulo-2026-01-09T123931.805.jpg","contentUrl":"https:\/\/gr-100.com\/wp-content\/uploads\/2026\/01\/Diseno-sin-titulo-2026-01-09T123931.805.jpg","width":1000,"height":1000},{"@type":"BreadcrumbList","@id":"https:\/\/gr-100.com\/pt-pt\/producto\/s-works-phenom-com-espelho\/#breadcrumb","itemListElement":[{"@type":"ListItem","position":1,"name":"Portada","item":"https:\/\/gr-100.com\/en\/"},{"@type":"ListItem","position":2,"name":"Productos","item":"https:\/\/gr-100.com\/?post_type=product"},{"@type":"ListItem","position":3,"name":"S-Works Phenom com espelho"}]},{"@type":"WebSite","@id":"https:\/\/gr-100.com\/#website","url":"https:\/\/gr-100.com\/","name":"Gr-100 Tienda de ciclismo Specialized","description":"GR-100 tenemos todas las gamas de bicicletas Specialized al mejor precio.","publisher":{"@id":"https:\/\/gr-100.com\/#organization"},"alternateName":"Gr-100 Bikes","potentialAction":[{"@type":"SearchAction","target":{"@type":"EntryPoint","urlTemplate":"https:\/\/gr-100.com\/?s={search_term_string}"},"query-input":{"@type":"PropertyValueSpecification","valueRequired":true,"valueName":"search_term_string"}}],"inLanguage":"pt-PT"},{"@type":"Organization","@id":"https:\/\/gr-100.com\/#organization","name":"Gr-100","url":"https:\/\/gr-100.com\/","logo":{"@type":"ImageObject","inLanguage":"pt-PT","@id":"https:\/\/gr-100.com\/#\/schema\/logo\/image\/","url":"https:\/\/gr-100.com\/wp-content\/uploads\/2023\/08\/logo-gr-100-bikes.png","contentUrl":"https:\/\/gr-100.com\/wp-content\/uploads\/2023\/08\/logo-gr-100-bikes.png","width":707,"height":284,"caption":"Gr-100"},"image":{"@id":"https:\/\/gr-100.com\/#\/schema\/logo\/image\/"},"sameAs":["https:\/\/www.facebook.com\/Gr100Bikes","https:\/\/www.instagram.com\/gr100bikes\/","https:\/\/www.tiktok.com\/@gr100bikes","https:\/\/twitter.com\/gr100mtbteam","https:\/\/www.youtube.com\/c\/GR100Specialized"]}]}},"_links":{"self":[{"href":"https:\/\/gr-100.com\/pt-pt\/wp-json\/wp\/v2\/product\/426746","targetHints":{"allow":["GET"]}}],"collection":[{"href":"https:\/\/gr-100.com\/pt-pt\/wp-json\/wp\/v2\/product"}],"about":[{"href":"https:\/\/gr-100.com\/pt-pt\/wp-json\/wp\/v2\/types\/product"}],"replies":[{"embeddable":true,"href":"https:\/\/gr-100.com\/pt-pt\/wp-json\/wp\/v2\/comments?post=426746"}],"wp:featuredmedia":[{"embeddable":true,"href":"https:\/\/gr-100.com\/pt-pt\/wp-json\/wp\/v2\/media\/426730"}],"wp:attachment":[{"href":"https:\/\/gr-100.com\/pt-pt\/wp-json\/wp\/v2\/media?parent=426746"}],"wp:term":[{"taxonomy":"product_brand","embeddable":true,"href":"https:\/\/gr-100.com\/pt-pt\/wp-json\/wp\/v2\/product_brand?post=426746"},{"taxonomy":"product_cat","embeddable":true,"href":"https:\/\/gr-100.com\/pt-pt\/wp-json\/wp\/v2\/product_cat?post=426746"},{"taxonomy":"product_tag","embeddable":true,"href":"https:\/\/gr-100.com\/pt-pt\/wp-json\/wp\/v2\/product_tag?post=426746"}],"curies":[{"name":"wp","href":"https:\/\/api.w.org\/{rel}","templated":true}]}}