{"id":426977,"date":"2025-10-03T12:41:42","date_gmt":"2025-10-03T11:41:42","guid":{"rendered":"https:\/\/gr-100.com\/producto\/specialized-sirrus-x-5-0-2026\/"},"modified":"2025-10-03T12:41:42","modified_gmt":"2025-10-03T10:41:42","slug":"specialized-sirrus-x-5-0-2026","status":"publish","type":"product","link":"https:\/\/gr-100.com\/pt-pt\/producto\/specialized-sirrus-x-5-0-2026\/","title":{"rendered":"Specialized Sirrus X 5.0 2026"},"content":{"rendered":"<ul>\n<li>El cuadro de carbono Specialized FACT 9r cuenta con guiado interno de cables.<br \/>\nSiguiendo nuestra filosof\u00eda Rider-First Engineered\u2122, la geometr\u00eda de cada cuadro se dise\u00f1a de forma \u00fanica. El tama\u00f1o de cada tubo y la disposici\u00f3n del carbono se seleccionan espec\u00edficamente para lograr el equilibrio \u00f3ptimo entre rigidez, peso y respuesta, independientemente de la talla del cuadro. <\/li>\n<li>La Compliance Junction proporciona el grado justo de flexibilidad y absorci\u00f3n en todo el cuadro de carbono, sin comprometer el rendimiento ni la eficiencia.<\/li>\n<li>La Future Shock 1.5, el exclusivo sistema de suspensi\u00f3n de Specialized, est\u00e1 integrada dentro del tubo de direcci\u00f3n para evitar que las vibraciones provocadas por irregularidades del terreno lleguen al manillar.<\/li>\n<li>Los neum\u00e1ticos Pathfinder tubeless-ready de 38c, anchos y vers\u00e1tiles, son ideales para dominar terrenos variados, ofreciendo tracci\u00f3n y comodidad fuera del camino habitual.<\/li>\n<li>La transmisi\u00f3n SRAM NX Eagle 1x, minimalista pero eficiente, con un amplio rango de desarrollo, garantiza cambios suaves y fiables.<\/li>\n<li>Los frenos hidr\u00e1ulicos Tektro, con grandes discos de 160 mm, ofrecen una potencia de frenado confiable tanto en carretera como fuera de ella.<\/li>\n<li>La Sirrus X 5.0 es compatible con guardabarros y portabultos, cuenta con soportes en el tubo superior y la horquilla, y puede utilizar portabultos junto con guardabarros DRYTECH de 51c, lo que facilita equiparla para cualquier ruta o aventura.<\/li>\n<li>ESPECIFICA\u00c7\u00d5ES T\u00c9CNICAS<\/li>\n<li>Cuadro<br \/>\nCuadro: Specialized FACT 9r Carbono, geometr\u00eda Fitness, transmisi\u00f3n 1x, eje pasante 12&#215;142 mm, guiado interno de cables, frenos de disco con montaje plano (flat-mount), soportes Plug + Play para portabultos y guardabarros<\/li>\n<li>Suspensi\u00f3n<br \/>\nHorquilla: Specialized FACT 9r Carbono Monocasco, freno de disco flat-mount, eje pasante 12&#215;100 mm, soportes para alforjas (low rider), soportes Plug + Play para guardabarros, sistema Future Shock 1.5<\/li>\n<li>Trav\u00f5es<br \/>\nTrav\u00e3o dianteiro: Shimano BR-MT200, disco hidr\u00e1ulico, 160 mm<br \/>\nTrav\u00e3o traseiro: Shimano BR-MT200, disco hidr\u00e1ulico, 160 mm<\/li>\n<li>Transmisi\u00f3n<br \/>\nCaja de pedalier: BB68+, BSA24, 68 mm<br \/>\nCadena: KMC X12EPT, 12 velocidades, con recubrimiento anticorrosi\u00f3n y eslab\u00f3n reutilizable Missing Link\u2122<br \/>\nPlato: Acero Narrow Wide de 42 dientes<br \/>\nBielas: Prowheel de aleaci\u00f3n<br \/>\nXS: 165 mm<br \/>\nS &#8211; M: 170 mm<br \/>\nL &#8211; XXL: 175 mm<br \/>\nManeta de cambio: Shimano Deore M6100, 12 velocidades<br \/>\nCambio trasero: Shimano Deore M6100, 12 velocidades, tecnolog\u00eda Shadow Plus<br \/>\nCassette: Sunrace, 12 velocidades, 11-51 dientes<\/li>\n<li>Ruedas y neum\u00e1ticos<br \/>\nLlantas: 700C, doble pared de aleaci\u00f3n, 30 mm de perfil, 21 mm de ancho interno, espec\u00edficas para freno de disco<br \/>\nBuje delantero: Aleaci\u00f3n, rodamientos sellados, Center Lock, eje pasante 12&#215;100 mm, 24 radios<br \/>\nBuje trasero: Aleaci\u00f3n, rodamientos sellados tipo cartucho, Center Lock, brida alta-baja, 32 radios, eje de 12 mm, 142 mm de ancho<br \/>\nNeum\u00e1tico delantero: Pathfinder TLR Fast Gravel 700x40c, compuesto GRIPTON T2\/T5<br \/>\nNeum\u00e1tico trasero: Pathfinder TLR Fast Gravel 700x40c, compuesto GRIPTON T2\/T5<br \/>\nRadios: Acero inoxidable, calibre 14<br \/>\nC\u00e1maras: 700&#215;32-50, v\u00e1lvula Schrader de 40 mm<\/li>\n<li>Cockpit<br \/>\nManillar: Aleaci\u00f3n, Mini Rise con retroceso de 9 grados, elevaci\u00f3n de 15 mm, di\u00e1metro de 31.8 mm<br \/>\nTija de sill\u00edn: Aleaci\u00f3n, dos tornillos, 14 mm de retroceso, di\u00e1metro de 27.2 mm<br \/>\nSill\u00edn: Body Geometry Power Sport, ra\u00edles de acero<br \/>\nPotencia: Future Stem Comp<br \/>\nAbrazadera del sill\u00edn: Integrada en el cuadro<br \/>\nPu\u00f1os \/ cinta de manillar: Specialized Neutralizer Body Geometry, con bloqueo<\/li>\n<li>Accesorios<br \/>\nPedales: VP tipo plataforma, cuerpo de aleaci\u00f3n<\/li>\n<li>Detalles del producto<br \/>\nID del producto: 222061<br \/>\nPeso (talla LG): 10.47 kg (23 lb, 1.3 oz)<\/li>\n<\/ul>\n","protected":false},"excerpt":{"rendered":"<p>Oferecendo uma combina\u00e7\u00e3o sem precedentes de conforto, efici\u00eancia e manuseamento \u00e1gil, o Sirrus X destaca-se no asfalto, em estradas de terra e em qualquer outro terreno.<\/p>\n","protected":false},"featured_media":418508,"comment_status":"open","ping_status":"closed","template":"","meta":{"_acf_changed":false,"_et_pb_use_builder":"","_et_pb_old_content":"","_et_gb_content_width":"","inline_featured_image":false},"product_brand":[],"product_cat":[2459,5284,378],"product_tag":[],"class_list":{"0":"post-426977","1":"product","2":"type-product","3":"status-publish","4":"has-post-thumbnail","6":"product_cat-bicicletas-pt-pt-2","7":"product_cat-bicicletas-urbanas-pt-pt","8":"product_cat-estrada","9":"product_shipping_class-bicicletas-pt-pt","11":"first","12":"instock","13":"taxable","14":"shipping-taxable","15":"purchasable","16":"product-type-variable","17":"wvs-archive-product-wrapper"},"acf":[],"yoast_head":"<!-- This site is optimized with the Yoast SEO Premium plugin v26.7 (Yoast SEO v26.7) - https:\/\/yoast.com\/wordpress\/plugins\/seo\/ -->\n<title>Specialized Sirrus X 5.0 2026<\/title>\n<meta name=\"description\" content=\"Oferecendo uma combina\u00e7\u00e3o sem precedentes de conforto, efici\u00eancia e manuseamento \u00e1gil, o Sirrus X destaca-se no asfalto, em estradas de terra e em qualquer outro terreno.\" \/>\n<meta name=\"robots\" content=\"index, follow, max-snippet:-1, max-image-preview:large, max-video-preview:-1\" \/>\n<link rel=\"canonical\" href=\"https:\/\/gr-100.com\/pt-pt\/producto\/specialized-sirrus-x-5-0-2026\/\" \/>\n<meta property=\"og:locale\" content=\"pt_PT\" \/>\n<meta property=\"og:type\" content=\"article\" \/>\n<meta property=\"og:title\" content=\"Specialized Sirrus X 5.0 2026\" \/>\n<meta property=\"og:description\" content=\"Oferecendo uma combina\u00e7\u00e3o sem precedentes de conforto, efici\u00eancia e manuseamento \u00e1gil, o Sirrus X destaca-se no asfalto, em estradas de terra e em qualquer outro terreno.\" \/>\n<meta property=\"og:url\" content=\"https:\/\/gr-100.com\/pt-pt\/producto\/specialized-sirrus-x-5-0-2026\/\" \/>\n<meta property=\"og:site_name\" content=\"Gr-100 Tienda de ciclismo Specialized\" \/>\n<meta property=\"article:publisher\" content=\"https:\/\/www.facebook.com\/Gr100Bikes\" \/>\n<meta property=\"og:image\" content=\"https:\/\/gr-100.com\/wp-content\/uploads\/2025\/10\/Diseno-sin-titulo-2025-10-02T133753.706.jpg\" \/>\n\t<meta property=\"og:image:width\" content=\"1000\" \/>\n\t<meta property=\"og:image:height\" content=\"1000\" \/>\n\t<meta property=\"og:image:type\" content=\"image\/jpeg\" \/>\n<meta name=\"twitter:card\" content=\"summary_large_image\" \/>\n<meta name=\"twitter:label1\" content=\"Tempo estimado de leitura\" \/>\n\t<meta name=\"twitter:data1\" content=\"3 minutos\" \/>\n<script type=\"application\/ld+json\" class=\"yoast-schema-graph\">{\"@context\":\"https:\/\/schema.org\",\"@graph\":[{\"@type\":\"WebPage\",\"@id\":\"https:\/\/gr-100.com\/pt-pt\/producto\/specialized-sirrus-x-5-0-2026\/\",\"url\":\"https:\/\/gr-100.com\/pt-pt\/producto\/specialized-sirrus-x-5-0-2026\/\",\"name\":\"Specialized Sirrus X 5.0 2026\",\"isPartOf\":{\"@id\":\"https:\/\/gr-100.com\/#website\"},\"primaryImageOfPage\":{\"@id\":\"https:\/\/gr-100.com\/pt-pt\/producto\/specialized-sirrus-x-5-0-2026\/#primaryimage\"},\"image\":{\"@id\":\"https:\/\/gr-100.com\/pt-pt\/producto\/specialized-sirrus-x-5-0-2026\/#primaryimage\"},\"thumbnailUrl\":\"https:\/\/gr-100.com\/wp-content\/uploads\/2025\/10\/Diseno-sin-titulo-2025-10-02T133753.706.jpg\",\"datePublished\":\"2025-10-03T11:41:42+00:00\",\"description\":\"Oferecendo uma combina\u00e7\u00e3o sem precedentes de conforto, efici\u00eancia e manuseamento \u00e1gil, o Sirrus X destaca-se no asfalto, em estradas de terra e em qualquer outro terreno.\",\"breadcrumb\":{\"@id\":\"https:\/\/gr-100.com\/pt-pt\/producto\/specialized-sirrus-x-5-0-2026\/#breadcrumb\"},\"inLanguage\":\"pt-PT\",\"potentialAction\":[{\"@type\":\"ReadAction\",\"target\":[\"https:\/\/gr-100.com\/pt-pt\/producto\/specialized-sirrus-x-5-0-2026\/\"]}]},{\"@type\":\"ImageObject\",\"inLanguage\":\"pt-PT\",\"@id\":\"https:\/\/gr-100.com\/pt-pt\/producto\/specialized-sirrus-x-5-0-2026\/#primaryimage\",\"url\":\"https:\/\/gr-100.com\/wp-content\/uploads\/2025\/10\/Diseno-sin-titulo-2025-10-02T133753.706.jpg\",\"contentUrl\":\"https:\/\/gr-100.com\/wp-content\/uploads\/2025\/10\/Diseno-sin-titulo-2025-10-02T133753.706.jpg\",\"width\":1000,\"height\":1000},{\"@type\":\"BreadcrumbList\",\"@id\":\"https:\/\/gr-100.com\/pt-pt\/producto\/specialized-sirrus-x-5-0-2026\/#breadcrumb\",\"itemListElement\":[{\"@type\":\"ListItem\",\"position\":1,\"name\":\"Portada\",\"item\":\"https:\/\/gr-100.com\/en\/\"},{\"@type\":\"ListItem\",\"position\":2,\"name\":\"Productos\",\"item\":\"https:\/\/gr-100.com\/?post_type=product\"},{\"@type\":\"ListItem\",\"position\":3,\"name\":\"Specialized Sirrus X 5.0 2026\"}]},{\"@type\":\"WebSite\",\"@id\":\"https:\/\/gr-100.com\/#website\",\"url\":\"https:\/\/gr-100.com\/\",\"name\":\"Gr-100 Tienda de ciclismo Specialized\",\"description\":\"GR-100 tenemos todas las gamas de bicicletas Specialized al mejor precio.\",\"publisher\":{\"@id\":\"https:\/\/gr-100.com\/#organization\"},\"alternateName\":\"Gr-100 Bikes\",\"potentialAction\":[{\"@type\":\"SearchAction\",\"target\":{\"@type\":\"EntryPoint\",\"urlTemplate\":\"https:\/\/gr-100.com\/?s={search_term_string}\"},\"query-input\":{\"@type\":\"PropertyValueSpecification\",\"valueRequired\":true,\"valueName\":\"search_term_string\"}}],\"inLanguage\":\"pt-PT\"},{\"@type\":\"Organization\",\"@id\":\"https:\/\/gr-100.com\/#organization\",\"name\":\"Gr-100\",\"url\":\"https:\/\/gr-100.com\/\",\"logo\":{\"@type\":\"ImageObject\",\"inLanguage\":\"pt-PT\",\"@id\":\"https:\/\/gr-100.com\/#\/schema\/logo\/image\/\",\"url\":\"https:\/\/gr-100.com\/wp-content\/uploads\/2023\/08\/logo-gr-100-bikes.png\",\"contentUrl\":\"https:\/\/gr-100.com\/wp-content\/uploads\/2023\/08\/logo-gr-100-bikes.png\",\"width\":707,\"height\":284,\"caption\":\"Gr-100\"},\"image\":{\"@id\":\"https:\/\/gr-100.com\/#\/schema\/logo\/image\/\"},\"sameAs\":[\"https:\/\/www.facebook.com\/Gr100Bikes\",\"https:\/\/www.instagram.com\/gr100bikes\/\",\"https:\/\/www.tiktok.com\/@gr100bikes\",\"https:\/\/twitter.com\/gr100mtbteam\",\"https:\/\/www.youtube.com\/c\/GR100Specialized\"]}]}<\/script>\n<!-- \/ Yoast SEO Premium plugin. -->","yoast_head_json":{"title":"Specialized Sirrus X 5.0 2026","description":"Oferecendo uma combina\u00e7\u00e3o sem precedentes de conforto, efici\u00eancia e manuseamento \u00e1gil, o Sirrus X destaca-se no asfalto, em estradas de terra e em qualquer outro terreno.","robots":{"index":"index","follow":"follow","max-snippet":"max-snippet:-1","max-image-preview":"max-image-preview:large","max-video-preview":"max-video-preview:-1"},"canonical":"https:\/\/gr-100.com\/pt-pt\/producto\/specialized-sirrus-x-5-0-2026\/","og_locale":"pt_PT","og_type":"article","og_title":"Specialized Sirrus X 5.0 2026","og_description":"Oferecendo uma combina\u00e7\u00e3o sem precedentes de conforto, efici\u00eancia e manuseamento \u00e1gil, o Sirrus X destaca-se no asfalto, em estradas de terra e em qualquer outro terreno.","og_url":"https:\/\/gr-100.com\/pt-pt\/producto\/specialized-sirrus-x-5-0-2026\/","og_site_name":"Gr-100 Tienda de ciclismo Specialized","article_publisher":"https:\/\/www.facebook.com\/Gr100Bikes","og_image":[{"width":1000,"height":1000,"url":"https:\/\/gr-100.com\/wp-content\/uploads\/2025\/10\/Diseno-sin-titulo-2025-10-02T133753.706.jpg","type":"image\/jpeg"}],"twitter_card":"summary_large_image","twitter_misc":{"Tempo estimado de leitura":"3 minutos"},"schema":{"@context":"https:\/\/schema.org","@graph":[{"@type":"WebPage","@id":"https:\/\/gr-100.com\/pt-pt\/producto\/specialized-sirrus-x-5-0-2026\/","url":"https:\/\/gr-100.com\/pt-pt\/producto\/specialized-sirrus-x-5-0-2026\/","name":"Specialized Sirrus X 5.0 2026","isPartOf":{"@id":"https:\/\/gr-100.com\/#website"},"primaryImageOfPage":{"@id":"https:\/\/gr-100.com\/pt-pt\/producto\/specialized-sirrus-x-5-0-2026\/#primaryimage"},"image":{"@id":"https:\/\/gr-100.com\/pt-pt\/producto\/specialized-sirrus-x-5-0-2026\/#primaryimage"},"thumbnailUrl":"https:\/\/gr-100.com\/wp-content\/uploads\/2025\/10\/Diseno-sin-titulo-2025-10-02T133753.706.jpg","datePublished":"2025-10-03T11:41:42+00:00","description":"Oferecendo uma combina\u00e7\u00e3o sem precedentes de conforto, efici\u00eancia e manuseamento \u00e1gil, o Sirrus X destaca-se no asfalto, em estradas de terra e em qualquer outro terreno.","breadcrumb":{"@id":"https:\/\/gr-100.com\/pt-pt\/producto\/specialized-sirrus-x-5-0-2026\/#breadcrumb"},"inLanguage":"pt-PT","potentialAction":[{"@type":"ReadAction","target":["https:\/\/gr-100.com\/pt-pt\/producto\/specialized-sirrus-x-5-0-2026\/"]}]},{"@type":"ImageObject","inLanguage":"pt-PT","@id":"https:\/\/gr-100.com\/pt-pt\/producto\/specialized-sirrus-x-5-0-2026\/#primaryimage","url":"https:\/\/gr-100.com\/wp-content\/uploads\/2025\/10\/Diseno-sin-titulo-2025-10-02T133753.706.jpg","contentUrl":"https:\/\/gr-100.com\/wp-content\/uploads\/2025\/10\/Diseno-sin-titulo-2025-10-02T133753.706.jpg","width":1000,"height":1000},{"@type":"BreadcrumbList","@id":"https:\/\/gr-100.com\/pt-pt\/producto\/specialized-sirrus-x-5-0-2026\/#breadcrumb","itemListElement":[{"@type":"ListItem","position":1,"name":"Portada","item":"https:\/\/gr-100.com\/en\/"},{"@type":"ListItem","position":2,"name":"Productos","item":"https:\/\/gr-100.com\/?post_type=product"},{"@type":"ListItem","position":3,"name":"Specialized Sirrus X 5.0 2026"}]},{"@type":"WebSite","@id":"https:\/\/gr-100.com\/#website","url":"https:\/\/gr-100.com\/","name":"Gr-100 Tienda de ciclismo Specialized","description":"GR-100 tenemos todas las gamas de bicicletas Specialized al mejor precio.","publisher":{"@id":"https:\/\/gr-100.com\/#organization"},"alternateName":"Gr-100 Bikes","potentialAction":[{"@type":"SearchAction","target":{"@type":"EntryPoint","urlTemplate":"https:\/\/gr-100.com\/?s={search_term_string}"},"query-input":{"@type":"PropertyValueSpecification","valueRequired":true,"valueName":"search_term_string"}}],"inLanguage":"pt-PT"},{"@type":"Organization","@id":"https:\/\/gr-100.com\/#organization","name":"Gr-100","url":"https:\/\/gr-100.com\/","logo":{"@type":"ImageObject","inLanguage":"pt-PT","@id":"https:\/\/gr-100.com\/#\/schema\/logo\/image\/","url":"https:\/\/gr-100.com\/wp-content\/uploads\/2023\/08\/logo-gr-100-bikes.png","contentUrl":"https:\/\/gr-100.com\/wp-content\/uploads\/2023\/08\/logo-gr-100-bikes.png","width":707,"height":284,"caption":"Gr-100"},"image":{"@id":"https:\/\/gr-100.com\/#\/schema\/logo\/image\/"},"sameAs":["https:\/\/www.facebook.com\/Gr100Bikes","https:\/\/www.instagram.com\/gr100bikes\/","https:\/\/www.tiktok.com\/@gr100bikes","https:\/\/twitter.com\/gr100mtbteam","https:\/\/www.youtube.com\/c\/GR100Specialized"]}]}},"_links":{"self":[{"href":"https:\/\/gr-100.com\/pt-pt\/wp-json\/wp\/v2\/product\/426977","targetHints":{"allow":["GET"]}}],"collection":[{"href":"https:\/\/gr-100.com\/pt-pt\/wp-json\/wp\/v2\/product"}],"about":[{"href":"https:\/\/gr-100.com\/pt-pt\/wp-json\/wp\/v2\/types\/product"}],"replies":[{"embeddable":true,"href":"https:\/\/gr-100.com\/pt-pt\/wp-json\/wp\/v2\/comments?post=426977"}],"wp:featuredmedia":[{"embeddable":true,"href":"https:\/\/gr-100.com\/pt-pt\/wp-json\/wp\/v2\/media\/418508"}],"wp:attachment":[{"href":"https:\/\/gr-100.com\/pt-pt\/wp-json\/wp\/v2\/media?parent=426977"}],"wp:term":[{"taxonomy":"product_brand","embeddable":true,"href":"https:\/\/gr-100.com\/pt-pt\/wp-json\/wp\/v2\/product_brand?post=426977"},{"taxonomy":"product_cat","embeddable":true,"href":"https:\/\/gr-100.com\/pt-pt\/wp-json\/wp\/v2\/product_cat?post=426977"},{"taxonomy":"product_tag","embeddable":true,"href":"https:\/\/gr-100.com\/pt-pt\/wp-json\/wp\/v2\/product_tag?post=426977"}],"curies":[{"name":"wp","href":"https:\/\/api.w.org\/{rel}","templated":true}]}}