{"id":427071,"date":"2025-10-02T17:59:18","date_gmt":"2025-10-02T16:59:18","guid":{"rendered":"https:\/\/gr-100.com\/producto\/specialized-aethos-2-pro-sram-force-axs-2026\/"},"modified":"2025-10-02T17:59:18","modified_gmt":"2025-10-02T15:59:18","slug":"specialized-aethos-2-pro-sram-force-axs-2026","status":"publish","type":"product","link":"https:\/\/gr-100.com\/pt-pt\/producto\/specialized-aethos-2-pro-sram-force-axs-2026\/","title":{"rendered":"Specialized Aethos 2 Pro SRAM Force AXS 2026"},"content":{"rendered":"<p>ESPECIFICA\u00c7\u00d5ES T\u00c9CNICAS<\/p>\n<ul>\n<li>Quadro<br \/>\nQuadro: Carbono Aethos 2 FACT 10r, Rider First Engineered\u2122, suporte inferior roscado, encaminhamento interno de cabos, eixo passante 12&#215;142 mm, trav\u00f5es de disco de montagem plana<\/li>\n<li>Suspens\u00e3o<br \/>\nForquilha: Aethos 2 FACT 10r Carbono, eixo passante 12&#215;100 mm, trav\u00f5es de disco de montagem plana<\/li>\n<li>Trav\u00f5es<br \/>\nTrav\u00e3o dianteiro: SRAM Force E1, trav\u00e3o de disco hidr\u00e1ulico<br \/>\nTrav\u00e3o traseiro: SRAM Force E1, trav\u00e3o de disco hidr\u00e1ulico<\/li>\n<li>Drivetrain<br \/>\nSuporte inferior: SRAM DUB BSA 68<br \/>\nCorrente: SRAM Force, 12 velocidades<br \/>\nAlavancas de mudan\u00e7as: SRAM Force AXS E1<br \/>\nDesviador traseiro: SRAM Force AXS E1, 12 velocidades<br \/>\nDesviador dianteiro: SRAM Force AXS E1, tipo braze-on<br \/>\nPedaleira: SRAM Force E1 com medidor de pot\u00eancia, 48\/35 dentes<br \/>\nCassete: SRAM Force, 12 velocidades, 10-33 dentes<\/li>\n<li>Rodas e pneus<br \/>\nTubos: 700&#215;25-35, v\u00e1lvula Presta de 50mm, TPU<br \/>\nPneu dianteiro: S-Works Turbo TLR Race, 700x28c<br \/>\nPneu traseiro: S-Works Turbo TLR Race, 700x28c<br \/>\nRoda dianteira: Roval Alpinist CL II, aro de carbono com 21 mm de largura interna, 33 mm de profundidade, optimizada em t\u00fanel de vento, cubo DT para ROVAL 350, raios Dt Swiss Aerolite, Tubeless Ready<br \/>\nRoda traseira: Roval Alpinist CL II, aro de carbono com 21 mm de largura interna, 33 mm de profundidade, optimizada em t\u00fanel de vento, cubo DT para ROVAL 350, raios Dt Swiss Aerolite, Tubeless Ready<\/li>\n<li>Cockpit<br \/>\nGuiador: Roval Alpinist Cockpit II, guiador e avan\u00e7o integrados<br \/>\nSelim: Power Pro Mirror, carris ocos em tit\u00e2nio<br \/>\nEspig\u00e3o do selim: Roval Alpinist em carbono<br \/>\nFixador do selim: Specialized alloy, 30 mm<br \/>\nFita do guiador: Supacaz Super Sticky Kush<\/li>\n<li>Detalhes do produto<br \/>\nTamanho: 56<br \/>\nPeso: 6,71 kg (14 lb, 12,7 oz), sem c\u00e2mara de ar<\/li>\n<\/ul>\n","protected":false},"excerpt":{"rendered":"<p>Com um quadro de 705g, a Aethos 2 \u00e9 a bicicleta mais leve da sua classe. Constru\u00edda quebrando as regras do ciclismo de competi\u00e7\u00e3o para oferecer uma experi\u00eancia de condu\u00e7\u00e3o em estrada pura, foi concebida para desaparecer debaixo de ti: \u00e1gil, flex\u00edvel e sublime. Agora, com um maior espa\u00e7o para os pneus, componentes refinados e uma geometria melhorada baseada em dados para um melhor ajuste, proporciona essa sensa\u00e7\u00e3o de condu\u00e7\u00e3o transcendente a mais ciclistas do que nunca.  <\/p>\n","protected":false},"featured_media":418322,"comment_status":"open","ping_status":"closed","template":"","meta":{"_acf_changed":false,"_et_pb_use_builder":"","_et_pb_old_content":"","_et_gb_content_width":"","inline_featured_image":false},"product_brand":[],"product_cat":[2459,378,5314,5313],"product_tag":[],"class_list":{"0":"post-427071","1":"product","2":"type-product","3":"status-publish","4":"has-post-thumbnail","6":"product_cat-bicicletas-pt-pt-2","7":"product_cat-estrada","8":"product_cat-bicicletas-carretera-carbono-pt-pt","9":"product_cat-bicicletas-carretera-specialized-pt-pt","10":"product_shipping_class-bicicletas-pt-pt","12":"first","13":"instock","14":"taxable","15":"shipping-taxable","16":"purchasable","17":"product-type-variable","18":"wvs-archive-product-wrapper"},"acf":[],"yoast_head":"<!-- This site is optimized with the Yoast SEO Premium plugin v26.7 (Yoast SEO v26.7) - https:\/\/yoast.com\/wordpress\/plugins\/seo\/ -->\n<title>Specialized Aethos 2 Pro SRAM Force AXS 2026 GR-100<\/title>\n<meta name=\"description\" content=\"Com um quadro de 705g, a Aethos 2 \u00e9 a bicicleta mais leve da tua classe. Constru\u00edda para quebrar as regras do ciclismo de competi\u00e7\u00e3o.\" \/>\n<meta name=\"robots\" content=\"index, follow, max-snippet:-1, max-image-preview:large, max-video-preview:-1\" \/>\n<link rel=\"canonical\" href=\"https:\/\/gr-100.com\/pt-pt\/producto\/specialized-aethos-2-pro-sram-force-axs-2026\/\" \/>\n<meta property=\"og:locale\" content=\"pt_PT\" \/>\n<meta property=\"og:type\" content=\"article\" \/>\n<meta property=\"og:title\" content=\"Specialized Aethos 2 Pro SRAM Force AXS 2026\" \/>\n<meta property=\"og:description\" content=\"Com um quadro de 705g, a Aethos 2 \u00e9 a bicicleta mais leve da tua classe. Constru\u00edda para quebrar as regras do ciclismo de competi\u00e7\u00e3o.\" \/>\n<meta property=\"og:url\" content=\"https:\/\/gr-100.com\/pt-pt\/producto\/specialized-aethos-2-pro-sram-force-axs-2026\/\" \/>\n<meta property=\"og:site_name\" content=\"Gr-100 Tienda de ciclismo Specialized\" \/>\n<meta property=\"article:publisher\" content=\"https:\/\/www.facebook.com\/Gr100Bikes\" \/>\n<meta property=\"og:image\" content=\"https:\/\/gr-100.com\/wp-content\/uploads\/2025\/10\/Diseno-sin-titulo-2025-10-01T135255.851.jpg\" \/>\n\t<meta property=\"og:image:width\" content=\"1000\" \/>\n\t<meta property=\"og:image:height\" content=\"1000\" \/>\n\t<meta property=\"og:image:type\" content=\"image\/jpeg\" \/>\n<meta name=\"twitter:card\" content=\"summary_large_image\" \/>\n<meta name=\"twitter:label1\" content=\"Tempo estimado de leitura\" \/>\n\t<meta name=\"twitter:data1\" content=\"1 minuto\" \/>\n<script type=\"application\/ld+json\" class=\"yoast-schema-graph\">{\"@context\":\"https:\/\/schema.org\",\"@graph\":[{\"@type\":\"WebPage\",\"@id\":\"https:\/\/gr-100.com\/pt-pt\/producto\/specialized-aethos-2-pro-sram-force-axs-2026\/\",\"url\":\"https:\/\/gr-100.com\/pt-pt\/producto\/specialized-aethos-2-pro-sram-force-axs-2026\/\",\"name\":\"Specialized Aethos 2 Pro SRAM Force AXS 2026 GR-100\",\"isPartOf\":{\"@id\":\"https:\/\/gr-100.com\/#website\"},\"primaryImageOfPage\":{\"@id\":\"https:\/\/gr-100.com\/pt-pt\/producto\/specialized-aethos-2-pro-sram-force-axs-2026\/#primaryimage\"},\"image\":{\"@id\":\"https:\/\/gr-100.com\/pt-pt\/producto\/specialized-aethos-2-pro-sram-force-axs-2026\/#primaryimage\"},\"thumbnailUrl\":\"https:\/\/gr-100.com\/wp-content\/uploads\/2025\/10\/Diseno-sin-titulo-2025-10-01T135255.851.jpg\",\"datePublished\":\"2025-10-02T16:59:18+00:00\",\"description\":\"Com um quadro de 705g, a Aethos 2 \u00e9 a bicicleta mais leve da tua classe. Constru\u00edda para quebrar as regras do ciclismo de competi\u00e7\u00e3o.\",\"breadcrumb\":{\"@id\":\"https:\/\/gr-100.com\/pt-pt\/producto\/specialized-aethos-2-pro-sram-force-axs-2026\/#breadcrumb\"},\"inLanguage\":\"pt-PT\",\"potentialAction\":[{\"@type\":\"ReadAction\",\"target\":[\"https:\/\/gr-100.com\/pt-pt\/producto\/specialized-aethos-2-pro-sram-force-axs-2026\/\"]}]},{\"@type\":\"ImageObject\",\"inLanguage\":\"pt-PT\",\"@id\":\"https:\/\/gr-100.com\/pt-pt\/producto\/specialized-aethos-2-pro-sram-force-axs-2026\/#primaryimage\",\"url\":\"https:\/\/gr-100.com\/wp-content\/uploads\/2025\/10\/Diseno-sin-titulo-2025-10-01T135255.851.jpg\",\"contentUrl\":\"https:\/\/gr-100.com\/wp-content\/uploads\/2025\/10\/Diseno-sin-titulo-2025-10-01T135255.851.jpg\",\"width\":1000,\"height\":1000},{\"@type\":\"BreadcrumbList\",\"@id\":\"https:\/\/gr-100.com\/pt-pt\/producto\/specialized-aethos-2-pro-sram-force-axs-2026\/#breadcrumb\",\"itemListElement\":[{\"@type\":\"ListItem\",\"position\":1,\"name\":\"Portada\",\"item\":\"https:\/\/gr-100.com\/en\/\"},{\"@type\":\"ListItem\",\"position\":2,\"name\":\"Productos\",\"item\":\"https:\/\/gr-100.com\/?post_type=product\"},{\"@type\":\"ListItem\",\"position\":3,\"name\":\"Specialized Aethos 2 Pro SRAM Force AXS 2026\"}]},{\"@type\":\"WebSite\",\"@id\":\"https:\/\/gr-100.com\/#website\",\"url\":\"https:\/\/gr-100.com\/\",\"name\":\"Gr-100 Tienda de ciclismo Specialized\",\"description\":\"GR-100 tenemos todas las gamas de bicicletas Specialized al mejor precio.\",\"publisher\":{\"@id\":\"https:\/\/gr-100.com\/#organization\"},\"alternateName\":\"Gr-100 Bikes\",\"potentialAction\":[{\"@type\":\"SearchAction\",\"target\":{\"@type\":\"EntryPoint\",\"urlTemplate\":\"https:\/\/gr-100.com\/?s={search_term_string}\"},\"query-input\":{\"@type\":\"PropertyValueSpecification\",\"valueRequired\":true,\"valueName\":\"search_term_string\"}}],\"inLanguage\":\"pt-PT\"},{\"@type\":\"Organization\",\"@id\":\"https:\/\/gr-100.com\/#organization\",\"name\":\"Gr-100\",\"url\":\"https:\/\/gr-100.com\/\",\"logo\":{\"@type\":\"ImageObject\",\"inLanguage\":\"pt-PT\",\"@id\":\"https:\/\/gr-100.com\/#\/schema\/logo\/image\/\",\"url\":\"https:\/\/gr-100.com\/wp-content\/uploads\/2023\/08\/logo-gr-100-bikes.png\",\"contentUrl\":\"https:\/\/gr-100.com\/wp-content\/uploads\/2023\/08\/logo-gr-100-bikes.png\",\"width\":707,\"height\":284,\"caption\":\"Gr-100\"},\"image\":{\"@id\":\"https:\/\/gr-100.com\/#\/schema\/logo\/image\/\"},\"sameAs\":[\"https:\/\/www.facebook.com\/Gr100Bikes\",\"https:\/\/www.instagram.com\/gr100bikes\/\",\"https:\/\/www.tiktok.com\/@gr100bikes\",\"https:\/\/twitter.com\/gr100mtbteam\",\"https:\/\/www.youtube.com\/c\/GR100Specialized\"]}]}<\/script>\n<!-- \/ Yoast SEO Premium plugin. -->","yoast_head_json":{"title":"Specialized Aethos 2 Pro SRAM Force AXS 2026 GR-100","description":"Com um quadro de 705g, a Aethos 2 \u00e9 a bicicleta mais leve da tua classe. Constru\u00edda para quebrar as regras do ciclismo de competi\u00e7\u00e3o.","robots":{"index":"index","follow":"follow","max-snippet":"max-snippet:-1","max-image-preview":"max-image-preview:large","max-video-preview":"max-video-preview:-1"},"canonical":"https:\/\/gr-100.com\/pt-pt\/producto\/specialized-aethos-2-pro-sram-force-axs-2026\/","og_locale":"pt_PT","og_type":"article","og_title":"Specialized Aethos 2 Pro SRAM Force AXS 2026","og_description":"Com um quadro de 705g, a Aethos 2 \u00e9 a bicicleta mais leve da tua classe. Constru\u00edda para quebrar as regras do ciclismo de competi\u00e7\u00e3o.","og_url":"https:\/\/gr-100.com\/pt-pt\/producto\/specialized-aethos-2-pro-sram-force-axs-2026\/","og_site_name":"Gr-100 Tienda de ciclismo Specialized","article_publisher":"https:\/\/www.facebook.com\/Gr100Bikes","og_image":[{"width":1000,"height":1000,"url":"https:\/\/gr-100.com\/wp-content\/uploads\/2025\/10\/Diseno-sin-titulo-2025-10-01T135255.851.jpg","type":"image\/jpeg"}],"twitter_card":"summary_large_image","twitter_misc":{"Tempo estimado de leitura":"1 minuto"},"schema":{"@context":"https:\/\/schema.org","@graph":[{"@type":"WebPage","@id":"https:\/\/gr-100.com\/pt-pt\/producto\/specialized-aethos-2-pro-sram-force-axs-2026\/","url":"https:\/\/gr-100.com\/pt-pt\/producto\/specialized-aethos-2-pro-sram-force-axs-2026\/","name":"Specialized Aethos 2 Pro SRAM Force AXS 2026 GR-100","isPartOf":{"@id":"https:\/\/gr-100.com\/#website"},"primaryImageOfPage":{"@id":"https:\/\/gr-100.com\/pt-pt\/producto\/specialized-aethos-2-pro-sram-force-axs-2026\/#primaryimage"},"image":{"@id":"https:\/\/gr-100.com\/pt-pt\/producto\/specialized-aethos-2-pro-sram-force-axs-2026\/#primaryimage"},"thumbnailUrl":"https:\/\/gr-100.com\/wp-content\/uploads\/2025\/10\/Diseno-sin-titulo-2025-10-01T135255.851.jpg","datePublished":"2025-10-02T16:59:18+00:00","description":"Com um quadro de 705g, a Aethos 2 \u00e9 a bicicleta mais leve da tua classe. Constru\u00edda para quebrar as regras do ciclismo de competi\u00e7\u00e3o.","breadcrumb":{"@id":"https:\/\/gr-100.com\/pt-pt\/producto\/specialized-aethos-2-pro-sram-force-axs-2026\/#breadcrumb"},"inLanguage":"pt-PT","potentialAction":[{"@type":"ReadAction","target":["https:\/\/gr-100.com\/pt-pt\/producto\/specialized-aethos-2-pro-sram-force-axs-2026\/"]}]},{"@type":"ImageObject","inLanguage":"pt-PT","@id":"https:\/\/gr-100.com\/pt-pt\/producto\/specialized-aethos-2-pro-sram-force-axs-2026\/#primaryimage","url":"https:\/\/gr-100.com\/wp-content\/uploads\/2025\/10\/Diseno-sin-titulo-2025-10-01T135255.851.jpg","contentUrl":"https:\/\/gr-100.com\/wp-content\/uploads\/2025\/10\/Diseno-sin-titulo-2025-10-01T135255.851.jpg","width":1000,"height":1000},{"@type":"BreadcrumbList","@id":"https:\/\/gr-100.com\/pt-pt\/producto\/specialized-aethos-2-pro-sram-force-axs-2026\/#breadcrumb","itemListElement":[{"@type":"ListItem","position":1,"name":"Portada","item":"https:\/\/gr-100.com\/en\/"},{"@type":"ListItem","position":2,"name":"Productos","item":"https:\/\/gr-100.com\/?post_type=product"},{"@type":"ListItem","position":3,"name":"Specialized Aethos 2 Pro SRAM Force AXS 2026"}]},{"@type":"WebSite","@id":"https:\/\/gr-100.com\/#website","url":"https:\/\/gr-100.com\/","name":"Gr-100 Tienda de ciclismo Specialized","description":"GR-100 tenemos todas las gamas de bicicletas Specialized al mejor precio.","publisher":{"@id":"https:\/\/gr-100.com\/#organization"},"alternateName":"Gr-100 Bikes","potentialAction":[{"@type":"SearchAction","target":{"@type":"EntryPoint","urlTemplate":"https:\/\/gr-100.com\/?s={search_term_string}"},"query-input":{"@type":"PropertyValueSpecification","valueRequired":true,"valueName":"search_term_string"}}],"inLanguage":"pt-PT"},{"@type":"Organization","@id":"https:\/\/gr-100.com\/#organization","name":"Gr-100","url":"https:\/\/gr-100.com\/","logo":{"@type":"ImageObject","inLanguage":"pt-PT","@id":"https:\/\/gr-100.com\/#\/schema\/logo\/image\/","url":"https:\/\/gr-100.com\/wp-content\/uploads\/2023\/08\/logo-gr-100-bikes.png","contentUrl":"https:\/\/gr-100.com\/wp-content\/uploads\/2023\/08\/logo-gr-100-bikes.png","width":707,"height":284,"caption":"Gr-100"},"image":{"@id":"https:\/\/gr-100.com\/#\/schema\/logo\/image\/"},"sameAs":["https:\/\/www.facebook.com\/Gr100Bikes","https:\/\/www.instagram.com\/gr100bikes\/","https:\/\/www.tiktok.com\/@gr100bikes","https:\/\/twitter.com\/gr100mtbteam","https:\/\/www.youtube.com\/c\/GR100Specialized"]}]}},"_links":{"self":[{"href":"https:\/\/gr-100.com\/pt-pt\/wp-json\/wp\/v2\/product\/427071","targetHints":{"allow":["GET"]}}],"collection":[{"href":"https:\/\/gr-100.com\/pt-pt\/wp-json\/wp\/v2\/product"}],"about":[{"href":"https:\/\/gr-100.com\/pt-pt\/wp-json\/wp\/v2\/types\/product"}],"replies":[{"embeddable":true,"href":"https:\/\/gr-100.com\/pt-pt\/wp-json\/wp\/v2\/comments?post=427071"}],"wp:featuredmedia":[{"embeddable":true,"href":"https:\/\/gr-100.com\/pt-pt\/wp-json\/wp\/v2\/media\/418322"}],"wp:attachment":[{"href":"https:\/\/gr-100.com\/pt-pt\/wp-json\/wp\/v2\/media?parent=427071"}],"wp:term":[{"taxonomy":"product_brand","embeddable":true,"href":"https:\/\/gr-100.com\/pt-pt\/wp-json\/wp\/v2\/product_brand?post=427071"},{"taxonomy":"product_cat","embeddable":true,"href":"https:\/\/gr-100.com\/pt-pt\/wp-json\/wp\/v2\/product_cat?post=427071"},{"taxonomy":"product_tag","embeddable":true,"href":"https:\/\/gr-100.com\/pt-pt\/wp-json\/wp\/v2\/product_tag?post=427071"}],"curies":[{"name":"wp","href":"https:\/\/api.w.org\/{rel}","templated":true}]}}