{"id":427092,"date":"2025-10-02T17:59:12","date_gmt":"2025-10-02T16:59:12","guid":{"rendered":"https:\/\/gr-100.com\/producto\/specialized-s-works-aethos-2-red-axs-2026\/"},"modified":"2025-10-02T17:59:12","modified_gmt":"2025-10-02T15:59:12","slug":"specialized-s-works-aethos-2-red-axs-2026","status":"publish","type":"product","link":"https:\/\/gr-100.com\/pt-pt\/producto\/specialized-s-works-aethos-2-red-axs-2026\/","title":{"rendered":"Specialized S-Works Aethos 2 RED AXS 2026"},"content":{"rendered":"<ul>\n<li>Com apenas 595 gramas, a S-Works Aethos 2 \u00e9 o quadro de estrada de produ\u00e7\u00e3o mais leve do mundo. Mas esse nunca foi o objetivo. <\/li>\n<li>ESPECIFICA\u00c7\u00d5ES T\u00c9CNICAS<\/li>\n<li>Quadro<br \/>\nQuadro: S-Works Aethos 2 FACT 12r Carbono, Rider First Engineered\u2122, concha do suporte inferior (BB) roscada, passagem de cabos interna, eixo passante 12&#215;142 mm, trav\u00e3o de disco de montagem plana<\/li>\n<li>Suspens\u00e3o<br \/>\nForquilha: S-Works Aethos 2 FACT 12r Carbono, eixo passante 12&#215;100 mm, trav\u00e3o de disco de montagem plana<\/li>\n<li>Trav\u00f5es<br \/>\nTrav\u00e3o dianteiro: SRAM RED E1, disco hidr\u00e1ulico<br \/>\nTrav\u00e3o traseiro: SRAM RED E1, disco hidr\u00e1ulico<\/li>\n<li>Sistema de transmiss\u00e3o<br \/>\nSuporte inferior: SRAM DUB BSA 68<br \/>\nCorrente: SRAM RED de 12 velocidades<br \/>\nPedaleira: SRAM RED AXS com potenci\u00f3metro, 48\/35<br \/>\nDesviador dianteiro: SRAM RED AXS E1, tipo braze-on<br \/>\nAlavancas de mudan\u00e7as: SRAM RED AXS E1, com trav\u00f5es hidr\u00e1ulicos<br \/>\nCassete: SRAM RED XG-1290 E1, 12 velocidades, 10-33t<br \/>\nDesviador traseiro: SRAM RED AXS E1<\/li>\n<li>Ruedas y Neum\u00e1ticos<br \/>\nTubos: 700&#215;25-35, v\u00e1lvula Presta de 50 mm, TPU<br \/>\nPneu dianteiro: S-Works Turbo TLR Race, 700x28c<br \/>\nPneu traseiro: S-Works Turbo TLR Race, 700x28c<br \/>\nRoda dianteira: Roval Alpinist CLX III, Tubeless, aro de carbono com 33 mm de profundidade, 26,5 mm de largura exterior e 21 mm de largura interior, cubo de 21 raios Roval LF21-F com rolamentos de cer\u00e2mica Sinc, raios aero-compostos Roval by ARRIS com olhais de tit\u00e2nio<br \/>\nRoda traseira: Roval Alpinist CLX III, Tubeless, aro de carbono com 33 mm de profundidade, 26,5 mm de largura exterior e 21 mm de largura interior, cubo de 24 raios Roval LF19-R com rolamentos de cer\u00e2mica Sinc, raios aero-compostos Roval by ARRIS com encaixes de tit\u00e2nio<\/li>\n<li>Componentes (Cockpit)<br \/>\nGuiador\/Vara: Roval Alpinist Cockpit II, guiador e avan\u00e7o integrados<br \/>\nEspig\u00e3o de selim: Espig\u00e3o de selim Roval Alpinist em carbono com abra\u00e7adeira leve<br \/>\nSelim: S-Works Power com tecnologia Mirror<br \/>\nAbra\u00e7adeira de selim: Abra\u00e7adeira de selim em liga Specialized, 30,0 mm, parafuso de tit\u00e2nio<br \/>\nFita de guiador: Supacaz Super Sticky Kush<\/li>\n<li>Detalhes do produto<br \/>\nID do produto: 221563<br \/>\nPeso: 5,98 kg (13 lb, 2,9 oz), sem c\u00e2mara de ar<br \/>\nTamanho do peso: 56<\/li>\n<\/ul>\n","protected":false},"excerpt":{"rendered":"<p>Concebida para quebrar as regras do ciclismo de competi\u00e7\u00e3o e proporcionar uma experi\u00eancia de condu\u00e7\u00e3o pura e agrad\u00e1vel, a Aethos 2 foi concebida para desaparecer debaixo de ti. Impossivelmente reactiva, suave e sublime. Agora, com maior espa\u00e7o para os pneus, componentes refinados e geometria melhorada baseada em dados para um ajuste mais preciso, proporciona essa sensa\u00e7\u00e3o de condu\u00e7\u00e3o transcendente a mais ciclistas do que nunca.  <\/p>\n","protected":false},"featured_media":418348,"comment_status":"open","ping_status":"closed","template":"","meta":{"_acf_changed":false,"_et_pb_use_builder":"","_et_pb_old_content":"","_et_gb_content_width":"","inline_featured_image":false},"product_brand":[],"product_cat":[2459,378,5314,5312,5313],"product_tag":[],"class_list":{"0":"post-427092","1":"product","2":"type-product","3":"status-publish","4":"has-post-thumbnail","6":"product_cat-bicicletas-pt-pt-2","7":"product_cat-estrada","8":"product_cat-bicicletas-carretera-carbono-pt-pt","9":"product_cat-bicicletas-carretera-s-works-pt-pt","10":"product_cat-bicicletas-carretera-specialized-pt-pt","11":"product_shipping_class-bicicletas-pt-pt","13":"first","14":"instock","15":"taxable","16":"shipping-taxable","17":"purchasable","18":"product-type-variable","19":"wvs-archive-product-wrapper"},"acf":[],"yoast_head":"<!-- This site is optimized with the Yoast SEO Premium plugin v26.7 (Yoast SEO v26.7) - https:\/\/yoast.com\/wordpress\/plugins\/seo\/ -->\n<title>Specialized S-Works Aethos 2 RED AXS 2026 GR-100<\/title>\n<meta name=\"description\" content=\"Concebida para quebrar as regras do ciclismo de competi\u00e7\u00e3o, oferece uma experi\u00eancia de condu\u00e7\u00e3o pura e agrad\u00e1vel, concebida para desaparecer debaixo de ti.\" \/>\n<meta name=\"robots\" content=\"index, follow, max-snippet:-1, max-image-preview:large, max-video-preview:-1\" \/>\n<link rel=\"canonical\" href=\"https:\/\/gr-100.com\/pt-pt\/producto\/specialized-s-works-aethos-2-red-axs-2026\/\" \/>\n<meta property=\"og:locale\" content=\"pt_PT\" \/>\n<meta property=\"og:type\" content=\"article\" \/>\n<meta property=\"og:title\" content=\"Specialized S-Works Aethos 2 RED AXS 2026\" \/>\n<meta property=\"og:description\" content=\"Concebida para quebrar as regras do ciclismo de competi\u00e7\u00e3o, oferece uma experi\u00eancia de condu\u00e7\u00e3o pura e agrad\u00e1vel, concebida para desaparecer debaixo de ti.\" \/>\n<meta property=\"og:url\" content=\"https:\/\/gr-100.com\/pt-pt\/producto\/specialized-s-works-aethos-2-red-axs-2026\/\" \/>\n<meta property=\"og:site_name\" content=\"Gr-100 Tienda de ciclismo Specialized\" \/>\n<meta property=\"article:publisher\" content=\"https:\/\/www.facebook.com\/Gr100Bikes\" \/>\n<meta property=\"og:image\" content=\"https:\/\/gr-100.com\/wp-content\/uploads\/2025\/10\/aethos_26_1.jpg\" \/>\n\t<meta property=\"og:image:width\" content=\"1000\" \/>\n\t<meta property=\"og:image:height\" content=\"1000\" \/>\n\t<meta property=\"og:image:type\" content=\"image\/jpeg\" \/>\n<meta name=\"twitter:card\" content=\"summary_large_image\" \/>\n<meta name=\"twitter:label1\" content=\"Tempo estimado de leitura\" \/>\n\t<meta name=\"twitter:data1\" content=\"2 minutos\" \/>\n<script type=\"application\/ld+json\" class=\"yoast-schema-graph\">{\"@context\":\"https:\/\/schema.org\",\"@graph\":[{\"@type\":\"WebPage\",\"@id\":\"https:\/\/gr-100.com\/pt-pt\/producto\/specialized-s-works-aethos-2-red-axs-2026\/\",\"url\":\"https:\/\/gr-100.com\/pt-pt\/producto\/specialized-s-works-aethos-2-red-axs-2026\/\",\"name\":\"Specialized S-Works Aethos 2 RED AXS 2026 GR-100\",\"isPartOf\":{\"@id\":\"https:\/\/gr-100.com\/#website\"},\"primaryImageOfPage\":{\"@id\":\"https:\/\/gr-100.com\/pt-pt\/producto\/specialized-s-works-aethos-2-red-axs-2026\/#primaryimage\"},\"image\":{\"@id\":\"https:\/\/gr-100.com\/pt-pt\/producto\/specialized-s-works-aethos-2-red-axs-2026\/#primaryimage\"},\"thumbnailUrl\":\"https:\/\/gr-100.com\/wp-content\/uploads\/2025\/10\/aethos_26_1.jpg\",\"datePublished\":\"2025-10-02T16:59:12+00:00\",\"description\":\"Concebida para quebrar as regras do ciclismo de competi\u00e7\u00e3o, oferece uma experi\u00eancia de condu\u00e7\u00e3o pura e agrad\u00e1vel, concebida para desaparecer debaixo de ti.\",\"breadcrumb\":{\"@id\":\"https:\/\/gr-100.com\/pt-pt\/producto\/specialized-s-works-aethos-2-red-axs-2026\/#breadcrumb\"},\"inLanguage\":\"pt-PT\",\"potentialAction\":[{\"@type\":\"ReadAction\",\"target\":[\"https:\/\/gr-100.com\/pt-pt\/producto\/specialized-s-works-aethos-2-red-axs-2026\/\"]}]},{\"@type\":\"ImageObject\",\"inLanguage\":\"pt-PT\",\"@id\":\"https:\/\/gr-100.com\/pt-pt\/producto\/specialized-s-works-aethos-2-red-axs-2026\/#primaryimage\",\"url\":\"https:\/\/gr-100.com\/wp-content\/uploads\/2025\/10\/aethos_26_1.jpg\",\"contentUrl\":\"https:\/\/gr-100.com\/wp-content\/uploads\/2025\/10\/aethos_26_1.jpg\",\"width\":1000,\"height\":1000},{\"@type\":\"BreadcrumbList\",\"@id\":\"https:\/\/gr-100.com\/pt-pt\/producto\/specialized-s-works-aethos-2-red-axs-2026\/#breadcrumb\",\"itemListElement\":[{\"@type\":\"ListItem\",\"position\":1,\"name\":\"Portada\",\"item\":\"https:\/\/gr-100.com\/en\/\"},{\"@type\":\"ListItem\",\"position\":2,\"name\":\"Productos\",\"item\":\"https:\/\/gr-100.com\/?post_type=product\"},{\"@type\":\"ListItem\",\"position\":3,\"name\":\"Specialized S-Works Aethos 2 RED AXS 2026\"}]},{\"@type\":\"WebSite\",\"@id\":\"https:\/\/gr-100.com\/#website\",\"url\":\"https:\/\/gr-100.com\/\",\"name\":\"Gr-100 Tienda de ciclismo Specialized\",\"description\":\"GR-100 tenemos todas las gamas de bicicletas Specialized al mejor precio.\",\"publisher\":{\"@id\":\"https:\/\/gr-100.com\/#organization\"},\"alternateName\":\"Gr-100 Bikes\",\"potentialAction\":[{\"@type\":\"SearchAction\",\"target\":{\"@type\":\"EntryPoint\",\"urlTemplate\":\"https:\/\/gr-100.com\/?s={search_term_string}\"},\"query-input\":{\"@type\":\"PropertyValueSpecification\",\"valueRequired\":true,\"valueName\":\"search_term_string\"}}],\"inLanguage\":\"pt-PT\"},{\"@type\":\"Organization\",\"@id\":\"https:\/\/gr-100.com\/#organization\",\"name\":\"Gr-100\",\"url\":\"https:\/\/gr-100.com\/\",\"logo\":{\"@type\":\"ImageObject\",\"inLanguage\":\"pt-PT\",\"@id\":\"https:\/\/gr-100.com\/#\/schema\/logo\/image\/\",\"url\":\"https:\/\/gr-100.com\/wp-content\/uploads\/2023\/08\/logo-gr-100-bikes.png\",\"contentUrl\":\"https:\/\/gr-100.com\/wp-content\/uploads\/2023\/08\/logo-gr-100-bikes.png\",\"width\":707,\"height\":284,\"caption\":\"Gr-100\"},\"image\":{\"@id\":\"https:\/\/gr-100.com\/#\/schema\/logo\/image\/\"},\"sameAs\":[\"https:\/\/www.facebook.com\/Gr100Bikes\",\"https:\/\/www.instagram.com\/gr100bikes\/\",\"https:\/\/www.tiktok.com\/@gr100bikes\",\"https:\/\/twitter.com\/gr100mtbteam\",\"https:\/\/www.youtube.com\/c\/GR100Specialized\"]}]}<\/script>\n<!-- \/ Yoast SEO Premium plugin. -->","yoast_head_json":{"title":"Specialized S-Works Aethos 2 RED AXS 2026 GR-100","description":"Concebida para quebrar as regras do ciclismo de competi\u00e7\u00e3o, oferece uma experi\u00eancia de condu\u00e7\u00e3o pura e agrad\u00e1vel, concebida para desaparecer debaixo de ti.","robots":{"index":"index","follow":"follow","max-snippet":"max-snippet:-1","max-image-preview":"max-image-preview:large","max-video-preview":"max-video-preview:-1"},"canonical":"https:\/\/gr-100.com\/pt-pt\/producto\/specialized-s-works-aethos-2-red-axs-2026\/","og_locale":"pt_PT","og_type":"article","og_title":"Specialized S-Works Aethos 2 RED AXS 2026","og_description":"Concebida para quebrar as regras do ciclismo de competi\u00e7\u00e3o, oferece uma experi\u00eancia de condu\u00e7\u00e3o pura e agrad\u00e1vel, concebida para desaparecer debaixo de ti.","og_url":"https:\/\/gr-100.com\/pt-pt\/producto\/specialized-s-works-aethos-2-red-axs-2026\/","og_site_name":"Gr-100 Tienda de ciclismo Specialized","article_publisher":"https:\/\/www.facebook.com\/Gr100Bikes","og_image":[{"width":1000,"height":1000,"url":"https:\/\/gr-100.com\/wp-content\/uploads\/2025\/10\/aethos_26_1.jpg","type":"image\/jpeg"}],"twitter_card":"summary_large_image","twitter_misc":{"Tempo estimado de leitura":"2 minutos"},"schema":{"@context":"https:\/\/schema.org","@graph":[{"@type":"WebPage","@id":"https:\/\/gr-100.com\/pt-pt\/producto\/specialized-s-works-aethos-2-red-axs-2026\/","url":"https:\/\/gr-100.com\/pt-pt\/producto\/specialized-s-works-aethos-2-red-axs-2026\/","name":"Specialized S-Works Aethos 2 RED AXS 2026 GR-100","isPartOf":{"@id":"https:\/\/gr-100.com\/#website"},"primaryImageOfPage":{"@id":"https:\/\/gr-100.com\/pt-pt\/producto\/specialized-s-works-aethos-2-red-axs-2026\/#primaryimage"},"image":{"@id":"https:\/\/gr-100.com\/pt-pt\/producto\/specialized-s-works-aethos-2-red-axs-2026\/#primaryimage"},"thumbnailUrl":"https:\/\/gr-100.com\/wp-content\/uploads\/2025\/10\/aethos_26_1.jpg","datePublished":"2025-10-02T16:59:12+00:00","description":"Concebida para quebrar as regras do ciclismo de competi\u00e7\u00e3o, oferece uma experi\u00eancia de condu\u00e7\u00e3o pura e agrad\u00e1vel, concebida para desaparecer debaixo de ti.","breadcrumb":{"@id":"https:\/\/gr-100.com\/pt-pt\/producto\/specialized-s-works-aethos-2-red-axs-2026\/#breadcrumb"},"inLanguage":"pt-PT","potentialAction":[{"@type":"ReadAction","target":["https:\/\/gr-100.com\/pt-pt\/producto\/specialized-s-works-aethos-2-red-axs-2026\/"]}]},{"@type":"ImageObject","inLanguage":"pt-PT","@id":"https:\/\/gr-100.com\/pt-pt\/producto\/specialized-s-works-aethos-2-red-axs-2026\/#primaryimage","url":"https:\/\/gr-100.com\/wp-content\/uploads\/2025\/10\/aethos_26_1.jpg","contentUrl":"https:\/\/gr-100.com\/wp-content\/uploads\/2025\/10\/aethos_26_1.jpg","width":1000,"height":1000},{"@type":"BreadcrumbList","@id":"https:\/\/gr-100.com\/pt-pt\/producto\/specialized-s-works-aethos-2-red-axs-2026\/#breadcrumb","itemListElement":[{"@type":"ListItem","position":1,"name":"Portada","item":"https:\/\/gr-100.com\/en\/"},{"@type":"ListItem","position":2,"name":"Productos","item":"https:\/\/gr-100.com\/?post_type=product"},{"@type":"ListItem","position":3,"name":"Specialized S-Works Aethos 2 RED AXS 2026"}]},{"@type":"WebSite","@id":"https:\/\/gr-100.com\/#website","url":"https:\/\/gr-100.com\/","name":"Gr-100 Tienda de ciclismo Specialized","description":"GR-100 tenemos todas las gamas de bicicletas Specialized al mejor precio.","publisher":{"@id":"https:\/\/gr-100.com\/#organization"},"alternateName":"Gr-100 Bikes","potentialAction":[{"@type":"SearchAction","target":{"@type":"EntryPoint","urlTemplate":"https:\/\/gr-100.com\/?s={search_term_string}"},"query-input":{"@type":"PropertyValueSpecification","valueRequired":true,"valueName":"search_term_string"}}],"inLanguage":"pt-PT"},{"@type":"Organization","@id":"https:\/\/gr-100.com\/#organization","name":"Gr-100","url":"https:\/\/gr-100.com\/","logo":{"@type":"ImageObject","inLanguage":"pt-PT","@id":"https:\/\/gr-100.com\/#\/schema\/logo\/image\/","url":"https:\/\/gr-100.com\/wp-content\/uploads\/2023\/08\/logo-gr-100-bikes.png","contentUrl":"https:\/\/gr-100.com\/wp-content\/uploads\/2023\/08\/logo-gr-100-bikes.png","width":707,"height":284,"caption":"Gr-100"},"image":{"@id":"https:\/\/gr-100.com\/#\/schema\/logo\/image\/"},"sameAs":["https:\/\/www.facebook.com\/Gr100Bikes","https:\/\/www.instagram.com\/gr100bikes\/","https:\/\/www.tiktok.com\/@gr100bikes","https:\/\/twitter.com\/gr100mtbteam","https:\/\/www.youtube.com\/c\/GR100Specialized"]}]}},"_links":{"self":[{"href":"https:\/\/gr-100.com\/pt-pt\/wp-json\/wp\/v2\/product\/427092","targetHints":{"allow":["GET"]}}],"collection":[{"href":"https:\/\/gr-100.com\/pt-pt\/wp-json\/wp\/v2\/product"}],"about":[{"href":"https:\/\/gr-100.com\/pt-pt\/wp-json\/wp\/v2\/types\/product"}],"replies":[{"embeddable":true,"href":"https:\/\/gr-100.com\/pt-pt\/wp-json\/wp\/v2\/comments?post=427092"}],"wp:featuredmedia":[{"embeddable":true,"href":"https:\/\/gr-100.com\/pt-pt\/wp-json\/wp\/v2\/media\/418348"}],"wp:attachment":[{"href":"https:\/\/gr-100.com\/pt-pt\/wp-json\/wp\/v2\/media?parent=427092"}],"wp:term":[{"taxonomy":"product_brand","embeddable":true,"href":"https:\/\/gr-100.com\/pt-pt\/wp-json\/wp\/v2\/product_brand?post=427092"},{"taxonomy":"product_cat","embeddable":true,"href":"https:\/\/gr-100.com\/pt-pt\/wp-json\/wp\/v2\/product_cat?post=427092"},{"taxonomy":"product_tag","embeddable":true,"href":"https:\/\/gr-100.com\/pt-pt\/wp-json\/wp\/v2\/product_tag?post=427092"}],"curies":[{"name":"wp","href":"https:\/\/api.w.org\/{rel}","templated":true}]}}