{"id":427172,"date":"2025-09-16T12:12:12","date_gmt":"2025-09-16T11:12:12","guid":{"rendered":"https:\/\/gr-100.com\/producto\/specialized-roubaix-sl8-expert-shimano-ultegra-di2-2026\/"},"modified":"2025-09-16T12:12:12","modified_gmt":"2025-09-16T10:12:12","slug":"specialized-roubaix-sl8-expert-shimano-ultegra-di2-2026","status":"publish","type":"product","link":"https:\/\/gr-100.com\/pt-pt\/producto\/specialized-roubaix-sl8-expert-shimano-ultegra-di2-2026\/","title":{"rendered":"Specialized Roubaix SL8 Expert Shimano Ultegra Di2 2026"},"content":{"rendered":"<ul>\n<li>CAPACIDADE<br \/>\nA Roubaix foi pioneira na geometria de endurance, que te permite sentir como se estivesses na bicicleta e n\u00e3o dentro dela, reduzindo a press\u00e3o nas m\u00e3os, bra\u00e7os e ombros para conforto e confian\u00e7a em qualquer trilho. Mas tamb\u00e9m est\u00e1 pronta para descer uma montanha a toda a velocidade &#8211; abra\u00e7a-a!<br \/>\nCom at\u00e9 40 mm de espa\u00e7o livre para os pneus, esta bicicleta de estrada de resist\u00eancia oferece melhor tra\u00e7\u00e3o do que nunca em trilhos dif\u00edceis e at\u00e9 em gravilha ligeira. Gra\u00e7as aos pneus leves e super eficientes da Specialized, n\u00e3o h\u00e1 nenhuma desvantagem nesse volume e tra\u00e7\u00e3o extra.<br \/>\nA Roubaix inspira grandes aventuras na bicicleta, por isso equip\u00e1mo-la com tudo o que precisas: tr\u00eas suportes para garrafas, suportes para o tubo superior e at\u00e9 \u00e9 compat\u00edvel com guarda-lamas. Por isso, vai em frente e leva tudo contigo para a estrada.  <\/li>\n<li>DESEMPENHO<br \/>\nA nova Roubaix SL8 \u00e9 a mais aerodin\u00e2mica de sempre, com novas formas optimizadas do cat\u00e1logo Free Foil e estribos traseiros mais baixos. Com apenas 950 gramas, o quadro \u00e9 mais leve, com base nas li\u00e7\u00f5es aprendidas com o Aethos &#8211; o quadro de produ\u00e7\u00e3o mais leve do mundo e a mistura de carbono Fact 10r. Nada na sua classe \u00e9 mais r\u00e1pido ou mais leve do que a Roubaix.  <\/li>\n<li>ESPECIFICA\u00c7\u00d5ES T\u00c9CNICAS<\/li>\n<li>Quadro<br \/>\nQuadro: FACT 10R, Rider First Engineered\u2122 (RFE), tubos FreeFoil Shape Library, suporte inferior (BB) roscado, eixo passante 12x142mm, trav\u00e3o de disco de montagem plana.<br \/>\nSuspens\u00e3o<br \/>\nForqueta: Future Shock 3.2 com Smooth Boot, carbono FACT, eixo passante 12x100mm, trav\u00e3o de disco de montagem plana.<\/li>\n<li>Trav\u00f5es<br \/>\nTrav\u00e3o dianteiro: Shimano Ultegra R8100, hidr\u00e1ulico.<br \/>\nTrav\u00e3o traseiro: Shimano Ultegra R8100, hidr\u00e1ulico.<\/li>\n<li>Trem de for\u00e7a<br \/>\nSuporte inferior: Shimano BSA com rosca.<br \/>\nDesviador dianteiro: Shimano Ultegra Di2 R8150, tipo braze-on.<br \/>\nAlavancas de desviador\/trav\u00e3o: Shimano Ultegra Di2 R8170, trav\u00e3o de disco hidr\u00e1ulico.<br \/>\nPedaleira: Shimano Ultegra R8100, 50\/34 dentes.<br \/>\nDesviador traseiro: Shimano Ultegra R8150, 12 velocidades.<br \/>\nCassete: Shimano Ultegra, 12 velocidades, 11-34 dentes.<br \/>\nCorrente: Shimano XT M8100, 12 velocidades, com engate r\u00e1pido.<\/li>\n<li>Rodas e pneus<br \/>\nC\u00e2maras de ar: 700&#215;28\/38 mm, v\u00e1lvula Presta de 48 mm.<br \/>\nPneu dianteiro: Mondo TLR Endurance 700x32c, composto GRIPTON T2\/T5.<br \/>\nPneu traseiro: Mondo TLR Endurance 700x32c, composto GRIPTON T2\/T5.<br \/>\nRoda dianteira: Roval C38, aro de carbono com 21 mm de largura interior.<br \/>\nRoda traseira: Roval C38, aro de carbono com 21 mm de largura interior.<br \/>\nComponentes da<\/li>\n<li>Cockpit<br \/>\nSelim: Body Geometry Power Expert.<br \/>\nHaste: Future Stem, Pro.<br \/>\nBra\u00e7adeira de selim: Bra\u00e7adeira de queda oculta.<br \/>\nEspig\u00e3o de selim: S-Works Pav\u00e9.<br \/>\nGuiador: Specialized Hover Expert, alum\u00ednio, 125 mm de queda, 75 mm de alcance, com montagem Di2.<br \/>\nFita de guiador: Supacaz Super Sticky Kush.<\/li>\n<li>Peso (tamanho 56): 8,17 kg (18 lb, 0,2 oz)<\/li>\n<\/ul>\n","protected":false},"excerpt":{"rendered":"<p>CAPACIDADE A Roubaix foi pioneira na geometria de endurance, que te permite sentir como se estivesses na bicicleta e n\u00e3o dentro dela, reduzindo a press\u00e3o nas m\u00e3os, bra\u00e7os e ombros para conforto e confian\u00e7a em qualquer trilho. Mas tamb\u00e9m est\u00e1 pronta para descer uma montanha a toda a velocidade &#8211; abra\u00e7a-a! Com at\u00e9 40 mm [&hellip;]<\/p>\n","protected":false},"featured_media":415949,"comment_status":"open","ping_status":"closed","template":"","meta":{"_acf_changed":false,"_et_pb_use_builder":"","_et_pb_old_content":"","_et_gb_content_width":"","inline_featured_image":false},"product_brand":[],"product_cat":[378,5314,5313],"product_tag":[],"class_list":{"0":"post-427172","1":"product","2":"type-product","3":"status-publish","4":"has-post-thumbnail","6":"product_cat-estrada","7":"product_cat-bicicletas-carretera-carbono-pt-pt","8":"product_cat-bicicletas-carretera-specialized-pt-pt","9":"product_shipping_class-bicicletas-pt-pt","11":"first","12":"instock","13":"taxable","14":"shipping-taxable","15":"purchasable","16":"product-type-variable","17":"wvs-archive-product-wrapper"},"acf":[],"yoast_head":"<!-- This site is optimized with the Yoast SEO Premium plugin v26.7 (Yoast SEO v26.7) - https:\/\/yoast.com\/wordpress\/plugins\/seo\/ -->\n<title>Specialized Roubaix SL8 Expert Shimano Ultegra Di2 2026% GR-10<\/title>\n<meta name=\"description\" content=\"H\u00e1 duas d\u00e9cadas atr\u00e1s, cri\u00e1mos a categoria de bicicletas de estrada de endurance, provando que alta ergonomia significa alto desempenho. Hoje, a nova Roubaix SL8 com Future Shock 3.0 \u00e9 mais leve, mais r\u00e1pida e mais suave do que qualquer bicicleta de estrada alguma vez fabricada, libertando uma confian\u00e7a sem paralelo.\" \/>\n<meta name=\"robots\" content=\"index, follow, max-snippet:-1, max-image-preview:large, max-video-preview:-1\" \/>\n<link rel=\"canonical\" href=\"https:\/\/gr-100.com\/pt-pt\/producto\/specialized-roubaix-sl8-expert-shimano-ultegra-di2-2026\/\" \/>\n<meta property=\"og:locale\" content=\"pt_PT\" \/>\n<meta property=\"og:type\" content=\"article\" \/>\n<meta property=\"og:title\" content=\"Specialized Roubaix SL8 Expert Shimano Ultegra Di2 2026\" \/>\n<meta property=\"og:description\" content=\"H\u00e1 duas d\u00e9cadas atr\u00e1s, cri\u00e1mos a categoria de bicicletas de estrada de endurance, provando que alta ergonomia significa alto desempenho. Hoje, a nova Roubaix SL8 com Future Shock 3.0 \u00e9 mais leve, mais r\u00e1pida e mais suave do que qualquer bicicleta de estrada alguma vez fabricada, libertando uma confian\u00e7a sem paralelo.\" \/>\n<meta property=\"og:url\" content=\"https:\/\/gr-100.com\/pt-pt\/producto\/specialized-roubaix-sl8-expert-shimano-ultegra-di2-2026\/\" \/>\n<meta property=\"og:site_name\" content=\"Gr-100 Tienda de ciclismo Specialized\" \/>\n<meta property=\"article:publisher\" content=\"https:\/\/www.facebook.com\/Gr100Bikes\" \/>\n<meta property=\"og:image\" content=\"https:\/\/gr-100.com\/wp-content\/uploads\/2025\/09\/Diseno-sin-titulo-2025-09-16T115727.809.jpg\" \/>\n\t<meta property=\"og:image:width\" content=\"1000\" \/>\n\t<meta property=\"og:image:height\" content=\"1000\" \/>\n\t<meta property=\"og:image:type\" content=\"image\/jpeg\" \/>\n<meta name=\"twitter:card\" content=\"summary_large_image\" \/>\n<meta name=\"twitter:label1\" content=\"Tempo estimado de leitura\" \/>\n\t<meta name=\"twitter:data1\" content=\"2 minutos\" \/>\n<script type=\"application\/ld+json\" class=\"yoast-schema-graph\">{\"@context\":\"https:\/\/schema.org\",\"@graph\":[{\"@type\":\"WebPage\",\"@id\":\"https:\/\/gr-100.com\/pt-pt\/producto\/specialized-roubaix-sl8-expert-shimano-ultegra-di2-2026\/\",\"url\":\"https:\/\/gr-100.com\/pt-pt\/producto\/specialized-roubaix-sl8-expert-shimano-ultegra-di2-2026\/\",\"name\":\"Specialized Roubaix SL8 Expert Shimano Ultegra Di2 2026% GR-10\",\"isPartOf\":{\"@id\":\"https:\/\/gr-100.com\/#website\"},\"primaryImageOfPage\":{\"@id\":\"https:\/\/gr-100.com\/pt-pt\/producto\/specialized-roubaix-sl8-expert-shimano-ultegra-di2-2026\/#primaryimage\"},\"image\":{\"@id\":\"https:\/\/gr-100.com\/pt-pt\/producto\/specialized-roubaix-sl8-expert-shimano-ultegra-di2-2026\/#primaryimage\"},\"thumbnailUrl\":\"https:\/\/gr-100.com\/wp-content\/uploads\/2025\/09\/Diseno-sin-titulo-2025-09-16T115727.809.jpg\",\"datePublished\":\"2025-09-16T11:12:12+00:00\",\"description\":\"H\u00e1 duas d\u00e9cadas atr\u00e1s, cri\u00e1mos a categoria de bicicletas de estrada de endurance, provando que alta ergonomia significa alto desempenho. Hoje, a nova Roubaix SL8 com Future Shock 3.0 \u00e9 mais leve, mais r\u00e1pida e mais suave do que qualquer bicicleta de estrada alguma vez fabricada, libertando uma confian\u00e7a sem paralelo.\",\"breadcrumb\":{\"@id\":\"https:\/\/gr-100.com\/pt-pt\/producto\/specialized-roubaix-sl8-expert-shimano-ultegra-di2-2026\/#breadcrumb\"},\"inLanguage\":\"pt-PT\",\"potentialAction\":[{\"@type\":\"ReadAction\",\"target\":[\"https:\/\/gr-100.com\/pt-pt\/producto\/specialized-roubaix-sl8-expert-shimano-ultegra-di2-2026\/\"]}]},{\"@type\":\"ImageObject\",\"inLanguage\":\"pt-PT\",\"@id\":\"https:\/\/gr-100.com\/pt-pt\/producto\/specialized-roubaix-sl8-expert-shimano-ultegra-di2-2026\/#primaryimage\",\"url\":\"https:\/\/gr-100.com\/wp-content\/uploads\/2025\/09\/Diseno-sin-titulo-2025-09-16T115727.809.jpg\",\"contentUrl\":\"https:\/\/gr-100.com\/wp-content\/uploads\/2025\/09\/Diseno-sin-titulo-2025-09-16T115727.809.jpg\",\"width\":1000,\"height\":1000},{\"@type\":\"BreadcrumbList\",\"@id\":\"https:\/\/gr-100.com\/pt-pt\/producto\/specialized-roubaix-sl8-expert-shimano-ultegra-di2-2026\/#breadcrumb\",\"itemListElement\":[{\"@type\":\"ListItem\",\"position\":1,\"name\":\"Portada\",\"item\":\"https:\/\/gr-100.com\/en\/\"},{\"@type\":\"ListItem\",\"position\":2,\"name\":\"Productos\",\"item\":\"https:\/\/gr-100.com\/?post_type=product\"},{\"@type\":\"ListItem\",\"position\":3,\"name\":\"Specialized Roubaix SL8 Expert Shimano Ultegra Di2 2026\"}]},{\"@type\":\"WebSite\",\"@id\":\"https:\/\/gr-100.com\/#website\",\"url\":\"https:\/\/gr-100.com\/\",\"name\":\"Gr-100 Tienda de ciclismo Specialized\",\"description\":\"GR-100 tenemos todas las gamas de bicicletas Specialized al mejor precio.\",\"publisher\":{\"@id\":\"https:\/\/gr-100.com\/#organization\"},\"alternateName\":\"Gr-100 Bikes\",\"potentialAction\":[{\"@type\":\"SearchAction\",\"target\":{\"@type\":\"EntryPoint\",\"urlTemplate\":\"https:\/\/gr-100.com\/?s={search_term_string}\"},\"query-input\":{\"@type\":\"PropertyValueSpecification\",\"valueRequired\":true,\"valueName\":\"search_term_string\"}}],\"inLanguage\":\"pt-PT\"},{\"@type\":\"Organization\",\"@id\":\"https:\/\/gr-100.com\/#organization\",\"name\":\"Gr-100\",\"url\":\"https:\/\/gr-100.com\/\",\"logo\":{\"@type\":\"ImageObject\",\"inLanguage\":\"pt-PT\",\"@id\":\"https:\/\/gr-100.com\/#\/schema\/logo\/image\/\",\"url\":\"https:\/\/gr-100.com\/wp-content\/uploads\/2023\/08\/logo-gr-100-bikes.png\",\"contentUrl\":\"https:\/\/gr-100.com\/wp-content\/uploads\/2023\/08\/logo-gr-100-bikes.png\",\"width\":707,\"height\":284,\"caption\":\"Gr-100\"},\"image\":{\"@id\":\"https:\/\/gr-100.com\/#\/schema\/logo\/image\/\"},\"sameAs\":[\"https:\/\/www.facebook.com\/Gr100Bikes\",\"https:\/\/www.instagram.com\/gr100bikes\/\",\"https:\/\/www.tiktok.com\/@gr100bikes\",\"https:\/\/twitter.com\/gr100mtbteam\",\"https:\/\/www.youtube.com\/c\/GR100Specialized\"]}]}<\/script>\n<!-- \/ Yoast SEO Premium plugin. -->","yoast_head_json":{"title":"Specialized Roubaix SL8 Expert Shimano Ultegra Di2 2026% GR-10","description":"H\u00e1 duas d\u00e9cadas atr\u00e1s, cri\u00e1mos a categoria de bicicletas de estrada de endurance, provando que alta ergonomia significa alto desempenho. Hoje, a nova Roubaix SL8 com Future Shock 3.0 \u00e9 mais leve, mais r\u00e1pida e mais suave do que qualquer bicicleta de estrada alguma vez fabricada, libertando uma confian\u00e7a sem paralelo.","robots":{"index":"index","follow":"follow","max-snippet":"max-snippet:-1","max-image-preview":"max-image-preview:large","max-video-preview":"max-video-preview:-1"},"canonical":"https:\/\/gr-100.com\/pt-pt\/producto\/specialized-roubaix-sl8-expert-shimano-ultegra-di2-2026\/","og_locale":"pt_PT","og_type":"article","og_title":"Specialized Roubaix SL8 Expert Shimano Ultegra Di2 2026","og_description":"H\u00e1 duas d\u00e9cadas atr\u00e1s, cri\u00e1mos a categoria de bicicletas de estrada de endurance, provando que alta ergonomia significa alto desempenho. Hoje, a nova Roubaix SL8 com Future Shock 3.0 \u00e9 mais leve, mais r\u00e1pida e mais suave do que qualquer bicicleta de estrada alguma vez fabricada, libertando uma confian\u00e7a sem paralelo.","og_url":"https:\/\/gr-100.com\/pt-pt\/producto\/specialized-roubaix-sl8-expert-shimano-ultegra-di2-2026\/","og_site_name":"Gr-100 Tienda de ciclismo Specialized","article_publisher":"https:\/\/www.facebook.com\/Gr100Bikes","og_image":[{"width":1000,"height":1000,"url":"https:\/\/gr-100.com\/wp-content\/uploads\/2025\/09\/Diseno-sin-titulo-2025-09-16T115727.809.jpg","type":"image\/jpeg"}],"twitter_card":"summary_large_image","twitter_misc":{"Tempo estimado de leitura":"2 minutos"},"schema":{"@context":"https:\/\/schema.org","@graph":[{"@type":"WebPage","@id":"https:\/\/gr-100.com\/pt-pt\/producto\/specialized-roubaix-sl8-expert-shimano-ultegra-di2-2026\/","url":"https:\/\/gr-100.com\/pt-pt\/producto\/specialized-roubaix-sl8-expert-shimano-ultegra-di2-2026\/","name":"Specialized Roubaix SL8 Expert Shimano Ultegra Di2 2026% GR-10","isPartOf":{"@id":"https:\/\/gr-100.com\/#website"},"primaryImageOfPage":{"@id":"https:\/\/gr-100.com\/pt-pt\/producto\/specialized-roubaix-sl8-expert-shimano-ultegra-di2-2026\/#primaryimage"},"image":{"@id":"https:\/\/gr-100.com\/pt-pt\/producto\/specialized-roubaix-sl8-expert-shimano-ultegra-di2-2026\/#primaryimage"},"thumbnailUrl":"https:\/\/gr-100.com\/wp-content\/uploads\/2025\/09\/Diseno-sin-titulo-2025-09-16T115727.809.jpg","datePublished":"2025-09-16T11:12:12+00:00","description":"H\u00e1 duas d\u00e9cadas atr\u00e1s, cri\u00e1mos a categoria de bicicletas de estrada de endurance, provando que alta ergonomia significa alto desempenho. Hoje, a nova Roubaix SL8 com Future Shock 3.0 \u00e9 mais leve, mais r\u00e1pida e mais suave do que qualquer bicicleta de estrada alguma vez fabricada, libertando uma confian\u00e7a sem paralelo.","breadcrumb":{"@id":"https:\/\/gr-100.com\/pt-pt\/producto\/specialized-roubaix-sl8-expert-shimano-ultegra-di2-2026\/#breadcrumb"},"inLanguage":"pt-PT","potentialAction":[{"@type":"ReadAction","target":["https:\/\/gr-100.com\/pt-pt\/producto\/specialized-roubaix-sl8-expert-shimano-ultegra-di2-2026\/"]}]},{"@type":"ImageObject","inLanguage":"pt-PT","@id":"https:\/\/gr-100.com\/pt-pt\/producto\/specialized-roubaix-sl8-expert-shimano-ultegra-di2-2026\/#primaryimage","url":"https:\/\/gr-100.com\/wp-content\/uploads\/2025\/09\/Diseno-sin-titulo-2025-09-16T115727.809.jpg","contentUrl":"https:\/\/gr-100.com\/wp-content\/uploads\/2025\/09\/Diseno-sin-titulo-2025-09-16T115727.809.jpg","width":1000,"height":1000},{"@type":"BreadcrumbList","@id":"https:\/\/gr-100.com\/pt-pt\/producto\/specialized-roubaix-sl8-expert-shimano-ultegra-di2-2026\/#breadcrumb","itemListElement":[{"@type":"ListItem","position":1,"name":"Portada","item":"https:\/\/gr-100.com\/en\/"},{"@type":"ListItem","position":2,"name":"Productos","item":"https:\/\/gr-100.com\/?post_type=product"},{"@type":"ListItem","position":3,"name":"Specialized Roubaix SL8 Expert Shimano Ultegra Di2 2026"}]},{"@type":"WebSite","@id":"https:\/\/gr-100.com\/#website","url":"https:\/\/gr-100.com\/","name":"Gr-100 Tienda de ciclismo Specialized","description":"GR-100 tenemos todas las gamas de bicicletas Specialized al mejor precio.","publisher":{"@id":"https:\/\/gr-100.com\/#organization"},"alternateName":"Gr-100 Bikes","potentialAction":[{"@type":"SearchAction","target":{"@type":"EntryPoint","urlTemplate":"https:\/\/gr-100.com\/?s={search_term_string}"},"query-input":{"@type":"PropertyValueSpecification","valueRequired":true,"valueName":"search_term_string"}}],"inLanguage":"pt-PT"},{"@type":"Organization","@id":"https:\/\/gr-100.com\/#organization","name":"Gr-100","url":"https:\/\/gr-100.com\/","logo":{"@type":"ImageObject","inLanguage":"pt-PT","@id":"https:\/\/gr-100.com\/#\/schema\/logo\/image\/","url":"https:\/\/gr-100.com\/wp-content\/uploads\/2023\/08\/logo-gr-100-bikes.png","contentUrl":"https:\/\/gr-100.com\/wp-content\/uploads\/2023\/08\/logo-gr-100-bikes.png","width":707,"height":284,"caption":"Gr-100"},"image":{"@id":"https:\/\/gr-100.com\/#\/schema\/logo\/image\/"},"sameAs":["https:\/\/www.facebook.com\/Gr100Bikes","https:\/\/www.instagram.com\/gr100bikes\/","https:\/\/www.tiktok.com\/@gr100bikes","https:\/\/twitter.com\/gr100mtbteam","https:\/\/www.youtube.com\/c\/GR100Specialized"]}]}},"_links":{"self":[{"href":"https:\/\/gr-100.com\/pt-pt\/wp-json\/wp\/v2\/product\/427172","targetHints":{"allow":["GET"]}}],"collection":[{"href":"https:\/\/gr-100.com\/pt-pt\/wp-json\/wp\/v2\/product"}],"about":[{"href":"https:\/\/gr-100.com\/pt-pt\/wp-json\/wp\/v2\/types\/product"}],"replies":[{"embeddable":true,"href":"https:\/\/gr-100.com\/pt-pt\/wp-json\/wp\/v2\/comments?post=427172"}],"wp:featuredmedia":[{"embeddable":true,"href":"https:\/\/gr-100.com\/pt-pt\/wp-json\/wp\/v2\/media\/415949"}],"wp:attachment":[{"href":"https:\/\/gr-100.com\/pt-pt\/wp-json\/wp\/v2\/media?parent=427172"}],"wp:term":[{"taxonomy":"product_brand","embeddable":true,"href":"https:\/\/gr-100.com\/pt-pt\/wp-json\/wp\/v2\/product_brand?post=427172"},{"taxonomy":"product_cat","embeddable":true,"href":"https:\/\/gr-100.com\/pt-pt\/wp-json\/wp\/v2\/product_cat?post=427172"},{"taxonomy":"product_tag","embeddable":true,"href":"https:\/\/gr-100.com\/pt-pt\/wp-json\/wp\/v2\/product_tag?post=427172"}],"curies":[{"name":"wp","href":"https:\/\/api.w.org\/{rel}","templated":true}]}}