{"id":427196,"date":"2025-09-11T13:20:21","date_gmt":"2025-09-11T12:20:21","guid":{"rendered":"https:\/\/gr-100.com\/producto\/specialized-allez-2026\/"},"modified":"2025-09-11T13:20:21","modified_gmt":"2025-09-11T11:20:21","slug":"specialized-allez-2026","status":"publish","type":"product","link":"https:\/\/gr-100.com\/pt-pt\/producto\/specialized-allez-2026\/","title":{"rendered":"Specialized Allez 2026"},"content":{"rendered":"<ul>\n<li>A MAIS LEVE DA SUA CLASSE: Com alum\u00ednio E5 de primeira qualidade com duplo encaixe, o quadro da Allez pesa apenas 1.375** gramas para uma sensa\u00e7\u00e3o r\u00e1pida e \u00e1gil na estrada. Al\u00e9m disso, a forqueta de carbono reduz ainda mais o peso &#8211; aqui n\u00e3o h\u00e1 tubo de dire\u00e7\u00e3o de alum\u00ednio escondido &#8211; ao mesmo tempo que ajuda a suavizar a condu\u00e7\u00e3o. E com escolhas de constru\u00e7\u00e3o pensadas e modernas, n\u00e3o \u00e9 de admirar que a Allez seja tamb\u00e9m a mais leve da sua classe.  <\/li>\n<li>CONFIAN\u00c7A INCR\u00cdVEL: Este quadro de alum\u00ednio E5 de primeira qualidade \u00e9 leve, r\u00e1pido, dur\u00e1vel e &#8211; j\u00e1 te dissemos &#8211; bonito? A excelente rela\u00e7\u00e3o rigidez\/peso, juntamente com o incompar\u00e1vel poder de travagem dos trav\u00f5es de disco de pist\u00e3o duplo para todas as condi\u00e7\u00f5es, oferece a m\u00e1xima confian\u00e7a a qualquer velocidade. Al\u00e9m disso, utiliz\u00e1mos a lend\u00e1ria geometria de resist\u00eancia da Roubaix para proporcionar um conforto inigual\u00e1vel durante longos quil\u00f3metros e uma condu\u00e7\u00e3o est\u00e1vel, ao mesmo tempo que garantimos que a Allez pode dissecar uma estrada sinuosa como uma bicicleta de corrida pura.  <\/li>\n<li>VERSATILIDADE E DESEMPENHO: T\u00e3o capaz de te levar ao trabalho ou \u00e0s aulas como de marcar um KOM local ou um passeio de grupo ao fim de semana, os suportes de rack e guarda-lamas asseguram que a Allez \u00e9 suficientemente vers\u00e1til para qualquer estrada em que a leves. Com at\u00e9 35 mm de dist\u00e2ncia entre rodas (32 mm com guarda-lamas), estar\u00e1s pronto para as estradas mais dif\u00edceis e at\u00e9 para um pouco de todo-o-terreno. Se as estradas se tornarem \u00edngremes, a Allez tem uma caixa de velocidades ampla, capaz de te manter confort\u00e1vel na cad\u00eancia que precisas para pedalar da forma mais eficiente.  <\/li>\n<li>Bicicletas de liga leve com trav\u00f5es de disco na mesma gama de pre\u00e7os est\u00e3o dispon\u00edveis na loja.<br \/>\nCom base nos pesos de produ\u00e7\u00e3o. O peso final pode variar ligeiramente.<br \/>\nAlgumas bicicletas est\u00e3o equipadas com porta-bagagens, guarda-lamas e rodas de carbono opcionais. <\/li>\n<li>O fi\u00e1vel sistema de transmiss\u00e3o Shimano, com coroas 50-34 \u00e0 frente e cassete 11-32 atr\u00e1s, d\u00e1-te a versatilidade de que precisas para acompanhar o ritmo dos teus passeios em grupo ou enfrentar as subidas mais \u00edngremes no teu trajeto para o trabalho.<\/li>\n<li>Os pneus de 30 mm oferecem-te a vantagem de press\u00f5es mais baixas, suavizando as estradas irregulares, e uma maior \u00e1rea de contacto para uma maior confian\u00e7a em cada viagem.<\/li>\n<li>Os trav\u00f5es de disco de 160 mm \u00e0 frente e atr\u00e1s d\u00e3o-te mais pot\u00eancia de travagem e modula\u00e7\u00e3o em todas as condi\u00e7\u00f5es climat\u00e9ricas.<\/li>\n<li>Uma forqueta totalmente em carbono e um quadro em liga leve E5 com uma geometria de estrada que inspira confian\u00e7a colocam-te na posi\u00e7\u00e3o perfeita para passeios em grupo ou aventuras de estrada a solo. Os suportes ocultos para guarda-lamas e porta-bagagens tornam a Allez tamb\u00e9m facilmente adapt\u00e1vel \u00e0s tuas desloca\u00e7\u00f5es durante todo o ano. <\/li>\n<li>Especifica\u00e7\u00f5es t\u00e9cnicas<\/li>\n<li>Quadro<br \/>\nQuadro<br \/>\nSpecialized E5 Premium Aluminum, disco de montagem plana, tubos totalmente manipulados com SmoothWelds, encaminhamento interno de cabos, BB roscado, eixo passante 12x142mm<\/li>\n<li>Suspens\u00e3o<br \/>\nForquilha<br \/>\nSpecialized FACT full carbon, disco de montagem plana, cone de 1-1\/8&#8243; a 1-3\/8&#8243;, ilh\u00f3s para guarda-lamas, eixo passante 12x100mm<\/li>\n<li>Frenos<br \/>\nFreno delantero<br \/>\nShimano CUES Hydraulic Brake<br \/>\nFreno trasero<br \/>\nShimano CUES Hydraulic Brake<\/li>\n<li>Drivetrain<br \/>\nCorrente<br \/>\nKMC XGlide<br \/>\nPedaleira<br \/>\nShimano CUES FC-U6030, 50\/34T<br \/>\nDesviador dianteiro<br \/>\nShimano CUES FD-U6030, Braze-on<br \/>\nDesviador traseiro<br \/>\nShimano CUES RD-U6020, 10sp<br \/>\nShimano CUES ST-U6030<br \/>\nShimano CUES ST-U6030<br \/>\nCassete<br \/>\nShimano CUES, 11-39T, 10sp<br \/>\nConcha do suporte inferior<br \/>\nShimano Threaded BSA BB<\/li>\n<li>Rodas e pneus<br \/>\nTubos<br \/>\nPresta, 700&#215;28-32mm<br \/>\nRoda dianteira<br \/>\nAXIS Sport Disc<br \/>\nRoda traseira<br \/>\nAXIS Sport Disc<br \/>\nPneu dianteiro<br \/>\nRoadSport, 700&#215;30<br \/>\nPneu traseiro<br \/>\nRoadSport, 700&#215;30<\/li>\n<li>Cockpit<br \/>\nHaste<br \/>\nLiga forjada em 3D, 31,8 mm, 7 graus de subida<br \/>\nEspig\u00e3o de selim<br \/>\nLiga, grampo de 2 parafusos, 12 mm de desvio, 27.2mm, ferragens anti-corros\u00e3o<br \/>\nSelim<br \/>\nSelim Body Geometry Bridge, carris de a\u00e7o<br \/>\nBra\u00e7adeira do selim<br \/>\nTipo parafuso, Compat\u00edvel com rack 31,8mm<br \/>\nGuiador<br \/>\nSpecialized Shallow Drop, 6061, 70x125mm, bra\u00e7adeira 31,8mm<br \/>\nFita de guiador<br \/>\nSupacaz Suave<\/li>\n<li>Peso<br \/>\nPeso<br \/>\n10,0 kg (22 lb, 0,7 oz)<br \/>\nTamanho<br \/>\n56<\/li>\n<\/ul>\n","protected":false},"excerpt":{"rendered":"<p>Quatro d\u00e9cadas depois de termos lan\u00e7ado a primeira Specialized Allez na estrada, trazemos-te a sua melhor vers\u00e3o at\u00e9 hoje. A mais leve da sua classe*, oferece mais confian\u00e7a, versatilidade e desempenho do que nunca, a mais ciclistas do que nunca. Quer procures alum\u00ednio de alta qualidade, uma bicicleta para fins-de-semana e passeios r\u00e1pidos, quer estejas apenas a iniciar-te na estrada, o desempenho na estrada come\u00e7a com a Allez.  <\/p>\n","protected":false},"featured_media":415317,"comment_status":"open","ping_status":"closed","template":"","meta":{"_acf_changed":false,"_et_pb_use_builder":"","_et_pb_old_content":"","_et_gb_content_width":"","inline_featured_image":false},"product_brand":[],"product_cat":[2459,378,5313],"product_tag":[],"class_list":{"0":"post-427196","1":"product","2":"type-product","3":"status-publish","4":"has-post-thumbnail","6":"product_cat-bicicletas-pt-pt-2","7":"product_cat-estrada","8":"product_cat-bicicletas-carretera-specialized-pt-pt","9":"product_shipping_class-bicicletas-pt-pt","11":"first","12":"instock","13":"taxable","14":"shipping-taxable","15":"purchasable","16":"product-type-variable","17":"wvs-archive-product-wrapper"},"acf":[],"yoast_head":"<!-- This site is optimized with the Yoast SEO Premium plugin v26.7 (Yoast SEO v26.7) - https:\/\/yoast.com\/wordpress\/plugins\/seo\/ -->\n<title>Specialized Allez 2026 GR-100<\/title>\n<meta name=\"description\" content=\"Quatro d\u00e9cadas depois de termos lan\u00e7ado a primeira Specialized Allez na estrada, trazemos-te a sua melhor vers\u00e3o at\u00e9 hoje. A mais leve da sua classe*, oferece mais confian\u00e7a, versatilidade e desempenho do que nunca, a mais ciclistas do que nunca. Quer procures alum\u00ednio de alta qualidade, uma bicicleta para fins-de-semana e passeios r\u00e1pidos, quer estejas apenas a iniciar-te na estrada, o desempenho na estrada come\u00e7a com a Allez.\" \/>\n<meta name=\"robots\" content=\"index, follow, max-snippet:-1, max-image-preview:large, max-video-preview:-1\" \/>\n<link rel=\"canonical\" href=\"https:\/\/gr-100.com\/pt-pt\/producto\/specialized-allez-2026\/\" \/>\n<meta property=\"og:locale\" content=\"pt_PT\" \/>\n<meta property=\"og:type\" content=\"article\" \/>\n<meta property=\"og:title\" content=\"Specialized Allez 2026\" \/>\n<meta property=\"og:description\" content=\"Quatro d\u00e9cadas depois de termos lan\u00e7ado a primeira Specialized Allez na estrada, trazemos-te a sua melhor vers\u00e3o at\u00e9 hoje. A mais leve da sua classe*, oferece mais confian\u00e7a, versatilidade e desempenho do que nunca, a mais ciclistas do que nunca. Quer procures alum\u00ednio de alta qualidade, uma bicicleta para fins-de-semana e passeios r\u00e1pidos, quer estejas apenas a iniciar-te na estrada, o desempenho na estrada come\u00e7a com a Allez.\" \/>\n<meta property=\"og:url\" content=\"https:\/\/gr-100.com\/pt-pt\/producto\/specialized-allez-2026\/\" \/>\n<meta property=\"og:site_name\" content=\"Gr-100 Tienda de ciclismo Specialized\" \/>\n<meta property=\"article:publisher\" content=\"https:\/\/www.facebook.com\/Gr100Bikes\" \/>\n<meta property=\"og:image\" content=\"https:\/\/gr-100.com\/wp-content\/uploads\/2025\/09\/Diseno-sin-titulo-2025-09-11T124917.019.jpg\" \/>\n\t<meta property=\"og:image:width\" content=\"1000\" \/>\n\t<meta property=\"og:image:height\" content=\"1000\" \/>\n\t<meta property=\"og:image:type\" content=\"image\/jpeg\" \/>\n<meta name=\"twitter:card\" content=\"summary_large_image\" \/>\n<meta name=\"twitter:label1\" content=\"Tempo estimado de leitura\" \/>\n\t<meta name=\"twitter:data1\" content=\"4 minutos\" \/>\n<script type=\"application\/ld+json\" class=\"yoast-schema-graph\">{\"@context\":\"https:\/\/schema.org\",\"@graph\":[{\"@type\":\"WebPage\",\"@id\":\"https:\/\/gr-100.com\/pt-pt\/producto\/specialized-allez-2026\/\",\"url\":\"https:\/\/gr-100.com\/pt-pt\/producto\/specialized-allez-2026\/\",\"name\":\"Specialized Allez 2026 GR-100\",\"isPartOf\":{\"@id\":\"https:\/\/gr-100.com\/#website\"},\"primaryImageOfPage\":{\"@id\":\"https:\/\/gr-100.com\/pt-pt\/producto\/specialized-allez-2026\/#primaryimage\"},\"image\":{\"@id\":\"https:\/\/gr-100.com\/pt-pt\/producto\/specialized-allez-2026\/#primaryimage\"},\"thumbnailUrl\":\"https:\/\/gr-100.com\/wp-content\/uploads\/2025\/09\/Diseno-sin-titulo-2025-09-11T124917.019.jpg\",\"datePublished\":\"2025-09-11T12:20:21+00:00\",\"description\":\"Quatro d\u00e9cadas depois de termos lan\u00e7ado a primeira Specialized Allez na estrada, trazemos-te a sua melhor vers\u00e3o at\u00e9 hoje. A mais leve da sua classe*, oferece mais confian\u00e7a, versatilidade e desempenho do que nunca, a mais ciclistas do que nunca. Quer procures alum\u00ednio de alta qualidade, uma bicicleta para fins-de-semana e passeios r\u00e1pidos, quer estejas apenas a iniciar-te na estrada, o desempenho na estrada come\u00e7a com a Allez.\",\"breadcrumb\":{\"@id\":\"https:\/\/gr-100.com\/pt-pt\/producto\/specialized-allez-2026\/#breadcrumb\"},\"inLanguage\":\"pt-PT\",\"potentialAction\":[{\"@type\":\"ReadAction\",\"target\":[\"https:\/\/gr-100.com\/pt-pt\/producto\/specialized-allez-2026\/\"]}]},{\"@type\":\"ImageObject\",\"inLanguage\":\"pt-PT\",\"@id\":\"https:\/\/gr-100.com\/pt-pt\/producto\/specialized-allez-2026\/#primaryimage\",\"url\":\"https:\/\/gr-100.com\/wp-content\/uploads\/2025\/09\/Diseno-sin-titulo-2025-09-11T124917.019.jpg\",\"contentUrl\":\"https:\/\/gr-100.com\/wp-content\/uploads\/2025\/09\/Diseno-sin-titulo-2025-09-11T124917.019.jpg\",\"width\":1000,\"height\":1000},{\"@type\":\"BreadcrumbList\",\"@id\":\"https:\/\/gr-100.com\/pt-pt\/producto\/specialized-allez-2026\/#breadcrumb\",\"itemListElement\":[{\"@type\":\"ListItem\",\"position\":1,\"name\":\"Portada\",\"item\":\"https:\/\/gr-100.com\/en\/\"},{\"@type\":\"ListItem\",\"position\":2,\"name\":\"Productos\",\"item\":\"https:\/\/gr-100.com\/?post_type=product\"},{\"@type\":\"ListItem\",\"position\":3,\"name\":\"Specialized Allez 2026\"}]},{\"@type\":\"WebSite\",\"@id\":\"https:\/\/gr-100.com\/#website\",\"url\":\"https:\/\/gr-100.com\/\",\"name\":\"Gr-100 Tienda de ciclismo Specialized\",\"description\":\"GR-100 tenemos todas las gamas de bicicletas Specialized al mejor precio.\",\"publisher\":{\"@id\":\"https:\/\/gr-100.com\/#organization\"},\"alternateName\":\"Gr-100 Bikes\",\"potentialAction\":[{\"@type\":\"SearchAction\",\"target\":{\"@type\":\"EntryPoint\",\"urlTemplate\":\"https:\/\/gr-100.com\/?s={search_term_string}\"},\"query-input\":{\"@type\":\"PropertyValueSpecification\",\"valueRequired\":true,\"valueName\":\"search_term_string\"}}],\"inLanguage\":\"pt-PT\"},{\"@type\":\"Organization\",\"@id\":\"https:\/\/gr-100.com\/#organization\",\"name\":\"Gr-100\",\"url\":\"https:\/\/gr-100.com\/\",\"logo\":{\"@type\":\"ImageObject\",\"inLanguage\":\"pt-PT\",\"@id\":\"https:\/\/gr-100.com\/#\/schema\/logo\/image\/\",\"url\":\"https:\/\/gr-100.com\/wp-content\/uploads\/2023\/08\/logo-gr-100-bikes.png\",\"contentUrl\":\"https:\/\/gr-100.com\/wp-content\/uploads\/2023\/08\/logo-gr-100-bikes.png\",\"width\":707,\"height\":284,\"caption\":\"Gr-100\"},\"image\":{\"@id\":\"https:\/\/gr-100.com\/#\/schema\/logo\/image\/\"},\"sameAs\":[\"https:\/\/www.facebook.com\/Gr100Bikes\",\"https:\/\/www.instagram.com\/gr100bikes\/\",\"https:\/\/www.tiktok.com\/@gr100bikes\",\"https:\/\/twitter.com\/gr100mtbteam\",\"https:\/\/www.youtube.com\/c\/GR100Specialized\"]}]}<\/script>\n<!-- \/ Yoast SEO Premium plugin. -->","yoast_head_json":{"title":"Specialized Allez 2026 GR-100","description":"Quatro d\u00e9cadas depois de termos lan\u00e7ado a primeira Specialized Allez na estrada, trazemos-te a sua melhor vers\u00e3o at\u00e9 hoje. A mais leve da sua classe*, oferece mais confian\u00e7a, versatilidade e desempenho do que nunca, a mais ciclistas do que nunca. Quer procures alum\u00ednio de alta qualidade, uma bicicleta para fins-de-semana e passeios r\u00e1pidos, quer estejas apenas a iniciar-te na estrada, o desempenho na estrada come\u00e7a com a Allez.","robots":{"index":"index","follow":"follow","max-snippet":"max-snippet:-1","max-image-preview":"max-image-preview:large","max-video-preview":"max-video-preview:-1"},"canonical":"https:\/\/gr-100.com\/pt-pt\/producto\/specialized-allez-2026\/","og_locale":"pt_PT","og_type":"article","og_title":"Specialized Allez 2026","og_description":"Quatro d\u00e9cadas depois de termos lan\u00e7ado a primeira Specialized Allez na estrada, trazemos-te a sua melhor vers\u00e3o at\u00e9 hoje. A mais leve da sua classe*, oferece mais confian\u00e7a, versatilidade e desempenho do que nunca, a mais ciclistas do que nunca. Quer procures alum\u00ednio de alta qualidade, uma bicicleta para fins-de-semana e passeios r\u00e1pidos, quer estejas apenas a iniciar-te na estrada, o desempenho na estrada come\u00e7a com a Allez.","og_url":"https:\/\/gr-100.com\/pt-pt\/producto\/specialized-allez-2026\/","og_site_name":"Gr-100 Tienda de ciclismo Specialized","article_publisher":"https:\/\/www.facebook.com\/Gr100Bikes","og_image":[{"width":1000,"height":1000,"url":"https:\/\/gr-100.com\/wp-content\/uploads\/2025\/09\/Diseno-sin-titulo-2025-09-11T124917.019.jpg","type":"image\/jpeg"}],"twitter_card":"summary_large_image","twitter_misc":{"Tempo estimado de leitura":"4 minutos"},"schema":{"@context":"https:\/\/schema.org","@graph":[{"@type":"WebPage","@id":"https:\/\/gr-100.com\/pt-pt\/producto\/specialized-allez-2026\/","url":"https:\/\/gr-100.com\/pt-pt\/producto\/specialized-allez-2026\/","name":"Specialized Allez 2026 GR-100","isPartOf":{"@id":"https:\/\/gr-100.com\/#website"},"primaryImageOfPage":{"@id":"https:\/\/gr-100.com\/pt-pt\/producto\/specialized-allez-2026\/#primaryimage"},"image":{"@id":"https:\/\/gr-100.com\/pt-pt\/producto\/specialized-allez-2026\/#primaryimage"},"thumbnailUrl":"https:\/\/gr-100.com\/wp-content\/uploads\/2025\/09\/Diseno-sin-titulo-2025-09-11T124917.019.jpg","datePublished":"2025-09-11T12:20:21+00:00","description":"Quatro d\u00e9cadas depois de termos lan\u00e7ado a primeira Specialized Allez na estrada, trazemos-te a sua melhor vers\u00e3o at\u00e9 hoje. A mais leve da sua classe*, oferece mais confian\u00e7a, versatilidade e desempenho do que nunca, a mais ciclistas do que nunca. Quer procures alum\u00ednio de alta qualidade, uma bicicleta para fins-de-semana e passeios r\u00e1pidos, quer estejas apenas a iniciar-te na estrada, o desempenho na estrada come\u00e7a com a Allez.","breadcrumb":{"@id":"https:\/\/gr-100.com\/pt-pt\/producto\/specialized-allez-2026\/#breadcrumb"},"inLanguage":"pt-PT","potentialAction":[{"@type":"ReadAction","target":["https:\/\/gr-100.com\/pt-pt\/producto\/specialized-allez-2026\/"]}]},{"@type":"ImageObject","inLanguage":"pt-PT","@id":"https:\/\/gr-100.com\/pt-pt\/producto\/specialized-allez-2026\/#primaryimage","url":"https:\/\/gr-100.com\/wp-content\/uploads\/2025\/09\/Diseno-sin-titulo-2025-09-11T124917.019.jpg","contentUrl":"https:\/\/gr-100.com\/wp-content\/uploads\/2025\/09\/Diseno-sin-titulo-2025-09-11T124917.019.jpg","width":1000,"height":1000},{"@type":"BreadcrumbList","@id":"https:\/\/gr-100.com\/pt-pt\/producto\/specialized-allez-2026\/#breadcrumb","itemListElement":[{"@type":"ListItem","position":1,"name":"Portada","item":"https:\/\/gr-100.com\/en\/"},{"@type":"ListItem","position":2,"name":"Productos","item":"https:\/\/gr-100.com\/?post_type=product"},{"@type":"ListItem","position":3,"name":"Specialized Allez 2026"}]},{"@type":"WebSite","@id":"https:\/\/gr-100.com\/#website","url":"https:\/\/gr-100.com\/","name":"Gr-100 Tienda de ciclismo Specialized","description":"GR-100 tenemos todas las gamas de bicicletas Specialized al mejor precio.","publisher":{"@id":"https:\/\/gr-100.com\/#organization"},"alternateName":"Gr-100 Bikes","potentialAction":[{"@type":"SearchAction","target":{"@type":"EntryPoint","urlTemplate":"https:\/\/gr-100.com\/?s={search_term_string}"},"query-input":{"@type":"PropertyValueSpecification","valueRequired":true,"valueName":"search_term_string"}}],"inLanguage":"pt-PT"},{"@type":"Organization","@id":"https:\/\/gr-100.com\/#organization","name":"Gr-100","url":"https:\/\/gr-100.com\/","logo":{"@type":"ImageObject","inLanguage":"pt-PT","@id":"https:\/\/gr-100.com\/#\/schema\/logo\/image\/","url":"https:\/\/gr-100.com\/wp-content\/uploads\/2023\/08\/logo-gr-100-bikes.png","contentUrl":"https:\/\/gr-100.com\/wp-content\/uploads\/2023\/08\/logo-gr-100-bikes.png","width":707,"height":284,"caption":"Gr-100"},"image":{"@id":"https:\/\/gr-100.com\/#\/schema\/logo\/image\/"},"sameAs":["https:\/\/www.facebook.com\/Gr100Bikes","https:\/\/www.instagram.com\/gr100bikes\/","https:\/\/www.tiktok.com\/@gr100bikes","https:\/\/twitter.com\/gr100mtbteam","https:\/\/www.youtube.com\/c\/GR100Specialized"]}]}},"_links":{"self":[{"href":"https:\/\/gr-100.com\/pt-pt\/wp-json\/wp\/v2\/product\/427196","targetHints":{"allow":["GET"]}}],"collection":[{"href":"https:\/\/gr-100.com\/pt-pt\/wp-json\/wp\/v2\/product"}],"about":[{"href":"https:\/\/gr-100.com\/pt-pt\/wp-json\/wp\/v2\/types\/product"}],"replies":[{"embeddable":true,"href":"https:\/\/gr-100.com\/pt-pt\/wp-json\/wp\/v2\/comments?post=427196"}],"wp:featuredmedia":[{"embeddable":true,"href":"https:\/\/gr-100.com\/pt-pt\/wp-json\/wp\/v2\/media\/415317"}],"wp:attachment":[{"href":"https:\/\/gr-100.com\/pt-pt\/wp-json\/wp\/v2\/media?parent=427196"}],"wp:term":[{"taxonomy":"product_brand","embeddable":true,"href":"https:\/\/gr-100.com\/pt-pt\/wp-json\/wp\/v2\/product_brand?post=427196"},{"taxonomy":"product_cat","embeddable":true,"href":"https:\/\/gr-100.com\/pt-pt\/wp-json\/wp\/v2\/product_cat?post=427196"},{"taxonomy":"product_tag","embeddable":true,"href":"https:\/\/gr-100.com\/pt-pt\/wp-json\/wp\/v2\/product_tag?post=427196"}],"curies":[{"name":"wp","href":"https:\/\/api.w.org\/{rel}","templated":true}]}}