{"id":427230,"date":"2025-09-11T12:41:22","date_gmt":"2025-09-11T11:41:22","guid":{"rendered":"https:\/\/gr-100.com\/producto\/specialized-cuadro-allez-sprint-2026\/"},"modified":"2025-09-11T12:41:22","modified_gmt":"2025-09-11T10:41:22","slug":"specialized-cuadro-allez-sprint-2026","status":"publish","type":"product","link":"https:\/\/gr-100.com\/pt-pt\/producto\/specialized-cuadro-allez-sprint-2026\/","title":{"rendered":"Specialized Cuadro Allez Sprint 2026"},"content":{"rendered":"<ul>\n<li>La Allez Sprint es la bicicleta de carretera de aluminio m\u00e1s r\u00e1pida de la historia, gracias al tiempo que su hermana, la Tarmac SL7, pas\u00f3 en el tunel viento. Son detalles como el tubo de direcci\u00f3n de aluminio m\u00e1s complejo que jam\u00e1s hayamos fabricado y los cables integrados los que la hacen 41 segundos m\u00e1s r\u00e1pida en 40 km que la anterior Allez Sprint. Eso s\u00ed que es un lavado de cara.  <\/li>\n<li>Tanto si te lanzas al sprint en la \u00faltima curva como si atacas desde la salida como un joven italiano en el Giro, la Allez Sprint, con su pedalier y tubo diagonal de una pieza, ofrece la implacable eficiencia del aluminio con una estabilidad sin precedentes. Al equilibrar la potencia en los pedales con la entrada en las barras, la Allez Sprint te mantiene r\u00e1pido y confiado al l\u00edmite. <\/li>\n<li>L\u00e1nzate a por el hueco ganador, da codazos en los metros finales, disecciona los descensos m\u00e1s t\u00e9cnicos, todo ello sin tener la sensaci\u00f3n de haber disputado diez asaltos con el campe\u00f3n de los pesos pesados. Las vainas rebajadas, la tija de sill\u00edn y la horquilla de carbono de la Tarmac SL7 hacen que la Allez Sprint sea flexible en el sill\u00edn y precisa en el manillar, todo ello con la geometr\u00eda probada en el Campeonato del Mundo de la Tarmac SL7. Es tan c\u00f3moda como bonita. Bueno, casi.   <\/li>\n<li>Una innovaci\u00f3n por encima de las dem\u00e1s nos ayuda a conseguir la aerodin\u00e1mica, la transferencia de potencia y la manejabilidad de la nueva Allez Sprint: Smartweld. Fabricar las bicicletas m\u00e1s r\u00e1pidas del mundo con carbono no era lo suficientemente dif\u00edcil. Hemos hidroformado el eje de pedalier y el tubo diagonal a partir de una sola pieza de aluminio, hemos construido el tubo de direcci\u00f3n de aluminio m\u00e1s complejo de la historia y lo hemos unido todo con Smartweld. Esto es lo que convierte a la Allez Sprint en la primera superbike de aluminio.   <\/li>\n<li>ESPECIFICACIONES T\u00c9CNICAS.<\/li>\n<li>Cuadro<br \/>\nCuadro: Specialized E5 Premium Aluminum Disc, con tecnolog\u00eda D&#8217;Aluisio Smartweld Sprint, tubos de aluminio hidroformado, tubo de direcci\u00f3n c\u00f3nico (tapered), cableado completamente interno y caja de pedalier roscada (threaded BB).<\/li>\n<li>Suspensi\u00f3n<br \/>\nHorquilla: FACT Carbon, eje pasante de 12&#215;100 mm, freno de disco con montaje plano (flat-mount).<\/li>\n<li>Cockpit \/ Componentes<br \/>\nTija de sill\u00edn: Tarmac S-Works Carbon 2021, FACT Carbon, con 20 mm de retroceso (offset).<br \/>\nAbrazadera de sill\u00edn: Allez Sprint seat collar.<\/li>\n<li>Peso<br \/>\nTalla: 56<br \/>\nPeso: 2.18 kg (4 lb, 12.9 oz)<\/li>\n<\/ul>\n","protected":false},"excerpt":{"rendered":"<p>La nueva Allez Sprint reutiliza los componentes de la Tarmac SL7. En este proceso, se desguaz\u00f3 la Tarmac y se redise\u00f1\u00f3 en aluminio y con nuestra tecnolog\u00eda Smartweld. Todas las innovaciones y los conocimientos adquiridos durante el desarrollo de la Tarmac se aplicaron a la nueva Allez Sprint. Da igual que compitas en campeonatos nacionales o te piques con tus compa\u00f1eros de grupeta al cuarto de hora de haber salido de casa: no te pediremos explicaciones por confundir la Allez con una Tarmac SL7. Aunque algunos digan que es un calco, para nosotros es la mejor bicicleta de aluminio del mundo.    <\/p>\n","protected":false},"featured_media":415263,"comment_status":"open","ping_status":"closed","template":"","meta":{"_acf_changed":false,"_et_pb_use_builder":"","_et_pb_old_content":"","_et_gb_content_width":"","inline_featured_image":false},"product_brand":[],"product_cat":[2459,378,5315,5316,5313],"product_tag":[],"class_list":{"0":"post-427230","1":"product","2":"type-product","3":"status-publish","4":"has-post-thumbnail","6":"product_cat-bicicletas-pt-pt-2","7":"product_cat-estrada","8":"product_cat-bicicletas-carretera-aero-pt-pt","9":"product_cat-bicicletas-carretera-cuadros-pt-pt","10":"product_cat-bicicletas-carretera-specialized-pt-pt","11":"product_shipping_class-bicicletas-pt-pt","13":"first","14":"instock","15":"taxable","16":"shipping-taxable","17":"purchasable","18":"product-type-variable","19":"wvs-archive-product-wrapper"},"acf":[],"yoast_head":"<!-- This site is optimized with the Yoast SEO Premium plugin v26.7 (Yoast SEO v26.7) - https:\/\/yoast.com\/wordpress\/plugins\/seo\/ -->\n<title>Specialized Cuadro Allez Sprint 2026 GR-100<\/title>\n<meta name=\"description\" content=\"La nueva Allez Sprint reutiliza los componentes de la Tarmac SL7. En este proceso, se desguaz\u00f3 la Tarmac y se redise\u00f1\u00f3 en aluminio y con nuestra tecnolog\u00eda Smartweld. Todas las innovaciones y los conocimientos adquiridos durante el desarrollo de la Tarmac se aplicaron a la nueva Allez Sprint. Da igual que compitas en campeonatos nacionales o te piques con tus compa\u00f1eros de grupeta al cuarto de hora de haber salido de casa: no te pediremos explicaciones por confundir la Allez con una Tarmac SL7. Aunque algunos digan que es un calco, para nosotros es la mejor bicicleta de aluminio del mundo.\" \/>\n<meta name=\"robots\" content=\"index, follow, max-snippet:-1, max-image-preview:large, max-video-preview:-1\" \/>\n<link rel=\"canonical\" href=\"https:\/\/gr-100.com\/pt-pt\/producto\/specialized-cuadro-allez-sprint-2026\/\" \/>\n<meta property=\"og:locale\" content=\"pt_PT\" \/>\n<meta property=\"og:type\" content=\"article\" \/>\n<meta property=\"og:title\" content=\"Specialized Cuadro Allez Sprint 2026\" \/>\n<meta property=\"og:description\" content=\"La nueva Allez Sprint reutiliza los componentes de la Tarmac SL7. En este proceso, se desguaz\u00f3 la Tarmac y se redise\u00f1\u00f3 en aluminio y con nuestra tecnolog\u00eda Smartweld. Todas las innovaciones y los conocimientos adquiridos durante el desarrollo de la Tarmac se aplicaron a la nueva Allez Sprint. Da igual que compitas en campeonatos nacionales o te piques con tus compa\u00f1eros de grupeta al cuarto de hora de haber salido de casa: no te pediremos explicaciones por confundir la Allez con una Tarmac SL7. Aunque algunos digan que es un calco, para nosotros es la mejor bicicleta de aluminio del mundo.\" \/>\n<meta property=\"og:url\" content=\"https:\/\/gr-100.com\/pt-pt\/producto\/specialized-cuadro-allez-sprint-2026\/\" \/>\n<meta property=\"og:site_name\" content=\"Gr-100 Tienda de ciclismo Specialized\" \/>\n<meta property=\"article:publisher\" content=\"https:\/\/www.facebook.com\/Gr100Bikes\" \/>\n<meta property=\"og:image\" content=\"https:\/\/gr-100.com\/wp-content\/uploads\/2025\/09\/Diseno-sin-titulo-2025-09-11T120943.318.jpg\" \/>\n\t<meta property=\"og:image:width\" content=\"1000\" \/>\n\t<meta property=\"og:image:height\" content=\"1000\" \/>\n\t<meta property=\"og:image:type\" content=\"image\/jpeg\" \/>\n<meta name=\"twitter:card\" content=\"summary_large_image\" \/>\n<meta name=\"twitter:label1\" content=\"Tempo estimado de leitura\" \/>\n\t<meta name=\"twitter:data1\" content=\"2 minutos\" \/>\n<script type=\"application\/ld+json\" class=\"yoast-schema-graph\">{\"@context\":\"https:\/\/schema.org\",\"@graph\":[{\"@type\":\"WebPage\",\"@id\":\"https:\/\/gr-100.com\/pt-pt\/producto\/specialized-cuadro-allez-sprint-2026\/\",\"url\":\"https:\/\/gr-100.com\/pt-pt\/producto\/specialized-cuadro-allez-sprint-2026\/\",\"name\":\"Specialized Cuadro Allez Sprint 2026 GR-100\",\"isPartOf\":{\"@id\":\"https:\/\/gr-100.com\/#website\"},\"primaryImageOfPage\":{\"@id\":\"https:\/\/gr-100.com\/pt-pt\/producto\/specialized-cuadro-allez-sprint-2026\/#primaryimage\"},\"image\":{\"@id\":\"https:\/\/gr-100.com\/pt-pt\/producto\/specialized-cuadro-allez-sprint-2026\/#primaryimage\"},\"thumbnailUrl\":\"https:\/\/gr-100.com\/wp-content\/uploads\/2025\/09\/Diseno-sin-titulo-2025-09-11T120943.318.jpg\",\"datePublished\":\"2025-09-11T11:41:22+00:00\",\"description\":\"La nueva Allez Sprint reutiliza los componentes de la Tarmac SL7. En este proceso, se desguaz\u00f3 la Tarmac y se redise\u00f1\u00f3 en aluminio y con nuestra tecnolog\u00eda Smartweld. Todas las innovaciones y los conocimientos adquiridos durante el desarrollo de la Tarmac se aplicaron a la nueva Allez Sprint. Da igual que compitas en campeonatos nacionales o te piques con tus compa\u00f1eros de grupeta al cuarto de hora de haber salido de casa: no te pediremos explicaciones por confundir la Allez con una Tarmac SL7. Aunque algunos digan que es un calco, para nosotros es la mejor bicicleta de aluminio del mundo.\",\"breadcrumb\":{\"@id\":\"https:\/\/gr-100.com\/pt-pt\/producto\/specialized-cuadro-allez-sprint-2026\/#breadcrumb\"},\"inLanguage\":\"pt-PT\",\"potentialAction\":[{\"@type\":\"ReadAction\",\"target\":[\"https:\/\/gr-100.com\/pt-pt\/producto\/specialized-cuadro-allez-sprint-2026\/\"]}]},{\"@type\":\"ImageObject\",\"inLanguage\":\"pt-PT\",\"@id\":\"https:\/\/gr-100.com\/pt-pt\/producto\/specialized-cuadro-allez-sprint-2026\/#primaryimage\",\"url\":\"https:\/\/gr-100.com\/wp-content\/uploads\/2025\/09\/Diseno-sin-titulo-2025-09-11T120943.318.jpg\",\"contentUrl\":\"https:\/\/gr-100.com\/wp-content\/uploads\/2025\/09\/Diseno-sin-titulo-2025-09-11T120943.318.jpg\",\"width\":1000,\"height\":1000},{\"@type\":\"BreadcrumbList\",\"@id\":\"https:\/\/gr-100.com\/pt-pt\/producto\/specialized-cuadro-allez-sprint-2026\/#breadcrumb\",\"itemListElement\":[{\"@type\":\"ListItem\",\"position\":1,\"name\":\"Portada\",\"item\":\"https:\/\/gr-100.com\/en\/\"},{\"@type\":\"ListItem\",\"position\":2,\"name\":\"Productos\",\"item\":\"https:\/\/gr-100.com\/?post_type=product\"},{\"@type\":\"ListItem\",\"position\":3,\"name\":\"Specialized Cuadro Allez Sprint 2026\"}]},{\"@type\":\"WebSite\",\"@id\":\"https:\/\/gr-100.com\/#website\",\"url\":\"https:\/\/gr-100.com\/\",\"name\":\"Gr-100 Tienda de ciclismo Specialized\",\"description\":\"GR-100 tenemos todas las gamas de bicicletas Specialized al mejor precio.\",\"publisher\":{\"@id\":\"https:\/\/gr-100.com\/#organization\"},\"alternateName\":\"Gr-100 Bikes\",\"potentialAction\":[{\"@type\":\"SearchAction\",\"target\":{\"@type\":\"EntryPoint\",\"urlTemplate\":\"https:\/\/gr-100.com\/?s={search_term_string}\"},\"query-input\":{\"@type\":\"PropertyValueSpecification\",\"valueRequired\":true,\"valueName\":\"search_term_string\"}}],\"inLanguage\":\"pt-PT\"},{\"@type\":\"Organization\",\"@id\":\"https:\/\/gr-100.com\/#organization\",\"name\":\"Gr-100\",\"url\":\"https:\/\/gr-100.com\/\",\"logo\":{\"@type\":\"ImageObject\",\"inLanguage\":\"pt-PT\",\"@id\":\"https:\/\/gr-100.com\/#\/schema\/logo\/image\/\",\"url\":\"https:\/\/gr-100.com\/wp-content\/uploads\/2023\/08\/logo-gr-100-bikes.png\",\"contentUrl\":\"https:\/\/gr-100.com\/wp-content\/uploads\/2023\/08\/logo-gr-100-bikes.png\",\"width\":707,\"height\":284,\"caption\":\"Gr-100\"},\"image\":{\"@id\":\"https:\/\/gr-100.com\/#\/schema\/logo\/image\/\"},\"sameAs\":[\"https:\/\/www.facebook.com\/Gr100Bikes\",\"https:\/\/www.instagram.com\/gr100bikes\/\",\"https:\/\/www.tiktok.com\/@gr100bikes\",\"https:\/\/twitter.com\/gr100mtbteam\",\"https:\/\/www.youtube.com\/c\/GR100Specialized\"]}]}<\/script>\n<!-- \/ Yoast SEO Premium plugin. -->","yoast_head_json":{"title":"Specialized Cuadro Allez Sprint 2026 GR-100","description":"La nueva Allez Sprint reutiliza los componentes de la Tarmac SL7. En este proceso, se desguaz\u00f3 la Tarmac y se redise\u00f1\u00f3 en aluminio y con nuestra tecnolog\u00eda Smartweld. Todas las innovaciones y los conocimientos adquiridos durante el desarrollo de la Tarmac se aplicaron a la nueva Allez Sprint. Da igual que compitas en campeonatos nacionales o te piques con tus compa\u00f1eros de grupeta al cuarto de hora de haber salido de casa: no te pediremos explicaciones por confundir la Allez con una Tarmac SL7. Aunque algunos digan que es un calco, para nosotros es la mejor bicicleta de aluminio del mundo.","robots":{"index":"index","follow":"follow","max-snippet":"max-snippet:-1","max-image-preview":"max-image-preview:large","max-video-preview":"max-video-preview:-1"},"canonical":"https:\/\/gr-100.com\/pt-pt\/producto\/specialized-cuadro-allez-sprint-2026\/","og_locale":"pt_PT","og_type":"article","og_title":"Specialized Cuadro Allez Sprint 2026","og_description":"La nueva Allez Sprint reutiliza los componentes de la Tarmac SL7. En este proceso, se desguaz\u00f3 la Tarmac y se redise\u00f1\u00f3 en aluminio y con nuestra tecnolog\u00eda Smartweld. Todas las innovaciones y los conocimientos adquiridos durante el desarrollo de la Tarmac se aplicaron a la nueva Allez Sprint. Da igual que compitas en campeonatos nacionales o te piques con tus compa\u00f1eros de grupeta al cuarto de hora de haber salido de casa: no te pediremos explicaciones por confundir la Allez con una Tarmac SL7. Aunque algunos digan que es un calco, para nosotros es la mejor bicicleta de aluminio del mundo.","og_url":"https:\/\/gr-100.com\/pt-pt\/producto\/specialized-cuadro-allez-sprint-2026\/","og_site_name":"Gr-100 Tienda de ciclismo Specialized","article_publisher":"https:\/\/www.facebook.com\/Gr100Bikes","og_image":[{"width":1000,"height":1000,"url":"https:\/\/gr-100.com\/wp-content\/uploads\/2025\/09\/Diseno-sin-titulo-2025-09-11T120943.318.jpg","type":"image\/jpeg"}],"twitter_card":"summary_large_image","twitter_misc":{"Tempo estimado de leitura":"2 minutos"},"schema":{"@context":"https:\/\/schema.org","@graph":[{"@type":"WebPage","@id":"https:\/\/gr-100.com\/pt-pt\/producto\/specialized-cuadro-allez-sprint-2026\/","url":"https:\/\/gr-100.com\/pt-pt\/producto\/specialized-cuadro-allez-sprint-2026\/","name":"Specialized Cuadro Allez Sprint 2026 GR-100","isPartOf":{"@id":"https:\/\/gr-100.com\/#website"},"primaryImageOfPage":{"@id":"https:\/\/gr-100.com\/pt-pt\/producto\/specialized-cuadro-allez-sprint-2026\/#primaryimage"},"image":{"@id":"https:\/\/gr-100.com\/pt-pt\/producto\/specialized-cuadro-allez-sprint-2026\/#primaryimage"},"thumbnailUrl":"https:\/\/gr-100.com\/wp-content\/uploads\/2025\/09\/Diseno-sin-titulo-2025-09-11T120943.318.jpg","datePublished":"2025-09-11T11:41:22+00:00","description":"La nueva Allez Sprint reutiliza los componentes de la Tarmac SL7. En este proceso, se desguaz\u00f3 la Tarmac y se redise\u00f1\u00f3 en aluminio y con nuestra tecnolog\u00eda Smartweld. Todas las innovaciones y los conocimientos adquiridos durante el desarrollo de la Tarmac se aplicaron a la nueva Allez Sprint. Da igual que compitas en campeonatos nacionales o te piques con tus compa\u00f1eros de grupeta al cuarto de hora de haber salido de casa: no te pediremos explicaciones por confundir la Allez con una Tarmac SL7. Aunque algunos digan que es un calco, para nosotros es la mejor bicicleta de aluminio del mundo.","breadcrumb":{"@id":"https:\/\/gr-100.com\/pt-pt\/producto\/specialized-cuadro-allez-sprint-2026\/#breadcrumb"},"inLanguage":"pt-PT","potentialAction":[{"@type":"ReadAction","target":["https:\/\/gr-100.com\/pt-pt\/producto\/specialized-cuadro-allez-sprint-2026\/"]}]},{"@type":"ImageObject","inLanguage":"pt-PT","@id":"https:\/\/gr-100.com\/pt-pt\/producto\/specialized-cuadro-allez-sprint-2026\/#primaryimage","url":"https:\/\/gr-100.com\/wp-content\/uploads\/2025\/09\/Diseno-sin-titulo-2025-09-11T120943.318.jpg","contentUrl":"https:\/\/gr-100.com\/wp-content\/uploads\/2025\/09\/Diseno-sin-titulo-2025-09-11T120943.318.jpg","width":1000,"height":1000},{"@type":"BreadcrumbList","@id":"https:\/\/gr-100.com\/pt-pt\/producto\/specialized-cuadro-allez-sprint-2026\/#breadcrumb","itemListElement":[{"@type":"ListItem","position":1,"name":"Portada","item":"https:\/\/gr-100.com\/en\/"},{"@type":"ListItem","position":2,"name":"Productos","item":"https:\/\/gr-100.com\/?post_type=product"},{"@type":"ListItem","position":3,"name":"Specialized Cuadro Allez Sprint 2026"}]},{"@type":"WebSite","@id":"https:\/\/gr-100.com\/#website","url":"https:\/\/gr-100.com\/","name":"Gr-100 Tienda de ciclismo Specialized","description":"GR-100 tenemos todas las gamas de bicicletas Specialized al mejor precio.","publisher":{"@id":"https:\/\/gr-100.com\/#organization"},"alternateName":"Gr-100 Bikes","potentialAction":[{"@type":"SearchAction","target":{"@type":"EntryPoint","urlTemplate":"https:\/\/gr-100.com\/?s={search_term_string}"},"query-input":{"@type":"PropertyValueSpecification","valueRequired":true,"valueName":"search_term_string"}}],"inLanguage":"pt-PT"},{"@type":"Organization","@id":"https:\/\/gr-100.com\/#organization","name":"Gr-100","url":"https:\/\/gr-100.com\/","logo":{"@type":"ImageObject","inLanguage":"pt-PT","@id":"https:\/\/gr-100.com\/#\/schema\/logo\/image\/","url":"https:\/\/gr-100.com\/wp-content\/uploads\/2023\/08\/logo-gr-100-bikes.png","contentUrl":"https:\/\/gr-100.com\/wp-content\/uploads\/2023\/08\/logo-gr-100-bikes.png","width":707,"height":284,"caption":"Gr-100"},"image":{"@id":"https:\/\/gr-100.com\/#\/schema\/logo\/image\/"},"sameAs":["https:\/\/www.facebook.com\/Gr100Bikes","https:\/\/www.instagram.com\/gr100bikes\/","https:\/\/www.tiktok.com\/@gr100bikes","https:\/\/twitter.com\/gr100mtbteam","https:\/\/www.youtube.com\/c\/GR100Specialized"]}]}},"_links":{"self":[{"href":"https:\/\/gr-100.com\/pt-pt\/wp-json\/wp\/v2\/product\/427230","targetHints":{"allow":["GET"]}}],"collection":[{"href":"https:\/\/gr-100.com\/pt-pt\/wp-json\/wp\/v2\/product"}],"about":[{"href":"https:\/\/gr-100.com\/pt-pt\/wp-json\/wp\/v2\/types\/product"}],"replies":[{"embeddable":true,"href":"https:\/\/gr-100.com\/pt-pt\/wp-json\/wp\/v2\/comments?post=427230"}],"wp:featuredmedia":[{"embeddable":true,"href":"https:\/\/gr-100.com\/pt-pt\/wp-json\/wp\/v2\/media\/415263"}],"wp:attachment":[{"href":"https:\/\/gr-100.com\/pt-pt\/wp-json\/wp\/v2\/media?parent=427230"}],"wp:term":[{"taxonomy":"product_brand","embeddable":true,"href":"https:\/\/gr-100.com\/pt-pt\/wp-json\/wp\/v2\/product_brand?post=427230"},{"taxonomy":"product_cat","embeddable":true,"href":"https:\/\/gr-100.com\/pt-pt\/wp-json\/wp\/v2\/product_cat?post=427230"},{"taxonomy":"product_tag","embeddable":true,"href":"https:\/\/gr-100.com\/pt-pt\/wp-json\/wp\/v2\/product_tag?post=427230"}],"curies":[{"name":"wp","href":"https:\/\/api.w.org\/{rel}","templated":true}]}}