{"id":427341,"date":"2025-08-21T13:47:35","date_gmt":"2025-08-21T12:47:35","guid":{"rendered":"https:\/\/gr-100.com\/producto\/specialized-tarmac-sl7-sport-shimano-105-2026\/"},"modified":"2025-08-21T13:47:35","modified_gmt":"2025-08-21T11:47:35","slug":"specialized-tarmac-sl7-sport-shimano-105-2026","status":"publish","type":"product","link":"https:\/\/gr-100.com\/pt-pt\/producto\/specialized-tarmac-sl7-sport-shimano-105-2026\/","title":{"rendered":"Specialized Tarmac SL7 Sport Shimano 105 2026"},"content":{"rendered":"<ul>\n<li>Enquanto a aerodin\u00e2mica foi primordial para o desenvolvimento da Tarmac, e para o desenvolvimento de todas as nossas bicicletas de corrida, o peso foi o copiloto nesta viagem para a bicicleta de corrida perfeita. Anteriormente, as &#8220;bicicletas aerodin\u00e2micas&#8221; eram sempre comprometidas no departamento do peso: quanto mais reduzias a resist\u00eancia, mais peso ganhavas. Com a nova Tarmac, a nossa filosofia de design era mant\u00ea-la dentro ou abaixo do limite de peso da UCI, sem sacrificar a aerodin\u00e2mica. E com a ajuda da biblioteca de formas FreeFoil, ferramentas como a an\u00e1lise isot\u00f3pica de elementos finitos e alguns truques dos melhores engenheiros do ramo, conseguimos um quadro FACT 9r que pesa apenas 1.010 gramas, sem sacrificar um grama de aerodin\u00e2mica, rigidez ou qualidade de condu\u00e7\u00e3o.   <\/li>\n<li>Continuando o nosso foco no desenvolvimento da bicicleta de corrida perfeita, empreg\u00e1mos a nossa filosofia Rider-First Engineered\u2122 para garantir que a nova Tarmac \u00e9 a bicicleta mais equilibrada e com melhor desempenho, independentemente do tamanho. Com a valiosa experi\u00eancia dos ciclistas das nossas equipas de corrida do World Tour, SD-Worx, Quick-Step, Total Energies e Bora-hansgrohe, fizemos modifica\u00e7\u00f5es na Tarmac com base nos seus milhares de quil\u00f3metros na estrada. Equilibramos o comportamento entre a frente e a traseira, de modo a que mesmo os dias mais longos no selim continuem a ser agrad\u00e1veis, sem sacrificar o famoso comportamento e a velocidade vencedora da Tarmac.  <\/li>\n<li>Com base nos conhecimentos da Venge, a nova Tarmac utiliza uma integra\u00e7\u00e3o simples para criar um conjunto avan\u00e7o-guiador com o qual \u00e9 f\u00e1cil viver. Melhor\u00e1mos o encaminhamento dos cabos para qualquer configura\u00e7\u00e3o &#8211; transmiss\u00e3o mec\u00e2nica, avan\u00e7os tradicionais, guiadores redondos, etc. &#8211; mantendo os seus atributos aerodin\u00e2micos. Estas carater\u00edsticas tamb\u00e9m facilitam o trabalho e as viagens com a nova Tarmac. Tudo isto s\u00e3o vantagens.   <\/li>\n<li>Especifica\u00e7\u00f5es t\u00e9cnicas<\/li>\n<li>Quadro<br \/>\nQuadro<br \/>\nTarmac SL7 FACT 9r Carbon, Rider First Engineered\u2122, Win Tunnel Engineered, Clean Routing, Threaded BB, 12x142mm thru-axle, flat-mount disc<\/li>\n<li>Suspens\u00e3o<br \/>\nForquilha<br \/>\nFACT Carbon, 12x100mm thru-axle, disco de montagem plana<\/li>\n<li>Trav\u00f5es<br \/>\nTrav\u00e3o dianteiro<br \/>\nShimano 105, disco hidr\u00e1ulico<br \/>\nTrav\u00e3o traseiro<br \/>\nShimano 105, disco hidr\u00e1ulico<\/li>\n<li>Sistema de transmiss\u00e3o<br \/>\nAlavancas de mudan\u00e7as<br \/>\nver anula\u00e7\u00e3o<br \/>\nPedaleira<br \/>\nShimano 105, 12 velocidades<br \/>\nCassete<br \/>\nShimano 105, 12 velocidades, 11-34t<br \/>\nDesviador dianteiro<br \/>\nShimano 105, Braze-on<br \/>\nCorrente<br \/>\nShimano SLX, M7100, 12 velocidades<br \/>\nSuporte inferior<br \/>\nShimano Threaded BSA BB<br \/>\nDesviador traseiro<br \/>\nShimano 105 R7100, 12 velocidades<\/li>\n<li>Rodas e pneus<br \/>\nTubos<br \/>\n700&#215;20-28, 48mm V\u00e1lvula Presta<br \/>\nRoda dianteira<br \/>\naro Dt Swiss R470, largura interna de 20mm, tubeless ready, 24h, cubo de eixo passante com rolamento totalmente selado Specialized, disco centerlock, raios de a\u00e7o inoxid\u00e1vel Dt Swiss Champion 14G, ponteiras de lat\u00e3o Dt Swiss.<br \/>\nRoda traseira<br \/>\naro Dt Swiss R470, 20mm de largura interna, tubeless ready, 24h, cubo de eixo passante com rolamento totalmente selado Specialized, disco centerlock, raios Dt Swiss Champion 14G em a\u00e7o inoxid\u00e1vel, ponteiras Dt Swiss em lat\u00e3o.<br \/>\nPneu dianteiro<br \/>\nTurbo Pro, 700&#215;26<br \/>\nPneu traseiro<br \/>\nTurbo Pro, 700&#215;26<\/li>\n<li>Cockpit<br \/>\nEspig\u00e3o do selim<br \/>\nEspig\u00e3o do selim 2021 S-Works Tarmac Carbon, FACT Carbon, offset de 20 mm<br \/>\nSelim<br \/>\nBody Geometry Power Sport, carris de a\u00e7o<br \/>\nGuiador<br \/>\nSpecialized Shallow Drop, 6061, 70&#215;125 mm, bra\u00e7adeira de 31.8mm<br \/>\nFita de guiador<br \/>\nSupacaz Super Sticky Kush<br \/>\nGuiador<br \/>\nGuiador integrado Tarmac, 6 graus<br \/>\nFixador de selim<br \/>\nCunha integrada Tarmac<\/li>\n<li>Detalhes do produto<br \/>\nIdentificador do produto<br \/>\n221579<\/li>\n<li>Peso<br \/>\nTamanho<br \/>\n56<br \/>\nPeso<br \/>\n8,27 kg (18 lb, 3,7 oz)<\/li>\n<\/ul>\n","protected":false},"excerpt":{"rendered":"<p>A nova Tarmac foi concebida para ser r\u00e1pida, sem d\u00favida, mas representa muito mais do que apenas proezas aerodin\u00e2micas. Com um quadro leve Rider-First Engineered\u2122, oferece as melhores carater\u00edsticas de condu\u00e7\u00e3o poss\u00edveis, independentemente do tamanho. Por isso, independentemente do que tenhas planeado para a tua nova Tarmac, ela est\u00e1 pronta para te ajudar a atingir os teus objetivos: recordes pessoais, KOMs ou p\u00f3dios. Uma bicicleta para dominares todos eles.   <\/p>\n","protected":false},"featured_media":413648,"comment_status":"open","ping_status":"closed","template":"","meta":{"_acf_changed":false,"_et_pb_use_builder":"","_et_pb_old_content":"","_et_gb_content_width":"","inline_featured_image":false},"product_brand":[],"product_cat":[2459,378,5315,5314,5313],"product_tag":[],"class_list":{"0":"post-427341","1":"product","2":"type-product","3":"status-publish","4":"has-post-thumbnail","6":"product_cat-bicicletas-pt-pt-2","7":"product_cat-estrada","8":"product_cat-bicicletas-carretera-aero-pt-pt","9":"product_cat-bicicletas-carretera-carbono-pt-pt","10":"product_cat-bicicletas-carretera-specialized-pt-pt","11":"product_shipping_class-bicicletas-pt-pt","13":"first","14":"instock","15":"taxable","16":"shipping-taxable","17":"purchasable","18":"product-type-variable","19":"wvs-archive-product-wrapper"},"acf":[],"yoast_head":"<!-- This site is optimized with the Yoast SEO Premium plugin v26.7 (Yoast SEO v26.7) - https:\/\/yoast.com\/wordpress\/plugins\/seo\/ -->\n<title>Specialized Tarmac SL7 Sport Shimano 105 2026 GR-100<\/title>\n<meta name=\"description\" content=\"Concebida para ser r\u00e1pida, n\u00e3o h\u00e1 d\u00favidas, mas representa muito mais do que apenas proezas aerodin\u00e2micas. Com um quadro leve Rider-First Engineered\u2122.\" \/>\n<meta name=\"robots\" content=\"index, follow, max-snippet:-1, max-image-preview:large, max-video-preview:-1\" \/>\n<link rel=\"canonical\" href=\"https:\/\/gr-100.com\/pt-pt\/producto\/specialized-tarmac-sl7-sport-shimano-105-2026\/\" \/>\n<meta property=\"og:locale\" content=\"pt_PT\" \/>\n<meta property=\"og:type\" content=\"article\" \/>\n<meta property=\"og:title\" content=\"Specialized Tarmac SL7 Sport Shimano 105 2026\" \/>\n<meta property=\"og:description\" content=\"Concebida para ser r\u00e1pida, n\u00e3o h\u00e1 d\u00favidas, mas representa muito mais do que apenas proezas aerodin\u00e2micas. Com um quadro leve Rider-First Engineered\u2122.\" \/>\n<meta property=\"og:url\" content=\"https:\/\/gr-100.com\/pt-pt\/producto\/specialized-tarmac-sl7-sport-shimano-105-2026\/\" \/>\n<meta property=\"og:site_name\" content=\"Gr-100 Tienda de ciclismo Specialized\" \/>\n<meta property=\"article:publisher\" content=\"https:\/\/www.facebook.com\/Gr100Bikes\" \/>\n<meta property=\"og:image\" content=\"https:\/\/gr-100.com\/wp-content\/uploads\/2025\/08\/Diseno-sin-titulo-2025-08-21T131629.473.jpg\" \/>\n\t<meta property=\"og:image:width\" content=\"1000\" \/>\n\t<meta property=\"og:image:height\" content=\"1000\" \/>\n\t<meta property=\"og:image:type\" content=\"image\/jpeg\" \/>\n<meta name=\"twitter:card\" content=\"summary_large_image\" \/>\n<meta name=\"twitter:label1\" content=\"Tempo estimado de leitura\" \/>\n\t<meta name=\"twitter:data1\" content=\"3 minutos\" \/>\n<script type=\"application\/ld+json\" class=\"yoast-schema-graph\">{\"@context\":\"https:\/\/schema.org\",\"@graph\":[{\"@type\":\"WebPage\",\"@id\":\"https:\/\/gr-100.com\/pt-pt\/producto\/specialized-tarmac-sl7-sport-shimano-105-2026\/\",\"url\":\"https:\/\/gr-100.com\/pt-pt\/producto\/specialized-tarmac-sl7-sport-shimano-105-2026\/\",\"name\":\"Specialized Tarmac SL7 Sport Shimano 105 2026 GR-100\",\"isPartOf\":{\"@id\":\"https:\/\/gr-100.com\/#website\"},\"primaryImageOfPage\":{\"@id\":\"https:\/\/gr-100.com\/pt-pt\/producto\/specialized-tarmac-sl7-sport-shimano-105-2026\/#primaryimage\"},\"image\":{\"@id\":\"https:\/\/gr-100.com\/pt-pt\/producto\/specialized-tarmac-sl7-sport-shimano-105-2026\/#primaryimage\"},\"thumbnailUrl\":\"https:\/\/gr-100.com\/wp-content\/uploads\/2025\/08\/Diseno-sin-titulo-2025-08-21T131629.473.jpg\",\"datePublished\":\"2025-08-21T12:47:35+00:00\",\"description\":\"Concebida para ser r\u00e1pida, n\u00e3o h\u00e1 d\u00favidas, mas representa muito mais do que apenas proezas aerodin\u00e2micas. Com um quadro leve Rider-First Engineered\u2122.\",\"breadcrumb\":{\"@id\":\"https:\/\/gr-100.com\/pt-pt\/producto\/specialized-tarmac-sl7-sport-shimano-105-2026\/#breadcrumb\"},\"inLanguage\":\"pt-PT\",\"potentialAction\":[{\"@type\":\"ReadAction\",\"target\":[\"https:\/\/gr-100.com\/pt-pt\/producto\/specialized-tarmac-sl7-sport-shimano-105-2026\/\"]}]},{\"@type\":\"ImageObject\",\"inLanguage\":\"pt-PT\",\"@id\":\"https:\/\/gr-100.com\/pt-pt\/producto\/specialized-tarmac-sl7-sport-shimano-105-2026\/#primaryimage\",\"url\":\"https:\/\/gr-100.com\/wp-content\/uploads\/2025\/08\/Diseno-sin-titulo-2025-08-21T131629.473.jpg\",\"contentUrl\":\"https:\/\/gr-100.com\/wp-content\/uploads\/2025\/08\/Diseno-sin-titulo-2025-08-21T131629.473.jpg\",\"width\":1000,\"height\":1000},{\"@type\":\"BreadcrumbList\",\"@id\":\"https:\/\/gr-100.com\/pt-pt\/producto\/specialized-tarmac-sl7-sport-shimano-105-2026\/#breadcrumb\",\"itemListElement\":[{\"@type\":\"ListItem\",\"position\":1,\"name\":\"Portada\",\"item\":\"https:\/\/gr-100.com\/en\/\"},{\"@type\":\"ListItem\",\"position\":2,\"name\":\"Productos\",\"item\":\"https:\/\/gr-100.com\/?post_type=product\"},{\"@type\":\"ListItem\",\"position\":3,\"name\":\"Specialized Tarmac SL7 Sport Shimano 105 2026\"}]},{\"@type\":\"WebSite\",\"@id\":\"https:\/\/gr-100.com\/#website\",\"url\":\"https:\/\/gr-100.com\/\",\"name\":\"Gr-100 Tienda de ciclismo Specialized\",\"description\":\"GR-100 tenemos todas las gamas de bicicletas Specialized al mejor precio.\",\"publisher\":{\"@id\":\"https:\/\/gr-100.com\/#organization\"},\"alternateName\":\"Gr-100 Bikes\",\"potentialAction\":[{\"@type\":\"SearchAction\",\"target\":{\"@type\":\"EntryPoint\",\"urlTemplate\":\"https:\/\/gr-100.com\/?s={search_term_string}\"},\"query-input\":{\"@type\":\"PropertyValueSpecification\",\"valueRequired\":true,\"valueName\":\"search_term_string\"}}],\"inLanguage\":\"pt-PT\"},{\"@type\":\"Organization\",\"@id\":\"https:\/\/gr-100.com\/#organization\",\"name\":\"Gr-100\",\"url\":\"https:\/\/gr-100.com\/\",\"logo\":{\"@type\":\"ImageObject\",\"inLanguage\":\"pt-PT\",\"@id\":\"https:\/\/gr-100.com\/#\/schema\/logo\/image\/\",\"url\":\"https:\/\/gr-100.com\/wp-content\/uploads\/2023\/08\/logo-gr-100-bikes.png\",\"contentUrl\":\"https:\/\/gr-100.com\/wp-content\/uploads\/2023\/08\/logo-gr-100-bikes.png\",\"width\":707,\"height\":284,\"caption\":\"Gr-100\"},\"image\":{\"@id\":\"https:\/\/gr-100.com\/#\/schema\/logo\/image\/\"},\"sameAs\":[\"https:\/\/www.facebook.com\/Gr100Bikes\",\"https:\/\/www.instagram.com\/gr100bikes\/\",\"https:\/\/www.tiktok.com\/@gr100bikes\",\"https:\/\/twitter.com\/gr100mtbteam\",\"https:\/\/www.youtube.com\/c\/GR100Specialized\"]}]}<\/script>\n<!-- \/ Yoast SEO Premium plugin. -->","yoast_head_json":{"title":"Specialized Tarmac SL7 Sport Shimano 105 2026 GR-100","description":"Concebida para ser r\u00e1pida, n\u00e3o h\u00e1 d\u00favidas, mas representa muito mais do que apenas proezas aerodin\u00e2micas. Com um quadro leve Rider-First Engineered\u2122.","robots":{"index":"index","follow":"follow","max-snippet":"max-snippet:-1","max-image-preview":"max-image-preview:large","max-video-preview":"max-video-preview:-1"},"canonical":"https:\/\/gr-100.com\/pt-pt\/producto\/specialized-tarmac-sl7-sport-shimano-105-2026\/","og_locale":"pt_PT","og_type":"article","og_title":"Specialized Tarmac SL7 Sport Shimano 105 2026","og_description":"Concebida para ser r\u00e1pida, n\u00e3o h\u00e1 d\u00favidas, mas representa muito mais do que apenas proezas aerodin\u00e2micas. Com um quadro leve Rider-First Engineered\u2122.","og_url":"https:\/\/gr-100.com\/pt-pt\/producto\/specialized-tarmac-sl7-sport-shimano-105-2026\/","og_site_name":"Gr-100 Tienda de ciclismo Specialized","article_publisher":"https:\/\/www.facebook.com\/Gr100Bikes","og_image":[{"width":1000,"height":1000,"url":"https:\/\/gr-100.com\/wp-content\/uploads\/2025\/08\/Diseno-sin-titulo-2025-08-21T131629.473.jpg","type":"image\/jpeg"}],"twitter_card":"summary_large_image","twitter_misc":{"Tempo estimado de leitura":"3 minutos"},"schema":{"@context":"https:\/\/schema.org","@graph":[{"@type":"WebPage","@id":"https:\/\/gr-100.com\/pt-pt\/producto\/specialized-tarmac-sl7-sport-shimano-105-2026\/","url":"https:\/\/gr-100.com\/pt-pt\/producto\/specialized-tarmac-sl7-sport-shimano-105-2026\/","name":"Specialized Tarmac SL7 Sport Shimano 105 2026 GR-100","isPartOf":{"@id":"https:\/\/gr-100.com\/#website"},"primaryImageOfPage":{"@id":"https:\/\/gr-100.com\/pt-pt\/producto\/specialized-tarmac-sl7-sport-shimano-105-2026\/#primaryimage"},"image":{"@id":"https:\/\/gr-100.com\/pt-pt\/producto\/specialized-tarmac-sl7-sport-shimano-105-2026\/#primaryimage"},"thumbnailUrl":"https:\/\/gr-100.com\/wp-content\/uploads\/2025\/08\/Diseno-sin-titulo-2025-08-21T131629.473.jpg","datePublished":"2025-08-21T12:47:35+00:00","description":"Concebida para ser r\u00e1pida, n\u00e3o h\u00e1 d\u00favidas, mas representa muito mais do que apenas proezas aerodin\u00e2micas. Com um quadro leve Rider-First Engineered\u2122.","breadcrumb":{"@id":"https:\/\/gr-100.com\/pt-pt\/producto\/specialized-tarmac-sl7-sport-shimano-105-2026\/#breadcrumb"},"inLanguage":"pt-PT","potentialAction":[{"@type":"ReadAction","target":["https:\/\/gr-100.com\/pt-pt\/producto\/specialized-tarmac-sl7-sport-shimano-105-2026\/"]}]},{"@type":"ImageObject","inLanguage":"pt-PT","@id":"https:\/\/gr-100.com\/pt-pt\/producto\/specialized-tarmac-sl7-sport-shimano-105-2026\/#primaryimage","url":"https:\/\/gr-100.com\/wp-content\/uploads\/2025\/08\/Diseno-sin-titulo-2025-08-21T131629.473.jpg","contentUrl":"https:\/\/gr-100.com\/wp-content\/uploads\/2025\/08\/Diseno-sin-titulo-2025-08-21T131629.473.jpg","width":1000,"height":1000},{"@type":"BreadcrumbList","@id":"https:\/\/gr-100.com\/pt-pt\/producto\/specialized-tarmac-sl7-sport-shimano-105-2026\/#breadcrumb","itemListElement":[{"@type":"ListItem","position":1,"name":"Portada","item":"https:\/\/gr-100.com\/en\/"},{"@type":"ListItem","position":2,"name":"Productos","item":"https:\/\/gr-100.com\/?post_type=product"},{"@type":"ListItem","position":3,"name":"Specialized Tarmac SL7 Sport Shimano 105 2026"}]},{"@type":"WebSite","@id":"https:\/\/gr-100.com\/#website","url":"https:\/\/gr-100.com\/","name":"Gr-100 Tienda de ciclismo Specialized","description":"GR-100 tenemos todas las gamas de bicicletas Specialized al mejor precio.","publisher":{"@id":"https:\/\/gr-100.com\/#organization"},"alternateName":"Gr-100 Bikes","potentialAction":[{"@type":"SearchAction","target":{"@type":"EntryPoint","urlTemplate":"https:\/\/gr-100.com\/?s={search_term_string}"},"query-input":{"@type":"PropertyValueSpecification","valueRequired":true,"valueName":"search_term_string"}}],"inLanguage":"pt-PT"},{"@type":"Organization","@id":"https:\/\/gr-100.com\/#organization","name":"Gr-100","url":"https:\/\/gr-100.com\/","logo":{"@type":"ImageObject","inLanguage":"pt-PT","@id":"https:\/\/gr-100.com\/#\/schema\/logo\/image\/","url":"https:\/\/gr-100.com\/wp-content\/uploads\/2023\/08\/logo-gr-100-bikes.png","contentUrl":"https:\/\/gr-100.com\/wp-content\/uploads\/2023\/08\/logo-gr-100-bikes.png","width":707,"height":284,"caption":"Gr-100"},"image":{"@id":"https:\/\/gr-100.com\/#\/schema\/logo\/image\/"},"sameAs":["https:\/\/www.facebook.com\/Gr100Bikes","https:\/\/www.instagram.com\/gr100bikes\/","https:\/\/www.tiktok.com\/@gr100bikes","https:\/\/twitter.com\/gr100mtbteam","https:\/\/www.youtube.com\/c\/GR100Specialized"]}]}},"_links":{"self":[{"href":"https:\/\/gr-100.com\/pt-pt\/wp-json\/wp\/v2\/product\/427341","targetHints":{"allow":["GET"]}}],"collection":[{"href":"https:\/\/gr-100.com\/pt-pt\/wp-json\/wp\/v2\/product"}],"about":[{"href":"https:\/\/gr-100.com\/pt-pt\/wp-json\/wp\/v2\/types\/product"}],"replies":[{"embeddable":true,"href":"https:\/\/gr-100.com\/pt-pt\/wp-json\/wp\/v2\/comments?post=427341"}],"wp:featuredmedia":[{"embeddable":true,"href":"https:\/\/gr-100.com\/pt-pt\/wp-json\/wp\/v2\/media\/413648"}],"wp:attachment":[{"href":"https:\/\/gr-100.com\/pt-pt\/wp-json\/wp\/v2\/media?parent=427341"}],"wp:term":[{"taxonomy":"product_brand","embeddable":true,"href":"https:\/\/gr-100.com\/pt-pt\/wp-json\/wp\/v2\/product_brand?post=427341"},{"taxonomy":"product_cat","embeddable":true,"href":"https:\/\/gr-100.com\/pt-pt\/wp-json\/wp\/v2\/product_cat?post=427341"},{"taxonomy":"product_tag","embeddable":true,"href":"https:\/\/gr-100.com\/pt-pt\/wp-json\/wp\/v2\/product_tag?post=427341"}],"curies":[{"name":"wp","href":"https:\/\/api.w.org\/{rel}","templated":true}]}}