{"id":427502,"date":"2025-07-24T13:42:28","date_gmt":"2025-07-24T12:42:28","guid":{"rendered":"https:\/\/gr-100.com\/producto\/specialized-tarmac-sl8-pro-sram-force-axs-2026\/"},"modified":"2025-07-24T13:42:28","modified_gmt":"2025-07-24T11:42:28","slug":"specialized-tarmac-sl8-pro-sram-force-axs-2026","status":"publish","type":"product","link":"https:\/\/gr-100.com\/pt-pt\/producto\/specialized-tarmac-sl8-pro-sram-force-axs-2026\/","title":{"rendered":"Specialized Tarmac SL8 Pro SRAM Force AXS 2026"},"content":{"rendered":"<p>No hay nada m\u00e1s r\u00e1pido que la Tarmac SL8. \u00bfLa raz\u00f3n?  La combinaci\u00f3n que hemos conseguido entre aerodin\u00e1mica, ligereza y una calidad de conducci\u00f3n que hasta hace poco parec\u00eda imposible. Ocho generaciones despu\u00e9s y tras m\u00e1s de dos d\u00e9cadas de desarrollo, no es solo la Tarmac m\u00e1s r\u00e1pida de lalida historia: es tambi\u00e9n la bicicleta de carreras m\u00e1s r\u00e1pida del mundo.<\/p>\n<p>Las competiciones no se ganan solo por la aerodin\u00e1mica o la ligereza: lo importante es la velocidad. Y para conseguirla, hay que crear una combinaci\u00f3n sin concesiones de aerodin\u00e1mica, ligereza, rigidez y comodidad. Nuestro equipo de Ride Science ha simulado carreras con datos reales y ha descubierto que la Tarmac SL8 es la bicicleta de carretera m\u00e1s r\u00e1pida jam\u00e1s fabricada en las rutas m\u00e1s importantes: 16,6 segundos m\u00e1s r\u00e1pida en 40 km, 128 segundos m\u00e1s r\u00e1pida en la Mil\u00e1n San Remo y 20 segundos m\u00e1s r\u00e1pida en la legendaria subida del Tourmalet.  <\/p>\n<p>Ahora, la Tarmac SL8 Pro viene equipada con el nuevo grupo SRAM Force AXS, que ofrece menos peso, una frenada suave y un cambio m\u00e1s r\u00e1pido y preciso.<\/p>\n<ul>\n<li>100% AERO: coloc\u00e1mos elementos aerodin\u00e2micos onde s\u00e3o realmente necess\u00e1rios, n\u00e3o apenas onde t\u00eam bom aspeto. E foi assim que conseguimos a nossa bicicleta de estrada mais aerodin\u00e2mica de sempre. Sim, mais do que a Venge. Com o Speed Sniffer, o novo cone da Tarmac, o ar limpo \u00e9 optimizado para obteres a m\u00e1xima vantagem. Ao moveres o tubo da cabe\u00e7a para tr\u00e1s (que determina o \u00e2ngulo do tubo da cabe\u00e7a), o bordo de ataque do tubo da cabe\u00e7a \u00e9 muito mais n\u00edtido e a forma criada tem muito menos resist\u00eancia aerodin\u00e2mica. Tirando partido das novas regras da FABRIC, a Tarmac SL8 tem o espig\u00e3o de selim mais estreito e aerodin\u00e2mico que alguma vez fabric\u00e1mos. Isto permite que o ar sujo \u00e0 volta das pernas flua de forma mais limpa para a traseira. As vit\u00f3rias t\u00eam um sabor doce, n\u00e3o achas?      <\/li>\n<li>M\u00cdNIMO PESO, M\u00c1XIMA AERODIN\u00c1MICA: gracias a las lecciones aprendidas con la Aethos, la S-Works Tarmac SL8 se ha dise\u00f1ado para cumplir con los requisitos m\u00ednimos de la UCI y ofrecer un a construcci\u00f3n 100 % aero. El equipo ha creado un incre\u00edble cuadro de 685 gramos, un 15 % m\u00e1s ligero que el de la Tarmac SL7 y m\u00e1s ligero que cualquier otro cuadro del World Tour*. Tambi\u00e9n hemos aplicado lo que aprendimos con la Aethos para priorizar la ligereza del tubo inferior, el tubo del sill\u00edn y la parte trasera de la bicicleta. La forma del cuadro soporta la carga de forma tan eficiente que no es necesario a\u00f1adir capas extra de carbono. *A menos que cuentes la vez que Kasper Asgreen llev\u00f3 nuestro cuadro Aethos de 585 gramos en una etapa del Tour de Francia.   <\/li>\n<li>CONDUZ COMO UM COQUETE, CONDUZ COMO UM LUXO: Com uma rela\u00e7\u00e3o rigidez\/peso otimizada (33% melhor do que a SL7), a Tarmac SL8 oferece um comportamento lend\u00e1rio, uma resposta agressiva e uma geometria comprovada em campeonatos mundiais que \u00e9 de outro mundo. A bicicleta \u00e9 mais r\u00edgida nos pedais, mais precisa no guiador e mais confort\u00e1vel no selim &#8211; de tal forma que estabelece um novo padr\u00e3o para o conforto das bicicletas de corrida. Gra\u00e7as \u00e0 nossa engenharia Rider-First, todos os ciclistas, independentemente do tamanho, podem desfrutar de uma qualidade de condu\u00e7\u00e3o e de um controlo nunca antes vistos. No selim, a Tarmac SL8 oferece 6% mais conforto: flutua sobre terrenos acidentados e oferece uma suavidade que \u00e9 rara no exigente mundo das bicicletas de competi\u00e7\u00e3o. A geometria da Tarmac e a folga para os pneus de 32 mm s\u00e3o id\u00eanticas \u00e0s da SL7, assegurando um ajuste f\u00e1cil e a capacidade de usar pneus maiores quando necess\u00e1rio.    <\/li>\n<li>M\u00c1S ALL\u00c1 DEL G\u00c9NERO: podemos encontrar m\u00e1s diferencias entre dos ciclistas de g\u00e9nero masculino que entre un hombre y una mujer. El g\u00e9nero por s\u00ed solo no aporta datos suficientes como para que sea el \u00fanico factor a la hora de dise\u00f1ar una bici. Por eso, crear bicicletas solo para hombres o mujeres es cosa del pasado. Todos los ciclistas pueden disfrutar de las ventajas de la Tarmac SL8. Es hora de ir M\u00e1s All\u00e1 del G\u00e9nero.    <\/li>\n<li>La Tarmac SL8 Pro ofrece un rendimiento excepcional. Monta un grupo completo SRAM Force AXS con potenci\u00f3metro, un juego de ruedas Roval Rapide CL III (tubeless-ready), compatibles con tubeless, y un manillar Roval Rapide combinado con una potencia SL7. Tiene todo lo que necesitas para que salgas a competir en cuanto la saques de la caja.  <\/li>\n<li>Ahora, la tecnolog\u00eda \u00abApple Find My\u00bb est\u00e1 integrada en todos los medidores de potencia S-Works &amp; Pro 4iiii. Los ciclistas ya pueden disfrutar de la tranquilidad por saber la ubicaci\u00f3n exacta de sus bicicletas. <\/li>\n<li>\n<h3>Especifica\u00e7\u00f5es t\u00e9cnicas<\/h3>\n<\/li>\n<li>Cuadro: Tarmac SL8 FACT 10r Carbon, Rider First Engineered\u2122, Win Tunnel Engineered, Clean Routing, Threaded BB, 12x142mm thru-axle, flat-mount disc<\/li>\n<li>Suspensi\u00f3n Horquilla: FACT 10r Carbon, 12x100mm thru-axle, flat-mount disc<\/li>\n<li>Trav\u00f5es<\/li>\n<li>Freno delantero: NEW SRAM Force AXS E1, hydraulic disc 160mm rotor<\/li>\n<li>Freno trasero: NEW SRAM Force AXS E1, hydraulic disc 160mm rotor<\/li>\n<li>Transmiss\u00e3o<\/li>\n<li>Caja de pedalier: SRAM DUB BSA<\/li>\n<li>Cadena: NEW SRAM Force E1<\/li>\n<li>Manetas de cambio: NEW SRAM Force AXS E1 HRD<\/li>\n<li>Desviador trasero: NEW SRAM Force AXS E1<\/li>\n<li>Desviador delantero: NEW SRAM Force AXS E1<\/li>\n<li>Platos y bielas: NEW SRAM Force E1 Power Meter, 48\/35t<\/li>\n<li>Cassette: NEW SRAM Force XG-1270, 12sp, 10-33t<\/li>\n<li>Rodas e pneus<\/li>\n<li>Rueda trasera: Roval Rapide CL III<\/li>\n<li>Rueda delantera: Roval Rapide CL III<\/li>\n<li>Neum\u00e1tico delantero: S-Works Turbo TLR Race Tire, 700x28c<\/li>\n<li>Neum\u00e1tico trasero: S-Works Turbo TLR Race Tire, 700x28c<\/li>\n<li>C\u00e1maras: STANDARD 80MM PV<\/li>\n<li>Cabine de pilotagem<\/li>\n<li>Potencia: Included in Handlebar<\/li>\n<li>Sill\u00edn: Body Geometry Power Pro Mirror, Hollow Ti Rails<\/li>\n<li>Manillar: Roval Rapide Cockpit, Integrated Bar\/Stem<\/li>\n<li>Tija del sill\u00edn: S-Works Tarmac SL8 Carbon seat post, FACT Carbon, 15mm offset<\/li>\n<li>Fita de guiador: Supacaz Super Sticky Kush<\/li>\n<li>Abrazadera del sill\u00edn: Tarmac integrated wedge<\/li>\n<li>Acess\u00f3rios<\/li>\n<li>SWAT: Stem headset spacers kit for SL7 stem &amp; Roval Rapide cockpit use<\/li>\n<li>Detalles del producto<\/li>\n<li>Peso Talla: 56<\/li>\n<li>Peso: 7.25 kg (15 lb, 15.7 oz)<\/li>\n<\/ul>\n","protected":false},"excerpt":{"rendered":"<p>No hay nada m\u00e1s r\u00e1pido que la Tarmac SL8. \u00bfLa raz\u00f3n?  La combinaci\u00f3n que hemos conseguido entre aerodin\u00e1mica, ligereza y una calidad de conducci\u00f3n que hasta hace poco parec\u00eda imposible. Ocho generaciones despu\u00e9s y tras m\u00e1s de dos d\u00e9cadas de desarrollo, no es solo la Tarmac m\u00e1s r\u00e1pida de la historia: es tambi\u00e9n la bicicleta de carreras m\u00e1s r\u00e1pida del mundo.<\/p>\n","protected":false},"featured_media":419396,"comment_status":"open","ping_status":"closed","template":"","meta":{"_acf_changed":false,"_et_pb_use_builder":"","_et_pb_old_content":"","_et_gb_content_width":"","inline_featured_image":false},"product_brand":[],"product_cat":[4353,2459,378,5315,5314,5313],"product_tag":[],"class_list":{"0":"post-427502","1":"product","2":"type-product","3":"status-publish","4":"has-post-thumbnail","6":"product_cat-liquidacion-specialized","7":"product_cat-bicicletas-pt-pt-2","8":"product_cat-estrada","9":"product_cat-bicicletas-carretera-aero-pt-pt","10":"product_cat-bicicletas-carretera-carbono-pt-pt","11":"product_cat-bicicletas-carretera-specialized-pt-pt","12":"product_shipping_class-bicicletas-pt-pt","14":"first","15":"instock","16":"sale","17":"taxable","18":"shipping-taxable","19":"purchasable","20":"product-type-variable","21":"wvs-archive-product-wrapper"},"acf":[],"yoast_head":"<!-- This site is optimized with the Yoast SEO Premium plugin v26.7 (Yoast SEO v26.7) - https:\/\/yoast.com\/wordpress\/plugins\/seo\/ -->\n<title>Specialized Tarmac SL8 Pro SRAM Force AXS 2026 Specialized<\/title>\n<meta name=\"description\" content=\"No hay nada m\u00e1s r\u00e1pido que la Tarmac SL8. \u00bfLa raz\u00f3n? La combinaci\u00f3n que hemos conseguido entre aerodin\u00e1mica, ligereza y una calidad de conducci\u00f3n\" \/>\n<meta name=\"robots\" content=\"index, follow, max-snippet:-1, max-image-preview:large, max-video-preview:-1\" \/>\n<link rel=\"canonical\" href=\"https:\/\/gr-100.com\/pt-pt\/producto\/specialized-tarmac-sl8-pro-sram-force-axs-2026\/\" \/>\n<meta property=\"og:locale\" content=\"pt_PT\" \/>\n<meta property=\"og:type\" content=\"article\" \/>\n<meta property=\"og:title\" content=\"Specialized Tarmac SL8 Pro SRAM Force AXS 2026\" \/>\n<meta property=\"og:description\" content=\"No hay nada m\u00e1s r\u00e1pido que la Tarmac SL8. \u00bfLa raz\u00f3n? La combinaci\u00f3n que hemos conseguido entre aerodin\u00e1mica, ligereza y una calidad de conducci\u00f3n\" \/>\n<meta property=\"og:url\" content=\"https:\/\/gr-100.com\/pt-pt\/producto\/specialized-tarmac-sl8-pro-sram-force-axs-2026\/\" \/>\n<meta property=\"og:site_name\" content=\"Gr-100 Tienda de ciclismo Specialized\" \/>\n<meta property=\"article:publisher\" content=\"https:\/\/www.facebook.com\/Gr100Bikes\" \/>\n<meta property=\"og:image\" content=\"https:\/\/gr-100.com\/wp-content\/uploads\/2025\/07\/Diseno-sin-titulo-2025-10-17T133425.321.jpg\" \/>\n\t<meta property=\"og:image:width\" content=\"1000\" \/>\n\t<meta property=\"og:image:height\" content=\"1000\" \/>\n\t<meta property=\"og:image:type\" content=\"image\/jpeg\" \/>\n<meta name=\"twitter:card\" content=\"summary_large_image\" \/>\n<meta name=\"twitter:label1\" content=\"Tempo estimado de leitura\" \/>\n\t<meta name=\"twitter:data1\" content=\"5 minutos\" \/>\n<script type=\"application\/ld+json\" class=\"yoast-schema-graph\">{\"@context\":\"https:\/\/schema.org\",\"@graph\":[{\"@type\":\"WebPage\",\"@id\":\"https:\/\/gr-100.com\/pt-pt\/producto\/specialized-tarmac-sl8-pro-sram-force-axs-2026\/\",\"url\":\"https:\/\/gr-100.com\/pt-pt\/producto\/specialized-tarmac-sl8-pro-sram-force-axs-2026\/\",\"name\":\"Specialized Tarmac SL8 Pro SRAM Force AXS 2026 Specialized\",\"isPartOf\":{\"@id\":\"https:\/\/gr-100.com\/#website\"},\"primaryImageOfPage\":{\"@id\":\"https:\/\/gr-100.com\/pt-pt\/producto\/specialized-tarmac-sl8-pro-sram-force-axs-2026\/#primaryimage\"},\"image\":{\"@id\":\"https:\/\/gr-100.com\/pt-pt\/producto\/specialized-tarmac-sl8-pro-sram-force-axs-2026\/#primaryimage\"},\"thumbnailUrl\":\"https:\/\/gr-100.com\/wp-content\/uploads\/2025\/07\/Diseno-sin-titulo-2025-10-17T133425.321.jpg\",\"datePublished\":\"2025-07-24T12:42:28+00:00\",\"description\":\"No hay nada m\u00e1s r\u00e1pido que la Tarmac SL8. \u00bfLa raz\u00f3n? La combinaci\u00f3n que hemos conseguido entre aerodin\u00e1mica, ligereza y una calidad de conducci\u00f3n\",\"breadcrumb\":{\"@id\":\"https:\/\/gr-100.com\/pt-pt\/producto\/specialized-tarmac-sl8-pro-sram-force-axs-2026\/#breadcrumb\"},\"inLanguage\":\"pt-PT\",\"potentialAction\":[{\"@type\":\"ReadAction\",\"target\":[\"https:\/\/gr-100.com\/pt-pt\/producto\/specialized-tarmac-sl8-pro-sram-force-axs-2026\/\"]}]},{\"@type\":\"ImageObject\",\"inLanguage\":\"pt-PT\",\"@id\":\"https:\/\/gr-100.com\/pt-pt\/producto\/specialized-tarmac-sl8-pro-sram-force-axs-2026\/#primaryimage\",\"url\":\"https:\/\/gr-100.com\/wp-content\/uploads\/2025\/07\/Diseno-sin-titulo-2025-10-17T133425.321.jpg\",\"contentUrl\":\"https:\/\/gr-100.com\/wp-content\/uploads\/2025\/07\/Diseno-sin-titulo-2025-10-17T133425.321.jpg\",\"width\":1000,\"height\":1000},{\"@type\":\"BreadcrumbList\",\"@id\":\"https:\/\/gr-100.com\/pt-pt\/producto\/specialized-tarmac-sl8-pro-sram-force-axs-2026\/#breadcrumb\",\"itemListElement\":[{\"@type\":\"ListItem\",\"position\":1,\"name\":\"Portada\",\"item\":\"https:\/\/gr-100.com\/en\/\"},{\"@type\":\"ListItem\",\"position\":2,\"name\":\"Productos\",\"item\":\"https:\/\/gr-100.com\/?post_type=product\"},{\"@type\":\"ListItem\",\"position\":3,\"name\":\"Specialized Tarmac SL8 Pro SRAM Force AXS 2026\"}]},{\"@type\":\"WebSite\",\"@id\":\"https:\/\/gr-100.com\/#website\",\"url\":\"https:\/\/gr-100.com\/\",\"name\":\"Gr-100 Tienda de ciclismo Specialized\",\"description\":\"GR-100 tenemos todas las gamas de bicicletas Specialized al mejor precio.\",\"publisher\":{\"@id\":\"https:\/\/gr-100.com\/#organization\"},\"alternateName\":\"Gr-100 Bikes\",\"potentialAction\":[{\"@type\":\"SearchAction\",\"target\":{\"@type\":\"EntryPoint\",\"urlTemplate\":\"https:\/\/gr-100.com\/?s={search_term_string}\"},\"query-input\":{\"@type\":\"PropertyValueSpecification\",\"valueRequired\":true,\"valueName\":\"search_term_string\"}}],\"inLanguage\":\"pt-PT\"},{\"@type\":\"Organization\",\"@id\":\"https:\/\/gr-100.com\/#organization\",\"name\":\"Gr-100\",\"url\":\"https:\/\/gr-100.com\/\",\"logo\":{\"@type\":\"ImageObject\",\"inLanguage\":\"pt-PT\",\"@id\":\"https:\/\/gr-100.com\/#\/schema\/logo\/image\/\",\"url\":\"https:\/\/gr-100.com\/wp-content\/uploads\/2023\/08\/logo-gr-100-bikes.png\",\"contentUrl\":\"https:\/\/gr-100.com\/wp-content\/uploads\/2023\/08\/logo-gr-100-bikes.png\",\"width\":707,\"height\":284,\"caption\":\"Gr-100\"},\"image\":{\"@id\":\"https:\/\/gr-100.com\/#\/schema\/logo\/image\/\"},\"sameAs\":[\"https:\/\/www.facebook.com\/Gr100Bikes\",\"https:\/\/www.instagram.com\/gr100bikes\/\",\"https:\/\/www.tiktok.com\/@gr100bikes\",\"https:\/\/twitter.com\/gr100mtbteam\",\"https:\/\/www.youtube.com\/c\/GR100Specialized\"]}]}<\/script>\n<!-- \/ Yoast SEO Premium plugin. -->","yoast_head_json":{"title":"Specialized Tarmac SL8 Pro SRAM Force AXS 2026 Specialized","description":"No hay nada m\u00e1s r\u00e1pido que la Tarmac SL8. \u00bfLa raz\u00f3n? La combinaci\u00f3n que hemos conseguido entre aerodin\u00e1mica, ligereza y una calidad de conducci\u00f3n","robots":{"index":"index","follow":"follow","max-snippet":"max-snippet:-1","max-image-preview":"max-image-preview:large","max-video-preview":"max-video-preview:-1"},"canonical":"https:\/\/gr-100.com\/pt-pt\/producto\/specialized-tarmac-sl8-pro-sram-force-axs-2026\/","og_locale":"pt_PT","og_type":"article","og_title":"Specialized Tarmac SL8 Pro SRAM Force AXS 2026","og_description":"No hay nada m\u00e1s r\u00e1pido que la Tarmac SL8. \u00bfLa raz\u00f3n? La combinaci\u00f3n que hemos conseguido entre aerodin\u00e1mica, ligereza y una calidad de conducci\u00f3n","og_url":"https:\/\/gr-100.com\/pt-pt\/producto\/specialized-tarmac-sl8-pro-sram-force-axs-2026\/","og_site_name":"Gr-100 Tienda de ciclismo Specialized","article_publisher":"https:\/\/www.facebook.com\/Gr100Bikes","og_image":[{"width":1000,"height":1000,"url":"https:\/\/gr-100.com\/wp-content\/uploads\/2025\/07\/Diseno-sin-titulo-2025-10-17T133425.321.jpg","type":"image\/jpeg"}],"twitter_card":"summary_large_image","twitter_misc":{"Tempo estimado de leitura":"5 minutos"},"schema":{"@context":"https:\/\/schema.org","@graph":[{"@type":"WebPage","@id":"https:\/\/gr-100.com\/pt-pt\/producto\/specialized-tarmac-sl8-pro-sram-force-axs-2026\/","url":"https:\/\/gr-100.com\/pt-pt\/producto\/specialized-tarmac-sl8-pro-sram-force-axs-2026\/","name":"Specialized Tarmac SL8 Pro SRAM Force AXS 2026 Specialized","isPartOf":{"@id":"https:\/\/gr-100.com\/#website"},"primaryImageOfPage":{"@id":"https:\/\/gr-100.com\/pt-pt\/producto\/specialized-tarmac-sl8-pro-sram-force-axs-2026\/#primaryimage"},"image":{"@id":"https:\/\/gr-100.com\/pt-pt\/producto\/specialized-tarmac-sl8-pro-sram-force-axs-2026\/#primaryimage"},"thumbnailUrl":"https:\/\/gr-100.com\/wp-content\/uploads\/2025\/07\/Diseno-sin-titulo-2025-10-17T133425.321.jpg","datePublished":"2025-07-24T12:42:28+00:00","description":"No hay nada m\u00e1s r\u00e1pido que la Tarmac SL8. \u00bfLa raz\u00f3n? La combinaci\u00f3n que hemos conseguido entre aerodin\u00e1mica, ligereza y una calidad de conducci\u00f3n","breadcrumb":{"@id":"https:\/\/gr-100.com\/pt-pt\/producto\/specialized-tarmac-sl8-pro-sram-force-axs-2026\/#breadcrumb"},"inLanguage":"pt-PT","potentialAction":[{"@type":"ReadAction","target":["https:\/\/gr-100.com\/pt-pt\/producto\/specialized-tarmac-sl8-pro-sram-force-axs-2026\/"]}]},{"@type":"ImageObject","inLanguage":"pt-PT","@id":"https:\/\/gr-100.com\/pt-pt\/producto\/specialized-tarmac-sl8-pro-sram-force-axs-2026\/#primaryimage","url":"https:\/\/gr-100.com\/wp-content\/uploads\/2025\/07\/Diseno-sin-titulo-2025-10-17T133425.321.jpg","contentUrl":"https:\/\/gr-100.com\/wp-content\/uploads\/2025\/07\/Diseno-sin-titulo-2025-10-17T133425.321.jpg","width":1000,"height":1000},{"@type":"BreadcrumbList","@id":"https:\/\/gr-100.com\/pt-pt\/producto\/specialized-tarmac-sl8-pro-sram-force-axs-2026\/#breadcrumb","itemListElement":[{"@type":"ListItem","position":1,"name":"Portada","item":"https:\/\/gr-100.com\/en\/"},{"@type":"ListItem","position":2,"name":"Productos","item":"https:\/\/gr-100.com\/?post_type=product"},{"@type":"ListItem","position":3,"name":"Specialized Tarmac SL8 Pro SRAM Force AXS 2026"}]},{"@type":"WebSite","@id":"https:\/\/gr-100.com\/#website","url":"https:\/\/gr-100.com\/","name":"Gr-100 Tienda de ciclismo Specialized","description":"GR-100 tenemos todas las gamas de bicicletas Specialized al mejor precio.","publisher":{"@id":"https:\/\/gr-100.com\/#organization"},"alternateName":"Gr-100 Bikes","potentialAction":[{"@type":"SearchAction","target":{"@type":"EntryPoint","urlTemplate":"https:\/\/gr-100.com\/?s={search_term_string}"},"query-input":{"@type":"PropertyValueSpecification","valueRequired":true,"valueName":"search_term_string"}}],"inLanguage":"pt-PT"},{"@type":"Organization","@id":"https:\/\/gr-100.com\/#organization","name":"Gr-100","url":"https:\/\/gr-100.com\/","logo":{"@type":"ImageObject","inLanguage":"pt-PT","@id":"https:\/\/gr-100.com\/#\/schema\/logo\/image\/","url":"https:\/\/gr-100.com\/wp-content\/uploads\/2023\/08\/logo-gr-100-bikes.png","contentUrl":"https:\/\/gr-100.com\/wp-content\/uploads\/2023\/08\/logo-gr-100-bikes.png","width":707,"height":284,"caption":"Gr-100"},"image":{"@id":"https:\/\/gr-100.com\/#\/schema\/logo\/image\/"},"sameAs":["https:\/\/www.facebook.com\/Gr100Bikes","https:\/\/www.instagram.com\/gr100bikes\/","https:\/\/www.tiktok.com\/@gr100bikes","https:\/\/twitter.com\/gr100mtbteam","https:\/\/www.youtube.com\/c\/GR100Specialized"]}]}},"_links":{"self":[{"href":"https:\/\/gr-100.com\/pt-pt\/wp-json\/wp\/v2\/product\/427502","targetHints":{"allow":["GET"]}}],"collection":[{"href":"https:\/\/gr-100.com\/pt-pt\/wp-json\/wp\/v2\/product"}],"about":[{"href":"https:\/\/gr-100.com\/pt-pt\/wp-json\/wp\/v2\/types\/product"}],"replies":[{"embeddable":true,"href":"https:\/\/gr-100.com\/pt-pt\/wp-json\/wp\/v2\/comments?post=427502"}],"wp:featuredmedia":[{"embeddable":true,"href":"https:\/\/gr-100.com\/pt-pt\/wp-json\/wp\/v2\/media\/419396"}],"wp:attachment":[{"href":"https:\/\/gr-100.com\/pt-pt\/wp-json\/wp\/v2\/media?parent=427502"}],"wp:term":[{"taxonomy":"product_brand","embeddable":true,"href":"https:\/\/gr-100.com\/pt-pt\/wp-json\/wp\/v2\/product_brand?post=427502"},{"taxonomy":"product_cat","embeddable":true,"href":"https:\/\/gr-100.com\/pt-pt\/wp-json\/wp\/v2\/product_cat?post=427502"},{"taxonomy":"product_tag","embeddable":true,"href":"https:\/\/gr-100.com\/pt-pt\/wp-json\/wp\/v2\/product_tag?post=427502"}],"curies":[{"name":"wp","href":"https:\/\/api.w.org\/{rel}","templated":true}]}}