{"id":427680,"date":"2025-01-03T12:34:38","date_gmt":"2025-01-03T10:34:38","guid":{"rendered":"https:\/\/gr-100.com\/producto\/specialized-sirrus-x-6-0-2025\/"},"modified":"2025-01-03T12:34:38","modified_gmt":"2025-01-03T10:34:38","slug":"specialized-sirrus-x-6-0-2025","status":"publish","type":"product","link":"https:\/\/gr-100.com\/pt-pt\/producto\/specialized-sirrus-x-6-0-2025\/","title":{"rendered":"Specialized Sirrus X 6.0 2025"},"content":{"rendered":"<ul>\n<li>Quadro: Carbono FACT 9r Specialized, geometria Fitness, transmiss\u00e3o 1x, eixo passante 12&#215;142, roteamento interno de cabos, disco de montagem plana, suportes de rack\/fender Plug + Play<\/li>\n<li>Forquilha: Monocoque de carbono FACT 9r Specialized, disco de montagem plana, eixo passante 12x100mm, suportes para ciclistas baixos, suportes para guarda-lamas Plug + Play, Future Shock 1.5<\/li>\n<li>Transmiss\u00e3o<\/li>\n<li>Comandos: SRAM GX, gatilho, 12 velocidades<\/li>\n<li>Desviador traseiro: SRAM GX Eagle, 12 velocidades<\/li>\n<li>Cassete: SRAM GX Eagle, 12 velocidades, 11-50t<\/li>\n<li>Corrente: SRAM GX Eagle, 12 velocidades<\/li>\n<li>Pedaleira: SRAM Rival DUB Wide, 42T<\/li>\n<li>Corrente: 42T<\/li>\n<li>Suporte inferior: SRAM DUB BSA 68 Wide<\/li>\n<li>Trav\u00f5es<\/li>\n<li>Trav\u00e3o dianteiro: SRAM S-300<\/li>\n<li>Trav\u00e3o traseiro: SRAM S-300<\/li>\n<li>Rodas e pneus:<\/li>\n<li>Jantes: Dt Swiss R470, 23mm de profundidade, 20mm de largura interna, trav\u00e3o de disco, 24h<\/li>\n<li>Cubo dianteiro: cubo dianteiro Specialized, rolamentos de cartucho selados, eixo passante 12x100mm, 24h<\/li>\n<li>Cubo traseiro: Specialized, rolamentos de cartucho selados, eixo passante 12x142mm, 24h<\/li>\n<li>Raios: Stainless, 14g<\/li>\n<li>Pneu dianteiro: Pathfinder Pro 2BR, 700&#215;38<\/li>\n<li>Pneu traseiro: Pathfinder Pro 2BR, 700&#215;38<\/li>\n<li>C\u00e2maras: Standard 40mm SV 700&#215;32-50<\/li>\n<li>Outros componentes<\/li>\n<li>Poder: Haste do Futuro, Comp<\/li>\n<li>Guiador: Liga dupla, 9 graus de inclina\u00e7\u00e3o para tr\u00e1s, 31,8 mm<\/li>\n<li>Punhos: Specialized Neutralizer, Body Geometry, punho de bloqueio<\/li>\n<li>Selim: Power Comp, carris ocos Cr-mo, 155\/143mm<\/li>\n<li>Espig\u00e3o: Roval Terra Carbon Seat Post, 20mm Offset<\/li>\n<li>Fixa\u00e7\u00e3o do espig\u00e3o de selim: Integrado no quadro<\/li>\n<li>Acess\u00f3rios: Pedais: Plataforma VP, corpo em liga leve<\/li>\n<li>Peso aproximado: 9,8 kg (21 lb, 9,6 oz) LG<\/li>\n<\/ul>\n","protected":false},"excerpt":{"rendered":"<p>O Sirrus X oferece uma combina\u00e7\u00e3o sem precedentes de conforto, efici\u00eancia e manuseamento \u00e1gil. Destaca-se no pavimento, na terra e em qualquer outro terreno. <\/p>\n","protected":false},"featured_media":400361,"comment_status":"open","ping_status":"closed","template":"","meta":{"_acf_changed":false,"_et_pb_use_builder":"","_et_pb_old_content":"","_et_gb_content_width":"","inline_featured_image":false},"product_brand":[],"product_cat":[2459,378,2483,2696],"product_tag":[],"class_list":{"0":"post-427680","1":"product","2":"type-product","3":"status-publish","4":"has-post-thumbnail","6":"product_cat-bicicletas-pt-pt-2","7":"product_cat-estrada","8":"product_cat-bicicletas-especializadas","9":"product_cat-ofertas-especializadas","11":"first","12":"instock","13":"sale","14":"taxable","15":"shipping-taxable","16":"purchasable","17":"product-type-variable","18":"wvs-archive-product-wrapper"},"acf":[],"yoast_head":"<!-- This site is optimized with the Yoast SEO Premium plugin v26.7 (Yoast SEO v26.7) - https:\/\/yoast.com\/wordpress\/plugins\/seo\/ -->\n<title>Specialized Sirrus X 6.0 2025 GR-100<\/title>\n<meta name=\"description\" content=\"O Sirrus X oferece uma combina\u00e7\u00e3o sem precedentes de conforto, efici\u00eancia e manuseamento \u00e1gil. Destaca-se tanto no asfalto como na terra.\" \/>\n<meta name=\"robots\" content=\"index, follow, max-snippet:-1, max-image-preview:large, max-video-preview:-1\" \/>\n<link rel=\"canonical\" href=\"https:\/\/gr-100.com\/pt-pt\/producto\/specialized-sirrus-x-6-0-2025\/\" \/>\n<meta property=\"og:locale\" content=\"pt_PT\" \/>\n<meta property=\"og:type\" content=\"article\" \/>\n<meta property=\"og:title\" content=\"Specialized Sirrus X 6.0 2025\" \/>\n<meta property=\"og:description\" content=\"O Sirrus X oferece uma combina\u00e7\u00e3o sem precedentes de conforto, efici\u00eancia e manuseamento \u00e1gil. Destaca-se tanto no asfalto como na terra.\" \/>\n<meta property=\"og:url\" content=\"https:\/\/gr-100.com\/pt-pt\/producto\/specialized-sirrus-x-6-0-2025\/\" \/>\n<meta property=\"og:site_name\" content=\"Gr-100 Tienda de ciclismo Specialized\" \/>\n<meta property=\"article:publisher\" content=\"https:\/\/www.facebook.com\/Gr100Bikes\" \/>\n<meta property=\"og:image\" content=\"https:\/\/gr-100.com\/wp-content\/uploads\/2025\/01\/Diseno-sin-titulo-2025-01-03T130104.809.jpg\" \/>\n\t<meta property=\"og:image:width\" content=\"1000\" \/>\n\t<meta property=\"og:image:height\" content=\"1000\" \/>\n\t<meta property=\"og:image:type\" content=\"image\/jpeg\" \/>\n<meta name=\"twitter:card\" content=\"summary_large_image\" \/>\n<meta name=\"twitter:label1\" content=\"Tempo estimado de leitura\" \/>\n\t<meta name=\"twitter:data1\" content=\"1 minuto\" \/>\n<script type=\"application\/ld+json\" class=\"yoast-schema-graph\">{\"@context\":\"https:\/\/schema.org\",\"@graph\":[{\"@type\":\"WebPage\",\"@id\":\"https:\/\/gr-100.com\/pt-pt\/producto\/specialized-sirrus-x-6-0-2025\/\",\"url\":\"https:\/\/gr-100.com\/pt-pt\/producto\/specialized-sirrus-x-6-0-2025\/\",\"name\":\"Specialized Sirrus X 6.0 2025 GR-100\",\"isPartOf\":{\"@id\":\"https:\/\/gr-100.com\/#website\"},\"primaryImageOfPage\":{\"@id\":\"https:\/\/gr-100.com\/pt-pt\/producto\/specialized-sirrus-x-6-0-2025\/#primaryimage\"},\"image\":{\"@id\":\"https:\/\/gr-100.com\/pt-pt\/producto\/specialized-sirrus-x-6-0-2025\/#primaryimage\"},\"thumbnailUrl\":\"https:\/\/gr-100.com\/wp-content\/uploads\/2025\/01\/Diseno-sin-titulo-2025-01-03T130104.809.jpg\",\"datePublished\":\"2025-01-03T10:34:38+00:00\",\"description\":\"O Sirrus X oferece uma combina\u00e7\u00e3o sem precedentes de conforto, efici\u00eancia e manuseamento \u00e1gil. Destaca-se tanto no asfalto como na terra.\",\"breadcrumb\":{\"@id\":\"https:\/\/gr-100.com\/pt-pt\/producto\/specialized-sirrus-x-6-0-2025\/#breadcrumb\"},\"inLanguage\":\"pt-PT\",\"potentialAction\":[{\"@type\":\"ReadAction\",\"target\":[\"https:\/\/gr-100.com\/pt-pt\/producto\/specialized-sirrus-x-6-0-2025\/\"]}]},{\"@type\":\"ImageObject\",\"inLanguage\":\"pt-PT\",\"@id\":\"https:\/\/gr-100.com\/pt-pt\/producto\/specialized-sirrus-x-6-0-2025\/#primaryimage\",\"url\":\"https:\/\/gr-100.com\/wp-content\/uploads\/2025\/01\/Diseno-sin-titulo-2025-01-03T130104.809.jpg\",\"contentUrl\":\"https:\/\/gr-100.com\/wp-content\/uploads\/2025\/01\/Diseno-sin-titulo-2025-01-03T130104.809.jpg\",\"width\":1000,\"height\":1000},{\"@type\":\"BreadcrumbList\",\"@id\":\"https:\/\/gr-100.com\/pt-pt\/producto\/specialized-sirrus-x-6-0-2025\/#breadcrumb\",\"itemListElement\":[{\"@type\":\"ListItem\",\"position\":1,\"name\":\"Portada\",\"item\":\"https:\/\/gr-100.com\/en\/\"},{\"@type\":\"ListItem\",\"position\":2,\"name\":\"Productos\",\"item\":\"https:\/\/gr-100.com\/?post_type=product\"},{\"@type\":\"ListItem\",\"position\":3,\"name\":\"Specialized Sirrus X 6.0 2025\"}]},{\"@type\":\"WebSite\",\"@id\":\"https:\/\/gr-100.com\/#website\",\"url\":\"https:\/\/gr-100.com\/\",\"name\":\"Gr-100 Tienda de ciclismo Specialized\",\"description\":\"GR-100 tenemos todas las gamas de bicicletas Specialized al mejor precio.\",\"publisher\":{\"@id\":\"https:\/\/gr-100.com\/#organization\"},\"alternateName\":\"Gr-100 Bikes\",\"potentialAction\":[{\"@type\":\"SearchAction\",\"target\":{\"@type\":\"EntryPoint\",\"urlTemplate\":\"https:\/\/gr-100.com\/?s={search_term_string}\"},\"query-input\":{\"@type\":\"PropertyValueSpecification\",\"valueRequired\":true,\"valueName\":\"search_term_string\"}}],\"inLanguage\":\"pt-PT\"},{\"@type\":\"Organization\",\"@id\":\"https:\/\/gr-100.com\/#organization\",\"name\":\"Gr-100\",\"url\":\"https:\/\/gr-100.com\/\",\"logo\":{\"@type\":\"ImageObject\",\"inLanguage\":\"pt-PT\",\"@id\":\"https:\/\/gr-100.com\/#\/schema\/logo\/image\/\",\"url\":\"https:\/\/gr-100.com\/wp-content\/uploads\/2023\/08\/logo-gr-100-bikes.png\",\"contentUrl\":\"https:\/\/gr-100.com\/wp-content\/uploads\/2023\/08\/logo-gr-100-bikes.png\",\"width\":707,\"height\":284,\"caption\":\"Gr-100\"},\"image\":{\"@id\":\"https:\/\/gr-100.com\/#\/schema\/logo\/image\/\"},\"sameAs\":[\"https:\/\/www.facebook.com\/Gr100Bikes\",\"https:\/\/www.instagram.com\/gr100bikes\/\",\"https:\/\/www.tiktok.com\/@gr100bikes\",\"https:\/\/twitter.com\/gr100mtbteam\",\"https:\/\/www.youtube.com\/c\/GR100Specialized\"]}]}<\/script>\n<!-- \/ Yoast SEO Premium plugin. -->","yoast_head_json":{"title":"Specialized Sirrus X 6.0 2025 GR-100","description":"O Sirrus X oferece uma combina\u00e7\u00e3o sem precedentes de conforto, efici\u00eancia e manuseamento \u00e1gil. Destaca-se tanto no asfalto como na terra.","robots":{"index":"index","follow":"follow","max-snippet":"max-snippet:-1","max-image-preview":"max-image-preview:large","max-video-preview":"max-video-preview:-1"},"canonical":"https:\/\/gr-100.com\/pt-pt\/producto\/specialized-sirrus-x-6-0-2025\/","og_locale":"pt_PT","og_type":"article","og_title":"Specialized Sirrus X 6.0 2025","og_description":"O Sirrus X oferece uma combina\u00e7\u00e3o sem precedentes de conforto, efici\u00eancia e manuseamento \u00e1gil. Destaca-se tanto no asfalto como na terra.","og_url":"https:\/\/gr-100.com\/pt-pt\/producto\/specialized-sirrus-x-6-0-2025\/","og_site_name":"Gr-100 Tienda de ciclismo Specialized","article_publisher":"https:\/\/www.facebook.com\/Gr100Bikes","og_image":[{"width":1000,"height":1000,"url":"https:\/\/gr-100.com\/wp-content\/uploads\/2025\/01\/Diseno-sin-titulo-2025-01-03T130104.809.jpg","type":"image\/jpeg"}],"twitter_card":"summary_large_image","twitter_misc":{"Tempo estimado de leitura":"1 minuto"},"schema":{"@context":"https:\/\/schema.org","@graph":[{"@type":"WebPage","@id":"https:\/\/gr-100.com\/pt-pt\/producto\/specialized-sirrus-x-6-0-2025\/","url":"https:\/\/gr-100.com\/pt-pt\/producto\/specialized-sirrus-x-6-0-2025\/","name":"Specialized Sirrus X 6.0 2025 GR-100","isPartOf":{"@id":"https:\/\/gr-100.com\/#website"},"primaryImageOfPage":{"@id":"https:\/\/gr-100.com\/pt-pt\/producto\/specialized-sirrus-x-6-0-2025\/#primaryimage"},"image":{"@id":"https:\/\/gr-100.com\/pt-pt\/producto\/specialized-sirrus-x-6-0-2025\/#primaryimage"},"thumbnailUrl":"https:\/\/gr-100.com\/wp-content\/uploads\/2025\/01\/Diseno-sin-titulo-2025-01-03T130104.809.jpg","datePublished":"2025-01-03T10:34:38+00:00","description":"O Sirrus X oferece uma combina\u00e7\u00e3o sem precedentes de conforto, efici\u00eancia e manuseamento \u00e1gil. Destaca-se tanto no asfalto como na terra.","breadcrumb":{"@id":"https:\/\/gr-100.com\/pt-pt\/producto\/specialized-sirrus-x-6-0-2025\/#breadcrumb"},"inLanguage":"pt-PT","potentialAction":[{"@type":"ReadAction","target":["https:\/\/gr-100.com\/pt-pt\/producto\/specialized-sirrus-x-6-0-2025\/"]}]},{"@type":"ImageObject","inLanguage":"pt-PT","@id":"https:\/\/gr-100.com\/pt-pt\/producto\/specialized-sirrus-x-6-0-2025\/#primaryimage","url":"https:\/\/gr-100.com\/wp-content\/uploads\/2025\/01\/Diseno-sin-titulo-2025-01-03T130104.809.jpg","contentUrl":"https:\/\/gr-100.com\/wp-content\/uploads\/2025\/01\/Diseno-sin-titulo-2025-01-03T130104.809.jpg","width":1000,"height":1000},{"@type":"BreadcrumbList","@id":"https:\/\/gr-100.com\/pt-pt\/producto\/specialized-sirrus-x-6-0-2025\/#breadcrumb","itemListElement":[{"@type":"ListItem","position":1,"name":"Portada","item":"https:\/\/gr-100.com\/en\/"},{"@type":"ListItem","position":2,"name":"Productos","item":"https:\/\/gr-100.com\/?post_type=product"},{"@type":"ListItem","position":3,"name":"Specialized Sirrus X 6.0 2025"}]},{"@type":"WebSite","@id":"https:\/\/gr-100.com\/#website","url":"https:\/\/gr-100.com\/","name":"Gr-100 Tienda de ciclismo Specialized","description":"GR-100 tenemos todas las gamas de bicicletas Specialized al mejor precio.","publisher":{"@id":"https:\/\/gr-100.com\/#organization"},"alternateName":"Gr-100 Bikes","potentialAction":[{"@type":"SearchAction","target":{"@type":"EntryPoint","urlTemplate":"https:\/\/gr-100.com\/?s={search_term_string}"},"query-input":{"@type":"PropertyValueSpecification","valueRequired":true,"valueName":"search_term_string"}}],"inLanguage":"pt-PT"},{"@type":"Organization","@id":"https:\/\/gr-100.com\/#organization","name":"Gr-100","url":"https:\/\/gr-100.com\/","logo":{"@type":"ImageObject","inLanguage":"pt-PT","@id":"https:\/\/gr-100.com\/#\/schema\/logo\/image\/","url":"https:\/\/gr-100.com\/wp-content\/uploads\/2023\/08\/logo-gr-100-bikes.png","contentUrl":"https:\/\/gr-100.com\/wp-content\/uploads\/2023\/08\/logo-gr-100-bikes.png","width":707,"height":284,"caption":"Gr-100"},"image":{"@id":"https:\/\/gr-100.com\/#\/schema\/logo\/image\/"},"sameAs":["https:\/\/www.facebook.com\/Gr100Bikes","https:\/\/www.instagram.com\/gr100bikes\/","https:\/\/www.tiktok.com\/@gr100bikes","https:\/\/twitter.com\/gr100mtbteam","https:\/\/www.youtube.com\/c\/GR100Specialized"]}]}},"_links":{"self":[{"href":"https:\/\/gr-100.com\/pt-pt\/wp-json\/wp\/v2\/product\/427680","targetHints":{"allow":["GET"]}}],"collection":[{"href":"https:\/\/gr-100.com\/pt-pt\/wp-json\/wp\/v2\/product"}],"about":[{"href":"https:\/\/gr-100.com\/pt-pt\/wp-json\/wp\/v2\/types\/product"}],"replies":[{"embeddable":true,"href":"https:\/\/gr-100.com\/pt-pt\/wp-json\/wp\/v2\/comments?post=427680"}],"wp:featuredmedia":[{"embeddable":true,"href":"https:\/\/gr-100.com\/pt-pt\/wp-json\/wp\/v2\/media\/400361"}],"wp:attachment":[{"href":"https:\/\/gr-100.com\/pt-pt\/wp-json\/wp\/v2\/media?parent=427680"}],"wp:term":[{"taxonomy":"product_brand","embeddable":true,"href":"https:\/\/gr-100.com\/pt-pt\/wp-json\/wp\/v2\/product_brand?post=427680"},{"taxonomy":"product_cat","embeddable":true,"href":"https:\/\/gr-100.com\/pt-pt\/wp-json\/wp\/v2\/product_cat?post=427680"},{"taxonomy":"product_tag","embeddable":true,"href":"https:\/\/gr-100.com\/pt-pt\/wp-json\/wp\/v2\/product_tag?post=427680"}],"curies":[{"name":"wp","href":"https:\/\/api.w.org\/{rel}","templated":true}]}}