{"id":427784,"date":"2024-09-23T11:04:11","date_gmt":"2024-09-23T10:04:11","guid":{"rendered":"https:\/\/gr-100.com\/producto\/specialized-roubaix-pro-2025\/"},"modified":"2024-09-23T11:04:11","modified_gmt":"2024-09-23T09:04:11","slug":"specialized-roubaix-pro-2025","status":"publish","type":"product","link":"https:\/\/gr-100.com\/pt-pt\/producto\/specialized-roubaix-pro-2025\/","title":{"rendered":"Specialized Roubaix Pro 2025"},"content":{"rendered":"<ul>\n<li>Conforto: O Future Shock 3.0 \u00e9 a estrela do espet\u00e1culo, mais ajust\u00e1vel e dur\u00e1vel do que nunca. Agora, independentemente da posi\u00e7\u00e3o na bicicleta, todos os ciclistas experimentam 20 mm de curso suave e sem fric\u00e7\u00e3o entre o avan\u00e7o e o tubo da cabe\u00e7a. O Future Shock ajuda-te a manter as m\u00e3os e o guiador firmes para uma condu\u00e7\u00e3o mais suave e controlada, para uma condu\u00e7\u00e3o r\u00e1pida, segura e confiante.  <\/li>\n<li>O design da abra\u00e7adeira do espig\u00e3o do selim mais baixa exp\u00f5e mais espig\u00e3o do selim para uma maior flexibilidade, mas &#8220;mais&#8221; n\u00e3o \u00e9 simplesmente melhor. O espig\u00e3o do selim Pav\u00e9 controla essa flex\u00e3o para um conforto vertical \u00f3timo. Juntos criam a tecnologia AfterShock e, quando combinados com o tri\u00e2ngulo traseiro r\u00edgido da Roubaix, proporcionam uma condu\u00e7\u00e3o suave sem perda de efici\u00eancia.  <\/li>\n<li>A Roubaix \u00e9 a bicicleta de estrada mais confort\u00e1vel que a equipa da Ride Science j\u00e1 testou, reduzindo os choques no guiador e no selim em 53% em compara\u00e7\u00e3o com a concorrente mais pr\u00f3xima. Com o Future Shock 3.0 da Roubaix, a roda move-se RapidAir sobre a colis\u00e3o, enquanto a massa do ciclista permanece est\u00e1vel, mantendo o impulso em terrenos acidentados. As forquilhas tradicionais dobram-se para tr\u00e1s com o impacto, causando uma perda de velocidade mensur\u00e1vel. \u00c9 um facto cient\u00edfico, mais confort\u00e1vel \u00e9 mais r\u00e1pido.   <\/li>\n<li>Capacidade: A Roubaix foi pioneira na geometria de endurance, por isso pedalas &#8220;NA&#8221; bicicleta e n\u00e3o &#8220;SOBRE&#8221; a bicicleta para aliviar a press\u00e3o nas tuas m\u00e3os, bra\u00e7os e ombros para teres confian\u00e7a em qualquer estrada, e est\u00e1 pronta para enfrentar uma descida de montanha a toda a velocidade. <\/li>\n<li>Com capacidade para pneus at\u00e9 38c\/40mm, esta m\u00e1quina de estrada de resist\u00eancia oferece melhor tra\u00e7\u00e3o do que nunca em estradas irregulares e mesmo em gravilha ligeira. Gra\u00e7as ao seu peso leve e efici\u00eancia, os pneus Specialized oferecem volume extra e maior tra\u00e7\u00e3o sem comprometer o desempenho. <\/li>\n<li>ESPECIFICA\u00c7\u00d5ES<\/li>\n<li>Quadro: FACT 10R, Rider First Engineered\u2122 (RFE), tubos FreeFoil Shape Library, BB roscado, eixo passante 12x142mm, disco de montagem plana<br \/>\nForquilha: Future Shock 3.3 c\/ Smooth Boot, FACT Carbon 12x100mm, eixo passante, disco de montagem plana<br \/>\nTransmiss\u00e3o:<br \/>\nSuporte inferior: Shimano Threaded BSA BB<br \/>\nMudan\u00e7as de velocidade: Shimano Ultegra Di2 R8170, disco hidr\u00e1ulico<br \/>\nDesviador dianteiro: Shimano Ultegra Di2 R8150, com suporte<br \/>\nCorrente: Shimano M8100, 12 velocidades c\/ engate r\u00e1pido<br \/>\nSuporte inferior: Shimano Ultegra R8100 com medidor de pot\u00eancia 4iiiis<br \/>\nDesviador traseiro: Shimano Ultegra Di2 R8150, 12 velocidades<br \/>\nCassete: Shimano Ultegra, 12 velocidades, 11-34t<br \/>\nAn\u00e9is: 50\/34T<br \/>\nTrav\u00f5es<br \/>\nTrav\u00e3o dianteiro: Shimano Ultegra R8170, disco hidr\u00e1ulico<br \/>\nTrav\u00e3o traseiro: Shimano Ultegra R8170, disco hidr\u00e1ulico<br \/>\nOutros componentes<br \/>\nSelim: Body Geometry Power Pro Mirror, carris de tit\u00e2nio oco<br \/>\nHaste: Future Stem Pro<br \/>\nBra\u00e7adeira do selim: Bra\u00e7adeira de queda oculta<br \/>\nEspig\u00e3o do selim: Espig\u00e3o do selim S-Works Pave<br \/>\nGuiador: S-Works Carbon Hover Drop 125mm, Alcance 75mm, c\/ furo Di2<br \/>\nFita: Supacaz Super Sticky Kush<br \/>\nRodas e pneus:<br \/>\nC\u00e2maras: 700&#215;28\/38mm, 48mm Presta v\u00e1lvula<br \/>\nPneu dianteiro: S-Works Mondo 2BR, 700x32c<br \/>\nPneu traseiro: S-Works Mondo 2BR, 700x32c<br \/>\nRoda dianteira: Roval Terra CL II, 25 mm de largura interna, 32 mm de profundidade, 21h, preparada para tubeless, cubo DT para Roval 350, disco Centerlock, raios Dt Swiss Aerolite<br \/>\nRoda traseira: Roval Terra CL II, 25 mm de largura interna, 32 mm de profundidade, 24h, preparada para tubeless, cubo DT para Roval 350, disco Centerlock, raios Dt Swiss Aerolite<br \/>\nPeso aproximado: 8,1 kg no tamanho 56<\/li>\n<\/ul>\n","protected":false},"excerpt":{"rendered":"<p>A nova Roubaix SL8 com Future Shock 3.0 \u00e9 mais leve, mais r\u00e1pida e mais confort\u00e1vel do que qualquer moto de estrada alguma vez fabricada.<\/p>\n","protected":false},"featured_media":390915,"comment_status":"open","ping_status":"closed","template":"","meta":{"_acf_changed":false,"_et_pb_use_builder":"","_et_pb_old_content":"","_et_gb_content_width":"","inline_featured_image":false},"product_brand":[],"product_cat":[2459,378,2696],"product_tag":[],"class_list":{"0":"post-427784","1":"product","2":"type-product","3":"status-publish","4":"has-post-thumbnail","6":"product_cat-bicicletas-pt-pt-2","7":"product_cat-estrada","8":"product_cat-ofertas-especializadas","9":"product_shipping_class-bicicletas-pt-pt","11":"first","12":"outofstock","13":"taxable","14":"shipping-taxable","15":"product-type-variable","16":"wvs-archive-product-wrapper"},"acf":[],"yoast_head":"<!-- This site is optimized with the Yoast SEO Premium plugin v26.7 (Yoast SEO v26.7) - https:\/\/yoast.com\/wordpress\/plugins\/seo\/ -->\n<title>Specialized Roubaix Pro 2025 GR-100<\/title>\n<meta name=\"description\" content=\"A nova Roubaix SL8 com Future Shock 3.0 \u00e9 mais leve, mais r\u00e1pida e mais confort\u00e1vel do que qualquer moto de estrada alguma vez fabricada.\" \/>\n<meta name=\"robots\" content=\"index, follow, max-snippet:-1, max-image-preview:large, max-video-preview:-1\" \/>\n<link rel=\"canonical\" href=\"https:\/\/gr-100.com\/pt-pt\/producto\/specialized-roubaix-pro-2025\/\" \/>\n<meta property=\"og:locale\" content=\"pt_PT\" \/>\n<meta property=\"og:type\" content=\"article\" \/>\n<meta property=\"og:title\" content=\"Specialized Roubaix Pro 2025\" \/>\n<meta property=\"og:description\" content=\"A nova Roubaix SL8 com Future Shock 3.0 \u00e9 mais leve, mais r\u00e1pida e mais confort\u00e1vel do que qualquer moto de estrada alguma vez fabricada.\" \/>\n<meta property=\"og:url\" content=\"https:\/\/gr-100.com\/pt-pt\/producto\/specialized-roubaix-pro-2025\/\" \/>\n<meta property=\"og:site_name\" content=\"Gr-100 Tienda de ciclismo Specialized\" \/>\n<meta property=\"article:publisher\" content=\"https:\/\/www.facebook.com\/Gr100Bikes\" \/>\n<meta property=\"og:image\" content=\"https:\/\/gr-100.com\/wp-content\/uploads\/2024\/09\/My-project-2024-09-23T133544.957.jpeg\" \/>\n\t<meta property=\"og:image:width\" content=\"1000\" \/>\n\t<meta property=\"og:image:height\" content=\"1000\" \/>\n\t<meta property=\"og:image:type\" content=\"image\/jpeg\" \/>\n<meta name=\"twitter:card\" content=\"summary_large_image\" \/>\n<meta name=\"twitter:label1\" content=\"Tempo estimado de leitura\" \/>\n\t<meta name=\"twitter:data1\" content=\"3 minutos\" \/>\n<script type=\"application\/ld+json\" class=\"yoast-schema-graph\">{\"@context\":\"https:\/\/schema.org\",\"@graph\":[{\"@type\":\"WebPage\",\"@id\":\"https:\/\/gr-100.com\/pt-pt\/producto\/specialized-roubaix-pro-2025\/\",\"url\":\"https:\/\/gr-100.com\/pt-pt\/producto\/specialized-roubaix-pro-2025\/\",\"name\":\"Specialized Roubaix Pro 2025 GR-100\",\"isPartOf\":{\"@id\":\"https:\/\/gr-100.com\/#website\"},\"primaryImageOfPage\":{\"@id\":\"https:\/\/gr-100.com\/pt-pt\/producto\/specialized-roubaix-pro-2025\/#primaryimage\"},\"image\":{\"@id\":\"https:\/\/gr-100.com\/pt-pt\/producto\/specialized-roubaix-pro-2025\/#primaryimage\"},\"thumbnailUrl\":\"https:\/\/gr-100.com\/wp-content\/uploads\/2024\/09\/My-project-2024-09-23T133544.957.jpeg\",\"datePublished\":\"2024-09-23T10:04:11+00:00\",\"description\":\"A nova Roubaix SL8 com Future Shock 3.0 \u00e9 mais leve, mais r\u00e1pida e mais confort\u00e1vel do que qualquer moto de estrada alguma vez fabricada.\",\"breadcrumb\":{\"@id\":\"https:\/\/gr-100.com\/pt-pt\/producto\/specialized-roubaix-pro-2025\/#breadcrumb\"},\"inLanguage\":\"pt-PT\",\"potentialAction\":[{\"@type\":\"ReadAction\",\"target\":[\"https:\/\/gr-100.com\/pt-pt\/producto\/specialized-roubaix-pro-2025\/\"]}]},{\"@type\":\"ImageObject\",\"inLanguage\":\"pt-PT\",\"@id\":\"https:\/\/gr-100.com\/pt-pt\/producto\/specialized-roubaix-pro-2025\/#primaryimage\",\"url\":\"https:\/\/gr-100.com\/wp-content\/uploads\/2024\/09\/My-project-2024-09-23T133544.957.jpeg\",\"contentUrl\":\"https:\/\/gr-100.com\/wp-content\/uploads\/2024\/09\/My-project-2024-09-23T133544.957.jpeg\",\"width\":1000,\"height\":1000},{\"@type\":\"BreadcrumbList\",\"@id\":\"https:\/\/gr-100.com\/pt-pt\/producto\/specialized-roubaix-pro-2025\/#breadcrumb\",\"itemListElement\":[{\"@type\":\"ListItem\",\"position\":1,\"name\":\"Portada\",\"item\":\"https:\/\/gr-100.com\/en\/\"},{\"@type\":\"ListItem\",\"position\":2,\"name\":\"Productos\",\"item\":\"https:\/\/gr-100.com\/?post_type=product\"},{\"@type\":\"ListItem\",\"position\":3,\"name\":\"Specialized Roubaix Pro 2025\"}]},{\"@type\":\"WebSite\",\"@id\":\"https:\/\/gr-100.com\/#website\",\"url\":\"https:\/\/gr-100.com\/\",\"name\":\"Gr-100 Tienda de ciclismo Specialized\",\"description\":\"GR-100 tenemos todas las gamas de bicicletas Specialized al mejor precio.\",\"publisher\":{\"@id\":\"https:\/\/gr-100.com\/#organization\"},\"alternateName\":\"Gr-100 Bikes\",\"potentialAction\":[{\"@type\":\"SearchAction\",\"target\":{\"@type\":\"EntryPoint\",\"urlTemplate\":\"https:\/\/gr-100.com\/?s={search_term_string}\"},\"query-input\":{\"@type\":\"PropertyValueSpecification\",\"valueRequired\":true,\"valueName\":\"search_term_string\"}}],\"inLanguage\":\"pt-PT\"},{\"@type\":\"Organization\",\"@id\":\"https:\/\/gr-100.com\/#organization\",\"name\":\"Gr-100\",\"url\":\"https:\/\/gr-100.com\/\",\"logo\":{\"@type\":\"ImageObject\",\"inLanguage\":\"pt-PT\",\"@id\":\"https:\/\/gr-100.com\/#\/schema\/logo\/image\/\",\"url\":\"https:\/\/gr-100.com\/wp-content\/uploads\/2023\/08\/logo-gr-100-bikes.png\",\"contentUrl\":\"https:\/\/gr-100.com\/wp-content\/uploads\/2023\/08\/logo-gr-100-bikes.png\",\"width\":707,\"height\":284,\"caption\":\"Gr-100\"},\"image\":{\"@id\":\"https:\/\/gr-100.com\/#\/schema\/logo\/image\/\"},\"sameAs\":[\"https:\/\/www.facebook.com\/Gr100Bikes\",\"https:\/\/www.instagram.com\/gr100bikes\/\",\"https:\/\/www.tiktok.com\/@gr100bikes\",\"https:\/\/twitter.com\/gr100mtbteam\",\"https:\/\/www.youtube.com\/c\/GR100Specialized\"]}]}<\/script>\n<!-- \/ Yoast SEO Premium plugin. -->","yoast_head_json":{"title":"Specialized Roubaix Pro 2025 GR-100","description":"A nova Roubaix SL8 com Future Shock 3.0 \u00e9 mais leve, mais r\u00e1pida e mais confort\u00e1vel do que qualquer moto de estrada alguma vez fabricada.","robots":{"index":"index","follow":"follow","max-snippet":"max-snippet:-1","max-image-preview":"max-image-preview:large","max-video-preview":"max-video-preview:-1"},"canonical":"https:\/\/gr-100.com\/pt-pt\/producto\/specialized-roubaix-pro-2025\/","og_locale":"pt_PT","og_type":"article","og_title":"Specialized Roubaix Pro 2025","og_description":"A nova Roubaix SL8 com Future Shock 3.0 \u00e9 mais leve, mais r\u00e1pida e mais confort\u00e1vel do que qualquer moto de estrada alguma vez fabricada.","og_url":"https:\/\/gr-100.com\/pt-pt\/producto\/specialized-roubaix-pro-2025\/","og_site_name":"Gr-100 Tienda de ciclismo Specialized","article_publisher":"https:\/\/www.facebook.com\/Gr100Bikes","og_image":[{"width":1000,"height":1000,"url":"https:\/\/gr-100.com\/wp-content\/uploads\/2024\/09\/My-project-2024-09-23T133544.957.jpeg","type":"image\/jpeg"}],"twitter_card":"summary_large_image","twitter_misc":{"Tempo estimado de leitura":"3 minutos"},"schema":{"@context":"https:\/\/schema.org","@graph":[{"@type":"WebPage","@id":"https:\/\/gr-100.com\/pt-pt\/producto\/specialized-roubaix-pro-2025\/","url":"https:\/\/gr-100.com\/pt-pt\/producto\/specialized-roubaix-pro-2025\/","name":"Specialized Roubaix Pro 2025 GR-100","isPartOf":{"@id":"https:\/\/gr-100.com\/#website"},"primaryImageOfPage":{"@id":"https:\/\/gr-100.com\/pt-pt\/producto\/specialized-roubaix-pro-2025\/#primaryimage"},"image":{"@id":"https:\/\/gr-100.com\/pt-pt\/producto\/specialized-roubaix-pro-2025\/#primaryimage"},"thumbnailUrl":"https:\/\/gr-100.com\/wp-content\/uploads\/2024\/09\/My-project-2024-09-23T133544.957.jpeg","datePublished":"2024-09-23T10:04:11+00:00","description":"A nova Roubaix SL8 com Future Shock 3.0 \u00e9 mais leve, mais r\u00e1pida e mais confort\u00e1vel do que qualquer moto de estrada alguma vez fabricada.","breadcrumb":{"@id":"https:\/\/gr-100.com\/pt-pt\/producto\/specialized-roubaix-pro-2025\/#breadcrumb"},"inLanguage":"pt-PT","potentialAction":[{"@type":"ReadAction","target":["https:\/\/gr-100.com\/pt-pt\/producto\/specialized-roubaix-pro-2025\/"]}]},{"@type":"ImageObject","inLanguage":"pt-PT","@id":"https:\/\/gr-100.com\/pt-pt\/producto\/specialized-roubaix-pro-2025\/#primaryimage","url":"https:\/\/gr-100.com\/wp-content\/uploads\/2024\/09\/My-project-2024-09-23T133544.957.jpeg","contentUrl":"https:\/\/gr-100.com\/wp-content\/uploads\/2024\/09\/My-project-2024-09-23T133544.957.jpeg","width":1000,"height":1000},{"@type":"BreadcrumbList","@id":"https:\/\/gr-100.com\/pt-pt\/producto\/specialized-roubaix-pro-2025\/#breadcrumb","itemListElement":[{"@type":"ListItem","position":1,"name":"Portada","item":"https:\/\/gr-100.com\/en\/"},{"@type":"ListItem","position":2,"name":"Productos","item":"https:\/\/gr-100.com\/?post_type=product"},{"@type":"ListItem","position":3,"name":"Specialized Roubaix Pro 2025"}]},{"@type":"WebSite","@id":"https:\/\/gr-100.com\/#website","url":"https:\/\/gr-100.com\/","name":"Gr-100 Tienda de ciclismo Specialized","description":"GR-100 tenemos todas las gamas de bicicletas Specialized al mejor precio.","publisher":{"@id":"https:\/\/gr-100.com\/#organization"},"alternateName":"Gr-100 Bikes","potentialAction":[{"@type":"SearchAction","target":{"@type":"EntryPoint","urlTemplate":"https:\/\/gr-100.com\/?s={search_term_string}"},"query-input":{"@type":"PropertyValueSpecification","valueRequired":true,"valueName":"search_term_string"}}],"inLanguage":"pt-PT"},{"@type":"Organization","@id":"https:\/\/gr-100.com\/#organization","name":"Gr-100","url":"https:\/\/gr-100.com\/","logo":{"@type":"ImageObject","inLanguage":"pt-PT","@id":"https:\/\/gr-100.com\/#\/schema\/logo\/image\/","url":"https:\/\/gr-100.com\/wp-content\/uploads\/2023\/08\/logo-gr-100-bikes.png","contentUrl":"https:\/\/gr-100.com\/wp-content\/uploads\/2023\/08\/logo-gr-100-bikes.png","width":707,"height":284,"caption":"Gr-100"},"image":{"@id":"https:\/\/gr-100.com\/#\/schema\/logo\/image\/"},"sameAs":["https:\/\/www.facebook.com\/Gr100Bikes","https:\/\/www.instagram.com\/gr100bikes\/","https:\/\/www.tiktok.com\/@gr100bikes","https:\/\/twitter.com\/gr100mtbteam","https:\/\/www.youtube.com\/c\/GR100Specialized"]}]}},"_links":{"self":[{"href":"https:\/\/gr-100.com\/pt-pt\/wp-json\/wp\/v2\/product\/427784","targetHints":{"allow":["GET"]}}],"collection":[{"href":"https:\/\/gr-100.com\/pt-pt\/wp-json\/wp\/v2\/product"}],"about":[{"href":"https:\/\/gr-100.com\/pt-pt\/wp-json\/wp\/v2\/types\/product"}],"replies":[{"embeddable":true,"href":"https:\/\/gr-100.com\/pt-pt\/wp-json\/wp\/v2\/comments?post=427784"}],"wp:featuredmedia":[{"embeddable":true,"href":"https:\/\/gr-100.com\/pt-pt\/wp-json\/wp\/v2\/media\/390915"}],"wp:attachment":[{"href":"https:\/\/gr-100.com\/pt-pt\/wp-json\/wp\/v2\/media?parent=427784"}],"wp:term":[{"taxonomy":"product_brand","embeddable":true,"href":"https:\/\/gr-100.com\/pt-pt\/wp-json\/wp\/v2\/product_brand?post=427784"},{"taxonomy":"product_cat","embeddable":true,"href":"https:\/\/gr-100.com\/pt-pt\/wp-json\/wp\/v2\/product_cat?post=427784"},{"taxonomy":"product_tag","embeddable":true,"href":"https:\/\/gr-100.com\/pt-pt\/wp-json\/wp\/v2\/product_tag?post=427784"}],"curies":[{"name":"wp","href":"https:\/\/api.w.org\/{rel}","templated":true}]}}