{"id":427823,"date":"2025-11-10T13:46:01","date_gmt":"2025-11-10T12:46:01","guid":{"rendered":"https:\/\/gr-100.com\/producto\/specialized-s-works-crux-2026\/"},"modified":"2025-11-10T13:46:01","modified_gmt":"2025-11-10T11:46:01","slug":"specialized-s-works-crux-2026","status":"publish","type":"product","link":"https:\/\/gr-100.com\/pt-pt\/producto\/specialized-s-works-crux-2026\/","title":{"rendered":"Specialized S-Works Crux 2026"},"content":{"rendered":"<ul>\n<li>Mais leve: o quadro de carbono 12r pesa 725g. Peg\u00e1mos nos avan\u00e7os revolucion\u00e1rios que fizeram da Aethos a bicicleta mais leve de sempre e aplic\u00e1mo-los \u00e0 Crux. O resultado? Uma bicicleta de gravel que sobe como um sonho, voa sobre terrenos acidentados e pesa menos do que a garrafa cheia no teu porta-garrafas.   <\/li>\n<li>Desempenho: o arco da roda \u00e9 de 47c\/650b x 2,1&#8243;. Mais espa\u00e7o significa mais desempenho. Com o mesmo espa\u00e7o que a Diverge, a Crux leva-te a qualquer lugar a toda a velocidade.  <\/li>\n<li>Uma bicicleta reactiva: r\u00e1pida, flex\u00edvel e reactiva. Sens\u00edvel nos pedais. Confort\u00e1vel no selim. Com uma geometria adaptada \u00e0s performances que o gravel exige e um design influenciado pelas corridas e inspirado na hist\u00f3ria ic\u00f3nica do ciclocross da Crux.   <\/li>\n<li>A S-Works Crux est\u00e1 equipada com o desviador universal UDH e o novo SRAM RED XPLR. Tamb\u00e9m inclui uma cassete de 13 velocidades com uma gama de pinh\u00f5es 10-46, um potenci\u00f3metro, manetes mais ergon\u00f3micas e pin\u00e7as de trav\u00e3o que reduzem o esfor\u00e7o de travagem at\u00e9 80%. <\/li>\n<li>Especifica\u00e7\u00f5es t\u00e9cnicas<\/li>\n<li>Quadro<br \/>\nQuadro<br \/>\nS-Works Crux FACT 12r Carbono, Rider First Engineered\u2122, rosca BB, 12x142mm thru-axle, disco de montagem plana, dropout UDH<\/li>\n<li>Suspens\u00e3o<br \/>\nFork<br \/>\nS-Works FACT Carbon, 12x100mm thru-axle, flat-mount disc<\/li>\n<li>Trav\u00f5es<br \/>\nTrav\u00e3o dianteiro<br \/>\nSRAM RED AXS, disco hidr\u00e1ulico<br \/>\nTrav\u00e3o traseiro<br \/>\nSRAM RED AXS, disco hidr\u00e1ulico<\/li>\n<li>Drivetrain<br \/>\nSuporte inferior<br \/>\nSRAM DUB BSA 68 Wide<br \/>\nAlavancas de mudan\u00e7as<br \/>\nSRAM RED AXS, disco hidr\u00e1ulico<br \/>\nDesviador traseiro<br \/>\nSRAM Red XPLR, 13sp<br \/>\nCorrente<br \/>\nSRAM Red XPLR, 13sp<br \/>\nCassete<br \/>\nSRAM Red XPLR, 13sp, 10-46t<br \/>\nPedaleira<br \/>\nSRAM Red AXS Power Meter, 40t Chainring<\/li>\n<li>Rodas e pneus<br \/>\nPneu dianteiro<br \/>\nPathfinder 700&#215;40, Tubeless Ready<br \/>\nPneu traseiro<br \/>\nPathfinder 700&#215;40, Tubeless Ready<br \/>\nTubos<br \/>\nPresta, 700X32-50mm<br \/>\nRoda dianteira<br \/>\nRoval Terra CLX II, 25mm de largura interna, Tubeless Ready, 32mm de profundidade, 21h, Cubo Roval LF13 com rolamentos cer\u00e2micos SINC, disco Centerlock, raios Dt Swiss Aerolite<br \/>\nRoda traseira<br \/>\nRoval Terra CLX II, 25 mm de largura interna, Tubeless Ready, 32 mm de profundidade, 24h, Roval LF14R2, Centerlock, internos Dt Swiss EXP, SRAM XDR, raios Dt Swiss Aerolite<\/li>\n<li>Cockpit<br \/>\nEspig\u00e3o de selim<br \/>\nEspig\u00e3o de selim em carbono Alpinist da Roval<br \/>\nGuiador<br \/>\nRoval Terra, carbono, 103 mm de descida x 70 mm de alcance x 12\u00ba de alargamento<br \/>\nSelim<br \/>\nS-Works Power with Mirror<br \/>\nHaste<br \/>\nS-Works SL, liga, parafusos em tit\u00e2nio, 6 graus de subida<br \/>\nBra\u00e7adeira de selim<br \/>\nSpecialized Alloy, 30.0mm, parafusos de tit\u00e2nio<br \/>\nFita de guiador<br \/>\nSupacaz Super Sticky Kush<br \/>\nDetalhes do produto<\/li>\n<li>Identificador do produto<br \/>\n223487<\/li>\n<li>Peso<br \/>\nTamanho<br \/>\n56<br \/>\nPeso<br \/>\n6,94 kg (15 lb, 4,8 oz)<\/li>\n<\/ul>\n","protected":false},"excerpt":{"rendered":"<p>Torn\u00e1mos a Crux, a moto de gravilha mais leve do mundo, ainda mais leve. Com um grande arco de roda e uma geometria perfeita para ter o seu melhor desempenho fora de estrada, esta moto ser\u00e1 o seu trampolim para o c\u00e9u do cascalho. <\/p>\n","protected":false},"featured_media":420854,"comment_status":"open","ping_status":"closed","template":"","meta":{"_acf_changed":false,"_et_pb_use_builder":"","_et_pb_old_content":"","_et_gb_content_width":"","inline_featured_image":false},"product_brand":[],"product_cat":[2459,3346,5310,5309,5308],"product_tag":[],"class_list":{"0":"post-427823","1":"product","2":"type-product","3":"status-publish","4":"has-post-thumbnail","6":"product_cat-bicicletas-pt-pt-2","7":"product_cat-bicicletas-de-cascalho","8":"product_cat-bicicletas-de-gravel-aero","9":"product_cat-bicicletas-de-carbono-gravel","10":"product_cat-bicicletas-de-gravel-specialized","11":"product_shipping_class-bicicletas-pt-pt","13":"first","14":"instock","15":"taxable","16":"shipping-taxable","17":"purchasable","18":"product-type-variable","19":"wvs-archive-product-wrapper"},"acf":[],"yoast_head":"<!-- This site is optimized with the Yoast SEO Premium plugin v26.7 (Yoast SEO v26.7) - https:\/\/yoast.com\/wordpress\/plugins\/seo\/ -->\n<title>Specialized S-Works Crux 2026 GR-100<\/title>\n<meta name=\"description\" content=\"Torn\u00e1mos a Crux, a moto de gravilha mais leve do mundo, ainda mais leve. Com um grande arco de roda e uma geometria perfeita para ter o seu melhor desempenho fora de estrada, esta moto ser\u00e1 o seu trampolim para o c\u00e9u do cascalho.\" \/>\n<meta name=\"robots\" content=\"index, follow, max-snippet:-1, max-image-preview:large, max-video-preview:-1\" \/>\n<link rel=\"canonical\" href=\"https:\/\/gr-100.com\/pt-pt\/producto\/specialized-s-works-crux-2026\/\" \/>\n<meta property=\"og:locale\" content=\"pt_PT\" \/>\n<meta property=\"og:type\" content=\"article\" \/>\n<meta property=\"og:title\" content=\"Specialized S-Works Crux 2026\" \/>\n<meta property=\"og:description\" content=\"Torn\u00e1mos a Crux, a moto de gravilha mais leve do mundo, ainda mais leve. Com um grande arco de roda e uma geometria perfeita para ter o seu melhor desempenho fora de estrada, esta moto ser\u00e1 o seu trampolim para o c\u00e9u do cascalho.\" \/>\n<meta property=\"og:url\" content=\"https:\/\/gr-100.com\/pt-pt\/producto\/specialized-s-works-crux-2026\/\" \/>\n<meta property=\"og:site_name\" content=\"Gr-100 Tienda de ciclismo Specialized\" \/>\n<meta property=\"article:publisher\" content=\"https:\/\/www.facebook.com\/Gr100Bikes\" \/>\n<meta property=\"og:image\" content=\"https:\/\/gr-100.com\/wp-content\/uploads\/2025\/11\/Diseno-sin-titulo-2025-11-10T123129.490.jpg\" \/>\n\t<meta property=\"og:image:width\" content=\"1000\" \/>\n\t<meta property=\"og:image:height\" content=\"1000\" \/>\n\t<meta property=\"og:image:type\" content=\"image\/jpeg\" \/>\n<meta name=\"twitter:card\" content=\"summary_large_image\" \/>\n<meta name=\"twitter:label1\" content=\"Tempo estimado de leitura\" \/>\n\t<meta name=\"twitter:data1\" content=\"2 minutos\" \/>\n<script type=\"application\/ld+json\" class=\"yoast-schema-graph\">{\"@context\":\"https:\/\/schema.org\",\"@graph\":[{\"@type\":\"WebPage\",\"@id\":\"https:\/\/gr-100.com\/pt-pt\/producto\/specialized-s-works-crux-2026\/\",\"url\":\"https:\/\/gr-100.com\/pt-pt\/producto\/specialized-s-works-crux-2026\/\",\"name\":\"Specialized S-Works Crux 2026 GR-100\",\"isPartOf\":{\"@id\":\"https:\/\/gr-100.com\/#website\"},\"primaryImageOfPage\":{\"@id\":\"https:\/\/gr-100.com\/pt-pt\/producto\/specialized-s-works-crux-2026\/#primaryimage\"},\"image\":{\"@id\":\"https:\/\/gr-100.com\/pt-pt\/producto\/specialized-s-works-crux-2026\/#primaryimage\"},\"thumbnailUrl\":\"https:\/\/gr-100.com\/wp-content\/uploads\/2025\/11\/Diseno-sin-titulo-2025-11-10T123129.490.jpg\",\"datePublished\":\"2025-11-10T12:46:01+00:00\",\"description\":\"Torn\u00e1mos a Crux, a moto de gravilha mais leve do mundo, ainda mais leve. Com um grande arco de roda e uma geometria perfeita para ter o seu melhor desempenho fora de estrada, esta moto ser\u00e1 o seu trampolim para o c\u00e9u do cascalho.\",\"breadcrumb\":{\"@id\":\"https:\/\/gr-100.com\/pt-pt\/producto\/specialized-s-works-crux-2026\/#breadcrumb\"},\"inLanguage\":\"pt-PT\",\"potentialAction\":[{\"@type\":\"ReadAction\",\"target\":[\"https:\/\/gr-100.com\/pt-pt\/producto\/specialized-s-works-crux-2026\/\"]}]},{\"@type\":\"ImageObject\",\"inLanguage\":\"pt-PT\",\"@id\":\"https:\/\/gr-100.com\/pt-pt\/producto\/specialized-s-works-crux-2026\/#primaryimage\",\"url\":\"https:\/\/gr-100.com\/wp-content\/uploads\/2025\/11\/Diseno-sin-titulo-2025-11-10T123129.490.jpg\",\"contentUrl\":\"https:\/\/gr-100.com\/wp-content\/uploads\/2025\/11\/Diseno-sin-titulo-2025-11-10T123129.490.jpg\",\"width\":1000,\"height\":1000},{\"@type\":\"BreadcrumbList\",\"@id\":\"https:\/\/gr-100.com\/pt-pt\/producto\/specialized-s-works-crux-2026\/#breadcrumb\",\"itemListElement\":[{\"@type\":\"ListItem\",\"position\":1,\"name\":\"Portada\",\"item\":\"https:\/\/gr-100.com\/en\/\"},{\"@type\":\"ListItem\",\"position\":2,\"name\":\"Productos\",\"item\":\"https:\/\/gr-100.com\/?post_type=product\"},{\"@type\":\"ListItem\",\"position\":3,\"name\":\"Specialized S-Works Crux 2026\"}]},{\"@type\":\"WebSite\",\"@id\":\"https:\/\/gr-100.com\/#website\",\"url\":\"https:\/\/gr-100.com\/\",\"name\":\"Gr-100 Tienda de ciclismo Specialized\",\"description\":\"GR-100 tenemos todas las gamas de bicicletas Specialized al mejor precio.\",\"publisher\":{\"@id\":\"https:\/\/gr-100.com\/#organization\"},\"alternateName\":\"Gr-100 Bikes\",\"potentialAction\":[{\"@type\":\"SearchAction\",\"target\":{\"@type\":\"EntryPoint\",\"urlTemplate\":\"https:\/\/gr-100.com\/?s={search_term_string}\"},\"query-input\":{\"@type\":\"PropertyValueSpecification\",\"valueRequired\":true,\"valueName\":\"search_term_string\"}}],\"inLanguage\":\"pt-PT\"},{\"@type\":\"Organization\",\"@id\":\"https:\/\/gr-100.com\/#organization\",\"name\":\"Gr-100\",\"url\":\"https:\/\/gr-100.com\/\",\"logo\":{\"@type\":\"ImageObject\",\"inLanguage\":\"pt-PT\",\"@id\":\"https:\/\/gr-100.com\/#\/schema\/logo\/image\/\",\"url\":\"https:\/\/gr-100.com\/wp-content\/uploads\/2023\/08\/logo-gr-100-bikes.png\",\"contentUrl\":\"https:\/\/gr-100.com\/wp-content\/uploads\/2023\/08\/logo-gr-100-bikes.png\",\"width\":707,\"height\":284,\"caption\":\"Gr-100\"},\"image\":{\"@id\":\"https:\/\/gr-100.com\/#\/schema\/logo\/image\/\"},\"sameAs\":[\"https:\/\/www.facebook.com\/Gr100Bikes\",\"https:\/\/www.instagram.com\/gr100bikes\/\",\"https:\/\/www.tiktok.com\/@gr100bikes\",\"https:\/\/twitter.com\/gr100mtbteam\",\"https:\/\/www.youtube.com\/c\/GR100Specialized\"]}]}<\/script>\n<!-- \/ Yoast SEO Premium plugin. -->","yoast_head_json":{"title":"Specialized S-Works Crux 2026 GR-100","description":"Torn\u00e1mos a Crux, a moto de gravilha mais leve do mundo, ainda mais leve. Com um grande arco de roda e uma geometria perfeita para ter o seu melhor desempenho fora de estrada, esta moto ser\u00e1 o seu trampolim para o c\u00e9u do cascalho.","robots":{"index":"index","follow":"follow","max-snippet":"max-snippet:-1","max-image-preview":"max-image-preview:large","max-video-preview":"max-video-preview:-1"},"canonical":"https:\/\/gr-100.com\/pt-pt\/producto\/specialized-s-works-crux-2026\/","og_locale":"pt_PT","og_type":"article","og_title":"Specialized S-Works Crux 2026","og_description":"Torn\u00e1mos a Crux, a moto de gravilha mais leve do mundo, ainda mais leve. Com um grande arco de roda e uma geometria perfeita para ter o seu melhor desempenho fora de estrada, esta moto ser\u00e1 o seu trampolim para o c\u00e9u do cascalho.","og_url":"https:\/\/gr-100.com\/pt-pt\/producto\/specialized-s-works-crux-2026\/","og_site_name":"Gr-100 Tienda de ciclismo Specialized","article_publisher":"https:\/\/www.facebook.com\/Gr100Bikes","og_image":[{"width":1000,"height":1000,"url":"https:\/\/gr-100.com\/wp-content\/uploads\/2025\/11\/Diseno-sin-titulo-2025-11-10T123129.490.jpg","type":"image\/jpeg"}],"twitter_card":"summary_large_image","twitter_misc":{"Tempo estimado de leitura":"2 minutos"},"schema":{"@context":"https:\/\/schema.org","@graph":[{"@type":"WebPage","@id":"https:\/\/gr-100.com\/pt-pt\/producto\/specialized-s-works-crux-2026\/","url":"https:\/\/gr-100.com\/pt-pt\/producto\/specialized-s-works-crux-2026\/","name":"Specialized S-Works Crux 2026 GR-100","isPartOf":{"@id":"https:\/\/gr-100.com\/#website"},"primaryImageOfPage":{"@id":"https:\/\/gr-100.com\/pt-pt\/producto\/specialized-s-works-crux-2026\/#primaryimage"},"image":{"@id":"https:\/\/gr-100.com\/pt-pt\/producto\/specialized-s-works-crux-2026\/#primaryimage"},"thumbnailUrl":"https:\/\/gr-100.com\/wp-content\/uploads\/2025\/11\/Diseno-sin-titulo-2025-11-10T123129.490.jpg","datePublished":"2025-11-10T12:46:01+00:00","description":"Torn\u00e1mos a Crux, a moto de gravilha mais leve do mundo, ainda mais leve. Com um grande arco de roda e uma geometria perfeita para ter o seu melhor desempenho fora de estrada, esta moto ser\u00e1 o seu trampolim para o c\u00e9u do cascalho.","breadcrumb":{"@id":"https:\/\/gr-100.com\/pt-pt\/producto\/specialized-s-works-crux-2026\/#breadcrumb"},"inLanguage":"pt-PT","potentialAction":[{"@type":"ReadAction","target":["https:\/\/gr-100.com\/pt-pt\/producto\/specialized-s-works-crux-2026\/"]}]},{"@type":"ImageObject","inLanguage":"pt-PT","@id":"https:\/\/gr-100.com\/pt-pt\/producto\/specialized-s-works-crux-2026\/#primaryimage","url":"https:\/\/gr-100.com\/wp-content\/uploads\/2025\/11\/Diseno-sin-titulo-2025-11-10T123129.490.jpg","contentUrl":"https:\/\/gr-100.com\/wp-content\/uploads\/2025\/11\/Diseno-sin-titulo-2025-11-10T123129.490.jpg","width":1000,"height":1000},{"@type":"BreadcrumbList","@id":"https:\/\/gr-100.com\/pt-pt\/producto\/specialized-s-works-crux-2026\/#breadcrumb","itemListElement":[{"@type":"ListItem","position":1,"name":"Portada","item":"https:\/\/gr-100.com\/en\/"},{"@type":"ListItem","position":2,"name":"Productos","item":"https:\/\/gr-100.com\/?post_type=product"},{"@type":"ListItem","position":3,"name":"Specialized S-Works Crux 2026"}]},{"@type":"WebSite","@id":"https:\/\/gr-100.com\/#website","url":"https:\/\/gr-100.com\/","name":"Gr-100 Tienda de ciclismo Specialized","description":"GR-100 tenemos todas las gamas de bicicletas Specialized al mejor precio.","publisher":{"@id":"https:\/\/gr-100.com\/#organization"},"alternateName":"Gr-100 Bikes","potentialAction":[{"@type":"SearchAction","target":{"@type":"EntryPoint","urlTemplate":"https:\/\/gr-100.com\/?s={search_term_string}"},"query-input":{"@type":"PropertyValueSpecification","valueRequired":true,"valueName":"search_term_string"}}],"inLanguage":"pt-PT"},{"@type":"Organization","@id":"https:\/\/gr-100.com\/#organization","name":"Gr-100","url":"https:\/\/gr-100.com\/","logo":{"@type":"ImageObject","inLanguage":"pt-PT","@id":"https:\/\/gr-100.com\/#\/schema\/logo\/image\/","url":"https:\/\/gr-100.com\/wp-content\/uploads\/2023\/08\/logo-gr-100-bikes.png","contentUrl":"https:\/\/gr-100.com\/wp-content\/uploads\/2023\/08\/logo-gr-100-bikes.png","width":707,"height":284,"caption":"Gr-100"},"image":{"@id":"https:\/\/gr-100.com\/#\/schema\/logo\/image\/"},"sameAs":["https:\/\/www.facebook.com\/Gr100Bikes","https:\/\/www.instagram.com\/gr100bikes\/","https:\/\/www.tiktok.com\/@gr100bikes","https:\/\/twitter.com\/gr100mtbteam","https:\/\/www.youtube.com\/c\/GR100Specialized"]}]}},"_links":{"self":[{"href":"https:\/\/gr-100.com\/pt-pt\/wp-json\/wp\/v2\/product\/427823","targetHints":{"allow":["GET"]}}],"collection":[{"href":"https:\/\/gr-100.com\/pt-pt\/wp-json\/wp\/v2\/product"}],"about":[{"href":"https:\/\/gr-100.com\/pt-pt\/wp-json\/wp\/v2\/types\/product"}],"replies":[{"embeddable":true,"href":"https:\/\/gr-100.com\/pt-pt\/wp-json\/wp\/v2\/comments?post=427823"}],"wp:featuredmedia":[{"embeddable":true,"href":"https:\/\/gr-100.com\/pt-pt\/wp-json\/wp\/v2\/media\/420854"}],"wp:attachment":[{"href":"https:\/\/gr-100.com\/pt-pt\/wp-json\/wp\/v2\/media?parent=427823"}],"wp:term":[{"taxonomy":"product_brand","embeddable":true,"href":"https:\/\/gr-100.com\/pt-pt\/wp-json\/wp\/v2\/product_brand?post=427823"},{"taxonomy":"product_cat","embeddable":true,"href":"https:\/\/gr-100.com\/pt-pt\/wp-json\/wp\/v2\/product_cat?post=427823"},{"taxonomy":"product_tag","embeddable":true,"href":"https:\/\/gr-100.com\/pt-pt\/wp-json\/wp\/v2\/product_tag?post=427823"}],"curies":[{"name":"wp","href":"https:\/\/api.w.org\/{rel}","templated":true}]}}