{"id":427837,"date":"2024-09-04T12:17:42","date_gmt":"2024-09-04T11:17:42","guid":{"rendered":"https:\/\/gr-100.com\/producto\/specialized-aethos-pro-etap-2025\/"},"modified":"2024-09-04T12:17:42","modified_gmt":"2024-09-04T10:17:42","slug":"specialized-aethos-pro-etap-2025","status":"publish","type":"product","link":"https:\/\/gr-100.com\/pt-pt\/producto\/specialized-aethos-pro-etap-2025\/","title":{"rendered":"Specialized Aethos Pro Etap 2025"},"content":{"rendered":"<ul>\n<li>O quadro Aethos foi concebido com a combina\u00e7\u00e3o perfeita de m\u00e1xima sensa\u00e7\u00e3o de condu\u00e7\u00e3o, leveza e estilo: desde acelerar em subidas \u00edngremes e descer descidas t\u00e9cnicas, at\u00e9 ao conforto durante todo o dia, mesmo nos mais longos passeios de caf\u00e9, a Aethos atinge o objetivo. Mas como, perguntas tu? Reinventando a forma tradicional de estrada encontrada nas bicicletas do passado, alter\u00e1mos subtilmente estas formas para oferecer enormes ganhos em rigidez e equil\u00edbrio, tudo sem afetar o peso ou a durabilidade. Junta a isso um layout e um processo totalmente novos que aperfei\u00e7o\u00e1mos ao longo de v\u00e1rias d\u00e9cadas, e obt\u00e9ns o quadro mais leve dispon\u00edvel (585 gramas, S-Works, tamanho 56cm). A Aethos \u00e9 mais do que apenas uma nova bicicleta &#8211; \u00e9 a primeira de uma nova gera\u00e7\u00e3o.    <\/li>\n<li>Um quadro leve \u00e9 in\u00fatil sem carater\u00edsticas de condu\u00e7\u00e3o que inspirem confian\u00e7a, por isso desenvolvemos a Aethos para ter o equil\u00edbrio perfeito entre a rigidez dianteira e traseira combinada com uma qualidade de condu\u00e7\u00e3o excecional. Ao estudar a flex\u00e3o e a respira\u00e7\u00e3o da fibra de carbono, conseguimos descobrir resultados inovadores sobre a forma como as for\u00e7as fluem atrav\u00e9s dos quadros. Com apenas algumas pedaladas, vais perceber que esta condu\u00e7\u00e3o sublime estabelece um novo padr\u00e3o.  <\/li>\n<li>Todos os detalhes, desde os dropouts do desviador at\u00e9 \u00e0 tampa do expansor da forqueta, foram concebidos tendo em conta o estilo, o peso e a durabilidade. Tamb\u00e9m a equip\u00e1mos com o novo espig\u00e3o de selim e rodas de carbono Alpinist da Roval, o que poupa ainda mais peso e melhora as carater\u00edsticas de condu\u00e7\u00e3o. Tudo em busca da condu\u00e7\u00e3o perfeita.  <\/li>\n<li>ESPECIFICA\u00c7\u00d5ES<br \/>\nCockpit<br \/>\nASSENTO<br \/>\nBody Geometry Power Pro com espelho, carris ocos em tit\u00e2nio<br \/>\nCARRINHO DE ASSENTO<br \/>\nEspig\u00e3o de selim em carbono ROVAL ALPINIST<br \/>\nCABO DE M\u00c3O<br \/>\nS-Works Short &amp; Shallow, 125 mm de queda, 75 mm de alcance com furo Di2<br \/>\nCLAMP. SELIM<br \/>\nSpecialized Liga, 30mm<br \/>\nPOT\u00caNCIA<br \/>\nSpecialized Pro SL, liga, 4 parafusos<br \/>\nFITA FITA<br \/>\nSupacaz Super Kush Pegajoso<br \/>\nConjunto propulsor<br \/>\nSUPORTE INFERIOR<br \/>\nSRAM DUB BSA 68<br \/>\nCONTROLOS DE MUDAN\u00c7A DE VELOCIDADE<br \/>\nSRAM Force eTap AXS<br \/>\nDESVIADOR<br \/>\nSRAM Force eTAP AXS, aperta o cinto<br \/>\nCADEIA<br \/>\nSRAM Force 12 velocidades<br \/>\nSUPORTE INFERIOR<br \/>\nSRAM Force DUB, medidor de pot\u00eancia, 48-35t<br \/>\nCASETE<br \/>\nSRAM Force, 12 velocidades, 10-33t<br \/>\nMUDAN\u00c7A<br \/>\nSRAM Force eTAP AXS, 12 velocidades<br \/>\nPRATOS<br \/>\n48\/35T<br \/>\nConjunto de quadros<br \/>\nIMAGEM<br \/>\nCarbono Aethos FACT 10r, Rider First Engineered\u2122, BB roscado, eixo passante 12x142mm, disco de montagem plana<br \/>\nSuspens\u00e3o<br \/>\nGARFO<br \/>\nFACTO Carbono, eixo triplo de 12x100mm, disco de montagem plana<br \/>\nTrav\u00f5es<br \/>\nTRAV\u00c3O DIANTEIRO<br \/>\nSRAM Force eTAP AXS, disco hidr\u00e1ulico<br \/>\nTRAV\u00c3O TRASEIRO<br \/>\nSRAM Force eTAP AXS, disco hidr\u00e1ulico<br \/>\nRodas e pneus<br \/>\nRODA DIANTEIRA<br \/>\nRoval Alpinist CL II, aro de carbono com 21mm de largura interna, 33mm de profundidade, Win Tunnel Engineered, cubo DT para Roval 350, raios Dt Swiss Aerolite, Tubeless Ready<br \/>\nRODA TRASEIRA<br \/>\nRoval Alpinist CL II, aro de carbono com 21mm de largura interna, 33mm de profundidade, Win Tunnel Engineered, cubo DT para Roval 350, raios Dt Swiss Aerolite, Tubeless Ready<br \/>\nFRAMES<br \/>\nTurbo Ultralight, v\u00e1lvula Presta de 48mm<br \/>\nTIRES DEL.<br \/>\nS-works Turbo 2BR, 700x28mm<br \/>\nPNEU TRASEIRO<br \/>\nS-works Turbo 2BR, 700x28mm<\/li>\n<\/ul>\n","protected":false},"excerpt":{"rendered":"<p>A gama Aethos oferece uma tripla garantia: um peso excecionalmente leve, carater\u00edsticas de condu\u00e7\u00e3o perfeitamente equilibradas e um elevado n\u00edvel de conforto.<\/p>\n","protected":false},"featured_media":389035,"comment_status":"open","ping_status":"closed","template":"","meta":{"_acf_changed":false,"_et_pb_use_builder":"","_et_pb_old_content":"","_et_gb_content_width":"","inline_featured_image":false},"product_brand":[],"product_cat":[378,5314,5313,2696],"product_tag":[],"class_list":{"0":"post-427837","1":"product","2":"type-product","3":"status-publish","4":"has-post-thumbnail","6":"product_cat-estrada","7":"product_cat-bicicletas-carretera-carbono-pt-pt","8":"product_cat-bicicletas-carretera-specialized-pt-pt","9":"product_cat-ofertas-especializadas","10":"product_shipping_class-bicicletas-pt-pt","12":"first","13":"outofstock","14":"taxable","15":"shipping-taxable","16":"purchasable","17":"product-type-variable","18":"wvs-archive-product-wrapper"},"acf":[],"yoast_head":"<!-- This site is optimized with the Yoast SEO Premium plugin v26.7 (Yoast SEO v26.7) - https:\/\/yoast.com\/wordpress\/plugins\/seo\/ -->\n<title>Specialized Aethos Pro Etap 2025<\/title>\n<meta name=\"description\" content=\"A gama Aethos oferece uma tripla garantia: um peso excecionalmente leve, carater\u00edsticas de condu\u00e7\u00e3o perfeitamente equilibradas e um elevado n\u00edvel de conforto.\" \/>\n<meta name=\"robots\" content=\"index, follow, max-snippet:-1, max-image-preview:large, max-video-preview:-1\" \/>\n<link rel=\"canonical\" href=\"https:\/\/gr-100.com\/pt-pt\/producto\/specialized-aethos-pro-etap-2025\/\" \/>\n<meta property=\"og:locale\" content=\"pt_PT\" \/>\n<meta property=\"og:type\" content=\"article\" \/>\n<meta property=\"og:title\" content=\"Specialized Aethos Pro Etap 2025\" \/>\n<meta property=\"og:description\" content=\"A gama Aethos oferece uma tripla garantia: um peso excecionalmente leve, carater\u00edsticas de condu\u00e7\u00e3o perfeitamente equilibradas e um elevado n\u00edvel de conforto.\" \/>\n<meta property=\"og:url\" content=\"https:\/\/gr-100.com\/pt-pt\/producto\/specialized-aethos-pro-etap-2025\/\" \/>\n<meta property=\"og:site_name\" content=\"Gr-100 Tienda de ciclismo Specialized\" \/>\n<meta property=\"article:publisher\" content=\"https:\/\/www.facebook.com\/Gr100Bikes\" \/>\n<meta property=\"og:image\" content=\"https:\/\/gr-100.com\/wp-content\/uploads\/2024\/09\/My-project-1-20.jpeg\" \/>\n\t<meta property=\"og:image:width\" content=\"1000\" \/>\n\t<meta property=\"og:image:height\" content=\"1000\" \/>\n\t<meta property=\"og:image:type\" content=\"image\/jpeg\" \/>\n<meta name=\"twitter:card\" content=\"summary_large_image\" \/>\n<meta name=\"twitter:label1\" content=\"Tempo estimado de leitura\" \/>\n\t<meta name=\"twitter:data1\" content=\"3 minutos\" \/>\n<script type=\"application\/ld+json\" class=\"yoast-schema-graph\">{\"@context\":\"https:\/\/schema.org\",\"@graph\":[{\"@type\":\"WebPage\",\"@id\":\"https:\/\/gr-100.com\/pt-pt\/producto\/specialized-aethos-pro-etap-2025\/\",\"url\":\"https:\/\/gr-100.com\/pt-pt\/producto\/specialized-aethos-pro-etap-2025\/\",\"name\":\"Specialized Aethos Pro Etap 2025\",\"isPartOf\":{\"@id\":\"https:\/\/gr-100.com\/#website\"},\"primaryImageOfPage\":{\"@id\":\"https:\/\/gr-100.com\/pt-pt\/producto\/specialized-aethos-pro-etap-2025\/#primaryimage\"},\"image\":{\"@id\":\"https:\/\/gr-100.com\/pt-pt\/producto\/specialized-aethos-pro-etap-2025\/#primaryimage\"},\"thumbnailUrl\":\"https:\/\/gr-100.com\/wp-content\/uploads\/2024\/09\/My-project-1-20.jpeg\",\"datePublished\":\"2024-09-04T11:17:42+00:00\",\"description\":\"A gama Aethos oferece uma tripla garantia: um peso excecionalmente leve, carater\u00edsticas de condu\u00e7\u00e3o perfeitamente equilibradas e um elevado n\u00edvel de conforto.\",\"breadcrumb\":{\"@id\":\"https:\/\/gr-100.com\/pt-pt\/producto\/specialized-aethos-pro-etap-2025\/#breadcrumb\"},\"inLanguage\":\"pt-PT\",\"potentialAction\":[{\"@type\":\"ReadAction\",\"target\":[\"https:\/\/gr-100.com\/pt-pt\/producto\/specialized-aethos-pro-etap-2025\/\"]}]},{\"@type\":\"ImageObject\",\"inLanguage\":\"pt-PT\",\"@id\":\"https:\/\/gr-100.com\/pt-pt\/producto\/specialized-aethos-pro-etap-2025\/#primaryimage\",\"url\":\"https:\/\/gr-100.com\/wp-content\/uploads\/2024\/09\/My-project-1-20.jpeg\",\"contentUrl\":\"https:\/\/gr-100.com\/wp-content\/uploads\/2024\/09\/My-project-1-20.jpeg\",\"width\":1000,\"height\":1000},{\"@type\":\"BreadcrumbList\",\"@id\":\"https:\/\/gr-100.com\/pt-pt\/producto\/specialized-aethos-pro-etap-2025\/#breadcrumb\",\"itemListElement\":[{\"@type\":\"ListItem\",\"position\":1,\"name\":\"Portada\",\"item\":\"https:\/\/gr-100.com\/en\/\"},{\"@type\":\"ListItem\",\"position\":2,\"name\":\"Productos\",\"item\":\"https:\/\/gr-100.com\/?post_type=product\"},{\"@type\":\"ListItem\",\"position\":3,\"name\":\"Specialized Aethos Pro Etap 2025\"}]},{\"@type\":\"WebSite\",\"@id\":\"https:\/\/gr-100.com\/#website\",\"url\":\"https:\/\/gr-100.com\/\",\"name\":\"Gr-100 Tienda de ciclismo Specialized\",\"description\":\"GR-100 tenemos todas las gamas de bicicletas Specialized al mejor precio.\",\"publisher\":{\"@id\":\"https:\/\/gr-100.com\/#organization\"},\"alternateName\":\"Gr-100 Bikes\",\"potentialAction\":[{\"@type\":\"SearchAction\",\"target\":{\"@type\":\"EntryPoint\",\"urlTemplate\":\"https:\/\/gr-100.com\/?s={search_term_string}\"},\"query-input\":{\"@type\":\"PropertyValueSpecification\",\"valueRequired\":true,\"valueName\":\"search_term_string\"}}],\"inLanguage\":\"pt-PT\"},{\"@type\":\"Organization\",\"@id\":\"https:\/\/gr-100.com\/#organization\",\"name\":\"Gr-100\",\"url\":\"https:\/\/gr-100.com\/\",\"logo\":{\"@type\":\"ImageObject\",\"inLanguage\":\"pt-PT\",\"@id\":\"https:\/\/gr-100.com\/#\/schema\/logo\/image\/\",\"url\":\"https:\/\/gr-100.com\/wp-content\/uploads\/2023\/08\/logo-gr-100-bikes.png\",\"contentUrl\":\"https:\/\/gr-100.com\/wp-content\/uploads\/2023\/08\/logo-gr-100-bikes.png\",\"width\":707,\"height\":284,\"caption\":\"Gr-100\"},\"image\":{\"@id\":\"https:\/\/gr-100.com\/#\/schema\/logo\/image\/\"},\"sameAs\":[\"https:\/\/www.facebook.com\/Gr100Bikes\",\"https:\/\/www.instagram.com\/gr100bikes\/\",\"https:\/\/www.tiktok.com\/@gr100bikes\",\"https:\/\/twitter.com\/gr100mtbteam\",\"https:\/\/www.youtube.com\/c\/GR100Specialized\"]}]}<\/script>\n<!-- \/ Yoast SEO Premium plugin. -->","yoast_head_json":{"title":"Specialized Aethos Pro Etap 2025","description":"A gama Aethos oferece uma tripla garantia: um peso excecionalmente leve, carater\u00edsticas de condu\u00e7\u00e3o perfeitamente equilibradas e um elevado n\u00edvel de conforto.","robots":{"index":"index","follow":"follow","max-snippet":"max-snippet:-1","max-image-preview":"max-image-preview:large","max-video-preview":"max-video-preview:-1"},"canonical":"https:\/\/gr-100.com\/pt-pt\/producto\/specialized-aethos-pro-etap-2025\/","og_locale":"pt_PT","og_type":"article","og_title":"Specialized Aethos Pro Etap 2025","og_description":"A gama Aethos oferece uma tripla garantia: um peso excecionalmente leve, carater\u00edsticas de condu\u00e7\u00e3o perfeitamente equilibradas e um elevado n\u00edvel de conforto.","og_url":"https:\/\/gr-100.com\/pt-pt\/producto\/specialized-aethos-pro-etap-2025\/","og_site_name":"Gr-100 Tienda de ciclismo Specialized","article_publisher":"https:\/\/www.facebook.com\/Gr100Bikes","og_image":[{"width":1000,"height":1000,"url":"https:\/\/gr-100.com\/wp-content\/uploads\/2024\/09\/My-project-1-20.jpeg","type":"image\/jpeg"}],"twitter_card":"summary_large_image","twitter_misc":{"Tempo estimado de leitura":"3 minutos"},"schema":{"@context":"https:\/\/schema.org","@graph":[{"@type":"WebPage","@id":"https:\/\/gr-100.com\/pt-pt\/producto\/specialized-aethos-pro-etap-2025\/","url":"https:\/\/gr-100.com\/pt-pt\/producto\/specialized-aethos-pro-etap-2025\/","name":"Specialized Aethos Pro Etap 2025","isPartOf":{"@id":"https:\/\/gr-100.com\/#website"},"primaryImageOfPage":{"@id":"https:\/\/gr-100.com\/pt-pt\/producto\/specialized-aethos-pro-etap-2025\/#primaryimage"},"image":{"@id":"https:\/\/gr-100.com\/pt-pt\/producto\/specialized-aethos-pro-etap-2025\/#primaryimage"},"thumbnailUrl":"https:\/\/gr-100.com\/wp-content\/uploads\/2024\/09\/My-project-1-20.jpeg","datePublished":"2024-09-04T11:17:42+00:00","description":"A gama Aethos oferece uma tripla garantia: um peso excecionalmente leve, carater\u00edsticas de condu\u00e7\u00e3o perfeitamente equilibradas e um elevado n\u00edvel de conforto.","breadcrumb":{"@id":"https:\/\/gr-100.com\/pt-pt\/producto\/specialized-aethos-pro-etap-2025\/#breadcrumb"},"inLanguage":"pt-PT","potentialAction":[{"@type":"ReadAction","target":["https:\/\/gr-100.com\/pt-pt\/producto\/specialized-aethos-pro-etap-2025\/"]}]},{"@type":"ImageObject","inLanguage":"pt-PT","@id":"https:\/\/gr-100.com\/pt-pt\/producto\/specialized-aethos-pro-etap-2025\/#primaryimage","url":"https:\/\/gr-100.com\/wp-content\/uploads\/2024\/09\/My-project-1-20.jpeg","contentUrl":"https:\/\/gr-100.com\/wp-content\/uploads\/2024\/09\/My-project-1-20.jpeg","width":1000,"height":1000},{"@type":"BreadcrumbList","@id":"https:\/\/gr-100.com\/pt-pt\/producto\/specialized-aethos-pro-etap-2025\/#breadcrumb","itemListElement":[{"@type":"ListItem","position":1,"name":"Portada","item":"https:\/\/gr-100.com\/en\/"},{"@type":"ListItem","position":2,"name":"Productos","item":"https:\/\/gr-100.com\/?post_type=product"},{"@type":"ListItem","position":3,"name":"Specialized Aethos Pro Etap 2025"}]},{"@type":"WebSite","@id":"https:\/\/gr-100.com\/#website","url":"https:\/\/gr-100.com\/","name":"Gr-100 Tienda de ciclismo Specialized","description":"GR-100 tenemos todas las gamas de bicicletas Specialized al mejor precio.","publisher":{"@id":"https:\/\/gr-100.com\/#organization"},"alternateName":"Gr-100 Bikes","potentialAction":[{"@type":"SearchAction","target":{"@type":"EntryPoint","urlTemplate":"https:\/\/gr-100.com\/?s={search_term_string}"},"query-input":{"@type":"PropertyValueSpecification","valueRequired":true,"valueName":"search_term_string"}}],"inLanguage":"pt-PT"},{"@type":"Organization","@id":"https:\/\/gr-100.com\/#organization","name":"Gr-100","url":"https:\/\/gr-100.com\/","logo":{"@type":"ImageObject","inLanguage":"pt-PT","@id":"https:\/\/gr-100.com\/#\/schema\/logo\/image\/","url":"https:\/\/gr-100.com\/wp-content\/uploads\/2023\/08\/logo-gr-100-bikes.png","contentUrl":"https:\/\/gr-100.com\/wp-content\/uploads\/2023\/08\/logo-gr-100-bikes.png","width":707,"height":284,"caption":"Gr-100"},"image":{"@id":"https:\/\/gr-100.com\/#\/schema\/logo\/image\/"},"sameAs":["https:\/\/www.facebook.com\/Gr100Bikes","https:\/\/www.instagram.com\/gr100bikes\/","https:\/\/www.tiktok.com\/@gr100bikes","https:\/\/twitter.com\/gr100mtbteam","https:\/\/www.youtube.com\/c\/GR100Specialized"]}]}},"_links":{"self":[{"href":"https:\/\/gr-100.com\/pt-pt\/wp-json\/wp\/v2\/product\/427837","targetHints":{"allow":["GET"]}}],"collection":[{"href":"https:\/\/gr-100.com\/pt-pt\/wp-json\/wp\/v2\/product"}],"about":[{"href":"https:\/\/gr-100.com\/pt-pt\/wp-json\/wp\/v2\/types\/product"}],"replies":[{"embeddable":true,"href":"https:\/\/gr-100.com\/pt-pt\/wp-json\/wp\/v2\/comments?post=427837"}],"wp:featuredmedia":[{"embeddable":true,"href":"https:\/\/gr-100.com\/pt-pt\/wp-json\/wp\/v2\/media\/389035"}],"wp:attachment":[{"href":"https:\/\/gr-100.com\/pt-pt\/wp-json\/wp\/v2\/media?parent=427837"}],"wp:term":[{"taxonomy":"product_brand","embeddable":true,"href":"https:\/\/gr-100.com\/pt-pt\/wp-json\/wp\/v2\/product_brand?post=427837"},{"taxonomy":"product_cat","embeddable":true,"href":"https:\/\/gr-100.com\/pt-pt\/wp-json\/wp\/v2\/product_cat?post=427837"},{"taxonomy":"product_tag","embeddable":true,"href":"https:\/\/gr-100.com\/pt-pt\/wp-json\/wp\/v2\/product_tag?post=427837"}],"curies":[{"name":"wp","href":"https:\/\/api.w.org\/{rel}","templated":true}]}}