{"id":427857,"date":"2024-09-04T11:36:47","date_gmt":"2024-09-04T10:36:47","guid":{"rendered":"https:\/\/gr-100.com\/producto\/specialized-aethos-pro-shimano-ultegra-di2-2025\/"},"modified":"2024-09-04T11:36:47","modified_gmt":"2024-09-04T09:36:47","slug":"specialized-aethos-pro-shimano-ultegra-di2-2025","status":"publish","type":"product","link":"https:\/\/gr-100.com\/pt-pt\/producto\/specialized-aethos-pro-shimano-ultegra-di2-2025\/","title":{"rendered":"Specialized Aethos Pro &#8211; Shimano Ultegra Di2 2025"},"content":{"rendered":"<ul>\n<li>O quadro Aethos foi concebido com a combina\u00e7\u00e3o perfeita de sensa\u00e7\u00e3o de condu\u00e7\u00e3o, leveza e estilo: desde a acelera\u00e7\u00e3o em subidas \u00edngremes e descidas t\u00e9cnicas, at\u00e9 ao conforto durante todo o dia no selim, mesmo nas pedaladas mais longas, o Aethos atinge o objetivo. Mas como? Ao reinventar a forma tradicional das bicicletas de estrada do passado, alter\u00e1mos subtilmente estas formas para oferecer enormes ganhos em rigidez e equil\u00edbrio, tudo sem afetar o peso ou a durabilidade. Junta a isto um processo de lamina\u00e7\u00e3o completamente novo que temos vindo a aperfei\u00e7oar h\u00e1 d\u00e9cadas, e obt\u00e9ns o quadro mais leve do mercado (585 gramas, S-Works, tamanho 56cm). A Aethos \u00e9 mais do que apenas uma nova bicicleta, \u00e9 a primeira de uma nova classe.    <\/li>\n<li>Um quadro leve n\u00e3o \u00e9 bom sem carater\u00edsticas de condu\u00e7\u00e3o que inspirem confian\u00e7a, e \u00e9 por isso que desenvolvemos a Aethos para ter o equil\u00edbrio perfeito entre a rigidez dianteira e traseira combinada com uma qualidade de condu\u00e7\u00e3o excecional. Ao estudar a flex\u00e3o e a respira\u00e7\u00e3o da fibra de carbono, conseguimos descobrir como as for\u00e7as fluem atrav\u00e9s do quadro. Com apenas algumas pedaladas, vais perceber que esta condu\u00e7\u00e3o sublime estabelece um novo padr\u00e3o.  <\/li>\n<li>Cada detalle, desde la puntera del cambio hasta el tap\u00f3n expansor de la horquilla, se ha dise\u00f1ado teniendo en cuenta el estilo, el peso y la durabilidad. Tambi\u00e9n la hemos equipado con la nueva tija de sill\u00edn de carbono Alpinist de Roval, que ahorra a\u00fan m\u00e1s peso y mejora las caracter\u00edsticas de conducci\u00f3n. Todo en pos de la conducci\u00f3n perfecta.  <\/li>\n<li>ESPECIFICA\u00c7\u00d5ES<br \/>\nCockpit<br \/>\nASSENTO<br \/>\nBody Geometry Power Pro com espelho, carris ocos em tit\u00e2nio<br \/>\nCARRINHO DE ASSENTO<br \/>\nEspig\u00e3o de selim em carbono ROVAL ALPINIST<br \/>\nCABO DE M\u00c3O<br \/>\nS-Works Short &amp; Shallow, 125 mm de queda, 75 mm de alcance com furo Di2<br \/>\nCLAMP. SELIM<br \/>\nSpecialized Liga, 30mm<br \/>\nPOT\u00caNCIA<br \/>\nSpecialized Pro SL, liga, 4 parafusos<br \/>\nFITA FITA<br \/>\nSupacaz Super Kush Pegajoso<br \/>\nConjunto de quadros<br \/>\nIMAGEM<br \/>\nCarbono Aethos FACT 10r, Rider First Engineered\u2122, BB roscado, eixo passante 12x142mm, disco de montagem plana<br \/>\nSuspens\u00e3o<br \/>\nGARFO<br \/>\nFACTO Carbono, eixo triplo de 12x100mm, disco de montagem plana<br \/>\nTrav\u00f5es<br \/>\nTRAV\u00c3O DIANTEIRO<br \/>\nShimano Ultegra R8170, disco hidr\u00e1ulico<br \/>\nTRAV\u00c3O TRASEIRO<br \/>\nShimano Ultegra R8170, disco hidr\u00e1ulico<br \/>\nConjunto propulsor<br \/>\nPRATOS<br \/>\n52\/36T<br \/>\nCASETE<br \/>\nShimano Ultegra, 12 velocidades, 11-30t<br \/>\nSUPORTE INFERIOR<br \/>\nShimano BSA BB roscado<br \/>\nMUDAN\u00c7A<br \/>\nShimano Ultegra Di2 R8150, 12 velocidades<br \/>\nSUPORTE INFERIOR<br \/>\nShimano Ultegra R8100 com medidor de pot\u00eancia 4iiiis Precision 3+<br \/>\nDESVIADOR<br \/>\nShimano Ultegra Di2 R8150, aperta o bra\u00e7o<br \/>\nCONTROLOS DE MUDAN\u00c7A DE VELOCIDADE<br \/>\nShimano Ultegra Di2 R8170, disco hidr\u00e1ulico<br \/>\nCADEIA<br \/>\nShimano M8100, 12 velocidades c\/ engate r\u00e1pido<br \/>\nRodas e pneus<br \/>\nC\u00c2MARAS<br \/>\n700&#215;20-28, 48mm Presta Valve<br \/>\nRODA FRONTAL<br \/>\nRoval Alpinist CL II, aro de carbono com 21 mm de largura interna, 33 mm de profundidade, Win Tunnel Engineered, DT para cubo Roval 350, raios Dt Swiss Aerolite, Tubeless Ready<br \/>\nRODA TRASEIRA<br \/>\nRoval Alpinist CL II, aro de carbono com 21 mm de largura interna, 33 mm de profundidade, Win Tunnel Engineered, DT para cubo Roval 350, raios Dt Swiss Aerolite, Tubeless Ready<br \/>\nPNEUS DEL.<br \/>\nS-works Turbo 2BR, 700x28mm<br \/>\nPNEU TRASEIRO<br \/>\nS-works Turbo 2BR, 700x28mm<\/li>\n<\/ul>\n","protected":false},"excerpt":{"rendered":"<p>A gama Aethos oferece uma tripla garantia: peso excecionalmente leve, carater\u00edsticas de manobrabilidade perfeitamente equilibradas, grupo Ultegra Di2 da Shimano para mudan\u00e7as precisas e fi\u00e1veis e rodas Roval Alpinist com cubos Dt Swiss 350.<\/p>\n","protected":false},"featured_media":388843,"comment_status":"open","ping_status":"closed","template":"","meta":{"_acf_changed":false,"_et_pb_use_builder":"","_et_pb_old_content":"","_et_gb_content_width":"","inline_featured_image":false},"product_brand":[],"product_cat":[4353,378,5314,5313,2696],"product_tag":[],"class_list":{"0":"post-427857","1":"product","2":"type-product","3":"status-publish","4":"has-post-thumbnail","6":"product_cat-liquidacion-specialized","7":"product_cat-estrada","8":"product_cat-bicicletas-carretera-carbono-pt-pt","9":"product_cat-bicicletas-carretera-specialized-pt-pt","10":"product_cat-ofertas-especializadas","11":"product_shipping_class-bicicletas-pt-pt","13":"first","14":"instock","15":"sale","16":"taxable","17":"shipping-taxable","18":"purchasable","19":"product-type-variable","20":"wvs-archive-product-wrapper"},"acf":[],"yoast_head":"<!-- This site is optimized with the Yoast SEO Premium plugin v26.7 (Yoast SEO v26.7) - https:\/\/yoast.com\/wordpress\/plugins\/seo\/ -->\n<title>Specialized Aethos Pro - Shimano Ultegra Di2 2025<\/title>\n<meta name=\"description\" content=\"Este modelo est\u00e1 equipado com o grupo Ultegra Di2 da Shimano, que oferece mudan\u00e7as precisas e fi\u00e1veis, e rodas Roval Alpinist com cubos Dt Swiss 350.\" \/>\n<meta name=\"robots\" content=\"index, follow, max-snippet:-1, max-image-preview:large, max-video-preview:-1\" \/>\n<link rel=\"canonical\" href=\"https:\/\/gr-100.com\/pt-pt\/producto\/specialized-aethos-pro-shimano-ultegra-di2-2025\/\" \/>\n<meta property=\"og:locale\" content=\"pt_PT\" \/>\n<meta property=\"og:type\" content=\"article\" \/>\n<meta property=\"og:title\" content=\"Specialized Aethos Pro - Shimano Ultegra Di2 2025\" \/>\n<meta property=\"og:description\" content=\"Este modelo est\u00e1 equipado com o grupo Ultegra Di2 da Shimano, que oferece mudan\u00e7as precisas e fi\u00e1veis, e rodas Roval Alpinist com cubos Dt Swiss 350.\" \/>\n<meta property=\"og:url\" content=\"https:\/\/gr-100.com\/pt-pt\/producto\/specialized-aethos-pro-shimano-ultegra-di2-2025\/\" \/>\n<meta property=\"og:site_name\" content=\"Gr-100 Tienda de ciclismo Specialized\" \/>\n<meta property=\"article:publisher\" content=\"https:\/\/www.facebook.com\/Gr100Bikes\" \/>\n<meta property=\"og:image\" content=\"https:\/\/gr-100.com\/wp-content\/uploads\/2024\/09\/My-project-1-9.jpeg\" \/>\n\t<meta property=\"og:image:width\" content=\"1000\" \/>\n\t<meta property=\"og:image:height\" content=\"1000\" \/>\n\t<meta property=\"og:image:type\" content=\"image\/jpeg\" \/>\n<meta name=\"twitter:card\" content=\"summary_large_image\" \/>\n<meta name=\"twitter:label1\" content=\"Tempo estimado de leitura\" \/>\n\t<meta name=\"twitter:data1\" content=\"3 minutos\" \/>\n<script type=\"application\/ld+json\" class=\"yoast-schema-graph\">{\"@context\":\"https:\/\/schema.org\",\"@graph\":[{\"@type\":\"WebPage\",\"@id\":\"https:\/\/gr-100.com\/pt-pt\/producto\/specialized-aethos-pro-shimano-ultegra-di2-2025\/\",\"url\":\"https:\/\/gr-100.com\/pt-pt\/producto\/specialized-aethos-pro-shimano-ultegra-di2-2025\/\",\"name\":\"Specialized Aethos Pro - Shimano Ultegra Di2 2025\",\"isPartOf\":{\"@id\":\"https:\/\/gr-100.com\/#website\"},\"primaryImageOfPage\":{\"@id\":\"https:\/\/gr-100.com\/pt-pt\/producto\/specialized-aethos-pro-shimano-ultegra-di2-2025\/#primaryimage\"},\"image\":{\"@id\":\"https:\/\/gr-100.com\/pt-pt\/producto\/specialized-aethos-pro-shimano-ultegra-di2-2025\/#primaryimage\"},\"thumbnailUrl\":\"https:\/\/gr-100.com\/wp-content\/uploads\/2024\/09\/My-project-1-9.jpeg\",\"datePublished\":\"2024-09-04T10:36:47+00:00\",\"description\":\"Este modelo est\u00e1 equipado com o grupo Ultegra Di2 da Shimano, que oferece mudan\u00e7as precisas e fi\u00e1veis, e rodas Roval Alpinist com cubos Dt Swiss 350.\",\"breadcrumb\":{\"@id\":\"https:\/\/gr-100.com\/pt-pt\/producto\/specialized-aethos-pro-shimano-ultegra-di2-2025\/#breadcrumb\"},\"inLanguage\":\"pt-PT\",\"potentialAction\":[{\"@type\":\"ReadAction\",\"target\":[\"https:\/\/gr-100.com\/pt-pt\/producto\/specialized-aethos-pro-shimano-ultegra-di2-2025\/\"]}]},{\"@type\":\"ImageObject\",\"inLanguage\":\"pt-PT\",\"@id\":\"https:\/\/gr-100.com\/pt-pt\/producto\/specialized-aethos-pro-shimano-ultegra-di2-2025\/#primaryimage\",\"url\":\"https:\/\/gr-100.com\/wp-content\/uploads\/2024\/09\/My-project-1-9.jpeg\",\"contentUrl\":\"https:\/\/gr-100.com\/wp-content\/uploads\/2024\/09\/My-project-1-9.jpeg\",\"width\":1000,\"height\":1000},{\"@type\":\"BreadcrumbList\",\"@id\":\"https:\/\/gr-100.com\/pt-pt\/producto\/specialized-aethos-pro-shimano-ultegra-di2-2025\/#breadcrumb\",\"itemListElement\":[{\"@type\":\"ListItem\",\"position\":1,\"name\":\"Portada\",\"item\":\"https:\/\/gr-100.com\/en\/\"},{\"@type\":\"ListItem\",\"position\":2,\"name\":\"Productos\",\"item\":\"https:\/\/gr-100.com\/?post_type=product\"},{\"@type\":\"ListItem\",\"position\":3,\"name\":\"Specialized Aethos Pro &#8211; Shimano Ultegra Di2 2025\"}]},{\"@type\":\"WebSite\",\"@id\":\"https:\/\/gr-100.com\/#website\",\"url\":\"https:\/\/gr-100.com\/\",\"name\":\"Gr-100 Tienda de ciclismo Specialized\",\"description\":\"GR-100 tenemos todas las gamas de bicicletas Specialized al mejor precio.\",\"publisher\":{\"@id\":\"https:\/\/gr-100.com\/#organization\"},\"alternateName\":\"Gr-100 Bikes\",\"potentialAction\":[{\"@type\":\"SearchAction\",\"target\":{\"@type\":\"EntryPoint\",\"urlTemplate\":\"https:\/\/gr-100.com\/?s={search_term_string}\"},\"query-input\":{\"@type\":\"PropertyValueSpecification\",\"valueRequired\":true,\"valueName\":\"search_term_string\"}}],\"inLanguage\":\"pt-PT\"},{\"@type\":\"Organization\",\"@id\":\"https:\/\/gr-100.com\/#organization\",\"name\":\"Gr-100\",\"url\":\"https:\/\/gr-100.com\/\",\"logo\":{\"@type\":\"ImageObject\",\"inLanguage\":\"pt-PT\",\"@id\":\"https:\/\/gr-100.com\/#\/schema\/logo\/image\/\",\"url\":\"https:\/\/gr-100.com\/wp-content\/uploads\/2023\/08\/logo-gr-100-bikes.png\",\"contentUrl\":\"https:\/\/gr-100.com\/wp-content\/uploads\/2023\/08\/logo-gr-100-bikes.png\",\"width\":707,\"height\":284,\"caption\":\"Gr-100\"},\"image\":{\"@id\":\"https:\/\/gr-100.com\/#\/schema\/logo\/image\/\"},\"sameAs\":[\"https:\/\/www.facebook.com\/Gr100Bikes\",\"https:\/\/www.instagram.com\/gr100bikes\/\",\"https:\/\/www.tiktok.com\/@gr100bikes\",\"https:\/\/twitter.com\/gr100mtbteam\",\"https:\/\/www.youtube.com\/c\/GR100Specialized\"]}]}<\/script>\n<!-- \/ Yoast SEO Premium plugin. -->","yoast_head_json":{"title":"Specialized Aethos Pro - Shimano Ultegra Di2 2025","description":"Este modelo est\u00e1 equipado com o grupo Ultegra Di2 da Shimano, que oferece mudan\u00e7as precisas e fi\u00e1veis, e rodas Roval Alpinist com cubos Dt Swiss 350.","robots":{"index":"index","follow":"follow","max-snippet":"max-snippet:-1","max-image-preview":"max-image-preview:large","max-video-preview":"max-video-preview:-1"},"canonical":"https:\/\/gr-100.com\/pt-pt\/producto\/specialized-aethos-pro-shimano-ultegra-di2-2025\/","og_locale":"pt_PT","og_type":"article","og_title":"Specialized Aethos Pro - Shimano Ultegra Di2 2025","og_description":"Este modelo est\u00e1 equipado com o grupo Ultegra Di2 da Shimano, que oferece mudan\u00e7as precisas e fi\u00e1veis, e rodas Roval Alpinist com cubos Dt Swiss 350.","og_url":"https:\/\/gr-100.com\/pt-pt\/producto\/specialized-aethos-pro-shimano-ultegra-di2-2025\/","og_site_name":"Gr-100 Tienda de ciclismo Specialized","article_publisher":"https:\/\/www.facebook.com\/Gr100Bikes","og_image":[{"width":1000,"height":1000,"url":"https:\/\/gr-100.com\/wp-content\/uploads\/2024\/09\/My-project-1-9.jpeg","type":"image\/jpeg"}],"twitter_card":"summary_large_image","twitter_misc":{"Tempo estimado de leitura":"3 minutos"},"schema":{"@context":"https:\/\/schema.org","@graph":[{"@type":"WebPage","@id":"https:\/\/gr-100.com\/pt-pt\/producto\/specialized-aethos-pro-shimano-ultegra-di2-2025\/","url":"https:\/\/gr-100.com\/pt-pt\/producto\/specialized-aethos-pro-shimano-ultegra-di2-2025\/","name":"Specialized Aethos Pro - Shimano Ultegra Di2 2025","isPartOf":{"@id":"https:\/\/gr-100.com\/#website"},"primaryImageOfPage":{"@id":"https:\/\/gr-100.com\/pt-pt\/producto\/specialized-aethos-pro-shimano-ultegra-di2-2025\/#primaryimage"},"image":{"@id":"https:\/\/gr-100.com\/pt-pt\/producto\/specialized-aethos-pro-shimano-ultegra-di2-2025\/#primaryimage"},"thumbnailUrl":"https:\/\/gr-100.com\/wp-content\/uploads\/2024\/09\/My-project-1-9.jpeg","datePublished":"2024-09-04T10:36:47+00:00","description":"Este modelo est\u00e1 equipado com o grupo Ultegra Di2 da Shimano, que oferece mudan\u00e7as precisas e fi\u00e1veis, e rodas Roval Alpinist com cubos Dt Swiss 350.","breadcrumb":{"@id":"https:\/\/gr-100.com\/pt-pt\/producto\/specialized-aethos-pro-shimano-ultegra-di2-2025\/#breadcrumb"},"inLanguage":"pt-PT","potentialAction":[{"@type":"ReadAction","target":["https:\/\/gr-100.com\/pt-pt\/producto\/specialized-aethos-pro-shimano-ultegra-di2-2025\/"]}]},{"@type":"ImageObject","inLanguage":"pt-PT","@id":"https:\/\/gr-100.com\/pt-pt\/producto\/specialized-aethos-pro-shimano-ultegra-di2-2025\/#primaryimage","url":"https:\/\/gr-100.com\/wp-content\/uploads\/2024\/09\/My-project-1-9.jpeg","contentUrl":"https:\/\/gr-100.com\/wp-content\/uploads\/2024\/09\/My-project-1-9.jpeg","width":1000,"height":1000},{"@type":"BreadcrumbList","@id":"https:\/\/gr-100.com\/pt-pt\/producto\/specialized-aethos-pro-shimano-ultegra-di2-2025\/#breadcrumb","itemListElement":[{"@type":"ListItem","position":1,"name":"Portada","item":"https:\/\/gr-100.com\/en\/"},{"@type":"ListItem","position":2,"name":"Productos","item":"https:\/\/gr-100.com\/?post_type=product"},{"@type":"ListItem","position":3,"name":"Specialized Aethos Pro &#8211; Shimano Ultegra Di2 2025"}]},{"@type":"WebSite","@id":"https:\/\/gr-100.com\/#website","url":"https:\/\/gr-100.com\/","name":"Gr-100 Tienda de ciclismo Specialized","description":"GR-100 tenemos todas las gamas de bicicletas Specialized al mejor precio.","publisher":{"@id":"https:\/\/gr-100.com\/#organization"},"alternateName":"Gr-100 Bikes","potentialAction":[{"@type":"SearchAction","target":{"@type":"EntryPoint","urlTemplate":"https:\/\/gr-100.com\/?s={search_term_string}"},"query-input":{"@type":"PropertyValueSpecification","valueRequired":true,"valueName":"search_term_string"}}],"inLanguage":"pt-PT"},{"@type":"Organization","@id":"https:\/\/gr-100.com\/#organization","name":"Gr-100","url":"https:\/\/gr-100.com\/","logo":{"@type":"ImageObject","inLanguage":"pt-PT","@id":"https:\/\/gr-100.com\/#\/schema\/logo\/image\/","url":"https:\/\/gr-100.com\/wp-content\/uploads\/2023\/08\/logo-gr-100-bikes.png","contentUrl":"https:\/\/gr-100.com\/wp-content\/uploads\/2023\/08\/logo-gr-100-bikes.png","width":707,"height":284,"caption":"Gr-100"},"image":{"@id":"https:\/\/gr-100.com\/#\/schema\/logo\/image\/"},"sameAs":["https:\/\/www.facebook.com\/Gr100Bikes","https:\/\/www.instagram.com\/gr100bikes\/","https:\/\/www.tiktok.com\/@gr100bikes","https:\/\/twitter.com\/gr100mtbteam","https:\/\/www.youtube.com\/c\/GR100Specialized"]}]}},"_links":{"self":[{"href":"https:\/\/gr-100.com\/pt-pt\/wp-json\/wp\/v2\/product\/427857","targetHints":{"allow":["GET"]}}],"collection":[{"href":"https:\/\/gr-100.com\/pt-pt\/wp-json\/wp\/v2\/product"}],"about":[{"href":"https:\/\/gr-100.com\/pt-pt\/wp-json\/wp\/v2\/types\/product"}],"replies":[{"embeddable":true,"href":"https:\/\/gr-100.com\/pt-pt\/wp-json\/wp\/v2\/comments?post=427857"}],"wp:featuredmedia":[{"embeddable":true,"href":"https:\/\/gr-100.com\/pt-pt\/wp-json\/wp\/v2\/media\/388843"}],"wp:attachment":[{"href":"https:\/\/gr-100.com\/pt-pt\/wp-json\/wp\/v2\/media?parent=427857"}],"wp:term":[{"taxonomy":"product_brand","embeddable":true,"href":"https:\/\/gr-100.com\/pt-pt\/wp-json\/wp\/v2\/product_brand?post=427857"},{"taxonomy":"product_cat","embeddable":true,"href":"https:\/\/gr-100.com\/pt-pt\/wp-json\/wp\/v2\/product_cat?post=427857"},{"taxonomy":"product_tag","embeddable":true,"href":"https:\/\/gr-100.com\/pt-pt\/wp-json\/wp\/v2\/product_tag?post=427857"}],"curies":[{"name":"wp","href":"https:\/\/api.w.org\/{rel}","templated":true}]}}