{"id":427896,"date":"2024-09-03T11:24:59","date_gmt":"2024-09-03T10:24:59","guid":{"rendered":"https:\/\/gr-100.com\/producto\/specialized-s-works-aethos-sram-red-axs-2025\/"},"modified":"2024-09-03T11:24:59","modified_gmt":"2024-09-03T09:24:59","slug":"specialized-s-works-aethos-sram-red-axs-2025","status":"publish","type":"product","link":"https:\/\/gr-100.com\/pt-pt\/producto\/specialized-s-works-aethos-sram-red-axs-2025\/","title":{"rendered":"Specialized S-Works Aethos &#8211; SRAM RED AXS 2025"},"content":{"rendered":"<ul>\n<li>El cuadro de la Aethos se ha dise\u00f1ado para coseguir la combinaci\u00f3n perfecta de sensaci\u00f3n de conducci\u00f3n, ligereza y estilo. La Aethos es perfecta: desde su aceleraci\u00f3n en pendientes pronunciadas y su control en descensos t\u00e9cnicos, hasta las mejor comodidad durante todo el d\u00eda, incluso en las rutas m\u00e1s largas. Pero, \u00bfc\u00f3mo lo hemos hecho? Reinventando la forma tradicional de las bicicletas de carretera, hemos alterado sutilmente las formas de los tubos para ofrecer enormes ganancias en rigidez y equilibrio, todo ello sin afectar al peso ni a la durabilidad. Si a esto le a\u00f1adimos un proceso de laminado completamente nuevo que hemos perfeccionado durante d\u00e9cadas, obtenemos el cuadro m\u00e1s ligero del mercado (585 gramos, S-Works, talla 56cm). La Aethos es m\u00e1s que una nueva bicicleta, es la primera de una nueva clase.     <\/li>\n<li>Un cuadro ligero es in\u00fatil sin caracter\u00edsticas de conducci\u00f3n que inspiren confianza, por lo que hemos desarrollado la Aethos para tener el equilibrio perfecto entre rigidez delantera y trasera combinada con una calidad de conducci\u00f3n excepcional. Al estudiar la flexi\u00f3n y la t\u00e9cnica de la fibra de carbono, pudimos descubrir hallazgos innovadores sobre c\u00f3mo fluyen las fuerzas a trav\u00e9s de los cuadros. Solo unas pedaladas y te dar\u00e1s cuenta de que esta conducci\u00f3n sublime establece un nuevo est\u00e1ndar.  <\/li>\n<li>Cada detalle, desde las punteras de cambio hasta el expansor de la horquilla, se ha dise\u00f1ado teniendo en cuenta el estilo, el peso y la durabilidad. Tambi\u00e9n hemos equipado a la Aethos con la nueva tija de sill\u00edn de carbono Alpinist de Roval, que ahorra a\u00fan m\u00e1s peso y mejora las caracter\u00edsticas de conducci\u00f3n. Todo para lograr la conducci\u00f3n perfecta.  <\/li>\n<\/ul>\n<p>ESPECIFICA\u00c7\u00d5ES<\/p>\n<ul>\n<li><strong>QUADRO<\/strong><br \/>\nS-Works Aethos FACT 12r Carbono, Rider First Engineered\u2122, BB roscado, apenas encaminhamento de cabos electr\u00f3nicos, 12x142mm thru-axle, disco flat-mount<\/li>\n<li><strong>FORQUILHA<\/strong><br \/>\nS-Works FACT Carbon, 12x100mm thru-axle, disco flat-mount<\/li>\n<li><strong>SADDLE<\/strong><br \/>\nS-Works Power com espelho<\/li>\n<li><strong>CARRINHO<\/strong> DE ASSENTO<br \/>\nEspig\u00e3o de selim em carbono Roval Alpinist<\/li>\n<li><strong>STOCK<\/strong><br \/>\nRoval Alpinist, liga, parafusos de tit\u00e2nio, 6 graus de subida<\/li>\n<li><strong>MANIPULADOR<\/strong><br \/>\nS-Works Curto e Raso, 125mm de queda, 75mm de alcance com furo Di2<\/li>\n<li><strong>ABRA\u00c7O. SELIM <\/strong><br \/>\nSpecialized Liga, 30.0mm, parafuso de tit\u00e2nio<\/li>\n<li><strong>FITA FITA<\/strong><br \/>\nSupacaz Super Kush Pegajoso<\/li>\n<li><strong>TRAVA FRONTAL<\/strong><br \/>\nNOVO SRAM RED AXS, disco hidr\u00e1ulico<\/li>\n<li><strong>TRAV\u00c3O TRASEIRO<\/strong><br \/>\nNOVOS SRAM , disco hidr\u00e1ulico<\/li>\n<li><strong>CADEIA<\/strong><br \/>\nNOVA SRAM RED de 12 velocidades<\/li>\n<li><strong>CASETTE<\/strong><br \/>\nNOVA SRAM RED XG-1290, 12 velocidades, 10-33t<\/li>\n<li><strong>SUPORTE<\/strong><br \/>\n INFERIORSRAM DUB BSA 68<\/li>\n<li><strong>REAR DERAILLEUR GEARS<\/strong><br \/>\nNEW SRAM RED AXS, 12-speed<\/li>\n<li><strong>DESVIADOR<\/strong><br \/>\nNOVOS EIXOS SRAM , braze-on<\/li>\n<li><strong>SUPORTE<\/strong><br \/>\n INFERIORNOVO SRAM RED AXS<\/li>\n<li><strong>REAR DERAILLEUR<\/strong><br \/>\nNEW SRAM RED AXS, 12-speed<\/li>\n<li><strong>PRATOS<\/strong><br \/>\n48\/35<\/li>\n<li><strong>C\u00c2MARAS<\/strong><br \/>\n700&#215;20-28, V\u00e1lvula Presta 48mm<\/li>\n<li><strong>RODA TRASEIRA<\/strong><br \/>\nRoval Alpinist CLX, Tubeless, aro de carbono com 21mm de largura interna, 33mm de profundidade, Win Tunnel Engineered, cubo Roval AFD, 21h, raios Dt Swiss Aerolite<\/li>\n<li><strong>RODA TRASEIRA<\/strong><br \/>\nRoval Alpinist CLX, Tubeless, aro de carbono com 21mm de largura interna, 33mm de profundidade, Win Tunnel Engineered, cubo Roval AFD, 24h, raios Dt Swiss Aerolite<\/li>\n<li><strong>DEL. TYRE.<\/strong><br \/>\nS-Works Turbo 2BR, 700x28mm<\/li>\n<li><strong>PNEU TRASEIRO<\/strong><br \/>\nS-Works Turbo 2BR, 700x28mm<\/li>\n<\/ul>\n","protected":false},"excerpt":{"rendered":"<p>Experimenta a Aethos. Claro que nada foi comprometido em termos de desempenho, e acontece que \u00e9 o quadro mais leve do mercado, mas sem comprometer o estilo. <\/p>\n","protected":false},"featured_media":388679,"comment_status":"open","ping_status":"closed","template":"","meta":{"_acf_changed":false,"_et_pb_use_builder":"","_et_pb_old_content":"","_et_gb_content_width":"","inline_featured_image":false},"product_brand":[],"product_cat":[4353,378],"product_tag":[],"class_list":{"0":"post-427896","1":"product","2":"type-product","3":"status-publish","4":"has-post-thumbnail","6":"product_cat-liquidacion-specialized","7":"product_cat-estrada","8":"product_shipping_class-bicicletas-pt-pt","10":"first","11":"outofstock","12":"taxable","13":"shipping-taxable","14":"product-type-variable","15":"wvs-archive-product-wrapper"},"acf":[],"yoast_head":"<!-- This site is optimized with the Yoast SEO Premium plugin v26.7 (Yoast SEO v26.7) - https:\/\/yoast.com\/wordpress\/plugins\/seo\/ -->\n<title>Specialized S-Works Aethos - SRAM RED AXS 2025 Oferta<\/title>\n<meta name=\"description\" content=\"O quadro mais leve do mercado, mas sem comprometer o teu estilo. SRAM RED AXS. Rodas de carbono Roval Alpinist CLX. Guiador S-Works Short &amp; Shallow em carbono.\" \/>\n<meta name=\"robots\" content=\"index, follow, max-snippet:-1, max-image-preview:large, max-video-preview:-1\" \/>\n<link rel=\"canonical\" href=\"https:\/\/gr-100.com\/producto\/specialized-s-works-aethos-sram-red-axs\/\" \/>\n<meta property=\"og:locale\" content=\"pt_PT\" \/>\n<meta property=\"og:type\" content=\"article\" \/>\n<meta property=\"og:title\" content=\"Specialized S-Works Aethos - SRAM RED AXS 2025\" \/>\n<meta property=\"og:description\" content=\"O quadro mais leve do mercado, mas sem comprometer o teu estilo. SRAM RED AXS. Rodas de carbono Roval Alpinist CLX. Guiador S-Works Short &amp; Shallow em carbono.\" \/>\n<meta property=\"og:url\" content=\"https:\/\/gr-100.com\/producto\/specialized-s-works-aethos-sram-red-axs\/\" \/>\n<meta property=\"og:site_name\" content=\"Gr-100 Tienda de ciclismo Specialized\" \/>\n<meta property=\"article:publisher\" content=\"https:\/\/www.facebook.com\/Gr100Bikes\" \/>\n<meta property=\"og:image\" content=\"https:\/\/gr-100.com\/wp-content\/uploads\/2024\/09\/My-project-1-3.jpeg\" \/>\n\t<meta property=\"og:image:width\" content=\"1000\" \/>\n\t<meta property=\"og:image:height\" content=\"1000\" \/>\n\t<meta property=\"og:image:type\" content=\"image\/jpeg\" \/>\n<meta name=\"twitter:card\" content=\"summary_large_image\" \/>\n<meta name=\"twitter:label1\" content=\"Tempo estimado de leitura\" \/>\n\t<meta name=\"twitter:data1\" content=\"3 minutos\" \/>\n<script type=\"application\/ld+json\" class=\"yoast-schema-graph\">{\"@context\":\"https:\/\/schema.org\",\"@graph\":[{\"@type\":\"WebPage\",\"@id\":\"https:\/\/gr-100.com\/producto\/specialized-s-works-aethos-sram-red-axs\/\",\"url\":\"https:\/\/gr-100.com\/producto\/specialized-s-works-aethos-sram-red-axs\/\",\"name\":\"Specialized S-Works Aethos - SRAM RED AXS 2025 Oferta\",\"isPartOf\":{\"@id\":\"https:\/\/gr-100.com\/#website\"},\"primaryImageOfPage\":{\"@id\":\"https:\/\/gr-100.com\/producto\/specialized-s-works-aethos-sram-red-axs\/#primaryimage\"},\"image\":{\"@id\":\"https:\/\/gr-100.com\/producto\/specialized-s-works-aethos-sram-red-axs\/#primaryimage\"},\"thumbnailUrl\":\"https:\/\/gr-100.com\/wp-content\/uploads\/2024\/09\/My-project-1-3.jpeg\",\"datePublished\":\"2024-09-03T10:24:59+00:00\",\"description\":\"O quadro mais leve do mercado, mas sem comprometer o teu estilo. SRAM RED AXS. Rodas de carbono Roval Alpinist CLX. Guiador S-Works Short & Shallow em carbono.\",\"breadcrumb\":{\"@id\":\"https:\/\/gr-100.com\/producto\/specialized-s-works-aethos-sram-red-axs\/#breadcrumb\"},\"inLanguage\":\"pt-PT\",\"potentialAction\":[{\"@type\":\"ReadAction\",\"target\":[\"https:\/\/gr-100.com\/producto\/specialized-s-works-aethos-sram-red-axs\/\"]}]},{\"@type\":\"ImageObject\",\"inLanguage\":\"pt-PT\",\"@id\":\"https:\/\/gr-100.com\/producto\/specialized-s-works-aethos-sram-red-axs\/#primaryimage\",\"url\":\"https:\/\/gr-100.com\/wp-content\/uploads\/2024\/09\/My-project-1-3.jpeg\",\"contentUrl\":\"https:\/\/gr-100.com\/wp-content\/uploads\/2024\/09\/My-project-1-3.jpeg\",\"width\":1000,\"height\":1000},{\"@type\":\"BreadcrumbList\",\"@id\":\"https:\/\/gr-100.com\/producto\/specialized-s-works-aethos-sram-red-axs\/#breadcrumb\",\"itemListElement\":[{\"@type\":\"ListItem\",\"position\":1,\"name\":\"Portada\",\"item\":\"https:\/\/gr-100.com\/en\/\"},{\"@type\":\"ListItem\",\"position\":2,\"name\":\"Productos\",\"item\":\"https:\/\/gr-100.com\/?post_type=product\"},{\"@type\":\"ListItem\",\"position\":3,\"name\":\"Specialized S-Works Aethos &#8211; SRAM RED AXS 2025\"}]},{\"@type\":\"WebSite\",\"@id\":\"https:\/\/gr-100.com\/#website\",\"url\":\"https:\/\/gr-100.com\/\",\"name\":\"Gr-100 Tienda de ciclismo Specialized\",\"description\":\"GR-100 tenemos todas las gamas de bicicletas Specialized al mejor precio.\",\"publisher\":{\"@id\":\"https:\/\/gr-100.com\/#organization\"},\"alternateName\":\"Gr-100 Bikes\",\"potentialAction\":[{\"@type\":\"SearchAction\",\"target\":{\"@type\":\"EntryPoint\",\"urlTemplate\":\"https:\/\/gr-100.com\/?s={search_term_string}\"},\"query-input\":{\"@type\":\"PropertyValueSpecification\",\"valueRequired\":true,\"valueName\":\"search_term_string\"}}],\"inLanguage\":\"pt-PT\"},{\"@type\":\"Organization\",\"@id\":\"https:\/\/gr-100.com\/#organization\",\"name\":\"Gr-100\",\"url\":\"https:\/\/gr-100.com\/\",\"logo\":{\"@type\":\"ImageObject\",\"inLanguage\":\"pt-PT\",\"@id\":\"https:\/\/gr-100.com\/#\/schema\/logo\/image\/\",\"url\":\"https:\/\/gr-100.com\/wp-content\/uploads\/2023\/08\/logo-gr-100-bikes.png\",\"contentUrl\":\"https:\/\/gr-100.com\/wp-content\/uploads\/2023\/08\/logo-gr-100-bikes.png\",\"width\":707,\"height\":284,\"caption\":\"Gr-100\"},\"image\":{\"@id\":\"https:\/\/gr-100.com\/#\/schema\/logo\/image\/\"},\"sameAs\":[\"https:\/\/www.facebook.com\/Gr100Bikes\",\"https:\/\/www.instagram.com\/gr100bikes\/\",\"https:\/\/www.tiktok.com\/@gr100bikes\",\"https:\/\/twitter.com\/gr100mtbteam\",\"https:\/\/www.youtube.com\/c\/GR100Specialized\"]}]}<\/script>\n<!-- \/ Yoast SEO Premium plugin. -->","yoast_head_json":{"title":"Specialized S-Works Aethos - SRAM RED AXS 2025 Oferta","description":"O quadro mais leve do mercado, mas sem comprometer o teu estilo. SRAM RED AXS. Rodas de carbono Roval Alpinist CLX. Guiador S-Works Short & Shallow em carbono.","robots":{"index":"index","follow":"follow","max-snippet":"max-snippet:-1","max-image-preview":"max-image-preview:large","max-video-preview":"max-video-preview:-1"},"canonical":"https:\/\/gr-100.com\/producto\/specialized-s-works-aethos-sram-red-axs\/","og_locale":"pt_PT","og_type":"article","og_title":"Specialized S-Works Aethos - SRAM RED AXS 2025","og_description":"O quadro mais leve do mercado, mas sem comprometer o teu estilo. SRAM RED AXS. Rodas de carbono Roval Alpinist CLX. Guiador S-Works Short & Shallow em carbono.","og_url":"https:\/\/gr-100.com\/producto\/specialized-s-works-aethos-sram-red-axs\/","og_site_name":"Gr-100 Tienda de ciclismo Specialized","article_publisher":"https:\/\/www.facebook.com\/Gr100Bikes","og_image":[{"width":1000,"height":1000,"url":"https:\/\/gr-100.com\/wp-content\/uploads\/2024\/09\/My-project-1-3.jpeg","type":"image\/jpeg"}],"twitter_card":"summary_large_image","twitter_misc":{"Tempo estimado de leitura":"3 minutos"},"schema":{"@context":"https:\/\/schema.org","@graph":[{"@type":"WebPage","@id":"https:\/\/gr-100.com\/producto\/specialized-s-works-aethos-sram-red-axs\/","url":"https:\/\/gr-100.com\/producto\/specialized-s-works-aethos-sram-red-axs\/","name":"Specialized S-Works Aethos - SRAM RED AXS 2025 Oferta","isPartOf":{"@id":"https:\/\/gr-100.com\/#website"},"primaryImageOfPage":{"@id":"https:\/\/gr-100.com\/producto\/specialized-s-works-aethos-sram-red-axs\/#primaryimage"},"image":{"@id":"https:\/\/gr-100.com\/producto\/specialized-s-works-aethos-sram-red-axs\/#primaryimage"},"thumbnailUrl":"https:\/\/gr-100.com\/wp-content\/uploads\/2024\/09\/My-project-1-3.jpeg","datePublished":"2024-09-03T10:24:59+00:00","description":"O quadro mais leve do mercado, mas sem comprometer o teu estilo. SRAM RED AXS. Rodas de carbono Roval Alpinist CLX. Guiador S-Works Short & Shallow em carbono.","breadcrumb":{"@id":"https:\/\/gr-100.com\/producto\/specialized-s-works-aethos-sram-red-axs\/#breadcrumb"},"inLanguage":"pt-PT","potentialAction":[{"@type":"ReadAction","target":["https:\/\/gr-100.com\/producto\/specialized-s-works-aethos-sram-red-axs\/"]}]},{"@type":"ImageObject","inLanguage":"pt-PT","@id":"https:\/\/gr-100.com\/producto\/specialized-s-works-aethos-sram-red-axs\/#primaryimage","url":"https:\/\/gr-100.com\/wp-content\/uploads\/2024\/09\/My-project-1-3.jpeg","contentUrl":"https:\/\/gr-100.com\/wp-content\/uploads\/2024\/09\/My-project-1-3.jpeg","width":1000,"height":1000},{"@type":"BreadcrumbList","@id":"https:\/\/gr-100.com\/producto\/specialized-s-works-aethos-sram-red-axs\/#breadcrumb","itemListElement":[{"@type":"ListItem","position":1,"name":"Portada","item":"https:\/\/gr-100.com\/en\/"},{"@type":"ListItem","position":2,"name":"Productos","item":"https:\/\/gr-100.com\/?post_type=product"},{"@type":"ListItem","position":3,"name":"Specialized S-Works Aethos &#8211; SRAM RED AXS 2025"}]},{"@type":"WebSite","@id":"https:\/\/gr-100.com\/#website","url":"https:\/\/gr-100.com\/","name":"Gr-100 Tienda de ciclismo Specialized","description":"GR-100 tenemos todas las gamas de bicicletas Specialized al mejor precio.","publisher":{"@id":"https:\/\/gr-100.com\/#organization"},"alternateName":"Gr-100 Bikes","potentialAction":[{"@type":"SearchAction","target":{"@type":"EntryPoint","urlTemplate":"https:\/\/gr-100.com\/?s={search_term_string}"},"query-input":{"@type":"PropertyValueSpecification","valueRequired":true,"valueName":"search_term_string"}}],"inLanguage":"pt-PT"},{"@type":"Organization","@id":"https:\/\/gr-100.com\/#organization","name":"Gr-100","url":"https:\/\/gr-100.com\/","logo":{"@type":"ImageObject","inLanguage":"pt-PT","@id":"https:\/\/gr-100.com\/#\/schema\/logo\/image\/","url":"https:\/\/gr-100.com\/wp-content\/uploads\/2023\/08\/logo-gr-100-bikes.png","contentUrl":"https:\/\/gr-100.com\/wp-content\/uploads\/2023\/08\/logo-gr-100-bikes.png","width":707,"height":284,"caption":"Gr-100"},"image":{"@id":"https:\/\/gr-100.com\/#\/schema\/logo\/image\/"},"sameAs":["https:\/\/www.facebook.com\/Gr100Bikes","https:\/\/www.instagram.com\/gr100bikes\/","https:\/\/www.tiktok.com\/@gr100bikes","https:\/\/twitter.com\/gr100mtbteam","https:\/\/www.youtube.com\/c\/GR100Specialized"]}]}},"_links":{"self":[{"href":"https:\/\/gr-100.com\/pt-pt\/wp-json\/wp\/v2\/product\/427896","targetHints":{"allow":["GET"]}}],"collection":[{"href":"https:\/\/gr-100.com\/pt-pt\/wp-json\/wp\/v2\/product"}],"about":[{"href":"https:\/\/gr-100.com\/pt-pt\/wp-json\/wp\/v2\/types\/product"}],"replies":[{"embeddable":true,"href":"https:\/\/gr-100.com\/pt-pt\/wp-json\/wp\/v2\/comments?post=427896"}],"wp:featuredmedia":[{"embeddable":true,"href":"https:\/\/gr-100.com\/pt-pt\/wp-json\/wp\/v2\/media\/388679"}],"wp:attachment":[{"href":"https:\/\/gr-100.com\/pt-pt\/wp-json\/wp\/v2\/media?parent=427896"}],"wp:term":[{"taxonomy":"product_brand","embeddable":true,"href":"https:\/\/gr-100.com\/pt-pt\/wp-json\/wp\/v2\/product_brand?post=427896"},{"taxonomy":"product_cat","embeddable":true,"href":"https:\/\/gr-100.com\/pt-pt\/wp-json\/wp\/v2\/product_cat?post=427896"},{"taxonomy":"product_tag","embeddable":true,"href":"https:\/\/gr-100.com\/pt-pt\/wp-json\/wp\/v2\/product_tag?post=427896"}],"curies":[{"name":"wp","href":"https:\/\/api.w.org\/{rel}","templated":true}]}}